{"id":41311,"date":"2024-05-21T09:34:11","date_gmt":"2024-05-21T09:34:11","guid":{"rendered":"https:\/\/place-add.nl\/privacyverklaring\/"},"modified":"2024-10-24T11:54:13","modified_gmt":"2024-10-24T11:54:13","slug":"datenschutzerklaerung","status":"publish","type":"page","link":"https:\/\/place-add.nl\/de\/datenschutzerklaerung\/","title":{"rendered":"Datenschutzerkl\u00e4rung"},"content":{"rendered":"\t\t<div data-elementor-type=\"wp-page\" data-elementor-id=\"41311\" class=\"elementor elementor-41311 elementor-24771\" data-elementor-post-type=\"page\">\n\t\t\t\t<div class=\"elementor-element elementor-element-52a7a7c e-flex e-con-boxed e-con e-parent\" data-id=\"52a7a7c\" data-element_type=\"container\" data-settings=\"{&quot;background_background&quot;:&quot;classic&quot;}\">\n\t\t\t\t\t<div class=\"e-con-inner\">\n\t\t<div class=\"elementor-element elementor-element-53d845a e-con-full e-flex e-con e-child\" data-id=\"53d845a\" data-element_type=\"container\">\n\t\t\t\t<div class=\"elementor-element elementor-element-e2c913c animated-fast elementor-invisible elementor-widget elementor-widget-elementskit-heading\" data-id=\"e2c913c\" data-element_type=\"widget\" data-settings=\"{&quot;_animation&quot;:&quot;fadeIn&quot;,&quot;_animation_delay&quot;:100,&quot;ekit_we_effect_on&quot;:&quot;css&quot;}\" data-widget_type=\"elementskit-heading.default\">\n\t\t\t\t<div class=\"elementor-widget-container\">\n\t\t\t\t\t<div class=\"ekit-wid-con\" ><div class=\"ekit-heading elementskit-section-title-wraper text_left   ekit_heading_tablet-   ekit_heading_mobile-text_left\"><h6 class=\"elementskit-section-subtitle  \">\n\t\t\t\t\t\tPlace Add\n\t\t\t\t\t<\/h6><h1 class=\"ekit-heading--title elementskit-section-title \">Datenschutzerkl\u00e4rung<\/h1><\/div><\/div>\t\t\t\t<\/div>\n\t\t\t\t<\/div>\n\t\t\t\t<div class=\"elementor-element elementor-element-ce28ca2 elementor-widget elementor-widget-text-editor\" data-id=\"ce28ca2\" data-element_type=\"widget\" data-settings=\"{&quot;ekit_we_effect_on&quot;:&quot;none&quot;}\" data-widget_type=\"text-editor.default\">\n\t\t\t\t<div class=\"elementor-widget-container\">\n\t\t\t\t\t\t\t\t\t<h5>Erkl\u00e4rung zum Datenschutz<\/h5><p>Datenschutzerkl\u00e4rung in \u00dcbereinstimmung mit der Allgemeinen Datenschutzverordnung<br \/>Place Add B.V. mit Sitz in der Peter Gielenstraat 83, 6217 GK in Maastricht, Niederlande, ist verantwortlich f\u00fcr die Verarbeitung personenbezogener Daten, wie in dieser Datenschutzerkl\u00e4rung beschrieben.<\/p><h5>Kontakt und Unternehmensdaten<\/h5><p>Place Add B.V.<br \/>Peter Gielenstraat 83<br \/>6217 GK Maastricht NL<br \/>Tel. +31(0)43 325 92 32<br \/>E. info@place-add.nl<br \/>I. http:\/\/www.place-add.nl<br \/>Handelskammer: 140.54.790<br \/>VAT NL820.314.109B01<\/p><p>Der Datenschutzbeauftragte* von Place Add B.V. ist:<br \/>Herr P. Jeurissen, erreichbar unter info@place-add.nl und\/oder +31(0)43 325 92 32.<br \/>*Der Datenschutzbeauftragte von Place Add B.V. ist kein (obligatorischer) Datenschutzbeauftragter (FG) im Sinne des AVG und daher nicht bei der Beh\u00f6rde registriert.<br \/>personenbezogenen Daten (AP).<br \/>Die Arbeitsweise richtet sich jedoch nach den Leitlinien f\u00fcr Datenschutzbeauftragte (DSB)\u201c in Br\u00fcssel vom 13. Dezember 2016 zuletzt \u00fcberarbeitet und genehmigt am 5. April 2017.<\/p><h5>Pers\u00f6nliche Daten, die wir verarbeiten<\/h5><p>Place Add B.V. verarbeitet Ihre personenbezogenen Daten, weil Sie unsere Dienste nutzen und\/oder weil Sie sie uns selbst zur Verf\u00fcgung stellen.<br \/>Nachstehend finden Sie eine \u00dcbersicht \u00fcber die personenbezogenen Daten, die wir verarbeiten:<\/p><p>Vor- und Nachname<br \/>Geschlecht<br \/>Funktion<br \/>Gesch\u00e4ftsadresse<br \/>Telefonnummer gesch\u00e4ftlich \/ Handynummer<br \/>E-Mail Adresse<\/p><p>Sonstige personenbezogene Daten, die Sie uns aktiv oder unaufgefordert zur Verf\u00fcgung stellen, z. B. indem Sie sie auf unserer Website, in der Korrespondenz (einschlie\u00dflich des elektronischen Datenverkehrs) und per Telefon hinterlassen.<br \/>Bankverbindung des Unternehmens<br \/>Umsatzsteueridentifikationsnummer Unternehmen*.<br \/>(*Bei der Unternehmensform eines Einzelunternehmens besteht diese teilweise aus Ihrer B\u00fcrgerservicenummer (BSN), mit der sie somit bekannt ist).<\/p><h5>Besondere und\/oder sensible personenbezogene Daten, die wir verarbeiten<\/h5><p>Unsere Website\/Dienstleistung\/Unternehmen beabsichtigt nicht, Daten von Personen\/Website-Besuchern zu sammeln, die unter 16 Jahre alt sind. Angesichts des ausschlie\u00dflich unternehmerischen und Business-to-Business (B2B) Charakters\/Zwecks unserer Website\/Dienstleistung\/Unternehmens ist dies auch nicht offensichtlich. Wir k\u00f6nnen jedoch nicht \u00fcberpr\u00fcfen, ob ein Besucher \u00e4lter als 16 Jahre ist. Wir raten daher Eltern\/Erziehungsberechtigten, die Online-Aktivit\u00e4ten ihrer Kinder oder derjenigen, die unter ihrer Verantwortung stehen, zu \u00fcberwachen. Damit soll vermieden werden, dass Daten \u00fcber Kinder ohne die Zustimmung der Eltern gesammelt werden. Wenn Sie davon \u00fcberzeugt sind, dass wir personenbezogene Daten \u00fcber einen Minderj\u00e4hrigen ohne eine solche Zustimmung gesammelt haben, wenden Sie sich bitte an info@place-add.nl, damit wir die Daten \u00e4ndern k\u00f6nnen.<\/p><p>Zu welchem Zweck und auf welcher Grundlage wir personenbezogene Daten verarbeiten<br \/>Place Add B.V. verarbeitet Ihre personenbezogenen Daten f\u00fcr die folgenden Zwecke:<\/p><h5>Zusendung von angeforderten Produktinformationen<\/h5><p>Zusendung von Kostenvoranschl\u00e4gen und Angeboten an Sie<br \/>Zusendung unseres Newsletters und\/oder von Werbung<br \/>Sie anzurufen und\/oder per E-Mail zu kontaktieren, wenn dies f\u00fcr die Ausf\u00fchrung unserer Dienstleistungen erforderlich ist.<br \/>Um Sie \u00fcber \u00c4nderungen in Bezug auf unsere Dienstleistungen, Produkte oder Gesch\u00e4ftsbedingungen zu informieren<br \/>Zur Lieferung von Waren und Dienstleistungen an Sie<br \/>Um Zahlungen zu verarbeiten<br \/>Wir verarbeiten personenbezogene Daten auch, um gesetzlichen Verpflichtungen nachzukommen.<br \/>Automatisierte Entscheidungsfindung<br \/>Place Add B.V. trifft keine Entscheidungen \u00fcber Angelegenheiten, die Einzelpersonen (erheblich) beeintr\u00e4chtigen k\u00f6nnten, auf der Grundlage einer automatisierten Verarbeitung. Das bedeutet, dass keine Entscheidungen von Computerprogrammen oder -systemen ohne den Einfluss eines Menschen (lies Mitarbeiter Place Add B.V.) getroffen werden.<\/p><h5>Wie lange wir pers\u00f6nliche Daten speichern<\/h5><p>In jedem Fall bewahrt Place Add B.V. personenbezogene Daten nie l\u00e4nger auf als unbedingt notwendig. Die Aufbewahrungsfrist ist nicht standardm\u00e4\u00dfig festgelegt. In jedem Fall werden personenbezogene Daten so lange aufbewahrt, wie eine eindeutige Lieferanten-Kunden-Beziehung besteht. Dies gilt auch f\u00fcr die Beziehung zu Kunden, die nur ganz zuf\u00e4llig (Nach-)Bestellungen aufgeben oder Informationen anfordern.<\/p><h5>Weitergabe pers\u00f6nlicher Daten an Dritte<\/h5><p>Place Add B.V. verkauft Ihre Daten nicht an Dritte. Personenbezogene Daten werden nur dann an Dritte weitergegeben, wenn dies f\u00fcr die Ausf\u00fchrung unseres Vertrages\/unserer Dienstleistung erforderlich ist oder wenn wir gesetzlich dazu verpflichtet sind. Wir schlie\u00dfen einen Verarbeitungsvertrag mit Unternehmen ab, die Ihre Daten in unserem Auftrag verarbeiten, um das gleiche Ma\u00df an Sicherheit und Vertraulichkeit in Bezug auf Ihre Daten zu gew\u00e4hrleisten. Place Add B.V. beh\u00e4lt hiermit die (Haupt-)Verantwortung f\u00fcr die Verarbeitung.<br \/>Cookies oder \u00e4hnliche Techniken, die wir verwenden<\/p><p>Place Add B.V. verwendet funktionale, analytische und Tracking-Cookies. Ein Cookie ist eine kleine Textdatei, die im Browser Ihres Computers, Tablets oder Smartphones gespeichert wird, wenn Sie diese Website zum ersten Mal besuchen. Place Add B.V. verwendet Cookies mit einer rein technischen Funktionalit\u00e4t. Diese sorgen daf\u00fcr, dass die Website ordnungsgem\u00e4\u00df funktioniert und dass zum Beispiel Ihre Pr\u00e4ferenzen gespeichert werden. Diese Cookies werden auch verwendet, damit die Website richtig funktioniert und um sie zu optimieren. Au\u00dferdem platzieren wir Cookies, die Ihr Surfverhalten verfolgen, damit wir Ihnen ma\u00dfgeschneiderte Inhalte und Werbung anbieten k\u00f6nnen. Bei Ihrem ersten Besuch auf unserer Website haben wir Sie bereits \u00fcber diese Cookies informiert und um Ihr Einverst\u00e4ndnis gebeten, sie zu setzen. Sie k\u00f6nnen die Verwendung von Cookies ablehnen, indem Sie Ihren Internet-Browser so einstellen, dass keine Cookies mehr gespeichert werden. Dar\u00fcber hinaus k\u00f6nnen Sie \u00fcber die Einstellungen Ihres Browsers alle zuvor gespeicherten Informationen l\u00f6schen.<\/p><h5>F\u00fcr eine Erl\u00e4uterung siehe:<\/h5><p><a href=\"https:\/\/veiliginternetten.nl\/thema\/privacy\/cookies-wat-zijn-het-en-wat-doe-ik-ermee\/\" target=\"_blank\" rel=\"noopener\">https:\/\/veiliginternetten.nl\/themes\/situatie\/cookies-wat-zijn-het-en-wat-doe-ik-ermee\/<\/a>.<\/p><p>F\u00fcr weitere Informationen \u00fcber Place Add B.V. und unsere Cookies besuchen Sie bitte:<br \/><a href=\"\/de\/haftungsausschluss\/\">https:\/\/www.place-add.nl\/cookie-informatie<\/a>\/.<\/p><h5>Einsichtnahme, Berichtigung oder L\u00f6schung von Daten<\/h5><p>Sie haben das Recht, Ihre pers\u00f6nlichen Daten einzusehen, zu korrigieren oder zu l\u00f6schen (oder l\u00f6schen zu lassen). Sie haben auch das Recht, Ihre eventuelle Zustimmung zur Datenverarbeitung zur\u00fcckzuziehen oder der Verarbeitung Ihrer pers\u00f6nlichen Daten durch Place Add B.V. zu widersprechen, und Sie haben das Recht auf Daten\u00fcbertragbarkeit. Das bedeutet, dass Sie von uns verlangen k\u00f6nnen, dass wir die personenbezogenen Daten, die wir \u00fcber Sie in einer Computerdatei gespeichert haben, an Sie oder eine andere von Ihnen benannte Organisation senden. Sie k\u00f6nnen einen Antrag auf Einsichtnahme, Berichtigung, L\u00f6schung oder \u00dcbertragung Ihrer personenbezogenen Daten oder einen Antrag auf Widerruf Ihrer Einwilligung oder Widerspruch gegen die Verarbeitung Ihrer personenbezogenen Daten an den Datenschutzbeauftragten* Place Add B.V. unter info@place-add.nl richten. Um sicherzustellen, dass der Antrag auf Einsichtnahme von der berechtigten Partei gestellt wird, bitten wir Sie, dem Antrag eine Kopie Ihres Identit\u00e4tsnachweises beizuf\u00fcgen. Machen Sie auf dieser Kopie Ihr Passfoto, die MRZ (maschinenlesbare Zone, das ist der Zahlenstreifen unten im Pass), die Passnummer und die B\u00fcrgerdienstnummer (BSN) schwarz\/unlesbar. Dies dient dem Schutz Ihrer Privatsph\u00e4re. Wir werden Ihren Antrag so schnell wie m\u00f6glich, sp\u00e4testens jedoch innerhalb von 4 Wochen beantworten.<\/p><p>Wir m\u00f6chten Sie auch darauf hinweisen, dass Sie die M\u00f6glichkeit haben, eine Beschwerde bei der nationalen Aufsichtsbeh\u00f6rde, der Beh\u00f6rde f\u00fcr personenbezogene Daten, einzureichen. Sie k\u00f6nnen dies \u00fcber den folgenden Link tun, wenn Sie der Meinung sind, dass Place Add B.V. nicht ordnungsgem\u00e4\u00df und\/oder angemessen mit Ihren Anfragen kooperiert.<br \/><a href=\"https:\/\/autoriteitpersoonsgegevens.nl\/contact\" target=\"_blank\" rel=\"noopener\">https:\/\/autoriteitpersoonsgegevens.nl\/nl\/contact-met-de-autoriteit-persoonsgegevens\/tip<\/a><\/p><h5>Wie wir pers\u00f6nliche Daten sch\u00fctzen<\/h5><p>Place Add B.V. nimmt den Schutz Ihrer Daten ernst und ergreift geeignete Ma\u00dfnahmen, um Missbrauch, Verlust, unbefugten Zugriff, unerw\u00fcnschte Offenlegung und unbefugte \u00c4nderung zu verhindern. Sollten Sie wider Erwarten den Eindruck haben, dass Ihre Daten nicht ordnungsgem\u00e4\u00df gesichert sind oder dass es Anzeichen f\u00fcr einen Missbrauch gibt, wenden Sie sich bitte an unseren Datenschutzbeauftragten* unter info@place-add.nl.<\/p>\t\t\t\t\t\t\t\t<\/div>\n\t\t\t\t<\/div>\n\t\t\t\t<\/div>\n\t\t\t\t\t<\/div>\n\t\t\t\t<\/div>\n\t\t\t\t<\/div>\n\t\t","protected":false},"excerpt":{"rendered":"<p>Place Add Datenschutzerkl\u00e4rung Erkl\u00e4rung zum Datenschutz Datenschutzerkl\u00e4rung in \u00dcbereinstimmung mit der Allgemeinen DatenschutzverordnungPlace Add B.V. mit Sitz in der Peter Gielenstraat 83, 6217 GK in Maastricht, Niederlande, ist verantwortlich f\u00fcr die Verarbeitung personenbezogener Daten, wie in dieser Datenschutzerkl\u00e4rung beschrieben. Kontakt und Unternehmensdaten Place Add B.V.Peter Gielenstraat 836217 GK Maastricht NLTel. +31(0)43 325 92 32E. info@place-add.nlI. [&hellip;]<\/p>\n","protected":false},"author":2,"featured_media":0,"parent":0,"menu_order":0,"comment_status":"closed","ping_status":"closed","template":"","meta":{"footnotes":""},"class_list":["post-41311","page","type-page","status-publish","hentry"],"yoast_head":"<!-- This site is optimized with the Yoast SEO Premium plugin v27.2 (Yoast SEO v27.2) - https:\/\/yoast.com\/product\/yoast-seo-premium-wordpress\/ -->\n<title>Datenschutzerkl\u00e4rung | Place Add | Tischdekorationen f\u00fcr die Gastronomie<\/title>\n<meta name=\"robots\" content=\"index, follow, max-snippet:-1, max-image-preview:large, max-video-preview:-1\" \/>\n<link rel=\"canonical\" href=\"https:\/\/place-add.nl\/de\/datenschutzerklaerung\/\" \/>\n<meta property=\"og:locale\" content=\"de_DE\" \/>\n<meta property=\"og:type\" content=\"article\" \/>\n<meta property=\"og:title\" content=\"Datenschutzerkl\u00e4rung\" \/>\n<meta property=\"og:description\" content=\"Place Add Datenschutzerkl\u00e4rung Erkl\u00e4rung zum Datenschutz Datenschutzerkl\u00e4rung in \u00dcbereinstimmung mit der Allgemeinen DatenschutzverordnungPlace Add B.V. mit Sitz in der Peter Gielenstraat 83, 6217 GK in Maastricht, Niederlande, ist verantwortlich f\u00fcr die Verarbeitung personenbezogener Daten, wie in dieser Datenschutzerkl\u00e4rung beschrieben. Kontakt und Unternehmensdaten Place Add B.V.Peter Gielenstraat 836217 GK Maastricht NLTel. +31(0)43 325 92 32E. info@place-add.nlI. [&hellip;]\" \/>\n<meta property=\"og:url\" content=\"https:\/\/place-add.nl\/de\/datenschutzerklaerung\/\" \/>\n<meta property=\"og:site_name\" content=\"Place Add\" \/>\n<meta property=\"article:publisher\" content=\"https:\/\/www.facebook.com\/PlaceAdd\/\" \/>\n<meta property=\"article:modified_time\" content=\"2024-10-24T11:54:13+00:00\" \/>\n<meta property=\"og:image\" content=\"https:\/\/place-add.nl\/wp-content\/uploads\/2024\/05\/place-add-inspiratie-img-15.jpeg\" \/>\n\t<meta property=\"og:image:width\" content=\"640\" \/>\n\t<meta property=\"og:image:height\" content=\"397\" \/>\n\t<meta property=\"og:image:type\" content=\"image\/jpeg\" \/>\n<meta name=\"twitter:card\" content=\"summary_large_image\" \/>\n<meta name=\"twitter:label1\" content=\"Gesch\u00e4tzte Lesezeit\" \/>\n\t<meta name=\"twitter:data1\" content=\"7\u00a0Minuten\" \/>\n<script type=\"application\/ld+json\" class=\"yoast-schema-graph\">{\"@context\":\"https:\/\/schema.org\",\"@graph\":[{\"@type\":\"WebPage\",\"@id\":\"https:\/\/place-add.nl\/de\/datenschutzerklaerung\/\",\"url\":\"https:\/\/place-add.nl\/de\/datenschutzerklaerung\/\",\"name\":\"Datenschutzerkl\u00e4rung | Place Add | Tischdekorationen f\u00fcr die Gastronomie\",\"isPartOf\":{\"@id\":\"https:\/\/place-add.nl\/de\/#website\"},\"datePublished\":\"2024-05-21T09:34:11+00:00\",\"dateModified\":\"2024-10-24T11:54:13+00:00\",\"breadcrumb\":{\"@id\":\"https:\/\/place-add.nl\/de\/datenschutzerklaerung\/#breadcrumb\"},\"inLanguage\":\"de\",\"potentialAction\":[{\"@type\":\"ReadAction\",\"target\":[\"https:\/\/place-add.nl\/de\/datenschutzerklaerung\/\"]}]},{\"@type\":\"BreadcrumbList\",\"@id\":\"https:\/\/place-add.nl\/de\/datenschutzerklaerung\/#breadcrumb\",\"itemListElement\":[{\"@type\":\"ListItem\",\"position\":1,\"name\":\"Home\",\"item\":\"https:\/\/place-add.nl\/de\/home\/\"},{\"@type\":\"ListItem\",\"position\":2,\"name\":\"Datenschutzerkl\u00e4rung\"}]},{\"@type\":\"WebSite\",\"@id\":\"https:\/\/place-add.nl\/de\/#website\",\"url\":\"https:\/\/place-add.nl\/de\/\",\"name\":\"Place Add\",\"description\":\"Tafelkleding voor de horeca\",\"publisher\":{\"@id\":\"https:\/\/place-add.nl\/de\/#organization\"},\"potentialAction\":[{\"@type\":\"SearchAction\",\"target\":{\"@type\":\"EntryPoint\",\"urlTemplate\":\"https:\/\/place-add.nl\/de\/?s={search_term_string}\"},\"query-input\":{\"@type\":\"PropertyValueSpecification\",\"valueRequired\":true,\"valueName\":\"search_term_string\"}}],\"inLanguage\":\"de\"},{\"@type\":\"Organization\",\"@id\":\"https:\/\/place-add.nl\/de\/#organization\",\"name\":\"Place Add\",\"url\":\"https:\/\/place-add.nl\/de\/\",\"logo\":{\"@type\":\"ImageObject\",\"inLanguage\":\"de\",\"@id\":\"https:\/\/place-add.nl\/de\/#\/schema\/logo\/image\/\",\"url\":\"https:\/\/place-add.nl\/wp-content\/uploads\/2023\/11\/logo-img-place-add.png\",\"contentUrl\":\"https:\/\/place-add.nl\/wp-content\/uploads\/2023\/11\/logo-img-place-add.png\",\"width\":404,\"height\":106,\"caption\":\"Place Add\"},\"image\":{\"@id\":\"https:\/\/place-add.nl\/de\/#\/schema\/logo\/image\/\"},\"sameAs\":[\"https:\/\/www.facebook.com\/PlaceAdd\/\",\"https:\/\/www.instagram.com\/place_add\/\",\"https:\/\/www.youtube.com\/@placeadd\"]}]}<\/script>\n<!-- \/ Yoast SEO Premium plugin. -->","yoast_head_json":{"title":"Datenschutzerkl\u00e4rung | Place Add | Tischdekorationen f\u00fcr die Gastronomie","robots":{"index":"index","follow":"follow","max-snippet":"max-snippet:-1","max-image-preview":"max-image-preview:large","max-video-preview":"max-video-preview:-1"},"canonical":"https:\/\/place-add.nl\/de\/datenschutzerklaerung\/","og_locale":"de_DE","og_type":"article","og_title":"Datenschutzerkl\u00e4rung","og_description":"Place Add Datenschutzerkl\u00e4rung Erkl\u00e4rung zum Datenschutz Datenschutzerkl\u00e4rung in \u00dcbereinstimmung mit der Allgemeinen DatenschutzverordnungPlace Add B.V. mit Sitz in der Peter Gielenstraat 83, 6217 GK in Maastricht, Niederlande, ist verantwortlich f\u00fcr die Verarbeitung personenbezogener Daten, wie in dieser Datenschutzerkl\u00e4rung beschrieben. Kontakt und Unternehmensdaten Place Add B.V.Peter Gielenstraat 836217 GK Maastricht NLTel. +31(0)43 325 92 32E. info@place-add.nlI. [&hellip;]","og_url":"https:\/\/place-add.nl\/de\/datenschutzerklaerung\/","og_site_name":"Place Add","article_publisher":"https:\/\/www.facebook.com\/PlaceAdd\/","article_modified_time":"2024-10-24T11:54:13+00:00","og_image":[{"width":640,"height":397,"url":"https:\/\/place-add.nl\/wp-content\/uploads\/2024\/05\/place-add-inspiratie-img-15.jpeg","type":"image\/jpeg"}],"twitter_card":"summary_large_image","twitter_misc":{"Gesch\u00e4tzte Lesezeit":"7\u00a0Minuten"},"schema":{"@context":"https:\/\/schema.org","@graph":[{"@type":"WebPage","@id":"https:\/\/place-add.nl\/de\/datenschutzerklaerung\/","url":"https:\/\/place-add.nl\/de\/datenschutzerklaerung\/","name":"Datenschutzerkl\u00e4rung | Place Add | Tischdekorationen f\u00fcr die Gastronomie","isPartOf":{"@id":"https:\/\/place-add.nl\/de\/#website"},"datePublished":"2024-05-21T09:34:11+00:00","dateModified":"2024-10-24T11:54:13+00:00","breadcrumb":{"@id":"https:\/\/place-add.nl\/de\/datenschutzerklaerung\/#breadcrumb"},"inLanguage":"de","potentialAction":[{"@type":"ReadAction","target":["https:\/\/place-add.nl\/de\/datenschutzerklaerung\/"]}]},{"@type":"BreadcrumbList","@id":"https:\/\/place-add.nl\/de\/datenschutzerklaerung\/#breadcrumb","itemListElement":[{"@type":"ListItem","position":1,"name":"Home","item":"https:\/\/place-add.nl\/de\/home\/"},{"@type":"ListItem","position":2,"name":"Datenschutzerkl\u00e4rung"}]},{"@type":"WebSite","@id":"https:\/\/place-add.nl\/de\/#website","url":"https:\/\/place-add.nl\/de\/","name":"Place Add","description":"Tafelkleding voor de horeca","publisher":{"@id":"https:\/\/place-add.nl\/de\/#organization"},"potentialAction":[{"@type":"SearchAction","target":{"@type":"EntryPoint","urlTemplate":"https:\/\/place-add.nl\/de\/?s={search_term_string}"},"query-input":{"@type":"PropertyValueSpecification","valueRequired":true,"valueName":"search_term_string"}}],"inLanguage":"de"},{"@type":"Organization","@id":"https:\/\/place-add.nl\/de\/#organization","name":"Place Add","url":"https:\/\/place-add.nl\/de\/","logo":{"@type":"ImageObject","inLanguage":"de","@id":"https:\/\/place-add.nl\/de\/#\/schema\/logo\/image\/","url":"https:\/\/place-add.nl\/wp-content\/uploads\/2023\/11\/logo-img-place-add.png","contentUrl":"https:\/\/place-add.nl\/wp-content\/uploads\/2023\/11\/logo-img-place-add.png","width":404,"height":106,"caption":"Place Add"},"image":{"@id":"https:\/\/place-add.nl\/de\/#\/schema\/logo\/image\/"},"sameAs":["https:\/\/www.facebook.com\/PlaceAdd\/","https:\/\/www.instagram.com\/place_add\/","https:\/\/www.youtube.com\/@placeadd"]}]}},"_links":{"self":[{"href":"https:\/\/place-add.nl\/de\/wp-json\/wp\/v2\/pages\/41311","targetHints":{"allow":["GET"]}}],"collection":[{"href":"https:\/\/place-add.nl\/de\/wp-json\/wp\/v2\/pages"}],"about":[{"href":"https:\/\/place-add.nl\/de\/wp-json\/wp\/v2\/types\/page"}],"author":[{"embeddable":true,"href":"https:\/\/place-add.nl\/de\/wp-json\/wp\/v2\/users\/2"}],"replies":[{"embeddable":true,"href":"https:\/\/place-add.nl\/de\/wp-json\/wp\/v2\/comments?post=41311"}],"version-history":[{"count":14,"href":"https:\/\/place-add.nl\/de\/wp-json\/wp\/v2\/pages\/41311\/revisions"}],"predecessor-version":[{"id":41333,"href":"https:\/\/place-add.nl\/de\/wp-json\/wp\/v2\/pages\/41311\/revisions\/41333"}],"wp:attachment":[{"href":"https:\/\/place-add.nl\/de\/wp-json\/wp\/v2\/media?parent=41311"}],"curies":[{"name":"wp","href":"https:\/\/api.w.org\/{rel}","templated":true}]}}