{"id":41323,"date":"2024-05-21T09:58:37","date_gmt":"2024-05-21T09:58:37","guid":{"rendered":"https:\/\/place-add.nl\/disclaimer\/"},"modified":"2024-10-24T11:52:57","modified_gmt":"2024-10-24T11:52:57","slug":"haftungsausschluss","status":"publish","type":"page","link":"https:\/\/place-add.nl\/de\/haftungsausschluss\/","title":{"rendered":"Haftungsausschluss"},"content":{"rendered":"\t\t<div data-elementor-type=\"wp-page\" data-elementor-id=\"41323\" class=\"elementor elementor-41323 elementor-24786\" data-elementor-post-type=\"page\">\n\t\t\t\t<div class=\"elementor-element elementor-element-52a7a7c e-flex e-con-boxed e-con e-parent\" data-id=\"52a7a7c\" data-element_type=\"container\" data-settings=\"{&quot;background_background&quot;:&quot;classic&quot;}\">\n\t\t\t\t\t<div class=\"e-con-inner\">\n\t\t<div class=\"elementor-element elementor-element-53d845a e-con-full e-flex e-con e-child\" data-id=\"53d845a\" data-element_type=\"container\">\n\t\t\t\t<div class=\"elementor-element elementor-element-e2c913c animated-fast elementor-invisible elementor-widget elementor-widget-elementskit-heading\" data-id=\"e2c913c\" data-element_type=\"widget\" data-settings=\"{&quot;_animation&quot;:&quot;fadeIn&quot;,&quot;_animation_delay&quot;:100,&quot;ekit_we_effect_on&quot;:&quot;css&quot;}\" data-widget_type=\"elementskit-heading.default\">\n\t\t\t\t<div class=\"elementor-widget-container\">\n\t\t\t\t\t<div class=\"ekit-wid-con\" ><div class=\"ekit-heading elementskit-section-title-wraper text_left   ekit_heading_tablet-   ekit_heading_mobile-text_left\"><h6 class=\"elementskit-section-subtitle  \">\n\t\t\t\t\t\tPlace Add\n\t\t\t\t\t<\/h6><h1 class=\"ekit-heading--title elementskit-section-title \">Haftungsausschluss f\u00fcr die Website<\/h1><\/div><\/div>\t\t\t\t<\/div>\n\t\t\t\t<\/div>\n\t\t\t\t<div class=\"elementor-element elementor-element-ce28ca2 elementor-widget elementor-widget-text-editor\" data-id=\"ce28ca2\" data-element_type=\"widget\" data-settings=\"{&quot;ekit_we_effect_on&quot;:&quot;none&quot;}\" data-widget_type=\"text-editor.default\">\n\t\t\t\t<div class=\"elementor-widget-container\">\n\t\t\t\t\t\t\t\t\t<p>Der Inhalt der Website www.place-add.nl wurde mit gr\u00f6\u00dfter Sorgfalt zusammengestellt. Die Erfahrung hat jedoch gezeigt, dass es trotz aller Sorgfalt vorkommen kann, dass die Informationen auf dieser Website veraltet sind oder Ungenauigkeiten enthalten.<\/p><p>Place-Add haftet in keinem Fall f\u00fcr Verluste oder Sch\u00e4den, die direkt oder indirekt aus der Nutzung der auf dieser Website verf\u00fcgbaren Informationen resultieren oder damit in Zusammenhang stehen.<\/p><p>Dieser Haftungsausschluss ist nicht dazu bestimmt, die Haftung in F\u00e4llen auszuschlie\u00dfen, in denen ein Haftungsausschluss nach geltendem niederl\u00e4ndischen Recht nicht zul\u00e4ssig ist.<\/p>\t\t\t\t\t\t\t\t<\/div>\n\t\t\t\t<\/div>\n\t\t\t\t<\/div>\n\t\t\t\t\t<\/div>\n\t\t\t\t<\/div>\n\t\t\t\t<\/div>\n\t\t","protected":false},"excerpt":{"rendered":"<p>Place Add Haftungsausschluss f\u00fcr die Website Der Inhalt der Website www.place-add.nl wurde mit gr\u00f6\u00dfter Sorgfalt zusammengestellt. Die Erfahrung hat jedoch gezeigt, dass es trotz aller Sorgfalt vorkommen kann, dass die Informationen auf dieser Website veraltet sind oder Ungenauigkeiten enthalten. Place-Add haftet in keinem Fall f\u00fcr Verluste oder Sch\u00e4den, die direkt oder indirekt aus der Nutzung [&hellip;]<\/p>\n","protected":false},"author":2,"featured_media":0,"parent":0,"menu_order":0,"comment_status":"closed","ping_status":"closed","template":"","meta":{"footnotes":""},"class_list":["post-41323","page","type-page","status-publish","hentry"],"yoast_head":"<!-- This site is optimized with the Yoast SEO Premium plugin v27.2 (Yoast SEO v27.2) - https:\/\/yoast.com\/product\/yoast-seo-premium-wordpress\/ -->\n<title>Haftungsausschluss | Place Add | Tischdekorationen f\u00fcr die Gastronomie<\/title>\n<meta name=\"robots\" content=\"index, follow, max-snippet:-1, max-image-preview:large, max-video-preview:-1\" \/>\n<link rel=\"canonical\" href=\"https:\/\/place-add.nl\/de\/haftungsausschluss\/\" \/>\n<meta property=\"og:locale\" content=\"de_DE\" \/>\n<meta property=\"og:type\" content=\"article\" \/>\n<meta property=\"og:title\" content=\"Haftungsausschluss\" \/>\n<meta property=\"og:description\" content=\"Place Add Haftungsausschluss f\u00fcr die Website Der Inhalt der Website www.place-add.nl wurde mit gr\u00f6\u00dfter Sorgfalt zusammengestellt. Die Erfahrung hat jedoch gezeigt, dass es trotz aller Sorgfalt vorkommen kann, dass die Informationen auf dieser Website veraltet sind oder Ungenauigkeiten enthalten. Place-Add haftet in keinem Fall f\u00fcr Verluste oder Sch\u00e4den, die direkt oder indirekt aus der Nutzung [&hellip;]\" \/>\n<meta property=\"og:url\" content=\"https:\/\/place-add.nl\/de\/haftungsausschluss\/\" \/>\n<meta property=\"og:site_name\" content=\"Place Add\" \/>\n<meta property=\"article:publisher\" content=\"https:\/\/www.facebook.com\/PlaceAdd\/\" \/>\n<meta property=\"article:modified_time\" content=\"2024-10-24T11:52:57+00:00\" \/>\n<meta property=\"og:image\" content=\"https:\/\/place-add.nl\/wp-content\/uploads\/2024\/05\/place-add-inspiratie-img-15.jpeg\" \/>\n\t<meta property=\"og:image:width\" content=\"640\" \/>\n\t<meta property=\"og:image:height\" content=\"397\" \/>\n\t<meta property=\"og:image:type\" content=\"image\/jpeg\" \/>\n<meta name=\"twitter:card\" content=\"summary_large_image\" \/>\n<meta name=\"twitter:label1\" content=\"Gesch\u00e4tzte Lesezeit\" \/>\n\t<meta name=\"twitter:data1\" content=\"1\u00a0Minute\" \/>\n<script type=\"application\/ld+json\" class=\"yoast-schema-graph\">{\"@context\":\"https:\/\/schema.org\",\"@graph\":[{\"@type\":\"WebPage\",\"@id\":\"https:\/\/place-add.nl\/de\/haftungsausschluss\/\",\"url\":\"https:\/\/place-add.nl\/de\/haftungsausschluss\/\",\"name\":\"Haftungsausschluss | Place Add | Tischdekorationen f\u00fcr die Gastronomie\",\"isPartOf\":{\"@id\":\"https:\/\/place-add.nl\/de\/#website\"},\"datePublished\":\"2024-05-21T09:58:37+00:00\",\"dateModified\":\"2024-10-24T11:52:57+00:00\",\"breadcrumb\":{\"@id\":\"https:\/\/place-add.nl\/de\/haftungsausschluss\/#breadcrumb\"},\"inLanguage\":\"de\",\"potentialAction\":[{\"@type\":\"ReadAction\",\"target\":[\"https:\/\/place-add.nl\/de\/haftungsausschluss\/\"]}]},{\"@type\":\"BreadcrumbList\",\"@id\":\"https:\/\/place-add.nl\/de\/haftungsausschluss\/#breadcrumb\",\"itemListElement\":[{\"@type\":\"ListItem\",\"position\":1,\"name\":\"Home\",\"item\":\"https:\/\/place-add.nl\/de\/home\/\"},{\"@type\":\"ListItem\",\"position\":2,\"name\":\"Haftungsausschluss\"}]},{\"@type\":\"WebSite\",\"@id\":\"https:\/\/place-add.nl\/de\/#website\",\"url\":\"https:\/\/place-add.nl\/de\/\",\"name\":\"Place Add\",\"description\":\"Tafelkleding voor de horeca\",\"publisher\":{\"@id\":\"https:\/\/place-add.nl\/de\/#organization\"},\"potentialAction\":[{\"@type\":\"SearchAction\",\"target\":{\"@type\":\"EntryPoint\",\"urlTemplate\":\"https:\/\/place-add.nl\/de\/?s={search_term_string}\"},\"query-input\":{\"@type\":\"PropertyValueSpecification\",\"valueRequired\":true,\"valueName\":\"search_term_string\"}}],\"inLanguage\":\"de\"},{\"@type\":\"Organization\",\"@id\":\"https:\/\/place-add.nl\/de\/#organization\",\"name\":\"Place Add\",\"url\":\"https:\/\/place-add.nl\/de\/\",\"logo\":{\"@type\":\"ImageObject\",\"inLanguage\":\"de\",\"@id\":\"https:\/\/place-add.nl\/de\/#\/schema\/logo\/image\/\",\"url\":\"https:\/\/place-add.nl\/wp-content\/uploads\/2023\/11\/logo-img-place-add.png\",\"contentUrl\":\"https:\/\/place-add.nl\/wp-content\/uploads\/2023\/11\/logo-img-place-add.png\",\"width\":404,\"height\":106,\"caption\":\"Place Add\"},\"image\":{\"@id\":\"https:\/\/place-add.nl\/de\/#\/schema\/logo\/image\/\"},\"sameAs\":[\"https:\/\/www.facebook.com\/PlaceAdd\/\",\"https:\/\/www.instagram.com\/place_add\/\",\"https:\/\/www.youtube.com\/@placeadd\"]}]}<\/script>\n<!-- \/ Yoast SEO Premium plugin. -->","yoast_head_json":{"title":"Haftungsausschluss | Place Add | Tischdekorationen f\u00fcr die Gastronomie","robots":{"index":"index","follow":"follow","max-snippet":"max-snippet:-1","max-image-preview":"max-image-preview:large","max-video-preview":"max-video-preview:-1"},"canonical":"https:\/\/place-add.nl\/de\/haftungsausschluss\/","og_locale":"de_DE","og_type":"article","og_title":"Haftungsausschluss","og_description":"Place Add Haftungsausschluss f\u00fcr die Website Der Inhalt der Website www.place-add.nl wurde mit gr\u00f6\u00dfter Sorgfalt zusammengestellt. Die Erfahrung hat jedoch gezeigt, dass es trotz aller Sorgfalt vorkommen kann, dass die Informationen auf dieser Website veraltet sind oder Ungenauigkeiten enthalten. Place-Add haftet in keinem Fall f\u00fcr Verluste oder Sch\u00e4den, die direkt oder indirekt aus der Nutzung [&hellip;]","og_url":"https:\/\/place-add.nl\/de\/haftungsausschluss\/","og_site_name":"Place Add","article_publisher":"https:\/\/www.facebook.com\/PlaceAdd\/","article_modified_time":"2024-10-24T11:52:57+00:00","og_image":[{"width":640,"height":397,"url":"https:\/\/place-add.nl\/wp-content\/uploads\/2024\/05\/place-add-inspiratie-img-15.jpeg","type":"image\/jpeg"}],"twitter_card":"summary_large_image","twitter_misc":{"Gesch\u00e4tzte Lesezeit":"1\u00a0Minute"},"schema":{"@context":"https:\/\/schema.org","@graph":[{"@type":"WebPage","@id":"https:\/\/place-add.nl\/de\/haftungsausschluss\/","url":"https:\/\/place-add.nl\/de\/haftungsausschluss\/","name":"Haftungsausschluss | Place Add | Tischdekorationen f\u00fcr die Gastronomie","isPartOf":{"@id":"https:\/\/place-add.nl\/de\/#website"},"datePublished":"2024-05-21T09:58:37+00:00","dateModified":"2024-10-24T11:52:57+00:00","breadcrumb":{"@id":"https:\/\/place-add.nl\/de\/haftungsausschluss\/#breadcrumb"},"inLanguage":"de","potentialAction":[{"@type":"ReadAction","target":["https:\/\/place-add.nl\/de\/haftungsausschluss\/"]}]},{"@type":"BreadcrumbList","@id":"https:\/\/place-add.nl\/de\/haftungsausschluss\/#breadcrumb","itemListElement":[{"@type":"ListItem","position":1,"name":"Home","item":"https:\/\/place-add.nl\/de\/home\/"},{"@type":"ListItem","position":2,"name":"Haftungsausschluss"}]},{"@type":"WebSite","@id":"https:\/\/place-add.nl\/de\/#website","url":"https:\/\/place-add.nl\/de\/","name":"Place Add","description":"Tafelkleding voor de horeca","publisher":{"@id":"https:\/\/place-add.nl\/de\/#organization"},"potentialAction":[{"@type":"SearchAction","target":{"@type":"EntryPoint","urlTemplate":"https:\/\/place-add.nl\/de\/?s={search_term_string}"},"query-input":{"@type":"PropertyValueSpecification","valueRequired":true,"valueName":"search_term_string"}}],"inLanguage":"de"},{"@type":"Organization","@id":"https:\/\/place-add.nl\/de\/#organization","name":"Place Add","url":"https:\/\/place-add.nl\/de\/","logo":{"@type":"ImageObject","inLanguage":"de","@id":"https:\/\/place-add.nl\/de\/#\/schema\/logo\/image\/","url":"https:\/\/place-add.nl\/wp-content\/uploads\/2023\/11\/logo-img-place-add.png","contentUrl":"https:\/\/place-add.nl\/wp-content\/uploads\/2023\/11\/logo-img-place-add.png","width":404,"height":106,"caption":"Place Add"},"image":{"@id":"https:\/\/place-add.nl\/de\/#\/schema\/logo\/image\/"},"sameAs":["https:\/\/www.facebook.com\/PlaceAdd\/","https:\/\/www.instagram.com\/place_add\/","https:\/\/www.youtube.com\/@placeadd"]}]}},"_links":{"self":[{"href":"https:\/\/place-add.nl\/de\/wp-json\/wp\/v2\/pages\/41323","targetHints":{"allow":["GET"]}}],"collection":[{"href":"https:\/\/place-add.nl\/de\/wp-json\/wp\/v2\/pages"}],"about":[{"href":"https:\/\/place-add.nl\/de\/wp-json\/wp\/v2\/types\/page"}],"author":[{"embeddable":true,"href":"https:\/\/place-add.nl\/de\/wp-json\/wp\/v2\/users\/2"}],"replies":[{"embeddable":true,"href":"https:\/\/place-add.nl\/de\/wp-json\/wp\/v2\/comments?post=41323"}],"version-history":[{"count":4,"href":"https:\/\/place-add.nl\/de\/wp-json\/wp\/v2\/pages\/41323\/revisions"}],"predecessor-version":[{"id":41327,"href":"https:\/\/place-add.nl\/de\/wp-json\/wp\/v2\/pages\/41323\/revisions\/41327"}],"wp:attachment":[{"href":"https:\/\/place-add.nl\/de\/wp-json\/wp\/v2\/media?parent=41323"}],"curies":[{"name":"wp","href":"https:\/\/api.w.org\/{rel}","templated":true}]}}