{"id":41409,"date":"2024-05-21T12:38:47","date_gmt":"2024-05-21T12:38:47","guid":{"rendered":"https:\/\/place-add.nl\/over-ons\/"},"modified":"2024-10-24T14:02:17","modified_gmt":"2024-10-24T14:02:17","slug":"uber-uns","status":"publish","type":"page","link":"https:\/\/place-add.nl\/de\/uber-uns\/","title":{"rendered":"\u00dcber uns"},"content":{"rendered":"\t\t<div data-elementor-type=\"wp-page\" data-elementor-id=\"41409\" class=\"elementor elementor-41409 elementor-24933\" data-elementor-post-type=\"page\">\n\t\t\t\t<div class=\"elementor-element elementor-element-e4a456b e-flex e-con-boxed e-con e-parent\" data-id=\"e4a456b\" data-element_type=\"container\" data-settings=\"{&quot;background_background&quot;:&quot;classic&quot;}\">\n\t\t\t\t\t<div class=\"e-con-inner\">\n\t\t<div class=\"elementor-element elementor-element-59f061f e-con-full e-flex e-con e-child\" data-id=\"59f061f\" data-element_type=\"container\">\n\t\t\t\t<div class=\"elementor-element elementor-element-d68468d animated-fast elementor-invisible elementor-widget elementor-widget-elementskit-heading\" data-id=\"d68468d\" data-element_type=\"widget\" data-settings=\"{&quot;_animation&quot;:&quot;fadeIn&quot;,&quot;_animation_delay&quot;:100,&quot;ekit_we_effect_on&quot;:&quot;css&quot;}\" data-widget_type=\"elementskit-heading.default\">\n\t\t\t\t<div class=\"elementor-widget-container\">\n\t\t\t\t\t<div class=\"ekit-wid-con\" ><div class=\"ekit-heading elementskit-section-title-wraper text_center   ekit_heading_tablet-   ekit_heading_mobile-text_left\"><h6 class=\"elementskit-section-subtitle  \">\n\t\t\t\t\t\tPlace Add\n\t\t\t\t\t<\/h6><h1 class=\"ekit-heading--title elementskit-section-title \">\u00fcber <span>Place Add<\/span><\/h1>\t\t\t\t<div class='ekit-heading__description'>\n\t\t\t\t\t<p>Willkommen bei Place Add!<\/p>\n<p>Unsere Reise begann 1997 mit einer einfachen Idee: das Verkaufen von Anzeigen auf Tischsets in lokalen Gastronomiebetrieben. Im Laufe der Jahre haben wir uns weiterentwickelt und perfektioniert, was wir tun. Bei uns finden Sie eine umfangreiche Kollektion eleganter und hochwertiger Men\u00fckarten und Einwegartikel, die all Ihren W\u00fcnschen gerecht werden. Wir sind in einem sch\u00f6nen alten Kindergarten im charmanten Maastricht ans\u00e4ssig. Unser Team mag zwar klein sein, aber wir sind gro\u00df in Kundenfreundlichkeit und Service. Wir sind stolz auf das Vertrauen eines breiten Spektrums von Kunden, von gem\u00fctlichen Bistros und lebhaften Caf\u00e9s bis hin zu eleganten und gehobenen Restaurants.<\/p>\n\t\t\t\t<\/div>\n\t\t\t<\/div><\/div>\t\t\t\t<\/div>\n\t\t\t\t<\/div>\n\t\t\t\t<\/div>\n\t\t\t\t\t<\/div>\n\t\t\t\t<\/div>\n\t\t<div class=\"elementor-element elementor-element-3d4a5f3 e-flex e-con-boxed e-con e-parent\" data-id=\"3d4a5f3\" data-element_type=\"container\" data-settings=\"{&quot;background_background&quot;:&quot;classic&quot;}\">\n\t\t\t\t\t<div class=\"e-con-inner\">\n\t\t<div class=\"elementor-element elementor-element-c690880 e-con-full e-flex e-con e-child\" data-id=\"c690880\" data-element_type=\"container\">\n\t\t<div class=\"elementor-element elementor-element-ad1a22a e-con-full animated-fast e-flex elementor-invisible e-con e-child\" data-id=\"ad1a22a\" data-element_type=\"container\" data-settings=\"{&quot;background_background&quot;:&quot;classic&quot;,&quot;animation&quot;:&quot;fadeIn&quot;,&quot;animation_delay&quot;:100}\">\n\t\t<div class=\"elementor-element elementor-element-f9796f2 e-con-full e-flex e-con e-child\" data-id=\"f9796f2\" data-element_type=\"container\" data-settings=\"{&quot;background_background&quot;:&quot;classic&quot;}\">\n\t\t\t\t<div class=\"elementor-element elementor-element-62d904c animated-fast elementor-invisible elementor-widget elementor-widget-elementskit-heading\" data-id=\"62d904c\" data-element_type=\"widget\" data-settings=\"{&quot;ekit_we_effect_on&quot;:&quot;css&quot;,&quot;_animation&quot;:&quot;fadeIn&quot;,&quot;_animation_delay&quot;:200}\" data-widget_type=\"elementskit-heading.default\">\n\t\t\t\t<div class=\"elementor-widget-container\">\n\t\t\t\t\t<div class=\"ekit-wid-con\" ><div class=\"ekit-heading elementskit-section-title-wraper text_left   ekit_heading_tablet-   ekit_heading_mobile-\"><h2 class=\"ekit-heading--title elementskit-section-title \"><span><span>Tischdekorationen<\/span><\/span>  f\u00fcr die Gastronomie<\/h2>\t\t\t\t<div class='ekit-heading__description'>\n\t\t\t\t\t<p>Willkommen bei Place Add! W\u00e4hrend Sie durch unsere Website st\u00f6bern, laden wir Sie ein, unser umfangreiches Angebot im Bereich Tischdekoration zu erkunden. Mit unseren praktischen Tools k\u00f6nnen Sie Ihre Men\u00fckarten und Servietten nach Ihrem eigenen Geschmack und Stil gestalten. Unsere Kollektion ist sorgf\u00e4ltig zusammengestellt, um den unterschiedlichen Bed\u00fcrfnissen der Gastronomie gerecht zu werden, von ma\u00dfgeschneiderten L\u00f6sungen bis hin zu stilvollen Fertigoptionen.<\/p>\n\t\t\t\t<\/div>\n\t\t\t<\/div><\/div>\t\t\t\t<\/div>\n\t\t\t\t<\/div>\n\t\t\t\t<\/div>\n\t\t<div class=\"elementor-element elementor-element-ff7f6ed e-con-full e-flex e-con e-child\" data-id=\"ff7f6ed\" data-element_type=\"container\" data-settings=\"{&quot;background_background&quot;:&quot;classic&quot;}\">\n\t\t\t\t<div class=\"elementor-element elementor-element-b84f66b animated-fast elementor-invisible elementor-widget elementor-widget-image\" data-id=\"b84f66b\" data-element_type=\"widget\" data-settings=\"{&quot;_animation&quot;:&quot;fadeInUp&quot;,&quot;_animation_delay&quot;:200,&quot;ekit_we_effect_on&quot;:&quot;none&quot;}\" data-widget_type=\"image.default\">\n\t\t\t\t<div class=\"elementor-widget-container\">\n\t\t\t\t\t\t\t\t\t\t\t\t\t\t\t<img fetchpriority=\"high\" decoding=\"async\" width=\"999\" height=\"666\" src=\"https:\/\/place-add.nl\/wp-content\/uploads\/2024\/05\/place-add-img-shoroom-3.jpeg\" class=\"attachment-full size-full wp-image-37817\" alt=\"\" srcset=\"https:\/\/place-add.nl\/wp-content\/uploads\/2024\/05\/place-add-img-shoroom-3.jpeg 999w, https:\/\/place-add.nl\/wp-content\/uploads\/2024\/05\/place-add-img-shoroom-3-300x200.jpeg 300w, https:\/\/place-add.nl\/wp-content\/uploads\/2024\/05\/place-add-img-shoroom-3-768x512.jpeg 768w, https:\/\/place-add.nl\/wp-content\/uploads\/2024\/05\/place-add-img-shoroom-3-710x473.jpeg 710w, https:\/\/place-add.nl\/wp-content\/uploads\/2024\/05\/place-add-img-shoroom-3-600x400.jpeg 600w\" sizes=\"(max-width: 999px) 100vw, 999px\" \/>\t\t\t\t\t\t\t\t\t\t\t\t\t\t\t<\/div>\n\t\t\t\t<\/div>\n\t\t\t\t<\/div>\n\t\t\t\t<\/div>\n\t\t\t\t<\/div>\n\t\t\t\t\t<\/div>\n\t\t\t\t<\/div>\n\t\t<div class=\"elementor-element elementor-element-b169c72 e-flex e-con-boxed e-con e-parent\" data-id=\"b169c72\" data-element_type=\"container\" data-settings=\"{&quot;background_background&quot;:&quot;classic&quot;}\">\n\t\t\t\t\t<div class=\"e-con-inner\">\n\t\t<div class=\"elementor-element elementor-element-e9eb482 e-con-full e-flex e-con e-child\" data-id=\"e9eb482\" data-element_type=\"container\">\n\t\t<div class=\"elementor-element elementor-element-43331a9 e-con-full e-flex e-con e-child\" data-id=\"43331a9\" data-element_type=\"container\">\n\t\t\t\t<div class=\"elementor-element elementor-element-478dcb5 animated-fast elementor-invisible elementor-widget elementor-widget-elementskit-heading\" data-id=\"478dcb5\" data-element_type=\"widget\" data-settings=\"{&quot;_animation&quot;:&quot;fadeIn&quot;,&quot;ekit_we_effect_on&quot;:&quot;css&quot;,&quot;_animation_delay&quot;:100}\" data-widget_type=\"elementskit-heading.default\">\n\t\t\t\t<div class=\"elementor-widget-container\">\n\t\t\t\t\t<div class=\"ekit-wid-con\" ><div class=\"ekit-heading elementskit-section-title-wraper text_center   ekit_heading_tablet-   ekit_heading_mobile-text_left\"><h2 class=\"ekit-heading--title elementskit-section-title \">Warum sich f\u00fcr <span><span>Place Add<\/span><\/span> entscheiden?<\/h2><\/div><\/div>\t\t\t\t<\/div>\n\t\t\t\t<\/div>\n\t\t\t\t<\/div>\n\t\t<div class=\"elementor-element elementor-element-33bba46 e-con-full e-flex e-con e-child\" data-id=\"33bba46\" data-element_type=\"container\">\n\t\t<div class=\"elementor-element elementor-element-165ef8c e-con-full e-flex e-con e-child\" data-id=\"165ef8c\" data-element_type=\"container\" data-settings=\"{&quot;background_background&quot;:&quot;classic&quot;}\">\n\t\t<div class=\"elementor-element elementor-element-3854dc3 e-con-full animated-fast e-flex elementor-invisible e-con e-child\" data-id=\"3854dc3\" data-element_type=\"container\" data-settings=\"{&quot;background_background&quot;:&quot;classic&quot;,&quot;animation&quot;:&quot;fadeInUp&quot;,&quot;animation_delay&quot;:100}\">\n\t\t\t\t<div class=\"elementor-element elementor-element-45c72ad widget-link-underline ekit-equal-height-disable elementor-widget elementor-widget-elementskit-icon-box\" data-id=\"45c72ad\" data-element_type=\"widget\" data-settings=\"{&quot;ekit_we_effect_on&quot;:&quot;none&quot;}\" data-widget_type=\"elementskit-icon-box.default\">\n\t\t\t\t<div class=\"elementor-widget-container\">\n\t\t\t\t\t<div class=\"ekit-wid-con\" >        <!-- link opening -->\n                <!-- end link opening -->\n\n        <div class=\"elementskit-infobox text-left text-left icon-top-align elementor-animation-   \">\n                            <div class=\"elementskit-box-header\">\n                <div class=\"elementskit-info-box-icon \">\n                    <img decoding=\"async\" width=\"48\" height=\"51\" src=\"https:\/\/place-add.nl\/wp-content\/uploads\/2024\/05\/usp-check-icon.png\" class=\"attachment- size-\" alt=\"\" \/>                <\/div>\n          <\/div>\n                <div class=\"box-body\">\n                            <h5 class=\"elementskit-info-box-title\">\n                    Ma\u00dfgeschneiderte Optionen                <\/h5>\n                        \t\t  \t<p>Unsere ma\u00dfgeschneiderten Men\u00fckarten und Tischdekorationen sind vollst\u00e4ndig an Ihren Stil und Ihre Anforderungen anpassbar. Von der Gr\u00f6\u00dfe \u00fcber die Bindung bis hin zu Material und Farbe \u2013 (fast) alles kann individuell gestaltet werden.<\/p>\n                                <\/div>\n        \n        \n                <\/div>\n        <\/div>\t\t\t\t<\/div>\n\t\t\t\t<\/div>\n\t\t\t\t<\/div>\n\t\t<div class=\"elementor-element elementor-element-e592ab3 e-con-full animated-fast e-flex elementor-invisible e-con e-child\" data-id=\"e592ab3\" data-element_type=\"container\" data-settings=\"{&quot;background_background&quot;:&quot;classic&quot;,&quot;animation&quot;:&quot;fadeInUp&quot;,&quot;animation_delay&quot;:200}\">\n\t\t\t\t<div class=\"elementor-element elementor-element-786e43b widget-link-underline ekit-equal-height-disable elementor-widget elementor-widget-elementskit-icon-box\" data-id=\"786e43b\" data-element_type=\"widget\" data-settings=\"{&quot;ekit_we_effect_on&quot;:&quot;none&quot;}\" data-widget_type=\"elementskit-icon-box.default\">\n\t\t\t\t<div class=\"elementor-widget-container\">\n\t\t\t\t\t<div class=\"ekit-wid-con\" >        <!-- link opening -->\n                <!-- end link opening -->\n\n        <div class=\"elementskit-infobox text-left text-left icon-top-align elementor-animation-   \">\n                            <div class=\"elementskit-box-header\">\n                <div class=\"elementskit-info-box-icon \">\n                    <img decoding=\"async\" width=\"48\" height=\"51\" src=\"https:\/\/place-add.nl\/wp-content\/uploads\/2024\/05\/usp-check-icon.png\" class=\"attachment- size-\" alt=\"\" \/>                <\/div>\n          <\/div>\n                <div class=\"box-body\">\n                            <h5 class=\"elementskit-info-box-title\">\n                    Umfangreiche Auswahl                <\/h5>\n                        \t\t  \t<p>Wir bedienen ein breites Spektrum von Kunden, von gehobenen Gastronomiebetrieben, die exklusive ma\u00dfgeschneiderte L\u00f6sungen verlangen, bis hin zu Unternehmen, die nach budgetfreundlichen Optionen suchen. Was auch immer Ihre Bed\u00fcrfnisse sind, wir bieten es an.<\/p>\n                                <\/div>\n        \n        \n                <\/div>\n        <\/div>\t\t\t\t<\/div>\n\t\t\t\t<\/div>\n\t\t\t\t<\/div>\n\t\t<div class=\"elementor-element elementor-element-314bc75 e-con-full animated-fast e-flex elementor-invisible e-con e-child\" data-id=\"314bc75\" data-element_type=\"container\" data-settings=\"{&quot;background_background&quot;:&quot;classic&quot;,&quot;animation&quot;:&quot;fadeInUp&quot;,&quot;animation_delay&quot;:300}\">\n\t\t\t\t<div class=\"elementor-element elementor-element-4a83760 widget-link-underline ekit-equal-height-disable elementor-widget elementor-widget-elementskit-icon-box\" data-id=\"4a83760\" data-element_type=\"widget\" data-settings=\"{&quot;ekit_we_effect_on&quot;:&quot;none&quot;}\" data-widget_type=\"elementskit-icon-box.default\">\n\t\t\t\t<div class=\"elementor-widget-container\">\n\t\t\t\t\t<div class=\"ekit-wid-con\" >        <!-- link opening -->\n                <!-- end link opening -->\n\n        <div class=\"elementskit-infobox text-left text-left icon-top-align elementor-animation-   \">\n                            <div class=\"elementskit-box-header\">\n                <div class=\"elementskit-info-box-icon \">\n                    <img decoding=\"async\" width=\"48\" height=\"51\" src=\"https:\/\/place-add.nl\/wp-content\/uploads\/2024\/05\/usp-check-icon.png\" class=\"attachment- size-\" alt=\"\" \/>                <\/div>\n          <\/div>\n                <div class=\"box-body\">\n                            <h5 class=\"elementskit-info-box-title\">\n                    Pers\u00f6nliche Ansprache                <\/h5>\n                        \t\t  \t<p>Unser Team steht bereit, um Ihnen bei der Auswahl der besten Produkte f\u00fcr Ihre speziellen Bed\u00fcrfnisse zu helfen. M\u00f6chten Sie die Produkte zuerst sehen und anfassen? Gerne senden wir Ihnen Muster zu, damit Sie sicherstellen k\u00f6nnen, dass Sie die richtige Wahl treffen.<\/p>\n                                <\/div>\n        \n        \n                <\/div>\n        <\/div>\t\t\t\t<\/div>\n\t\t\t\t<\/div>\n\t\t\t\t<\/div>\n\t\t\t\t<\/div>\n\t\t\t\t<\/div>\n\t\t\t\t<\/div>\n\t\t\t\t\t<\/div>\n\t\t\t\t<\/div>\n\t\t\t\t<\/div>\n\t\t","protected":false},"excerpt":{"rendered":"<p>Place Add \u00fcber Place Add Willkommen bei Place Add! Unsere Reise begann 1997 mit einer einfachen Idee: das Verkaufen von Anzeigen auf Tischsets in lokalen Gastronomiebetrieben. Im Laufe der Jahre haben wir uns weiterentwickelt und perfektioniert, was wir tun. Bei uns finden Sie eine umfangreiche Kollektion eleganter und hochwertiger Men\u00fckarten und Einwegartikel, die all Ihren [&hellip;]<\/p>\n","protected":false},"author":2,"featured_media":0,"parent":0,"menu_order":0,"comment_status":"closed","ping_status":"closed","template":"","meta":{"footnotes":""},"class_list":["post-41409","page","type-page","status-publish","hentry"],"yoast_head":"<!-- This site is optimized with the Yoast SEO Premium plugin v27.2 (Yoast SEO v27.2) - https:\/\/yoast.com\/product\/yoast-seo-premium-wordpress\/ -->\n<title>\u00dcber uns | Place Add | Tischdekorationen f\u00fcr die Gastronomie<\/title>\n<meta name=\"description\" content=\"Bei PlaceAdd finden Sie Tischdekoration f\u00fcr die Gastronomie. Lesen Sie hier mehr \u00fcber uns: Men\u00fckarten, Servietten, Tischsets, Bestecktaschen und mehr!\" \/>\n<meta name=\"robots\" content=\"index, follow, max-snippet:-1, max-image-preview:large, max-video-preview:-1\" \/>\n<link rel=\"canonical\" href=\"https:\/\/place-add.nl\/de\/uber-uns\/\" \/>\n<meta property=\"og:locale\" content=\"de_DE\" \/>\n<meta property=\"og:type\" content=\"article\" \/>\n<meta property=\"og:title\" content=\"\u00dcber uns\" \/>\n<meta property=\"og:description\" content=\"Bei PlaceAdd finden Sie Tischdekoration f\u00fcr die Gastronomie. Lesen Sie hier mehr \u00fcber uns: Men\u00fckarten, Servietten, Tischsets, Bestecktaschen und mehr!\" \/>\n<meta property=\"og:url\" content=\"https:\/\/place-add.nl\/de\/uber-uns\/\" \/>\n<meta property=\"og:site_name\" content=\"Place Add\" \/>\n<meta property=\"article:publisher\" content=\"https:\/\/www.facebook.com\/PlaceAdd\/\" \/>\n<meta property=\"article:modified_time\" content=\"2024-10-24T14:02:17+00:00\" \/>\n<meta property=\"og:image\" content=\"https:\/\/place-add.nl\/wp-content\/uploads\/2024\/05\/place-add-img-shoroom-3.jpeg\" \/>\n<meta name=\"twitter:card\" content=\"summary_large_image\" \/>\n<meta name=\"twitter:label1\" content=\"Gesch\u00e4tzte Lesezeit\" \/>\n\t<meta name=\"twitter:data1\" content=\"3\u00a0Minuten\" \/>\n<script type=\"application\/ld+json\" class=\"yoast-schema-graph\">{\"@context\":\"https:\/\/schema.org\",\"@graph\":[{\"@type\":\"WebPage\",\"@id\":\"https:\/\/place-add.nl\/de\/uber-uns\/\",\"url\":\"https:\/\/place-add.nl\/de\/uber-uns\/\",\"name\":\"\u00dcber uns | Place Add | Tischdekorationen f\u00fcr die Gastronomie\",\"isPartOf\":{\"@id\":\"https:\/\/place-add.nl\/de\/#website\"},\"primaryImageOfPage\":{\"@id\":\"https:\/\/place-add.nl\/de\/uber-uns\/#primaryimage\"},\"image\":{\"@id\":\"https:\/\/place-add.nl\/de\/uber-uns\/#primaryimage\"},\"thumbnailUrl\":\"https:\/\/place-add.nl\/wp-content\/uploads\/2024\/05\/place-add-img-shoroom-3.jpeg\",\"datePublished\":\"2024-05-21T12:38:47+00:00\",\"dateModified\":\"2024-10-24T14:02:17+00:00\",\"description\":\"Bei PlaceAdd finden Sie Tischdekoration f\u00fcr die Gastronomie. Lesen Sie hier mehr \u00fcber uns: Men\u00fckarten, Servietten, Tischsets, Bestecktaschen und mehr!\",\"breadcrumb\":{\"@id\":\"https:\/\/place-add.nl\/de\/uber-uns\/#breadcrumb\"},\"inLanguage\":\"de\",\"potentialAction\":[{\"@type\":\"ReadAction\",\"target\":[\"https:\/\/place-add.nl\/de\/uber-uns\/\"]}]},{\"@type\":\"ImageObject\",\"inLanguage\":\"de\",\"@id\":\"https:\/\/place-add.nl\/de\/uber-uns\/#primaryimage\",\"url\":\"https:\/\/place-add.nl\/wp-content\/uploads\/2024\/05\/place-add-img-shoroom-3.jpeg\",\"contentUrl\":\"https:\/\/place-add.nl\/wp-content\/uploads\/2024\/05\/place-add-img-shoroom-3.jpeg\"},{\"@type\":\"BreadcrumbList\",\"@id\":\"https:\/\/place-add.nl\/de\/uber-uns\/#breadcrumb\",\"itemListElement\":[{\"@type\":\"ListItem\",\"position\":1,\"name\":\"Home\",\"item\":\"https:\/\/place-add.nl\/de\/home\/\"},{\"@type\":\"ListItem\",\"position\":2,\"name\":\"\u00dcber uns\"}]},{\"@type\":\"WebSite\",\"@id\":\"https:\/\/place-add.nl\/de\/#website\",\"url\":\"https:\/\/place-add.nl\/de\/\",\"name\":\"Place Add\",\"description\":\"Tafelkleding voor de horeca\",\"publisher\":{\"@id\":\"https:\/\/place-add.nl\/de\/#organization\"},\"potentialAction\":[{\"@type\":\"SearchAction\",\"target\":{\"@type\":\"EntryPoint\",\"urlTemplate\":\"https:\/\/place-add.nl\/de\/?s={search_term_string}\"},\"query-input\":{\"@type\":\"PropertyValueSpecification\",\"valueRequired\":true,\"valueName\":\"search_term_string\"}}],\"inLanguage\":\"de\"},{\"@type\":\"Organization\",\"@id\":\"https:\/\/place-add.nl\/de\/#organization\",\"name\":\"Place Add\",\"url\":\"https:\/\/place-add.nl\/de\/\",\"logo\":{\"@type\":\"ImageObject\",\"inLanguage\":\"de\",\"@id\":\"https:\/\/place-add.nl\/de\/#\/schema\/logo\/image\/\",\"url\":\"https:\/\/place-add.nl\/wp-content\/uploads\/2023\/11\/logo-img-place-add.png\",\"contentUrl\":\"https:\/\/place-add.nl\/wp-content\/uploads\/2023\/11\/logo-img-place-add.png\",\"width\":404,\"height\":106,\"caption\":\"Place Add\"},\"image\":{\"@id\":\"https:\/\/place-add.nl\/de\/#\/schema\/logo\/image\/\"},\"sameAs\":[\"https:\/\/www.facebook.com\/PlaceAdd\/\",\"https:\/\/www.instagram.com\/place_add\/\",\"https:\/\/www.youtube.com\/@placeadd\"]}]}<\/script>\n<!-- \/ Yoast SEO Premium plugin. -->","yoast_head_json":{"title":"\u00dcber uns | Place Add | Tischdekorationen f\u00fcr die Gastronomie","description":"Bei PlaceAdd finden Sie Tischdekoration f\u00fcr die Gastronomie. Lesen Sie hier mehr \u00fcber uns: Men\u00fckarten, Servietten, Tischsets, Bestecktaschen und mehr!","robots":{"index":"index","follow":"follow","max-snippet":"max-snippet:-1","max-image-preview":"max-image-preview:large","max-video-preview":"max-video-preview:-1"},"canonical":"https:\/\/place-add.nl\/de\/uber-uns\/","og_locale":"de_DE","og_type":"article","og_title":"\u00dcber uns","og_description":"Bei PlaceAdd finden Sie Tischdekoration f\u00fcr die Gastronomie. Lesen Sie hier mehr \u00fcber uns: Men\u00fckarten, Servietten, Tischsets, Bestecktaschen und mehr!","og_url":"https:\/\/place-add.nl\/de\/uber-uns\/","og_site_name":"Place Add","article_publisher":"https:\/\/www.facebook.com\/PlaceAdd\/","article_modified_time":"2024-10-24T14:02:17+00:00","og_image":[{"url":"https:\/\/place-add.nl\/wp-content\/uploads\/2024\/05\/place-add-img-shoroom-3.jpeg","type":"","width":"","height":""}],"twitter_card":"summary_large_image","twitter_misc":{"Gesch\u00e4tzte Lesezeit":"3\u00a0Minuten"},"schema":{"@context":"https:\/\/schema.org","@graph":[{"@type":"WebPage","@id":"https:\/\/place-add.nl\/de\/uber-uns\/","url":"https:\/\/place-add.nl\/de\/uber-uns\/","name":"\u00dcber uns | Place Add | Tischdekorationen f\u00fcr die Gastronomie","isPartOf":{"@id":"https:\/\/place-add.nl\/de\/#website"},"primaryImageOfPage":{"@id":"https:\/\/place-add.nl\/de\/uber-uns\/#primaryimage"},"image":{"@id":"https:\/\/place-add.nl\/de\/uber-uns\/#primaryimage"},"thumbnailUrl":"https:\/\/place-add.nl\/wp-content\/uploads\/2024\/05\/place-add-img-shoroom-3.jpeg","datePublished":"2024-05-21T12:38:47+00:00","dateModified":"2024-10-24T14:02:17+00:00","description":"Bei PlaceAdd finden Sie Tischdekoration f\u00fcr die Gastronomie. Lesen Sie hier mehr \u00fcber uns: Men\u00fckarten, Servietten, Tischsets, Bestecktaschen und mehr!","breadcrumb":{"@id":"https:\/\/place-add.nl\/de\/uber-uns\/#breadcrumb"},"inLanguage":"de","potentialAction":[{"@type":"ReadAction","target":["https:\/\/place-add.nl\/de\/uber-uns\/"]}]},{"@type":"ImageObject","inLanguage":"de","@id":"https:\/\/place-add.nl\/de\/uber-uns\/#primaryimage","url":"https:\/\/place-add.nl\/wp-content\/uploads\/2024\/05\/place-add-img-shoroom-3.jpeg","contentUrl":"https:\/\/place-add.nl\/wp-content\/uploads\/2024\/05\/place-add-img-shoroom-3.jpeg"},{"@type":"BreadcrumbList","@id":"https:\/\/place-add.nl\/de\/uber-uns\/#breadcrumb","itemListElement":[{"@type":"ListItem","position":1,"name":"Home","item":"https:\/\/place-add.nl\/de\/home\/"},{"@type":"ListItem","position":2,"name":"\u00dcber uns"}]},{"@type":"WebSite","@id":"https:\/\/place-add.nl\/de\/#website","url":"https:\/\/place-add.nl\/de\/","name":"Place Add","description":"Tafelkleding voor de horeca","publisher":{"@id":"https:\/\/place-add.nl\/de\/#organization"},"potentialAction":[{"@type":"SearchAction","target":{"@type":"EntryPoint","urlTemplate":"https:\/\/place-add.nl\/de\/?s={search_term_string}"},"query-input":{"@type":"PropertyValueSpecification","valueRequired":true,"valueName":"search_term_string"}}],"inLanguage":"de"},{"@type":"Organization","@id":"https:\/\/place-add.nl\/de\/#organization","name":"Place Add","url":"https:\/\/place-add.nl\/de\/","logo":{"@type":"ImageObject","inLanguage":"de","@id":"https:\/\/place-add.nl\/de\/#\/schema\/logo\/image\/","url":"https:\/\/place-add.nl\/wp-content\/uploads\/2023\/11\/logo-img-place-add.png","contentUrl":"https:\/\/place-add.nl\/wp-content\/uploads\/2023\/11\/logo-img-place-add.png","width":404,"height":106,"caption":"Place Add"},"image":{"@id":"https:\/\/place-add.nl\/de\/#\/schema\/logo\/image\/"},"sameAs":["https:\/\/www.facebook.com\/PlaceAdd\/","https:\/\/www.instagram.com\/place_add\/","https:\/\/www.youtube.com\/@placeadd"]}]}},"_links":{"self":[{"href":"https:\/\/place-add.nl\/de\/wp-json\/wp\/v2\/pages\/41409","targetHints":{"allow":["GET"]}}],"collection":[{"href":"https:\/\/place-add.nl\/de\/wp-json\/wp\/v2\/pages"}],"about":[{"href":"https:\/\/place-add.nl\/de\/wp-json\/wp\/v2\/types\/page"}],"author":[{"embeddable":true,"href":"https:\/\/place-add.nl\/de\/wp-json\/wp\/v2\/users\/2"}],"replies":[{"embeddable":true,"href":"https:\/\/place-add.nl\/de\/wp-json\/wp\/v2\/comments?post=41409"}],"version-history":[{"count":10,"href":"https:\/\/place-add.nl\/de\/wp-json\/wp\/v2\/pages\/41409\/revisions"}],"predecessor-version":[{"id":41419,"href":"https:\/\/place-add.nl\/de\/wp-json\/wp\/v2\/pages\/41409\/revisions\/41419"}],"wp:attachment":[{"href":"https:\/\/place-add.nl\/de\/wp-json\/wp\/v2\/media?parent=41409"}],"curies":[{"name":"wp","href":"https:\/\/api.w.org\/{rel}","templated":true}]}}