{"id":47425,"date":"2024-08-07T09:35:37","date_gmt":"2024-08-07T09:35:37","guid":{"rendered":"https:\/\/place-add.nl\/bedruckte-einwegartikel\/servietten-bedrucken\/cocktail-servet\/"},"modified":"2025-06-06T09:01:25","modified_gmt":"2025-06-06T09:01:25","slug":"cocktailserviette","status":"publish","type":"page","link":"https:\/\/place-add.nl\/de\/bedruckte-einwegartikel\/servietten-bedrucken\/cocktailserviette\/","title":{"rendered":"Cocktailserviette"},"content":{"rendered":"\t\t<div data-elementor-type=\"wp-page\" data-elementor-id=\"47425\" class=\"elementor elementor-47425 elementor-34835\" data-elementor-post-type=\"page\">\n\t\t\t\t<div class=\"elementor-element elementor-element-3d4a5f3 alle-producten-tabs e-flex e-con-boxed e-con e-parent\" data-id=\"3d4a5f3\" data-element_type=\"container\" data-settings=\"{&quot;background_background&quot;:&quot;classic&quot;}\">\n\t\t\t\t\t<div class=\"e-con-inner\">\n\t\t<div class=\"elementor-element elementor-element-c690880 e-con-full e-flex e-con e-child\" data-id=\"c690880\" data-element_type=\"container\">\n\t\t<div class=\"elementor-element elementor-element-ad1a22a e-con-full animated-fast e-flex elementor-invisible e-con e-child\" data-id=\"ad1a22a\" data-element_type=\"container\" data-settings=\"{&quot;background_background&quot;:&quot;classic&quot;,&quot;animation&quot;:&quot;fadeIn&quot;,&quot;animation_delay&quot;:100}\">\n\t\t<div class=\"elementor-element elementor-element-918bd69 e-con-full e-flex e-con e-child\" data-id=\"918bd69\" data-element_type=\"container\">\n\t\t<div class=\"elementor-element elementor-element-16b45b2 e-con-full e-flex e-con e-child\" data-id=\"16b45b2\" data-element_type=\"container\">\n\t\t<div class=\"elementor-element elementor-element-1573e62 animated-fast e-flex e-con-boxed elementor-invisible e-con e-child\" data-id=\"1573e62\" data-element_type=\"container\" data-settings=\"{&quot;background_background&quot;:&quot;classic&quot;,&quot;animation&quot;:&quot;fadeIn&quot;,&quot;animation_delay&quot;:100}\">\n\t\t\t\t\t<div class=\"e-con-inner\">\n\t\t\t\t<div class=\"elementor-element elementor-element-064b140 animated-fast elementor-invisible elementor-widget elementor-widget-elementskit-heading\" data-id=\"064b140\" data-element_type=\"widget\" data-settings=\"{&quot;ekit_we_effect_on&quot;:&quot;css&quot;,&quot;_animation&quot;:&quot;fadeIn&quot;,&quot;_animation_delay&quot;:200}\" data-widget_type=\"elementskit-heading.default\">\n\t\t\t\t<div class=\"elementor-widget-container\">\n\t\t\t\t\t<div class=\"ekit-wid-con\" ><div class=\"ekit-heading elementskit-section-title-wraper text_center   ekit_heading_tablet-   ekit_heading_mobile-\"><h3 class=\"ekit-heading--title elementskit-section-title \">Cocktailserviette<\/h3>\t\t\t\t<div class='ekit-heading__description'>\n\t\t\t\t\t<p>Verleihen Sie Ihren Getr\u00e4nken einen stilvollen und praktischen Touch mit unseren Cocktailservietten \u2013 erh\u00e4ltlich in verschiedenen Qualit\u00e4ten und Farben. Personalisieren Sie sie mit Ihrem eigenen Logo f\u00fcr einen einzigartigen und professionellen Auftritt \u2013 perfekt f\u00fcr jeden Anlass.<\/p>\n\t\t\t\t<\/div>\n\t\t\t<\/div><\/div>\t\t\t\t<\/div>\n\t\t\t\t<\/div>\n\t\t\t\t<div class=\"elementor-element elementor-element-261424d elementor-widget elementor-widget-elementskit-breadcrumb\" data-id=\"261424d\" data-element_type=\"widget\" data-settings=\"{&quot;ekit_we_effect_on&quot;:&quot;none&quot;}\" data-widget_type=\"elementskit-breadcrumb.default\">\n\t\t\t\t<div class=\"elementor-widget-container\">\n\t\t\t\t\t<div class=\"ekit-wid-con\" ><ol class=\"ekit-breadcrumb\"><li class=\"ekit_breadcrumbs_start\"><a href=\"https:\/\/place-add.nl\/de\/\">Home<\/a><\/li> <li class=\"brd_sep\"><span class=\"separate_icon\"><i class=\"fas fa-circle\"><\/i><\/span><\/li> <li><a href=\"https:\/\/place-add.nl\/de\/bedruckte-einwegartikel\/\" title=\"Bedruckte Einwegartikel\">Bedruckte Einwegartikel<\/a><\/li> <li class=\"brd_sep\"><span class=\"separate_icon\"><i class=\"fas fa-circle\"><\/i><\/span><\/li> <li><a href=\"https:\/\/place-add.nl\/de\/bedruckte-einwegartikel\/servietten-bedrucken\/\" title=\"Servietten bedrucken\">Servietten bedrucken<\/a><\/li> <li class=\"brd_sep\"><span class=\"separate_icon\"><i class=\"fas fa-circle\"><\/i><\/span><\/li>  <li>Cocktailserviette<\/li><\/ol><\/div>\t\t\t\t<\/div>\n\t\t\t\t<\/div>\n\t\t\t\t\t<\/div>\n\t\t\t\t<\/div>\n\t\t<div class=\"elementor-element elementor-element-4b98523 e-con-full e-flex e-con e-child\" data-id=\"4b98523\" data-element_type=\"container\">\n\t\t<div class=\"elementor-element elementor-element-83790b1 e-con-full e-flex e-con e-child\" data-id=\"83790b1\" data-element_type=\"container\" data-settings=\"{&quot;background_background&quot;:&quot;classic&quot;}\">\n\t\t<div class=\"elementor-element elementor-element-4d34510 e-con-full animated-fast e-flex elementor-invisible e-con e-child\" data-id=\"4d34510\" data-element_type=\"container\" data-settings=\"{&quot;background_background&quot;:&quot;classic&quot;,&quot;animation&quot;:&quot;fadeInUp&quot;,&quot;animation_delay&quot;:100}\">\n\t\t\t\t<div class=\"elementor-element elementor-element-c872920 elementor-arrows-position-inside elementor-pagination-position-outside elementor-widget elementor-widget-image-carousel\" data-id=\"c872920\" data-element_type=\"widget\" data-settings=\"{&quot;slides_to_show&quot;:&quot;1&quot;,&quot;navigation&quot;:&quot;both&quot;,&quot;infinite&quot;:&quot;yes&quot;,&quot;effect&quot;:&quot;slide&quot;,&quot;speed&quot;:500,&quot;ekit_we_effect_on&quot;:&quot;none&quot;}\" data-widget_type=\"image-carousel.default\">\n\t\t\t\t<div class=\"elementor-widget-container\">\n\t\t\t\t\t\t\t<div class=\"elementor-image-carousel-wrapper swiper\" role=\"region\" aria-roledescription=\"carousel\" aria-label=\"Afbeelding carrousel\" dir=\"ltr\">\n\t\t\t<div class=\"elementor-image-carousel swiper-wrapper\" aria-live=\"polite\">\n\t\t\t\t\t\t\t\t<div class=\"swiper-slide\" role=\"group\" aria-roledescription=\"slide\" aria-label=\"1 von 2\"><a data-elementor-open-lightbox=\"yes\" data-elementor-lightbox-slideshow=\"c872920\" data-elementor-lightbox-title=\"Servetten_bedrukken_cocktailservet_wit_Place _add_2\" data-e-action-hash=\"#elementor-action%3Aaction%3Dlightbox%26settings%3DeyJpZCI6Mzk3MjUsInVybCI6Imh0dHBzOlwvXC9wbGFjZS1hZGQubmxcL3dwLWNvbnRlbnRcL3VwbG9hZHNcLzIwMjRcLzA4XC9TZXJ2ZXR0ZW5fYmVkcnVra2VuX2NvY2t0YWlsc2VydmV0X3dpdF9QbGFjZS1fYWRkXzIuanBnIiwic2xpZGVzaG93IjoiYzg3MjkyMCJ9\" href=\"\/de\/produkt\/weisse-cocktailserviette\/\"><figure class=\"swiper-slide-inner\"><img decoding=\"async\" class=\"swiper-slide-image\" src=\"https:\/\/place-add.nl\/wp-content\/uploads\/2024\/08\/Servetten_bedrukken_cocktailservet_wit_Place-_add_2.jpg\" alt=\"Servetten_bedrukken_cocktailservet_wit_Place _add_2\" \/><\/figure><\/a><\/div><div class=\"swiper-slide\" role=\"group\" aria-roledescription=\"slide\" aria-label=\"2 von 2\"><a data-elementor-open-lightbox=\"yes\" data-elementor-lightbox-slideshow=\"c872920\" data-elementor-lightbox-title=\"Servetten_bedrukken_cocktailservet_wit_Place _add_1\" data-e-action-hash=\"#elementor-action%3Aaction%3Dlightbox%26settings%3DeyJpZCI6Mzk3MjQsInVybCI6Imh0dHBzOlwvXC9wbGFjZS1hZGQubmxcL3dwLWNvbnRlbnRcL3VwbG9hZHNcLzIwMjRcLzA4XC9TZXJ2ZXR0ZW5fYmVkcnVra2VuX2NvY2t0YWlsc2VydmV0X3dpdF9QbGFjZS1fYWRkXzEuanBnIiwic2xpZGVzaG93IjoiYzg3MjkyMCJ9\" href=\"\/de\/produkt\/weisse-cocktailserviette\/\"><figure class=\"swiper-slide-inner\"><img decoding=\"async\" class=\"swiper-slide-image\" src=\"https:\/\/place-add.nl\/wp-content\/uploads\/2024\/08\/Servetten_bedrukken_cocktailservet_wit_Place-_add_1.jpg\" alt=\"Servetten_bedrukken_cocktailservet_wit_Place _add_1\" \/><\/figure><\/a><\/div>\t\t\t<\/div>\n\t\t\t\t\t\t\t\t\t\t\t\t<div class=\"elementor-swiper-button elementor-swiper-button-prev\" role=\"button\" tabindex=\"0\">\n\t\t\t\t\t\t<i aria-hidden=\"true\" class=\"fas fa-angle-left\"><\/i>\t\t\t\t\t<\/div>\n\t\t\t\t\t<div class=\"elementor-swiper-button elementor-swiper-button-next\" role=\"button\" tabindex=\"0\">\n\t\t\t\t\t\t<i aria-hidden=\"true\" class=\"fas fa-angle-right\"><\/i>\t\t\t\t\t<\/div>\n\t\t\t\t\n\t\t\t\t\t\t\t\t\t<div class=\"swiper-pagination\"><\/div>\n\t\t\t\t\t\t\t\t\t<\/div>\n\t\t\t\t\t\t<\/div>\n\t\t\t\t<\/div>\n\t\t\t\t<div class=\"elementor-element elementor-element-1011352 widget-link-underline ekit-equal-height-enable elementor-widget elementor-widget-elementskit-icon-box\" data-id=\"1011352\" data-element_type=\"widget\" data-settings=\"{&quot;ekit_we_effect_on&quot;:&quot;none&quot;}\" data-widget_type=\"elementskit-icon-box.default\">\n\t\t\t\t<div class=\"elementor-widget-container\">\n\t\t\t\t\t<div class=\"ekit-wid-con\" >        <!-- link opening -->\n                <!-- end link opening -->\n\n        <div class=\"elementskit-infobox text-center text-center icon-top-align elementor-animation-   \">\n                            <div class=\"elementskit-box-header\">\n                <div class=\"elementskit-info-box-icon \">\n                    <img decoding=\"async\" src=\"\" title=\"\" alt=\"\" class=\"\" \/>                <\/div>\n          <\/div>\n                <div class=\"box-body\">\n                        \t\t  \t<p><h5><a class=\"titelproduct-tegel\" href=\"\/de\/produkt\/weisse-cocktailserviette\/\">wei\u00dfe Cocktailserviette<\/a><\/h5>\n<\/p>\n                                        <div class=\"box-footer disable_hover_button\">\n                    <div class=\"btn-wraper\">\n                                                            <a class=\"elementskit-btn whitespace--normal\" href=\"\/de\/produkt\/weisse-cocktailserviette\/\">\n                                                                                Mehr lesen                                    <\/a>\n                                                        <\/div>\n                <\/div>\n                    <\/div>\n        \n        \n                <\/div>\n        <\/div>\t\t\t\t<\/div>\n\t\t\t\t<\/div>\n\t\t\t\t<\/div>\n\t\t<div class=\"elementor-element elementor-element-aea3f2e e-con-full animated-fast e-flex elementor-invisible e-con e-child\" data-id=\"aea3f2e\" data-element_type=\"container\" data-settings=\"{&quot;background_background&quot;:&quot;classic&quot;,&quot;animation&quot;:&quot;fadeInUp&quot;,&quot;animation_delay&quot;:100}\">\n\t\t\t\t<div class=\"elementor-element elementor-element-f805523 elementor-arrows-position-inside elementor-pagination-position-outside elementor-widget elementor-widget-image-carousel\" data-id=\"f805523\" data-element_type=\"widget\" data-settings=\"{&quot;slides_to_show&quot;:&quot;1&quot;,&quot;navigation&quot;:&quot;both&quot;,&quot;infinite&quot;:&quot;yes&quot;,&quot;effect&quot;:&quot;slide&quot;,&quot;speed&quot;:500,&quot;ekit_we_effect_on&quot;:&quot;none&quot;}\" data-widget_type=\"image-carousel.default\">\n\t\t\t\t<div class=\"elementor-widget-container\">\n\t\t\t\t\t\t\t<div class=\"elementor-image-carousel-wrapper swiper\" role=\"region\" aria-roledescription=\"carousel\" aria-label=\"Afbeelding carrousel\" dir=\"ltr\">\n\t\t\t<div class=\"elementor-image-carousel swiper-wrapper\" aria-live=\"polite\">\n\t\t\t\t\t\t\t\t<div class=\"swiper-slide\" role=\"group\" aria-roledescription=\"slide\" aria-label=\"1 von 1\"><a data-elementor-open-lightbox=\"yes\" data-elementor-lightbox-slideshow=\"f805523\" data-elementor-lightbox-title=\"Servetten_bedrukken_cocktailservet_zwart_Place _add_1\" data-e-action-hash=\"#elementor-action%3Aaction%3Dlightbox%26settings%3DeyJpZCI6Mzk3MjYsInVybCI6Imh0dHBzOlwvXC9wbGFjZS1hZGQubmxcL3dwLWNvbnRlbnRcL3VwbG9hZHNcLzIwMjRcLzA4XC9TZXJ2ZXR0ZW5fYmVkcnVra2VuX2NvY2t0YWlsc2VydmV0X3p3YXJ0X1BsYWNlLV9hZGRfMS5qcGciLCJzbGlkZXNob3ciOiJmODA1NTIzIn0%3D\" href=\"\/de\/produkt\/cocktail-serviette-colour\/\"><figure class=\"swiper-slide-inner\"><img decoding=\"async\" class=\"swiper-slide-image\" src=\"https:\/\/place-add.nl\/wp-content\/uploads\/2024\/08\/Servetten_bedrukken_cocktailservet_zwart_Place-_add_1.jpg\" alt=\"Servetten_bedrukken_cocktailservet_zwart_Place _add_1\" \/><\/figure><\/a><\/div>\t\t\t<\/div>\n\t\t\t\t\t<\/div>\n\t\t\t\t\t\t<\/div>\n\t\t\t\t<\/div>\n\t\t\t\t<div class=\"elementor-element elementor-element-f1da071 widget-link-underline ekit-equal-height-enable elementor-widget elementor-widget-elementskit-icon-box\" data-id=\"f1da071\" data-element_type=\"widget\" data-settings=\"{&quot;ekit_we_effect_on&quot;:&quot;none&quot;}\" data-widget_type=\"elementskit-icon-box.default\">\n\t\t\t\t<div class=\"elementor-widget-container\">\n\t\t\t\t\t<div class=\"ekit-wid-con\" >        <!-- link opening -->\n                <!-- end link opening -->\n\n        <div class=\"elementskit-infobox text-center text-center icon-top-align elementor-animation-   \">\n                            <div class=\"elementskit-box-header\">\n                <div class=\"elementskit-info-box-icon \">\n                    <img decoding=\"async\" src=\"\" title=\"\" alt=\"\" class=\"\" \/>                <\/div>\n          <\/div>\n                <div class=\"box-body\">\n                        \t\t  \t<p><h5><a class=\"titelproduct-tegel\" href=\"\/de\/produkt\/cocktail-serviette-colour\/\">farbige Cocktailserviette<\/a><\/h5>\n<\/p>\n                                        <div class=\"box-footer disable_hover_button\">\n                    <div class=\"btn-wraper\">\n                                                            <a class=\"elementskit-btn whitespace--normal\" href=\"\/de\/produkt\/cocktail-serviette-colour\/\">\n                                                                                Mehr lesen                                    <\/a>\n                                                        <\/div>\n                <\/div>\n                    <\/div>\n        \n        \n                <\/div>\n        <\/div>\t\t\t\t<\/div>\n\t\t\t\t<\/div>\n\t\t\t\t<\/div>\n\t\t<div class=\"elementor-element elementor-element-eb2df5f e-con-full animated-fast e-flex elementor-invisible e-con e-child\" data-id=\"eb2df5f\" data-element_type=\"container\" data-settings=\"{&quot;background_background&quot;:&quot;classic&quot;,&quot;animation&quot;:&quot;fadeInUp&quot;,&quot;animation_delay&quot;:100}\">\n\t\t\t\t<\/div>\n\t\t\t\t<\/div>\n\t\t\t\t<\/div>\n\t\t\t\t<\/div>\n\t\t\t\t<\/div>\n\t\t\t\t<\/div>\n\t\t\t\t<\/div>\n\t\t\t\t\t<\/div>\n\t\t\t\t<\/div>\n\t\t\t\t<\/div>\n\t\t","protected":false},"excerpt":{"rendered":"<p>Cocktailserviette Verleihen Sie Ihren Getr\u00e4nken einen stilvollen und praktischen Touch mit unseren Cocktailservietten \u2013 erh\u00e4ltlich in verschiedenen Qualit\u00e4ten und Farben. Personalisieren Sie sie mit Ihrem eigenen Logo f\u00fcr einen einzigartigen und professionellen Auftritt \u2013 perfekt f\u00fcr jeden Anlass. Home wei\u00dfe Cocktailserviette Mehr lesen farbige Cocktailserviette Mehr lesen<\/p>\n","protected":false},"author":4,"featured_media":0,"parent":47173,"menu_order":0,"comment_status":"closed","ping_status":"closed","template":"","meta":{"footnotes":""},"class_list":["post-47425","page","type-page","status-publish","hentry"],"yoast_head":"<!-- This site is optimized with the Yoast SEO Premium plugin v27.2 (Yoast SEO v27.2) - https:\/\/yoast.com\/product\/yoast-seo-premium-wordpress\/ -->\n<title>Cocktailserviette | Place Add | F\u00fcr die Gastronomie<\/title>\n<meta name=\"description\" content=\"Willkommen beim Spezialisten f\u00fcr bedruckte Papier-Cocktailservietten. Ob trendige Cocktailbar, Restaurant oder Caf\u00e9 \u2013 klicken Sie hier!\" \/>\n<meta name=\"robots\" content=\"index, follow, max-snippet:-1, max-image-preview:large, max-video-preview:-1\" \/>\n<link rel=\"canonical\" href=\"https:\/\/place-add.nl\/de\/bedruckte-einwegartikel\/servietten-bedrucken\/cocktailserviette\/\" \/>\n<meta property=\"og:locale\" content=\"de_DE\" \/>\n<meta property=\"og:type\" content=\"article\" \/>\n<meta property=\"og:title\" content=\"Cocktailserviette\" \/>\n<meta property=\"og:description\" content=\"Willkommen beim Spezialisten f\u00fcr bedruckte Papier-Cocktailservietten. Ob trendige Cocktailbar, Restaurant oder Caf\u00e9 \u2013 klicken Sie hier!\" \/>\n<meta property=\"og:url\" content=\"https:\/\/place-add.nl\/de\/bedruckte-einwegartikel\/servietten-bedrucken\/cocktailserviette\/\" \/>\n<meta property=\"og:site_name\" content=\"Place Add\" \/>\n<meta property=\"article:publisher\" content=\"https:\/\/www.facebook.com\/PlaceAdd\/\" \/>\n<meta property=\"article:modified_time\" content=\"2025-06-06T09:01:25+00:00\" \/>\n<meta property=\"og:image\" content=\"https:\/\/place-add.nl\/wp-content\/uploads\/2024\/08\/Servetten_bedrukken_cocktailservet_wit_Place-_add_2.jpg\" \/>\n<meta name=\"twitter:card\" content=\"summary_large_image\" \/>\n<meta name=\"twitter:label1\" content=\"Gesch\u00e4tzte Lesezeit\" \/>\n\t<meta name=\"twitter:data1\" content=\"2\u00a0Minuten\" \/>\n<script type=\"application\/ld+json\" class=\"yoast-schema-graph\">{\"@context\":\"https:\/\/schema.org\",\"@graph\":[{\"@type\":\"WebPage\",\"@id\":\"https:\/\/place-add.nl\/de\/bedruckte-einwegartikel\/servietten-bedrucken\/cocktailserviette\/\",\"url\":\"https:\/\/place-add.nl\/de\/bedruckte-einwegartikel\/servietten-bedrucken\/cocktailserviette\/\",\"name\":\"Cocktailserviette | Place Add | F\u00fcr die Gastronomie\",\"isPartOf\":{\"@id\":\"https:\/\/place-add.nl\/de\/#website\"},\"primaryImageOfPage\":{\"@id\":\"https:\/\/place-add.nl\/de\/bedruckte-einwegartikel\/servietten-bedrucken\/cocktailserviette\/#primaryimage\"},\"image\":{\"@id\":\"https:\/\/place-add.nl\/de\/bedruckte-einwegartikel\/servietten-bedrucken\/cocktailserviette\/#primaryimage\"},\"thumbnailUrl\":\"https:\/\/place-add.nl\/wp-content\/uploads\/2024\/08\/Servetten_bedrukken_cocktailservet_wit_Place-_add_2.jpg\",\"datePublished\":\"2024-08-07T09:35:37+00:00\",\"dateModified\":\"2025-06-06T09:01:25+00:00\",\"description\":\"Willkommen beim Spezialisten f\u00fcr bedruckte Papier-Cocktailservietten. Ob trendige Cocktailbar, Restaurant oder Caf\u00e9 \u2013 klicken Sie hier!\",\"breadcrumb\":{\"@id\":\"https:\/\/place-add.nl\/de\/bedruckte-einwegartikel\/servietten-bedrucken\/cocktailserviette\/#breadcrumb\"},\"inLanguage\":\"de\",\"potentialAction\":[{\"@type\":\"ReadAction\",\"target\":[\"https:\/\/place-add.nl\/de\/bedruckte-einwegartikel\/servietten-bedrucken\/cocktailserviette\/\"]}]},{\"@type\":\"ImageObject\",\"inLanguage\":\"de\",\"@id\":\"https:\/\/place-add.nl\/de\/bedruckte-einwegartikel\/servietten-bedrucken\/cocktailserviette\/#primaryimage\",\"url\":\"https:\/\/place-add.nl\/wp-content\/uploads\/2024\/08\/Servetten_bedrukken_cocktailservet_wit_Place-_add_2.jpg\",\"contentUrl\":\"https:\/\/place-add.nl\/wp-content\/uploads\/2024\/08\/Servetten_bedrukken_cocktailservet_wit_Place-_add_2.jpg\"},{\"@type\":\"BreadcrumbList\",\"@id\":\"https:\/\/place-add.nl\/de\/bedruckte-einwegartikel\/servietten-bedrucken\/cocktailserviette\/#breadcrumb\",\"itemListElement\":[{\"@type\":\"ListItem\",\"position\":1,\"name\":\"Home\",\"item\":\"https:\/\/place-add.nl\/de\/home\/\"},{\"@type\":\"ListItem\",\"position\":2,\"name\":\"Bedruckte Einwegartikel\",\"item\":\"https:\/\/place-add.nl\/de\/bedruckte-einwegartikel\/\"},{\"@type\":\"ListItem\",\"position\":3,\"name\":\"Servietten bedrucken\",\"item\":\"https:\/\/place-add.nl\/de\/bedruckte-einwegartikel\/servietten-bedrucken\/\"},{\"@type\":\"ListItem\",\"position\":4,\"name\":\"Cocktailserviette\"}]},{\"@type\":\"WebSite\",\"@id\":\"https:\/\/place-add.nl\/de\/#website\",\"url\":\"https:\/\/place-add.nl\/de\/\",\"name\":\"Place Add\",\"description\":\"Tafelkleding voor de horeca\",\"publisher\":{\"@id\":\"https:\/\/place-add.nl\/de\/#organization\"},\"potentialAction\":[{\"@type\":\"SearchAction\",\"target\":{\"@type\":\"EntryPoint\",\"urlTemplate\":\"https:\/\/place-add.nl\/de\/?s={search_term_string}\"},\"query-input\":{\"@type\":\"PropertyValueSpecification\",\"valueRequired\":true,\"valueName\":\"search_term_string\"}}],\"inLanguage\":\"de\"},{\"@type\":\"Organization\",\"@id\":\"https:\/\/place-add.nl\/de\/#organization\",\"name\":\"Place Add\",\"url\":\"https:\/\/place-add.nl\/de\/\",\"logo\":{\"@type\":\"ImageObject\",\"inLanguage\":\"de\",\"@id\":\"https:\/\/place-add.nl\/de\/#\/schema\/logo\/image\/\",\"url\":\"https:\/\/place-add.nl\/wp-content\/uploads\/2023\/11\/logo-img-place-add.png\",\"contentUrl\":\"https:\/\/place-add.nl\/wp-content\/uploads\/2023\/11\/logo-img-place-add.png\",\"width\":404,\"height\":106,\"caption\":\"Place Add\"},\"image\":{\"@id\":\"https:\/\/place-add.nl\/de\/#\/schema\/logo\/image\/\"},\"sameAs\":[\"https:\/\/www.facebook.com\/PlaceAdd\/\",\"https:\/\/www.instagram.com\/place_add\/\",\"https:\/\/www.youtube.com\/@placeadd\"]}]}<\/script>\n<!-- \/ Yoast SEO Premium plugin. -->","yoast_head_json":{"title":"Cocktailserviette | Place Add | F\u00fcr die Gastronomie","description":"Willkommen beim Spezialisten f\u00fcr bedruckte Papier-Cocktailservietten. Ob trendige Cocktailbar, Restaurant oder Caf\u00e9 \u2013 klicken Sie hier!","robots":{"index":"index","follow":"follow","max-snippet":"max-snippet:-1","max-image-preview":"max-image-preview:large","max-video-preview":"max-video-preview:-1"},"canonical":"https:\/\/place-add.nl\/de\/bedruckte-einwegartikel\/servietten-bedrucken\/cocktailserviette\/","og_locale":"de_DE","og_type":"article","og_title":"Cocktailserviette","og_description":"Willkommen beim Spezialisten f\u00fcr bedruckte Papier-Cocktailservietten. Ob trendige Cocktailbar, Restaurant oder Caf\u00e9 \u2013 klicken Sie hier!","og_url":"https:\/\/place-add.nl\/de\/bedruckte-einwegartikel\/servietten-bedrucken\/cocktailserviette\/","og_site_name":"Place Add","article_publisher":"https:\/\/www.facebook.com\/PlaceAdd\/","article_modified_time":"2025-06-06T09:01:25+00:00","og_image":[{"url":"https:\/\/place-add.nl\/wp-content\/uploads\/2024\/08\/Servetten_bedrukken_cocktailservet_wit_Place-_add_2.jpg","type":"","width":"","height":""}],"twitter_card":"summary_large_image","twitter_misc":{"Gesch\u00e4tzte Lesezeit":"2\u00a0Minuten"},"schema":{"@context":"https:\/\/schema.org","@graph":[{"@type":"WebPage","@id":"https:\/\/place-add.nl\/de\/bedruckte-einwegartikel\/servietten-bedrucken\/cocktailserviette\/","url":"https:\/\/place-add.nl\/de\/bedruckte-einwegartikel\/servietten-bedrucken\/cocktailserviette\/","name":"Cocktailserviette | Place Add | F\u00fcr die Gastronomie","isPartOf":{"@id":"https:\/\/place-add.nl\/de\/#website"},"primaryImageOfPage":{"@id":"https:\/\/place-add.nl\/de\/bedruckte-einwegartikel\/servietten-bedrucken\/cocktailserviette\/#primaryimage"},"image":{"@id":"https:\/\/place-add.nl\/de\/bedruckte-einwegartikel\/servietten-bedrucken\/cocktailserviette\/#primaryimage"},"thumbnailUrl":"https:\/\/place-add.nl\/wp-content\/uploads\/2024\/08\/Servetten_bedrukken_cocktailservet_wit_Place-_add_2.jpg","datePublished":"2024-08-07T09:35:37+00:00","dateModified":"2025-06-06T09:01:25+00:00","description":"Willkommen beim Spezialisten f\u00fcr bedruckte Papier-Cocktailservietten. Ob trendige Cocktailbar, Restaurant oder Caf\u00e9 \u2013 klicken Sie hier!","breadcrumb":{"@id":"https:\/\/place-add.nl\/de\/bedruckte-einwegartikel\/servietten-bedrucken\/cocktailserviette\/#breadcrumb"},"inLanguage":"de","potentialAction":[{"@type":"ReadAction","target":["https:\/\/place-add.nl\/de\/bedruckte-einwegartikel\/servietten-bedrucken\/cocktailserviette\/"]}]},{"@type":"ImageObject","inLanguage":"de","@id":"https:\/\/place-add.nl\/de\/bedruckte-einwegartikel\/servietten-bedrucken\/cocktailserviette\/#primaryimage","url":"https:\/\/place-add.nl\/wp-content\/uploads\/2024\/08\/Servetten_bedrukken_cocktailservet_wit_Place-_add_2.jpg","contentUrl":"https:\/\/place-add.nl\/wp-content\/uploads\/2024\/08\/Servetten_bedrukken_cocktailservet_wit_Place-_add_2.jpg"},{"@type":"BreadcrumbList","@id":"https:\/\/place-add.nl\/de\/bedruckte-einwegartikel\/servietten-bedrucken\/cocktailserviette\/#breadcrumb","itemListElement":[{"@type":"ListItem","position":1,"name":"Home","item":"https:\/\/place-add.nl\/de\/home\/"},{"@type":"ListItem","position":2,"name":"Bedruckte Einwegartikel","item":"https:\/\/place-add.nl\/de\/bedruckte-einwegartikel\/"},{"@type":"ListItem","position":3,"name":"Servietten bedrucken","item":"https:\/\/place-add.nl\/de\/bedruckte-einwegartikel\/servietten-bedrucken\/"},{"@type":"ListItem","position":4,"name":"Cocktailserviette"}]},{"@type":"WebSite","@id":"https:\/\/place-add.nl\/de\/#website","url":"https:\/\/place-add.nl\/de\/","name":"Place Add","description":"Tafelkleding voor de horeca","publisher":{"@id":"https:\/\/place-add.nl\/de\/#organization"},"potentialAction":[{"@type":"SearchAction","target":{"@type":"EntryPoint","urlTemplate":"https:\/\/place-add.nl\/de\/?s={search_term_string}"},"query-input":{"@type":"PropertyValueSpecification","valueRequired":true,"valueName":"search_term_string"}}],"inLanguage":"de"},{"@type":"Organization","@id":"https:\/\/place-add.nl\/de\/#organization","name":"Place Add","url":"https:\/\/place-add.nl\/de\/","logo":{"@type":"ImageObject","inLanguage":"de","@id":"https:\/\/place-add.nl\/de\/#\/schema\/logo\/image\/","url":"https:\/\/place-add.nl\/wp-content\/uploads\/2023\/11\/logo-img-place-add.png","contentUrl":"https:\/\/place-add.nl\/wp-content\/uploads\/2023\/11\/logo-img-place-add.png","width":404,"height":106,"caption":"Place Add"},"image":{"@id":"https:\/\/place-add.nl\/de\/#\/schema\/logo\/image\/"},"sameAs":["https:\/\/www.facebook.com\/PlaceAdd\/","https:\/\/www.instagram.com\/place_add\/","https:\/\/www.youtube.com\/@placeadd"]}]}},"_links":{"self":[{"href":"https:\/\/place-add.nl\/de\/wp-json\/wp\/v2\/pages\/47425","targetHints":{"allow":["GET"]}}],"collection":[{"href":"https:\/\/place-add.nl\/de\/wp-json\/wp\/v2\/pages"}],"about":[{"href":"https:\/\/place-add.nl\/de\/wp-json\/wp\/v2\/types\/page"}],"author":[{"embeddable":true,"href":"https:\/\/place-add.nl\/de\/wp-json\/wp\/v2\/users\/4"}],"replies":[{"embeddable":true,"href":"https:\/\/place-add.nl\/de\/wp-json\/wp\/v2\/comments?post=47425"}],"version-history":[{"count":7,"href":"https:\/\/place-add.nl\/de\/wp-json\/wp\/v2\/pages\/47425\/revisions"}],"predecessor-version":[{"id":47437,"href":"https:\/\/place-add.nl\/de\/wp-json\/wp\/v2\/pages\/47425\/revisions\/47437"}],"up":[{"embeddable":true,"href":"https:\/\/place-add.nl\/de\/wp-json\/wp\/v2\/pages\/47173"}],"wp:attachment":[{"href":"https:\/\/place-add.nl\/de\/wp-json\/wp\/v2\/media?parent=47425"}],"curies":[{"name":"wp","href":"https:\/\/api.w.org\/{rel}","templated":true}]}}