{"id":47514,"date":"2024-07-02T08:07:06","date_gmt":"2024-07-02T08:07:06","guid":{"rendered":"https:\/\/place-add.nl\/bedruckte-einwegartikel\/druppelvangers\/"},"modified":"2025-06-14T07:45:32","modified_gmt":"2025-06-14T07:45:32","slug":"tropfenfaenger-mit-aufdruck","status":"publish","type":"page","link":"https:\/\/place-add.nl\/de\/bedruckte-einwegartikel\/tropfenfaenger-mit-aufdruck\/","title":{"rendered":"Tropfenf\u00e4nger mit Aufdruck"},"content":{"rendered":"\t\t<div data-elementor-type=\"wp-page\" data-elementor-id=\"47514\" class=\"elementor elementor-47514 elementor-30865\" data-elementor-post-type=\"page\">\n\t\t\t\t<div class=\"elementor-element elementor-element-3d4a5f3 alle-producten-tabs e-flex e-con-boxed e-con e-parent\" data-id=\"3d4a5f3\" data-element_type=\"container\" data-settings=\"{&quot;background_background&quot;:&quot;classic&quot;}\">\n\t\t\t\t\t<div class=\"e-con-inner\">\n\t\t<div class=\"elementor-element elementor-element-c690880 e-con-full e-flex e-con e-child\" data-id=\"c690880\" data-element_type=\"container\">\n\t\t<div class=\"elementor-element elementor-element-ad1a22a e-con-full animated-fast e-flex elementor-invisible e-con e-child\" data-id=\"ad1a22a\" data-element_type=\"container\" data-settings=\"{&quot;background_background&quot;:&quot;classic&quot;,&quot;animation&quot;:&quot;fadeIn&quot;,&quot;animation_delay&quot;:100}\">\n\t\t<div class=\"elementor-element elementor-element-918bd69 e-con-full e-flex e-con e-child\" data-id=\"918bd69\" data-element_type=\"container\">\n\t\t<div class=\"elementor-element elementor-element-16b45b2 e-con-full e-flex e-con e-child\" data-id=\"16b45b2\" data-element_type=\"container\">\n\t\t<div class=\"elementor-element elementor-element-1573e62 animated-fast e-flex e-con-boxed elementor-invisible e-con e-child\" data-id=\"1573e62\" data-element_type=\"container\" data-settings=\"{&quot;background_background&quot;:&quot;classic&quot;,&quot;animation&quot;:&quot;fadeIn&quot;,&quot;animation_delay&quot;:100}\">\n\t\t\t\t\t<div class=\"e-con-inner\">\n\t\t\t\t<div class=\"elementor-element elementor-element-064b140 animated-fast elementor-invisible elementor-widget elementor-widget-elementskit-heading\" data-id=\"064b140\" data-element_type=\"widget\" data-settings=\"{&quot;ekit_we_effect_on&quot;:&quot;css&quot;,&quot;_animation&quot;:&quot;fadeIn&quot;,&quot;_animation_delay&quot;:200}\" data-widget_type=\"elementskit-heading.default\">\n\t\t\t\t<div class=\"elementor-widget-container\">\n\t\t\t\t\t<div class=\"ekit-wid-con\" ><div class=\"ekit-heading elementskit-section-title-wraper text_center   ekit_heading_tablet-   ekit_heading_mobile-\"><h1 class=\"ekit-heading--title elementskit-section-title \">Tropfenf\u00e4nger mit Aufdruck<\/h1>\t\t\t\t<div class='ekit-heading__description'>\n\t\t\t\t\t<p>Entdecken Sie unsere Tropfenf\u00e4nger, die \u2013 wie der Name schon sagt \u2013 unerl\u00e4sslich sind, um Tropfen Ihres Getr\u00e4nks aufzufangen. Jetzt mit der M\u00f6glichkeit, sie mit Ihrem eigenen Logo zu personalisieren. Erh\u00e4ltlich in verschiedenen Stilen und Gr\u00f6\u00dfen, sind sie perfekt f\u00fcr jede Gelegenheit. Besuchen Sie unseren Webshop und verleihen Sie Ihren Getr\u00e4nken mit unseren ma\u00dfgeschneiderten Tropfenf\u00e4ngern den letzten Schliff!<\/p>\n\t\t\t\t<\/div>\n\t\t\t<\/div><\/div>\t\t\t\t<\/div>\n\t\t\t\t<\/div>\n\t\t\t\t<div class=\"elementor-element elementor-element-261424d elementor-widget elementor-widget-elementskit-breadcrumb\" data-id=\"261424d\" data-element_type=\"widget\" data-settings=\"{&quot;ekit_we_effect_on&quot;:&quot;none&quot;}\" data-widget_type=\"elementskit-breadcrumb.default\">\n\t\t\t\t<div class=\"elementor-widget-container\">\n\t\t\t\t\t<div class=\"ekit-wid-con\" ><ol class=\"ekit-breadcrumb\"><li class=\"ekit_breadcrumbs_start\"><a href=\"https:\/\/place-add.nl\/de\/\">Home<\/a><\/li> <li class=\"brd_sep\"><span class=\"separate_icon\"><i class=\"fas fa-circle\"><\/i><\/span><\/li> <li><a href=\"https:\/\/place-add.nl\/de\/bedruckte-einwegartikel\/\" title=\"Bedruckte Einwegartikel\">Bedruckte Einwegartikel<\/a><\/li> <li class=\"brd_sep\"><span class=\"separate_icon\"><i class=\"fas fa-circle\"><\/i><\/span><\/li>  <li>Tropfenf\u00e4nger mit Aufdruck<\/li><\/ol><\/div>\t\t\t\t<\/div>\n\t\t\t\t<\/div>\n\t\t\t\t\t<\/div>\n\t\t\t\t<\/div>\n\t\t<div class=\"elementor-element elementor-element-4b98523 e-con-full e-flex e-con e-child\" data-id=\"4b98523\" data-element_type=\"container\">\n\t\t<div class=\"elementor-element elementor-element-83790b1 e-con-full e-flex e-con e-child\" data-id=\"83790b1\" data-element_type=\"container\" data-settings=\"{&quot;background_background&quot;:&quot;classic&quot;}\">\n\t\t<div class=\"elementor-element elementor-element-4d34510 e-con-full animated-fast e-flex elementor-invisible e-con e-child\" data-id=\"4d34510\" data-element_type=\"container\" data-settings=\"{&quot;background_background&quot;:&quot;classic&quot;,&quot;animation&quot;:&quot;fadeInUp&quot;,&quot;animation_delay&quot;:100}\">\n\t\t\t\t<div class=\"elementor-element elementor-element-c872920 elementor-arrows-position-inside elementor-pagination-position-outside elementor-widget elementor-widget-image-carousel\" data-id=\"c872920\" data-element_type=\"widget\" data-settings=\"{&quot;slides_to_show&quot;:&quot;1&quot;,&quot;navigation&quot;:&quot;both&quot;,&quot;infinite&quot;:&quot;yes&quot;,&quot;effect&quot;:&quot;slide&quot;,&quot;speed&quot;:500,&quot;ekit_we_effect_on&quot;:&quot;none&quot;}\" data-widget_type=\"image-carousel.default\">\n\t\t\t\t<div class=\"elementor-widget-container\">\n\t\t\t\t\t\t\t<div class=\"elementor-image-carousel-wrapper swiper\" role=\"region\" aria-roledescription=\"carousel\" aria-label=\"Afbeelding carrousel\" dir=\"ltr\">\n\t\t\t<div class=\"elementor-image-carousel swiper-wrapper\" aria-live=\"polite\">\n\t\t\t\t\t\t\t\t<div class=\"swiper-slide\" role=\"group\" aria-roledescription=\"slide\" aria-label=\"1 von 1\"><a data-elementor-open-lightbox=\"yes\" data-elementor-lightbox-slideshow=\"c872920\" data-elementor-lightbox-title=\"servetbedrukt_druppelvangers_meerlagen_Place_Add_1\" data-e-action-hash=\"#elementor-action%3Aaction%3Dlightbox%26settings%3DeyJpZCI6Mzg3MTUsInVybCI6Imh0dHBzOlwvXC9wbGFjZS1hZGQubmxcL3dwLWNvbnRlbnRcL3VwbG9hZHNcLzIwMjRcLzA2XC9zZXJ2ZXRiZWRydWt0X2RydXBwZWx2YW5nZXJzX21lZXJsYWdlbl9QbGFjZV9BZGRfMS5qcGciLCJzbGlkZXNob3ciOiJjODcyOTIwIn0%3D\" href=\"\/de\/produkt\/mehrlagige-tropfenfaenger\/\"><figure class=\"swiper-slide-inner\"><img decoding=\"async\" class=\"swiper-slide-image\" src=\"https:\/\/place-add.nl\/wp-content\/uploads\/2024\/06\/servetbedrukt_druppelvangers_meerlagen_Place_Add_1.jpg\" alt=\"servetbedrukt_druppelvangers_meerlagen_Place_Add_1\" \/><\/figure><\/a><\/div>\t\t\t<\/div>\n\t\t\t\t\t<\/div>\n\t\t\t\t\t\t<\/div>\n\t\t\t\t<\/div>\n\t\t\t\t<div class=\"elementor-element elementor-element-1011352 widget-link-underline ekit-equal-height-enable elementor-widget elementor-widget-elementskit-icon-box\" data-id=\"1011352\" data-element_type=\"widget\" data-settings=\"{&quot;ekit_we_effect_on&quot;:&quot;none&quot;}\" data-widget_type=\"elementskit-icon-box.default\">\n\t\t\t\t<div class=\"elementor-widget-container\">\n\t\t\t\t\t<div class=\"ekit-wid-con\" >        <!-- link opening -->\n                <!-- end link opening -->\n\n        <div class=\"elementskit-infobox text-center text-center icon-top-align elementor-animation-   \">\n                            <div class=\"elementskit-box-header\">\n                <div class=\"elementskit-info-box-icon \">\n                    <img decoding=\"async\" src=\"\" title=\"\" alt=\"\" class=\"\" \/>                <\/div>\n          <\/div>\n                <div class=\"box-body\">\n                        \t\t  \t<p><h5><a class=\"titelproduct-tegel\" href=\"\/de\/produkt\/mehrlagige-tropfenfaenger\/\">mehrlagige Tropfenf\u00e4nger<\/a><\/h5>\n<\/p>\n                                        <div class=\"box-footer disable_hover_button\">\n                    <div class=\"btn-wraper\">\n                                                            <a class=\"elementskit-btn whitespace--normal\" href=\"\/de\/produkt\/mehrlagige-tropfenfaenger\/\">\n                                                                                Mehr lesen                                    <\/a>\n                                                        <\/div>\n                <\/div>\n                    <\/div>\n        \n        \n                <\/div>\n        <\/div>\t\t\t\t<\/div>\n\t\t\t\t<\/div>\n\t\t\t\t<\/div>\n\t\t<div class=\"elementor-element elementor-element-55b1e30 e-con-full animated-fast e-flex elementor-invisible e-con e-child\" data-id=\"55b1e30\" data-element_type=\"container\" data-settings=\"{&quot;background_background&quot;:&quot;classic&quot;,&quot;animation&quot;:&quot;fadeInUp&quot;,&quot;animation_delay&quot;:100}\">\n\t\t\t\t<div class=\"elementor-element elementor-element-1ff10e9 elementor-arrows-position-inside elementor-pagination-position-outside elementor-widget elementor-widget-image-carousel\" data-id=\"1ff10e9\" data-element_type=\"widget\" data-settings=\"{&quot;slides_to_show&quot;:&quot;1&quot;,&quot;navigation&quot;:&quot;both&quot;,&quot;infinite&quot;:&quot;yes&quot;,&quot;effect&quot;:&quot;slide&quot;,&quot;speed&quot;:500,&quot;ekit_we_effect_on&quot;:&quot;none&quot;}\" data-widget_type=\"image-carousel.default\">\n\t\t\t\t<div class=\"elementor-widget-container\">\n\t\t\t\t\t\t\t<div class=\"elementor-image-carousel-wrapper swiper\" role=\"region\" aria-roledescription=\"carousel\" aria-label=\"Afbeelding carrousel\" dir=\"ltr\">\n\t\t\t<div class=\"elementor-image-carousel swiper-wrapper\" aria-live=\"polite\">\n\t\t\t\t\t\t\t\t<div class=\"swiper-slide\" role=\"group\" aria-roledescription=\"slide\" aria-label=\"1 von 1\"><a data-elementor-open-lightbox=\"yes\" data-elementor-lightbox-slideshow=\"1ff10e9\" data-elementor-lightbox-title=\"servetbedrukt_druppelvangers_eenlaag_Place_Add_1\" data-e-action-hash=\"#elementor-action%3Aaction%3Dlightbox%26settings%3DeyJpZCI6Mzg3MTYsInVybCI6Imh0dHBzOlwvXC9wbGFjZS1hZGQubmxcL3dwLWNvbnRlbnRcL3VwbG9hZHNcLzIwMjRcLzA2XC9zZXJ2ZXRiZWRydWt0X2RydXBwZWx2YW5nZXJzX2VlbmxhYWdfUGxhY2VfQWRkXzEuanBnIiwic2xpZGVzaG93IjoiMWZmMTBlOSJ9\" href=\"\/de\/produkt\/einstellige-tropfenfaenger\/\"><figure class=\"swiper-slide-inner\"><img decoding=\"async\" class=\"swiper-slide-image\" src=\"https:\/\/place-add.nl\/wp-content\/uploads\/2024\/06\/servetbedrukt_druppelvangers_eenlaag_Place_Add_1.jpg\" alt=\"servetbedrukt_druppelvangers_eenlaag_Place_Add_1\" \/><\/figure><\/a><\/div>\t\t\t<\/div>\n\t\t\t\t\t<\/div>\n\t\t\t\t\t\t<\/div>\n\t\t\t\t<\/div>\n\t\t\t\t<div class=\"elementor-element elementor-element-643ada5 widget-link-underline ekit-equal-height-enable elementor-widget elementor-widget-elementskit-icon-box\" data-id=\"643ada5\" data-element_type=\"widget\" data-settings=\"{&quot;ekit_we_effect_on&quot;:&quot;none&quot;}\" data-widget_type=\"elementskit-icon-box.default\">\n\t\t\t\t<div class=\"elementor-widget-container\">\n\t\t\t\t\t<div class=\"ekit-wid-con\" >        <!-- link opening -->\n                <!-- end link opening -->\n\n        <div class=\"elementskit-infobox text-center text-center icon-top-align elementor-animation-   \">\n                            <div class=\"elementskit-box-header\">\n                <div class=\"elementskit-info-box-icon \">\n                    <img decoding=\"async\" src=\"\" title=\"\" alt=\"\" class=\"\" \/>                <\/div>\n          <\/div>\n                <div class=\"box-body\">\n                        \t\t  \t<p><h5><a class=\"titelproduct-tegel\" href=\"\/de\/produkt\/einstellige-tropfenfaenger\/\">einstellige Tropfenf\u00e4nger<\/a><\/h5>\n<\/p>\n                                        <div class=\"box-footer disable_hover_button\">\n                    <div class=\"btn-wraper\">\n                                                            <a class=\"elementskit-btn whitespace--normal\" href=\"\/de\/produkt\/einstellige-tropfenfaenger\/\">\n                                                                                Mehr lesen                                    <\/a>\n                                                        <\/div>\n                <\/div>\n                    <\/div>\n        \n        \n                <\/div>\n        <\/div>\t\t\t\t<\/div>\n\t\t\t\t<\/div>\n\t\t\t\t<\/div>\n\t\t<div class=\"elementor-element elementor-element-2aaee6a e-con-full animated-fast e-flex elementor-invisible e-con e-child\" data-id=\"2aaee6a\" data-element_type=\"container\" data-settings=\"{&quot;background_background&quot;:&quot;classic&quot;,&quot;animation&quot;:&quot;fadeInUp&quot;,&quot;animation_delay&quot;:100}\">\n\t\t\t\t<\/div>\n\t\t\t\t<\/div>\n\t\t\t\t<\/div>\n\t\t\t\t<\/div>\n\t\t\t\t<\/div>\n\t\t\t\t<\/div>\n\t\t\t\t<\/div>\n\t\t\t\t\t<\/div>\n\t\t\t\t<\/div>\n\t\t\t\t<\/div>\n\t\t","protected":false},"excerpt":{"rendered":"<p>Tropfenf\u00e4nger mit Aufdruck Entdecken Sie unsere Tropfenf\u00e4nger, die \u2013 wie der Name schon sagt \u2013 unerl\u00e4sslich sind, um Tropfen Ihres Getr\u00e4nks aufzufangen. Jetzt mit der M\u00f6glichkeit, sie mit Ihrem eigenen Logo zu personalisieren. Erh\u00e4ltlich in verschiedenen Stilen und Gr\u00f6\u00dfen, sind sie perfekt f\u00fcr jede Gelegenheit. Besuchen Sie unseren Webshop und verleihen Sie Ihren Getr\u00e4nken mit [&hellip;]<\/p>\n","protected":false},"author":2,"featured_media":0,"parent":41262,"menu_order":0,"comment_status":"closed","ping_status":"closed","template":"","meta":{"footnotes":""},"class_list":["post-47514","page","type-page","status-publish","hentry"],"yoast_head":"<!-- This site is optimized with the Yoast SEO Premium plugin v27.2 (Yoast SEO v27.2) - https:\/\/yoast.com\/product\/yoast-seo-premium-wordpress\/ -->\n<title>Tropfenf\u00e4nger mit Aufdruck | Place Add | F\u00fcr die Gastronomie<\/title>\n<meta name=\"description\" content=\"Tropfenf\u00e4nger f\u00fcr die Gastronomie bestellen Sie in verschiedenen Qualit\u00e4ten mit Ihrem eigenen Aufdruck. Entdecken Sie hier alle M\u00f6glichkeiten.\" \/>\n<meta name=\"robots\" content=\"index, follow, max-snippet:-1, max-image-preview:large, max-video-preview:-1\" \/>\n<link rel=\"canonical\" href=\"https:\/\/place-add.nl\/de\/bedruckte-einwegartikel\/tropfenfaenger-mit-aufdruck\/\" \/>\n<meta property=\"og:locale\" content=\"de_DE\" \/>\n<meta property=\"og:type\" content=\"article\" \/>\n<meta property=\"og:title\" content=\"Tropfenf\u00e4nger mit Aufdruck\" \/>\n<meta property=\"og:description\" content=\"Tropfenf\u00e4nger f\u00fcr die Gastronomie bestellen Sie in verschiedenen Qualit\u00e4ten mit Ihrem eigenen Aufdruck. Entdecken Sie hier alle M\u00f6glichkeiten.\" \/>\n<meta property=\"og:url\" content=\"https:\/\/place-add.nl\/de\/bedruckte-einwegartikel\/tropfenfaenger-mit-aufdruck\/\" \/>\n<meta property=\"og:site_name\" content=\"Place Add\" \/>\n<meta property=\"article:publisher\" content=\"https:\/\/www.facebook.com\/PlaceAdd\/\" \/>\n<meta property=\"article:modified_time\" content=\"2025-06-14T07:45:32+00:00\" \/>\n<meta property=\"og:image\" content=\"https:\/\/place-add.nl\/wp-content\/uploads\/2024\/06\/servetbedrukt_druppelvangers_meerlagen_Place_Add_1.jpg\" \/>\n<meta name=\"twitter:card\" content=\"summary_large_image\" \/>\n<meta name=\"twitter:label1\" content=\"Gesch\u00e4tzte Lesezeit\" \/>\n\t<meta name=\"twitter:data1\" content=\"2\u00a0Minuten\" \/>\n<script type=\"application\/ld+json\" class=\"yoast-schema-graph\">{\"@context\":\"https:\/\/schema.org\",\"@graph\":[{\"@type\":\"WebPage\",\"@id\":\"https:\/\/place-add.nl\/de\/bedruckte-einwegartikel\/tropfenfaenger-mit-aufdruck\/\",\"url\":\"https:\/\/place-add.nl\/de\/bedruckte-einwegartikel\/tropfenfaenger-mit-aufdruck\/\",\"name\":\"Tropfenf\u00e4nger mit Aufdruck | Place Add | F\u00fcr die Gastronomie\",\"isPartOf\":{\"@id\":\"https:\/\/place-add.nl\/de\/#website\"},\"primaryImageOfPage\":{\"@id\":\"https:\/\/place-add.nl\/de\/bedruckte-einwegartikel\/tropfenfaenger-mit-aufdruck\/#primaryimage\"},\"image\":{\"@id\":\"https:\/\/place-add.nl\/de\/bedruckte-einwegartikel\/tropfenfaenger-mit-aufdruck\/#primaryimage\"},\"thumbnailUrl\":\"https:\/\/place-add.nl\/wp-content\/uploads\/2024\/06\/servetbedrukt_druppelvangers_meerlagen_Place_Add_1.jpg\",\"datePublished\":\"2024-07-02T08:07:06+00:00\",\"dateModified\":\"2025-06-14T07:45:32+00:00\",\"description\":\"Tropfenf\u00e4nger f\u00fcr die Gastronomie bestellen Sie in verschiedenen Qualit\u00e4ten mit Ihrem eigenen Aufdruck. Entdecken Sie hier alle M\u00f6glichkeiten.\",\"breadcrumb\":{\"@id\":\"https:\/\/place-add.nl\/de\/bedruckte-einwegartikel\/tropfenfaenger-mit-aufdruck\/#breadcrumb\"},\"inLanguage\":\"de\",\"potentialAction\":[{\"@type\":\"ReadAction\",\"target\":[\"https:\/\/place-add.nl\/de\/bedruckte-einwegartikel\/tropfenfaenger-mit-aufdruck\/\"]}]},{\"@type\":\"ImageObject\",\"inLanguage\":\"de\",\"@id\":\"https:\/\/place-add.nl\/de\/bedruckte-einwegartikel\/tropfenfaenger-mit-aufdruck\/#primaryimage\",\"url\":\"https:\/\/place-add.nl\/wp-content\/uploads\/2024\/06\/servetbedrukt_druppelvangers_meerlagen_Place_Add_1.jpg\",\"contentUrl\":\"https:\/\/place-add.nl\/wp-content\/uploads\/2024\/06\/servetbedrukt_druppelvangers_meerlagen_Place_Add_1.jpg\"},{\"@type\":\"BreadcrumbList\",\"@id\":\"https:\/\/place-add.nl\/de\/bedruckte-einwegartikel\/tropfenfaenger-mit-aufdruck\/#breadcrumb\",\"itemListElement\":[{\"@type\":\"ListItem\",\"position\":1,\"name\":\"Home\",\"item\":\"https:\/\/place-add.nl\/de\/home\/\"},{\"@type\":\"ListItem\",\"position\":2,\"name\":\"Bedruckte Einwegartikel\",\"item\":\"https:\/\/place-add.nl\/de\/bedruckte-einwegartikel\/\"},{\"@type\":\"ListItem\",\"position\":3,\"name\":\"Tropfenf\u00e4nger mit Aufdruck\"}]},{\"@type\":\"WebSite\",\"@id\":\"https:\/\/place-add.nl\/de\/#website\",\"url\":\"https:\/\/place-add.nl\/de\/\",\"name\":\"Place Add\",\"description\":\"Tafelkleding voor de horeca\",\"publisher\":{\"@id\":\"https:\/\/place-add.nl\/de\/#organization\"},\"potentialAction\":[{\"@type\":\"SearchAction\",\"target\":{\"@type\":\"EntryPoint\",\"urlTemplate\":\"https:\/\/place-add.nl\/de\/?s={search_term_string}\"},\"query-input\":{\"@type\":\"PropertyValueSpecification\",\"valueRequired\":true,\"valueName\":\"search_term_string\"}}],\"inLanguage\":\"de\"},{\"@type\":\"Organization\",\"@id\":\"https:\/\/place-add.nl\/de\/#organization\",\"name\":\"Place Add\",\"url\":\"https:\/\/place-add.nl\/de\/\",\"logo\":{\"@type\":\"ImageObject\",\"inLanguage\":\"de\",\"@id\":\"https:\/\/place-add.nl\/de\/#\/schema\/logo\/image\/\",\"url\":\"https:\/\/place-add.nl\/wp-content\/uploads\/2023\/11\/logo-img-place-add.png\",\"contentUrl\":\"https:\/\/place-add.nl\/wp-content\/uploads\/2023\/11\/logo-img-place-add.png\",\"width\":404,\"height\":106,\"caption\":\"Place Add\"},\"image\":{\"@id\":\"https:\/\/place-add.nl\/de\/#\/schema\/logo\/image\/\"},\"sameAs\":[\"https:\/\/www.facebook.com\/PlaceAdd\/\",\"https:\/\/www.instagram.com\/place_add\/\",\"https:\/\/www.youtube.com\/@placeadd\"]}]}<\/script>\n<!-- \/ Yoast SEO Premium plugin. -->","yoast_head_json":{"title":"Tropfenf\u00e4nger mit Aufdruck | Place Add | F\u00fcr die Gastronomie","description":"Tropfenf\u00e4nger f\u00fcr die Gastronomie bestellen Sie in verschiedenen Qualit\u00e4ten mit Ihrem eigenen Aufdruck. Entdecken Sie hier alle M\u00f6glichkeiten.","robots":{"index":"index","follow":"follow","max-snippet":"max-snippet:-1","max-image-preview":"max-image-preview:large","max-video-preview":"max-video-preview:-1"},"canonical":"https:\/\/place-add.nl\/de\/bedruckte-einwegartikel\/tropfenfaenger-mit-aufdruck\/","og_locale":"de_DE","og_type":"article","og_title":"Tropfenf\u00e4nger mit Aufdruck","og_description":"Tropfenf\u00e4nger f\u00fcr die Gastronomie bestellen Sie in verschiedenen Qualit\u00e4ten mit Ihrem eigenen Aufdruck. Entdecken Sie hier alle M\u00f6glichkeiten.","og_url":"https:\/\/place-add.nl\/de\/bedruckte-einwegartikel\/tropfenfaenger-mit-aufdruck\/","og_site_name":"Place Add","article_publisher":"https:\/\/www.facebook.com\/PlaceAdd\/","article_modified_time":"2025-06-14T07:45:32+00:00","og_image":[{"url":"https:\/\/place-add.nl\/wp-content\/uploads\/2024\/06\/servetbedrukt_druppelvangers_meerlagen_Place_Add_1.jpg","type":"","width":"","height":""}],"twitter_card":"summary_large_image","twitter_misc":{"Gesch\u00e4tzte Lesezeit":"2\u00a0Minuten"},"schema":{"@context":"https:\/\/schema.org","@graph":[{"@type":"WebPage","@id":"https:\/\/place-add.nl\/de\/bedruckte-einwegartikel\/tropfenfaenger-mit-aufdruck\/","url":"https:\/\/place-add.nl\/de\/bedruckte-einwegartikel\/tropfenfaenger-mit-aufdruck\/","name":"Tropfenf\u00e4nger mit Aufdruck | Place Add | F\u00fcr die Gastronomie","isPartOf":{"@id":"https:\/\/place-add.nl\/de\/#website"},"primaryImageOfPage":{"@id":"https:\/\/place-add.nl\/de\/bedruckte-einwegartikel\/tropfenfaenger-mit-aufdruck\/#primaryimage"},"image":{"@id":"https:\/\/place-add.nl\/de\/bedruckte-einwegartikel\/tropfenfaenger-mit-aufdruck\/#primaryimage"},"thumbnailUrl":"https:\/\/place-add.nl\/wp-content\/uploads\/2024\/06\/servetbedrukt_druppelvangers_meerlagen_Place_Add_1.jpg","datePublished":"2024-07-02T08:07:06+00:00","dateModified":"2025-06-14T07:45:32+00:00","description":"Tropfenf\u00e4nger f\u00fcr die Gastronomie bestellen Sie in verschiedenen Qualit\u00e4ten mit Ihrem eigenen Aufdruck. Entdecken Sie hier alle M\u00f6glichkeiten.","breadcrumb":{"@id":"https:\/\/place-add.nl\/de\/bedruckte-einwegartikel\/tropfenfaenger-mit-aufdruck\/#breadcrumb"},"inLanguage":"de","potentialAction":[{"@type":"ReadAction","target":["https:\/\/place-add.nl\/de\/bedruckte-einwegartikel\/tropfenfaenger-mit-aufdruck\/"]}]},{"@type":"ImageObject","inLanguage":"de","@id":"https:\/\/place-add.nl\/de\/bedruckte-einwegartikel\/tropfenfaenger-mit-aufdruck\/#primaryimage","url":"https:\/\/place-add.nl\/wp-content\/uploads\/2024\/06\/servetbedrukt_druppelvangers_meerlagen_Place_Add_1.jpg","contentUrl":"https:\/\/place-add.nl\/wp-content\/uploads\/2024\/06\/servetbedrukt_druppelvangers_meerlagen_Place_Add_1.jpg"},{"@type":"BreadcrumbList","@id":"https:\/\/place-add.nl\/de\/bedruckte-einwegartikel\/tropfenfaenger-mit-aufdruck\/#breadcrumb","itemListElement":[{"@type":"ListItem","position":1,"name":"Home","item":"https:\/\/place-add.nl\/de\/home\/"},{"@type":"ListItem","position":2,"name":"Bedruckte Einwegartikel","item":"https:\/\/place-add.nl\/de\/bedruckte-einwegartikel\/"},{"@type":"ListItem","position":3,"name":"Tropfenf\u00e4nger mit Aufdruck"}]},{"@type":"WebSite","@id":"https:\/\/place-add.nl\/de\/#website","url":"https:\/\/place-add.nl\/de\/","name":"Place Add","description":"Tafelkleding voor de horeca","publisher":{"@id":"https:\/\/place-add.nl\/de\/#organization"},"potentialAction":[{"@type":"SearchAction","target":{"@type":"EntryPoint","urlTemplate":"https:\/\/place-add.nl\/de\/?s={search_term_string}"},"query-input":{"@type":"PropertyValueSpecification","valueRequired":true,"valueName":"search_term_string"}}],"inLanguage":"de"},{"@type":"Organization","@id":"https:\/\/place-add.nl\/de\/#organization","name":"Place Add","url":"https:\/\/place-add.nl\/de\/","logo":{"@type":"ImageObject","inLanguage":"de","@id":"https:\/\/place-add.nl\/de\/#\/schema\/logo\/image\/","url":"https:\/\/place-add.nl\/wp-content\/uploads\/2023\/11\/logo-img-place-add.png","contentUrl":"https:\/\/place-add.nl\/wp-content\/uploads\/2023\/11\/logo-img-place-add.png","width":404,"height":106,"caption":"Place Add"},"image":{"@id":"https:\/\/place-add.nl\/de\/#\/schema\/logo\/image\/"},"sameAs":["https:\/\/www.facebook.com\/PlaceAdd\/","https:\/\/www.instagram.com\/place_add\/","https:\/\/www.youtube.com\/@placeadd"]}]}},"_links":{"self":[{"href":"https:\/\/place-add.nl\/de\/wp-json\/wp\/v2\/pages\/47514","targetHints":{"allow":["GET"]}}],"collection":[{"href":"https:\/\/place-add.nl\/de\/wp-json\/wp\/v2\/pages"}],"about":[{"href":"https:\/\/place-add.nl\/de\/wp-json\/wp\/v2\/types\/page"}],"author":[{"embeddable":true,"href":"https:\/\/place-add.nl\/de\/wp-json\/wp\/v2\/users\/2"}],"replies":[{"embeddable":true,"href":"https:\/\/place-add.nl\/de\/wp-json\/wp\/v2\/comments?post=47514"}],"version-history":[{"count":16,"href":"https:\/\/place-add.nl\/de\/wp-json\/wp\/v2\/pages\/47514\/revisions"}],"predecessor-version":[{"id":47909,"href":"https:\/\/place-add.nl\/de\/wp-json\/wp\/v2\/pages\/47514\/revisions\/47909"}],"up":[{"embeddable":true,"href":"https:\/\/place-add.nl\/de\/wp-json\/wp\/v2\/pages\/41262"}],"wp:attachment":[{"href":"https:\/\/place-add.nl\/de\/wp-json\/wp\/v2\/media?parent=47514"}],"curies":[{"name":"wp","href":"https:\/\/api.w.org\/{rel}","templated":true}]}}