{"id":41518,"date":"2024-08-16T11:52:12","date_gmt":"2024-08-16T11:52:12","guid":{"rendered":"https:\/\/place-add.nl\/product\/veer-zien-us\/"},"modified":"2025-06-06T09:35:30","modified_gmt":"2025-06-06T09:35:30","slug":"veer-zien-us","status":"publish","type":"product","link":"https:\/\/place-add.nl\/de\/produkt\/veer-zien-us\/","title":{"rendered":"Veer zien us"},"content":{"rendered":"<p>Lernen Sie unsere exklusive Kollektion von Veer Zien Us Erfrischungst\u00fcchern kennen, die speziell f\u00fcr die Stadt Maastricht entwickelt wurde. Unsere T\u00fccher bieten ein erfrischendes und luxuri\u00f6ses Erlebnis, perfekt f\u00fcr jede Gelegenheit in dieser historischen und pulsierenden Stadt. Entdecken Sie die einzigartigen Eigenschaften, die unsere Erfrischungst\u00fccher zur besten Wahl f\u00fcr Ihren Komfort und Ihr Wohlbefinden machen.<\/p>\n<p>Unsere Feather See Us Erfrischungst\u00fccher sind aus hochwertigem Vliesstoff hergestellt und bieten eine au\u00dfergew\u00f6hnlich weiche Textur, die sich wunderbar auf der Haut anf\u00fchlt. Sie wurden sorgf\u00e4ltig entwickelt, um optimale Frische und Komfort zu bieten, egal ob Sie unterwegs sind, eine k\u00f6stliche Mahlzeit genie\u00dfen oder sich einfach nur frisch machen wollen.<\/p>\n<p>Mit 500 St\u00fcck f\u00fcr nur 0,15 \u20ac pro St\u00fcck sind diese T\u00fccher sowohl f\u00fcr den privaten als auch f\u00fcr den gesch\u00e4ftlichen Gebrauch ideal. Mit ihrem erfrischenden Zitrusduft, der Ihren H\u00e4nden ein sauberes und frisches Gef\u00fchl verleiht, sind sie die perfekte Wahl f\u00fcr alle, die Maastricht besuchen oder diese einzigartige Stadt auf luxuri\u00f6se Weise repr\u00e4sentieren wollen.<\/p>\n<p>Kennen Sie schon unsere 2. Website? Klicken Sie <strong><a href=\"https:\/\/www.craftontable.com\/\">hier<\/a> <\/strong>und werfen Sie einen Blick auf Craft On Table!<\/p>\n<p><strong>Brauchen Sie eine pers\u00f6nliche Beratung bei der Auswahl der richtigen Servietten f\u00fcr Ihren Anlass?<\/strong> Dann z\u00f6gern Sie nicht, uns zu <strong><a href=\"https:\/\/place-add.nl\/de\/kontakt\/\">kontaktieren<\/a><\/strong>. Unser engagiertes Team hilft Ihnen gerne, die perfekte Wahl f\u00fcr Ihre speziellen Bed\u00fcrfnisse zu treffen.<\/p>\n<p><button id=\"knop-contact-opnemen-overige-producten-de\">Kontaktieren Sie uns unverbindlich<\/button><\/p>\n","protected":false},"excerpt":{"rendered":"<p><strong>Erfrischungst\u00fccher f\u00fcr die Stadt Maastricht<\/strong><\/p>\n<p>Willkommen in unserer exklusiven Kollektion von Erfrischungst\u00fcchern, die speziell f\u00fcr die Stadt <strong>Maastricht<\/strong> entworfen wurden. Unsere T\u00fccher bieten ein erfrischendes und luxuri\u00f6ses Erlebnis, perfekt f\u00fcr jede Gelegenheit in dieser historischen und pulsierenden Stadt. Entdecken Sie die einzigartigen Eigenschaften, die unsere Erfrischungst\u00fccher zur besten Wahl f\u00fcr Ihr Wohlbefinden und Komfort machen.<\/p>\n<p>Verpackt in<strong> 500 St\u00fcck<\/strong> zum Preis von \u20ac 0,15 pro St\u00fcck.<\/p>\n<p>Veer zien us Anzahl<\/p>\n<p><button id=\"knop-contact-opnemen-overige-producten-de\">Kontaktieren Sie uns unverbindlich<\/button><\/p>\n","protected":false},"featured_media":40179,"template":"","meta":[],"product_brand":[],"product_cat":[857],"product_tag":[],"class_list":{"0":"post-41518","1":"product","2":"type-product","3":"status-publish","4":"has-post-thumbnail","6":"product_cat-erfrischungstuecher-de","8":"first","9":"instock","10":"taxable","11":"shipping-taxable","12":"purchasable","13":"product-type-simple"},"yoast_head":"<!-- This site is optimized with the Yoast SEO Premium plugin v27.2 (Yoast SEO v27.2) - https:\/\/yoast.com\/product\/yoast-seo-premium-wordpress\/ -->\n<title>Veer zien us | Place Add | F\u00fcr die Gastronomie<\/title>\n<meta name=\"description\" content=\"Erfrischungst\u00fccher mit Maastricht-Aufdruck \u2013 hygienisch, stilvoll und ideal f\u00fcr Gastronomie &amp; Events. Jetzt bei Place Add online bestellen!\" \/>\n<meta name=\"robots\" content=\"index, follow, max-snippet:-1, max-image-preview:large, max-video-preview:-1\" \/>\n<link rel=\"canonical\" href=\"https:\/\/place-add.nl\/de\/produkt\/veer-zien-us\/\" \/>\n<meta property=\"og:locale\" content=\"de_DE\" \/>\n<meta property=\"og:type\" content=\"article\" \/>\n<meta property=\"og:title\" content=\"Veer zien us\" \/>\n<meta property=\"og:description\" content=\"Erfrischungst\u00fccher mit Maastricht-Aufdruck \u2013 hygienisch, stilvoll und ideal f\u00fcr Gastronomie &amp; Events. Jetzt bei Place Add online bestellen!\" \/>\n<meta property=\"og:url\" content=\"https:\/\/place-add.nl\/de\/produkt\/veer-zien-us\/\" \/>\n<meta property=\"og:site_name\" content=\"Place Add\" \/>\n<meta property=\"article:publisher\" content=\"https:\/\/www.facebook.com\/PlaceAdd\/\" \/>\n<meta property=\"article:modified_time\" content=\"2025-06-06T09:35:30+00:00\" \/>\n<meta property=\"og:image\" content=\"https:\/\/place-add.nl\/wp-content\/uploads\/2024\/08\/IMG_1717-scaled.jpg\" \/>\n\t<meta property=\"og:image:width\" content=\"1000\" \/>\n\t<meta property=\"og:image:height\" content=\"1000\" \/>\n\t<meta property=\"og:image:type\" content=\"image\/jpeg\" \/>\n<meta name=\"twitter:card\" content=\"summary_large_image\" \/>\n<meta name=\"twitter:label1\" content=\"Gesch\u00e4tzte Lesezeit\" \/>\n\t<meta name=\"twitter:data1\" content=\"2\u00a0Minuten\" \/>\n<script type=\"application\/ld+json\" class=\"yoast-schema-graph\">{\"@context\":\"https:\/\/schema.org\",\"@graph\":[{\"@type\":\"WebPage\",\"@id\":\"https:\/\/place-add.nl\/de\/produkt\/veer-zien-us\/\",\"url\":\"https:\/\/place-add.nl\/de\/produkt\/veer-zien-us\/\",\"name\":\"Veer zien us | Place Add | F\u00fcr die Gastronomie\",\"isPartOf\":{\"@id\":\"https:\/\/place-add.nl\/de\/#website\"},\"primaryImageOfPage\":{\"@id\":\"https:\/\/place-add.nl\/de\/produkt\/veer-zien-us\/#primaryimage\"},\"image\":{\"@id\":\"https:\/\/place-add.nl\/de\/produkt\/veer-zien-us\/#primaryimage\"},\"thumbnailUrl\":\"https:\/\/place-add.nl\/wp-content\/uploads\/2024\/08\/IMG_1717-scaled.jpg\",\"datePublished\":\"2024-08-16T11:52:12+00:00\",\"dateModified\":\"2025-06-06T09:35:30+00:00\",\"description\":\"Erfrischungst\u00fccher mit Maastricht-Aufdruck \u2013 hygienisch, stilvoll und ideal f\u00fcr Gastronomie & Events. Jetzt bei Place Add online bestellen!\",\"breadcrumb\":{\"@id\":\"https:\/\/place-add.nl\/de\/produkt\/veer-zien-us\/#breadcrumb\"},\"inLanguage\":\"de\",\"potentialAction\":[{\"@type\":\"ReadAction\",\"target\":[\"https:\/\/place-add.nl\/de\/produkt\/veer-zien-us\/\"]}]},{\"@type\":\"ImageObject\",\"inLanguage\":\"de\",\"@id\":\"https:\/\/place-add.nl\/de\/produkt\/veer-zien-us\/#primaryimage\",\"url\":\"https:\/\/place-add.nl\/wp-content\/uploads\/2024\/08\/IMG_1717-scaled.jpg\",\"contentUrl\":\"https:\/\/place-add.nl\/wp-content\/uploads\/2024\/08\/IMG_1717-scaled.jpg\",\"width\":1000,\"height\":1000,\"caption\":\"veer-zien-us-verfrissingsdoekjes\"},{\"@type\":\"BreadcrumbList\",\"@id\":\"https:\/\/place-add.nl\/de\/produkt\/veer-zien-us\/#breadcrumb\",\"itemListElement\":[{\"@type\":\"ListItem\",\"position\":1,\"name\":\"Home\",\"item\":\"https:\/\/place-add.nl\/de\/home\/\"},{\"@type\":\"ListItem\",\"position\":2,\"name\":\"Shop\",\"item\":\"https:\/\/place-add.nl\/de\/shop\/\"},{\"@type\":\"ListItem\",\"position\":3,\"name\":\"Veer zien us\"}]},{\"@type\":\"WebSite\",\"@id\":\"https:\/\/place-add.nl\/de\/#website\",\"url\":\"https:\/\/place-add.nl\/de\/\",\"name\":\"Place Add\",\"description\":\"Tafelkleding voor de horeca\",\"publisher\":{\"@id\":\"https:\/\/place-add.nl\/de\/#organization\"},\"potentialAction\":[{\"@type\":\"SearchAction\",\"target\":{\"@type\":\"EntryPoint\",\"urlTemplate\":\"https:\/\/place-add.nl\/de\/?s={search_term_string}\"},\"query-input\":{\"@type\":\"PropertyValueSpecification\",\"valueRequired\":true,\"valueName\":\"search_term_string\"}}],\"inLanguage\":\"de\"},{\"@type\":\"Organization\",\"@id\":\"https:\/\/place-add.nl\/de\/#organization\",\"name\":\"Place Add\",\"url\":\"https:\/\/place-add.nl\/de\/\",\"logo\":{\"@type\":\"ImageObject\",\"inLanguage\":\"de\",\"@id\":\"https:\/\/place-add.nl\/de\/#\/schema\/logo\/image\/\",\"url\":\"https:\/\/place-add.nl\/wp-content\/uploads\/2023\/11\/logo-img-place-add.png\",\"contentUrl\":\"https:\/\/place-add.nl\/wp-content\/uploads\/2023\/11\/logo-img-place-add.png\",\"width\":404,\"height\":106,\"caption\":\"Place Add\"},\"image\":{\"@id\":\"https:\/\/place-add.nl\/de\/#\/schema\/logo\/image\/\"},\"sameAs\":[\"https:\/\/www.facebook.com\/PlaceAdd\/\",\"https:\/\/www.instagram.com\/place_add\/\",\"https:\/\/www.youtube.com\/@placeadd\"]}]}<\/script>\n<!-- \/ Yoast SEO Premium plugin. -->","yoast_head_json":{"title":"Veer zien us | Place Add | F\u00fcr die Gastronomie","description":"Erfrischungst\u00fccher mit Maastricht-Aufdruck \u2013 hygienisch, stilvoll und ideal f\u00fcr Gastronomie & Events. Jetzt bei Place Add online bestellen!","robots":{"index":"index","follow":"follow","max-snippet":"max-snippet:-1","max-image-preview":"max-image-preview:large","max-video-preview":"max-video-preview:-1"},"canonical":"https:\/\/place-add.nl\/de\/produkt\/veer-zien-us\/","og_locale":"de_DE","og_type":"article","og_title":"Veer zien us","og_description":"Erfrischungst\u00fccher mit Maastricht-Aufdruck \u2013 hygienisch, stilvoll und ideal f\u00fcr Gastronomie & Events. Jetzt bei Place Add online bestellen!","og_url":"https:\/\/place-add.nl\/de\/produkt\/veer-zien-us\/","og_site_name":"Place Add","article_publisher":"https:\/\/www.facebook.com\/PlaceAdd\/","article_modified_time":"2025-06-06T09:35:30+00:00","og_image":[{"width":1000,"height":1000,"url":"https:\/\/place-add.nl\/wp-content\/uploads\/2024\/08\/IMG_1717-scaled.jpg","type":"image\/jpeg"}],"twitter_card":"summary_large_image","twitter_misc":{"Gesch\u00e4tzte Lesezeit":"2\u00a0Minuten"},"schema":{"@context":"https:\/\/schema.org","@graph":[{"@type":"WebPage","@id":"https:\/\/place-add.nl\/de\/produkt\/veer-zien-us\/","url":"https:\/\/place-add.nl\/de\/produkt\/veer-zien-us\/","name":"Veer zien us | Place Add | F\u00fcr die Gastronomie","isPartOf":{"@id":"https:\/\/place-add.nl\/de\/#website"},"primaryImageOfPage":{"@id":"https:\/\/place-add.nl\/de\/produkt\/veer-zien-us\/#primaryimage"},"image":{"@id":"https:\/\/place-add.nl\/de\/produkt\/veer-zien-us\/#primaryimage"},"thumbnailUrl":"https:\/\/place-add.nl\/wp-content\/uploads\/2024\/08\/IMG_1717-scaled.jpg","datePublished":"2024-08-16T11:52:12+00:00","dateModified":"2025-06-06T09:35:30+00:00","description":"Erfrischungst\u00fccher mit Maastricht-Aufdruck \u2013 hygienisch, stilvoll und ideal f\u00fcr Gastronomie & Events. Jetzt bei Place Add online bestellen!","breadcrumb":{"@id":"https:\/\/place-add.nl\/de\/produkt\/veer-zien-us\/#breadcrumb"},"inLanguage":"de","potentialAction":[{"@type":"ReadAction","target":["https:\/\/place-add.nl\/de\/produkt\/veer-zien-us\/"]}]},{"@type":"ImageObject","inLanguage":"de","@id":"https:\/\/place-add.nl\/de\/produkt\/veer-zien-us\/#primaryimage","url":"https:\/\/place-add.nl\/wp-content\/uploads\/2024\/08\/IMG_1717-scaled.jpg","contentUrl":"https:\/\/place-add.nl\/wp-content\/uploads\/2024\/08\/IMG_1717-scaled.jpg","width":1000,"height":1000,"caption":"veer-zien-us-verfrissingsdoekjes"},{"@type":"BreadcrumbList","@id":"https:\/\/place-add.nl\/de\/produkt\/veer-zien-us\/#breadcrumb","itemListElement":[{"@type":"ListItem","position":1,"name":"Home","item":"https:\/\/place-add.nl\/de\/home\/"},{"@type":"ListItem","position":2,"name":"Shop","item":"https:\/\/place-add.nl\/de\/shop\/"},{"@type":"ListItem","position":3,"name":"Veer zien us"}]},{"@type":"WebSite","@id":"https:\/\/place-add.nl\/de\/#website","url":"https:\/\/place-add.nl\/de\/","name":"Place Add","description":"Tafelkleding voor de horeca","publisher":{"@id":"https:\/\/place-add.nl\/de\/#organization"},"potentialAction":[{"@type":"SearchAction","target":{"@type":"EntryPoint","urlTemplate":"https:\/\/place-add.nl\/de\/?s={search_term_string}"},"query-input":{"@type":"PropertyValueSpecification","valueRequired":true,"valueName":"search_term_string"}}],"inLanguage":"de"},{"@type":"Organization","@id":"https:\/\/place-add.nl\/de\/#organization","name":"Place Add","url":"https:\/\/place-add.nl\/de\/","logo":{"@type":"ImageObject","inLanguage":"de","@id":"https:\/\/place-add.nl\/de\/#\/schema\/logo\/image\/","url":"https:\/\/place-add.nl\/wp-content\/uploads\/2023\/11\/logo-img-place-add.png","contentUrl":"https:\/\/place-add.nl\/wp-content\/uploads\/2023\/11\/logo-img-place-add.png","width":404,"height":106,"caption":"Place Add"},"image":{"@id":"https:\/\/place-add.nl\/de\/#\/schema\/logo\/image\/"},"sameAs":["https:\/\/www.facebook.com\/PlaceAdd\/","https:\/\/www.instagram.com\/place_add\/","https:\/\/www.youtube.com\/@placeadd"]}]}},"_links":{"self":[{"href":"https:\/\/place-add.nl\/de\/wp-json\/wp\/v2\/product\/41518","targetHints":{"allow":["GET"]}}],"collection":[{"href":"https:\/\/place-add.nl\/de\/wp-json\/wp\/v2\/product"}],"about":[{"href":"https:\/\/place-add.nl\/de\/wp-json\/wp\/v2\/types\/product"}],"wp:featuredmedia":[{"embeddable":true,"href":"https:\/\/place-add.nl\/de\/wp-json\/wp\/v2\/media\/40179"}],"wp:attachment":[{"href":"https:\/\/place-add.nl\/de\/wp-json\/wp\/v2\/media?parent=41518"}],"wp:term":[{"taxonomy":"product_brand","embeddable":true,"href":"https:\/\/place-add.nl\/de\/wp-json\/wp\/v2\/product_brand?post=41518"},{"taxonomy":"product_cat","embeddable":true,"href":"https:\/\/place-add.nl\/de\/wp-json\/wp\/v2\/product_cat?post=41518"},{"taxonomy":"product_tag","embeddable":true,"href":"https:\/\/place-add.nl\/de\/wp-json\/wp\/v2\/product_tag?post=41518"}],"curies":[{"name":"wp","href":"https:\/\/api.w.org\/{rel}","templated":true}]}}