{"id":42569,"date":"2024-06-25T15:07:38","date_gmt":"2024-06-25T15:07:38","guid":{"rendered":"https:\/\/place-add.nl\/product\/securit-angelina-tafellamp\/"},"modified":"2025-06-05T08:02:03","modified_gmt":"2025-06-05T08:02:03","slug":"securit-angelina-tischleuchte","status":"publish","type":"product","link":"https:\/\/place-add.nl\/de\/produkt\/securit-angelina-tischleuchte\/","title":{"rendered":"Angelina Tischlampe"},"content":{"rendered":"<p>Die drahtlose Securit Angelina Tischlampe wurde speziell mit der Gastronomie im Hinterkopf entwickelt.<\/p>\n<p>Die Securit Angelina Tischlampe sorgt nicht nur f\u00fcr stimmungsvolles Licht f\u00fcr Ihre G\u00e4ste, sondern spart auch wertvolle Zeit f\u00fcr Ihr Personal dank des supereffizienten magnetischen Ladeger\u00e4ts. Unsch\u00e4tzbar wertvoll in Zeiten von Personalherausforderungen in der Gastronomie.<\/p>\n<p>Neben der Angelina-Ausf\u00fchrung k\u00f6nnen Sie auch die <strong><a href=\"https:\/\/place-add.nl\/de\/produkt\/georgina-tischleuchte\/\">Georgina-<\/a><\/strong> oder <strong><a href=\"https:\/\/place-add.nl\/de\/produkt\/feline-tischlampe\/\">Feline-Ausf\u00fchrung<\/a><\/strong> w\u00e4hlen!<\/p>\n<p>Schauen Sie auch auf unserer zweiten Website, <strong><a href=\"https:\/\/www.craftontable.com\/collections\">Craftontable.com<\/a><\/strong>, vorbei, um noch mehr sch\u00f6ne Tischdekorationen zu entdecken!<\/p>\n<p><strong>Ben\u00f6tigen Sie pers\u00f6nliche Beratung bei Ihrer Auswahl? Z\u00f6gern Sie nicht, uns zu kontaktieren. Unser engagiertes Team steht Ihnen zur Verf\u00fcgung, um Ihnen bei der Auswahl der perfekten Speisekarte f\u00fcr Ihr Unternehmen zu helfen!<\/strong><\/p>\n<p><button id=\"knop-contact-opnemen-overige-producten-de\">Kontaktieren Sie uns unverbindlich<\/button><\/p>\n","protected":false},"excerpt":{"rendered":"<p>Die kabellose Securit Design Angelina Tischbeleuchtung wurde speziell mit dem Fokus auf die Gastronomie entwickelt. Die Lampen sorgen nicht nur f\u00fcr eine stimmungsvolle Beleuchtung f\u00fcr Ihre G\u00e4ste, sondern sparen auch wertvolle Zeit f\u00fcr Ihre Mitarbeiter dank des supereffizienten magnetischen Ladeger\u00e4ts. Unsch\u00e4tzbar in Zeiten von Personalherausforderungen in der Gastronomie.<\/p>\n<p><button id=\"knop-contact-opnemen-overige-producten-de\">Kontaktieren Sie uns unverbindlich<\/button><\/p>\n","protected":false},"featured_media":38761,"template":"","meta":[],"product_brand":[],"product_cat":[994],"product_tag":[995,996,997,998,999],"class_list":{"0":"post-42569","1":"product","2":"type-product","3":"status-publish","4":"has-post-thumbnail","6":"product_cat-tischlampe-de","7":"product_tag-angelina-tafellamp-de","8":"product_tag-angelna-tafelverlichting-de","9":"product_tag-lamp-voor-op-tafel-de","10":"product_tag-securit-tafellamp-de","11":"product_tag-securit-tafelverlichting-de","13":"first","14":"instock","15":"taxable","16":"shipping-taxable","17":"purchasable","18":"product-type-variable"},"yoast_head":"<!-- This site is optimized with the Yoast SEO Premium plugin v27.2 (Yoast SEO v27.2) - https:\/\/yoast.com\/product\/yoast-seo-premium-wordpress\/ -->\n<title>Angelina Tischlampe| Place Add | F\u00fcr die Gastronomie<\/title>\n<meta name=\"description\" content=\"Angelina Tischleuchte: kabellos, mit stimmungsvoller Beleuchtung und super effizientem Magnetladeger\u00e4t. Place add F\u00fcr die Gastronomie.\" \/>\n<meta name=\"robots\" content=\"index, follow, max-snippet:-1, max-image-preview:large, max-video-preview:-1\" \/>\n<link rel=\"canonical\" href=\"https:\/\/place-add.nl\/de\/produkt\/securit-angelina-tischleuchte\/\" \/>\n<meta property=\"og:locale\" content=\"de_DE\" \/>\n<meta property=\"og:type\" content=\"article\" \/>\n<meta property=\"og:title\" content=\"Angelina Tischlampe\" \/>\n<meta property=\"og:description\" content=\"Angelina Tischleuchte: kabellos, mit stimmungsvoller Beleuchtung und super effizientem Magnetladeger\u00e4t. Place add F\u00fcr die Gastronomie.\" \/>\n<meta property=\"og:url\" content=\"https:\/\/place-add.nl\/de\/produkt\/securit-angelina-tischleuchte\/\" \/>\n<meta property=\"og:site_name\" content=\"Place Add\" \/>\n<meta property=\"article:publisher\" content=\"https:\/\/www.facebook.com\/PlaceAdd\/\" \/>\n<meta property=\"article:modified_time\" content=\"2025-06-05T08:02:03+00:00\" \/>\n<meta property=\"og:image\" content=\"https:\/\/place-add.nl\/wp-content\/uploads\/2024\/06\/Optafel_angelina_tafellamp_Placeadd_1.jpg\" \/>\n\t<meta property=\"og:image:width\" content=\"800\" \/>\n\t<meta property=\"og:image:height\" content=\"800\" \/>\n\t<meta property=\"og:image:type\" content=\"image\/jpeg\" \/>\n<meta name=\"twitter:card\" content=\"summary_large_image\" \/>\n<meta name=\"twitter:label1\" content=\"Gesch\u00e4tzte Lesezeit\" \/>\n\t<meta name=\"twitter:data1\" content=\"1\u00a0Minute\" \/>\n<script type=\"application\/ld+json\" class=\"yoast-schema-graph\">{\"@context\":\"https:\/\/schema.org\",\"@graph\":[{\"@type\":\"WebPage\",\"@id\":\"https:\/\/place-add.nl\/de\/produkt\/securit-angelina-tischleuchte\/\",\"url\":\"https:\/\/place-add.nl\/de\/produkt\/securit-angelina-tischleuchte\/\",\"name\":\"Angelina Tischlampe| Place Add | F\u00fcr die Gastronomie\",\"isPartOf\":{\"@id\":\"https:\/\/place-add.nl\/de\/#website\"},\"primaryImageOfPage\":{\"@id\":\"https:\/\/place-add.nl\/de\/produkt\/securit-angelina-tischleuchte\/#primaryimage\"},\"image\":{\"@id\":\"https:\/\/place-add.nl\/de\/produkt\/securit-angelina-tischleuchte\/#primaryimage\"},\"thumbnailUrl\":\"https:\/\/place-add.nl\/wp-content\/uploads\/2024\/06\/Optafel_angelina_tafellamp_Placeadd_1.jpg\",\"datePublished\":\"2024-06-25T15:07:38+00:00\",\"dateModified\":\"2025-06-05T08:02:03+00:00\",\"description\":\"Angelina Tischleuchte: kabellos, mit stimmungsvoller Beleuchtung und super effizientem Magnetladeger\u00e4t. Place add F\u00fcr die Gastronomie.\",\"breadcrumb\":{\"@id\":\"https:\/\/place-add.nl\/de\/produkt\/securit-angelina-tischleuchte\/#breadcrumb\"},\"inLanguage\":\"de\",\"potentialAction\":[{\"@type\":\"ReadAction\",\"target\":[\"https:\/\/place-add.nl\/de\/produkt\/securit-angelina-tischleuchte\/\"]}]},{\"@type\":\"ImageObject\",\"inLanguage\":\"de\",\"@id\":\"https:\/\/place-add.nl\/de\/produkt\/securit-angelina-tischleuchte\/#primaryimage\",\"url\":\"https:\/\/place-add.nl\/wp-content\/uploads\/2024\/06\/Optafel_angelina_tafellamp_Placeadd_1.jpg\",\"contentUrl\":\"https:\/\/place-add.nl\/wp-content\/uploads\/2024\/06\/Optafel_angelina_tafellamp_Placeadd_1.jpg\",\"width\":800,\"height\":800,\"caption\":\"Securit Angelina Tafellamp\"},{\"@type\":\"BreadcrumbList\",\"@id\":\"https:\/\/place-add.nl\/de\/produkt\/securit-angelina-tischleuchte\/#breadcrumb\",\"itemListElement\":[{\"@type\":\"ListItem\",\"position\":1,\"name\":\"Home\",\"item\":\"https:\/\/place-add.nl\/de\/home\/\"},{\"@type\":\"ListItem\",\"position\":2,\"name\":\"Shop\",\"item\":\"https:\/\/place-add.nl\/de\/shop\/\"},{\"@type\":\"ListItem\",\"position\":3,\"name\":\"Angelina Tischlampe\"}]},{\"@type\":\"WebSite\",\"@id\":\"https:\/\/place-add.nl\/de\/#website\",\"url\":\"https:\/\/place-add.nl\/de\/\",\"name\":\"Place Add\",\"description\":\"Tafelkleding voor de horeca\",\"publisher\":{\"@id\":\"https:\/\/place-add.nl\/de\/#organization\"},\"potentialAction\":[{\"@type\":\"SearchAction\",\"target\":{\"@type\":\"EntryPoint\",\"urlTemplate\":\"https:\/\/place-add.nl\/de\/?s={search_term_string}\"},\"query-input\":{\"@type\":\"PropertyValueSpecification\",\"valueRequired\":true,\"valueName\":\"search_term_string\"}}],\"inLanguage\":\"de\"},{\"@type\":\"Organization\",\"@id\":\"https:\/\/place-add.nl\/de\/#organization\",\"name\":\"Place Add\",\"url\":\"https:\/\/place-add.nl\/de\/\",\"logo\":{\"@type\":\"ImageObject\",\"inLanguage\":\"de\",\"@id\":\"https:\/\/place-add.nl\/de\/#\/schema\/logo\/image\/\",\"url\":\"https:\/\/place-add.nl\/wp-content\/uploads\/2023\/11\/logo-img-place-add.png\",\"contentUrl\":\"https:\/\/place-add.nl\/wp-content\/uploads\/2023\/11\/logo-img-place-add.png\",\"width\":404,\"height\":106,\"caption\":\"Place Add\"},\"image\":{\"@id\":\"https:\/\/place-add.nl\/de\/#\/schema\/logo\/image\/\"},\"sameAs\":[\"https:\/\/www.facebook.com\/PlaceAdd\/\",\"https:\/\/www.instagram.com\/place_add\/\",\"https:\/\/www.youtube.com\/@placeadd\"]}]}<\/script>\n<!-- \/ Yoast SEO Premium plugin. -->","yoast_head_json":{"title":"Angelina Tischlampe| Place Add | F\u00fcr die Gastronomie","description":"Angelina Tischleuchte: kabellos, mit stimmungsvoller Beleuchtung und super effizientem Magnetladeger\u00e4t. Place add F\u00fcr die Gastronomie.","robots":{"index":"index","follow":"follow","max-snippet":"max-snippet:-1","max-image-preview":"max-image-preview:large","max-video-preview":"max-video-preview:-1"},"canonical":"https:\/\/place-add.nl\/de\/produkt\/securit-angelina-tischleuchte\/","og_locale":"de_DE","og_type":"article","og_title":"Angelina Tischlampe","og_description":"Angelina Tischleuchte: kabellos, mit stimmungsvoller Beleuchtung und super effizientem Magnetladeger\u00e4t. Place add F\u00fcr die Gastronomie.","og_url":"https:\/\/place-add.nl\/de\/produkt\/securit-angelina-tischleuchte\/","og_site_name":"Place Add","article_publisher":"https:\/\/www.facebook.com\/PlaceAdd\/","article_modified_time":"2025-06-05T08:02:03+00:00","og_image":[{"width":800,"height":800,"url":"https:\/\/place-add.nl\/wp-content\/uploads\/2024\/06\/Optafel_angelina_tafellamp_Placeadd_1.jpg","type":"image\/jpeg"}],"twitter_card":"summary_large_image","twitter_misc":{"Gesch\u00e4tzte Lesezeit":"1\u00a0Minute"},"schema":{"@context":"https:\/\/schema.org","@graph":[{"@type":"WebPage","@id":"https:\/\/place-add.nl\/de\/produkt\/securit-angelina-tischleuchte\/","url":"https:\/\/place-add.nl\/de\/produkt\/securit-angelina-tischleuchte\/","name":"Angelina Tischlampe| Place Add | F\u00fcr die Gastronomie","isPartOf":{"@id":"https:\/\/place-add.nl\/de\/#website"},"primaryImageOfPage":{"@id":"https:\/\/place-add.nl\/de\/produkt\/securit-angelina-tischleuchte\/#primaryimage"},"image":{"@id":"https:\/\/place-add.nl\/de\/produkt\/securit-angelina-tischleuchte\/#primaryimage"},"thumbnailUrl":"https:\/\/place-add.nl\/wp-content\/uploads\/2024\/06\/Optafel_angelina_tafellamp_Placeadd_1.jpg","datePublished":"2024-06-25T15:07:38+00:00","dateModified":"2025-06-05T08:02:03+00:00","description":"Angelina Tischleuchte: kabellos, mit stimmungsvoller Beleuchtung und super effizientem Magnetladeger\u00e4t. Place add F\u00fcr die Gastronomie.","breadcrumb":{"@id":"https:\/\/place-add.nl\/de\/produkt\/securit-angelina-tischleuchte\/#breadcrumb"},"inLanguage":"de","potentialAction":[{"@type":"ReadAction","target":["https:\/\/place-add.nl\/de\/produkt\/securit-angelina-tischleuchte\/"]}]},{"@type":"ImageObject","inLanguage":"de","@id":"https:\/\/place-add.nl\/de\/produkt\/securit-angelina-tischleuchte\/#primaryimage","url":"https:\/\/place-add.nl\/wp-content\/uploads\/2024\/06\/Optafel_angelina_tafellamp_Placeadd_1.jpg","contentUrl":"https:\/\/place-add.nl\/wp-content\/uploads\/2024\/06\/Optafel_angelina_tafellamp_Placeadd_1.jpg","width":800,"height":800,"caption":"Securit Angelina Tafellamp"},{"@type":"BreadcrumbList","@id":"https:\/\/place-add.nl\/de\/produkt\/securit-angelina-tischleuchte\/#breadcrumb","itemListElement":[{"@type":"ListItem","position":1,"name":"Home","item":"https:\/\/place-add.nl\/de\/home\/"},{"@type":"ListItem","position":2,"name":"Shop","item":"https:\/\/place-add.nl\/de\/shop\/"},{"@type":"ListItem","position":3,"name":"Angelina Tischlampe"}]},{"@type":"WebSite","@id":"https:\/\/place-add.nl\/de\/#website","url":"https:\/\/place-add.nl\/de\/","name":"Place Add","description":"Tafelkleding voor de horeca","publisher":{"@id":"https:\/\/place-add.nl\/de\/#organization"},"potentialAction":[{"@type":"SearchAction","target":{"@type":"EntryPoint","urlTemplate":"https:\/\/place-add.nl\/de\/?s={search_term_string}"},"query-input":{"@type":"PropertyValueSpecification","valueRequired":true,"valueName":"search_term_string"}}],"inLanguage":"de"},{"@type":"Organization","@id":"https:\/\/place-add.nl\/de\/#organization","name":"Place Add","url":"https:\/\/place-add.nl\/de\/","logo":{"@type":"ImageObject","inLanguage":"de","@id":"https:\/\/place-add.nl\/de\/#\/schema\/logo\/image\/","url":"https:\/\/place-add.nl\/wp-content\/uploads\/2023\/11\/logo-img-place-add.png","contentUrl":"https:\/\/place-add.nl\/wp-content\/uploads\/2023\/11\/logo-img-place-add.png","width":404,"height":106,"caption":"Place Add"},"image":{"@id":"https:\/\/place-add.nl\/de\/#\/schema\/logo\/image\/"},"sameAs":["https:\/\/www.facebook.com\/PlaceAdd\/","https:\/\/www.instagram.com\/place_add\/","https:\/\/www.youtube.com\/@placeadd"]}]}},"_links":{"self":[{"href":"https:\/\/place-add.nl\/de\/wp-json\/wp\/v2\/product\/42569","targetHints":{"allow":["GET"]}}],"collection":[{"href":"https:\/\/place-add.nl\/de\/wp-json\/wp\/v2\/product"}],"about":[{"href":"https:\/\/place-add.nl\/de\/wp-json\/wp\/v2\/types\/product"}],"wp:featuredmedia":[{"embeddable":true,"href":"https:\/\/place-add.nl\/de\/wp-json\/wp\/v2\/media\/38761"}],"wp:attachment":[{"href":"https:\/\/place-add.nl\/de\/wp-json\/wp\/v2\/media?parent=42569"}],"wp:term":[{"taxonomy":"product_brand","embeddable":true,"href":"https:\/\/place-add.nl\/de\/wp-json\/wp\/v2\/product_brand?post=42569"},{"taxonomy":"product_cat","embeddable":true,"href":"https:\/\/place-add.nl\/de\/wp-json\/wp\/v2\/product_cat?post=42569"},{"taxonomy":"product_tag","embeddable":true,"href":"https:\/\/place-add.nl\/de\/wp-json\/wp\/v2\/product_tag?post=42569"}],"curies":[{"name":"wp","href":"https:\/\/api.w.org\/{rel}","templated":true}]}}