{"id":42576,"date":"2024-08-06T15:20:05","date_gmt":"2024-08-06T15:20:05","guid":{"rendered":"https:\/\/place-add.nl\/product\/cocktail-bedrukt\/"},"modified":"2025-06-30T11:39:44","modified_gmt":"2025-06-30T11:39:44","slug":"weisse-cocktailserviette","status":"publish","type":"product","link":"https:\/\/place-add.nl\/de\/produkt\/weisse-cocktailserviette\/","title":{"rendered":"wei\u00dfe Cocktailserviette"},"content":{"rendered":"<p><strong>Wie funktioniert das?<\/strong><\/p>\n<p><strong>Nehmen Sie Kontakt<\/strong> mit uns auf und besprechen Sie Ihre Bed\u00fcrfnisse und Ideen mit unserem Expertenteam. Wir sind bereit, Sie zu beraten und zu inspirieren.<br \/>\n<strong>Design<\/strong> Liefern Sie uns Ihr Logo, Ihr Design oder Ihre Idee, und wir erstellen einen Korrekturabzug zu Ihrer Genehmigung. Sie k\u00f6nnen auch aus unserem umfangreichen Designkatalog w\u00e4hlen.<br \/>\n<strong>Produktion<\/strong> Nach Ihrer Freigabe machen wir uns an die Produktion Ihrer Servietten. Wir garantieren eine exakte Wiedergabe Ihres Designs auf unseren Qualit\u00e4tsservietten.<br \/>\n<strong>Lieferung<\/strong> Sobald die Servietten fertig sind, werden sie sorgf\u00e4ltig an Ihren Standort versandt. Sie k\u00f6nnen sofort damit beginnen, Ihre einzigartigen Cocktails mit einer pers\u00f6nlichen Note zu servieren.<\/p>\n<p><a href=\"https:\/\/place-add.nl\/de\/kontakt\/\"><strong>Kontakt:<\/strong><\/a><\/p>\n<p>Haben Sie noch Fragen oder m\u00f6chten Sie ein individuelles Angebot erhalten? Dann setzen Sie sich noch heute mit uns in Verbindung. Unser Team ist bereit, Ihnen zu helfen und Ihre Visionen in die Tat umzusetzen.<\/p>\n<p><button id=\"knop-contact-opnemen-overige-producten-de\">Kontaktieren Sie uns unverbindlich<\/button><\/p>\n","protected":false},"excerpt":{"rendered":"<p><strong>Wir haben 2 Versionen:<\/strong><\/p>\n<ul>\n<li>f<strong>arbige 2-lagige Servietten<\/strong> 25 x 25 cm.(gefaltetes Format 12,5 x 12,5 cm)<\/li>\n<li><strong>Airlaid schwarz<\/strong>, 60 gr. 20 x 20 cm.(gefaltet 10 x 10 cm)<\/li>\n<\/ul>\n<p><strong>1. Einzigartiges Branding<\/strong> Jede Serviette kann mit Ihrem Logo, Slogan oder einzigartigen Design personalisiert werden. Dies bietet Ihren Kunden ein unvergessliches Erlebnis und st\u00e4rkt Ihre Markenidentit\u00e4t mit jedem servierten Cocktail.<\/p>\n<p><strong>2. Hohe Qualit\u00e4t<\/strong> Unsere Servietten sind aus hochwertigen, saugf\u00e4higen Materialien hergestellt. Sie sind weich, langlebig und bleiben w\u00e4hrend des Gebrauchs sch\u00f6n. Perfekt sowohl f\u00fcr Cocktails als auch f\u00fcr kleine Snacks.<\/p>\n<p><strong>3. Umweltfreundlich<\/strong> Unsere Servietten werden aus umweltfreundlichen Materialien hergestellt und sind vollst\u00e4ndig biologisch abbaubar. So k\u00f6nnen Sie einen Beitrag zu einer besseren Umwelt leisten, w\u00e4hrend Sie Ihre G\u00e4ste bewirten.<\/p>\n<p><strong>Preise ohne Versandkosten. Diese sind (noch) nicht in den Preisen enthalten.<\/strong><\/p>\n<p><a class=\"button-custom-product\" href=\"https:\/\/place-add.nl\/wp-content\/uploads\/2025\/06\/PA-prijslijst-Cocktail-servet-wit-duits.pdf\" target=\"_blank\" rel=\"noopener\">Gehen Sie zu den Preisen<\/a> <button id=\"knop-contact-opnemen-overige-producten-de\">Kontaktieren Sie uns unverbindlich<\/button><\/p>\n","protected":false},"featured_media":40909,"template":"","meta":[],"product_brand":[],"product_cat":[1003],"product_tag":[],"class_list":{"0":"post-42576","1":"product","2":"type-product","3":"status-publish","4":"has-post-thumbnail","6":"product_cat-cocktail-servietten-de","8":"first","9":"instock","10":"taxable","11":"shipping-taxable","12":"product-type-simple"},"yoast_head":"<!-- This site is optimized with the Yoast SEO Premium plugin v27.2 (Yoast SEO v27.2) - https:\/\/yoast.com\/product\/yoast-seo-premium-wordpress\/ -->\n<title>wei\u00dfe Cocktailserviette | Place Add | F\u00fcr die Gastronomie<\/title>\n<meta name=\"description\" content=\"Bestellen Sie hochwertige bedruckte wei\u00dfe Cocktailservietten aus Papier f\u00fcr Ihre Gastronomie. Verschiedene Qualit\u00e4ten und Gr\u00f6\u00dfen.\" \/>\n<meta name=\"robots\" content=\"index, follow, max-snippet:-1, max-image-preview:large, max-video-preview:-1\" \/>\n<link rel=\"canonical\" href=\"https:\/\/place-add.nl\/de\/produkt\/weisse-cocktailserviette\/\" \/>\n<meta property=\"og:locale\" content=\"de_DE\" \/>\n<meta property=\"og:type\" content=\"article\" \/>\n<meta property=\"og:title\" content=\"wei\u00dfe Cocktailserviette\" \/>\n<meta property=\"og:description\" content=\"Bestellen Sie hochwertige bedruckte wei\u00dfe Cocktailservietten aus Papier f\u00fcr Ihre Gastronomie. Verschiedene Qualit\u00e4ten und Gr\u00f6\u00dfen.\" \/>\n<meta property=\"og:url\" content=\"https:\/\/place-add.nl\/de\/produkt\/weisse-cocktailserviette\/\" \/>\n<meta property=\"og:site_name\" content=\"Place Add\" \/>\n<meta property=\"article:publisher\" content=\"https:\/\/www.facebook.com\/PlaceAdd\/\" \/>\n<meta property=\"article:modified_time\" content=\"2025-06-30T11:39:44+00:00\" \/>\n<meta property=\"og:image\" content=\"https:\/\/place-add.nl\/wp-content\/uploads\/2024\/08\/Bedrukt_Cocktail_Servet_Kleur_place-add_5-scaled.jpg\" \/>\n\t<meta property=\"og:image:width\" content=\"1000\" \/>\n\t<meta property=\"og:image:height\" content=\"1000\" \/>\n\t<meta property=\"og:image:type\" content=\"image\/jpeg\" \/>\n<meta name=\"twitter:card\" content=\"summary_large_image\" \/>\n<meta name=\"twitter:label1\" content=\"Gesch\u00e4tzte Lesezeit\" \/>\n\t<meta name=\"twitter:data1\" content=\"1\u00a0Minute\" \/>\n<script type=\"application\/ld+json\" class=\"yoast-schema-graph\">{\"@context\":\"https:\/\/schema.org\",\"@graph\":[{\"@type\":\"WebPage\",\"@id\":\"https:\/\/place-add.nl\/de\/produkt\/weisse-cocktailserviette\/\",\"url\":\"https:\/\/place-add.nl\/de\/produkt\/weisse-cocktailserviette\/\",\"name\":\"wei\u00dfe Cocktailserviette | Place Add | F\u00fcr die Gastronomie\",\"isPartOf\":{\"@id\":\"https:\/\/place-add.nl\/de\/#website\"},\"primaryImageOfPage\":{\"@id\":\"https:\/\/place-add.nl\/de\/produkt\/weisse-cocktailserviette\/#primaryimage\"},\"image\":{\"@id\":\"https:\/\/place-add.nl\/de\/produkt\/weisse-cocktailserviette\/#primaryimage\"},\"thumbnailUrl\":\"https:\/\/place-add.nl\/wp-content\/uploads\/2024\/08\/Bedrukt_Cocktail_Servet_Kleur_place-add_5-scaled.jpg\",\"datePublished\":\"2024-08-06T15:20:05+00:00\",\"dateModified\":\"2025-06-30T11:39:44+00:00\",\"description\":\"Bestellen Sie hochwertige bedruckte wei\u00dfe Cocktailservietten aus Papier f\u00fcr Ihre Gastronomie. Verschiedene Qualit\u00e4ten und Gr\u00f6\u00dfen.\",\"breadcrumb\":{\"@id\":\"https:\/\/place-add.nl\/de\/produkt\/weisse-cocktailserviette\/#breadcrumb\"},\"inLanguage\":\"de\",\"potentialAction\":[{\"@type\":\"ReadAction\",\"target\":[\"https:\/\/place-add.nl\/de\/produkt\/weisse-cocktailserviette\/\"]}]},{\"@type\":\"ImageObject\",\"inLanguage\":\"de\",\"@id\":\"https:\/\/place-add.nl\/de\/produkt\/weisse-cocktailserviette\/#primaryimage\",\"url\":\"https:\/\/place-add.nl\/wp-content\/uploads\/2024\/08\/Bedrukt_Cocktail_Servet_Kleur_place-add_5-scaled.jpg\",\"contentUrl\":\"https:\/\/place-add.nl\/wp-content\/uploads\/2024\/08\/Bedrukt_Cocktail_Servet_Kleur_place-add_5-scaled.jpg\",\"width\":1000,\"height\":1000},{\"@type\":\"BreadcrumbList\",\"@id\":\"https:\/\/place-add.nl\/de\/produkt\/weisse-cocktailserviette\/#breadcrumb\",\"itemListElement\":[{\"@type\":\"ListItem\",\"position\":1,\"name\":\"Home\",\"item\":\"https:\/\/place-add.nl\/de\/home\/\"},{\"@type\":\"ListItem\",\"position\":2,\"name\":\"Shop\",\"item\":\"https:\/\/place-add.nl\/de\/shop\/\"},{\"@type\":\"ListItem\",\"position\":3,\"name\":\"wei\u00dfe Cocktailserviette\"}]},{\"@type\":\"WebSite\",\"@id\":\"https:\/\/place-add.nl\/de\/#website\",\"url\":\"https:\/\/place-add.nl\/de\/\",\"name\":\"Place Add\",\"description\":\"Tafelkleding voor de horeca\",\"publisher\":{\"@id\":\"https:\/\/place-add.nl\/de\/#organization\"},\"potentialAction\":[{\"@type\":\"SearchAction\",\"target\":{\"@type\":\"EntryPoint\",\"urlTemplate\":\"https:\/\/place-add.nl\/de\/?s={search_term_string}\"},\"query-input\":{\"@type\":\"PropertyValueSpecification\",\"valueRequired\":true,\"valueName\":\"search_term_string\"}}],\"inLanguage\":\"de\"},{\"@type\":\"Organization\",\"@id\":\"https:\/\/place-add.nl\/de\/#organization\",\"name\":\"Place Add\",\"url\":\"https:\/\/place-add.nl\/de\/\",\"logo\":{\"@type\":\"ImageObject\",\"inLanguage\":\"de\",\"@id\":\"https:\/\/place-add.nl\/de\/#\/schema\/logo\/image\/\",\"url\":\"https:\/\/place-add.nl\/wp-content\/uploads\/2023\/11\/logo-img-place-add.png\",\"contentUrl\":\"https:\/\/place-add.nl\/wp-content\/uploads\/2023\/11\/logo-img-place-add.png\",\"width\":404,\"height\":106,\"caption\":\"Place Add\"},\"image\":{\"@id\":\"https:\/\/place-add.nl\/de\/#\/schema\/logo\/image\/\"},\"sameAs\":[\"https:\/\/www.facebook.com\/PlaceAdd\/\",\"https:\/\/www.instagram.com\/place_add\/\",\"https:\/\/www.youtube.com\/@placeadd\"]}]}<\/script>\n<!-- \/ Yoast SEO Premium plugin. -->","yoast_head_json":{"title":"wei\u00dfe Cocktailserviette | Place Add | F\u00fcr die Gastronomie","description":"Bestellen Sie hochwertige bedruckte wei\u00dfe Cocktailservietten aus Papier f\u00fcr Ihre Gastronomie. Verschiedene Qualit\u00e4ten und Gr\u00f6\u00dfen.","robots":{"index":"index","follow":"follow","max-snippet":"max-snippet:-1","max-image-preview":"max-image-preview:large","max-video-preview":"max-video-preview:-1"},"canonical":"https:\/\/place-add.nl\/de\/produkt\/weisse-cocktailserviette\/","og_locale":"de_DE","og_type":"article","og_title":"wei\u00dfe Cocktailserviette","og_description":"Bestellen Sie hochwertige bedruckte wei\u00dfe Cocktailservietten aus Papier f\u00fcr Ihre Gastronomie. Verschiedene Qualit\u00e4ten und Gr\u00f6\u00dfen.","og_url":"https:\/\/place-add.nl\/de\/produkt\/weisse-cocktailserviette\/","og_site_name":"Place Add","article_publisher":"https:\/\/www.facebook.com\/PlaceAdd\/","article_modified_time":"2025-06-30T11:39:44+00:00","og_image":[{"width":1000,"height":1000,"url":"https:\/\/place-add.nl\/wp-content\/uploads\/2024\/08\/Bedrukt_Cocktail_Servet_Kleur_place-add_5-scaled.jpg","type":"image\/jpeg"}],"twitter_card":"summary_large_image","twitter_misc":{"Gesch\u00e4tzte Lesezeit":"1\u00a0Minute"},"schema":{"@context":"https:\/\/schema.org","@graph":[{"@type":"WebPage","@id":"https:\/\/place-add.nl\/de\/produkt\/weisse-cocktailserviette\/","url":"https:\/\/place-add.nl\/de\/produkt\/weisse-cocktailserviette\/","name":"wei\u00dfe Cocktailserviette | Place Add | F\u00fcr die Gastronomie","isPartOf":{"@id":"https:\/\/place-add.nl\/de\/#website"},"primaryImageOfPage":{"@id":"https:\/\/place-add.nl\/de\/produkt\/weisse-cocktailserviette\/#primaryimage"},"image":{"@id":"https:\/\/place-add.nl\/de\/produkt\/weisse-cocktailserviette\/#primaryimage"},"thumbnailUrl":"https:\/\/place-add.nl\/wp-content\/uploads\/2024\/08\/Bedrukt_Cocktail_Servet_Kleur_place-add_5-scaled.jpg","datePublished":"2024-08-06T15:20:05+00:00","dateModified":"2025-06-30T11:39:44+00:00","description":"Bestellen Sie hochwertige bedruckte wei\u00dfe Cocktailservietten aus Papier f\u00fcr Ihre Gastronomie. Verschiedene Qualit\u00e4ten und Gr\u00f6\u00dfen.","breadcrumb":{"@id":"https:\/\/place-add.nl\/de\/produkt\/weisse-cocktailserviette\/#breadcrumb"},"inLanguage":"de","potentialAction":[{"@type":"ReadAction","target":["https:\/\/place-add.nl\/de\/produkt\/weisse-cocktailserviette\/"]}]},{"@type":"ImageObject","inLanguage":"de","@id":"https:\/\/place-add.nl\/de\/produkt\/weisse-cocktailserviette\/#primaryimage","url":"https:\/\/place-add.nl\/wp-content\/uploads\/2024\/08\/Bedrukt_Cocktail_Servet_Kleur_place-add_5-scaled.jpg","contentUrl":"https:\/\/place-add.nl\/wp-content\/uploads\/2024\/08\/Bedrukt_Cocktail_Servet_Kleur_place-add_5-scaled.jpg","width":1000,"height":1000},{"@type":"BreadcrumbList","@id":"https:\/\/place-add.nl\/de\/produkt\/weisse-cocktailserviette\/#breadcrumb","itemListElement":[{"@type":"ListItem","position":1,"name":"Home","item":"https:\/\/place-add.nl\/de\/home\/"},{"@type":"ListItem","position":2,"name":"Shop","item":"https:\/\/place-add.nl\/de\/shop\/"},{"@type":"ListItem","position":3,"name":"wei\u00dfe Cocktailserviette"}]},{"@type":"WebSite","@id":"https:\/\/place-add.nl\/de\/#website","url":"https:\/\/place-add.nl\/de\/","name":"Place Add","description":"Tafelkleding voor de horeca","publisher":{"@id":"https:\/\/place-add.nl\/de\/#organization"},"potentialAction":[{"@type":"SearchAction","target":{"@type":"EntryPoint","urlTemplate":"https:\/\/place-add.nl\/de\/?s={search_term_string}"},"query-input":{"@type":"PropertyValueSpecification","valueRequired":true,"valueName":"search_term_string"}}],"inLanguage":"de"},{"@type":"Organization","@id":"https:\/\/place-add.nl\/de\/#organization","name":"Place Add","url":"https:\/\/place-add.nl\/de\/","logo":{"@type":"ImageObject","inLanguage":"de","@id":"https:\/\/place-add.nl\/de\/#\/schema\/logo\/image\/","url":"https:\/\/place-add.nl\/wp-content\/uploads\/2023\/11\/logo-img-place-add.png","contentUrl":"https:\/\/place-add.nl\/wp-content\/uploads\/2023\/11\/logo-img-place-add.png","width":404,"height":106,"caption":"Place Add"},"image":{"@id":"https:\/\/place-add.nl\/de\/#\/schema\/logo\/image\/"},"sameAs":["https:\/\/www.facebook.com\/PlaceAdd\/","https:\/\/www.instagram.com\/place_add\/","https:\/\/www.youtube.com\/@placeadd"]}]}},"_links":{"self":[{"href":"https:\/\/place-add.nl\/de\/wp-json\/wp\/v2\/product\/42576","targetHints":{"allow":["GET"]}}],"collection":[{"href":"https:\/\/place-add.nl\/de\/wp-json\/wp\/v2\/product"}],"about":[{"href":"https:\/\/place-add.nl\/de\/wp-json\/wp\/v2\/types\/product"}],"wp:featuredmedia":[{"embeddable":true,"href":"https:\/\/place-add.nl\/de\/wp-json\/wp\/v2\/media\/40909"}],"wp:attachment":[{"href":"https:\/\/place-add.nl\/de\/wp-json\/wp\/v2\/media?parent=42576"}],"wp:term":[{"taxonomy":"product_brand","embeddable":true,"href":"https:\/\/place-add.nl\/de\/wp-json\/wp\/v2\/product_brand?post=42576"},{"taxonomy":"product_cat","embeddable":true,"href":"https:\/\/place-add.nl\/de\/wp-json\/wp\/v2\/product_cat?post=42576"},{"taxonomy":"product_tag","embeddable":true,"href":"https:\/\/place-add.nl\/de\/wp-json\/wp\/v2\/product_tag?post=42576"}],"curies":[{"name":"wp","href":"https:\/\/api.w.org\/{rel}","templated":true}]}}