{"id":42589,"date":"2024-06-07T14:59:26","date_gmt":"2024-06-07T14:59:26","guid":{"rendered":"https:\/\/place-add.nl\/product\/pull-up-leder-menukaarten\/"},"modified":"2025-06-26T14:16:55","modified_gmt":"2025-06-26T14:16:55","slug":"pull-up-leder-speisekarten-2","status":"publish","type":"product","link":"https:\/\/place-add.nl\/de\/produkt\/pull-up-leder-speisekarten-2\/","title":{"rendered":"Pull Up leder"},"content":{"rendered":"<p>Unsere <strong>Pull Up-Leder-Speisekarten<\/strong>\u00a0werden aus hochwertigem Rindsleder hergestellt, das mit einem speziell entwickelten Lack oder einer Farbe behandelt wird. Dadurch entsteht ein einzigartiger Effekt: Wenn Sie den Einband biegen oder bewegen, ver\u00e4ndert das Leder auf subtile Weise seine Farbe. Dadurch erhalten die Speisekarten einen dynamischen und lebendigen Charakter. Dieser Farbwechsel unterstreicht den Charme und die luxuri\u00f6se, aber nat\u00fcrliche Haptik des Leders und macht jede Men\u00fckarte zu einem Unikat. M\u00f6chten Sie das urspr\u00fcngliche Aussehen wiederherstellen? Das k\u00f6nnen Sie ganz einfach durch W\u00e4rme oder Reibung selbst tun, zum Beispiel mit einem F\u00f6n oder einem sauberen, fusselfreien Tuch.<\/p>\n<p><strong>Farboptionen und Lagerbestand<\/strong><\/p>\n<p>Men\u00fckarten aus Leder sind in nicht weniger als zwanzig verschiedenen sch\u00f6nen Farben erh\u00e4ltlich, so dass Sie immer die Option finden, die am besten zu Ihrer Einrichtung oder Ihrem Hausstil passt. Wir f\u00fchren standardm\u00e4\u00dfig vier beliebte Farben:<\/p>\n<p>Anthrazit<br \/>\nPetrol<br \/>\nGr\u00fcn<br \/>\nTaupe<br \/>\nAndere Farben sind auf Anfrage erh\u00e4ltlich.<\/p>\n<p><strong>Verschiedene Formate f\u00fcr jeden Anlass<\/strong><\/p>\n<p>Unsere <strong>Pull Up-Leder-Speisekarten<\/strong>\u00a0sind in verschiedenen Formaten erh\u00e4ltlich, so dass Sie die ideale Gr\u00f6\u00dfe f\u00fcr Ihr Restaurant oder Ihre Veranstaltung w\u00e4hlen k\u00f6nnen. Die verf\u00fcgbaren Formate sind:<\/p>\n<p>A4A4 Quadratisch<br \/>\nA4 Schmal<br \/>\nA4 Halb<br \/>\nA5<br \/>\nMit dieser gro\u00dfen Auswahl an Formaten finden Sie immer ein passendes Design, egal ob Sie eine aufwendige Karte oder eine kompakte Speisekarte pr\u00e4sentieren wollen.<\/p>\n<p><strong>Mehr als nur Men\u00fckarten<\/strong><\/p>\n<p>Neben Speisekarten aus Leder bieten wir auch andere luxuri\u00f6se Produkte f\u00fcr den Tisch an, wie <strong><a href=\"https:\/\/place-add.nl\/de\/produkt\/placemats-aus-beschichtetem-leder\/\">Tischsets aus Leder<\/a>, <a href=\"https:\/\/place-add.nl\/de\/fuer-auf-den-tisch-webshop\/leren-accessoires\/\">Serviettenringe<\/a>, <a href=\"http:\/\/deurhangers\">T\u00fcranh\u00e4nger<\/a>, <a href=\"https:\/\/place-add.nl\/de\/fuer-auf-den-tisch-webshop\/leren-accessoires\/\">Untersetzer<\/a><\/strong> und verschiedene andere sch\u00f6ne und praktische Tischaccessoires. Damit k\u00f6nnen Sie Ihre gesamte Tischdekoration in demselben hochwertigen Stil gestalten.<\/p>\n<p><strong>Bestellen Sie einfach und lassen Sie sich beraten<\/strong><\/p>\n<p>Alle unsere Produkte k\u00f6nnen Sie ganz einfach online \u00fcber Place Add und<strong> <a href=\"https:\/\/www.craftontable.com\/\">Craft on Table<\/a><\/strong> bestellen. Haben Sie Fragen oder ben\u00f6tigen Sie eine pers\u00f6nliche Beratung? Kontaktieren Sie uns einfach. Unser Expertenteam hilft Ihnen gerne, die beste Wahl f\u00fcr Ihre spezifischen Bed\u00fcrfnisse zu treffen.<\/p>\n","protected":false},"excerpt":{"rendered":"<p>Unsere Pull Up-Leder-Speisekarten sind die perfekte Wahl f\u00fcr eine stilvolle und dauerhafte Pr\u00e4sentation Ihrer Speisekarte. Aus <strong>2,4 mm dickem Qualit\u00e4tsleder<\/strong> gefertigt, bieten diese Karten nicht nur ein robustes Aussehen, sondern auch einen einzigartigen Charme dank der hellen Streifen im Leder. Diese Men\u00fckarten sind au\u00dferdem sehr pflegeleicht. Mit ein wenig Aufmerksamkeit und Pflege bleiben sie lange Zeit in hervorragendem Zustand und behalten ihren Charme und ihre Funktionalit\u00e4t.<\/p>\n<p><strong>Warum sollten Sie sich f\u00fcr Men\u00fckarten aus Leder entscheiden?<\/strong><\/p>\n<ul>\n<li><strong>Hochwertige Materialien:<\/strong> Hergestellt aus echtem Leder f\u00fcr eine l\u00e4ngere Lebensdauer und ein luxuri\u00f6ses Aussehen.<\/li>\n<li><strong>Einzigartiger Charakter:<\/strong> Leichte Streifen und Farbwechsel verleihen jeder Karte ihren eigenen, einzigartigen Charakter.<\/li>\n<li><strong>Gebrauchsspuren:<\/strong> Das Leder wird umso sch\u00f6ner, je \u00f6fter es benutzt wird, denn die Gebrauchsspuren verleihen ihm zus\u00e4tzlichen Charakter.<\/li>\n<\/ul>\n<p><button id=\"knop-contact-opnemen-de\">Kontaktieren Sie uns unverbindlich<\/button><\/p>\n","protected":false},"featured_media":37838,"template":"","meta":[],"product_brand":[],"product_cat":[1196],"product_tag":[1197,1198,1199,1200,1201,1202,1203],"class_list":{"0":"post-42589","1":"product","2":"type-product","3":"status-publish","4":"has-post-thumbnail","6":"product_cat-leder-speisekarten-de","7":"product_tag-leren-menukaarten-de","8":"product_tag-maatwerk-menukaarten-de","9":"product_tag-menukaarten-de","10":"product_tag-menukaarten-horeca-de","11":"product_tag-menukaarten-kopen-de","12":"product_tag-menukaarten-op-maat-de","13":"product_tag-restaurant-menukaarten-de","15":"first","16":"instock","17":"taxable","18":"shipping-taxable","19":"product-type-simple"},"yoast_head":"<!-- This site is optimized with the Yoast SEO Premium plugin v27.2 (Yoast SEO v27.2) - https:\/\/yoast.com\/product\/yoast-seo-premium-wordpress\/ -->\n<title>Pull Up Speisekarten | Place Add | Hergestellt aus echtem Leder<\/title>\n<meta name=\"description\" content=\"Entdecken Sie unsere Pull Up Leather Menu Cards: stilvoll, langlebig und mit einzigartigem Charakter. Hergestellt aus echtem Leder.\" \/>\n<meta name=\"robots\" content=\"index, follow, max-snippet:-1, max-image-preview:large, max-video-preview:-1\" \/>\n<link rel=\"canonical\" href=\"https:\/\/place-add.nl\/de\/produkt\/pull-up-leder-speisekarten-2\/\" \/>\n<meta property=\"og:locale\" content=\"de_DE\" \/>\n<meta property=\"og:type\" content=\"article\" \/>\n<meta property=\"og:title\" content=\"Pull Up leder\" \/>\n<meta property=\"og:description\" content=\"Entdecken Sie unsere Pull Up Leather Menu Cards: stilvoll, langlebig und mit einzigartigem Charakter. Hergestellt aus echtem Leder.\" \/>\n<meta property=\"og:url\" content=\"https:\/\/place-add.nl\/de\/produkt\/pull-up-leder-speisekarten-2\/\" \/>\n<meta property=\"og:site_name\" content=\"Place Add\" \/>\n<meta property=\"article:publisher\" content=\"https:\/\/www.facebook.com\/PlaceAdd\/\" \/>\n<meta property=\"article:modified_time\" content=\"2025-06-26T14:16:55+00:00\" \/>\n<meta property=\"og:image\" content=\"https:\/\/place-add.nl\/wp-content\/uploads\/2024\/06\/Menukaarten_Pull_Up_Place_Add_1.jpg\" \/>\n\t<meta property=\"og:image:width\" content=\"800\" \/>\n\t<meta property=\"og:image:height\" content=\"800\" \/>\n\t<meta property=\"og:image:type\" content=\"image\/jpeg\" \/>\n<meta name=\"twitter:card\" content=\"summary_large_image\" \/>\n<meta name=\"twitter:label1\" content=\"Gesch\u00e4tzte Lesezeit\" \/>\n\t<meta name=\"twitter:data1\" content=\"2\u00a0Minuten\" \/>\n<script type=\"application\/ld+json\" class=\"yoast-schema-graph\">{\"@context\":\"https:\/\/schema.org\",\"@graph\":[{\"@type\":\"WebPage\",\"@id\":\"https:\/\/place-add.nl\/de\/produkt\/pull-up-leder-speisekarten-2\/\",\"url\":\"https:\/\/place-add.nl\/de\/produkt\/pull-up-leder-speisekarten-2\/\",\"name\":\"Pull Up Speisekarten | Place Add | Hergestellt aus echtem Leder\",\"isPartOf\":{\"@id\":\"https:\/\/place-add.nl\/de\/#website\"},\"primaryImageOfPage\":{\"@id\":\"https:\/\/place-add.nl\/de\/produkt\/pull-up-leder-speisekarten-2\/#primaryimage\"},\"image\":{\"@id\":\"https:\/\/place-add.nl\/de\/produkt\/pull-up-leder-speisekarten-2\/#primaryimage\"},\"thumbnailUrl\":\"https:\/\/place-add.nl\/wp-content\/uploads\/2024\/06\/Menukaarten_Pull_Up_Place_Add_1.jpg\",\"datePublished\":\"2024-06-07T14:59:26+00:00\",\"dateModified\":\"2025-06-26T14:16:55+00:00\",\"description\":\"Entdecken Sie unsere Pull Up Leather Menu Cards: stilvoll, langlebig und mit einzigartigem Charakter. Hergestellt aus echtem Leder.\",\"breadcrumb\":{\"@id\":\"https:\/\/place-add.nl\/de\/produkt\/pull-up-leder-speisekarten-2\/#breadcrumb\"},\"inLanguage\":\"de\",\"potentialAction\":[{\"@type\":\"ReadAction\",\"target\":[\"https:\/\/place-add.nl\/de\/produkt\/pull-up-leder-speisekarten-2\/\"]}]},{\"@type\":\"ImageObject\",\"inLanguage\":\"de\",\"@id\":\"https:\/\/place-add.nl\/de\/produkt\/pull-up-leder-speisekarten-2\/#primaryimage\",\"url\":\"https:\/\/place-add.nl\/wp-content\/uploads\/2024\/06\/Menukaarten_Pull_Up_Place_Add_1.jpg\",\"contentUrl\":\"https:\/\/place-add.nl\/wp-content\/uploads\/2024\/06\/Menukaarten_Pull_Up_Place_Add_1.jpg\",\"width\":800,\"height\":800,\"caption\":\"Pull Up Leather Menu Cards\"},{\"@type\":\"BreadcrumbList\",\"@id\":\"https:\/\/place-add.nl\/de\/produkt\/pull-up-leder-speisekarten-2\/#breadcrumb\",\"itemListElement\":[{\"@type\":\"ListItem\",\"position\":1,\"name\":\"Home\",\"item\":\"https:\/\/place-add.nl\/de\/home\/\"},{\"@type\":\"ListItem\",\"position\":2,\"name\":\"Shop\",\"item\":\"https:\/\/place-add.nl\/de\/shop\/\"},{\"@type\":\"ListItem\",\"position\":3,\"name\":\"Pull Up leder\"}]},{\"@type\":\"WebSite\",\"@id\":\"https:\/\/place-add.nl\/de\/#website\",\"url\":\"https:\/\/place-add.nl\/de\/\",\"name\":\"Place Add\",\"description\":\"Tafelkleding voor de horeca\",\"publisher\":{\"@id\":\"https:\/\/place-add.nl\/de\/#organization\"},\"potentialAction\":[{\"@type\":\"SearchAction\",\"target\":{\"@type\":\"EntryPoint\",\"urlTemplate\":\"https:\/\/place-add.nl\/de\/?s={search_term_string}\"},\"query-input\":{\"@type\":\"PropertyValueSpecification\",\"valueRequired\":true,\"valueName\":\"search_term_string\"}}],\"inLanguage\":\"de\"},{\"@type\":\"Organization\",\"@id\":\"https:\/\/place-add.nl\/de\/#organization\",\"name\":\"Place Add\",\"url\":\"https:\/\/place-add.nl\/de\/\",\"logo\":{\"@type\":\"ImageObject\",\"inLanguage\":\"de\",\"@id\":\"https:\/\/place-add.nl\/de\/#\/schema\/logo\/image\/\",\"url\":\"https:\/\/place-add.nl\/wp-content\/uploads\/2023\/11\/logo-img-place-add.png\",\"contentUrl\":\"https:\/\/place-add.nl\/wp-content\/uploads\/2023\/11\/logo-img-place-add.png\",\"width\":404,\"height\":106,\"caption\":\"Place Add\"},\"image\":{\"@id\":\"https:\/\/place-add.nl\/de\/#\/schema\/logo\/image\/\"},\"sameAs\":[\"https:\/\/www.facebook.com\/PlaceAdd\/\",\"https:\/\/www.instagram.com\/place_add\/\",\"https:\/\/www.youtube.com\/@placeadd\"]}]}<\/script>\n<!-- \/ Yoast SEO Premium plugin. -->","yoast_head_json":{"title":"Pull Up Speisekarten | Place Add | Hergestellt aus echtem Leder","description":"Entdecken Sie unsere Pull Up Leather Menu Cards: stilvoll, langlebig und mit einzigartigem Charakter. Hergestellt aus echtem Leder.","robots":{"index":"index","follow":"follow","max-snippet":"max-snippet:-1","max-image-preview":"max-image-preview:large","max-video-preview":"max-video-preview:-1"},"canonical":"https:\/\/place-add.nl\/de\/produkt\/pull-up-leder-speisekarten-2\/","og_locale":"de_DE","og_type":"article","og_title":"Pull Up leder","og_description":"Entdecken Sie unsere Pull Up Leather Menu Cards: stilvoll, langlebig und mit einzigartigem Charakter. Hergestellt aus echtem Leder.","og_url":"https:\/\/place-add.nl\/de\/produkt\/pull-up-leder-speisekarten-2\/","og_site_name":"Place Add","article_publisher":"https:\/\/www.facebook.com\/PlaceAdd\/","article_modified_time":"2025-06-26T14:16:55+00:00","og_image":[{"width":800,"height":800,"url":"https:\/\/place-add.nl\/wp-content\/uploads\/2024\/06\/Menukaarten_Pull_Up_Place_Add_1.jpg","type":"image\/jpeg"}],"twitter_card":"summary_large_image","twitter_misc":{"Gesch\u00e4tzte Lesezeit":"2\u00a0Minuten"},"schema":{"@context":"https:\/\/schema.org","@graph":[{"@type":"WebPage","@id":"https:\/\/place-add.nl\/de\/produkt\/pull-up-leder-speisekarten-2\/","url":"https:\/\/place-add.nl\/de\/produkt\/pull-up-leder-speisekarten-2\/","name":"Pull Up Speisekarten | Place Add | Hergestellt aus echtem Leder","isPartOf":{"@id":"https:\/\/place-add.nl\/de\/#website"},"primaryImageOfPage":{"@id":"https:\/\/place-add.nl\/de\/produkt\/pull-up-leder-speisekarten-2\/#primaryimage"},"image":{"@id":"https:\/\/place-add.nl\/de\/produkt\/pull-up-leder-speisekarten-2\/#primaryimage"},"thumbnailUrl":"https:\/\/place-add.nl\/wp-content\/uploads\/2024\/06\/Menukaarten_Pull_Up_Place_Add_1.jpg","datePublished":"2024-06-07T14:59:26+00:00","dateModified":"2025-06-26T14:16:55+00:00","description":"Entdecken Sie unsere Pull Up Leather Menu Cards: stilvoll, langlebig und mit einzigartigem Charakter. Hergestellt aus echtem Leder.","breadcrumb":{"@id":"https:\/\/place-add.nl\/de\/produkt\/pull-up-leder-speisekarten-2\/#breadcrumb"},"inLanguage":"de","potentialAction":[{"@type":"ReadAction","target":["https:\/\/place-add.nl\/de\/produkt\/pull-up-leder-speisekarten-2\/"]}]},{"@type":"ImageObject","inLanguage":"de","@id":"https:\/\/place-add.nl\/de\/produkt\/pull-up-leder-speisekarten-2\/#primaryimage","url":"https:\/\/place-add.nl\/wp-content\/uploads\/2024\/06\/Menukaarten_Pull_Up_Place_Add_1.jpg","contentUrl":"https:\/\/place-add.nl\/wp-content\/uploads\/2024\/06\/Menukaarten_Pull_Up_Place_Add_1.jpg","width":800,"height":800,"caption":"Pull Up Leather Menu Cards"},{"@type":"BreadcrumbList","@id":"https:\/\/place-add.nl\/de\/produkt\/pull-up-leder-speisekarten-2\/#breadcrumb","itemListElement":[{"@type":"ListItem","position":1,"name":"Home","item":"https:\/\/place-add.nl\/de\/home\/"},{"@type":"ListItem","position":2,"name":"Shop","item":"https:\/\/place-add.nl\/de\/shop\/"},{"@type":"ListItem","position":3,"name":"Pull Up leder"}]},{"@type":"WebSite","@id":"https:\/\/place-add.nl\/de\/#website","url":"https:\/\/place-add.nl\/de\/","name":"Place Add","description":"Tafelkleding voor de horeca","publisher":{"@id":"https:\/\/place-add.nl\/de\/#organization"},"potentialAction":[{"@type":"SearchAction","target":{"@type":"EntryPoint","urlTemplate":"https:\/\/place-add.nl\/de\/?s={search_term_string}"},"query-input":{"@type":"PropertyValueSpecification","valueRequired":true,"valueName":"search_term_string"}}],"inLanguage":"de"},{"@type":"Organization","@id":"https:\/\/place-add.nl\/de\/#organization","name":"Place Add","url":"https:\/\/place-add.nl\/de\/","logo":{"@type":"ImageObject","inLanguage":"de","@id":"https:\/\/place-add.nl\/de\/#\/schema\/logo\/image\/","url":"https:\/\/place-add.nl\/wp-content\/uploads\/2023\/11\/logo-img-place-add.png","contentUrl":"https:\/\/place-add.nl\/wp-content\/uploads\/2023\/11\/logo-img-place-add.png","width":404,"height":106,"caption":"Place Add"},"image":{"@id":"https:\/\/place-add.nl\/de\/#\/schema\/logo\/image\/"},"sameAs":["https:\/\/www.facebook.com\/PlaceAdd\/","https:\/\/www.instagram.com\/place_add\/","https:\/\/www.youtube.com\/@placeadd"]}]}},"_links":{"self":[{"href":"https:\/\/place-add.nl\/de\/wp-json\/wp\/v2\/product\/42589","targetHints":{"allow":["GET"]}}],"collection":[{"href":"https:\/\/place-add.nl\/de\/wp-json\/wp\/v2\/product"}],"about":[{"href":"https:\/\/place-add.nl\/de\/wp-json\/wp\/v2\/types\/product"}],"wp:featuredmedia":[{"embeddable":true,"href":"https:\/\/place-add.nl\/de\/wp-json\/wp\/v2\/media\/37838"}],"wp:attachment":[{"href":"https:\/\/place-add.nl\/de\/wp-json\/wp\/v2\/media?parent=42589"}],"wp:term":[{"taxonomy":"product_brand","embeddable":true,"href":"https:\/\/place-add.nl\/de\/wp-json\/wp\/v2\/product_brand?post=42589"},{"taxonomy":"product_cat","embeddable":true,"href":"https:\/\/place-add.nl\/de\/wp-json\/wp\/v2\/product_cat?post=42589"},{"taxonomy":"product_tag","embeddable":true,"href":"https:\/\/place-add.nl\/de\/wp-json\/wp\/v2\/product_tag?post=42589"}],"curies":[{"name":"wp","href":"https:\/\/api.w.org\/{rel}","templated":true}]}}