{"id":42603,"date":"2024-06-25T13:44:25","date_gmt":"2024-06-25T13:44:25","guid":{"rendered":"https:\/\/place-add.nl\/product\/leren-onderzetters\/"},"modified":"2025-06-05T07:09:35","modified_gmt":"2025-06-05T07:09:35","slug":"untersetzer-aus-leder","status":"publish","type":"product","link":"https:\/\/place-add.nl\/de\/produkt\/untersetzer-aus-leder\/","title":{"rendered":"Leder-Untersetzern"},"content":{"rendered":"<p>Verleihen Sie Ihrem Tischarrangement einen Hauch von Luxus und Individualit\u00e4t mit unseren<strong> Leder-Untersetzern<\/strong>. Diese stilvollen und langlebigen Untersetzer sind perfekt f\u00fcr den Einsatz zu Hause oder in professionellen Umgebungen wie Restaurants, Bars und B\u00fcros. Aus hochwertigem Premiumleder gefertigt, verleihen unsere Untersetzer eine edle Optik und bieten hervorragenden Schutz vor Kratzern und Feuchtigkeit.<\/p>\n<p>Unsere <strong>Leder-Untersetzer<\/strong> k\u00f6nnen mit Ihrem eigenen Logo oder Text personalisiert werden, was sie ideal f\u00fcr Branding, Werbekampagnen oder als einzigartiges Geschenk macht. Ihr Logo wird dabei mit einer Blindpr\u00e4gung, Goldfolie oder in einer anderen Wunschfolienfarbe auf die Untersetzer aufgebracht.<\/p>\n<p>Jeder Untersetzer wird in unserer Werkstatt mit Sorgfalt und Pr\u00e4zision von Hand gefertigt, was f\u00fcr hohe Qualit\u00e4t und Liebe zum Detail garantiert.<\/p>\n<p>F\u00fcr Druckoptionen und ein pers\u00f6nliches Angebot k\u00f6nnen Sie uns jederzeit kontaktieren. Unser engagiertes Team steht bereit, um Ihnen bei der Auswahl der perfekten L\u00f6sung f\u00fcr Ihre individuellen Anforderungen zu helfen.<\/p>\n<p>Entdecken Sie auch unsere anderen Lederprodukte, wie zum Beispiel die <strong><a href=\"https:\/\/place-add.nl\/de\/produkt\/placemats-aus-beschichtetem-leder\/\">Leder-Tischsets<\/a><\/strong> oder <strong><a href=\"https:\/\/place-add.nl\/de\/produkt\/ledernen-tuerhaengern\/\">T\u00fcrh\u00e4nger!<\/a><\/strong><\/p>\n<p>Besuchen Sie auch unsere zweite Webseite mit weiteren eleganten Tischaccessoires, <strong><a href=\"https:\/\/www.craftontable.com\/collections\">Craftontable.com.<\/a><\/strong><\/p>\n<p><strong>Kontaktieren Sie uns, um die M\u00f6glichkeiten zu besprechen. Unser engagiertes Team steht Ihnen zur Verf\u00fcgung und unterst\u00fctzt Sie bei der Wahl der idealen Produkte f\u00fcr Ihr Unternehmen!<\/strong><\/p>\n<p><button id=\"knop-contact-opnemen-overige-producten-de\">Kontaktieren Sie uns unverbindlich<\/button><\/p>\n","protected":false},"excerpt":{"rendered":"<ul>\n<li><strong>Hochwertige Materialien:<\/strong> Hergestellt aus hochwertigem Leder sorgen unsere Untersetzer f\u00fcr ein elegantes Erscheinungsbild und bieten hervorragenden Schutz f\u00fcr Ihre Tische gegen Kratzer und Feuchtigkeit.<\/li>\n<li><strong>Personalisierung:<\/strong> Wir bieten die M\u00f6glichkeit, die Untersetzer mit Ihrem eigenen Logo oder Text bedrucken zu lassen. Dies macht sie ideal f\u00fcr Branding, Werbeaktionen oder als einzigartiges Geschenk.<\/li>\n<li><strong>Handgefertigt:<\/strong> Unsere Lederuntersetzer werden mit Sorgfalt und Pr\u00e4zision in unserem B\u00fcro handgefertigt. Dies garantiert hohe Qualit\u00e4t und Liebe zum Detail in jedem St\u00fcck.<\/li>\n<\/ul>\n<p><button id=\"knop-contact-opnemen-overige-producten-de\">Kontaktieren Sie uns unverbindlich<\/button><\/p>\n","protected":false},"featured_media":38423,"template":"","meta":[],"product_brand":[],"product_cat":[1204],"product_tag":[1212,1213,1214,1215,1216,1217],"class_list":{"0":"post-42603","1":"product","2":"type-product","3":"status-publish","4":"has-post-thumbnail","6":"product_cat-accessoires-aus-leder-de","7":"product_tag-lederen-onderzetter-de","8":"product_tag-lederen-viltje-de","9":"product_tag-onderzetter-met-logo-de","10":"product_tag-onderzetter-van-leder-de","11":"product_tag-viltje-met-logo-de","12":"product_tag-viltje-van-leder-de","14":"first","15":"instock","16":"taxable","17":"shipping-taxable","18":"product-type-simple"},"yoast_head":"<!-- This site is optimized with the Yoast SEO Premium plugin v27.2 (Yoast SEO v27.2) - https:\/\/yoast.com\/product\/yoast-seo-premium-wordpress\/ -->\n<title>Untersetzer aus Leder | Place Add | F\u00fcr die Gastronomie<\/title>\n<meta name=\"description\" content=\"Lederuntersetzer, handgefertigt und bedruckbar mit Ihrem Logo. Langlebig und stilvoll, ideal f\u00fcr den Einsatz in Restaurants, Bistros oder Caf\u00e9s.\" \/>\n<meta name=\"robots\" content=\"index, follow, max-snippet:-1, max-image-preview:large, max-video-preview:-1\" \/>\n<link rel=\"canonical\" href=\"https:\/\/place-add.nl\/de\/produkt\/untersetzer-aus-leder\/\" \/>\n<meta property=\"og:locale\" content=\"de_DE\" \/>\n<meta property=\"og:type\" content=\"article\" \/>\n<meta property=\"og:title\" content=\"Leder-Untersetzern\" \/>\n<meta property=\"og:description\" content=\"Lederuntersetzer, handgefertigt und bedruckbar mit Ihrem Logo. Langlebig und stilvoll, ideal f\u00fcr den Einsatz in Restaurants, Bistros oder Caf\u00e9s.\" \/>\n<meta property=\"og:url\" content=\"https:\/\/place-add.nl\/de\/produkt\/untersetzer-aus-leder\/\" \/>\n<meta property=\"og:site_name\" content=\"Place Add\" \/>\n<meta property=\"article:publisher\" content=\"https:\/\/www.facebook.com\/PlaceAdd\/\" \/>\n<meta property=\"article:modified_time\" content=\"2025-06-05T07:09:35+00:00\" \/>\n<meta property=\"og:image\" content=\"https:\/\/place-add.nl\/wp-content\/uploads\/2024\/06\/Optafel_onderzetter_leder_Placeadd_1.jpg\" \/>\n\t<meta property=\"og:image:width\" content=\"800\" \/>\n\t<meta property=\"og:image:height\" content=\"800\" \/>\n\t<meta property=\"og:image:type\" content=\"image\/jpeg\" \/>\n<meta name=\"twitter:card\" content=\"summary_large_image\" \/>\n<meta name=\"twitter:label1\" content=\"Gesch\u00e4tzte Lesezeit\" \/>\n\t<meta name=\"twitter:data1\" content=\"2\u00a0Minuten\" \/>\n<script type=\"application\/ld+json\" class=\"yoast-schema-graph\">{\"@context\":\"https:\/\/schema.org\",\"@graph\":[{\"@type\":\"WebPage\",\"@id\":\"https:\/\/place-add.nl\/de\/produkt\/untersetzer-aus-leder\/\",\"url\":\"https:\/\/place-add.nl\/de\/produkt\/untersetzer-aus-leder\/\",\"name\":\"Untersetzer aus Leder | Place Add | F\u00fcr die Gastronomie\",\"isPartOf\":{\"@id\":\"https:\/\/place-add.nl\/de\/#website\"},\"primaryImageOfPage\":{\"@id\":\"https:\/\/place-add.nl\/de\/produkt\/untersetzer-aus-leder\/#primaryimage\"},\"image\":{\"@id\":\"https:\/\/place-add.nl\/de\/produkt\/untersetzer-aus-leder\/#primaryimage\"},\"thumbnailUrl\":\"https:\/\/place-add.nl\/wp-content\/uploads\/2024\/06\/Optafel_onderzetter_leder_Placeadd_1.jpg\",\"datePublished\":\"2024-06-25T13:44:25+00:00\",\"dateModified\":\"2025-06-05T07:09:35+00:00\",\"description\":\"Lederuntersetzer, handgefertigt und bedruckbar mit Ihrem Logo. Langlebig und stilvoll, ideal f\u00fcr den Einsatz in Restaurants, Bistros oder Caf\u00e9s.\",\"breadcrumb\":{\"@id\":\"https:\/\/place-add.nl\/de\/produkt\/untersetzer-aus-leder\/#breadcrumb\"},\"inLanguage\":\"de\",\"potentialAction\":[{\"@type\":\"ReadAction\",\"target\":[\"https:\/\/place-add.nl\/de\/produkt\/untersetzer-aus-leder\/\"]}]},{\"@type\":\"ImageObject\",\"inLanguage\":\"de\",\"@id\":\"https:\/\/place-add.nl\/de\/produkt\/untersetzer-aus-leder\/#primaryimage\",\"url\":\"https:\/\/place-add.nl\/wp-content\/uploads\/2024\/06\/Optafel_onderzetter_leder_Placeadd_1.jpg\",\"contentUrl\":\"https:\/\/place-add.nl\/wp-content\/uploads\/2024\/06\/Optafel_onderzetter_leder_Placeadd_1.jpg\",\"width\":800,\"height\":800,\"caption\":\"Leren onderzetters\"},{\"@type\":\"BreadcrumbList\",\"@id\":\"https:\/\/place-add.nl\/de\/produkt\/untersetzer-aus-leder\/#breadcrumb\",\"itemListElement\":[{\"@type\":\"ListItem\",\"position\":1,\"name\":\"Home\",\"item\":\"https:\/\/place-add.nl\/de\/home\/\"},{\"@type\":\"ListItem\",\"position\":2,\"name\":\"Shop\",\"item\":\"https:\/\/place-add.nl\/de\/shop\/\"},{\"@type\":\"ListItem\",\"position\":3,\"name\":\"Leder-Untersetzern\"}]},{\"@type\":\"WebSite\",\"@id\":\"https:\/\/place-add.nl\/de\/#website\",\"url\":\"https:\/\/place-add.nl\/de\/\",\"name\":\"Place Add\",\"description\":\"Tafelkleding voor de horeca\",\"publisher\":{\"@id\":\"https:\/\/place-add.nl\/de\/#organization\"},\"potentialAction\":[{\"@type\":\"SearchAction\",\"target\":{\"@type\":\"EntryPoint\",\"urlTemplate\":\"https:\/\/place-add.nl\/de\/?s={search_term_string}\"},\"query-input\":{\"@type\":\"PropertyValueSpecification\",\"valueRequired\":true,\"valueName\":\"search_term_string\"}}],\"inLanguage\":\"de\"},{\"@type\":\"Organization\",\"@id\":\"https:\/\/place-add.nl\/de\/#organization\",\"name\":\"Place Add\",\"url\":\"https:\/\/place-add.nl\/de\/\",\"logo\":{\"@type\":\"ImageObject\",\"inLanguage\":\"de\",\"@id\":\"https:\/\/place-add.nl\/de\/#\/schema\/logo\/image\/\",\"url\":\"https:\/\/place-add.nl\/wp-content\/uploads\/2023\/11\/logo-img-place-add.png\",\"contentUrl\":\"https:\/\/place-add.nl\/wp-content\/uploads\/2023\/11\/logo-img-place-add.png\",\"width\":404,\"height\":106,\"caption\":\"Place Add\"},\"image\":{\"@id\":\"https:\/\/place-add.nl\/de\/#\/schema\/logo\/image\/\"},\"sameAs\":[\"https:\/\/www.facebook.com\/PlaceAdd\/\",\"https:\/\/www.instagram.com\/place_add\/\",\"https:\/\/www.youtube.com\/@placeadd\"]}]}<\/script>\n<!-- \/ Yoast SEO Premium plugin. -->","yoast_head_json":{"title":"Untersetzer aus Leder | Place Add | F\u00fcr die Gastronomie","description":"Lederuntersetzer, handgefertigt und bedruckbar mit Ihrem Logo. Langlebig und stilvoll, ideal f\u00fcr den Einsatz in Restaurants, Bistros oder Caf\u00e9s.","robots":{"index":"index","follow":"follow","max-snippet":"max-snippet:-1","max-image-preview":"max-image-preview:large","max-video-preview":"max-video-preview:-1"},"canonical":"https:\/\/place-add.nl\/de\/produkt\/untersetzer-aus-leder\/","og_locale":"de_DE","og_type":"article","og_title":"Leder-Untersetzern","og_description":"Lederuntersetzer, handgefertigt und bedruckbar mit Ihrem Logo. Langlebig und stilvoll, ideal f\u00fcr den Einsatz in Restaurants, Bistros oder Caf\u00e9s.","og_url":"https:\/\/place-add.nl\/de\/produkt\/untersetzer-aus-leder\/","og_site_name":"Place Add","article_publisher":"https:\/\/www.facebook.com\/PlaceAdd\/","article_modified_time":"2025-06-05T07:09:35+00:00","og_image":[{"width":800,"height":800,"url":"https:\/\/place-add.nl\/wp-content\/uploads\/2024\/06\/Optafel_onderzetter_leder_Placeadd_1.jpg","type":"image\/jpeg"}],"twitter_card":"summary_large_image","twitter_misc":{"Gesch\u00e4tzte Lesezeit":"2\u00a0Minuten"},"schema":{"@context":"https:\/\/schema.org","@graph":[{"@type":"WebPage","@id":"https:\/\/place-add.nl\/de\/produkt\/untersetzer-aus-leder\/","url":"https:\/\/place-add.nl\/de\/produkt\/untersetzer-aus-leder\/","name":"Untersetzer aus Leder | Place Add | F\u00fcr die Gastronomie","isPartOf":{"@id":"https:\/\/place-add.nl\/de\/#website"},"primaryImageOfPage":{"@id":"https:\/\/place-add.nl\/de\/produkt\/untersetzer-aus-leder\/#primaryimage"},"image":{"@id":"https:\/\/place-add.nl\/de\/produkt\/untersetzer-aus-leder\/#primaryimage"},"thumbnailUrl":"https:\/\/place-add.nl\/wp-content\/uploads\/2024\/06\/Optafel_onderzetter_leder_Placeadd_1.jpg","datePublished":"2024-06-25T13:44:25+00:00","dateModified":"2025-06-05T07:09:35+00:00","description":"Lederuntersetzer, handgefertigt und bedruckbar mit Ihrem Logo. Langlebig und stilvoll, ideal f\u00fcr den Einsatz in Restaurants, Bistros oder Caf\u00e9s.","breadcrumb":{"@id":"https:\/\/place-add.nl\/de\/produkt\/untersetzer-aus-leder\/#breadcrumb"},"inLanguage":"de","potentialAction":[{"@type":"ReadAction","target":["https:\/\/place-add.nl\/de\/produkt\/untersetzer-aus-leder\/"]}]},{"@type":"ImageObject","inLanguage":"de","@id":"https:\/\/place-add.nl\/de\/produkt\/untersetzer-aus-leder\/#primaryimage","url":"https:\/\/place-add.nl\/wp-content\/uploads\/2024\/06\/Optafel_onderzetter_leder_Placeadd_1.jpg","contentUrl":"https:\/\/place-add.nl\/wp-content\/uploads\/2024\/06\/Optafel_onderzetter_leder_Placeadd_1.jpg","width":800,"height":800,"caption":"Leren onderzetters"},{"@type":"BreadcrumbList","@id":"https:\/\/place-add.nl\/de\/produkt\/untersetzer-aus-leder\/#breadcrumb","itemListElement":[{"@type":"ListItem","position":1,"name":"Home","item":"https:\/\/place-add.nl\/de\/home\/"},{"@type":"ListItem","position":2,"name":"Shop","item":"https:\/\/place-add.nl\/de\/shop\/"},{"@type":"ListItem","position":3,"name":"Leder-Untersetzern"}]},{"@type":"WebSite","@id":"https:\/\/place-add.nl\/de\/#website","url":"https:\/\/place-add.nl\/de\/","name":"Place Add","description":"Tafelkleding voor de horeca","publisher":{"@id":"https:\/\/place-add.nl\/de\/#organization"},"potentialAction":[{"@type":"SearchAction","target":{"@type":"EntryPoint","urlTemplate":"https:\/\/place-add.nl\/de\/?s={search_term_string}"},"query-input":{"@type":"PropertyValueSpecification","valueRequired":true,"valueName":"search_term_string"}}],"inLanguage":"de"},{"@type":"Organization","@id":"https:\/\/place-add.nl\/de\/#organization","name":"Place Add","url":"https:\/\/place-add.nl\/de\/","logo":{"@type":"ImageObject","inLanguage":"de","@id":"https:\/\/place-add.nl\/de\/#\/schema\/logo\/image\/","url":"https:\/\/place-add.nl\/wp-content\/uploads\/2023\/11\/logo-img-place-add.png","contentUrl":"https:\/\/place-add.nl\/wp-content\/uploads\/2023\/11\/logo-img-place-add.png","width":404,"height":106,"caption":"Place Add"},"image":{"@id":"https:\/\/place-add.nl\/de\/#\/schema\/logo\/image\/"},"sameAs":["https:\/\/www.facebook.com\/PlaceAdd\/","https:\/\/www.instagram.com\/place_add\/","https:\/\/www.youtube.com\/@placeadd"]}]}},"_links":{"self":[{"href":"https:\/\/place-add.nl\/de\/wp-json\/wp\/v2\/product\/42603","targetHints":{"allow":["GET"]}}],"collection":[{"href":"https:\/\/place-add.nl\/de\/wp-json\/wp\/v2\/product"}],"about":[{"href":"https:\/\/place-add.nl\/de\/wp-json\/wp\/v2\/types\/product"}],"wp:featuredmedia":[{"embeddable":true,"href":"https:\/\/place-add.nl\/de\/wp-json\/wp\/v2\/media\/38423"}],"wp:attachment":[{"href":"https:\/\/place-add.nl\/de\/wp-json\/wp\/v2\/media?parent=42603"}],"wp:term":[{"taxonomy":"product_brand","embeddable":true,"href":"https:\/\/place-add.nl\/de\/wp-json\/wp\/v2\/product_brand?post=42603"},{"taxonomy":"product_cat","embeddable":true,"href":"https:\/\/place-add.nl\/de\/wp-json\/wp\/v2\/product_cat?post=42603"},{"taxonomy":"product_tag","embeddable":true,"href":"https:\/\/place-add.nl\/de\/wp-json\/wp\/v2\/product_tag?post=42603"}],"curies":[{"name":"wp","href":"https:\/\/api.w.org\/{rel}","templated":true}]}}