{"id":42605,"date":"2024-06-25T13:45:12","date_gmt":"2024-06-25T13:45:12","guid":{"rendered":"https:\/\/place-add.nl\/product\/leren-servetring\/"},"modified":"2025-03-03T13:11:49","modified_gmt":"2025-03-03T13:11:49","slug":"lederserviettenring","status":"publish","type":"product","link":"https:\/\/place-add.nl\/de\/produkt\/lederserviettenring\/","title":{"rendered":"Serviettenringe aus Leder"},"content":{"rendered":"<p><strong>Serviettenringe aus Leder<\/strong> sind eine stilvolle und praktische Art, Servietten auf dem Tisch zu pr\u00e4sentieren und zu organisieren. Sie verleihen jedem gedeckten Tisch ein raffiniertes und luxuri\u00f6ses Aussehen, sei es f\u00fcr einen formellen Anlass, ein Abendessen oder eine t\u00e4gliche Mahlzeit.<\/p>\n<p>Wir k\u00f6nnen diese dauerhafte L\u00f6sung in einer <strong>beschichteten<\/strong>\u201e und in einer <strong>aufziehbaren<\/strong>\u201c Version liefern. Beide Versionen sind in <strong>4 Farben<\/strong> erh\u00e4ltlich. Die<strong> beschichtete Version<\/strong> des<strong> Lederserviettenrings<\/strong> hat eine <strong>sch\u00fctzende, gl\u00e4nzende Beschichtung<\/strong>. Die<strong> Pull Up-Version<\/strong> hat <strong>hellere Schattierungen<\/strong> im Leder mit einer<strong> matten Optik.<\/strong><\/p>\n<p>Es besteht auch die M\u00f6glichkeit, <strong>Ihr Logo<\/strong> dezent in das Leder zu <strong>lasern<\/strong>, um dem Look eine pers\u00f6nliche Note zu verleihen.<\/p>\n<p>Serviettenringe aus Leder lassen sich leicht mit einem weichen Tuch und, falls erforderlich, einem speziellen Lederreinigungsmittel reinigen. Bei starker Beanspruchung k\u00f6nnen sie gelegentlich mit einem Lederpflegemittel behandelt werden, um das Material geschmeidig zu halten und es vor dem Austrocknen zu bewahren.<\/p>\n<p><strong>Unsere <a href=\"https:\/\/place-add.nl\/product\/leren-servetring\/\">Lederserviettenringe<\/a> sind \u00fcber unsere zweite Website, <a href=\"https:\/\/www.craftontable.com\/collections\/accessoires\/products\/lederen-servetring\">Craft On Table<\/a>, erh\u00e4ltlich!<\/strong><\/p>\n<p><strong><a href=\"https:\/\/place-add.nl\/contact\/\">Kontaktieren<\/a> Sie uns, um die Optionen zu besprechen. Unser engagiertes Team ist bereit, Sie bei der Auswahl des perfekten Men\u00fcs f\u00fcr Ihr Unternehmen zu beraten!<\/strong><\/p>\n<p><button id=\"knop-contact-opnemen-overige-producten-de\">Kontaktieren Sie uns unverbindlich<\/button><\/p>\n","protected":false},"excerpt":{"rendered":"<p>Mit dem Leder Serviettenring wird Ihre Serviette stilvoll pr\u00e4sentiert. <span class=\"Apple-converted-space\">\u00a0<\/span><\/p>\n<p>Diese nachhaltige L\u00f6sung k\u00f6nnen wir in einer \u201eCoated\u201c und in einer \u201ePull Up\u201c Version liefern. Beide Versionen sind in 4 Farben erh\u00e4ltlich. <span class=\"Apple-converted-space\">\u00a0<\/span><\/p>\n<p>Die Coated-Version ist mit einer sch\u00fctzenden, gl\u00e4nzenden Schicht versehen. Die Pull Up-Version hat hellere Farbt\u00f6ne im Leder mit einer matten Optik.<\/p>\n<p><span style=\"text-decoration: underline;\"><strong>Die Mindestbestellmenge betr\u00e4gt 10 St\u00fcck!\u00a0<\/strong><\/span><\/p>\n<p><button id=\"knop-contact-opnemen-overige-producten-de\">Kontaktieren Sie uns unverbindlich<\/button><\/p>\n<p><span style=\"text-decoration: underline;\"><strong>Einmalige Startkosten f\u00fcr Laser \u20ac45,00<\/strong><\/span><\/p>\n","protected":false},"featured_media":38407,"template":"","meta":[],"product_brand":[],"product_cat":[1204],"product_tag":[1218,1219,1220],"class_list":{"0":"post-42605","1":"product","2":"type-product","3":"status-publish","4":"has-post-thumbnail","6":"product_cat-accessoires-aus-leder-de","7":"product_tag-lederen-servetring-de","8":"product_tag-servetring-met-logo-de","9":"product_tag-servetring-van-leder-de","11":"first","12":"instock","13":"taxable","14":"shipping-taxable","15":"purchasable","16":"product-type-variable"},"yoast_head":"<!-- This site is optimized with the Yoast SEO Premium plugin v27.2 (Yoast SEO v27.2) - https:\/\/yoast.com\/product\/yoast-seo-premium-wordpress\/ -->\n<title>Lederserviettenring | Place Add<\/title>\n<meta name=\"description\" content=\"Stilvoller Serviettenring aus Leder, langlebig und in den Versionen &#039;Coated&#039; und &#039;Pull Up&#039; erh\u00e4ltlich. Beide in 4 Farben, mit gl\u00e4nzender oder matter Schutzfunktion.\" \/>\n<meta name=\"robots\" content=\"index, follow, max-snippet:-1, max-image-preview:large, max-video-preview:-1\" \/>\n<link rel=\"canonical\" href=\"https:\/\/place-add.nl\/de\/produkt\/lederserviettenring\/\" \/>\n<meta property=\"og:locale\" content=\"de_DE\" \/>\n<meta property=\"og:type\" content=\"article\" \/>\n<meta property=\"og:title\" content=\"Serviettenringe aus Leder\" \/>\n<meta property=\"og:description\" content=\"Stilvoller Serviettenring aus Leder, langlebig und in den Versionen &#039;Coated&#039; und &#039;Pull Up&#039; erh\u00e4ltlich. Beide in 4 Farben, mit gl\u00e4nzender oder matter Schutzfunktion.\" \/>\n<meta property=\"og:url\" content=\"https:\/\/place-add.nl\/de\/produkt\/lederserviettenring\/\" \/>\n<meta property=\"og:site_name\" content=\"Place Add\" \/>\n<meta property=\"article:publisher\" content=\"https:\/\/www.facebook.com\/PlaceAdd\/\" \/>\n<meta property=\"article:modified_time\" content=\"2025-03-03T13:11:49+00:00\" \/>\n<meta property=\"og:image\" content=\"https:\/\/place-add.nl\/wp-content\/uploads\/2024\/06\/Optafel_servetring_leder_Placeadd_1.webp\" \/>\n\t<meta property=\"og:image:width\" content=\"720\" \/>\n\t<meta property=\"og:image:height\" content=\"720\" \/>\n\t<meta property=\"og:image:type\" content=\"image\/webp\" \/>\n<meta name=\"twitter:card\" content=\"summary_large_image\" \/>\n<meta name=\"twitter:label1\" content=\"Gesch\u00e4tzte Lesezeit\" \/>\n\t<meta name=\"twitter:data1\" content=\"2\u00a0Minuten\" \/>\n<script type=\"application\/ld+json\" class=\"yoast-schema-graph\">{\"@context\":\"https:\/\/schema.org\",\"@graph\":[{\"@type\":\"WebPage\",\"@id\":\"https:\/\/place-add.nl\/de\/produkt\/lederserviettenring\/\",\"url\":\"https:\/\/place-add.nl\/de\/produkt\/lederserviettenring\/\",\"name\":\"Lederserviettenring | Place Add\",\"isPartOf\":{\"@id\":\"https:\/\/place-add.nl\/de\/#website\"},\"primaryImageOfPage\":{\"@id\":\"https:\/\/place-add.nl\/de\/produkt\/lederserviettenring\/#primaryimage\"},\"image\":{\"@id\":\"https:\/\/place-add.nl\/de\/produkt\/lederserviettenring\/#primaryimage\"},\"thumbnailUrl\":\"https:\/\/place-add.nl\/wp-content\/uploads\/2024\/06\/Optafel_servetring_leder_Placeadd_1.webp\",\"datePublished\":\"2024-06-25T13:45:12+00:00\",\"dateModified\":\"2025-03-03T13:11:49+00:00\",\"description\":\"Stilvoller Serviettenring aus Leder, langlebig und in den Versionen 'Coated' und 'Pull Up' erh\u00e4ltlich. Beide in 4 Farben, mit gl\u00e4nzender oder matter Schutzfunktion.\",\"breadcrumb\":{\"@id\":\"https:\/\/place-add.nl\/de\/produkt\/lederserviettenring\/#breadcrumb\"},\"inLanguage\":\"de\",\"potentialAction\":[{\"@type\":\"ReadAction\",\"target\":[\"https:\/\/place-add.nl\/de\/produkt\/lederserviettenring\/\"]}]},{\"@type\":\"ImageObject\",\"inLanguage\":\"de\",\"@id\":\"https:\/\/place-add.nl\/de\/produkt\/lederserviettenring\/#primaryimage\",\"url\":\"https:\/\/place-add.nl\/wp-content\/uploads\/2024\/06\/Optafel_servetring_leder_Placeadd_1.webp\",\"contentUrl\":\"https:\/\/place-add.nl\/wp-content\/uploads\/2024\/06\/Optafel_servetring_leder_Placeadd_1.webp\",\"width\":720,\"height\":720,\"caption\":\"Leren servetring\"},{\"@type\":\"BreadcrumbList\",\"@id\":\"https:\/\/place-add.nl\/de\/produkt\/lederserviettenring\/#breadcrumb\",\"itemListElement\":[{\"@type\":\"ListItem\",\"position\":1,\"name\":\"Home\",\"item\":\"https:\/\/place-add.nl\/de\/home\/\"},{\"@type\":\"ListItem\",\"position\":2,\"name\":\"Shop\",\"item\":\"https:\/\/place-add.nl\/de\/shop\/\"},{\"@type\":\"ListItem\",\"position\":3,\"name\":\"Serviettenringe aus Leder\"}]},{\"@type\":\"WebSite\",\"@id\":\"https:\/\/place-add.nl\/de\/#website\",\"url\":\"https:\/\/place-add.nl\/de\/\",\"name\":\"Place Add\",\"description\":\"Tafelkleding voor de horeca\",\"publisher\":{\"@id\":\"https:\/\/place-add.nl\/de\/#organization\"},\"potentialAction\":[{\"@type\":\"SearchAction\",\"target\":{\"@type\":\"EntryPoint\",\"urlTemplate\":\"https:\/\/place-add.nl\/de\/?s={search_term_string}\"},\"query-input\":{\"@type\":\"PropertyValueSpecification\",\"valueRequired\":true,\"valueName\":\"search_term_string\"}}],\"inLanguage\":\"de\"},{\"@type\":\"Organization\",\"@id\":\"https:\/\/place-add.nl\/de\/#organization\",\"name\":\"Place Add\",\"url\":\"https:\/\/place-add.nl\/de\/\",\"logo\":{\"@type\":\"ImageObject\",\"inLanguage\":\"de\",\"@id\":\"https:\/\/place-add.nl\/de\/#\/schema\/logo\/image\/\",\"url\":\"https:\/\/place-add.nl\/wp-content\/uploads\/2023\/11\/logo-img-place-add.png\",\"contentUrl\":\"https:\/\/place-add.nl\/wp-content\/uploads\/2023\/11\/logo-img-place-add.png\",\"width\":404,\"height\":106,\"caption\":\"Place Add\"},\"image\":{\"@id\":\"https:\/\/place-add.nl\/de\/#\/schema\/logo\/image\/\"},\"sameAs\":[\"https:\/\/www.facebook.com\/PlaceAdd\/\",\"https:\/\/www.instagram.com\/place_add\/\",\"https:\/\/www.youtube.com\/@placeadd\"]}]}<\/script>\n<!-- \/ Yoast SEO Premium plugin. -->","yoast_head_json":{"title":"Lederserviettenring | Place Add","description":"Stilvoller Serviettenring aus Leder, langlebig und in den Versionen 'Coated' und 'Pull Up' erh\u00e4ltlich. Beide in 4 Farben, mit gl\u00e4nzender oder matter Schutzfunktion.","robots":{"index":"index","follow":"follow","max-snippet":"max-snippet:-1","max-image-preview":"max-image-preview:large","max-video-preview":"max-video-preview:-1"},"canonical":"https:\/\/place-add.nl\/de\/produkt\/lederserviettenring\/","og_locale":"de_DE","og_type":"article","og_title":"Serviettenringe aus Leder","og_description":"Stilvoller Serviettenring aus Leder, langlebig und in den Versionen 'Coated' und 'Pull Up' erh\u00e4ltlich. Beide in 4 Farben, mit gl\u00e4nzender oder matter Schutzfunktion.","og_url":"https:\/\/place-add.nl\/de\/produkt\/lederserviettenring\/","og_site_name":"Place Add","article_publisher":"https:\/\/www.facebook.com\/PlaceAdd\/","article_modified_time":"2025-03-03T13:11:49+00:00","og_image":[{"width":720,"height":720,"url":"https:\/\/place-add.nl\/wp-content\/uploads\/2024\/06\/Optafel_servetring_leder_Placeadd_1.webp","type":"image\/webp"}],"twitter_card":"summary_large_image","twitter_misc":{"Gesch\u00e4tzte Lesezeit":"2\u00a0Minuten"},"schema":{"@context":"https:\/\/schema.org","@graph":[{"@type":"WebPage","@id":"https:\/\/place-add.nl\/de\/produkt\/lederserviettenring\/","url":"https:\/\/place-add.nl\/de\/produkt\/lederserviettenring\/","name":"Lederserviettenring | Place Add","isPartOf":{"@id":"https:\/\/place-add.nl\/de\/#website"},"primaryImageOfPage":{"@id":"https:\/\/place-add.nl\/de\/produkt\/lederserviettenring\/#primaryimage"},"image":{"@id":"https:\/\/place-add.nl\/de\/produkt\/lederserviettenring\/#primaryimage"},"thumbnailUrl":"https:\/\/place-add.nl\/wp-content\/uploads\/2024\/06\/Optafel_servetring_leder_Placeadd_1.webp","datePublished":"2024-06-25T13:45:12+00:00","dateModified":"2025-03-03T13:11:49+00:00","description":"Stilvoller Serviettenring aus Leder, langlebig und in den Versionen 'Coated' und 'Pull Up' erh\u00e4ltlich. Beide in 4 Farben, mit gl\u00e4nzender oder matter Schutzfunktion.","breadcrumb":{"@id":"https:\/\/place-add.nl\/de\/produkt\/lederserviettenring\/#breadcrumb"},"inLanguage":"de","potentialAction":[{"@type":"ReadAction","target":["https:\/\/place-add.nl\/de\/produkt\/lederserviettenring\/"]}]},{"@type":"ImageObject","inLanguage":"de","@id":"https:\/\/place-add.nl\/de\/produkt\/lederserviettenring\/#primaryimage","url":"https:\/\/place-add.nl\/wp-content\/uploads\/2024\/06\/Optafel_servetring_leder_Placeadd_1.webp","contentUrl":"https:\/\/place-add.nl\/wp-content\/uploads\/2024\/06\/Optafel_servetring_leder_Placeadd_1.webp","width":720,"height":720,"caption":"Leren servetring"},{"@type":"BreadcrumbList","@id":"https:\/\/place-add.nl\/de\/produkt\/lederserviettenring\/#breadcrumb","itemListElement":[{"@type":"ListItem","position":1,"name":"Home","item":"https:\/\/place-add.nl\/de\/home\/"},{"@type":"ListItem","position":2,"name":"Shop","item":"https:\/\/place-add.nl\/de\/shop\/"},{"@type":"ListItem","position":3,"name":"Serviettenringe aus Leder"}]},{"@type":"WebSite","@id":"https:\/\/place-add.nl\/de\/#website","url":"https:\/\/place-add.nl\/de\/","name":"Place Add","description":"Tafelkleding voor de horeca","publisher":{"@id":"https:\/\/place-add.nl\/de\/#organization"},"potentialAction":[{"@type":"SearchAction","target":{"@type":"EntryPoint","urlTemplate":"https:\/\/place-add.nl\/de\/?s={search_term_string}"},"query-input":{"@type":"PropertyValueSpecification","valueRequired":true,"valueName":"search_term_string"}}],"inLanguage":"de"},{"@type":"Organization","@id":"https:\/\/place-add.nl\/de\/#organization","name":"Place Add","url":"https:\/\/place-add.nl\/de\/","logo":{"@type":"ImageObject","inLanguage":"de","@id":"https:\/\/place-add.nl\/de\/#\/schema\/logo\/image\/","url":"https:\/\/place-add.nl\/wp-content\/uploads\/2023\/11\/logo-img-place-add.png","contentUrl":"https:\/\/place-add.nl\/wp-content\/uploads\/2023\/11\/logo-img-place-add.png","width":404,"height":106,"caption":"Place Add"},"image":{"@id":"https:\/\/place-add.nl\/de\/#\/schema\/logo\/image\/"},"sameAs":["https:\/\/www.facebook.com\/PlaceAdd\/","https:\/\/www.instagram.com\/place_add\/","https:\/\/www.youtube.com\/@placeadd"]}]}},"_links":{"self":[{"href":"https:\/\/place-add.nl\/de\/wp-json\/wp\/v2\/product\/42605","targetHints":{"allow":["GET"]}}],"collection":[{"href":"https:\/\/place-add.nl\/de\/wp-json\/wp\/v2\/product"}],"about":[{"href":"https:\/\/place-add.nl\/de\/wp-json\/wp\/v2\/types\/product"}],"wp:featuredmedia":[{"embeddable":true,"href":"https:\/\/place-add.nl\/de\/wp-json\/wp\/v2\/media\/38407"}],"wp:attachment":[{"href":"https:\/\/place-add.nl\/de\/wp-json\/wp\/v2\/media?parent=42605"}],"wp:term":[{"taxonomy":"product_brand","embeddable":true,"href":"https:\/\/place-add.nl\/de\/wp-json\/wp\/v2\/product_brand?post=42605"},{"taxonomy":"product_cat","embeddable":true,"href":"https:\/\/place-add.nl\/de\/wp-json\/wp\/v2\/product_cat?post=42605"},{"taxonomy":"product_tag","embeddable":true,"href":"https:\/\/place-add.nl\/de\/wp-json\/wp\/v2\/product_tag?post=42605"}],"curies":[{"name":"wp","href":"https:\/\/api.w.org\/{rel}","templated":true}]}}