{"id":42630,"date":"2024-06-18T13:05:04","date_gmt":"2024-06-18T13:05:04","guid":{"rendered":"https:\/\/place-add.nl\/product\/menudisplay-outdoor-bord-1-2-4xa4\/"},"modified":"2025-07-01T14:01:13","modified_gmt":"2025-07-01T14:01:13","slug":"outdoor-menudisplay-1-2-4xa4","status":"publish","type":"product","link":"https:\/\/place-add.nl\/de\/produkt\/outdoor-menudisplay-1-2-4xa4\/","title":{"rendered":"Outdoor-Menudisplay 1\/2\/4xA4"},"content":{"rendered":"<p>Das <strong>Outdoor-Menudisplay Schwarz 1\/2\/4xA4<\/strong> \u2013 Stilvolle und Nachhaltige L\u00f6sung f\u00fcr Ihre Pr\u00e4sentationen<\/p>\n<p>Das Outdoor-Menudisplay Schwarz 1\/2\/4xA4 ist die perfekte L\u00f6sung, um Men\u00fcs, Ank\u00fcndigungen oder Werbeaktionen auf eine stilvolle und langlebige Weise zu pr\u00e4sentieren. Geeignet f\u00fcr den Einsatz in Innenr\u00e4umen sowie in \u00fcberdachten Au\u00dfenbereichen, zieht dieses Display dank der robusten, abschlie\u00dfbaren Aluminiumt\u00fcr und der klaren Polycarbonatfront besondere Aufmerksamkeit auf sich. F\u00fcr extra Wirkung ist auch eine Version mit LED-Streifenbeleuchtung erh\u00e4ltlich, um Ihre Botschaft noch auff\u00e4lliger zu gestalten.<\/p>\n<p>Menudisplays sind vielseitige Pr\u00e4sentationsmittel, die Unternehmen dabei unterst\u00fctzen, Men\u00fcs, Angebote oder andere Informationen auf attraktive und \u00fcbersichtliche Weise darzustellen. Sie werden h\u00e4ufig in Gastronomiebetrieben wie Restaurants, Caf\u00e9s, Hotels und Bars eingesetzt, sind aber auch bei Veranstaltungen, in Gesch\u00e4ften, Showrooms und sogar in B\u00fcros beliebt, um wichtige Informationen zu pr\u00e4sentieren.<\/p>\n<p><strong>Hauptmerkmale des Outdoor-Menudisplays 1\/2\/4xA4:<\/strong><\/p>\n<ul>\n<li><strong>Abschlie\u00dfbar:<\/strong> Sch\u00fctzt Ihre Inhalte vor unbefugtem Zugriff<\/li>\n<li><strong>Mit oder ohne LED-Beleuchtung:<\/strong> Passen Sie die Optik individuell an Ihr Unternehmen an<\/li>\n<li><strong>Innen- und \u00fcberdachter Au\u00dfenbereich:<\/strong> Ideal f\u00fcr verschiedene Anwendungsbereiche<\/li>\n<\/ul>\n<p><strong>Hinweis:<\/strong> Die elektrische Installation muss im Innenbereich erfolgen. Elektrische Komponenten d\u00fcrfen nicht Regen oder feuchten Umgebungen ausgesetzt werden.<\/p>\n<p>Neugierig, wie dieses stilvolle Menudisplay Ihren Raum bereichern kann? <strong>Bestellen Sie direkt und unkompliziert!<\/strong><\/p>\n<p>Unsere <strong><a href=\"https:\/\/place-add.nl\/product-categorie\/voor-op-tafel-webshop\/menu-displays\/\">Menudisplays<\/a><\/strong> sind auch auf unserer zweiten Website, <strong><a href=\"https:\/\/www.craftontable.com\/collections\/menu-displays\">Craft On Table<\/a><\/strong>, erh\u00e4ltlich!<\/p>\n<p><strong>Ben\u00f6tigen Sie pers\u00f6nliche Beratung? <\/strong><strong>Z\u00f6gern Sie nicht, uns zu <a href=\"https:\/\/place-add.nl\/de\/kontakt\/\">kontaktieren<\/a>. Unser engagiertes Team hilft Ihnen gerne, die perfekte Wahl f\u00fcr Ihre individuellen Bed\u00fcrfnisse zu treffen.<\/strong><\/p>\n<p><button id=\"knop-contact-opnemen-overige-producten-de\">Kontaktieren Sie uns unverbindlich<\/button><\/p>\n","protected":false},"excerpt":{"rendered":"<p>Das schwarze Outdoor-Men\u00fcboard ist ein langlebiges Display, geeignet f\u00fcr den Innen- und \u00fcberdachten Au\u00dfenbereich. Das Outdoor-Men\u00fcboard verf\u00fcgt \u00fcber eine abschlie\u00dfbare Aluminiumt\u00fcr mit einer klaren Polycarbonat-Frontscheibe. Ziehen Sie noch mehr Aufmerksamkeit auf sich mit der LED-Streifenbeleuchtung.<\/p>\n<p><strong>Dieser Men\u00fcst\u00e4nder ist:<\/strong><\/p>\n<ul>\n<li>Abschlie\u00dfbar<\/li>\n<li>Mit oder ohne LED-Beleuchtung<\/li>\n<li>F\u00fcr den Innen- oder \u00fcberdachten Au\u00dfenbereich geeignet<\/li>\n<\/ul>\n<p>M\u00f6chten Sie direkt und einfach bestellen? \u00a0<strong>Das ist \u00fcber unsere andere Website Craft On Table m\u00f6glich.<\/strong><\/p>\n<p><a class=\"button-custom-product\" href=\"https:\/\/www.craftontable.com\/collections\/menu-displays\/products\/outdoor-menu-bord-4-x-a4-papier\" target=\"_blank\" rel=\"noopener\">Menudisplay bestellen<\/a> <button id=\"knop-contact-opnemen-overige-producten-de\">Kontaktieren Sie uns unverbindlich<\/button><\/p>\n","protected":false},"featured_media":38411,"template":"","meta":[],"product_brand":[],"product_cat":[1440],"product_tag":[1299,1295,1294],"class_list":{"0":"post-42630","1":"product","2":"type-product","3":"status-publish","4":"has-post-thumbnail","6":"product_cat-menu-displays-de","7":"product_tag-menu-stand","8":"product_tag-menudisplays-de","9":"product_tag-menutafel","11":"first","12":"instock","13":"taxable","14":"shipping-taxable","15":"product-type-simple"},"yoast_head":"<!-- This site is optimized with the Yoast SEO Premium plugin v27.2 (Yoast SEO v27.2) - https:\/\/yoast.com\/product\/yoast-seo-premium-wordpress\/ -->\n<title>Outdoor-Menudisplay 1\/2\/4xA4 | Place Add | F\u00fcr die Gastronomie<\/title>\n<meta name=\"description\" content=\"Robuste Men\u00fc-Tafel f\u00fcr den Au\u00dfenbereich mit abschlie\u00dfbarer Aluminiumt\u00fcr und klarer Polycarbonat-Frontplatte. Aufr\u00fcstbar mit LED-Beleuchtungsstreifen.\" \/>\n<meta name=\"robots\" content=\"index, follow, max-snippet:-1, max-image-preview:large, max-video-preview:-1\" \/>\n<link rel=\"canonical\" href=\"https:\/\/place-add.nl\/de\/produkt\/outdoor-menudisplay-1-2-4xa4\/\" \/>\n<meta property=\"og:locale\" content=\"de_DE\" \/>\n<meta property=\"og:type\" content=\"article\" \/>\n<meta property=\"og:title\" content=\"Outdoor-Menudisplay 1\/2\/4xA4\" \/>\n<meta property=\"og:description\" content=\"Robuste Men\u00fc-Tafel f\u00fcr den Au\u00dfenbereich mit abschlie\u00dfbarer Aluminiumt\u00fcr und klarer Polycarbonat-Frontplatte. Aufr\u00fcstbar mit LED-Beleuchtungsstreifen.\" \/>\n<meta property=\"og:url\" content=\"https:\/\/place-add.nl\/de\/produkt\/outdoor-menudisplay-1-2-4xa4\/\" \/>\n<meta property=\"og:site_name\" content=\"Place Add\" \/>\n<meta property=\"article:publisher\" content=\"https:\/\/www.facebook.com\/PlaceAdd\/\" \/>\n<meta property=\"article:modified_time\" content=\"2025-07-01T14:01:13+00:00\" \/>\n<meta property=\"og:image\" content=\"https:\/\/place-add.nl\/wp-content\/uploads\/2024\/06\/Optafel_menubord_4xa4_Placeadd_1.webp\" \/>\n\t<meta property=\"og:image:width\" content=\"720\" \/>\n\t<meta property=\"og:image:height\" content=\"720\" \/>\n\t<meta property=\"og:image:type\" content=\"image\/webp\" \/>\n<meta name=\"twitter:card\" content=\"summary_large_image\" \/>\n<meta name=\"twitter:label1\" content=\"Gesch\u00e4tzte Lesezeit\" \/>\n\t<meta name=\"twitter:data1\" content=\"2\u00a0Minuten\" \/>\n<script type=\"application\/ld+json\" class=\"yoast-schema-graph\">{\"@context\":\"https:\/\/schema.org\",\"@graph\":[{\"@type\":\"WebPage\",\"@id\":\"https:\/\/place-add.nl\/de\/produkt\/outdoor-menudisplay-1-2-4xa4\/\",\"url\":\"https:\/\/place-add.nl\/de\/produkt\/outdoor-menudisplay-1-2-4xa4\/\",\"name\":\"Outdoor-Menudisplay 1\/2\/4xA4 | Place Add | F\u00fcr die Gastronomie\",\"isPartOf\":{\"@id\":\"https:\/\/place-add.nl\/de\/#website\"},\"primaryImageOfPage\":{\"@id\":\"https:\/\/place-add.nl\/de\/produkt\/outdoor-menudisplay-1-2-4xa4\/#primaryimage\"},\"image\":{\"@id\":\"https:\/\/place-add.nl\/de\/produkt\/outdoor-menudisplay-1-2-4xa4\/#primaryimage\"},\"thumbnailUrl\":\"https:\/\/place-add.nl\/wp-content\/uploads\/2024\/06\/Optafel_menubord_4xa4_Placeadd_1.webp\",\"datePublished\":\"2024-06-18T13:05:04+00:00\",\"dateModified\":\"2025-07-01T14:01:13+00:00\",\"description\":\"Robuste Men\u00fc-Tafel f\u00fcr den Au\u00dfenbereich mit abschlie\u00dfbarer Aluminiumt\u00fcr und klarer Polycarbonat-Frontplatte. Aufr\u00fcstbar mit LED-Beleuchtungsstreifen.\",\"breadcrumb\":{\"@id\":\"https:\/\/place-add.nl\/de\/produkt\/outdoor-menudisplay-1-2-4xa4\/#breadcrumb\"},\"inLanguage\":\"de\",\"potentialAction\":[{\"@type\":\"ReadAction\",\"target\":[\"https:\/\/place-add.nl\/de\/produkt\/outdoor-menudisplay-1-2-4xa4\/\"]}]},{\"@type\":\"ImageObject\",\"inLanguage\":\"de\",\"@id\":\"https:\/\/place-add.nl\/de\/produkt\/outdoor-menudisplay-1-2-4xa4\/#primaryimage\",\"url\":\"https:\/\/place-add.nl\/wp-content\/uploads\/2024\/06\/Optafel_menubord_4xa4_Placeadd_1.webp\",\"contentUrl\":\"https:\/\/place-add.nl\/wp-content\/uploads\/2024\/06\/Optafel_menubord_4xa4_Placeadd_1.webp\",\"width\":720,\"height\":720,\"caption\":\"Menudisplay Outdoor bord 1\/2\/4xA4\"},{\"@type\":\"BreadcrumbList\",\"@id\":\"https:\/\/place-add.nl\/de\/produkt\/outdoor-menudisplay-1-2-4xa4\/#breadcrumb\",\"itemListElement\":[{\"@type\":\"ListItem\",\"position\":1,\"name\":\"Home\",\"item\":\"https:\/\/place-add.nl\/de\/home\/\"},{\"@type\":\"ListItem\",\"position\":2,\"name\":\"Shop\",\"item\":\"https:\/\/place-add.nl\/de\/shop\/\"},{\"@type\":\"ListItem\",\"position\":3,\"name\":\"Outdoor-Menudisplay 1\/2\/4xA4\"}]},{\"@type\":\"WebSite\",\"@id\":\"https:\/\/place-add.nl\/de\/#website\",\"url\":\"https:\/\/place-add.nl\/de\/\",\"name\":\"Place Add\",\"description\":\"Tafelkleding voor de horeca\",\"publisher\":{\"@id\":\"https:\/\/place-add.nl\/de\/#organization\"},\"potentialAction\":[{\"@type\":\"SearchAction\",\"target\":{\"@type\":\"EntryPoint\",\"urlTemplate\":\"https:\/\/place-add.nl\/de\/?s={search_term_string}\"},\"query-input\":{\"@type\":\"PropertyValueSpecification\",\"valueRequired\":true,\"valueName\":\"search_term_string\"}}],\"inLanguage\":\"de\"},{\"@type\":\"Organization\",\"@id\":\"https:\/\/place-add.nl\/de\/#organization\",\"name\":\"Place Add\",\"url\":\"https:\/\/place-add.nl\/de\/\",\"logo\":{\"@type\":\"ImageObject\",\"inLanguage\":\"de\",\"@id\":\"https:\/\/place-add.nl\/de\/#\/schema\/logo\/image\/\",\"url\":\"https:\/\/place-add.nl\/wp-content\/uploads\/2023\/11\/logo-img-place-add.png\",\"contentUrl\":\"https:\/\/place-add.nl\/wp-content\/uploads\/2023\/11\/logo-img-place-add.png\",\"width\":404,\"height\":106,\"caption\":\"Place Add\"},\"image\":{\"@id\":\"https:\/\/place-add.nl\/de\/#\/schema\/logo\/image\/\"},\"sameAs\":[\"https:\/\/www.facebook.com\/PlaceAdd\/\",\"https:\/\/www.instagram.com\/place_add\/\",\"https:\/\/www.youtube.com\/@placeadd\"]}]}<\/script>\n<!-- \/ Yoast SEO Premium plugin. -->","yoast_head_json":{"title":"Outdoor-Menudisplay 1\/2\/4xA4 | Place Add | F\u00fcr die Gastronomie","description":"Robuste Men\u00fc-Tafel f\u00fcr den Au\u00dfenbereich mit abschlie\u00dfbarer Aluminiumt\u00fcr und klarer Polycarbonat-Frontplatte. Aufr\u00fcstbar mit LED-Beleuchtungsstreifen.","robots":{"index":"index","follow":"follow","max-snippet":"max-snippet:-1","max-image-preview":"max-image-preview:large","max-video-preview":"max-video-preview:-1"},"canonical":"https:\/\/place-add.nl\/de\/produkt\/outdoor-menudisplay-1-2-4xa4\/","og_locale":"de_DE","og_type":"article","og_title":"Outdoor-Menudisplay 1\/2\/4xA4","og_description":"Robuste Men\u00fc-Tafel f\u00fcr den Au\u00dfenbereich mit abschlie\u00dfbarer Aluminiumt\u00fcr und klarer Polycarbonat-Frontplatte. Aufr\u00fcstbar mit LED-Beleuchtungsstreifen.","og_url":"https:\/\/place-add.nl\/de\/produkt\/outdoor-menudisplay-1-2-4xa4\/","og_site_name":"Place Add","article_publisher":"https:\/\/www.facebook.com\/PlaceAdd\/","article_modified_time":"2025-07-01T14:01:13+00:00","og_image":[{"width":720,"height":720,"url":"https:\/\/place-add.nl\/wp-content\/uploads\/2024\/06\/Optafel_menubord_4xa4_Placeadd_1.webp","type":"image\/webp"}],"twitter_card":"summary_large_image","twitter_misc":{"Gesch\u00e4tzte Lesezeit":"2\u00a0Minuten"},"schema":{"@context":"https:\/\/schema.org","@graph":[{"@type":"WebPage","@id":"https:\/\/place-add.nl\/de\/produkt\/outdoor-menudisplay-1-2-4xa4\/","url":"https:\/\/place-add.nl\/de\/produkt\/outdoor-menudisplay-1-2-4xa4\/","name":"Outdoor-Menudisplay 1\/2\/4xA4 | Place Add | F\u00fcr die Gastronomie","isPartOf":{"@id":"https:\/\/place-add.nl\/de\/#website"},"primaryImageOfPage":{"@id":"https:\/\/place-add.nl\/de\/produkt\/outdoor-menudisplay-1-2-4xa4\/#primaryimage"},"image":{"@id":"https:\/\/place-add.nl\/de\/produkt\/outdoor-menudisplay-1-2-4xa4\/#primaryimage"},"thumbnailUrl":"https:\/\/place-add.nl\/wp-content\/uploads\/2024\/06\/Optafel_menubord_4xa4_Placeadd_1.webp","datePublished":"2024-06-18T13:05:04+00:00","dateModified":"2025-07-01T14:01:13+00:00","description":"Robuste Men\u00fc-Tafel f\u00fcr den Au\u00dfenbereich mit abschlie\u00dfbarer Aluminiumt\u00fcr und klarer Polycarbonat-Frontplatte. Aufr\u00fcstbar mit LED-Beleuchtungsstreifen.","breadcrumb":{"@id":"https:\/\/place-add.nl\/de\/produkt\/outdoor-menudisplay-1-2-4xa4\/#breadcrumb"},"inLanguage":"de","potentialAction":[{"@type":"ReadAction","target":["https:\/\/place-add.nl\/de\/produkt\/outdoor-menudisplay-1-2-4xa4\/"]}]},{"@type":"ImageObject","inLanguage":"de","@id":"https:\/\/place-add.nl\/de\/produkt\/outdoor-menudisplay-1-2-4xa4\/#primaryimage","url":"https:\/\/place-add.nl\/wp-content\/uploads\/2024\/06\/Optafel_menubord_4xa4_Placeadd_1.webp","contentUrl":"https:\/\/place-add.nl\/wp-content\/uploads\/2024\/06\/Optafel_menubord_4xa4_Placeadd_1.webp","width":720,"height":720,"caption":"Menudisplay Outdoor bord 1\/2\/4xA4"},{"@type":"BreadcrumbList","@id":"https:\/\/place-add.nl\/de\/produkt\/outdoor-menudisplay-1-2-4xa4\/#breadcrumb","itemListElement":[{"@type":"ListItem","position":1,"name":"Home","item":"https:\/\/place-add.nl\/de\/home\/"},{"@type":"ListItem","position":2,"name":"Shop","item":"https:\/\/place-add.nl\/de\/shop\/"},{"@type":"ListItem","position":3,"name":"Outdoor-Menudisplay 1\/2\/4xA4"}]},{"@type":"WebSite","@id":"https:\/\/place-add.nl\/de\/#website","url":"https:\/\/place-add.nl\/de\/","name":"Place Add","description":"Tafelkleding voor de horeca","publisher":{"@id":"https:\/\/place-add.nl\/de\/#organization"},"potentialAction":[{"@type":"SearchAction","target":{"@type":"EntryPoint","urlTemplate":"https:\/\/place-add.nl\/de\/?s={search_term_string}"},"query-input":{"@type":"PropertyValueSpecification","valueRequired":true,"valueName":"search_term_string"}}],"inLanguage":"de"},{"@type":"Organization","@id":"https:\/\/place-add.nl\/de\/#organization","name":"Place Add","url":"https:\/\/place-add.nl\/de\/","logo":{"@type":"ImageObject","inLanguage":"de","@id":"https:\/\/place-add.nl\/de\/#\/schema\/logo\/image\/","url":"https:\/\/place-add.nl\/wp-content\/uploads\/2023\/11\/logo-img-place-add.png","contentUrl":"https:\/\/place-add.nl\/wp-content\/uploads\/2023\/11\/logo-img-place-add.png","width":404,"height":106,"caption":"Place Add"},"image":{"@id":"https:\/\/place-add.nl\/de\/#\/schema\/logo\/image\/"},"sameAs":["https:\/\/www.facebook.com\/PlaceAdd\/","https:\/\/www.instagram.com\/place_add\/","https:\/\/www.youtube.com\/@placeadd"]}]}},"_links":{"self":[{"href":"https:\/\/place-add.nl\/de\/wp-json\/wp\/v2\/product\/42630","targetHints":{"allow":["GET"]}}],"collection":[{"href":"https:\/\/place-add.nl\/de\/wp-json\/wp\/v2\/product"}],"about":[{"href":"https:\/\/place-add.nl\/de\/wp-json\/wp\/v2\/types\/product"}],"wp:featuredmedia":[{"embeddable":true,"href":"https:\/\/place-add.nl\/de\/wp-json\/wp\/v2\/media\/38411"}],"wp:attachment":[{"href":"https:\/\/place-add.nl\/de\/wp-json\/wp\/v2\/media?parent=42630"}],"wp:term":[{"taxonomy":"product_brand","embeddable":true,"href":"https:\/\/place-add.nl\/de\/wp-json\/wp\/v2\/product_brand?post=42630"},{"taxonomy":"product_cat","embeddable":true,"href":"https:\/\/place-add.nl\/de\/wp-json\/wp\/v2\/product_cat?post=42630"},{"taxonomy":"product_tag","embeddable":true,"href":"https:\/\/place-add.nl\/de\/wp-json\/wp\/v2\/product_tag?post=42630"}],"curies":[{"name":"wp","href":"https:\/\/api.w.org\/{rel}","templated":true}]}}