{"id":42631,"date":"2024-11-15T15:26:51","date_gmt":"2024-11-15T15:26:51","guid":{"rendered":"https:\/\/place-add.nl\/product\/foliendruck\/"},"modified":"2025-06-01T20:16:41","modified_gmt":"2025-06-01T20:16:41","slug":"foliendruck","status":"publish","type":"product","link":"https:\/\/place-add.nl\/de\/produkt\/foliendruck\/","title":{"rendered":"Foliendruck"},"content":{"rendered":"<p>Beide Techniken, der Foliendruck und die Blindpr\u00e4gung, bieten ein hochwertiges Finish, das Ihre Men\u00fcs auf die n\u00e4chste Stufe hebt. Sie sorgen daf\u00fcr, dass Ihre Men\u00fcs nicht nur funktionell sind, sondern auch optisch etwas hergeben. Ganz gleich, ob Sie sich f\u00fcr den Glanz des Foliendrucks oder die Subtilit\u00e4t der Blindpr\u00e4gung entscheiden, Ihre Speisekarten werden mit Sicherheit beeindrucken und zu einem unvergesslichen Erlebnis f\u00fcr Ihre G\u00e4ste beitragen.<\/p>\n<p><button id=\"knop-contact-opnemen-de\">Kontaktieren Sie uns unverbindlich<\/button><\/p>\n","protected":false},"excerpt":{"rendered":"<p>Bei der Gestaltung von Speisekarten ist es wichtig, ein professionelles und attraktives Erscheinungsbild zu schaffen, das Ihre G\u00e4ste beeindrucken wird. Ein effektiver Weg, dies zu erreichen, ist der Einsatz von Foliendruck oder Blindpr\u00e4gung. Bei beiden Techniken wird ein Messing- oder Magnesiumstempel verwendet, der unter Hitze und Druck ein Logo oder einen Schriftzug auf die Speisekarte aufbringt.<\/p>\n<p>Der <strong>Foliendruck<\/strong> ist eine beliebte Wahl f\u00fcr Men\u00fckarten, da er ein gl\u00e4nzendes, luxuri\u00f6ses Finish bietet. Das Auftragen einer d\u00fcnnen Schicht Folie auf die Karte erzeugt einen auff\u00e4lligen und eleganten Effekt, der die Aufmerksamkeit auf sich zieht. Diese Technik ist ideal, um bestimmte Elemente wie das Logo Ihres Restaurants oder wichtige Teile der Speisekarte hervorzuheben. Der Foliendruck ist in verschiedenen Farben erh\u00e4ltlich, darunter Gold, Silber und Kupfer, so dass Sie das Aussehen Ihrer Speisekarten an die Corporate Identity Ihres Restaurants anpassen k\u00f6nnen.<\/p>\n<p><strong>Die Blindpr\u00e4gung<\/strong>, auch als Reliefdruck bekannt, ist eine subtilere Technik, bei der keine Folie verwendet wird. Stattdessen wird der Stempel direkt in das Papier gedr\u00fcckt, wodurch ein raffiniertes Relief entsteht. Diese Methode verleiht Ihren Speisekarten ein elegantes und stilvolles Aussehen, ohne zu sehr aufzufallen. Die Blindpr\u00e4gung ist perfekt f\u00fcr Restaurants, die ein klassisches und zeitloses Erscheinungsbild schaffen m\u00f6chten. Erhitzung und Pr\u00e4gung verleihen der Speisekarte eine einzigartige Textur, die die Sinne Ihrer G\u00e4ste anregt.<\/p>\n<p><button id=\"knop-contact-opnemen-de\">Kontaktieren Sie uns unverbindlich<\/button><\/p>\n","protected":false},"featured_media":42427,"template":"","meta":[],"product_brand":[],"product_cat":[1001],"product_tag":[],"class_list":{"0":"post-42631","1":"product","2":"type-product","3":"status-publish","4":"has-post-thumbnail","6":"product_cat-druckoptionen","8":"first","9":"instock","10":"taxable","11":"shipping-taxable","12":"product-type-simple"},"yoast_head":"<!-- This site is optimized with the Yoast SEO Premium plugin v27.2 (Yoast SEO v27.2) - https:\/\/yoast.com\/product\/yoast-seo-premium-wordpress\/ -->\n<title>Foliendruck | Speisekarten | Place Add | F\u00fcr die Gastronomie<\/title>\n<meta name=\"description\" content=\"foliendruck ist eine beliebte Wahl f\u00fcr Men\u00fckarten, da sie eine gl\u00e4nzende, luxuri\u00f6se Oberfl\u00e4che bietet. Auswahl aus vielen verschiedenen Farben\" \/>\n<meta name=\"robots\" content=\"index, follow, max-snippet:-1, max-image-preview:large, max-video-preview:-1\" \/>\n<link rel=\"canonical\" href=\"https:\/\/place-add.nl\/de\/produkt\/foliendruck\/\" \/>\n<meta property=\"og:locale\" content=\"de_DE\" \/>\n<meta property=\"og:type\" content=\"article\" \/>\n<meta property=\"og:title\" content=\"Foliendruck\" \/>\n<meta property=\"og:description\" content=\"foliendruck ist eine beliebte Wahl f\u00fcr Men\u00fckarten, da sie eine gl\u00e4nzende, luxuri\u00f6se Oberfl\u00e4che bietet. Auswahl aus vielen verschiedenen Farben\" \/>\n<meta property=\"og:url\" content=\"https:\/\/place-add.nl\/de\/produkt\/foliendruck\/\" \/>\n<meta property=\"og:site_name\" content=\"Place Add\" \/>\n<meta property=\"article:publisher\" content=\"https:\/\/www.facebook.com\/PlaceAdd\/\" \/>\n<meta property=\"article:modified_time\" content=\"2025-06-01T20:16:41+00:00\" \/>\n<meta property=\"og:image\" content=\"https:\/\/place-add.nl\/wp-content\/uploads\/2024\/11\/Menukaart_Bedrukt_Foliedruk_place-add_111.jpg\" \/>\n\t<meta property=\"og:image:width\" content=\"800\" \/>\n\t<meta property=\"og:image:height\" content=\"800\" \/>\n\t<meta property=\"og:image:type\" content=\"image\/jpeg\" \/>\n<meta name=\"twitter:card\" content=\"summary_large_image\" \/>\n<meta name=\"twitter:label1\" content=\"Gesch\u00e4tzte Lesezeit\" \/>\n\t<meta name=\"twitter:data1\" content=\"1\u00a0Minute\" \/>\n<script type=\"application\/ld+json\" class=\"yoast-schema-graph\">{\"@context\":\"https:\/\/schema.org\",\"@graph\":[{\"@type\":\"WebPage\",\"@id\":\"https:\/\/place-add.nl\/de\/produkt\/foliendruck\/\",\"url\":\"https:\/\/place-add.nl\/de\/produkt\/foliendruck\/\",\"name\":\"Foliendruck | Speisekarten | Place Add | F\u00fcr die Gastronomie\",\"isPartOf\":{\"@id\":\"https:\/\/place-add.nl\/de\/#website\"},\"primaryImageOfPage\":{\"@id\":\"https:\/\/place-add.nl\/de\/produkt\/foliendruck\/#primaryimage\"},\"image\":{\"@id\":\"https:\/\/place-add.nl\/de\/produkt\/foliendruck\/#primaryimage\"},\"thumbnailUrl\":\"https:\/\/place-add.nl\/wp-content\/uploads\/2024\/11\/Menukaart_Bedrukt_Foliedruk_place-add_111.jpg\",\"datePublished\":\"2024-11-15T15:26:51+00:00\",\"dateModified\":\"2025-06-01T20:16:41+00:00\",\"description\":\"foliendruck ist eine beliebte Wahl f\u00fcr Men\u00fckarten, da sie eine gl\u00e4nzende, luxuri\u00f6se Oberfl\u00e4che bietet. Auswahl aus vielen verschiedenen Farben\",\"breadcrumb\":{\"@id\":\"https:\/\/place-add.nl\/de\/produkt\/foliendruck\/#breadcrumb\"},\"inLanguage\":\"de\",\"potentialAction\":[{\"@type\":\"ReadAction\",\"target\":[\"https:\/\/place-add.nl\/de\/produkt\/foliendruck\/\"]}]},{\"@type\":\"ImageObject\",\"inLanguage\":\"de\",\"@id\":\"https:\/\/place-add.nl\/de\/produkt\/foliendruck\/#primaryimage\",\"url\":\"https:\/\/place-add.nl\/wp-content\/uploads\/2024\/11\/Menukaart_Bedrukt_Foliedruk_place-add_111.jpg\",\"contentUrl\":\"https:\/\/place-add.nl\/wp-content\/uploads\/2024\/11\/Menukaart_Bedrukt_Foliedruk_place-add_111.jpg\",\"width\":800,\"height\":800,\"caption\":\"foliedruk\"},{\"@type\":\"BreadcrumbList\",\"@id\":\"https:\/\/place-add.nl\/de\/produkt\/foliendruck\/#breadcrumb\",\"itemListElement\":[{\"@type\":\"ListItem\",\"position\":1,\"name\":\"Home\",\"item\":\"https:\/\/place-add.nl\/de\/home\/\"},{\"@type\":\"ListItem\",\"position\":2,\"name\":\"Shop\",\"item\":\"https:\/\/place-add.nl\/de\/shop\/\"},{\"@type\":\"ListItem\",\"position\":3,\"name\":\"Foliendruck\"}]},{\"@type\":\"WebSite\",\"@id\":\"https:\/\/place-add.nl\/de\/#website\",\"url\":\"https:\/\/place-add.nl\/de\/\",\"name\":\"Place Add\",\"description\":\"Tafelkleding voor de horeca\",\"publisher\":{\"@id\":\"https:\/\/place-add.nl\/de\/#organization\"},\"potentialAction\":[{\"@type\":\"SearchAction\",\"target\":{\"@type\":\"EntryPoint\",\"urlTemplate\":\"https:\/\/place-add.nl\/de\/?s={search_term_string}\"},\"query-input\":{\"@type\":\"PropertyValueSpecification\",\"valueRequired\":true,\"valueName\":\"search_term_string\"}}],\"inLanguage\":\"de\"},{\"@type\":\"Organization\",\"@id\":\"https:\/\/place-add.nl\/de\/#organization\",\"name\":\"Place Add\",\"url\":\"https:\/\/place-add.nl\/de\/\",\"logo\":{\"@type\":\"ImageObject\",\"inLanguage\":\"de\",\"@id\":\"https:\/\/place-add.nl\/de\/#\/schema\/logo\/image\/\",\"url\":\"https:\/\/place-add.nl\/wp-content\/uploads\/2023\/11\/logo-img-place-add.png\",\"contentUrl\":\"https:\/\/place-add.nl\/wp-content\/uploads\/2023\/11\/logo-img-place-add.png\",\"width\":404,\"height\":106,\"caption\":\"Place Add\"},\"image\":{\"@id\":\"https:\/\/place-add.nl\/de\/#\/schema\/logo\/image\/\"},\"sameAs\":[\"https:\/\/www.facebook.com\/PlaceAdd\/\",\"https:\/\/www.instagram.com\/place_add\/\",\"https:\/\/www.youtube.com\/@placeadd\"]}]}<\/script>\n<!-- \/ Yoast SEO Premium plugin. -->","yoast_head_json":{"title":"Foliendruck | Speisekarten | Place Add | F\u00fcr die Gastronomie","description":"foliendruck ist eine beliebte Wahl f\u00fcr Men\u00fckarten, da sie eine gl\u00e4nzende, luxuri\u00f6se Oberfl\u00e4che bietet. Auswahl aus vielen verschiedenen Farben","robots":{"index":"index","follow":"follow","max-snippet":"max-snippet:-1","max-image-preview":"max-image-preview:large","max-video-preview":"max-video-preview:-1"},"canonical":"https:\/\/place-add.nl\/de\/produkt\/foliendruck\/","og_locale":"de_DE","og_type":"article","og_title":"Foliendruck","og_description":"foliendruck ist eine beliebte Wahl f\u00fcr Men\u00fckarten, da sie eine gl\u00e4nzende, luxuri\u00f6se Oberfl\u00e4che bietet. Auswahl aus vielen verschiedenen Farben","og_url":"https:\/\/place-add.nl\/de\/produkt\/foliendruck\/","og_site_name":"Place Add","article_publisher":"https:\/\/www.facebook.com\/PlaceAdd\/","article_modified_time":"2025-06-01T20:16:41+00:00","og_image":[{"width":800,"height":800,"url":"https:\/\/place-add.nl\/wp-content\/uploads\/2024\/11\/Menukaart_Bedrukt_Foliedruk_place-add_111.jpg","type":"image\/jpeg"}],"twitter_card":"summary_large_image","twitter_misc":{"Gesch\u00e4tzte Lesezeit":"1\u00a0Minute"},"schema":{"@context":"https:\/\/schema.org","@graph":[{"@type":"WebPage","@id":"https:\/\/place-add.nl\/de\/produkt\/foliendruck\/","url":"https:\/\/place-add.nl\/de\/produkt\/foliendruck\/","name":"Foliendruck | Speisekarten | Place Add | F\u00fcr die Gastronomie","isPartOf":{"@id":"https:\/\/place-add.nl\/de\/#website"},"primaryImageOfPage":{"@id":"https:\/\/place-add.nl\/de\/produkt\/foliendruck\/#primaryimage"},"image":{"@id":"https:\/\/place-add.nl\/de\/produkt\/foliendruck\/#primaryimage"},"thumbnailUrl":"https:\/\/place-add.nl\/wp-content\/uploads\/2024\/11\/Menukaart_Bedrukt_Foliedruk_place-add_111.jpg","datePublished":"2024-11-15T15:26:51+00:00","dateModified":"2025-06-01T20:16:41+00:00","description":"foliendruck ist eine beliebte Wahl f\u00fcr Men\u00fckarten, da sie eine gl\u00e4nzende, luxuri\u00f6se Oberfl\u00e4che bietet. Auswahl aus vielen verschiedenen Farben","breadcrumb":{"@id":"https:\/\/place-add.nl\/de\/produkt\/foliendruck\/#breadcrumb"},"inLanguage":"de","potentialAction":[{"@type":"ReadAction","target":["https:\/\/place-add.nl\/de\/produkt\/foliendruck\/"]}]},{"@type":"ImageObject","inLanguage":"de","@id":"https:\/\/place-add.nl\/de\/produkt\/foliendruck\/#primaryimage","url":"https:\/\/place-add.nl\/wp-content\/uploads\/2024\/11\/Menukaart_Bedrukt_Foliedruk_place-add_111.jpg","contentUrl":"https:\/\/place-add.nl\/wp-content\/uploads\/2024\/11\/Menukaart_Bedrukt_Foliedruk_place-add_111.jpg","width":800,"height":800,"caption":"foliedruk"},{"@type":"BreadcrumbList","@id":"https:\/\/place-add.nl\/de\/produkt\/foliendruck\/#breadcrumb","itemListElement":[{"@type":"ListItem","position":1,"name":"Home","item":"https:\/\/place-add.nl\/de\/home\/"},{"@type":"ListItem","position":2,"name":"Shop","item":"https:\/\/place-add.nl\/de\/shop\/"},{"@type":"ListItem","position":3,"name":"Foliendruck"}]},{"@type":"WebSite","@id":"https:\/\/place-add.nl\/de\/#website","url":"https:\/\/place-add.nl\/de\/","name":"Place Add","description":"Tafelkleding voor de horeca","publisher":{"@id":"https:\/\/place-add.nl\/de\/#organization"},"potentialAction":[{"@type":"SearchAction","target":{"@type":"EntryPoint","urlTemplate":"https:\/\/place-add.nl\/de\/?s={search_term_string}"},"query-input":{"@type":"PropertyValueSpecification","valueRequired":true,"valueName":"search_term_string"}}],"inLanguage":"de"},{"@type":"Organization","@id":"https:\/\/place-add.nl\/de\/#organization","name":"Place Add","url":"https:\/\/place-add.nl\/de\/","logo":{"@type":"ImageObject","inLanguage":"de","@id":"https:\/\/place-add.nl\/de\/#\/schema\/logo\/image\/","url":"https:\/\/place-add.nl\/wp-content\/uploads\/2023\/11\/logo-img-place-add.png","contentUrl":"https:\/\/place-add.nl\/wp-content\/uploads\/2023\/11\/logo-img-place-add.png","width":404,"height":106,"caption":"Place Add"},"image":{"@id":"https:\/\/place-add.nl\/de\/#\/schema\/logo\/image\/"},"sameAs":["https:\/\/www.facebook.com\/PlaceAdd\/","https:\/\/www.instagram.com\/place_add\/","https:\/\/www.youtube.com\/@placeadd"]}]}},"_links":{"self":[{"href":"https:\/\/place-add.nl\/de\/wp-json\/wp\/v2\/product\/42631","targetHints":{"allow":["GET"]}}],"collection":[{"href":"https:\/\/place-add.nl\/de\/wp-json\/wp\/v2\/product"}],"about":[{"href":"https:\/\/place-add.nl\/de\/wp-json\/wp\/v2\/types\/product"}],"wp:featuredmedia":[{"embeddable":true,"href":"https:\/\/place-add.nl\/de\/wp-json\/wp\/v2\/media\/42427"}],"wp:attachment":[{"href":"https:\/\/place-add.nl\/de\/wp-json\/wp\/v2\/media?parent=42631"}],"wp:term":[{"taxonomy":"product_brand","embeddable":true,"href":"https:\/\/place-add.nl\/de\/wp-json\/wp\/v2\/product_brand?post=42631"},{"taxonomy":"product_cat","embeddable":true,"href":"https:\/\/place-add.nl\/de\/wp-json\/wp\/v2\/product_cat?post=42631"},{"taxonomy":"product_tag","embeddable":true,"href":"https:\/\/place-add.nl\/de\/wp-json\/wp\/v2\/product_tag?post=42631"}],"curies":[{"name":"wp","href":"https:\/\/api.w.org\/{rel}","templated":true}]}}