{"id":42635,"date":"2024-06-18T13:05:29","date_gmt":"2024-06-18T13:05:29","guid":{"rendered":"https:\/\/place-add.nl\/product\/menudisplay-outdoor-8xa4\/"},"modified":"2025-07-01T13:54:55","modified_gmt":"2025-07-01T13:54:55","slug":"menudisplay-outdoor-8-x-a4","status":"publish","type":"product","link":"https:\/\/place-add.nl\/de\/produkt\/menudisplay-outdoor-8-x-a4\/","title":{"rendered":"Menudisplay Outdoor 8xA4"},"content":{"rendered":"<p>Pr\u00e4sentieren Sie Ihre Men\u00fcs, Ank\u00fcndigungen oder Aktionen stilvoll mit unserem <strong>Menudisplay Outdoor 8xA4<\/strong><\/p>\n<p>Mit einem 25 mm breiten Rahmenprofil, einer UV-stabilen, entspiegelten Frontplatte und einem robusten Stahlfu\u00df ist dieses Menudisplay eine langlebige und praktische Wahl f\u00fcr verschiedene Umgebungen wie Restaurants, Museen und den Einzelhandel. Die entspiegelte Frontplatte sorgt f\u00fcr optimale Sichtbarkeit, selbst bei hellem Licht.<\/p>\n<p><strong>Die ideale Wahl f\u00fcr ein begrenztes Budget!<\/strong><\/p>\n<p>Diese Klick-Rahmen-L\u00f6sung ist die budgetfreundliche Alternative zu beleuchteten Menudisplays und bietet dennoch eine hochwertige, professionelle Ausstrahlung.<\/p>\n<p>Menudisplays sind vielseitige Pr\u00e4sentationshilfen, die Unternehmen dabei unterst\u00fctzen, ihre Men\u00fcs, Angebote oder andere Informationen auf eine ansprechende und \u00fcbersichtliche Weise zu pr\u00e4sentieren. Sie werden h\u00e4ufig in der Gastronomie eingesetzt, etwa in Restaurants, Caf\u00e9s, Hotels und Bars, sind aber auch bei Veranstaltungen, in Gesch\u00e4ften, Showrooms und sogar in B\u00fcros beliebt, um wichtige Informationen darzustellen.<\/p>\n<p><strong>Hauptmerkmale des Menudisplays Outdoor 8xA4:<\/strong><\/p>\n<ul>\n<li><strong>Stabiler Stahlfu\u00df:<\/strong> Stabil und robust, ideal f\u00fcr den t\u00e4glichen Gebrauch<\/li>\n<li><strong>A3-Format:<\/strong> Perfekte Gr\u00f6\u00dfe f\u00fcr klare, gut lesbare Informationen<\/li>\n<li><strong>UV-stabile, entspiegelte Frontplatte:<\/strong> Optimale Lesbarkeit und Schutz vor Verblassen durch Sonnenlicht<\/li>\n<\/ul>\n<p>Neugierig, wie dieses stilvolle Menudisplay Ihren Raum bereichern kann? <strong>Bestellen Sie direkt und unkompliziert!<\/strong><\/p>\n<p>Unsere <strong><a href=\"https:\/\/place-add.nl\/product-categorie\/voor-op-tafel-webshop\/menu-displays\/\">Menudisplays<\/a><\/strong> sind auch auf unserer zweiten Website, <strong><a href=\"https:\/\/www.craftontable.com\/collections\/menu-displays\">Craft On Table<\/a><\/strong>, erh\u00e4ltlich!<\/p>\n<p><strong>Ben\u00f6tigen Sie pers\u00f6nliche Beratung? <\/strong><strong><a href=\"https:\/\/place-add.nl\/de\/kontakt\/\">Kontaktieren<\/a> Sie uns gerne. Unser engagiertes Team steht bereit, um Ihnen bei der Auswahl der perfekten L\u00f6sung f\u00fcr Ihre individuellen Bed\u00fcrfnisse zu helfen.<\/strong><\/p>\n<p><button id=\"knop-contact-opnemen-overige-producten-de\">Kontaktieren Sie uns unverbindlich<\/button><\/p>\n","protected":false},"excerpt":{"rendered":"<p>Freistehendes schwarzes Men\u00fc-Display mit abschlie\u00dfbarem Rahmen f\u00fcr bis zu 8 A4-Bl\u00e4tter. Ausgestattet mit einem stabilen Stahlfu\u00df f\u00fcr zus\u00e4tzliche Stabilit\u00e4t.<\/p>\n<p>Dank der Rollen k\u00f6nnen Sie das Display einfach bewegen. Geeignet f\u00fcr den Innen- und Au\u00dfenbereich.<\/p>\n<p><strong>Dieser Men\u00fcst\u00e4nder ist:<\/strong><\/p>\n<ul>\n<li>F\u00fcr den Au\u00dfenbereich geeignet<\/li>\n<li>Mit Schl\u00fcssel abschlie\u00dfbar<\/li>\n<li>Dank der Rollen einfach zu bewegen<\/li>\n<\/ul>\n<p>M\u00f6chten Sie direkt und einfach bestellen? <strong>Das ist \u00fcber unsere andere Website Craft On Table m\u00f6glich.<\/strong><\/p>\n<p><a class=\"button-custom-product\" href=\"https:\/\/www.craftontable.com\/collections\/menu-displays\/products\/outdoor-menu-display-8-x-a4-papier\" target=\"_blank\" rel=\"noopener\">8 x A4 bestellen<\/a> <button id=\"knop-contact-opnemen-overige-producten-de\">Kontaktieren Sie uns unverbindlich<\/button><\/p>\n","protected":false},"featured_media":38412,"template":"","meta":[],"product_brand":[],"product_cat":[1440],"product_tag":[1299,1295,1294],"class_list":{"0":"post-42635","1":"product","2":"type-product","3":"status-publish","4":"has-post-thumbnail","6":"product_cat-menu-displays-de","7":"product_tag-menu-stand","8":"product_tag-menudisplays-de","9":"product_tag-menutafel","11":"first","12":"instock","13":"taxable","14":"shipping-taxable","15":"product-type-simple"},"yoast_head":"<!-- This site is optimized with the Yoast SEO Premium plugin v27.2 (Yoast SEO v27.2) - https:\/\/yoast.com\/product\/yoast-seo-premium-wordpress\/ -->\n<title>Menudisplay Outdoor 8xA4 | Place Add | F\u00fcr die Gastronomie<\/title>\n<meta name=\"description\" content=\"entdecken Sie unser freistehendes Menudisplay Outdoor 8 x A4. Mit abschlie\u00dfbarem Rahmen, stabilem Stahlsockel und R\u00e4dern f\u00fcr einfache Bewegung.\" \/>\n<meta name=\"robots\" content=\"index, follow, max-snippet:-1, max-image-preview:large, max-video-preview:-1\" \/>\n<link rel=\"canonical\" href=\"https:\/\/place-add.nl\/de\/produkt\/menudisplay-outdoor-8-x-a4\/\" \/>\n<meta property=\"og:locale\" content=\"de_DE\" \/>\n<meta property=\"og:type\" content=\"article\" \/>\n<meta property=\"og:title\" content=\"Menudisplay Outdoor 8xA4\" \/>\n<meta property=\"og:description\" content=\"entdecken Sie unser freistehendes Menudisplay Outdoor 8 x A4. Mit abschlie\u00dfbarem Rahmen, stabilem Stahlsockel und R\u00e4dern f\u00fcr einfache Bewegung.\" \/>\n<meta property=\"og:url\" content=\"https:\/\/place-add.nl\/de\/produkt\/menudisplay-outdoor-8-x-a4\/\" \/>\n<meta property=\"og:site_name\" content=\"Place Add\" \/>\n<meta property=\"article:publisher\" content=\"https:\/\/www.facebook.com\/PlaceAdd\/\" \/>\n<meta property=\"article:modified_time\" content=\"2025-07-01T13:54:55+00:00\" \/>\n<meta property=\"og:image\" content=\"https:\/\/place-add.nl\/wp-content\/uploads\/2024\/06\/Optafel_menudisplay_8xa4_Placeadd_1.webp\" \/>\n\t<meta property=\"og:image:width\" content=\"720\" \/>\n\t<meta property=\"og:image:height\" content=\"720\" \/>\n\t<meta property=\"og:image:type\" content=\"image\/webp\" \/>\n<meta name=\"twitter:card\" content=\"summary_large_image\" \/>\n<meta name=\"twitter:label1\" content=\"Gesch\u00e4tzte Lesezeit\" \/>\n\t<meta name=\"twitter:data1\" content=\"2\u00a0Minuten\" \/>\n<script type=\"application\/ld+json\" class=\"yoast-schema-graph\">{\"@context\":\"https:\/\/schema.org\",\"@graph\":[{\"@type\":\"WebPage\",\"@id\":\"https:\/\/place-add.nl\/de\/produkt\/menudisplay-outdoor-8-x-a4\/\",\"url\":\"https:\/\/place-add.nl\/de\/produkt\/menudisplay-outdoor-8-x-a4\/\",\"name\":\"Menudisplay Outdoor 8xA4 | Place Add | F\u00fcr die Gastronomie\",\"isPartOf\":{\"@id\":\"https:\/\/place-add.nl\/de\/#website\"},\"primaryImageOfPage\":{\"@id\":\"https:\/\/place-add.nl\/de\/produkt\/menudisplay-outdoor-8-x-a4\/#primaryimage\"},\"image\":{\"@id\":\"https:\/\/place-add.nl\/de\/produkt\/menudisplay-outdoor-8-x-a4\/#primaryimage\"},\"thumbnailUrl\":\"https:\/\/place-add.nl\/wp-content\/uploads\/2024\/06\/Optafel_menudisplay_8xa4_Placeadd_1.webp\",\"datePublished\":\"2024-06-18T13:05:29+00:00\",\"dateModified\":\"2025-07-01T13:54:55+00:00\",\"description\":\"entdecken Sie unser freistehendes Menudisplay Outdoor 8 x A4. Mit abschlie\u00dfbarem Rahmen, stabilem Stahlsockel und R\u00e4dern f\u00fcr einfache Bewegung.\",\"breadcrumb\":{\"@id\":\"https:\/\/place-add.nl\/de\/produkt\/menudisplay-outdoor-8-x-a4\/#breadcrumb\"},\"inLanguage\":\"de\",\"potentialAction\":[{\"@type\":\"ReadAction\",\"target\":[\"https:\/\/place-add.nl\/de\/produkt\/menudisplay-outdoor-8-x-a4\/\"]}]},{\"@type\":\"ImageObject\",\"inLanguage\":\"de\",\"@id\":\"https:\/\/place-add.nl\/de\/produkt\/menudisplay-outdoor-8-x-a4\/#primaryimage\",\"url\":\"https:\/\/place-add.nl\/wp-content\/uploads\/2024\/06\/Optafel_menudisplay_8xa4_Placeadd_1.webp\",\"contentUrl\":\"https:\/\/place-add.nl\/wp-content\/uploads\/2024\/06\/Optafel_menudisplay_8xa4_Placeadd_1.webp\",\"width\":720,\"height\":720,\"caption\":\"Menudisplay Outdoor 8xA4\"},{\"@type\":\"BreadcrumbList\",\"@id\":\"https:\/\/place-add.nl\/de\/produkt\/menudisplay-outdoor-8-x-a4\/#breadcrumb\",\"itemListElement\":[{\"@type\":\"ListItem\",\"position\":1,\"name\":\"Home\",\"item\":\"https:\/\/place-add.nl\/de\/home\/\"},{\"@type\":\"ListItem\",\"position\":2,\"name\":\"Shop\",\"item\":\"https:\/\/place-add.nl\/de\/shop\/\"},{\"@type\":\"ListItem\",\"position\":3,\"name\":\"Menudisplay Outdoor 8xA4\"}]},{\"@type\":\"WebSite\",\"@id\":\"https:\/\/place-add.nl\/de\/#website\",\"url\":\"https:\/\/place-add.nl\/de\/\",\"name\":\"Place Add\",\"description\":\"Tafelkleding voor de horeca\",\"publisher\":{\"@id\":\"https:\/\/place-add.nl\/de\/#organization\"},\"potentialAction\":[{\"@type\":\"SearchAction\",\"target\":{\"@type\":\"EntryPoint\",\"urlTemplate\":\"https:\/\/place-add.nl\/de\/?s={search_term_string}\"},\"query-input\":{\"@type\":\"PropertyValueSpecification\",\"valueRequired\":true,\"valueName\":\"search_term_string\"}}],\"inLanguage\":\"de\"},{\"@type\":\"Organization\",\"@id\":\"https:\/\/place-add.nl\/de\/#organization\",\"name\":\"Place Add\",\"url\":\"https:\/\/place-add.nl\/de\/\",\"logo\":{\"@type\":\"ImageObject\",\"inLanguage\":\"de\",\"@id\":\"https:\/\/place-add.nl\/de\/#\/schema\/logo\/image\/\",\"url\":\"https:\/\/place-add.nl\/wp-content\/uploads\/2023\/11\/logo-img-place-add.png\",\"contentUrl\":\"https:\/\/place-add.nl\/wp-content\/uploads\/2023\/11\/logo-img-place-add.png\",\"width\":404,\"height\":106,\"caption\":\"Place Add\"},\"image\":{\"@id\":\"https:\/\/place-add.nl\/de\/#\/schema\/logo\/image\/\"},\"sameAs\":[\"https:\/\/www.facebook.com\/PlaceAdd\/\",\"https:\/\/www.instagram.com\/place_add\/\",\"https:\/\/www.youtube.com\/@placeadd\"]}]}<\/script>\n<!-- \/ Yoast SEO Premium plugin. -->","yoast_head_json":{"title":"Menudisplay Outdoor 8xA4 | Place Add | F\u00fcr die Gastronomie","description":"entdecken Sie unser freistehendes Menudisplay Outdoor 8 x A4. Mit abschlie\u00dfbarem Rahmen, stabilem Stahlsockel und R\u00e4dern f\u00fcr einfache Bewegung.","robots":{"index":"index","follow":"follow","max-snippet":"max-snippet:-1","max-image-preview":"max-image-preview:large","max-video-preview":"max-video-preview:-1"},"canonical":"https:\/\/place-add.nl\/de\/produkt\/menudisplay-outdoor-8-x-a4\/","og_locale":"de_DE","og_type":"article","og_title":"Menudisplay Outdoor 8xA4","og_description":"entdecken Sie unser freistehendes Menudisplay Outdoor 8 x A4. Mit abschlie\u00dfbarem Rahmen, stabilem Stahlsockel und R\u00e4dern f\u00fcr einfache Bewegung.","og_url":"https:\/\/place-add.nl\/de\/produkt\/menudisplay-outdoor-8-x-a4\/","og_site_name":"Place Add","article_publisher":"https:\/\/www.facebook.com\/PlaceAdd\/","article_modified_time":"2025-07-01T13:54:55+00:00","og_image":[{"width":720,"height":720,"url":"https:\/\/place-add.nl\/wp-content\/uploads\/2024\/06\/Optafel_menudisplay_8xa4_Placeadd_1.webp","type":"image\/webp"}],"twitter_card":"summary_large_image","twitter_misc":{"Gesch\u00e4tzte Lesezeit":"2\u00a0Minuten"},"schema":{"@context":"https:\/\/schema.org","@graph":[{"@type":"WebPage","@id":"https:\/\/place-add.nl\/de\/produkt\/menudisplay-outdoor-8-x-a4\/","url":"https:\/\/place-add.nl\/de\/produkt\/menudisplay-outdoor-8-x-a4\/","name":"Menudisplay Outdoor 8xA4 | Place Add | F\u00fcr die Gastronomie","isPartOf":{"@id":"https:\/\/place-add.nl\/de\/#website"},"primaryImageOfPage":{"@id":"https:\/\/place-add.nl\/de\/produkt\/menudisplay-outdoor-8-x-a4\/#primaryimage"},"image":{"@id":"https:\/\/place-add.nl\/de\/produkt\/menudisplay-outdoor-8-x-a4\/#primaryimage"},"thumbnailUrl":"https:\/\/place-add.nl\/wp-content\/uploads\/2024\/06\/Optafel_menudisplay_8xa4_Placeadd_1.webp","datePublished":"2024-06-18T13:05:29+00:00","dateModified":"2025-07-01T13:54:55+00:00","description":"entdecken Sie unser freistehendes Menudisplay Outdoor 8 x A4. Mit abschlie\u00dfbarem Rahmen, stabilem Stahlsockel und R\u00e4dern f\u00fcr einfache Bewegung.","breadcrumb":{"@id":"https:\/\/place-add.nl\/de\/produkt\/menudisplay-outdoor-8-x-a4\/#breadcrumb"},"inLanguage":"de","potentialAction":[{"@type":"ReadAction","target":["https:\/\/place-add.nl\/de\/produkt\/menudisplay-outdoor-8-x-a4\/"]}]},{"@type":"ImageObject","inLanguage":"de","@id":"https:\/\/place-add.nl\/de\/produkt\/menudisplay-outdoor-8-x-a4\/#primaryimage","url":"https:\/\/place-add.nl\/wp-content\/uploads\/2024\/06\/Optafel_menudisplay_8xa4_Placeadd_1.webp","contentUrl":"https:\/\/place-add.nl\/wp-content\/uploads\/2024\/06\/Optafel_menudisplay_8xa4_Placeadd_1.webp","width":720,"height":720,"caption":"Menudisplay Outdoor 8xA4"},{"@type":"BreadcrumbList","@id":"https:\/\/place-add.nl\/de\/produkt\/menudisplay-outdoor-8-x-a4\/#breadcrumb","itemListElement":[{"@type":"ListItem","position":1,"name":"Home","item":"https:\/\/place-add.nl\/de\/home\/"},{"@type":"ListItem","position":2,"name":"Shop","item":"https:\/\/place-add.nl\/de\/shop\/"},{"@type":"ListItem","position":3,"name":"Menudisplay Outdoor 8xA4"}]},{"@type":"WebSite","@id":"https:\/\/place-add.nl\/de\/#website","url":"https:\/\/place-add.nl\/de\/","name":"Place Add","description":"Tafelkleding voor de horeca","publisher":{"@id":"https:\/\/place-add.nl\/de\/#organization"},"potentialAction":[{"@type":"SearchAction","target":{"@type":"EntryPoint","urlTemplate":"https:\/\/place-add.nl\/de\/?s={search_term_string}"},"query-input":{"@type":"PropertyValueSpecification","valueRequired":true,"valueName":"search_term_string"}}],"inLanguage":"de"},{"@type":"Organization","@id":"https:\/\/place-add.nl\/de\/#organization","name":"Place Add","url":"https:\/\/place-add.nl\/de\/","logo":{"@type":"ImageObject","inLanguage":"de","@id":"https:\/\/place-add.nl\/de\/#\/schema\/logo\/image\/","url":"https:\/\/place-add.nl\/wp-content\/uploads\/2023\/11\/logo-img-place-add.png","contentUrl":"https:\/\/place-add.nl\/wp-content\/uploads\/2023\/11\/logo-img-place-add.png","width":404,"height":106,"caption":"Place Add"},"image":{"@id":"https:\/\/place-add.nl\/de\/#\/schema\/logo\/image\/"},"sameAs":["https:\/\/www.facebook.com\/PlaceAdd\/","https:\/\/www.instagram.com\/place_add\/","https:\/\/www.youtube.com\/@placeadd"]}]}},"_links":{"self":[{"href":"https:\/\/place-add.nl\/de\/wp-json\/wp\/v2\/product\/42635","targetHints":{"allow":["GET"]}}],"collection":[{"href":"https:\/\/place-add.nl\/de\/wp-json\/wp\/v2\/product"}],"about":[{"href":"https:\/\/place-add.nl\/de\/wp-json\/wp\/v2\/types\/product"}],"wp:featuredmedia":[{"embeddable":true,"href":"https:\/\/place-add.nl\/de\/wp-json\/wp\/v2\/media\/38412"}],"wp:attachment":[{"href":"https:\/\/place-add.nl\/de\/wp-json\/wp\/v2\/media?parent=42635"}],"wp:term":[{"taxonomy":"product_brand","embeddable":true,"href":"https:\/\/place-add.nl\/de\/wp-json\/wp\/v2\/product_brand?post=42635"},{"taxonomy":"product_cat","embeddable":true,"href":"https:\/\/place-add.nl\/de\/wp-json\/wp\/v2\/product_cat?post=42635"},{"taxonomy":"product_tag","embeddable":true,"href":"https:\/\/place-add.nl\/de\/wp-json\/wp\/v2\/product_tag?post=42635"}],"curies":[{"name":"wp","href":"https:\/\/api.w.org\/{rel}","templated":true}]}}