{"id":42637,"date":"2024-06-18T13:05:57","date_gmt":"2024-06-18T13:05:57","guid":{"rendered":"https:\/\/place-add.nl\/product\/menudisplay-a3-horizontaal\/"},"modified":"2025-07-01T13:51:20","modified_gmt":"2025-07-01T13:51:20","slug":"menudisplay-a3-horizontal","status":"publish","type":"product","link":"https:\/\/place-add.nl\/de\/produkt\/menudisplay-a3-horizontal\/","title":{"rendered":"Menudisplay A3 horizontal"},"content":{"rendered":"<p>Verleihen Sie Ihren Speisekarten und Angeboten eine stilvolle Pr\u00e4sentation mit <strong>Menudisplay A3 horizontal<\/strong>. Diese freistehende Men\u00fctafel hat ein schlichtes, minimalistisches Design in elegantem Schwarz, das perfekt in jede moderne Umgebung passt. Ideal f\u00fcr Restaurants, Caf\u00e9s und Hotels, sowohl im Innenbereich als auch in \u00fcberdachten Au\u00dfenbereichen.<\/p>\n<p>Men\u00fc-Displays sind vielseitige Pr\u00e4sentationsmittel, die Unternehmen dabei helfen, ihre Speisekarten, Angebote oder andere Informationen auf attraktive und klare Weise darzustellen. Sie werden h\u00e4ufig im Gastgewerbe eingesetzt, z. B. in Restaurants, Caf\u00e9s, Hotels und Bars, sind aber auch bei Veranstaltungen, in Gesch\u00e4ften, Ausstellungsr\u00e4umen und sogar in B\u00fcros beliebt, um wichtige Informationen zu pr\u00e4sentieren.<\/p>\n<p><strong>Aufmerksamkeit erregen mit LED-Beleuchtung<\/strong> Setzen Sie ein Zeichen mit der 12\/24-V-LED-Beleuchtung, die Ihre Speisekarten buchst\u00e4blich zum Leuchten bringt. Mit der hellen, energieeffizienten LED-Beleuchtung ziehen Sie auch bei schlechten Lichtverh\u00e4ltnissen garantiert die Aufmerksamkeit auf sich.<\/p>\n<p><strong>Die wichtigsten Merkmale des Menudisplay A3 horizontal:<\/strong><\/p>\n<ul>\n<li><strong>Abschlie\u00dfbar:<\/strong> Sicher und gesch\u00fctzt vor unerw\u00fcnschtem Zugriff<\/li>\n<li><strong>Mit oder ohne LED-Beleuchtung:<\/strong> W\u00e4hlen Sie die Version, die zu Ihrem Ambiente passt<\/li>\n<li><strong>Geeignet f\u00fcr Innen- und \u00fcberdachte Au\u00dfenbereiche:<\/strong> Bitte beachten Sie, dass der Stromanschluss im Innenbereich erfolgen muss und das Schild nicht Regen oder Feuchtigkeit ausgesetzt werden darf<\/li>\n<\/ul>\n<p>Fragen Sie sich, wie dieses stilvolle Men\u00fc-Display Ihren Raum bereichern kann? <strong>Bestellen Sie direkt und einfach!<\/strong><\/p>\n<p>Unsere<strong><a href=\"https:\/\/place-add.nl\/product-categorie\/voor-op-tafel-webshop\/menu-displays\/\"> Menudisplays<\/a><\/strong> sind auch auf unserer 2. Website, <strong><a href=\"https:\/\/www.craftontable.com\/collections\/menu-displays\">Craft On Table,<\/a><\/strong> erh\u00e4ltlich!<\/p>\n<p><strong>Ben\u00f6tigen Sie eine pers\u00f6nliche Beratung? Dann z\u00f6gern Sie nicht, uns zu <a href=\"https:\/\/place-add.nl\/de\/kontakt\/\">kontaktieren<\/a>. Unser engagiertes Team hilft Ihnen gerne, die perfekte Wahl f\u00fcr Ihre speziellen Bed\u00fcrfnisse zu treffen.<\/strong><\/p>\n<p><button id=\"knop-contact-opnemen-overige-producten-de\">Kontaktieren Sie uns unverbindlich<\/button><\/p>\n","protected":false},"excerpt":{"rendered":"<p>Ein freistehendes schwarzes Design-Men\u00fcboard mit einem minimalistischen Design in eleganter schwarzer Farbe. Geeignet f\u00fcr den Innenbereich und \u00fcberdachte Au\u00dfenbereiche.<\/p>\n<p>Ziehen Sie zus\u00e4tzliche Aufmerksamkeit mit der 12\/24V LED-beleuchteten Version auf sich. Lassen Sie Ihre Men\u00fcs und Angebote mit der Men\u00fcdarstellung 2 x A4 erstrahlen und funkeln.<\/p>\n<p><strong>Dieser Men\u00fcst\u00e4nder ist:<\/strong><\/p>\n<ul>\n<li>Abschlie\u00dfbar<\/li>\n<li>Mit oder ohne LED-Beleuchtung<\/li>\n<li>F\u00fcr den Innenbereich oder \u00fcberdachte Au\u00dfenbereiche<\/li>\n<\/ul>\n<p>M\u00f6chten Sie direkt und einfach bestellen?<strong>Das ist \u00fcber unsere andere Website Craft On Table m\u00f6glich.<\/strong><\/p>\n<p><a class=\"button-custom-product\" href=\"https:\/\/www.craftontable.com\/collections\/menu-displays\/products\/menu-display-2-x-a4-papier\" target=\"_blank\" rel=\"noopener\">A3 horizontal bestellen<\/a> <button id=\"knop-contact-opnemen-overige-producten-de\">Kontaktieren Sie uns unverbindlich<\/button><\/p>\n","protected":false},"featured_media":38415,"template":"","meta":[],"product_brand":[],"product_cat":[1440],"product_tag":[1299,1295,1294],"class_list":{"0":"post-42637","1":"product","2":"type-product","3":"status-publish","4":"has-post-thumbnail","6":"product_cat-menu-displays-de","7":"product_tag-menu-stand","8":"product_tag-menudisplays-de","9":"product_tag-menutafel","11":"first","12":"instock","13":"taxable","14":"shipping-taxable","15":"product-type-simple"},"yoast_head":"<!-- This site is optimized with the Yoast SEO Premium plugin v27.2 (Yoast SEO v27.2) - https:\/\/yoast.com\/product\/yoast-seo-premium-wordpress\/ -->\n<title>Menudisplay A3 horizontal | Place Add | F\u00fcr die Gastronomie<\/title>\n<meta name=\"description\" content=\"elegantes Menudisplay A3 horizontal. Geeignet f\u00fcr Innen- und \u00fcberdachte Au\u00dfenbereiche. R\u00fcsten Sie auf die LED-Version auf, um mehr Wirkung zu erzielen.\" \/>\n<meta name=\"robots\" content=\"index, follow, max-snippet:-1, max-image-preview:large, max-video-preview:-1\" \/>\n<link rel=\"canonical\" href=\"https:\/\/place-add.nl\/de\/produkt\/menudisplay-a3-horizontal\/\" \/>\n<meta property=\"og:locale\" content=\"de_DE\" \/>\n<meta property=\"og:type\" content=\"article\" \/>\n<meta property=\"og:title\" content=\"Menudisplay A3 horizontal\" \/>\n<meta property=\"og:description\" content=\"elegantes Menudisplay A3 horizontal. Geeignet f\u00fcr Innen- und \u00fcberdachte Au\u00dfenbereiche. R\u00fcsten Sie auf die LED-Version auf, um mehr Wirkung zu erzielen.\" \/>\n<meta property=\"og:url\" content=\"https:\/\/place-add.nl\/de\/produkt\/menudisplay-a3-horizontal\/\" \/>\n<meta property=\"og:site_name\" content=\"Place Add\" \/>\n<meta property=\"article:publisher\" content=\"https:\/\/www.facebook.com\/PlaceAdd\/\" \/>\n<meta property=\"article:modified_time\" content=\"2025-07-01T13:51:20+00:00\" \/>\n<meta property=\"og:image\" content=\"https:\/\/place-add.nl\/wp-content\/uploads\/2024\/06\/Optafel_menudisplay_A3horizontaal_Placeadd_1.webp\" \/>\n\t<meta property=\"og:image:width\" content=\"720\" \/>\n\t<meta property=\"og:image:height\" content=\"720\" \/>\n\t<meta property=\"og:image:type\" content=\"image\/webp\" \/>\n<meta name=\"twitter:card\" content=\"summary_large_image\" \/>\n<meta name=\"twitter:label1\" content=\"Gesch\u00e4tzte Lesezeit\" \/>\n\t<meta name=\"twitter:data1\" content=\"2\u00a0Minuten\" \/>\n<script type=\"application\/ld+json\" class=\"yoast-schema-graph\">{\"@context\":\"https:\/\/schema.org\",\"@graph\":[{\"@type\":\"WebPage\",\"@id\":\"https:\/\/place-add.nl\/de\/produkt\/menudisplay-a3-horizontal\/\",\"url\":\"https:\/\/place-add.nl\/de\/produkt\/menudisplay-a3-horizontal\/\",\"name\":\"Menudisplay A3 horizontal | Place Add | F\u00fcr die Gastronomie\",\"isPartOf\":{\"@id\":\"https:\/\/place-add.nl\/de\/#website\"},\"primaryImageOfPage\":{\"@id\":\"https:\/\/place-add.nl\/de\/produkt\/menudisplay-a3-horizontal\/#primaryimage\"},\"image\":{\"@id\":\"https:\/\/place-add.nl\/de\/produkt\/menudisplay-a3-horizontal\/#primaryimage\"},\"thumbnailUrl\":\"https:\/\/place-add.nl\/wp-content\/uploads\/2024\/06\/Optafel_menudisplay_A3horizontaal_Placeadd_1.webp\",\"datePublished\":\"2024-06-18T13:05:57+00:00\",\"dateModified\":\"2025-07-01T13:51:20+00:00\",\"description\":\"elegantes Menudisplay A3 horizontal. Geeignet f\u00fcr Innen- und \u00fcberdachte Au\u00dfenbereiche. R\u00fcsten Sie auf die LED-Version auf, um mehr Wirkung zu erzielen.\",\"breadcrumb\":{\"@id\":\"https:\/\/place-add.nl\/de\/produkt\/menudisplay-a3-horizontal\/#breadcrumb\"},\"inLanguage\":\"de\",\"potentialAction\":[{\"@type\":\"ReadAction\",\"target\":[\"https:\/\/place-add.nl\/de\/produkt\/menudisplay-a3-horizontal\/\"]}]},{\"@type\":\"ImageObject\",\"inLanguage\":\"de\",\"@id\":\"https:\/\/place-add.nl\/de\/produkt\/menudisplay-a3-horizontal\/#primaryimage\",\"url\":\"https:\/\/place-add.nl\/wp-content\/uploads\/2024\/06\/Optafel_menudisplay_A3horizontaal_Placeadd_1.webp\",\"contentUrl\":\"https:\/\/place-add.nl\/wp-content\/uploads\/2024\/06\/Optafel_menudisplay_A3horizontaal_Placeadd_1.webp\",\"width\":720,\"height\":720,\"caption\":\"Menudisplay A3 horizontaal\"},{\"@type\":\"BreadcrumbList\",\"@id\":\"https:\/\/place-add.nl\/de\/produkt\/menudisplay-a3-horizontal\/#breadcrumb\",\"itemListElement\":[{\"@type\":\"ListItem\",\"position\":1,\"name\":\"Home\",\"item\":\"https:\/\/place-add.nl\/de\/home\/\"},{\"@type\":\"ListItem\",\"position\":2,\"name\":\"Shop\",\"item\":\"https:\/\/place-add.nl\/de\/shop\/\"},{\"@type\":\"ListItem\",\"position\":3,\"name\":\"Menudisplay A3 horizontal\"}]},{\"@type\":\"WebSite\",\"@id\":\"https:\/\/place-add.nl\/de\/#website\",\"url\":\"https:\/\/place-add.nl\/de\/\",\"name\":\"Place Add\",\"description\":\"Tafelkleding voor de horeca\",\"publisher\":{\"@id\":\"https:\/\/place-add.nl\/de\/#organization\"},\"potentialAction\":[{\"@type\":\"SearchAction\",\"target\":{\"@type\":\"EntryPoint\",\"urlTemplate\":\"https:\/\/place-add.nl\/de\/?s={search_term_string}\"},\"query-input\":{\"@type\":\"PropertyValueSpecification\",\"valueRequired\":true,\"valueName\":\"search_term_string\"}}],\"inLanguage\":\"de\"},{\"@type\":\"Organization\",\"@id\":\"https:\/\/place-add.nl\/de\/#organization\",\"name\":\"Place Add\",\"url\":\"https:\/\/place-add.nl\/de\/\",\"logo\":{\"@type\":\"ImageObject\",\"inLanguage\":\"de\",\"@id\":\"https:\/\/place-add.nl\/de\/#\/schema\/logo\/image\/\",\"url\":\"https:\/\/place-add.nl\/wp-content\/uploads\/2023\/11\/logo-img-place-add.png\",\"contentUrl\":\"https:\/\/place-add.nl\/wp-content\/uploads\/2023\/11\/logo-img-place-add.png\",\"width\":404,\"height\":106,\"caption\":\"Place Add\"},\"image\":{\"@id\":\"https:\/\/place-add.nl\/de\/#\/schema\/logo\/image\/\"},\"sameAs\":[\"https:\/\/www.facebook.com\/PlaceAdd\/\",\"https:\/\/www.instagram.com\/place_add\/\",\"https:\/\/www.youtube.com\/@placeadd\"]}]}<\/script>\n<!-- \/ Yoast SEO Premium plugin. -->","yoast_head_json":{"title":"Menudisplay A3 horizontal | Place Add | F\u00fcr die Gastronomie","description":"elegantes Menudisplay A3 horizontal. Geeignet f\u00fcr Innen- und \u00fcberdachte Au\u00dfenbereiche. R\u00fcsten Sie auf die LED-Version auf, um mehr Wirkung zu erzielen.","robots":{"index":"index","follow":"follow","max-snippet":"max-snippet:-1","max-image-preview":"max-image-preview:large","max-video-preview":"max-video-preview:-1"},"canonical":"https:\/\/place-add.nl\/de\/produkt\/menudisplay-a3-horizontal\/","og_locale":"de_DE","og_type":"article","og_title":"Menudisplay A3 horizontal","og_description":"elegantes Menudisplay A3 horizontal. Geeignet f\u00fcr Innen- und \u00fcberdachte Au\u00dfenbereiche. R\u00fcsten Sie auf die LED-Version auf, um mehr Wirkung zu erzielen.","og_url":"https:\/\/place-add.nl\/de\/produkt\/menudisplay-a3-horizontal\/","og_site_name":"Place Add","article_publisher":"https:\/\/www.facebook.com\/PlaceAdd\/","article_modified_time":"2025-07-01T13:51:20+00:00","og_image":[{"width":720,"height":720,"url":"https:\/\/place-add.nl\/wp-content\/uploads\/2024\/06\/Optafel_menudisplay_A3horizontaal_Placeadd_1.webp","type":"image\/webp"}],"twitter_card":"summary_large_image","twitter_misc":{"Gesch\u00e4tzte Lesezeit":"2\u00a0Minuten"},"schema":{"@context":"https:\/\/schema.org","@graph":[{"@type":"WebPage","@id":"https:\/\/place-add.nl\/de\/produkt\/menudisplay-a3-horizontal\/","url":"https:\/\/place-add.nl\/de\/produkt\/menudisplay-a3-horizontal\/","name":"Menudisplay A3 horizontal | Place Add | F\u00fcr die Gastronomie","isPartOf":{"@id":"https:\/\/place-add.nl\/de\/#website"},"primaryImageOfPage":{"@id":"https:\/\/place-add.nl\/de\/produkt\/menudisplay-a3-horizontal\/#primaryimage"},"image":{"@id":"https:\/\/place-add.nl\/de\/produkt\/menudisplay-a3-horizontal\/#primaryimage"},"thumbnailUrl":"https:\/\/place-add.nl\/wp-content\/uploads\/2024\/06\/Optafel_menudisplay_A3horizontaal_Placeadd_1.webp","datePublished":"2024-06-18T13:05:57+00:00","dateModified":"2025-07-01T13:51:20+00:00","description":"elegantes Menudisplay A3 horizontal. Geeignet f\u00fcr Innen- und \u00fcberdachte Au\u00dfenbereiche. R\u00fcsten Sie auf die LED-Version auf, um mehr Wirkung zu erzielen.","breadcrumb":{"@id":"https:\/\/place-add.nl\/de\/produkt\/menudisplay-a3-horizontal\/#breadcrumb"},"inLanguage":"de","potentialAction":[{"@type":"ReadAction","target":["https:\/\/place-add.nl\/de\/produkt\/menudisplay-a3-horizontal\/"]}]},{"@type":"ImageObject","inLanguage":"de","@id":"https:\/\/place-add.nl\/de\/produkt\/menudisplay-a3-horizontal\/#primaryimage","url":"https:\/\/place-add.nl\/wp-content\/uploads\/2024\/06\/Optafel_menudisplay_A3horizontaal_Placeadd_1.webp","contentUrl":"https:\/\/place-add.nl\/wp-content\/uploads\/2024\/06\/Optafel_menudisplay_A3horizontaal_Placeadd_1.webp","width":720,"height":720,"caption":"Menudisplay A3 horizontaal"},{"@type":"BreadcrumbList","@id":"https:\/\/place-add.nl\/de\/produkt\/menudisplay-a3-horizontal\/#breadcrumb","itemListElement":[{"@type":"ListItem","position":1,"name":"Home","item":"https:\/\/place-add.nl\/de\/home\/"},{"@type":"ListItem","position":2,"name":"Shop","item":"https:\/\/place-add.nl\/de\/shop\/"},{"@type":"ListItem","position":3,"name":"Menudisplay A3 horizontal"}]},{"@type":"WebSite","@id":"https:\/\/place-add.nl\/de\/#website","url":"https:\/\/place-add.nl\/de\/","name":"Place Add","description":"Tafelkleding voor de horeca","publisher":{"@id":"https:\/\/place-add.nl\/de\/#organization"},"potentialAction":[{"@type":"SearchAction","target":{"@type":"EntryPoint","urlTemplate":"https:\/\/place-add.nl\/de\/?s={search_term_string}"},"query-input":{"@type":"PropertyValueSpecification","valueRequired":true,"valueName":"search_term_string"}}],"inLanguage":"de"},{"@type":"Organization","@id":"https:\/\/place-add.nl\/de\/#organization","name":"Place Add","url":"https:\/\/place-add.nl\/de\/","logo":{"@type":"ImageObject","inLanguage":"de","@id":"https:\/\/place-add.nl\/de\/#\/schema\/logo\/image\/","url":"https:\/\/place-add.nl\/wp-content\/uploads\/2023\/11\/logo-img-place-add.png","contentUrl":"https:\/\/place-add.nl\/wp-content\/uploads\/2023\/11\/logo-img-place-add.png","width":404,"height":106,"caption":"Place Add"},"image":{"@id":"https:\/\/place-add.nl\/de\/#\/schema\/logo\/image\/"},"sameAs":["https:\/\/www.facebook.com\/PlaceAdd\/","https:\/\/www.instagram.com\/place_add\/","https:\/\/www.youtube.com\/@placeadd"]}]}},"_links":{"self":[{"href":"https:\/\/place-add.nl\/de\/wp-json\/wp\/v2\/product\/42637","targetHints":{"allow":["GET"]}}],"collection":[{"href":"https:\/\/place-add.nl\/de\/wp-json\/wp\/v2\/product"}],"about":[{"href":"https:\/\/place-add.nl\/de\/wp-json\/wp\/v2\/types\/product"}],"wp:featuredmedia":[{"embeddable":true,"href":"https:\/\/place-add.nl\/de\/wp-json\/wp\/v2\/media\/38415"}],"wp:attachment":[{"href":"https:\/\/place-add.nl\/de\/wp-json\/wp\/v2\/media?parent=42637"}],"wp:term":[{"taxonomy":"product_brand","embeddable":true,"href":"https:\/\/place-add.nl\/de\/wp-json\/wp\/v2\/product_brand?post=42637"},{"taxonomy":"product_cat","embeddable":true,"href":"https:\/\/place-add.nl\/de\/wp-json\/wp\/v2\/product_cat?post=42637"},{"taxonomy":"product_tag","embeddable":true,"href":"https:\/\/place-add.nl\/de\/wp-json\/wp\/v2\/product_tag?post=42637"}],"curies":[{"name":"wp","href":"https:\/\/api.w.org\/{rel}","templated":true}]}}