{"id":42639,"date":"2024-06-18T13:06:54","date_gmt":"2024-06-18T13:06:54","guid":{"rendered":"https:\/\/place-add.nl\/product\/menudisplay-a3-verticaal\/"},"modified":"2025-07-01T13:40:50","modified_gmt":"2025-07-01T13:40:50","slug":"menuedisplay-a3-vertikal","status":"publish","type":"product","link":"https:\/\/place-add.nl\/de\/produkt\/menuedisplay-a3-vertikal\/","title":{"rendered":"Menudisplay A3 vertikal"},"content":{"rendered":"<p>Pr\u00e4sentieren Sie Ihre Speisekarten, Ank\u00fcndigungen oder Werbeaktionen stilvoll mit unserem <strong>Men\u00fcdisplay A3 vertikal<\/strong>. Mit einem 25 mm breiten Profil, einer UV-stabilen und entspiegelten Frontplatte und einem robusten Stahlfu\u00df ist dieser Men\u00fcst\u00e4nder eine langlebige und praktische Wahl f\u00fcr verschiedene Umgebungen wie Restaurants, Museen und den Einzelhandel. Der entspiegelte Bildschirm sorgt f\u00fcr optimale Sichtbarkeit auch bei hellem Licht.<\/p>\n<p><strong>Die ideale Wahl f\u00fcr ein begrenztes Budget!<\/strong> Dieser Klapprahmen ist die preisg\u00fcnstige Alternative zu beleuchteten Men\u00fcdisplays, bietet aber dennoch ein hochwertiges, professionelles Aussehen.<\/p>\n<p>Men\u00fc-Displays sind vielseitige Pr\u00e4sentationsmittel, die Unternehmen dabei helfen, ihre Speisekarten, Angebote oder andere Informationen auf attraktive und klare Weise darzustellen. Sie werden h\u00e4ufig im Gastgewerbe eingesetzt, z. B. in Restaurants, Caf\u00e9s, Hotels und Bars, sind aber auch bei Veranstaltungen, in Gesch\u00e4ften, Ausstellungsr\u00e4umen und sogar in B\u00fcros beliebt, um wichtige Informationen zu pr\u00e4sentieren.<\/p>\n<p><strong>Die wichtigsten Merkmale des Menudisplay A3 vertikal:<\/strong><\/p>\n<ul>\n<li><strong>Stabiler Stahlfu\u00df:<\/strong> Stabil und robust, f\u00fcr den t\u00e4glichen Gebrauch geeignet<\/li>\n<li><strong>A3-Format:<\/strong> Perfektes Format f\u00fcr klare, gut lesbare Informationen<\/li>\n<li><strong>UV-stabile, entspiegelte Frontplatte:<\/strong> Optimale Lesbarkeit und Schutz vor Ausbleichen bei Sonneneinstrahlung<\/li>\n<\/ul>\n<p>Fragen Sie sich, wie dieses stilvolle Men\u00fc-Display Ihren Raum bereichern kann? <strong>Bestellen Sie direkt und einfach!<\/strong><\/p>\n<p>Unsere <strong><a href=\"https:\/\/place-add.nl\/product-categorie\/voor-op-tafel-webshop\/menu-displays\/\">Menudisplays<\/a><\/strong> sind auch auf unserer 2. Website, <strong><a href=\"https:\/\/www.craftontable.com\/collections\/menu-displays\">Craft On Table,<\/a><\/strong> erh\u00e4ltlich!<\/p>\n<p><strong>Ben\u00f6tigen Sie eine pers\u00f6nliche Beratung? Dann z\u00f6gern Sie nicht, uns zu <a href=\"https:\/\/place-add.nl\/de\/kontakt\/\">kontaktieren.<\/a> Unser engagiertes Team hilft Ihnen gerne, die perfekte Wahl f\u00fcr Ihre speziellen Bed\u00fcrfnisse zu treffen.<\/strong><\/p>\n<p><button id=\"knop-contact-opnemen-overige-producten-de\">Kontaktieren Sie uns unverbindlich<\/button><\/p>\n","protected":false},"excerpt":{"rendered":"<p>Eine schwarze Klickrahmen in A3-Format mit einem 25 mm breiten Profil und einer UV-stabilen, entspiegelten Vorderseiten-Poster sowie einem stabilen Stahlfu\u00df. Ideal f\u00fcr den Einsatz in Restaurants, Museen oder im Einzelhandel.<\/p>\n<p>Das budgetfreundliche Alternative zu unseren beliebten Men\u00fcdarstellungen mit Beleuchtung.<\/p>\n<p><strong>Dieser Men\u00fcst\u00e4nder:<\/strong><\/p>\n<ul>\n<li>Hat einen stabilen Stahlfu\u00df<\/li>\n<li>Ist erh\u00e4ltlich im A3-Format<\/li>\n<li>Hat einen UV-stabilen, entspiegelten Bildschirm<\/li>\n<\/ul>\n<p>M\u00f6chten Sie direkt und einfach bestellen?<strong>Das ist \u00fcber unsere andere Website Craft On Table m\u00f6glich<\/strong><\/p>\n<p><a class=\"button-custom-product\" href=\"https:\/\/www.craftontable.com\/collections\/menu-displays\/products\/menu-display-a3-papier\" target=\"_blank\" rel=\"noopener\">A3 vertical bestellen<\/a> <button id=\"knop-contact-opnemen-overige-producten-de\">Kontaktieren Sie uns unverbindlich<\/button><\/p>\n","protected":false},"featured_media":38414,"template":"","meta":[],"product_brand":[],"product_cat":[1440],"product_tag":[1299,1295,1294],"class_list":{"0":"post-42639","1":"product","2":"type-product","3":"status-publish","4":"has-post-thumbnail","6":"product_cat-menu-displays-de","7":"product_tag-menu-stand","8":"product_tag-menudisplays-de","9":"product_tag-menutafel","11":"first","12":"instock","13":"taxable","14":"shipping-taxable","15":"product-type-simple"},"yoast_head":"<!-- This site is optimized with the Yoast SEO Premium plugin v27.2 (Yoast SEO v27.2) - https:\/\/yoast.com\/product\/yoast-seo-premium-wordpress\/ -->\n<title>Menudisplay A3 vertikal | Place Add | F\u00fcr die Gastronomie<\/title>\n<meta name=\"description\" content=\"Menu-Display A3 vertikal, ideal f\u00fcr Restaurants, Museen und den Einzelhandel. Budgetfreundliche Alternative zu beleuchteten Men\u00fcdisplays.\" \/>\n<meta name=\"robots\" content=\"index, follow, max-snippet:-1, max-image-preview:large, max-video-preview:-1\" \/>\n<link rel=\"canonical\" href=\"https:\/\/place-add.nl\/de\/produkt\/menuedisplay-a3-vertikal\/\" \/>\n<meta property=\"og:locale\" content=\"de_DE\" \/>\n<meta property=\"og:type\" content=\"article\" \/>\n<meta property=\"og:title\" content=\"Menudisplay A3 vertikal\" \/>\n<meta property=\"og:description\" content=\"Menu-Display A3 vertikal, ideal f\u00fcr Restaurants, Museen und den Einzelhandel. Budgetfreundliche Alternative zu beleuchteten Men\u00fcdisplays.\" \/>\n<meta property=\"og:url\" content=\"https:\/\/place-add.nl\/de\/produkt\/menuedisplay-a3-vertikal\/\" \/>\n<meta property=\"og:site_name\" content=\"Place Add\" \/>\n<meta property=\"article:publisher\" content=\"https:\/\/www.facebook.com\/PlaceAdd\/\" \/>\n<meta property=\"article:modified_time\" content=\"2025-07-01T13:40:50+00:00\" \/>\n<meta property=\"og:image\" content=\"https:\/\/place-add.nl\/wp-content\/uploads\/2024\/06\/Optafel_menudisplay_A3verticaal_Placeadd_1.webp\" \/>\n\t<meta property=\"og:image:width\" content=\"720\" \/>\n\t<meta property=\"og:image:height\" content=\"720\" \/>\n\t<meta property=\"og:image:type\" content=\"image\/webp\" \/>\n<meta name=\"twitter:card\" content=\"summary_large_image\" \/>\n<meta name=\"twitter:label1\" content=\"Gesch\u00e4tzte Lesezeit\" \/>\n\t<meta name=\"twitter:data1\" content=\"2\u00a0Minuten\" \/>\n<script type=\"application\/ld+json\" class=\"yoast-schema-graph\">{\"@context\":\"https:\/\/schema.org\",\"@graph\":[{\"@type\":\"WebPage\",\"@id\":\"https:\/\/place-add.nl\/de\/produkt\/menuedisplay-a3-vertikal\/\",\"url\":\"https:\/\/place-add.nl\/de\/produkt\/menuedisplay-a3-vertikal\/\",\"name\":\"Menudisplay A3 vertikal | Place Add | F\u00fcr die Gastronomie\",\"isPartOf\":{\"@id\":\"https:\/\/place-add.nl\/de\/#website\"},\"primaryImageOfPage\":{\"@id\":\"https:\/\/place-add.nl\/de\/produkt\/menuedisplay-a3-vertikal\/#primaryimage\"},\"image\":{\"@id\":\"https:\/\/place-add.nl\/de\/produkt\/menuedisplay-a3-vertikal\/#primaryimage\"},\"thumbnailUrl\":\"https:\/\/place-add.nl\/wp-content\/uploads\/2024\/06\/Optafel_menudisplay_A3verticaal_Placeadd_1.webp\",\"datePublished\":\"2024-06-18T13:06:54+00:00\",\"dateModified\":\"2025-07-01T13:40:50+00:00\",\"description\":\"Menu-Display A3 vertikal, ideal f\u00fcr Restaurants, Museen und den Einzelhandel. Budgetfreundliche Alternative zu beleuchteten Men\u00fcdisplays.\",\"breadcrumb\":{\"@id\":\"https:\/\/place-add.nl\/de\/produkt\/menuedisplay-a3-vertikal\/#breadcrumb\"},\"inLanguage\":\"de\",\"potentialAction\":[{\"@type\":\"ReadAction\",\"target\":[\"https:\/\/place-add.nl\/de\/produkt\/menuedisplay-a3-vertikal\/\"]}]},{\"@type\":\"ImageObject\",\"inLanguage\":\"de\",\"@id\":\"https:\/\/place-add.nl\/de\/produkt\/menuedisplay-a3-vertikal\/#primaryimage\",\"url\":\"https:\/\/place-add.nl\/wp-content\/uploads\/2024\/06\/Optafel_menudisplay_A3verticaal_Placeadd_1.webp\",\"contentUrl\":\"https:\/\/place-add.nl\/wp-content\/uploads\/2024\/06\/Optafel_menudisplay_A3verticaal_Placeadd_1.webp\",\"width\":720,\"height\":720,\"caption\":\"Menudisplay A3 verticaal\"},{\"@type\":\"BreadcrumbList\",\"@id\":\"https:\/\/place-add.nl\/de\/produkt\/menuedisplay-a3-vertikal\/#breadcrumb\",\"itemListElement\":[{\"@type\":\"ListItem\",\"position\":1,\"name\":\"Home\",\"item\":\"https:\/\/place-add.nl\/de\/home\/\"},{\"@type\":\"ListItem\",\"position\":2,\"name\":\"Shop\",\"item\":\"https:\/\/place-add.nl\/de\/shop\/\"},{\"@type\":\"ListItem\",\"position\":3,\"name\":\"Menudisplay A3 vertikal\"}]},{\"@type\":\"WebSite\",\"@id\":\"https:\/\/place-add.nl\/de\/#website\",\"url\":\"https:\/\/place-add.nl\/de\/\",\"name\":\"Place Add\",\"description\":\"Tafelkleding voor de horeca\",\"publisher\":{\"@id\":\"https:\/\/place-add.nl\/de\/#organization\"},\"potentialAction\":[{\"@type\":\"SearchAction\",\"target\":{\"@type\":\"EntryPoint\",\"urlTemplate\":\"https:\/\/place-add.nl\/de\/?s={search_term_string}\"},\"query-input\":{\"@type\":\"PropertyValueSpecification\",\"valueRequired\":true,\"valueName\":\"search_term_string\"}}],\"inLanguage\":\"de\"},{\"@type\":\"Organization\",\"@id\":\"https:\/\/place-add.nl\/de\/#organization\",\"name\":\"Place Add\",\"url\":\"https:\/\/place-add.nl\/de\/\",\"logo\":{\"@type\":\"ImageObject\",\"inLanguage\":\"de\",\"@id\":\"https:\/\/place-add.nl\/de\/#\/schema\/logo\/image\/\",\"url\":\"https:\/\/place-add.nl\/wp-content\/uploads\/2023\/11\/logo-img-place-add.png\",\"contentUrl\":\"https:\/\/place-add.nl\/wp-content\/uploads\/2023\/11\/logo-img-place-add.png\",\"width\":404,\"height\":106,\"caption\":\"Place Add\"},\"image\":{\"@id\":\"https:\/\/place-add.nl\/de\/#\/schema\/logo\/image\/\"},\"sameAs\":[\"https:\/\/www.facebook.com\/PlaceAdd\/\",\"https:\/\/www.instagram.com\/place_add\/\",\"https:\/\/www.youtube.com\/@placeadd\"]}]}<\/script>\n<!-- \/ Yoast SEO Premium plugin. -->","yoast_head_json":{"title":"Menudisplay A3 vertikal | Place Add | F\u00fcr die Gastronomie","description":"Menu-Display A3 vertikal, ideal f\u00fcr Restaurants, Museen und den Einzelhandel. Budgetfreundliche Alternative zu beleuchteten Men\u00fcdisplays.","robots":{"index":"index","follow":"follow","max-snippet":"max-snippet:-1","max-image-preview":"max-image-preview:large","max-video-preview":"max-video-preview:-1"},"canonical":"https:\/\/place-add.nl\/de\/produkt\/menuedisplay-a3-vertikal\/","og_locale":"de_DE","og_type":"article","og_title":"Menudisplay A3 vertikal","og_description":"Menu-Display A3 vertikal, ideal f\u00fcr Restaurants, Museen und den Einzelhandel. Budgetfreundliche Alternative zu beleuchteten Men\u00fcdisplays.","og_url":"https:\/\/place-add.nl\/de\/produkt\/menuedisplay-a3-vertikal\/","og_site_name":"Place Add","article_publisher":"https:\/\/www.facebook.com\/PlaceAdd\/","article_modified_time":"2025-07-01T13:40:50+00:00","og_image":[{"width":720,"height":720,"url":"https:\/\/place-add.nl\/wp-content\/uploads\/2024\/06\/Optafel_menudisplay_A3verticaal_Placeadd_1.webp","type":"image\/webp"}],"twitter_card":"summary_large_image","twitter_misc":{"Gesch\u00e4tzte Lesezeit":"2\u00a0Minuten"},"schema":{"@context":"https:\/\/schema.org","@graph":[{"@type":"WebPage","@id":"https:\/\/place-add.nl\/de\/produkt\/menuedisplay-a3-vertikal\/","url":"https:\/\/place-add.nl\/de\/produkt\/menuedisplay-a3-vertikal\/","name":"Menudisplay A3 vertikal | Place Add | F\u00fcr die Gastronomie","isPartOf":{"@id":"https:\/\/place-add.nl\/de\/#website"},"primaryImageOfPage":{"@id":"https:\/\/place-add.nl\/de\/produkt\/menuedisplay-a3-vertikal\/#primaryimage"},"image":{"@id":"https:\/\/place-add.nl\/de\/produkt\/menuedisplay-a3-vertikal\/#primaryimage"},"thumbnailUrl":"https:\/\/place-add.nl\/wp-content\/uploads\/2024\/06\/Optafel_menudisplay_A3verticaal_Placeadd_1.webp","datePublished":"2024-06-18T13:06:54+00:00","dateModified":"2025-07-01T13:40:50+00:00","description":"Menu-Display A3 vertikal, ideal f\u00fcr Restaurants, Museen und den Einzelhandel. Budgetfreundliche Alternative zu beleuchteten Men\u00fcdisplays.","breadcrumb":{"@id":"https:\/\/place-add.nl\/de\/produkt\/menuedisplay-a3-vertikal\/#breadcrumb"},"inLanguage":"de","potentialAction":[{"@type":"ReadAction","target":["https:\/\/place-add.nl\/de\/produkt\/menuedisplay-a3-vertikal\/"]}]},{"@type":"ImageObject","inLanguage":"de","@id":"https:\/\/place-add.nl\/de\/produkt\/menuedisplay-a3-vertikal\/#primaryimage","url":"https:\/\/place-add.nl\/wp-content\/uploads\/2024\/06\/Optafel_menudisplay_A3verticaal_Placeadd_1.webp","contentUrl":"https:\/\/place-add.nl\/wp-content\/uploads\/2024\/06\/Optafel_menudisplay_A3verticaal_Placeadd_1.webp","width":720,"height":720,"caption":"Menudisplay A3 verticaal"},{"@type":"BreadcrumbList","@id":"https:\/\/place-add.nl\/de\/produkt\/menuedisplay-a3-vertikal\/#breadcrumb","itemListElement":[{"@type":"ListItem","position":1,"name":"Home","item":"https:\/\/place-add.nl\/de\/home\/"},{"@type":"ListItem","position":2,"name":"Shop","item":"https:\/\/place-add.nl\/de\/shop\/"},{"@type":"ListItem","position":3,"name":"Menudisplay A3 vertikal"}]},{"@type":"WebSite","@id":"https:\/\/place-add.nl\/de\/#website","url":"https:\/\/place-add.nl\/de\/","name":"Place Add","description":"Tafelkleding voor de horeca","publisher":{"@id":"https:\/\/place-add.nl\/de\/#organization"},"potentialAction":[{"@type":"SearchAction","target":{"@type":"EntryPoint","urlTemplate":"https:\/\/place-add.nl\/de\/?s={search_term_string}"},"query-input":{"@type":"PropertyValueSpecification","valueRequired":true,"valueName":"search_term_string"}}],"inLanguage":"de"},{"@type":"Organization","@id":"https:\/\/place-add.nl\/de\/#organization","name":"Place Add","url":"https:\/\/place-add.nl\/de\/","logo":{"@type":"ImageObject","inLanguage":"de","@id":"https:\/\/place-add.nl\/de\/#\/schema\/logo\/image\/","url":"https:\/\/place-add.nl\/wp-content\/uploads\/2023\/11\/logo-img-place-add.png","contentUrl":"https:\/\/place-add.nl\/wp-content\/uploads\/2023\/11\/logo-img-place-add.png","width":404,"height":106,"caption":"Place Add"},"image":{"@id":"https:\/\/place-add.nl\/de\/#\/schema\/logo\/image\/"},"sameAs":["https:\/\/www.facebook.com\/PlaceAdd\/","https:\/\/www.instagram.com\/place_add\/","https:\/\/www.youtube.com\/@placeadd"]}]}},"_links":{"self":[{"href":"https:\/\/place-add.nl\/de\/wp-json\/wp\/v2\/product\/42639","targetHints":{"allow":["GET"]}}],"collection":[{"href":"https:\/\/place-add.nl\/de\/wp-json\/wp\/v2\/product"}],"about":[{"href":"https:\/\/place-add.nl\/de\/wp-json\/wp\/v2\/types\/product"}],"wp:featuredmedia":[{"embeddable":true,"href":"https:\/\/place-add.nl\/de\/wp-json\/wp\/v2\/media\/38414"}],"wp:attachment":[{"href":"https:\/\/place-add.nl\/de\/wp-json\/wp\/v2\/media?parent=42639"}],"wp:term":[{"taxonomy":"product_brand","embeddable":true,"href":"https:\/\/place-add.nl\/de\/wp-json\/wp\/v2\/product_brand?post=42639"},{"taxonomy":"product_cat","embeddable":true,"href":"https:\/\/place-add.nl\/de\/wp-json\/wp\/v2\/product_cat?post=42639"},{"taxonomy":"product_tag","embeddable":true,"href":"https:\/\/place-add.nl\/de\/wp-json\/wp\/v2\/product_tag?post=42639"}],"curies":[{"name":"wp","href":"https:\/\/api.w.org\/{rel}","templated":true}]}}