{"id":42651,"date":"2024-06-25T13:36:58","date_gmt":"2024-06-25T13:36:58","guid":{"rendered":"https:\/\/place-add.nl\/product\/busschroeven\/"},"modified":"2025-06-14T14:10:07","modified_gmt":"2025-06-14T14:10:07","slug":"buchschrauben","status":"publish","type":"product","link":"https:\/\/place-add.nl\/de\/produkt\/buchschrauben\/","title":{"rendered":"Buchschrauben"},"content":{"rendered":"<p><strong>Coach-Schrauben, auch bekannt als Bolzen-Mutter-Verbindungen oder Chicago-Schrauben, sind vielseitige Verbindungselemente, die aus einer Schraube und einer Hohlbuchse mit Gewinde bestehen. Sie sind beliebt wegen ihres \u00e4sthetisch eleganten Aussehens und ihrer F\u00e4higkeit, Materialien sicher zu verbinden, ohne dass der Schraubenkopf herausragt.<\/strong><\/p>\n<p><strong>Entdecken Sie unser umfangreiches Sortiment an Buchsenschrauben in hochwertigen Nickel- und Messingausf\u00fchrungen. Sie sind in verschiedenen Gr\u00f6\u00dfen erh\u00e4ltlich und eignen sich perfekt f\u00fcr eine Vielzahl von Projekten, bei denen Qualit\u00e4t und \u00c4sthetik eine Rolle spielen.<\/strong><\/p>\n<p><strong>W\u00e4hlen Sie einfach die Ausf\u00fchrung und die gew\u00fcnschte Gr\u00f6\u00dfe aus, um die genauen Abmessungen anzuzeigen. Bereits ab 10 St\u00fcck erh\u00e4ltlich, so dass Sie flexibel nach Bedarf bestellen k\u00f6nnen.<\/strong><\/p>\n<p><strong>Unsere <a href=\"https:\/\/place-add.nl\/de\/produkt\/rohrschrauben\/\">Bus-Schrauben<\/a> sind \u00fcber unsere 2. Website, <a href=\"https:\/\/www.craftontable.com\/collections\/accessoires\/products\/busschroeven\">Craft On Table<\/a>, erh\u00e4ltlich!<\/strong><\/p>\n<p><strong>Beschreibung<\/strong><\/p>\n<p><strong>Ben\u00f6tigen Sie eine pers\u00f6nliche Beratung? Dann z\u00f6gern Sie nicht, uns zu <a href=\"https:\/\/place-add.nl\/de\/kontakt\/\">kontaktieren<\/a>. Unser engagiertes Team hilft Ihnen gerne, die perfekte Wahl f\u00fcr Ihre speziellen Bed\u00fcrfnisse zu treffen.<\/strong><\/p>\n<p><button id=\"knop-contact-opnemen-overige-producten-de\">Kontaktieren Sie uns unverbindlich<\/button><\/p>\n","protected":false},"excerpt":{"rendered":"<div class=\"custom-button-marge\">\n<p class=\"ai-optimize-36\">Wir haben viele Gr\u00f6\u00dfen von Wagenschrauben in Nickel und Messing.Klicken Sie auf die Version und Gr\u00f6\u00dfe, um alle Abmessungen zu sehen.<\/p>\n<p class=\"ai-optimize-37\">Bereits ab 10 St\u00fcck lieferbar.<\/p>\n<p class=\"ai-optimize-38\">Direkt und einfach bestellen?<\/p>\n<p class=\"ai-optimize-39\"><strong><a href=\"https:\/\/www.craftontable.com\/collections\/accessoires\/products\/busschroeven\">Gehe zu craftontable.com<\/a><\/strong><\/p>\n<p class=\"ai-optimize-40\"><button id=\"knop-contact-opnemen-overige-producten-de\">Kontaktieren Sie uns unverbindlich<\/button><\/p>\n<\/div>\n","protected":false},"featured_media":40622,"template":"","meta":[],"product_brand":[],"product_cat":[853],"product_tag":[1256,1255,1257],"class_list":{"0":"post-42651","1":"product","2":"type-product","3":"status-publish","4":"has-post-thumbnail","6":"product_cat-tischaccesoires-co","7":"product_tag-messingschraube","8":"product_tag-schraube-metall","9":"product_tag-schraube-nickel","11":"first","12":"instock","13":"taxable","14":"shipping-taxable","15":"product-type-simple"},"yoast_head":"<!-- This site is optimized with the Yoast SEO Premium plugin v27.2 (Yoast SEO v27.2) - https:\/\/yoast.com\/product\/yoast-seo-premium-wordpress\/ -->\n<title>Buchschrauben | verschiedene Farben und Gr\u00f6\u00dfen bei Place Add |<\/title>\n<meta name=\"description\" content=\"Unsere gro\u00dfe Auswahl an Buchsenschrauben aus Nickel und Messing. W\u00e4hlen Sie Ihre Version und Gr\u00f6\u00dfe f\u00fcr detaillierte Abmessungen, erh\u00e4ltlich ab 10 St\u00fcck\" \/>\n<meta name=\"robots\" content=\"index, follow, max-snippet:-1, max-image-preview:large, max-video-preview:-1\" \/>\n<link rel=\"canonical\" href=\"https:\/\/place-add.nl\/de\/produkt\/buchschrauben\/\" \/>\n<meta property=\"og:locale\" content=\"de_DE\" \/>\n<meta property=\"og:type\" content=\"article\" \/>\n<meta property=\"og:title\" content=\"Buchschrauben\" \/>\n<meta property=\"og:description\" content=\"Unsere gro\u00dfe Auswahl an Buchsenschrauben aus Nickel und Messing. W\u00e4hlen Sie Ihre Version und Gr\u00f6\u00dfe f\u00fcr detaillierte Abmessungen, erh\u00e4ltlich ab 10 St\u00fcck\" \/>\n<meta property=\"og:url\" content=\"https:\/\/place-add.nl\/de\/produkt\/buchschrauben\/\" \/>\n<meta property=\"og:site_name\" content=\"Place Add\" \/>\n<meta property=\"article:publisher\" content=\"https:\/\/www.facebook.com\/PlaceAdd\/\" \/>\n<meta property=\"article:modified_time\" content=\"2025-06-14T14:10:07+00:00\" \/>\n<meta property=\"og:image\" content=\"https:\/\/place-add.nl\/wp-content\/uploads\/2024\/06\/busschroeven_place-add_5-scaled.jpg\" \/>\n\t<meta property=\"og:image:width\" content=\"1000\" \/>\n\t<meta property=\"og:image:height\" content=\"1000\" \/>\n\t<meta property=\"og:image:type\" content=\"image\/jpeg\" \/>\n<meta name=\"twitter:card\" content=\"summary_large_image\" \/>\n<meta name=\"twitter:label1\" content=\"Gesch\u00e4tzte Lesezeit\" \/>\n\t<meta name=\"twitter:data1\" content=\"1\u00a0Minute\" \/>\n<script type=\"application\/ld+json\" class=\"yoast-schema-graph\">{\"@context\":\"https:\/\/schema.org\",\"@graph\":[{\"@type\":\"WebPage\",\"@id\":\"https:\/\/place-add.nl\/de\/produkt\/buchschrauben\/\",\"url\":\"https:\/\/place-add.nl\/de\/produkt\/buchschrauben\/\",\"name\":\"Buchschrauben | verschiedene Farben und Gr\u00f6\u00dfen bei Place Add |\",\"isPartOf\":{\"@id\":\"https:\/\/place-add.nl\/de\/#website\"},\"primaryImageOfPage\":{\"@id\":\"https:\/\/place-add.nl\/de\/produkt\/buchschrauben\/#primaryimage\"},\"image\":{\"@id\":\"https:\/\/place-add.nl\/de\/produkt\/buchschrauben\/#primaryimage\"},\"thumbnailUrl\":\"https:\/\/place-add.nl\/wp-content\/uploads\/2024\/06\/busschroeven_place-add_5-scaled.jpg\",\"datePublished\":\"2024-06-25T13:36:58+00:00\",\"dateModified\":\"2025-06-14T14:10:07+00:00\",\"description\":\"Unsere gro\u00dfe Auswahl an Buchsenschrauben aus Nickel und Messing. W\u00e4hlen Sie Ihre Version und Gr\u00f6\u00dfe f\u00fcr detaillierte Abmessungen, erh\u00e4ltlich ab 10 St\u00fcck\",\"breadcrumb\":{\"@id\":\"https:\/\/place-add.nl\/de\/produkt\/buchschrauben\/#breadcrumb\"},\"inLanguage\":\"de\",\"potentialAction\":[{\"@type\":\"ReadAction\",\"target\":[\"https:\/\/place-add.nl\/de\/produkt\/buchschrauben\/\"]}]},{\"@type\":\"ImageObject\",\"inLanguage\":\"de\",\"@id\":\"https:\/\/place-add.nl\/de\/produkt\/buchschrauben\/#primaryimage\",\"url\":\"https:\/\/place-add.nl\/wp-content\/uploads\/2024\/06\/busschroeven_place-add_5-scaled.jpg\",\"contentUrl\":\"https:\/\/place-add.nl\/wp-content\/uploads\/2024\/06\/busschroeven_place-add_5-scaled.jpg\",\"width\":1000,\"height\":1000,\"caption\":\"Busschroeven\"},{\"@type\":\"BreadcrumbList\",\"@id\":\"https:\/\/place-add.nl\/de\/produkt\/buchschrauben\/#breadcrumb\",\"itemListElement\":[{\"@type\":\"ListItem\",\"position\":1,\"name\":\"Home\",\"item\":\"https:\/\/place-add.nl\/de\/home\/\"},{\"@type\":\"ListItem\",\"position\":2,\"name\":\"Shop\",\"item\":\"https:\/\/place-add.nl\/de\/shop\/\"},{\"@type\":\"ListItem\",\"position\":3,\"name\":\"Buchschrauben\"}]},{\"@type\":\"WebSite\",\"@id\":\"https:\/\/place-add.nl\/de\/#website\",\"url\":\"https:\/\/place-add.nl\/de\/\",\"name\":\"Place Add\",\"description\":\"Tafelkleding voor de horeca\",\"publisher\":{\"@id\":\"https:\/\/place-add.nl\/de\/#organization\"},\"potentialAction\":[{\"@type\":\"SearchAction\",\"target\":{\"@type\":\"EntryPoint\",\"urlTemplate\":\"https:\/\/place-add.nl\/de\/?s={search_term_string}\"},\"query-input\":{\"@type\":\"PropertyValueSpecification\",\"valueRequired\":true,\"valueName\":\"search_term_string\"}}],\"inLanguage\":\"de\"},{\"@type\":\"Organization\",\"@id\":\"https:\/\/place-add.nl\/de\/#organization\",\"name\":\"Place Add\",\"url\":\"https:\/\/place-add.nl\/de\/\",\"logo\":{\"@type\":\"ImageObject\",\"inLanguage\":\"de\",\"@id\":\"https:\/\/place-add.nl\/de\/#\/schema\/logo\/image\/\",\"url\":\"https:\/\/place-add.nl\/wp-content\/uploads\/2023\/11\/logo-img-place-add.png\",\"contentUrl\":\"https:\/\/place-add.nl\/wp-content\/uploads\/2023\/11\/logo-img-place-add.png\",\"width\":404,\"height\":106,\"caption\":\"Place Add\"},\"image\":{\"@id\":\"https:\/\/place-add.nl\/de\/#\/schema\/logo\/image\/\"},\"sameAs\":[\"https:\/\/www.facebook.com\/PlaceAdd\/\",\"https:\/\/www.instagram.com\/place_add\/\",\"https:\/\/www.youtube.com\/@placeadd\"]}]}<\/script>\n<!-- \/ Yoast SEO Premium plugin. -->","yoast_head_json":{"title":"Buchschrauben | verschiedene Farben und Gr\u00f6\u00dfen bei Place Add |","description":"Unsere gro\u00dfe Auswahl an Buchsenschrauben aus Nickel und Messing. W\u00e4hlen Sie Ihre Version und Gr\u00f6\u00dfe f\u00fcr detaillierte Abmessungen, erh\u00e4ltlich ab 10 St\u00fcck","robots":{"index":"index","follow":"follow","max-snippet":"max-snippet:-1","max-image-preview":"max-image-preview:large","max-video-preview":"max-video-preview:-1"},"canonical":"https:\/\/place-add.nl\/de\/produkt\/buchschrauben\/","og_locale":"de_DE","og_type":"article","og_title":"Buchschrauben","og_description":"Unsere gro\u00dfe Auswahl an Buchsenschrauben aus Nickel und Messing. W\u00e4hlen Sie Ihre Version und Gr\u00f6\u00dfe f\u00fcr detaillierte Abmessungen, erh\u00e4ltlich ab 10 St\u00fcck","og_url":"https:\/\/place-add.nl\/de\/produkt\/buchschrauben\/","og_site_name":"Place Add","article_publisher":"https:\/\/www.facebook.com\/PlaceAdd\/","article_modified_time":"2025-06-14T14:10:07+00:00","og_image":[{"width":1000,"height":1000,"url":"https:\/\/place-add.nl\/wp-content\/uploads\/2024\/06\/busschroeven_place-add_5-scaled.jpg","type":"image\/jpeg"}],"twitter_card":"summary_large_image","twitter_misc":{"Gesch\u00e4tzte Lesezeit":"1\u00a0Minute"},"schema":{"@context":"https:\/\/schema.org","@graph":[{"@type":"WebPage","@id":"https:\/\/place-add.nl\/de\/produkt\/buchschrauben\/","url":"https:\/\/place-add.nl\/de\/produkt\/buchschrauben\/","name":"Buchschrauben | verschiedene Farben und Gr\u00f6\u00dfen bei Place Add |","isPartOf":{"@id":"https:\/\/place-add.nl\/de\/#website"},"primaryImageOfPage":{"@id":"https:\/\/place-add.nl\/de\/produkt\/buchschrauben\/#primaryimage"},"image":{"@id":"https:\/\/place-add.nl\/de\/produkt\/buchschrauben\/#primaryimage"},"thumbnailUrl":"https:\/\/place-add.nl\/wp-content\/uploads\/2024\/06\/busschroeven_place-add_5-scaled.jpg","datePublished":"2024-06-25T13:36:58+00:00","dateModified":"2025-06-14T14:10:07+00:00","description":"Unsere gro\u00dfe Auswahl an Buchsenschrauben aus Nickel und Messing. W\u00e4hlen Sie Ihre Version und Gr\u00f6\u00dfe f\u00fcr detaillierte Abmessungen, erh\u00e4ltlich ab 10 St\u00fcck","breadcrumb":{"@id":"https:\/\/place-add.nl\/de\/produkt\/buchschrauben\/#breadcrumb"},"inLanguage":"de","potentialAction":[{"@type":"ReadAction","target":["https:\/\/place-add.nl\/de\/produkt\/buchschrauben\/"]}]},{"@type":"ImageObject","inLanguage":"de","@id":"https:\/\/place-add.nl\/de\/produkt\/buchschrauben\/#primaryimage","url":"https:\/\/place-add.nl\/wp-content\/uploads\/2024\/06\/busschroeven_place-add_5-scaled.jpg","contentUrl":"https:\/\/place-add.nl\/wp-content\/uploads\/2024\/06\/busschroeven_place-add_5-scaled.jpg","width":1000,"height":1000,"caption":"Busschroeven"},{"@type":"BreadcrumbList","@id":"https:\/\/place-add.nl\/de\/produkt\/buchschrauben\/#breadcrumb","itemListElement":[{"@type":"ListItem","position":1,"name":"Home","item":"https:\/\/place-add.nl\/de\/home\/"},{"@type":"ListItem","position":2,"name":"Shop","item":"https:\/\/place-add.nl\/de\/shop\/"},{"@type":"ListItem","position":3,"name":"Buchschrauben"}]},{"@type":"WebSite","@id":"https:\/\/place-add.nl\/de\/#website","url":"https:\/\/place-add.nl\/de\/","name":"Place Add","description":"Tafelkleding voor de horeca","publisher":{"@id":"https:\/\/place-add.nl\/de\/#organization"},"potentialAction":[{"@type":"SearchAction","target":{"@type":"EntryPoint","urlTemplate":"https:\/\/place-add.nl\/de\/?s={search_term_string}"},"query-input":{"@type":"PropertyValueSpecification","valueRequired":true,"valueName":"search_term_string"}}],"inLanguage":"de"},{"@type":"Organization","@id":"https:\/\/place-add.nl\/de\/#organization","name":"Place Add","url":"https:\/\/place-add.nl\/de\/","logo":{"@type":"ImageObject","inLanguage":"de","@id":"https:\/\/place-add.nl\/de\/#\/schema\/logo\/image\/","url":"https:\/\/place-add.nl\/wp-content\/uploads\/2023\/11\/logo-img-place-add.png","contentUrl":"https:\/\/place-add.nl\/wp-content\/uploads\/2023\/11\/logo-img-place-add.png","width":404,"height":106,"caption":"Place Add"},"image":{"@id":"https:\/\/place-add.nl\/de\/#\/schema\/logo\/image\/"},"sameAs":["https:\/\/www.facebook.com\/PlaceAdd\/","https:\/\/www.instagram.com\/place_add\/","https:\/\/www.youtube.com\/@placeadd"]}]}},"_links":{"self":[{"href":"https:\/\/place-add.nl\/de\/wp-json\/wp\/v2\/product\/42651","targetHints":{"allow":["GET"]}}],"collection":[{"href":"https:\/\/place-add.nl\/de\/wp-json\/wp\/v2\/product"}],"about":[{"href":"https:\/\/place-add.nl\/de\/wp-json\/wp\/v2\/types\/product"}],"wp:featuredmedia":[{"embeddable":true,"href":"https:\/\/place-add.nl\/de\/wp-json\/wp\/v2\/media\/40622"}],"wp:attachment":[{"href":"https:\/\/place-add.nl\/de\/wp-json\/wp\/v2\/media?parent=42651"}],"wp:term":[{"taxonomy":"product_brand","embeddable":true,"href":"https:\/\/place-add.nl\/de\/wp-json\/wp\/v2\/product_brand?post=42651"},{"taxonomy":"product_cat","embeddable":true,"href":"https:\/\/place-add.nl\/de\/wp-json\/wp\/v2\/product_cat?post=42651"},{"taxonomy":"product_tag","embeddable":true,"href":"https:\/\/place-add.nl\/de\/wp-json\/wp\/v2\/product_tag?post=42651"}],"curies":[{"name":"wp","href":"https:\/\/api.w.org\/{rel}","templated":true}]}}