{"id":42655,"date":"2024-06-18T12:52:56","date_gmt":"2024-06-18T12:52:56","guid":{"rendered":"https:\/\/place-add.nl\/product\/organizers-large\/"},"modified":"2025-07-01T13:24:01","modified_gmt":"2025-07-01T13:24:01","slug":"organizers-large","status":"publish","type":"product","link":"https:\/\/place-add.nl\/de\/produkt\/organizers-large\/","title":{"rendered":"Organisers Large"},"content":{"rendered":"<p><strong>Verleihen Sie Ihrem Tisch einen geordneten und stilvollen Look mit unserem <em>Organisers Large<\/em>, der sich perfekt zur Aufbewahrung von Speisekarten und Besteck eignet. Dieser robuste Beh\u00e4lter aus Birkensperrholz bietet eine elegante, \u00fcbersichtliche L\u00f6sung, um alles ordentlich und platzsparend auf Ihrem Tisch aufzubewahren.<\/strong><\/p>\n<p><strong>Mit seinem robusten und modernen Look passt dieser <em>Organisers Large<\/em> in jede Umgebung, von trendigen Gastronomiebetrieben bis hin zu stilvollen Abendessen zu Hause. Als besonderes Extra ist der Beh\u00e4lter auch in einer schwarz\/anthrazitfarbenen Version erh\u00e4ltlich; schauen Sie sich die Fotos mit der Large-Version an, um mehr Inspiration zu erhalten.<\/strong><\/p>\n<p><strong>Direkt und einfach bestellen? Gehen Sie zu Craft on Table. Haben Sie Fragen oder ben\u00f6tigen Sie eine pers\u00f6nliche Beratung? Unser engagiertes Team hilft Ihnen gerne, den perfekten Organizer f\u00fcr Ihren Anlass zu finden.<\/strong><\/p>\n<p><strong>Unsere <a href=\"https:\/\/place-add.nl\/de\/tischaccessoires-co\/organizers\/\">Organizer<\/a> sind \u00fcber unsere 2. Website, <a href=\"https:\/\/www.craftontable.com\/collections\/tafelstandaards\">Craft On Table<\/a>, erh\u00e4ltlich!<\/strong><\/p>\n<p><strong><a href=\"https:\/\/place-add.nl\/de\/kontakt\/\">Kontaktieren<\/a> Sie uns, um Ihre Optionen zu besprechen. Unser engagiertes Team ber\u00e4t Sie gerne bei der Auswahl des perfekten Men\u00fcs f\u00fcr Ihr Unternehmen!<\/strong><\/p>\n<p><button id=\"knop-contact-opnemen-overige-producten-de\">Kontaktieren Sie uns unverbindlich<\/button><\/p>\n","protected":false},"excerpt":{"rendered":"<p>Der gro\u00dfe Bruder der \u201eSmall\u201c-Ausf\u00fchrung bietet etwas mehr Platz.<\/p>\n<p>Auf den Fotos k\u00f6nnen Sie sehen, was alles hineinpasst.<\/p>\n<p>Das Birkensperrholz sorgt f\u00fcr Stabilit\u00e4t und Charakter.<\/p>\n<p>Das Modell auf den Fotos ist mit einem \u00f6kologischen \u00d6l und Wachs-Schicht in der Farbe Schwarz versehen.<\/p>\n<p>M\u00f6chten Sie direkt und einfach bestellen? <strong>Das ist \u00fcber unsere andere Website Craft On Table m\u00f6glich.<\/strong><\/p>\n<p><a class=\"button-custom-product\" href=\"https:\/\/www.craftontable.com\/collections\/tafelstandaards\/products\/organizer-large\" target=\"_blank\" rel=\"noopener\">Large bestellen<\/a> \u00a0<button id=\"knop-contact-opnemen-overige-producten-de\">Kontaktieren Sie uns unverbindlich<\/button><\/p>\n","protected":false},"featured_media":40617,"template":"","meta":[],"product_brand":[],"product_cat":[1460],"product_tag":[1329,1285,1330],"class_list":{"0":"post-42655","1":"product","2":"type-product","3":"status-publish","4":"has-post-thumbnail","6":"product_cat-organizers","7":"product_tag-holz-organisatoren","8":"product_tag-holz-organizer","9":"product_tag-tischorganisatoren","11":"first","12":"instock","13":"taxable","14":"shipping-taxable","15":"product-type-simple"},"yoast_head":"<!-- This site is optimized with the Yoast SEO Premium plugin v27.2 (Yoast SEO v27.2) - https:\/\/yoast.com\/product\/yoast-seo-premium-wordpress\/ -->\n<title>Organisers Large | Place Add | F\u00fcr die Gastronomie<\/title>\n<meta name=\"description\" content=\"Entdecken Sie unsere Organizer Large mit extra viel Fassungsverm\u00f6gen. Stabiles Birkenholz, mit \u00f6kologischem schwarzem Wachs\u00f6l behandelt.\" \/>\n<meta name=\"robots\" content=\"index, follow, max-snippet:-1, max-image-preview:large, max-video-preview:-1\" \/>\n<link rel=\"canonical\" href=\"https:\/\/place-add.nl\/de\/produkt\/organizers-large\/\" \/>\n<meta property=\"og:locale\" content=\"de_DE\" \/>\n<meta property=\"og:type\" content=\"article\" \/>\n<meta property=\"og:title\" content=\"Organisers Large\" \/>\n<meta property=\"og:description\" content=\"Entdecken Sie unsere Organizer Large mit extra viel Fassungsverm\u00f6gen. Stabiles Birkenholz, mit \u00f6kologischem schwarzem Wachs\u00f6l behandelt.\" \/>\n<meta property=\"og:url\" content=\"https:\/\/place-add.nl\/de\/produkt\/organizers-large\/\" \/>\n<meta property=\"og:site_name\" content=\"Place Add\" \/>\n<meta property=\"article:publisher\" content=\"https:\/\/www.facebook.com\/PlaceAdd\/\" \/>\n<meta property=\"article:modified_time\" content=\"2025-07-01T13:24:01+00:00\" \/>\n<meta property=\"og:image\" content=\"https:\/\/place-add.nl\/wp-content\/uploads\/2024\/06\/large_orgenizer_place-add_3-scaled.jpg\" \/>\n\t<meta property=\"og:image:width\" content=\"1000\" \/>\n\t<meta property=\"og:image:height\" content=\"1000\" \/>\n\t<meta property=\"og:image:type\" content=\"image\/jpeg\" \/>\n<meta name=\"twitter:card\" content=\"summary_large_image\" \/>\n<meta name=\"twitter:label1\" content=\"Gesch\u00e4tzte Lesezeit\" \/>\n\t<meta name=\"twitter:data1\" content=\"2\u00a0Minuten\" \/>\n<script type=\"application\/ld+json\" class=\"yoast-schema-graph\">{\"@context\":\"https:\/\/schema.org\",\"@graph\":[{\"@type\":\"WebPage\",\"@id\":\"https:\/\/place-add.nl\/de\/produkt\/organizers-large\/\",\"url\":\"https:\/\/place-add.nl\/de\/produkt\/organizers-large\/\",\"name\":\"Organisers Large | Place Add | F\u00fcr die Gastronomie\",\"isPartOf\":{\"@id\":\"https:\/\/place-add.nl\/de\/#website\"},\"primaryImageOfPage\":{\"@id\":\"https:\/\/place-add.nl\/de\/produkt\/organizers-large\/#primaryimage\"},\"image\":{\"@id\":\"https:\/\/place-add.nl\/de\/produkt\/organizers-large\/#primaryimage\"},\"thumbnailUrl\":\"https:\/\/place-add.nl\/wp-content\/uploads\/2024\/06\/large_orgenizer_place-add_3-scaled.jpg\",\"datePublished\":\"2024-06-18T12:52:56+00:00\",\"dateModified\":\"2025-07-01T13:24:01+00:00\",\"description\":\"Entdecken Sie unsere Organizer Large mit extra viel Fassungsverm\u00f6gen. Stabiles Birkenholz, mit \u00f6kologischem schwarzem Wachs\u00f6l behandelt.\",\"breadcrumb\":{\"@id\":\"https:\/\/place-add.nl\/de\/produkt\/organizers-large\/#breadcrumb\"},\"inLanguage\":\"de\",\"potentialAction\":[{\"@type\":\"ReadAction\",\"target\":[\"https:\/\/place-add.nl\/de\/produkt\/organizers-large\/\"]}]},{\"@type\":\"ImageObject\",\"inLanguage\":\"de\",\"@id\":\"https:\/\/place-add.nl\/de\/produkt\/organizers-large\/#primaryimage\",\"url\":\"https:\/\/place-add.nl\/wp-content\/uploads\/2024\/06\/large_orgenizer_place-add_3-scaled.jpg\",\"contentUrl\":\"https:\/\/place-add.nl\/wp-content\/uploads\/2024\/06\/large_orgenizer_place-add_3-scaled.jpg\",\"width\":1000,\"height\":1000,\"caption\":\"Organizers Large\"},{\"@type\":\"BreadcrumbList\",\"@id\":\"https:\/\/place-add.nl\/de\/produkt\/organizers-large\/#breadcrumb\",\"itemListElement\":[{\"@type\":\"ListItem\",\"position\":1,\"name\":\"Home\",\"item\":\"https:\/\/place-add.nl\/de\/home\/\"},{\"@type\":\"ListItem\",\"position\":2,\"name\":\"Shop\",\"item\":\"https:\/\/place-add.nl\/de\/shop\/\"},{\"@type\":\"ListItem\",\"position\":3,\"name\":\"Organisers Large\"}]},{\"@type\":\"WebSite\",\"@id\":\"https:\/\/place-add.nl\/de\/#website\",\"url\":\"https:\/\/place-add.nl\/de\/\",\"name\":\"Place Add\",\"description\":\"Tafelkleding voor de horeca\",\"publisher\":{\"@id\":\"https:\/\/place-add.nl\/de\/#organization\"},\"potentialAction\":[{\"@type\":\"SearchAction\",\"target\":{\"@type\":\"EntryPoint\",\"urlTemplate\":\"https:\/\/place-add.nl\/de\/?s={search_term_string}\"},\"query-input\":{\"@type\":\"PropertyValueSpecification\",\"valueRequired\":true,\"valueName\":\"search_term_string\"}}],\"inLanguage\":\"de\"},{\"@type\":\"Organization\",\"@id\":\"https:\/\/place-add.nl\/de\/#organization\",\"name\":\"Place Add\",\"url\":\"https:\/\/place-add.nl\/de\/\",\"logo\":{\"@type\":\"ImageObject\",\"inLanguage\":\"de\",\"@id\":\"https:\/\/place-add.nl\/de\/#\/schema\/logo\/image\/\",\"url\":\"https:\/\/place-add.nl\/wp-content\/uploads\/2023\/11\/logo-img-place-add.png\",\"contentUrl\":\"https:\/\/place-add.nl\/wp-content\/uploads\/2023\/11\/logo-img-place-add.png\",\"width\":404,\"height\":106,\"caption\":\"Place Add\"},\"image\":{\"@id\":\"https:\/\/place-add.nl\/de\/#\/schema\/logo\/image\/\"},\"sameAs\":[\"https:\/\/www.facebook.com\/PlaceAdd\/\",\"https:\/\/www.instagram.com\/place_add\/\",\"https:\/\/www.youtube.com\/@placeadd\"]}]}<\/script>\n<!-- \/ Yoast SEO Premium plugin. -->","yoast_head_json":{"title":"Organisers Large | Place Add | F\u00fcr die Gastronomie","description":"Entdecken Sie unsere Organizer Large mit extra viel Fassungsverm\u00f6gen. Stabiles Birkenholz, mit \u00f6kologischem schwarzem Wachs\u00f6l behandelt.","robots":{"index":"index","follow":"follow","max-snippet":"max-snippet:-1","max-image-preview":"max-image-preview:large","max-video-preview":"max-video-preview:-1"},"canonical":"https:\/\/place-add.nl\/de\/produkt\/organizers-large\/","og_locale":"de_DE","og_type":"article","og_title":"Organisers Large","og_description":"Entdecken Sie unsere Organizer Large mit extra viel Fassungsverm\u00f6gen. Stabiles Birkenholz, mit \u00f6kologischem schwarzem Wachs\u00f6l behandelt.","og_url":"https:\/\/place-add.nl\/de\/produkt\/organizers-large\/","og_site_name":"Place Add","article_publisher":"https:\/\/www.facebook.com\/PlaceAdd\/","article_modified_time":"2025-07-01T13:24:01+00:00","og_image":[{"width":1000,"height":1000,"url":"https:\/\/place-add.nl\/wp-content\/uploads\/2024\/06\/large_orgenizer_place-add_3-scaled.jpg","type":"image\/jpeg"}],"twitter_card":"summary_large_image","twitter_misc":{"Gesch\u00e4tzte Lesezeit":"2\u00a0Minuten"},"schema":{"@context":"https:\/\/schema.org","@graph":[{"@type":"WebPage","@id":"https:\/\/place-add.nl\/de\/produkt\/organizers-large\/","url":"https:\/\/place-add.nl\/de\/produkt\/organizers-large\/","name":"Organisers Large | Place Add | F\u00fcr die Gastronomie","isPartOf":{"@id":"https:\/\/place-add.nl\/de\/#website"},"primaryImageOfPage":{"@id":"https:\/\/place-add.nl\/de\/produkt\/organizers-large\/#primaryimage"},"image":{"@id":"https:\/\/place-add.nl\/de\/produkt\/organizers-large\/#primaryimage"},"thumbnailUrl":"https:\/\/place-add.nl\/wp-content\/uploads\/2024\/06\/large_orgenizer_place-add_3-scaled.jpg","datePublished":"2024-06-18T12:52:56+00:00","dateModified":"2025-07-01T13:24:01+00:00","description":"Entdecken Sie unsere Organizer Large mit extra viel Fassungsverm\u00f6gen. Stabiles Birkenholz, mit \u00f6kologischem schwarzem Wachs\u00f6l behandelt.","breadcrumb":{"@id":"https:\/\/place-add.nl\/de\/produkt\/organizers-large\/#breadcrumb"},"inLanguage":"de","potentialAction":[{"@type":"ReadAction","target":["https:\/\/place-add.nl\/de\/produkt\/organizers-large\/"]}]},{"@type":"ImageObject","inLanguage":"de","@id":"https:\/\/place-add.nl\/de\/produkt\/organizers-large\/#primaryimage","url":"https:\/\/place-add.nl\/wp-content\/uploads\/2024\/06\/large_orgenizer_place-add_3-scaled.jpg","contentUrl":"https:\/\/place-add.nl\/wp-content\/uploads\/2024\/06\/large_orgenizer_place-add_3-scaled.jpg","width":1000,"height":1000,"caption":"Organizers Large"},{"@type":"BreadcrumbList","@id":"https:\/\/place-add.nl\/de\/produkt\/organizers-large\/#breadcrumb","itemListElement":[{"@type":"ListItem","position":1,"name":"Home","item":"https:\/\/place-add.nl\/de\/home\/"},{"@type":"ListItem","position":2,"name":"Shop","item":"https:\/\/place-add.nl\/de\/shop\/"},{"@type":"ListItem","position":3,"name":"Organisers Large"}]},{"@type":"WebSite","@id":"https:\/\/place-add.nl\/de\/#website","url":"https:\/\/place-add.nl\/de\/","name":"Place Add","description":"Tafelkleding voor de horeca","publisher":{"@id":"https:\/\/place-add.nl\/de\/#organization"},"potentialAction":[{"@type":"SearchAction","target":{"@type":"EntryPoint","urlTemplate":"https:\/\/place-add.nl\/de\/?s={search_term_string}"},"query-input":{"@type":"PropertyValueSpecification","valueRequired":true,"valueName":"search_term_string"}}],"inLanguage":"de"},{"@type":"Organization","@id":"https:\/\/place-add.nl\/de\/#organization","name":"Place Add","url":"https:\/\/place-add.nl\/de\/","logo":{"@type":"ImageObject","inLanguage":"de","@id":"https:\/\/place-add.nl\/de\/#\/schema\/logo\/image\/","url":"https:\/\/place-add.nl\/wp-content\/uploads\/2023\/11\/logo-img-place-add.png","contentUrl":"https:\/\/place-add.nl\/wp-content\/uploads\/2023\/11\/logo-img-place-add.png","width":404,"height":106,"caption":"Place Add"},"image":{"@id":"https:\/\/place-add.nl\/de\/#\/schema\/logo\/image\/"},"sameAs":["https:\/\/www.facebook.com\/PlaceAdd\/","https:\/\/www.instagram.com\/place_add\/","https:\/\/www.youtube.com\/@placeadd"]}]}},"_links":{"self":[{"href":"https:\/\/place-add.nl\/de\/wp-json\/wp\/v2\/product\/42655","targetHints":{"allow":["GET"]}}],"collection":[{"href":"https:\/\/place-add.nl\/de\/wp-json\/wp\/v2\/product"}],"about":[{"href":"https:\/\/place-add.nl\/de\/wp-json\/wp\/v2\/types\/product"}],"wp:featuredmedia":[{"embeddable":true,"href":"https:\/\/place-add.nl\/de\/wp-json\/wp\/v2\/media\/40617"}],"wp:attachment":[{"href":"https:\/\/place-add.nl\/de\/wp-json\/wp\/v2\/media?parent=42655"}],"wp:term":[{"taxonomy":"product_brand","embeddable":true,"href":"https:\/\/place-add.nl\/de\/wp-json\/wp\/v2\/product_brand?post=42655"},{"taxonomy":"product_cat","embeddable":true,"href":"https:\/\/place-add.nl\/de\/wp-json\/wp\/v2\/product_cat?post=42655"},{"taxonomy":"product_tag","embeddable":true,"href":"https:\/\/place-add.nl\/de\/wp-json\/wp\/v2\/product_tag?post=42655"}],"curies":[{"name":"wp","href":"https:\/\/api.w.org\/{rel}","templated":true}]}}