{"id":42660,"date":"2024-06-18T12:54:16","date_gmt":"2024-06-18T12:54:16","guid":{"rendered":"https:\/\/place-add.nl\/product\/organizers-toolbox\/"},"modified":"2025-07-01T12:52:03","modified_gmt":"2025-07-01T12:52:03","slug":"organizers-toolbox","status":"publish","type":"product","link":"https:\/\/place-add.nl\/de\/produkt\/organizers-toolbox\/","title":{"rendered":"Organizers Toolbox"},"content":{"rendered":"<p><strong>Schaffen Sie einen stilvollen und praktischen Aufbewahrungsort auf dem Tisch mit der Organizers Toolbox. Dieser rustikale Holz-Organizer ist wie ein charmanter \u201eWerkzeugkasten\u201c gestaltet und bietet eine \u00fcbersichtliche und attraktive L\u00f6sung, um alle wichtigen Dinge auf dem Tisch griffbereit zu haben.<\/strong><\/p>\n<p><strong>Mit mehreren F\u00e4chern bietet die Organizers Toolbox Platz f\u00fcr Besteck, Servietten, Salz und Pfeffer und sogar Flaschen mit \u00d6l und Essig. Dank seines nat\u00fcrlichen und robusten Designs passt dieser Organizer sowohl in moderne als auch in traditionelle Inneneinrichtungen und Gastronomiebetriebe.<\/strong><\/p>\n<p><strong>Unsere <a href=\"https:\/\/place-add.nl\/de\/tischaccessoires-co\/organizers\/\">Organizer<\/a> sind \u00fcber unsere 2. Website, <a href=\"https:\/\/www.craftontable.com\/collections\/tafelstandaards\">Craft On Table<\/a>, erh\u00e4ltlich!<\/strong><\/p>\n<p><a href=\"https:\/\/place-add.nl\/de\/kontakt\/\">Kontaktieren<\/a> Sie uns, um die Optionen zu besprechen. Unser engagiertes Team ber\u00e4t Sie gerne bei der Auswahl der perfekten Men\u00fckarte f\u00fcr Ihr Unternehmen!<\/p>\n<p><button id=\"knop-contact-opnemen-overige-producten-de\">Kontaktieren Sie uns unverbindlich<\/button><\/p>\n","protected":false},"excerpt":{"rendered":"<p>Die h\u00f6lzerne \u201eWerkzeugkiste\u201c f\u00fcr den Tisch.<\/p>\n<p>Mit den verschiedenen F\u00e4chern und dem rustikalen Erscheinungsbild erhalten Sie den sch\u00f6nsten Sammelplatz auf Ihrem Tisch.<\/p>\n<p>Besteck, Servietten, Pfeffer und Salz, \u00d6l und Essig \u2013 alles passt hinein!<\/p>\n<p>M\u00f6chten Sie direkt und einfach bestellen?<\/p>\n<p><strong>Das ist \u00fcber unsere andere Website Craft On Table m\u00f6glich.<\/strong><\/p>\n<p><a class=\"button-custom-product\" href=\"https:\/\/www.craftontable.com\/collections\/tafelstandaards\/products\/organizer-gereedschapskist\" target=\"_blank\" rel=\"Toolbox noopener\">Toolbox bestellen<\/a> \u00a0<button id=\"knop-contact-opnemen-overige-producten-de\">Kontaktieren Sie uns unverbindlich<\/button><\/p>\n","protected":false},"featured_media":40607,"template":"","meta":[],"product_brand":[],"product_cat":[1460],"product_tag":[1329,1285,1330],"class_list":{"0":"post-42660","1":"product","2":"type-product","3":"status-publish","4":"has-post-thumbnail","6":"product_cat-organizers","7":"product_tag-holz-organisatoren","8":"product_tag-holz-organizer","9":"product_tag-tischorganisatoren","11":"first","12":"instock","13":"taxable","14":"shipping-taxable","15":"product-type-simple"},"yoast_head":"<!-- This site is optimized with the Yoast SEO Premium plugin v27.2 (Yoast SEO v27.2) - https:\/\/yoast.com\/product\/yoast-seo-premium-wordpress\/ -->\n<title>Organizers Toolbox | Place Add | F\u00fcr die Gastronomie<\/title>\n<meta name=\"description\" content=\"Organizer Werkzeugkasten f\u00fcr den Tisch. Verschiedene F\u00e4cher zur Pr\u00e4sentation von Besteck, Servietten, Pfeffer, Salz und mehr. Jetzt bestellen!\" \/>\n<meta name=\"robots\" content=\"index, follow, max-snippet:-1, max-image-preview:large, max-video-preview:-1\" \/>\n<link rel=\"canonical\" href=\"https:\/\/place-add.nl\/de\/produkt\/organizers-toolbox\/\" \/>\n<meta property=\"og:locale\" content=\"de_DE\" \/>\n<meta property=\"og:type\" content=\"article\" \/>\n<meta property=\"og:title\" content=\"Organizers Toolbox\" \/>\n<meta property=\"og:description\" content=\"Organizer Werkzeugkasten f\u00fcr den Tisch. Verschiedene F\u00e4cher zur Pr\u00e4sentation von Besteck, Servietten, Pfeffer, Salz und mehr. Jetzt bestellen!\" \/>\n<meta property=\"og:url\" content=\"https:\/\/place-add.nl\/de\/produkt\/organizers-toolbox\/\" \/>\n<meta property=\"og:site_name\" content=\"Place Add\" \/>\n<meta property=\"article:publisher\" content=\"https:\/\/www.facebook.com\/PlaceAdd\/\" \/>\n<meta property=\"article:modified_time\" content=\"2025-07-01T12:52:03+00:00\" \/>\n<meta property=\"og:image\" content=\"https:\/\/place-add.nl\/wp-content\/uploads\/2024\/06\/Organizers_Toolbox_Place-add_2-min-scaled.jpg\" \/>\n\t<meta property=\"og:image:width\" content=\"1000\" \/>\n\t<meta property=\"og:image:height\" content=\"1000\" \/>\n\t<meta property=\"og:image:type\" content=\"image\/jpeg\" \/>\n<meta name=\"twitter:card\" content=\"summary_large_image\" \/>\n<meta name=\"twitter:label1\" content=\"Gesch\u00e4tzte Lesezeit\" \/>\n\t<meta name=\"twitter:data1\" content=\"1\u00a0Minute\" \/>\n<script type=\"application\/ld+json\" class=\"yoast-schema-graph\">{\"@context\":\"https:\/\/schema.org\",\"@graph\":[{\"@type\":\"WebPage\",\"@id\":\"https:\/\/place-add.nl\/de\/produkt\/organizers-toolbox\/\",\"url\":\"https:\/\/place-add.nl\/de\/produkt\/organizers-toolbox\/\",\"name\":\"Organizers Toolbox | Place Add | F\u00fcr die Gastronomie\",\"isPartOf\":{\"@id\":\"https:\/\/place-add.nl\/de\/#website\"},\"primaryImageOfPage\":{\"@id\":\"https:\/\/place-add.nl\/de\/produkt\/organizers-toolbox\/#primaryimage\"},\"image\":{\"@id\":\"https:\/\/place-add.nl\/de\/produkt\/organizers-toolbox\/#primaryimage\"},\"thumbnailUrl\":\"https:\/\/place-add.nl\/wp-content\/uploads\/2024\/06\/Organizers_Toolbox_Place-add_2-min-scaled.jpg\",\"datePublished\":\"2024-06-18T12:54:16+00:00\",\"dateModified\":\"2025-07-01T12:52:03+00:00\",\"description\":\"Organizer Werkzeugkasten f\u00fcr den Tisch. Verschiedene F\u00e4cher zur Pr\u00e4sentation von Besteck, Servietten, Pfeffer, Salz und mehr. Jetzt bestellen!\",\"breadcrumb\":{\"@id\":\"https:\/\/place-add.nl\/de\/produkt\/organizers-toolbox\/#breadcrumb\"},\"inLanguage\":\"de\",\"potentialAction\":[{\"@type\":\"ReadAction\",\"target\":[\"https:\/\/place-add.nl\/de\/produkt\/organizers-toolbox\/\"]}]},{\"@type\":\"ImageObject\",\"inLanguage\":\"de\",\"@id\":\"https:\/\/place-add.nl\/de\/produkt\/organizers-toolbox\/#primaryimage\",\"url\":\"https:\/\/place-add.nl\/wp-content\/uploads\/2024\/06\/Organizers_Toolbox_Place-add_2-min-scaled.jpg\",\"contentUrl\":\"https:\/\/place-add.nl\/wp-content\/uploads\/2024\/06\/Organizers_Toolbox_Place-add_2-min-scaled.jpg\",\"width\":1000,\"height\":1000,\"caption\":\"Organizers Toolbox\"},{\"@type\":\"BreadcrumbList\",\"@id\":\"https:\/\/place-add.nl\/de\/produkt\/organizers-toolbox\/#breadcrumb\",\"itemListElement\":[{\"@type\":\"ListItem\",\"position\":1,\"name\":\"Home\",\"item\":\"https:\/\/place-add.nl\/de\/home\/\"},{\"@type\":\"ListItem\",\"position\":2,\"name\":\"Shop\",\"item\":\"https:\/\/place-add.nl\/de\/shop\/\"},{\"@type\":\"ListItem\",\"position\":3,\"name\":\"Organizers Toolbox\"}]},{\"@type\":\"WebSite\",\"@id\":\"https:\/\/place-add.nl\/de\/#website\",\"url\":\"https:\/\/place-add.nl\/de\/\",\"name\":\"Place Add\",\"description\":\"Tafelkleding voor de horeca\",\"publisher\":{\"@id\":\"https:\/\/place-add.nl\/de\/#organization\"},\"potentialAction\":[{\"@type\":\"SearchAction\",\"target\":{\"@type\":\"EntryPoint\",\"urlTemplate\":\"https:\/\/place-add.nl\/de\/?s={search_term_string}\"},\"query-input\":{\"@type\":\"PropertyValueSpecification\",\"valueRequired\":true,\"valueName\":\"search_term_string\"}}],\"inLanguage\":\"de\"},{\"@type\":\"Organization\",\"@id\":\"https:\/\/place-add.nl\/de\/#organization\",\"name\":\"Place Add\",\"url\":\"https:\/\/place-add.nl\/de\/\",\"logo\":{\"@type\":\"ImageObject\",\"inLanguage\":\"de\",\"@id\":\"https:\/\/place-add.nl\/de\/#\/schema\/logo\/image\/\",\"url\":\"https:\/\/place-add.nl\/wp-content\/uploads\/2023\/11\/logo-img-place-add.png\",\"contentUrl\":\"https:\/\/place-add.nl\/wp-content\/uploads\/2023\/11\/logo-img-place-add.png\",\"width\":404,\"height\":106,\"caption\":\"Place Add\"},\"image\":{\"@id\":\"https:\/\/place-add.nl\/de\/#\/schema\/logo\/image\/\"},\"sameAs\":[\"https:\/\/www.facebook.com\/PlaceAdd\/\",\"https:\/\/www.instagram.com\/place_add\/\",\"https:\/\/www.youtube.com\/@placeadd\"]}]}<\/script>\n<!-- \/ Yoast SEO Premium plugin. -->","yoast_head_json":{"title":"Organizers Toolbox | Place Add | F\u00fcr die Gastronomie","description":"Organizer Werkzeugkasten f\u00fcr den Tisch. Verschiedene F\u00e4cher zur Pr\u00e4sentation von Besteck, Servietten, Pfeffer, Salz und mehr. Jetzt bestellen!","robots":{"index":"index","follow":"follow","max-snippet":"max-snippet:-1","max-image-preview":"max-image-preview:large","max-video-preview":"max-video-preview:-1"},"canonical":"https:\/\/place-add.nl\/de\/produkt\/organizers-toolbox\/","og_locale":"de_DE","og_type":"article","og_title":"Organizers Toolbox","og_description":"Organizer Werkzeugkasten f\u00fcr den Tisch. Verschiedene F\u00e4cher zur Pr\u00e4sentation von Besteck, Servietten, Pfeffer, Salz und mehr. Jetzt bestellen!","og_url":"https:\/\/place-add.nl\/de\/produkt\/organizers-toolbox\/","og_site_name":"Place Add","article_publisher":"https:\/\/www.facebook.com\/PlaceAdd\/","article_modified_time":"2025-07-01T12:52:03+00:00","og_image":[{"width":1000,"height":1000,"url":"https:\/\/place-add.nl\/wp-content\/uploads\/2024\/06\/Organizers_Toolbox_Place-add_2-min-scaled.jpg","type":"image\/jpeg"}],"twitter_card":"summary_large_image","twitter_misc":{"Gesch\u00e4tzte Lesezeit":"1\u00a0Minute"},"schema":{"@context":"https:\/\/schema.org","@graph":[{"@type":"WebPage","@id":"https:\/\/place-add.nl\/de\/produkt\/organizers-toolbox\/","url":"https:\/\/place-add.nl\/de\/produkt\/organizers-toolbox\/","name":"Organizers Toolbox | Place Add | F\u00fcr die Gastronomie","isPartOf":{"@id":"https:\/\/place-add.nl\/de\/#website"},"primaryImageOfPage":{"@id":"https:\/\/place-add.nl\/de\/produkt\/organizers-toolbox\/#primaryimage"},"image":{"@id":"https:\/\/place-add.nl\/de\/produkt\/organizers-toolbox\/#primaryimage"},"thumbnailUrl":"https:\/\/place-add.nl\/wp-content\/uploads\/2024\/06\/Organizers_Toolbox_Place-add_2-min-scaled.jpg","datePublished":"2024-06-18T12:54:16+00:00","dateModified":"2025-07-01T12:52:03+00:00","description":"Organizer Werkzeugkasten f\u00fcr den Tisch. Verschiedene F\u00e4cher zur Pr\u00e4sentation von Besteck, Servietten, Pfeffer, Salz und mehr. Jetzt bestellen!","breadcrumb":{"@id":"https:\/\/place-add.nl\/de\/produkt\/organizers-toolbox\/#breadcrumb"},"inLanguage":"de","potentialAction":[{"@type":"ReadAction","target":["https:\/\/place-add.nl\/de\/produkt\/organizers-toolbox\/"]}]},{"@type":"ImageObject","inLanguage":"de","@id":"https:\/\/place-add.nl\/de\/produkt\/organizers-toolbox\/#primaryimage","url":"https:\/\/place-add.nl\/wp-content\/uploads\/2024\/06\/Organizers_Toolbox_Place-add_2-min-scaled.jpg","contentUrl":"https:\/\/place-add.nl\/wp-content\/uploads\/2024\/06\/Organizers_Toolbox_Place-add_2-min-scaled.jpg","width":1000,"height":1000,"caption":"Organizers Toolbox"},{"@type":"BreadcrumbList","@id":"https:\/\/place-add.nl\/de\/produkt\/organizers-toolbox\/#breadcrumb","itemListElement":[{"@type":"ListItem","position":1,"name":"Home","item":"https:\/\/place-add.nl\/de\/home\/"},{"@type":"ListItem","position":2,"name":"Shop","item":"https:\/\/place-add.nl\/de\/shop\/"},{"@type":"ListItem","position":3,"name":"Organizers Toolbox"}]},{"@type":"WebSite","@id":"https:\/\/place-add.nl\/de\/#website","url":"https:\/\/place-add.nl\/de\/","name":"Place Add","description":"Tafelkleding voor de horeca","publisher":{"@id":"https:\/\/place-add.nl\/de\/#organization"},"potentialAction":[{"@type":"SearchAction","target":{"@type":"EntryPoint","urlTemplate":"https:\/\/place-add.nl\/de\/?s={search_term_string}"},"query-input":{"@type":"PropertyValueSpecification","valueRequired":true,"valueName":"search_term_string"}}],"inLanguage":"de"},{"@type":"Organization","@id":"https:\/\/place-add.nl\/de\/#organization","name":"Place Add","url":"https:\/\/place-add.nl\/de\/","logo":{"@type":"ImageObject","inLanguage":"de","@id":"https:\/\/place-add.nl\/de\/#\/schema\/logo\/image\/","url":"https:\/\/place-add.nl\/wp-content\/uploads\/2023\/11\/logo-img-place-add.png","contentUrl":"https:\/\/place-add.nl\/wp-content\/uploads\/2023\/11\/logo-img-place-add.png","width":404,"height":106,"caption":"Place Add"},"image":{"@id":"https:\/\/place-add.nl\/de\/#\/schema\/logo\/image\/"},"sameAs":["https:\/\/www.facebook.com\/PlaceAdd\/","https:\/\/www.instagram.com\/place_add\/","https:\/\/www.youtube.com\/@placeadd"]}]}},"_links":{"self":[{"href":"https:\/\/place-add.nl\/de\/wp-json\/wp\/v2\/product\/42660","targetHints":{"allow":["GET"]}}],"collection":[{"href":"https:\/\/place-add.nl\/de\/wp-json\/wp\/v2\/product"}],"about":[{"href":"https:\/\/place-add.nl\/de\/wp-json\/wp\/v2\/types\/product"}],"wp:featuredmedia":[{"embeddable":true,"href":"https:\/\/place-add.nl\/de\/wp-json\/wp\/v2\/media\/40607"}],"wp:attachment":[{"href":"https:\/\/place-add.nl\/de\/wp-json\/wp\/v2\/media?parent=42660"}],"wp:term":[{"taxonomy":"product_brand","embeddable":true,"href":"https:\/\/place-add.nl\/de\/wp-json\/wp\/v2\/product_brand?post=42660"},{"taxonomy":"product_cat","embeddable":true,"href":"https:\/\/place-add.nl\/de\/wp-json\/wp\/v2\/product_cat?post=42660"},{"taxonomy":"product_tag","embeddable":true,"href":"https:\/\/place-add.nl\/de\/wp-json\/wp\/v2\/product_tag?post=42660"}],"curies":[{"name":"wp","href":"https:\/\/api.w.org\/{rel}","templated":true}]}}