{"id":42666,"date":"2024-06-26T10:50:13","date_gmt":"2024-06-26T10:50:13","guid":{"rendered":"https:\/\/place-add.nl\/product\/houten-naperole-houder\/"},"modified":"2025-06-06T08:26:57","modified_gmt":"2025-06-06T08:26:57","slug":"naperole-halter","status":"publish","type":"product","link":"https:\/\/place-add.nl\/de\/produkt\/naperole-halter\/","title":{"rendered":"Naperole Halter"},"content":{"rendered":"<p>Unser <strong>h\u00f6lzerner Serviettenhalter<\/strong> bietet eine effiziente und praktische L\u00f6sung f\u00fcr die Vorbereitung und Pr\u00e4sentation von <a href=\"https:\/\/place-add.nl\/de\/bedruckte-einwegartikel\/servietten-bedrucken\/airlaid-mit-banderole\/\"><strong>Airlaid-Servietten<\/strong><\/a> und <a href=\"https:\/\/place-add.nl\/disposables-bedrukt\/bestekzakjes-bedrukt\/\"><strong>Bestecktaschen<\/strong><\/a>. Ideal f\u00fcr den Einsatz in stark frequentierten Gastronomiebetrieben, h\u00e4lt dieser Halter alle Ihre Servietten und Besteck an einem zentralen Ort, bereit f\u00fcr den Einsatz. Jeder Halter kann <strong>bis zu 30 Servietten mit Besteck aufnehmen<\/strong>, so dass Sie sich schnell und einfach auf Sto\u00dfzeiten in Ihrem Betrieb einstellen k\u00f6nnen.<\/p>\n<p>F\u00fcr gr\u00f6\u00dfere Mengen und zus\u00e4tzlichen Komfort k\u00f6nnen die Wooden Naperole Halter<strong> leicht miteinander verbunden werden<\/strong>. So k\u00f6nnen Sie eine kompakte \u201eServicestation\u201c mit gen\u00fcgend Vorrat f\u00fcr die Sto\u00dfzeiten schaffen. Durch die Kombination der Halter sparen Sie Zeit und k\u00f6nnen Ihre G\u00e4ste schneller mit allem versorgen, was f\u00fcr eine vollst\u00e4ndige Tischabdeckung ben\u00f6tigt wird.<\/p>\n<p>Dieser Holzhalter ist speziell f\u00fcr <a href=\"https:\/\/place-add.nl\/de\/bedruckte-einwegartikel\/servietten-bedrucken\/airlaid-mit-banderole\/\"><strong>Airlaid Naperole<\/strong><\/a>, <a href=\"https:\/\/place-add.nl\/de\/produkt\/bedruckte-airlaid-besteckfalt\/\"><strong>Airlaid Pochettes<\/strong><\/a> oder <a href=\"https:\/\/place-add.nl\/disposables-bedrukt\/bestekzakjes-bedrukt\/\"><strong>Bestecktaschen<\/strong> <\/a>konzipiert, so dass Ihr Personal einfach und schnell einen oder mehrere Artikel an den Tisch bringen kann. Beachten Sie, dass der Halter f\u00fcr Servietten und Bestecktaschen mit einer Breite von bis zu 7 cm (gefaltet) geeignet ist, um eine ordentliche und stromlinienf\u00f6rmige Pr\u00e4sentation ohne Durcheinander zu gew\u00e4hrleisten.<\/p>\n<p>Das robuste Holzdesign des h\u00f6lzernen Serviettenhalters passt perfekt in jeden Gastronomiebetrieb und verleiht Ihrem Service einen nat\u00fcrlichen, professionellen Look. Ob auf einer Terrasse, in einem Restaurant oder bei einer Veranstaltung, dieser Halter sorgt f\u00fcr eine organisierte und stilvolle Pr\u00e4sentation Ihrer Servietten und Ihres Bestecks.<\/p>\n<p>Der Naperole-Halter aus Holz ist auch auf unserer 2. Website <strong><a href=\"https:\/\/www.craftontable.com\/collections\">Craftontable.com<\/a><\/strong> erh\u00e4ltlich.<\/p>\n<p><strong>Brauchen Sie Rat? Unser Team hilft Ihnen gerne bei der Auswahl und unterst\u00fctzt Sie bei der Verwirklichung Ihrer Men\u00fckarte.<\/strong><\/p>\n<p><button id=\"knop-contact-opnemen-overige-producten-de\">Kontaktieren Sie uns unverbindlich<\/button><\/p>\n","protected":false},"excerpt":{"rendered":"<p>Jeder Halter kann \u00b1 30 Servietten mit Besteck aufnehmen. M\u00f6chten Sie mehr vorbereitete Artikel? Die Naperole-Halter k\u00f6nnen miteinander verbunden werden, um eine praktische \u201eServicestation\u201c mit dem gew\u00fcnschten Vorrat an gebrauchsfertigen Naperole zu schaffen, ohne dass Sie sich darum k\u00fcmmern m\u00fcssen.<\/p>\n<p><button id=\"knop-contact-opnemen-overige-producten-de\">Kontaktieren Sie uns unverbindlich<\/button><\/p>\n","protected":false},"featured_media":40600,"template":"","meta":[],"product_brand":[],"product_cat":[1418,1460],"product_tag":[],"class_list":{"0":"post-42666","1":"product","2":"type-product","3":"status-publish","4":"has-post-thumbnail","6":"product_cat-airlaid-mit-banderole-de","7":"product_cat-organizers","9":"first","10":"instock","11":"taxable","12":"shipping-taxable","13":"purchasable","14":"product-type-variable"},"yoast_head":"<!-- This site is optimized with the Yoast SEO Premium plugin v27.2 (Yoast SEO v27.2) - https:\/\/yoast.com\/product\/yoast-seo-premium-wordpress\/ -->\n<title>Naperole Halter | Place Add | F\u00fcr die Gastronomie<\/title>\n<meta name=\"description\" content=\"Der h\u00f6lzerne Naperole-Halter eignet sich hervorragend zum Vorn\u00e4hen und Pr\u00e4sentieren Ihrer Airlaid Naperole, Bestecktaschen an einem zentralen Ort.\" \/>\n<meta name=\"robots\" content=\"index, follow, max-snippet:-1, max-image-preview:large, max-video-preview:-1\" \/>\n<link rel=\"canonical\" href=\"https:\/\/place-add.nl\/de\/produkt\/naperole-halter\/\" \/>\n<meta property=\"og:locale\" content=\"de_DE\" \/>\n<meta property=\"og:type\" content=\"article\" \/>\n<meta property=\"og:title\" content=\"Naperole Halter\" \/>\n<meta property=\"og:description\" content=\"Der h\u00f6lzerne Naperole-Halter eignet sich hervorragend zum Vorn\u00e4hen und Pr\u00e4sentieren Ihrer Airlaid Naperole, Bestecktaschen an einem zentralen Ort.\" \/>\n<meta property=\"og:url\" content=\"https:\/\/place-add.nl\/de\/produkt\/naperole-halter\/\" \/>\n<meta property=\"og:site_name\" content=\"Place Add\" \/>\n<meta property=\"article:publisher\" content=\"https:\/\/www.facebook.com\/PlaceAdd\/\" \/>\n<meta property=\"article:modified_time\" content=\"2025-06-06T08:26:57+00:00\" \/>\n<meta property=\"og:image\" content=\"https:\/\/place-add.nl\/wp-content\/uploads\/2024\/06\/Houten_Naperole_Houder_Place-add_7-1-scaled.jpg\" \/>\n\t<meta property=\"og:image:width\" content=\"1000\" \/>\n\t<meta property=\"og:image:height\" content=\"1000\" \/>\n\t<meta property=\"og:image:type\" content=\"image\/jpeg\" \/>\n<meta name=\"twitter:card\" content=\"summary_large_image\" \/>\n<meta name=\"twitter:label1\" content=\"Gesch\u00e4tzte Lesezeit\" \/>\n\t<meta name=\"twitter:data1\" content=\"2\u00a0Minuten\" \/>\n<script type=\"application\/ld+json\" class=\"yoast-schema-graph\">{\"@context\":\"https:\/\/schema.org\",\"@graph\":[{\"@type\":\"WebPage\",\"@id\":\"https:\/\/place-add.nl\/de\/produkt\/naperole-halter\/\",\"url\":\"https:\/\/place-add.nl\/de\/produkt\/naperole-halter\/\",\"name\":\"Naperole Halter | Place Add | F\u00fcr die Gastronomie\",\"isPartOf\":{\"@id\":\"https:\/\/place-add.nl\/de\/#website\"},\"primaryImageOfPage\":{\"@id\":\"https:\/\/place-add.nl\/de\/produkt\/naperole-halter\/#primaryimage\"},\"image\":{\"@id\":\"https:\/\/place-add.nl\/de\/produkt\/naperole-halter\/#primaryimage\"},\"thumbnailUrl\":\"https:\/\/place-add.nl\/wp-content\/uploads\/2024\/06\/Houten_Naperole_Houder_Place-add_7-1-scaled.jpg\",\"datePublished\":\"2024-06-26T10:50:13+00:00\",\"dateModified\":\"2025-06-06T08:26:57+00:00\",\"description\":\"Der h\u00f6lzerne Naperole-Halter eignet sich hervorragend zum Vorn\u00e4hen und Pr\u00e4sentieren Ihrer Airlaid Naperole, Bestecktaschen an einem zentralen Ort.\",\"breadcrumb\":{\"@id\":\"https:\/\/place-add.nl\/de\/produkt\/naperole-halter\/#breadcrumb\"},\"inLanguage\":\"de\",\"potentialAction\":[{\"@type\":\"ReadAction\",\"target\":[\"https:\/\/place-add.nl\/de\/produkt\/naperole-halter\/\"]}]},{\"@type\":\"ImageObject\",\"inLanguage\":\"de\",\"@id\":\"https:\/\/place-add.nl\/de\/produkt\/naperole-halter\/#primaryimage\",\"url\":\"https:\/\/place-add.nl\/wp-content\/uploads\/2024\/06\/Houten_Naperole_Houder_Place-add_7-1-scaled.jpg\",\"contentUrl\":\"https:\/\/place-add.nl\/wp-content\/uploads\/2024\/06\/Houten_Naperole_Houder_Place-add_7-1-scaled.jpg\",\"width\":1000,\"height\":1000,\"caption\":\"Houten Naperole Houder\"},{\"@type\":\"BreadcrumbList\",\"@id\":\"https:\/\/place-add.nl\/de\/produkt\/naperole-halter\/#breadcrumb\",\"itemListElement\":[{\"@type\":\"ListItem\",\"position\":1,\"name\":\"Home\",\"item\":\"https:\/\/place-add.nl\/de\/home\/\"},{\"@type\":\"ListItem\",\"position\":2,\"name\":\"Shop\",\"item\":\"https:\/\/place-add.nl\/de\/shop\/\"},{\"@type\":\"ListItem\",\"position\":3,\"name\":\"Naperole Halter\"}]},{\"@type\":\"WebSite\",\"@id\":\"https:\/\/place-add.nl\/de\/#website\",\"url\":\"https:\/\/place-add.nl\/de\/\",\"name\":\"Place Add\",\"description\":\"Tafelkleding voor de horeca\",\"publisher\":{\"@id\":\"https:\/\/place-add.nl\/de\/#organization\"},\"potentialAction\":[{\"@type\":\"SearchAction\",\"target\":{\"@type\":\"EntryPoint\",\"urlTemplate\":\"https:\/\/place-add.nl\/de\/?s={search_term_string}\"},\"query-input\":{\"@type\":\"PropertyValueSpecification\",\"valueRequired\":true,\"valueName\":\"search_term_string\"}}],\"inLanguage\":\"de\"},{\"@type\":\"Organization\",\"@id\":\"https:\/\/place-add.nl\/de\/#organization\",\"name\":\"Place Add\",\"url\":\"https:\/\/place-add.nl\/de\/\",\"logo\":{\"@type\":\"ImageObject\",\"inLanguage\":\"de\",\"@id\":\"https:\/\/place-add.nl\/de\/#\/schema\/logo\/image\/\",\"url\":\"https:\/\/place-add.nl\/wp-content\/uploads\/2023\/11\/logo-img-place-add.png\",\"contentUrl\":\"https:\/\/place-add.nl\/wp-content\/uploads\/2023\/11\/logo-img-place-add.png\",\"width\":404,\"height\":106,\"caption\":\"Place Add\"},\"image\":{\"@id\":\"https:\/\/place-add.nl\/de\/#\/schema\/logo\/image\/\"},\"sameAs\":[\"https:\/\/www.facebook.com\/PlaceAdd\/\",\"https:\/\/www.instagram.com\/place_add\/\",\"https:\/\/www.youtube.com\/@placeadd\"]}]}<\/script>\n<!-- \/ Yoast SEO Premium plugin. -->","yoast_head_json":{"title":"Naperole Halter | Place Add | F\u00fcr die Gastronomie","description":"Der h\u00f6lzerne Naperole-Halter eignet sich hervorragend zum Vorn\u00e4hen und Pr\u00e4sentieren Ihrer Airlaid Naperole, Bestecktaschen an einem zentralen Ort.","robots":{"index":"index","follow":"follow","max-snippet":"max-snippet:-1","max-image-preview":"max-image-preview:large","max-video-preview":"max-video-preview:-1"},"canonical":"https:\/\/place-add.nl\/de\/produkt\/naperole-halter\/","og_locale":"de_DE","og_type":"article","og_title":"Naperole Halter","og_description":"Der h\u00f6lzerne Naperole-Halter eignet sich hervorragend zum Vorn\u00e4hen und Pr\u00e4sentieren Ihrer Airlaid Naperole, Bestecktaschen an einem zentralen Ort.","og_url":"https:\/\/place-add.nl\/de\/produkt\/naperole-halter\/","og_site_name":"Place Add","article_publisher":"https:\/\/www.facebook.com\/PlaceAdd\/","article_modified_time":"2025-06-06T08:26:57+00:00","og_image":[{"width":1000,"height":1000,"url":"https:\/\/place-add.nl\/wp-content\/uploads\/2024\/06\/Houten_Naperole_Houder_Place-add_7-1-scaled.jpg","type":"image\/jpeg"}],"twitter_card":"summary_large_image","twitter_misc":{"Gesch\u00e4tzte Lesezeit":"2\u00a0Minuten"},"schema":{"@context":"https:\/\/schema.org","@graph":[{"@type":"WebPage","@id":"https:\/\/place-add.nl\/de\/produkt\/naperole-halter\/","url":"https:\/\/place-add.nl\/de\/produkt\/naperole-halter\/","name":"Naperole Halter | Place Add | F\u00fcr die Gastronomie","isPartOf":{"@id":"https:\/\/place-add.nl\/de\/#website"},"primaryImageOfPage":{"@id":"https:\/\/place-add.nl\/de\/produkt\/naperole-halter\/#primaryimage"},"image":{"@id":"https:\/\/place-add.nl\/de\/produkt\/naperole-halter\/#primaryimage"},"thumbnailUrl":"https:\/\/place-add.nl\/wp-content\/uploads\/2024\/06\/Houten_Naperole_Houder_Place-add_7-1-scaled.jpg","datePublished":"2024-06-26T10:50:13+00:00","dateModified":"2025-06-06T08:26:57+00:00","description":"Der h\u00f6lzerne Naperole-Halter eignet sich hervorragend zum Vorn\u00e4hen und Pr\u00e4sentieren Ihrer Airlaid Naperole, Bestecktaschen an einem zentralen Ort.","breadcrumb":{"@id":"https:\/\/place-add.nl\/de\/produkt\/naperole-halter\/#breadcrumb"},"inLanguage":"de","potentialAction":[{"@type":"ReadAction","target":["https:\/\/place-add.nl\/de\/produkt\/naperole-halter\/"]}]},{"@type":"ImageObject","inLanguage":"de","@id":"https:\/\/place-add.nl\/de\/produkt\/naperole-halter\/#primaryimage","url":"https:\/\/place-add.nl\/wp-content\/uploads\/2024\/06\/Houten_Naperole_Houder_Place-add_7-1-scaled.jpg","contentUrl":"https:\/\/place-add.nl\/wp-content\/uploads\/2024\/06\/Houten_Naperole_Houder_Place-add_7-1-scaled.jpg","width":1000,"height":1000,"caption":"Houten Naperole Houder"},{"@type":"BreadcrumbList","@id":"https:\/\/place-add.nl\/de\/produkt\/naperole-halter\/#breadcrumb","itemListElement":[{"@type":"ListItem","position":1,"name":"Home","item":"https:\/\/place-add.nl\/de\/home\/"},{"@type":"ListItem","position":2,"name":"Shop","item":"https:\/\/place-add.nl\/de\/shop\/"},{"@type":"ListItem","position":3,"name":"Naperole Halter"}]},{"@type":"WebSite","@id":"https:\/\/place-add.nl\/de\/#website","url":"https:\/\/place-add.nl\/de\/","name":"Place Add","description":"Tafelkleding voor de horeca","publisher":{"@id":"https:\/\/place-add.nl\/de\/#organization"},"potentialAction":[{"@type":"SearchAction","target":{"@type":"EntryPoint","urlTemplate":"https:\/\/place-add.nl\/de\/?s={search_term_string}"},"query-input":{"@type":"PropertyValueSpecification","valueRequired":true,"valueName":"search_term_string"}}],"inLanguage":"de"},{"@type":"Organization","@id":"https:\/\/place-add.nl\/de\/#organization","name":"Place Add","url":"https:\/\/place-add.nl\/de\/","logo":{"@type":"ImageObject","inLanguage":"de","@id":"https:\/\/place-add.nl\/de\/#\/schema\/logo\/image\/","url":"https:\/\/place-add.nl\/wp-content\/uploads\/2023\/11\/logo-img-place-add.png","contentUrl":"https:\/\/place-add.nl\/wp-content\/uploads\/2023\/11\/logo-img-place-add.png","width":404,"height":106,"caption":"Place Add"},"image":{"@id":"https:\/\/place-add.nl\/de\/#\/schema\/logo\/image\/"},"sameAs":["https:\/\/www.facebook.com\/PlaceAdd\/","https:\/\/www.instagram.com\/place_add\/","https:\/\/www.youtube.com\/@placeadd"]}]}},"_links":{"self":[{"href":"https:\/\/place-add.nl\/de\/wp-json\/wp\/v2\/product\/42666","targetHints":{"allow":["GET"]}}],"collection":[{"href":"https:\/\/place-add.nl\/de\/wp-json\/wp\/v2\/product"}],"about":[{"href":"https:\/\/place-add.nl\/de\/wp-json\/wp\/v2\/types\/product"}],"wp:featuredmedia":[{"embeddable":true,"href":"https:\/\/place-add.nl\/de\/wp-json\/wp\/v2\/media\/40600"}],"wp:attachment":[{"href":"https:\/\/place-add.nl\/de\/wp-json\/wp\/v2\/media?parent=42666"}],"wp:term":[{"taxonomy":"product_brand","embeddable":true,"href":"https:\/\/place-add.nl\/de\/wp-json\/wp\/v2\/product_brand?post=42666"},{"taxonomy":"product_cat","embeddable":true,"href":"https:\/\/place-add.nl\/de\/wp-json\/wp\/v2\/product_cat?post=42666"},{"taxonomy":"product_tag","embeddable":true,"href":"https:\/\/place-add.nl\/de\/wp-json\/wp\/v2\/product_tag?post=42666"}],"curies":[{"name":"wp","href":"https:\/\/api.w.org\/{rel}","templated":true}]}}