{"id":42674,"date":"2024-06-17T19:52:24","date_gmt":"2024-06-17T19:52:24","guid":{"rendered":"https:\/\/place-add.nl\/product\/papieren-placemats-bedrukt\/"},"modified":"2025-06-15T11:10:43","modified_gmt":"2025-06-15T11:10:43","slug":"bedruckte-papier-tischsets","status":"publish","type":"product","link":"https:\/\/place-add.nl\/de\/produkt\/bedruckte-papier-tischsets\/","title":{"rendered":"bedruckte Papier-Tischsets"},"content":{"rendered":"<p>Verleihen Sie Ihrem gedeckten Tisch einen professionellen und einzigartigen Look mit unseren individuell bedruckten Papiertischsets! Ab einer Menge von nur 1.000 St\u00fcck werden diese Tischsets ganz nach Ihren W\u00fcnschen bedruckt. Dank des Vollfarbendrucks (CMYK) wird Ihr Design sowohl auf einer Seite als auch auf zwei Seiten lebendig und leuchtend gedruckt. Perfekt, um Ihre Markenidentit\u00e4t zu unterstreichen und ein unvergessliches Erlebnis f\u00fcr Ihre G\u00e4ste zu schaffen.<\/p>\n<p>Unsere gedruckten Papiertischsets haben das Format A3 und bestehen aus robustem Qualit\u00e4tspapier (90 g\/m\u00b2), das eine langlebige und benutzerfreundliche L\u00f6sung f\u00fcr jeden Gastronomiebetrieb darstellt. Ideal f\u00fcr Restaurants, Caf\u00e9s, Veranstaltungen und andere Bereiche, in denen Stil und Qualit\u00e4t zusammenkommen.<\/p>\n<table style=\"height: 258px;\" width=\"414\">\n<tbody>\n<tr>\n<td width=\"150\"><strong>Anzahl der Einheiten<\/strong><\/td>\n<td width=\"174\"><strong>1 Seite bedruckt<\/strong><\/td>\n<td width=\"125\"><strong>2 Seiten bedruckt<\/strong><\/td>\n<\/tr>\n<tr>\n<td width=\"150\">1.000<\/td>\n<td>\u20ac 103,67<\/td>\n<td>\u20ac 133,20<\/td>\n<\/tr>\n<tr>\n<td width=\"150\">2.500<\/td>\n<td>\u20ac 80,11<\/td>\n<td>\u20ac 88,50<\/td>\n<\/tr>\n<tr>\n<td width=\"150\">5.000<\/td>\n<td>\u20ac 60,24<\/td>\n<td>\u20ac 75,59<\/td>\n<\/tr>\n<tr>\n<td width=\"150\">10.000<\/td>\n<td>\u20ac 57,43<\/td>\n<td>\u20ac 70,07<\/td>\n<\/tr>\n<tr>\n<td width=\"150\">15.000<\/td>\n<td>\u20ac 55,69<\/td>\n<td>\u20ac 68,28<\/td>\n<\/tr>\n<tr>\n<td width=\"150\">25.000<\/td>\n<td>\u20ac 54,13<\/td>\n<td>\u20ac 65,98<\/td>\n<\/tr>\n<tr>\n<td width=\"150\">50.000<\/td>\n<td>\u20ac 46,21<\/td>\n<td>\u20ac 62,63<\/td>\n<\/tr>\n<\/tbody>\n<\/table>\n<p><strong>Bitte beachten Sie: F\u00fcr die 90g-Papier-Budget-Tischsets kann keine Farbgarantie gegeben werden.<\/strong><\/p>\n<p><strong>Gestalten Sie einen Tisch, der beeindruckt und Ihre Marke hervorhebt, mit unseren hochwertigen, bedruckten Tischsets aus Papier. Fordern Sie sofort ein Angebot an und entdecken Sie die Vorteile der Individualisierung f\u00fcr Ihr Unternehmen!<\/strong><\/p>\n<p>Sie ben\u00f6tigen kurzfristig Tischsets? Bestellen Sie Ihre unbedruckten Tischsets auf unserer 2. Website <strong><a href=\"https:\/\/www.craftontable.com\/collections\/eco-servetten\">Craft On Table<\/a><\/strong>!<\/p>\n<p><strong>Brauchen Sie eine pers\u00f6nliche Beratung bei der Auswahl der richtigen Servietten f\u00fcr Ihren Anlass?<\/strong> Dann z\u00f6gern Sie nicht, uns zu <strong><a href=\"https:\/\/place-add.nl\/de\/kontakt\/\">kontaktieren<\/a><\/strong>. Unser engagiertes Team hilft Ihnen gerne, die perfekte Wahl f\u00fcr Ihre speziellen Bed\u00fcrfnisse zu treffen.<\/p>\n<p><button id=\"knop-contact-opnemen-overige-producten-de\">Kontaktieren Sie uns unverbindlich<\/button><\/p>\n","protected":false},"excerpt":{"rendered":"<p class=\"ai-optimize-36\">Unsere <strong>Papiertischsets<\/strong> werden mit Ihrem eigenen Druck versehen und sind bereits ab 1.000 St\u00fcck lieferbar. Diese Tischsets werden in Vollfarbe (CMYK) bedruckt, einseitig oder beidseitig, um Ihre Tischdekoration zu versch\u00f6nern und Ihre Markenidentit\u00e4t zu st\u00e4rken.<\/p>\n<p class=\"ai-optimize-37\">Die Tischsets haben das Format A3 und bestehen aus 90 g\/m\u00b2 Qualit\u00e4tspapier, was f\u00fcr eine stabile und langlebige Qualit\u00e4t sorgt. Ideal f\u00fcr Restaurants, Caf\u00e9s, Veranstaltungen und andere Gastronomiebetriebe.<\/p>\n<p class=\"ai-optimize-38\"><strong>Spezifikationen<\/strong><\/p>\n<p class=\"ai-optimize-39\"><strong>Format:<\/strong> A3<\/p>\n<p class=\"ai-optimize-40\"><strong>Material:<\/strong> 90 g\/m\u00b2 Qualit\u00e4tspapier<\/p>\n<p class=\"ai-optimize-41\"><strong>Druck:<\/strong> Vollfarbe (CMYK), einseitig oder beidseitig<\/p>\n<p class=\"ai-optimize-42\"><strong>R\u00fcckseite:<\/strong> M\u00f6glichkeit, eines unserer Standard-Malvorlagen-Designs zu verwenden, wie Herr B\u00e4r und Farben und Spielen<\/p>\n<p class=\"ai-optimize-43\"><strong>Lieferzeit:<\/strong> ca. 7 Werktage nach Freigabe des Proofs.<\/p>\n<p class=\"ai-optimize-44\"><button id=\"knop-contact-opnemen-overige-producten-de\">Kontaktieren Sie uns unverbindlich<\/button><\/p>\n","protected":false},"featured_media":38711,"template":"","meta":[],"product_brand":[],"product_cat":[1461],"product_tag":[1270,1277,1396,1394],"class_list":{"0":"post-42674","1":"product","2":"type-product","3":"status-publish","4":"has-post-thumbnail","6":"product_cat-tischsets","7":"product_tag-bedruckte-tischsets-aus-papier","8":"product_tag-full-color-bedruckte-papier-tischsets","9":"product_tag-papiertischsets","10":"product_tag-tischsets-90-gramm","12":"first","13":"instock","14":"taxable","15":"shipping-taxable","16":"product-type-simple"},"yoast_head":"<!-- This site is optimized with the Yoast SEO Premium plugin v27.2 (Yoast SEO v27.2) - https:\/\/yoast.com\/product\/yoast-seo-premium-wordpress\/ -->\n<title>bedruckte Papier-Tischsets | Place Add | F\u00fcr die Gastronomie<\/title>\n<meta name=\"description\" content=\"bedruckte Papier-Tischsets, gedruckt ab 1000 St\u00fcck. Vollfarbig (CMYK) bedruckt, ein oder doppelseitig, um Ihren Tisch zu versch\u00f6nern.\" \/>\n<meta name=\"robots\" content=\"index, follow, max-snippet:-1, max-image-preview:large, max-video-preview:-1\" \/>\n<link rel=\"canonical\" href=\"https:\/\/place-add.nl\/de\/produkt\/bedruckte-papier-tischsets\/\" \/>\n<meta property=\"og:locale\" content=\"de_DE\" \/>\n<meta property=\"og:type\" content=\"article\" \/>\n<meta property=\"og:title\" content=\"bedruckte Papier-Tischsets\" \/>\n<meta property=\"og:description\" content=\"bedruckte Papier-Tischsets, gedruckt ab 1000 St\u00fcck. Vollfarbig (CMYK) bedruckt, ein oder doppelseitig, um Ihren Tisch zu versch\u00f6nern.\" \/>\n<meta property=\"og:url\" content=\"https:\/\/place-add.nl\/de\/produkt\/bedruckte-papier-tischsets\/\" \/>\n<meta property=\"og:site_name\" content=\"Place Add\" \/>\n<meta property=\"article:publisher\" content=\"https:\/\/www.facebook.com\/PlaceAdd\/\" \/>\n<meta property=\"article:modified_time\" content=\"2025-06-15T11:10:43+00:00\" \/>\n<meta property=\"og:image\" content=\"https:\/\/place-add.nl\/wp-content\/uploads\/2024\/06\/papieren_placemats_bedrukt_Place_Add_1.jpg\" \/>\n\t<meta property=\"og:image:width\" content=\"800\" \/>\n\t<meta property=\"og:image:height\" content=\"800\" \/>\n\t<meta property=\"og:image:type\" content=\"image\/jpeg\" \/>\n<meta name=\"twitter:card\" content=\"summary_large_image\" \/>\n<meta name=\"twitter:label1\" content=\"Gesch\u00e4tzte Lesezeit\" \/>\n\t<meta name=\"twitter:data1\" content=\"2\u00a0Minuten\" \/>\n<script type=\"application\/ld+json\" class=\"yoast-schema-graph\">{\"@context\":\"https:\/\/schema.org\",\"@graph\":[{\"@type\":\"WebPage\",\"@id\":\"https:\/\/place-add.nl\/de\/produkt\/bedruckte-papier-tischsets\/\",\"url\":\"https:\/\/place-add.nl\/de\/produkt\/bedruckte-papier-tischsets\/\",\"name\":\"bedruckte Papier-Tischsets | Place Add | F\u00fcr die Gastronomie\",\"isPartOf\":{\"@id\":\"https:\/\/place-add.nl\/de\/#website\"},\"primaryImageOfPage\":{\"@id\":\"https:\/\/place-add.nl\/de\/produkt\/bedruckte-papier-tischsets\/#primaryimage\"},\"image\":{\"@id\":\"https:\/\/place-add.nl\/de\/produkt\/bedruckte-papier-tischsets\/#primaryimage\"},\"thumbnailUrl\":\"https:\/\/place-add.nl\/wp-content\/uploads\/2024\/06\/papieren_placemats_bedrukt_Place_Add_1.jpg\",\"datePublished\":\"2024-06-17T19:52:24+00:00\",\"dateModified\":\"2025-06-15T11:10:43+00:00\",\"description\":\"bedruckte Papier-Tischsets, gedruckt ab 1000 St\u00fcck. Vollfarbig (CMYK) bedruckt, ein oder doppelseitig, um Ihren Tisch zu versch\u00f6nern.\",\"breadcrumb\":{\"@id\":\"https:\/\/place-add.nl\/de\/produkt\/bedruckte-papier-tischsets\/#breadcrumb\"},\"inLanguage\":\"de\",\"potentialAction\":[{\"@type\":\"ReadAction\",\"target\":[\"https:\/\/place-add.nl\/de\/produkt\/bedruckte-papier-tischsets\/\"]}]},{\"@type\":\"ImageObject\",\"inLanguage\":\"de\",\"@id\":\"https:\/\/place-add.nl\/de\/produkt\/bedruckte-papier-tischsets\/#primaryimage\",\"url\":\"https:\/\/place-add.nl\/wp-content\/uploads\/2024\/06\/papieren_placemats_bedrukt_Place_Add_1.jpg\",\"contentUrl\":\"https:\/\/place-add.nl\/wp-content\/uploads\/2024\/06\/papieren_placemats_bedrukt_Place_Add_1.jpg\",\"width\":800,\"height\":800,\"caption\":\"Papieren Placemats bedrukt\"},{\"@type\":\"BreadcrumbList\",\"@id\":\"https:\/\/place-add.nl\/de\/produkt\/bedruckte-papier-tischsets\/#breadcrumb\",\"itemListElement\":[{\"@type\":\"ListItem\",\"position\":1,\"name\":\"Home\",\"item\":\"https:\/\/place-add.nl\/de\/home\/\"},{\"@type\":\"ListItem\",\"position\":2,\"name\":\"Shop\",\"item\":\"https:\/\/place-add.nl\/de\/shop\/\"},{\"@type\":\"ListItem\",\"position\":3,\"name\":\"bedruckte Papier-Tischsets\"}]},{\"@type\":\"WebSite\",\"@id\":\"https:\/\/place-add.nl\/de\/#website\",\"url\":\"https:\/\/place-add.nl\/de\/\",\"name\":\"Place Add\",\"description\":\"Tafelkleding voor de horeca\",\"publisher\":{\"@id\":\"https:\/\/place-add.nl\/de\/#organization\"},\"potentialAction\":[{\"@type\":\"SearchAction\",\"target\":{\"@type\":\"EntryPoint\",\"urlTemplate\":\"https:\/\/place-add.nl\/de\/?s={search_term_string}\"},\"query-input\":{\"@type\":\"PropertyValueSpecification\",\"valueRequired\":true,\"valueName\":\"search_term_string\"}}],\"inLanguage\":\"de\"},{\"@type\":\"Organization\",\"@id\":\"https:\/\/place-add.nl\/de\/#organization\",\"name\":\"Place Add\",\"url\":\"https:\/\/place-add.nl\/de\/\",\"logo\":{\"@type\":\"ImageObject\",\"inLanguage\":\"de\",\"@id\":\"https:\/\/place-add.nl\/de\/#\/schema\/logo\/image\/\",\"url\":\"https:\/\/place-add.nl\/wp-content\/uploads\/2023\/11\/logo-img-place-add.png\",\"contentUrl\":\"https:\/\/place-add.nl\/wp-content\/uploads\/2023\/11\/logo-img-place-add.png\",\"width\":404,\"height\":106,\"caption\":\"Place Add\"},\"image\":{\"@id\":\"https:\/\/place-add.nl\/de\/#\/schema\/logo\/image\/\"},\"sameAs\":[\"https:\/\/www.facebook.com\/PlaceAdd\/\",\"https:\/\/www.instagram.com\/place_add\/\",\"https:\/\/www.youtube.com\/@placeadd\"]}]}<\/script>\n<!-- \/ Yoast SEO Premium plugin. -->","yoast_head_json":{"title":"bedruckte Papier-Tischsets | Place Add | F\u00fcr die Gastronomie","description":"bedruckte Papier-Tischsets, gedruckt ab 1000 St\u00fcck. Vollfarbig (CMYK) bedruckt, ein oder doppelseitig, um Ihren Tisch zu versch\u00f6nern.","robots":{"index":"index","follow":"follow","max-snippet":"max-snippet:-1","max-image-preview":"max-image-preview:large","max-video-preview":"max-video-preview:-1"},"canonical":"https:\/\/place-add.nl\/de\/produkt\/bedruckte-papier-tischsets\/","og_locale":"de_DE","og_type":"article","og_title":"bedruckte Papier-Tischsets","og_description":"bedruckte Papier-Tischsets, gedruckt ab 1000 St\u00fcck. Vollfarbig (CMYK) bedruckt, ein oder doppelseitig, um Ihren Tisch zu versch\u00f6nern.","og_url":"https:\/\/place-add.nl\/de\/produkt\/bedruckte-papier-tischsets\/","og_site_name":"Place Add","article_publisher":"https:\/\/www.facebook.com\/PlaceAdd\/","article_modified_time":"2025-06-15T11:10:43+00:00","og_image":[{"width":800,"height":800,"url":"https:\/\/place-add.nl\/wp-content\/uploads\/2024\/06\/papieren_placemats_bedrukt_Place_Add_1.jpg","type":"image\/jpeg"}],"twitter_card":"summary_large_image","twitter_misc":{"Gesch\u00e4tzte Lesezeit":"2\u00a0Minuten"},"schema":{"@context":"https:\/\/schema.org","@graph":[{"@type":"WebPage","@id":"https:\/\/place-add.nl\/de\/produkt\/bedruckte-papier-tischsets\/","url":"https:\/\/place-add.nl\/de\/produkt\/bedruckte-papier-tischsets\/","name":"bedruckte Papier-Tischsets | Place Add | F\u00fcr die Gastronomie","isPartOf":{"@id":"https:\/\/place-add.nl\/de\/#website"},"primaryImageOfPage":{"@id":"https:\/\/place-add.nl\/de\/produkt\/bedruckte-papier-tischsets\/#primaryimage"},"image":{"@id":"https:\/\/place-add.nl\/de\/produkt\/bedruckte-papier-tischsets\/#primaryimage"},"thumbnailUrl":"https:\/\/place-add.nl\/wp-content\/uploads\/2024\/06\/papieren_placemats_bedrukt_Place_Add_1.jpg","datePublished":"2024-06-17T19:52:24+00:00","dateModified":"2025-06-15T11:10:43+00:00","description":"bedruckte Papier-Tischsets, gedruckt ab 1000 St\u00fcck. Vollfarbig (CMYK) bedruckt, ein oder doppelseitig, um Ihren Tisch zu versch\u00f6nern.","breadcrumb":{"@id":"https:\/\/place-add.nl\/de\/produkt\/bedruckte-papier-tischsets\/#breadcrumb"},"inLanguage":"de","potentialAction":[{"@type":"ReadAction","target":["https:\/\/place-add.nl\/de\/produkt\/bedruckte-papier-tischsets\/"]}]},{"@type":"ImageObject","inLanguage":"de","@id":"https:\/\/place-add.nl\/de\/produkt\/bedruckte-papier-tischsets\/#primaryimage","url":"https:\/\/place-add.nl\/wp-content\/uploads\/2024\/06\/papieren_placemats_bedrukt_Place_Add_1.jpg","contentUrl":"https:\/\/place-add.nl\/wp-content\/uploads\/2024\/06\/papieren_placemats_bedrukt_Place_Add_1.jpg","width":800,"height":800,"caption":"Papieren Placemats bedrukt"},{"@type":"BreadcrumbList","@id":"https:\/\/place-add.nl\/de\/produkt\/bedruckte-papier-tischsets\/#breadcrumb","itemListElement":[{"@type":"ListItem","position":1,"name":"Home","item":"https:\/\/place-add.nl\/de\/home\/"},{"@type":"ListItem","position":2,"name":"Shop","item":"https:\/\/place-add.nl\/de\/shop\/"},{"@type":"ListItem","position":3,"name":"bedruckte Papier-Tischsets"}]},{"@type":"WebSite","@id":"https:\/\/place-add.nl\/de\/#website","url":"https:\/\/place-add.nl\/de\/","name":"Place Add","description":"Tafelkleding voor de horeca","publisher":{"@id":"https:\/\/place-add.nl\/de\/#organization"},"potentialAction":[{"@type":"SearchAction","target":{"@type":"EntryPoint","urlTemplate":"https:\/\/place-add.nl\/de\/?s={search_term_string}"},"query-input":{"@type":"PropertyValueSpecification","valueRequired":true,"valueName":"search_term_string"}}],"inLanguage":"de"},{"@type":"Organization","@id":"https:\/\/place-add.nl\/de\/#organization","name":"Place Add","url":"https:\/\/place-add.nl\/de\/","logo":{"@type":"ImageObject","inLanguage":"de","@id":"https:\/\/place-add.nl\/de\/#\/schema\/logo\/image\/","url":"https:\/\/place-add.nl\/wp-content\/uploads\/2023\/11\/logo-img-place-add.png","contentUrl":"https:\/\/place-add.nl\/wp-content\/uploads\/2023\/11\/logo-img-place-add.png","width":404,"height":106,"caption":"Place Add"},"image":{"@id":"https:\/\/place-add.nl\/de\/#\/schema\/logo\/image\/"},"sameAs":["https:\/\/www.facebook.com\/PlaceAdd\/","https:\/\/www.instagram.com\/place_add\/","https:\/\/www.youtube.com\/@placeadd"]}]}},"_links":{"self":[{"href":"https:\/\/place-add.nl\/de\/wp-json\/wp\/v2\/product\/42674","targetHints":{"allow":["GET"]}}],"collection":[{"href":"https:\/\/place-add.nl\/de\/wp-json\/wp\/v2\/product"}],"about":[{"href":"https:\/\/place-add.nl\/de\/wp-json\/wp\/v2\/types\/product"}],"wp:featuredmedia":[{"embeddable":true,"href":"https:\/\/place-add.nl\/de\/wp-json\/wp\/v2\/media\/38711"}],"wp:attachment":[{"href":"https:\/\/place-add.nl\/de\/wp-json\/wp\/v2\/media?parent=42674"}],"wp:term":[{"taxonomy":"product_brand","embeddable":true,"href":"https:\/\/place-add.nl\/de\/wp-json\/wp\/v2\/product_brand?post=42674"},{"taxonomy":"product_cat","embeddable":true,"href":"https:\/\/place-add.nl\/de\/wp-json\/wp\/v2\/product_cat?post=42674"},{"taxonomy":"product_tag","embeddable":true,"href":"https:\/\/place-add.nl\/de\/wp-json\/wp\/v2\/product_tag?post=42674"}],"curies":[{"name":"wp","href":"https:\/\/api.w.org\/{rel}","templated":true}]}}