{"id":42758,"date":"2024-06-18T12:41:55","date_gmt":"2024-06-18T12:41:55","guid":{"rendered":"https:\/\/place-add.nl\/product\/pvc-jute-placemats\/"},"modified":"2025-06-06T08:35:24","modified_gmt":"2025-06-06T08:35:24","slug":"platzsets-pvc-jute","status":"publish","type":"product","link":"https:\/\/place-add.nl\/de\/produkt\/platzsets-pvc-jute\/","title":{"rendered":"Platzsets PVC Jute"},"content":{"rendered":"<p>Schaffen Sie eine stilvolle und praktische Tischdekoration mit unseren <strong>PVC-Jute-Tischsets<\/strong>. Diese Tischsets wurden entwickelt, um sowohl Eleganz als auch Benutzerfreundlichkeit zu bieten. Dank des flexiblen PVC-Materials liegen sie perfekt flach auf Ihrem Tisch und bleiben an Ort und Stelle, w\u00e4hrend die Jute-Optik jedem Anlass eine nat\u00fcrliche, warme Ausstrahlung verleiht. Die Kunststoffoberfl\u00e4che macht die Tischsets zudem fleckenbest\u00e4ndig und leicht zu reinigen \u2013 ideal f\u00fcr den t\u00e4glichen Gebrauch und festliche Anl\u00e4sse.<\/p>\n<p><strong>Verschiedene Designs und Farben:<\/strong> W\u00e4hlen Sie aus 4 verschiedenen Formen und ganzen 7 Farben, um die Tischsets zu finden, die perfekt zu Ihrem Interieur und Tischarrangement passen.<\/p>\n<p><strong>Praktische Details:<\/strong> Dieses Produkt hat eine Mindestbestellmenge von 10 St\u00fcck und ist damit ideal f\u00fcr gr\u00f6\u00dfere Veranstaltungen oder den gewerblichen Einsatz in Restaurants und Caf\u00e9s.<\/p>\n<p>Brauchen Sie Unterst\u00fctzung bei der Auswahl? Unser engagiertes Team steht bereit, Ihnen eine pers\u00f6nliche Beratung zu bieten und Ihnen bei der Wahl der passenden Tischsets f\u00fcr Ihre Bed\u00fcrfnisse zu helfen.<\/p>\n<p>Entdecken Sie auch unsere weiteren Tischaccessoires wie die <a href=\"https:\/\/place-add.nl\/de\/tischaccessoires-co\/organizers\/\"><strong>Holzorganizer<\/strong><\/a> oder <a href=\"https:\/\/place-add.nl\/de\/produkt\/untersetzer-aus-leder\/\"><strong>Lederuntersetzer<\/strong><\/a>!<\/p>\n<p>Besuchen Sie au\u00dferdem unsere zweite Webseite, <strong><a href=\"https:\/\/www.craftontable.com\/\">Craft On Table<\/a><\/strong>!<\/p>\n<p><strong>Kontaktieren Sie uns, um die M\u00f6glichkeiten zu besprechen. Unser engagiertes Team freut sich darauf, Ihnen bei der Auswahl der perfekten Men\u00fckarte f\u00fcr Ihr Gesch\u00e4ft zur Seite zu stehen!<\/strong><\/p>\n<p><button id=\"knop-contact-opnemen-overige-producten-de\">Kontaktieren Sie uns unverbindlich<\/button><\/p>\n","protected":false},"excerpt":{"rendered":"<p>Die <strong>PVC-Tischsets<\/strong> sind ideal zum Eindecken Ihres Tisches. Dank der Flexibilit\u00e4t des PVCs bleibt das Tischset <strong>sch\u00f6n flach<\/strong> auf dem Tisch liegen.<\/p>\n<p>Sie sind sehr pflegeleicht, da das Kunststoffmaterial daf\u00fcr sorgt, dass das Tischset unempfindlich gegen\u00fcber Flecken ist.<\/p>\n<p>F<strong>\u00fcr diesen Artikel gilt eine Mindestbestellmenge von 10 St\u00fcck.<\/strong><\/p>\n<p><button id=\"knop-contact-opnemen-overige-producten-de\">Kontaktieren Sie uns unverbindlich<\/button><\/p>\n","protected":false},"featured_media":38740,"template":"","meta":[],"product_brand":[],"product_cat":[1462],"product_tag":[1270,1393],"class_list":{"0":"post-42758","1":"product","2":"type-product","3":"status-publish","4":"has-post-thumbnail","6":"product_cat-kunstleder-de-2","7":"product_tag-bedruckte-tischsets-aus-papier","8":"product_tag-tischsets","10":"first","11":"instock","12":"taxable","13":"shipping-taxable","14":"purchasable","15":"product-type-variable"},"yoast_head":"<!-- This site is optimized with the Yoast SEO Premium plugin v27.2 (Yoast SEO v27.2) - https:\/\/yoast.com\/product\/yoast-seo-premium-wordpress\/ -->\n<title>Platzsets PVC Jute| Place Add | F\u00fcr die Gastronomie<\/title>\n<meta name=\"description\" content=\"PVC-Tischsets sind ideal, um Ihren Tisch zu decken. Dank der Flexibilit\u00e4t des PVC bleibt das Tischset sch\u00f6n flach auf dem Tisch liegen.\" \/>\n<meta name=\"robots\" content=\"index, follow, max-snippet:-1, max-image-preview:large, max-video-preview:-1\" \/>\n<link rel=\"canonical\" href=\"https:\/\/place-add.nl\/de\/produkt\/platzsets-pvc-jute\/\" \/>\n<meta property=\"og:locale\" content=\"de_DE\" \/>\n<meta property=\"og:type\" content=\"article\" \/>\n<meta property=\"og:title\" content=\"Platzsets PVC Jute\" \/>\n<meta property=\"og:description\" content=\"PVC-Tischsets sind ideal, um Ihren Tisch zu decken. Dank der Flexibilit\u00e4t des PVC bleibt das Tischset sch\u00f6n flach auf dem Tisch liegen.\" \/>\n<meta property=\"og:url\" content=\"https:\/\/place-add.nl\/de\/produkt\/platzsets-pvc-jute\/\" \/>\n<meta property=\"og:site_name\" content=\"Place Add\" \/>\n<meta property=\"article:publisher\" content=\"https:\/\/www.facebook.com\/PlaceAdd\/\" \/>\n<meta property=\"article:modified_time\" content=\"2025-06-06T08:35:24+00:00\" \/>\n<meta property=\"og:image\" content=\"https:\/\/place-add.nl\/wp-content\/uploads\/2024\/06\/Optafel_placemats_kunstlederenzo_PVC_Jute_6.jpg\" \/>\n\t<meta property=\"og:image:width\" content=\"800\" \/>\n\t<meta property=\"og:image:height\" content=\"800\" \/>\n\t<meta property=\"og:image:type\" content=\"image\/jpeg\" \/>\n<meta name=\"twitter:card\" content=\"summary_large_image\" \/>\n<meta name=\"twitter:label1\" content=\"Gesch\u00e4tzte Lesezeit\" \/>\n\t<meta name=\"twitter:data1\" content=\"2\u00a0Minuten\" \/>\n<script type=\"application\/ld+json\" class=\"yoast-schema-graph\">{\"@context\":\"https:\/\/schema.org\",\"@graph\":[{\"@type\":\"WebPage\",\"@id\":\"https:\/\/place-add.nl\/de\/produkt\/platzsets-pvc-jute\/\",\"url\":\"https:\/\/place-add.nl\/de\/produkt\/platzsets-pvc-jute\/\",\"name\":\"Platzsets PVC Jute| Place Add | F\u00fcr die Gastronomie\",\"isPartOf\":{\"@id\":\"https:\/\/place-add.nl\/de\/#website\"},\"primaryImageOfPage\":{\"@id\":\"https:\/\/place-add.nl\/de\/produkt\/platzsets-pvc-jute\/#primaryimage\"},\"image\":{\"@id\":\"https:\/\/place-add.nl\/de\/produkt\/platzsets-pvc-jute\/#primaryimage\"},\"thumbnailUrl\":\"https:\/\/place-add.nl\/wp-content\/uploads\/2024\/06\/Optafel_placemats_kunstlederenzo_PVC_Jute_6.jpg\",\"datePublished\":\"2024-06-18T12:41:55+00:00\",\"dateModified\":\"2025-06-06T08:35:24+00:00\",\"description\":\"PVC-Tischsets sind ideal, um Ihren Tisch zu decken. Dank der Flexibilit\u00e4t des PVC bleibt das Tischset sch\u00f6n flach auf dem Tisch liegen.\",\"breadcrumb\":{\"@id\":\"https:\/\/place-add.nl\/de\/produkt\/platzsets-pvc-jute\/#breadcrumb\"},\"inLanguage\":\"de\",\"potentialAction\":[{\"@type\":\"ReadAction\",\"target\":[\"https:\/\/place-add.nl\/de\/produkt\/platzsets-pvc-jute\/\"]}]},{\"@type\":\"ImageObject\",\"inLanguage\":\"de\",\"@id\":\"https:\/\/place-add.nl\/de\/produkt\/platzsets-pvc-jute\/#primaryimage\",\"url\":\"https:\/\/place-add.nl\/wp-content\/uploads\/2024\/06\/Optafel_placemats_kunstlederenzo_PVC_Jute_6.jpg\",\"contentUrl\":\"https:\/\/place-add.nl\/wp-content\/uploads\/2024\/06\/Optafel_placemats_kunstlederenzo_PVC_Jute_6.jpg\",\"width\":800,\"height\":800,\"caption\":\"PVC Jute Placemats\"},{\"@type\":\"BreadcrumbList\",\"@id\":\"https:\/\/place-add.nl\/de\/produkt\/platzsets-pvc-jute\/#breadcrumb\",\"itemListElement\":[{\"@type\":\"ListItem\",\"position\":1,\"name\":\"Home\",\"item\":\"https:\/\/place-add.nl\/de\/home\/\"},{\"@type\":\"ListItem\",\"position\":2,\"name\":\"Shop\",\"item\":\"https:\/\/place-add.nl\/de\/shop\/\"},{\"@type\":\"ListItem\",\"position\":3,\"name\":\"Platzsets PVC Jute\"}]},{\"@type\":\"WebSite\",\"@id\":\"https:\/\/place-add.nl\/de\/#website\",\"url\":\"https:\/\/place-add.nl\/de\/\",\"name\":\"Place Add\",\"description\":\"Tafelkleding voor de horeca\",\"publisher\":{\"@id\":\"https:\/\/place-add.nl\/de\/#organization\"},\"potentialAction\":[{\"@type\":\"SearchAction\",\"target\":{\"@type\":\"EntryPoint\",\"urlTemplate\":\"https:\/\/place-add.nl\/de\/?s={search_term_string}\"},\"query-input\":{\"@type\":\"PropertyValueSpecification\",\"valueRequired\":true,\"valueName\":\"search_term_string\"}}],\"inLanguage\":\"de\"},{\"@type\":\"Organization\",\"@id\":\"https:\/\/place-add.nl\/de\/#organization\",\"name\":\"Place Add\",\"url\":\"https:\/\/place-add.nl\/de\/\",\"logo\":{\"@type\":\"ImageObject\",\"inLanguage\":\"de\",\"@id\":\"https:\/\/place-add.nl\/de\/#\/schema\/logo\/image\/\",\"url\":\"https:\/\/place-add.nl\/wp-content\/uploads\/2023\/11\/logo-img-place-add.png\",\"contentUrl\":\"https:\/\/place-add.nl\/wp-content\/uploads\/2023\/11\/logo-img-place-add.png\",\"width\":404,\"height\":106,\"caption\":\"Place Add\"},\"image\":{\"@id\":\"https:\/\/place-add.nl\/de\/#\/schema\/logo\/image\/\"},\"sameAs\":[\"https:\/\/www.facebook.com\/PlaceAdd\/\",\"https:\/\/www.instagram.com\/place_add\/\",\"https:\/\/www.youtube.com\/@placeadd\"]}]}<\/script>\n<!-- \/ Yoast SEO Premium plugin. -->","yoast_head_json":{"title":"Platzsets PVC Jute| Place Add | F\u00fcr die Gastronomie","description":"PVC-Tischsets sind ideal, um Ihren Tisch zu decken. Dank der Flexibilit\u00e4t des PVC bleibt das Tischset sch\u00f6n flach auf dem Tisch liegen.","robots":{"index":"index","follow":"follow","max-snippet":"max-snippet:-1","max-image-preview":"max-image-preview:large","max-video-preview":"max-video-preview:-1"},"canonical":"https:\/\/place-add.nl\/de\/produkt\/platzsets-pvc-jute\/","og_locale":"de_DE","og_type":"article","og_title":"Platzsets PVC Jute","og_description":"PVC-Tischsets sind ideal, um Ihren Tisch zu decken. Dank der Flexibilit\u00e4t des PVC bleibt das Tischset sch\u00f6n flach auf dem Tisch liegen.","og_url":"https:\/\/place-add.nl\/de\/produkt\/platzsets-pvc-jute\/","og_site_name":"Place Add","article_publisher":"https:\/\/www.facebook.com\/PlaceAdd\/","article_modified_time":"2025-06-06T08:35:24+00:00","og_image":[{"width":800,"height":800,"url":"https:\/\/place-add.nl\/wp-content\/uploads\/2024\/06\/Optafel_placemats_kunstlederenzo_PVC_Jute_6.jpg","type":"image\/jpeg"}],"twitter_card":"summary_large_image","twitter_misc":{"Gesch\u00e4tzte Lesezeit":"2\u00a0Minuten"},"schema":{"@context":"https:\/\/schema.org","@graph":[{"@type":"WebPage","@id":"https:\/\/place-add.nl\/de\/produkt\/platzsets-pvc-jute\/","url":"https:\/\/place-add.nl\/de\/produkt\/platzsets-pvc-jute\/","name":"Platzsets PVC Jute| Place Add | F\u00fcr die Gastronomie","isPartOf":{"@id":"https:\/\/place-add.nl\/de\/#website"},"primaryImageOfPage":{"@id":"https:\/\/place-add.nl\/de\/produkt\/platzsets-pvc-jute\/#primaryimage"},"image":{"@id":"https:\/\/place-add.nl\/de\/produkt\/platzsets-pvc-jute\/#primaryimage"},"thumbnailUrl":"https:\/\/place-add.nl\/wp-content\/uploads\/2024\/06\/Optafel_placemats_kunstlederenzo_PVC_Jute_6.jpg","datePublished":"2024-06-18T12:41:55+00:00","dateModified":"2025-06-06T08:35:24+00:00","description":"PVC-Tischsets sind ideal, um Ihren Tisch zu decken. Dank der Flexibilit\u00e4t des PVC bleibt das Tischset sch\u00f6n flach auf dem Tisch liegen.","breadcrumb":{"@id":"https:\/\/place-add.nl\/de\/produkt\/platzsets-pvc-jute\/#breadcrumb"},"inLanguage":"de","potentialAction":[{"@type":"ReadAction","target":["https:\/\/place-add.nl\/de\/produkt\/platzsets-pvc-jute\/"]}]},{"@type":"ImageObject","inLanguage":"de","@id":"https:\/\/place-add.nl\/de\/produkt\/platzsets-pvc-jute\/#primaryimage","url":"https:\/\/place-add.nl\/wp-content\/uploads\/2024\/06\/Optafel_placemats_kunstlederenzo_PVC_Jute_6.jpg","contentUrl":"https:\/\/place-add.nl\/wp-content\/uploads\/2024\/06\/Optafel_placemats_kunstlederenzo_PVC_Jute_6.jpg","width":800,"height":800,"caption":"PVC Jute Placemats"},{"@type":"BreadcrumbList","@id":"https:\/\/place-add.nl\/de\/produkt\/platzsets-pvc-jute\/#breadcrumb","itemListElement":[{"@type":"ListItem","position":1,"name":"Home","item":"https:\/\/place-add.nl\/de\/home\/"},{"@type":"ListItem","position":2,"name":"Shop","item":"https:\/\/place-add.nl\/de\/shop\/"},{"@type":"ListItem","position":3,"name":"Platzsets PVC Jute"}]},{"@type":"WebSite","@id":"https:\/\/place-add.nl\/de\/#website","url":"https:\/\/place-add.nl\/de\/","name":"Place Add","description":"Tafelkleding voor de horeca","publisher":{"@id":"https:\/\/place-add.nl\/de\/#organization"},"potentialAction":[{"@type":"SearchAction","target":{"@type":"EntryPoint","urlTemplate":"https:\/\/place-add.nl\/de\/?s={search_term_string}"},"query-input":{"@type":"PropertyValueSpecification","valueRequired":true,"valueName":"search_term_string"}}],"inLanguage":"de"},{"@type":"Organization","@id":"https:\/\/place-add.nl\/de\/#organization","name":"Place Add","url":"https:\/\/place-add.nl\/de\/","logo":{"@type":"ImageObject","inLanguage":"de","@id":"https:\/\/place-add.nl\/de\/#\/schema\/logo\/image\/","url":"https:\/\/place-add.nl\/wp-content\/uploads\/2023\/11\/logo-img-place-add.png","contentUrl":"https:\/\/place-add.nl\/wp-content\/uploads\/2023\/11\/logo-img-place-add.png","width":404,"height":106,"caption":"Place Add"},"image":{"@id":"https:\/\/place-add.nl\/de\/#\/schema\/logo\/image\/"},"sameAs":["https:\/\/www.facebook.com\/PlaceAdd\/","https:\/\/www.instagram.com\/place_add\/","https:\/\/www.youtube.com\/@placeadd"]}]}},"_links":{"self":[{"href":"https:\/\/place-add.nl\/de\/wp-json\/wp\/v2\/product\/42758","targetHints":{"allow":["GET"]}}],"collection":[{"href":"https:\/\/place-add.nl\/de\/wp-json\/wp\/v2\/product"}],"about":[{"href":"https:\/\/place-add.nl\/de\/wp-json\/wp\/v2\/types\/product"}],"wp:featuredmedia":[{"embeddable":true,"href":"https:\/\/place-add.nl\/de\/wp-json\/wp\/v2\/media\/38740"}],"wp:attachment":[{"href":"https:\/\/place-add.nl\/de\/wp-json\/wp\/v2\/media?parent=42758"}],"wp:term":[{"taxonomy":"product_brand","embeddable":true,"href":"https:\/\/place-add.nl\/de\/wp-json\/wp\/v2\/product_brand?post=42758"},{"taxonomy":"product_cat","embeddable":true,"href":"https:\/\/place-add.nl\/de\/wp-json\/wp\/v2\/product_cat?post=42758"},{"taxonomy":"product_tag","embeddable":true,"href":"https:\/\/place-add.nl\/de\/wp-json\/wp\/v2\/product_tag?post=42758"}],"curies":[{"name":"wp","href":"https:\/\/api.w.org\/{rel}","templated":true}]}}