{"id":42789,"date":"2024-06-18T12:42:38","date_gmt":"2024-06-18T12:42:38","guid":{"rendered":"https:\/\/place-add.nl\/product\/placemats-pvc-print\/"},"modified":"2025-06-06T08:31:32","modified_gmt":"2025-06-06T08:31:32","slug":"platzsets-pvc-print","status":"publish","type":"product","link":"https:\/\/place-add.nl\/de\/produkt\/platzsets-pvc-print\/","title":{"rendered":"Platzsets PVC Print"},"content":{"rendered":"<p>Kombinieren Sie Stil und Funktionalit\u00e4t mit unseren<strong> Tischsets PVC Print<\/strong>. Diese Tischsets sind die perfekte Erg\u00e4nzung f\u00fcr Ihr Esszimmer oder Ihre Gastst\u00e4tte, mit einem modernen Look und langlebiger Qualit\u00e4t. Sie eignen sich sowohl f\u00fcr den t\u00e4glichen Gebrauch als auch f\u00fcr besondere Anl\u00e4sse und verbinden sch\u00f6ne \u00c4sthetik mit robustem Schutz f\u00fcr Ihre Tischoberfl\u00e4che.<\/p>\n<p>Die aus hochwertigem PVC gefertigten<strong> Tischsets PVC Print<\/strong> haben einen robusten und umweltfreundlichen Look, der perfekt zu Gastronomiebetrieben passt, die eine trendige und bewusste Atmosph\u00e4re ausstrahlen wollen. F\u00fcr eine pers\u00f6nliche Note kann das Etikett sogar mit Ihrem eigenen Logo versehen werden, wodurch die Tischsets nicht nur praktisch sind, sondern auch Ihre Marke repr\u00e4sentieren.<\/p>\n<p>Diese Tischsets sind die ideale Mischung aus modernem Design und Langlebigkeit &#8211; der letzte Schliff f\u00fcr jeden gedeckten Tisch!<\/p>\n<p>Sehen Sie sich auch unsere anderen Tischaccessoires an. Wie zum Beispiel die <strong><a href=\"https:\/\/place-add.nl\/de\/tischaccessoires-co\/organizers\/\">Organizer aus Holz<\/a> <\/strong>oder <strong><a href=\"https:\/\/place-add.nl\/de\/produkt\/untersetzer-aus-leder\/\">die Untersetzer aus Leder<\/a><\/strong>!<\/p>\n<p>Besuchen Sie auch unseren 2. Webshop, <strong><a href=\"https:\/\/craftontable.com\/\">Craft On Table<\/a><\/strong>!<\/p>\n<p><strong>Kontaktieren Sie uns, um Optionen zu besprechen. Unser engagiertes Team ber\u00e4t Sie gerne bei der Auswahl des perfekten Tischsets f\u00fcr Ihr Unternehmen!<\/strong><\/p>\n<p><button id=\"knop-contact-opnemen-overige-producten-de\">Kontaktieren Sie uns unverbindlich<\/button><\/p>\n","protected":false},"excerpt":{"rendered":"<p>F\u00fcgen Sie Ihrem Esszimmer einen Hauch von modernem Flair und praktischen Schutz hinzu mit unseren PVC-Tischsets mit Digitaldruck. Diese Tischsets vereinen \u00c4sthetik und Langlebigkeit, ideal sowohl f\u00fcr den t\u00e4glichen Gebrauch als auch f\u00fcr besondere Anl\u00e4sse.<\/p>\n<p>Das Material verleiht den Tischsets einen robusten und umweltfreundlichen Look, was sie ideal f\u00fcr Gastronomiebetriebe macht, die eine nachhaltige und trendige Ausstrahlung anstreben. Das Etikett kann mit Ihrem eigenen Logo versehen werden, was den Men\u00fckarten eine pers\u00f6nliche Note verleiht.<\/p>\n<p><button id=\"knop-contact-opnemen-overige-producten-de\">Kontaktieren Sie uns unverbindlich<\/button><\/p>\n","protected":false},"featured_media":38730,"template":"","meta":[],"product_brand":[],"product_cat":[1462],"product_tag":[1339,1393,1376],"class_list":{"0":"post-42789","1":"product","2":"type-product","3":"status-publish","4":"has-post-thumbnail","6":"product_cat-kunstleder-de-2","7":"product_tag-pvc-tischsets","8":"product_tag-tischsets","9":"product_tag-tischsets-pvc-druck","11":"first","12":"instock","13":"taxable","14":"shipping-taxable","15":"product-type-simple"},"yoast_head":"<!-- This site is optimized with the Yoast SEO Premium plugin v27.2 (Yoast SEO v27.2) - https:\/\/yoast.com\/product\/yoast-seo-premium-wordpress\/ -->\n<title>Platzsets PVC Print | Place Add | F\u00fcr die Gastronomie<\/title>\n<meta name=\"description\" content=\"Diese Platzsets PVC Print vereinen \u00c4sthetik und Haltbarkeit und sind sowohl f\u00fcr den t\u00e4glichen Gebrauch als auch f\u00fcr besondere Anl\u00e4sse geeignet.\" \/>\n<meta name=\"robots\" content=\"index, follow, max-snippet:-1, max-image-preview:large, max-video-preview:-1\" \/>\n<link rel=\"canonical\" href=\"https:\/\/place-add.nl\/de\/produkt\/platzsets-pvc-print\/\" \/>\n<meta property=\"og:locale\" content=\"de_DE\" \/>\n<meta property=\"og:type\" content=\"article\" \/>\n<meta property=\"og:title\" content=\"Platzsets PVC Print\" \/>\n<meta property=\"og:description\" content=\"Diese Platzsets PVC Print vereinen \u00c4sthetik und Haltbarkeit und sind sowohl f\u00fcr den t\u00e4glichen Gebrauch als auch f\u00fcr besondere Anl\u00e4sse geeignet.\" \/>\n<meta property=\"og:url\" content=\"https:\/\/place-add.nl\/de\/produkt\/platzsets-pvc-print\/\" \/>\n<meta property=\"og:site_name\" content=\"Place Add\" \/>\n<meta property=\"article:publisher\" content=\"https:\/\/www.facebook.com\/PlaceAdd\/\" \/>\n<meta property=\"article:modified_time\" content=\"2025-06-06T08:31:32+00:00\" \/>\n<meta property=\"og:image\" content=\"https:\/\/place-add.nl\/wp-content\/uploads\/2024\/06\/Optafel_placemats_kunstlederenzo_PVC_print_3.jpg\" \/>\n\t<meta property=\"og:image:width\" content=\"800\" \/>\n\t<meta property=\"og:image:height\" content=\"800\" \/>\n\t<meta property=\"og:image:type\" content=\"image\/jpeg\" \/>\n<meta name=\"twitter:card\" content=\"summary_large_image\" \/>\n<meta name=\"twitter:label1\" content=\"Gesch\u00e4tzte Lesezeit\" \/>\n\t<meta name=\"twitter:data1\" content=\"2\u00a0Minuten\" \/>\n<script type=\"application\/ld+json\" class=\"yoast-schema-graph\">{\"@context\":\"https:\/\/schema.org\",\"@graph\":[{\"@type\":\"WebPage\",\"@id\":\"https:\/\/place-add.nl\/de\/produkt\/platzsets-pvc-print\/\",\"url\":\"https:\/\/place-add.nl\/de\/produkt\/platzsets-pvc-print\/\",\"name\":\"Platzsets PVC Print | Place Add | F\u00fcr die Gastronomie\",\"isPartOf\":{\"@id\":\"https:\/\/place-add.nl\/de\/#website\"},\"primaryImageOfPage\":{\"@id\":\"https:\/\/place-add.nl\/de\/produkt\/platzsets-pvc-print\/#primaryimage\"},\"image\":{\"@id\":\"https:\/\/place-add.nl\/de\/produkt\/platzsets-pvc-print\/#primaryimage\"},\"thumbnailUrl\":\"https:\/\/place-add.nl\/wp-content\/uploads\/2024\/06\/Optafel_placemats_kunstlederenzo_PVC_print_3.jpg\",\"datePublished\":\"2024-06-18T12:42:38+00:00\",\"dateModified\":\"2025-06-06T08:31:32+00:00\",\"description\":\"Diese Platzsets PVC Print vereinen \u00c4sthetik und Haltbarkeit und sind sowohl f\u00fcr den t\u00e4glichen Gebrauch als auch f\u00fcr besondere Anl\u00e4sse geeignet.\",\"breadcrumb\":{\"@id\":\"https:\/\/place-add.nl\/de\/produkt\/platzsets-pvc-print\/#breadcrumb\"},\"inLanguage\":\"de\",\"potentialAction\":[{\"@type\":\"ReadAction\",\"target\":[\"https:\/\/place-add.nl\/de\/produkt\/platzsets-pvc-print\/\"]}]},{\"@type\":\"ImageObject\",\"inLanguage\":\"de\",\"@id\":\"https:\/\/place-add.nl\/de\/produkt\/platzsets-pvc-print\/#primaryimage\",\"url\":\"https:\/\/place-add.nl\/wp-content\/uploads\/2024\/06\/Optafel_placemats_kunstlederenzo_PVC_print_3.jpg\",\"contentUrl\":\"https:\/\/place-add.nl\/wp-content\/uploads\/2024\/06\/Optafel_placemats_kunstlederenzo_PVC_print_3.jpg\",\"width\":800,\"height\":800,\"caption\":\"Placemats PVC Print\"},{\"@type\":\"BreadcrumbList\",\"@id\":\"https:\/\/place-add.nl\/de\/produkt\/platzsets-pvc-print\/#breadcrumb\",\"itemListElement\":[{\"@type\":\"ListItem\",\"position\":1,\"name\":\"Home\",\"item\":\"https:\/\/place-add.nl\/de\/home\/\"},{\"@type\":\"ListItem\",\"position\":2,\"name\":\"Shop\",\"item\":\"https:\/\/place-add.nl\/de\/shop\/\"},{\"@type\":\"ListItem\",\"position\":3,\"name\":\"Platzsets PVC Print\"}]},{\"@type\":\"WebSite\",\"@id\":\"https:\/\/place-add.nl\/de\/#website\",\"url\":\"https:\/\/place-add.nl\/de\/\",\"name\":\"Place Add\",\"description\":\"Tafelkleding voor de horeca\",\"publisher\":{\"@id\":\"https:\/\/place-add.nl\/de\/#organization\"},\"potentialAction\":[{\"@type\":\"SearchAction\",\"target\":{\"@type\":\"EntryPoint\",\"urlTemplate\":\"https:\/\/place-add.nl\/de\/?s={search_term_string}\"},\"query-input\":{\"@type\":\"PropertyValueSpecification\",\"valueRequired\":true,\"valueName\":\"search_term_string\"}}],\"inLanguage\":\"de\"},{\"@type\":\"Organization\",\"@id\":\"https:\/\/place-add.nl\/de\/#organization\",\"name\":\"Place Add\",\"url\":\"https:\/\/place-add.nl\/de\/\",\"logo\":{\"@type\":\"ImageObject\",\"inLanguage\":\"de\",\"@id\":\"https:\/\/place-add.nl\/de\/#\/schema\/logo\/image\/\",\"url\":\"https:\/\/place-add.nl\/wp-content\/uploads\/2023\/11\/logo-img-place-add.png\",\"contentUrl\":\"https:\/\/place-add.nl\/wp-content\/uploads\/2023\/11\/logo-img-place-add.png\",\"width\":404,\"height\":106,\"caption\":\"Place Add\"},\"image\":{\"@id\":\"https:\/\/place-add.nl\/de\/#\/schema\/logo\/image\/\"},\"sameAs\":[\"https:\/\/www.facebook.com\/PlaceAdd\/\",\"https:\/\/www.instagram.com\/place_add\/\",\"https:\/\/www.youtube.com\/@placeadd\"]}]}<\/script>\n<!-- \/ Yoast SEO Premium plugin. -->","yoast_head_json":{"title":"Platzsets PVC Print | Place Add | F\u00fcr die Gastronomie","description":"Diese Platzsets PVC Print vereinen \u00c4sthetik und Haltbarkeit und sind sowohl f\u00fcr den t\u00e4glichen Gebrauch als auch f\u00fcr besondere Anl\u00e4sse geeignet.","robots":{"index":"index","follow":"follow","max-snippet":"max-snippet:-1","max-image-preview":"max-image-preview:large","max-video-preview":"max-video-preview:-1"},"canonical":"https:\/\/place-add.nl\/de\/produkt\/platzsets-pvc-print\/","og_locale":"de_DE","og_type":"article","og_title":"Platzsets PVC Print","og_description":"Diese Platzsets PVC Print vereinen \u00c4sthetik und Haltbarkeit und sind sowohl f\u00fcr den t\u00e4glichen Gebrauch als auch f\u00fcr besondere Anl\u00e4sse geeignet.","og_url":"https:\/\/place-add.nl\/de\/produkt\/platzsets-pvc-print\/","og_site_name":"Place Add","article_publisher":"https:\/\/www.facebook.com\/PlaceAdd\/","article_modified_time":"2025-06-06T08:31:32+00:00","og_image":[{"width":800,"height":800,"url":"https:\/\/place-add.nl\/wp-content\/uploads\/2024\/06\/Optafel_placemats_kunstlederenzo_PVC_print_3.jpg","type":"image\/jpeg"}],"twitter_card":"summary_large_image","twitter_misc":{"Gesch\u00e4tzte Lesezeit":"2\u00a0Minuten"},"schema":{"@context":"https:\/\/schema.org","@graph":[{"@type":"WebPage","@id":"https:\/\/place-add.nl\/de\/produkt\/platzsets-pvc-print\/","url":"https:\/\/place-add.nl\/de\/produkt\/platzsets-pvc-print\/","name":"Platzsets PVC Print | Place Add | F\u00fcr die Gastronomie","isPartOf":{"@id":"https:\/\/place-add.nl\/de\/#website"},"primaryImageOfPage":{"@id":"https:\/\/place-add.nl\/de\/produkt\/platzsets-pvc-print\/#primaryimage"},"image":{"@id":"https:\/\/place-add.nl\/de\/produkt\/platzsets-pvc-print\/#primaryimage"},"thumbnailUrl":"https:\/\/place-add.nl\/wp-content\/uploads\/2024\/06\/Optafel_placemats_kunstlederenzo_PVC_print_3.jpg","datePublished":"2024-06-18T12:42:38+00:00","dateModified":"2025-06-06T08:31:32+00:00","description":"Diese Platzsets PVC Print vereinen \u00c4sthetik und Haltbarkeit und sind sowohl f\u00fcr den t\u00e4glichen Gebrauch als auch f\u00fcr besondere Anl\u00e4sse geeignet.","breadcrumb":{"@id":"https:\/\/place-add.nl\/de\/produkt\/platzsets-pvc-print\/#breadcrumb"},"inLanguage":"de","potentialAction":[{"@type":"ReadAction","target":["https:\/\/place-add.nl\/de\/produkt\/platzsets-pvc-print\/"]}]},{"@type":"ImageObject","inLanguage":"de","@id":"https:\/\/place-add.nl\/de\/produkt\/platzsets-pvc-print\/#primaryimage","url":"https:\/\/place-add.nl\/wp-content\/uploads\/2024\/06\/Optafel_placemats_kunstlederenzo_PVC_print_3.jpg","contentUrl":"https:\/\/place-add.nl\/wp-content\/uploads\/2024\/06\/Optafel_placemats_kunstlederenzo_PVC_print_3.jpg","width":800,"height":800,"caption":"Placemats PVC Print"},{"@type":"BreadcrumbList","@id":"https:\/\/place-add.nl\/de\/produkt\/platzsets-pvc-print\/#breadcrumb","itemListElement":[{"@type":"ListItem","position":1,"name":"Home","item":"https:\/\/place-add.nl\/de\/home\/"},{"@type":"ListItem","position":2,"name":"Shop","item":"https:\/\/place-add.nl\/de\/shop\/"},{"@type":"ListItem","position":3,"name":"Platzsets PVC Print"}]},{"@type":"WebSite","@id":"https:\/\/place-add.nl\/de\/#website","url":"https:\/\/place-add.nl\/de\/","name":"Place Add","description":"Tafelkleding voor de horeca","publisher":{"@id":"https:\/\/place-add.nl\/de\/#organization"},"potentialAction":[{"@type":"SearchAction","target":{"@type":"EntryPoint","urlTemplate":"https:\/\/place-add.nl\/de\/?s={search_term_string}"},"query-input":{"@type":"PropertyValueSpecification","valueRequired":true,"valueName":"search_term_string"}}],"inLanguage":"de"},{"@type":"Organization","@id":"https:\/\/place-add.nl\/de\/#organization","name":"Place Add","url":"https:\/\/place-add.nl\/de\/","logo":{"@type":"ImageObject","inLanguage":"de","@id":"https:\/\/place-add.nl\/de\/#\/schema\/logo\/image\/","url":"https:\/\/place-add.nl\/wp-content\/uploads\/2023\/11\/logo-img-place-add.png","contentUrl":"https:\/\/place-add.nl\/wp-content\/uploads\/2023\/11\/logo-img-place-add.png","width":404,"height":106,"caption":"Place Add"},"image":{"@id":"https:\/\/place-add.nl\/de\/#\/schema\/logo\/image\/"},"sameAs":["https:\/\/www.facebook.com\/PlaceAdd\/","https:\/\/www.instagram.com\/place_add\/","https:\/\/www.youtube.com\/@placeadd"]}]}},"_links":{"self":[{"href":"https:\/\/place-add.nl\/de\/wp-json\/wp\/v2\/product\/42789","targetHints":{"allow":["GET"]}}],"collection":[{"href":"https:\/\/place-add.nl\/de\/wp-json\/wp\/v2\/product"}],"about":[{"href":"https:\/\/place-add.nl\/de\/wp-json\/wp\/v2\/types\/product"}],"wp:featuredmedia":[{"embeddable":true,"href":"https:\/\/place-add.nl\/de\/wp-json\/wp\/v2\/media\/38730"}],"wp:attachment":[{"href":"https:\/\/place-add.nl\/de\/wp-json\/wp\/v2\/media?parent=42789"}],"wp:term":[{"taxonomy":"product_brand","embeddable":true,"href":"https:\/\/place-add.nl\/de\/wp-json\/wp\/v2\/product_brand?post=42789"},{"taxonomy":"product_cat","embeddable":true,"href":"https:\/\/place-add.nl\/de\/wp-json\/wp\/v2\/product_cat?post=42789"},{"taxonomy":"product_tag","embeddable":true,"href":"https:\/\/place-add.nl\/de\/wp-json\/wp\/v2\/product_tag?post=42789"}],"curies":[{"name":"wp","href":"https:\/\/api.w.org\/{rel}","templated":true}]}}