{"id":42791,"date":"2024-06-18T11:48:40","date_gmt":"2024-06-18T11:48:40","guid":{"rendered":"https:\/\/place-add.nl\/product\/minitissue\/"},"modified":"2025-07-02T12:57:20","modified_gmt":"2025-07-02T12:57:20","slug":"minitissue","status":"publish","type":"product","link":"https:\/\/place-add.nl\/de\/produkt\/minitissue\/","title":{"rendered":"Minitissue"},"content":{"rendered":"<p>Das Minitissue ist eine innovative Erfrischungsl\u00f6sung, die sich mit nur einem Tropfen Wasser von einer kompakten Tablette in eine Serviette voller Gr\u00f6\u00dfe verwandelt. Diese praktischen und haltbaren Servietten sind perfekt f\u00fcr jede Gelegenheit, bei der Bequemlichkeit und Komfort im Vordergrund stehen.<\/p>\n<p>Jedes Minitissue entfaltet sich zu einem weichen, saugf\u00e4higen 22 x 25 cm gro\u00dfen Viskosetuch aus nat\u00fcrlichen Materialien. F\u00fcgen Sie einfach Wasser oder eine duftende Fl\u00fcssigkeit hinzu, und genie\u00dfen Sie ein erfrischendes Tuch, das sowohl f\u00fcr private als auch f\u00fcr berufliche Anl\u00e4sse ideal ist.<\/p>\n<p>In einer Schachtel mit 500 St\u00fcck (10 Rollen mit 50 Servietten) verpackt, bietet das Minitissue eine stilvolle und praktische L\u00f6sung f\u00fcr die Bewirtung, f\u00fcr Veranstaltungen und vieles mehr. Haben Sie Fragen oder ben\u00f6tigen Sie eine Beratung zur richtigen Wahl f\u00fcr Ihre Bed\u00fcrfnisse? Unser engagiertes Team hilft Ihnen gerne weiter!<\/p>\n<p>Kennen Sie schon unsere 2. Website? Klicken Sie <strong><a href=\"https:\/\/www.craftontable.com\/\">hier<\/a><\/strong> und werfen Sie einen Blick auf Craft On Table!<\/p>\n<p><strong>Brauchen Sie eine pers\u00f6nliche Beratung bei der Auswahl der richtigen Servietten f\u00fcr Ihren Anlass?<\/strong> Dann z\u00f6gern Sie nicht, uns zu <strong><a href=\"https:\/\/place-add.nl\/de\/kontakt\/\">kontaktieren<\/a><\/strong>. Unser engagiertes Team hilft Ihnen gerne, die perfekte Wahl f\u00fcr Ihre speziellen Bed\u00fcrfnisse zu treffen.<\/p>\n<p><button id=\"knop-contact-opnemen-overige-producten-de\">Kontaktieren Sie uns unverbindlich<\/button><\/p>\n","protected":false},"excerpt":{"rendered":"<p>Minitissue: <strong>Von Tablette zu Serviette!!<\/strong><\/p>\n<p>Das Minitissue verwandelt sich mit einem einfachen <strong>Spritzer Wasser<\/strong> in ein vollwertiges, <strong>nachhaltiges Erfrischungstuch.<\/strong> F\u00fcr Komfort und Nachhaltigkeit ist die Minitissue die L\u00f6sung.<\/p>\n<p><strong>1 St\u00fcck = 1 Karton von (10\u00d750=) 500 St\u00fcck<\/strong><\/p>\n<p><button id=\"knop-contact-opnemen-overige-producten-de\">Kontaktieren Sie uns unverbindlich<\/button><\/p>\n","protected":false},"featured_media":38377,"template":"","meta":[],"product_brand":[],"product_cat":[857],"product_tag":[1407,1369,1302],"class_list":{"0":"post-42791","1":"product","2":"type-product","3":"status-publish","4":"has-post-thumbnail","6":"product_cat-erfrischungstuecher-de","7":"product_tag-erfrischungstucher-de","8":"product_tag-feuchte-tucher","9":"product_tag-minitissue-de","11":"first","12":"instock","13":"taxable","14":"shipping-taxable","15":"purchasable","16":"product-type-simple"},"yoast_head":"<!-- This site is optimized with the Yoast SEO Premium plugin v27.2 (Yoast SEO v27.2) - https:\/\/yoast.com\/product\/yoast-seo-premium-wordpress\/ -->\n<title>Minitissue | Place Add | F\u00fcr die Gastronomie<\/title>\n<meta name=\"description\" content=\"Entdecken Sie das Minitissue: vom Tablet zur Serviette mit einem Spritzer Wasser. Langlebig, praktisch und 22x25 cm gro\u00df. Testen Sie kostenlose Muster\" \/>\n<meta name=\"robots\" content=\"index, follow, max-snippet:-1, max-image-preview:large, max-video-preview:-1\" \/>\n<link rel=\"canonical\" href=\"https:\/\/place-add.nl\/de\/produkt\/minitissue\/\" \/>\n<meta property=\"og:locale\" content=\"de_DE\" \/>\n<meta property=\"og:type\" content=\"article\" \/>\n<meta property=\"og:title\" content=\"Minitissue\" \/>\n<meta property=\"og:description\" content=\"Entdecken Sie das Minitissue: vom Tablet zur Serviette mit einem Spritzer Wasser. Langlebig, praktisch und 22x25 cm gro\u00df. Testen Sie kostenlose Muster\" \/>\n<meta property=\"og:url\" content=\"https:\/\/place-add.nl\/de\/produkt\/minitissue\/\" \/>\n<meta property=\"og:site_name\" content=\"Place Add\" \/>\n<meta property=\"article:publisher\" content=\"https:\/\/www.facebook.com\/PlaceAdd\/\" \/>\n<meta property=\"article:modified_time\" content=\"2025-07-02T12:57:20+00:00\" \/>\n<meta property=\"og:image\" content=\"https:\/\/place-add.nl\/wp-content\/uploads\/2024\/06\/Onbedrukt_minitissue_Place_Add_3.jpg\" \/>\n\t<meta property=\"og:image:width\" content=\"800\" \/>\n\t<meta property=\"og:image:height\" content=\"800\" \/>\n\t<meta property=\"og:image:type\" content=\"image\/jpeg\" \/>\n<meta name=\"twitter:card\" content=\"summary_large_image\" \/>\n<meta name=\"twitter:label1\" content=\"Gesch\u00e4tzte Lesezeit\" \/>\n\t<meta name=\"twitter:data1\" content=\"2\u00a0Minuten\" \/>\n<script type=\"application\/ld+json\" class=\"yoast-schema-graph\">{\"@context\":\"https:\/\/schema.org\",\"@graph\":[{\"@type\":\"WebPage\",\"@id\":\"https:\/\/place-add.nl\/de\/produkt\/minitissue\/\",\"url\":\"https:\/\/place-add.nl\/de\/produkt\/minitissue\/\",\"name\":\"Minitissue | Place Add | F\u00fcr die Gastronomie\",\"isPartOf\":{\"@id\":\"https:\/\/place-add.nl\/de\/#website\"},\"primaryImageOfPage\":{\"@id\":\"https:\/\/place-add.nl\/de\/produkt\/minitissue\/#primaryimage\"},\"image\":{\"@id\":\"https:\/\/place-add.nl\/de\/produkt\/minitissue\/#primaryimage\"},\"thumbnailUrl\":\"https:\/\/place-add.nl\/wp-content\/uploads\/2024\/06\/Onbedrukt_minitissue_Place_Add_3.jpg\",\"datePublished\":\"2024-06-18T11:48:40+00:00\",\"dateModified\":\"2025-07-02T12:57:20+00:00\",\"description\":\"Entdecken Sie das Minitissue: vom Tablet zur Serviette mit einem Spritzer Wasser. Langlebig, praktisch und 22x25 cm gro\u00df. Testen Sie kostenlose Muster\",\"breadcrumb\":{\"@id\":\"https:\/\/place-add.nl\/de\/produkt\/minitissue\/#breadcrumb\"},\"inLanguage\":\"de\",\"potentialAction\":[{\"@type\":\"ReadAction\",\"target\":[\"https:\/\/place-add.nl\/de\/produkt\/minitissue\/\"]}]},{\"@type\":\"ImageObject\",\"inLanguage\":\"de\",\"@id\":\"https:\/\/place-add.nl\/de\/produkt\/minitissue\/#primaryimage\",\"url\":\"https:\/\/place-add.nl\/wp-content\/uploads\/2024\/06\/Onbedrukt_minitissue_Place_Add_3.jpg\",\"contentUrl\":\"https:\/\/place-add.nl\/wp-content\/uploads\/2024\/06\/Onbedrukt_minitissue_Place_Add_3.jpg\",\"width\":800,\"height\":800,\"caption\":\"Minitissue\"},{\"@type\":\"BreadcrumbList\",\"@id\":\"https:\/\/place-add.nl\/de\/produkt\/minitissue\/#breadcrumb\",\"itemListElement\":[{\"@type\":\"ListItem\",\"position\":1,\"name\":\"Home\",\"item\":\"https:\/\/place-add.nl\/de\/home\/\"},{\"@type\":\"ListItem\",\"position\":2,\"name\":\"Shop\",\"item\":\"https:\/\/place-add.nl\/de\/shop\/\"},{\"@type\":\"ListItem\",\"position\":3,\"name\":\"Minitissue\"}]},{\"@type\":\"WebSite\",\"@id\":\"https:\/\/place-add.nl\/de\/#website\",\"url\":\"https:\/\/place-add.nl\/de\/\",\"name\":\"Place Add\",\"description\":\"Tafelkleding voor de horeca\",\"publisher\":{\"@id\":\"https:\/\/place-add.nl\/de\/#organization\"},\"potentialAction\":[{\"@type\":\"SearchAction\",\"target\":{\"@type\":\"EntryPoint\",\"urlTemplate\":\"https:\/\/place-add.nl\/de\/?s={search_term_string}\"},\"query-input\":{\"@type\":\"PropertyValueSpecification\",\"valueRequired\":true,\"valueName\":\"search_term_string\"}}],\"inLanguage\":\"de\"},{\"@type\":\"Organization\",\"@id\":\"https:\/\/place-add.nl\/de\/#organization\",\"name\":\"Place Add\",\"url\":\"https:\/\/place-add.nl\/de\/\",\"logo\":{\"@type\":\"ImageObject\",\"inLanguage\":\"de\",\"@id\":\"https:\/\/place-add.nl\/de\/#\/schema\/logo\/image\/\",\"url\":\"https:\/\/place-add.nl\/wp-content\/uploads\/2023\/11\/logo-img-place-add.png\",\"contentUrl\":\"https:\/\/place-add.nl\/wp-content\/uploads\/2023\/11\/logo-img-place-add.png\",\"width\":404,\"height\":106,\"caption\":\"Place Add\"},\"image\":{\"@id\":\"https:\/\/place-add.nl\/de\/#\/schema\/logo\/image\/\"},\"sameAs\":[\"https:\/\/www.facebook.com\/PlaceAdd\/\",\"https:\/\/www.instagram.com\/place_add\/\",\"https:\/\/www.youtube.com\/@placeadd\"]}]}<\/script>\n<!-- \/ Yoast SEO Premium plugin. -->","yoast_head_json":{"title":"Minitissue | Place Add | F\u00fcr die Gastronomie","description":"Entdecken Sie das Minitissue: vom Tablet zur Serviette mit einem Spritzer Wasser. Langlebig, praktisch und 22x25 cm gro\u00df. Testen Sie kostenlose Muster","robots":{"index":"index","follow":"follow","max-snippet":"max-snippet:-1","max-image-preview":"max-image-preview:large","max-video-preview":"max-video-preview:-1"},"canonical":"https:\/\/place-add.nl\/de\/produkt\/minitissue\/","og_locale":"de_DE","og_type":"article","og_title":"Minitissue","og_description":"Entdecken Sie das Minitissue: vom Tablet zur Serviette mit einem Spritzer Wasser. Langlebig, praktisch und 22x25 cm gro\u00df. Testen Sie kostenlose Muster","og_url":"https:\/\/place-add.nl\/de\/produkt\/minitissue\/","og_site_name":"Place Add","article_publisher":"https:\/\/www.facebook.com\/PlaceAdd\/","article_modified_time":"2025-07-02T12:57:20+00:00","og_image":[{"width":800,"height":800,"url":"https:\/\/place-add.nl\/wp-content\/uploads\/2024\/06\/Onbedrukt_minitissue_Place_Add_3.jpg","type":"image\/jpeg"}],"twitter_card":"summary_large_image","twitter_misc":{"Gesch\u00e4tzte Lesezeit":"2\u00a0Minuten"},"schema":{"@context":"https:\/\/schema.org","@graph":[{"@type":"WebPage","@id":"https:\/\/place-add.nl\/de\/produkt\/minitissue\/","url":"https:\/\/place-add.nl\/de\/produkt\/minitissue\/","name":"Minitissue | Place Add | F\u00fcr die Gastronomie","isPartOf":{"@id":"https:\/\/place-add.nl\/de\/#website"},"primaryImageOfPage":{"@id":"https:\/\/place-add.nl\/de\/produkt\/minitissue\/#primaryimage"},"image":{"@id":"https:\/\/place-add.nl\/de\/produkt\/minitissue\/#primaryimage"},"thumbnailUrl":"https:\/\/place-add.nl\/wp-content\/uploads\/2024\/06\/Onbedrukt_minitissue_Place_Add_3.jpg","datePublished":"2024-06-18T11:48:40+00:00","dateModified":"2025-07-02T12:57:20+00:00","description":"Entdecken Sie das Minitissue: vom Tablet zur Serviette mit einem Spritzer Wasser. Langlebig, praktisch und 22x25 cm gro\u00df. Testen Sie kostenlose Muster","breadcrumb":{"@id":"https:\/\/place-add.nl\/de\/produkt\/minitissue\/#breadcrumb"},"inLanguage":"de","potentialAction":[{"@type":"ReadAction","target":["https:\/\/place-add.nl\/de\/produkt\/minitissue\/"]}]},{"@type":"ImageObject","inLanguage":"de","@id":"https:\/\/place-add.nl\/de\/produkt\/minitissue\/#primaryimage","url":"https:\/\/place-add.nl\/wp-content\/uploads\/2024\/06\/Onbedrukt_minitissue_Place_Add_3.jpg","contentUrl":"https:\/\/place-add.nl\/wp-content\/uploads\/2024\/06\/Onbedrukt_minitissue_Place_Add_3.jpg","width":800,"height":800,"caption":"Minitissue"},{"@type":"BreadcrumbList","@id":"https:\/\/place-add.nl\/de\/produkt\/minitissue\/#breadcrumb","itemListElement":[{"@type":"ListItem","position":1,"name":"Home","item":"https:\/\/place-add.nl\/de\/home\/"},{"@type":"ListItem","position":2,"name":"Shop","item":"https:\/\/place-add.nl\/de\/shop\/"},{"@type":"ListItem","position":3,"name":"Minitissue"}]},{"@type":"WebSite","@id":"https:\/\/place-add.nl\/de\/#website","url":"https:\/\/place-add.nl\/de\/","name":"Place Add","description":"Tafelkleding voor de horeca","publisher":{"@id":"https:\/\/place-add.nl\/de\/#organization"},"potentialAction":[{"@type":"SearchAction","target":{"@type":"EntryPoint","urlTemplate":"https:\/\/place-add.nl\/de\/?s={search_term_string}"},"query-input":{"@type":"PropertyValueSpecification","valueRequired":true,"valueName":"search_term_string"}}],"inLanguage":"de"},{"@type":"Organization","@id":"https:\/\/place-add.nl\/de\/#organization","name":"Place Add","url":"https:\/\/place-add.nl\/de\/","logo":{"@type":"ImageObject","inLanguage":"de","@id":"https:\/\/place-add.nl\/de\/#\/schema\/logo\/image\/","url":"https:\/\/place-add.nl\/wp-content\/uploads\/2023\/11\/logo-img-place-add.png","contentUrl":"https:\/\/place-add.nl\/wp-content\/uploads\/2023\/11\/logo-img-place-add.png","width":404,"height":106,"caption":"Place Add"},"image":{"@id":"https:\/\/place-add.nl\/de\/#\/schema\/logo\/image\/"},"sameAs":["https:\/\/www.facebook.com\/PlaceAdd\/","https:\/\/www.instagram.com\/place_add\/","https:\/\/www.youtube.com\/@placeadd"]}]}},"_links":{"self":[{"href":"https:\/\/place-add.nl\/de\/wp-json\/wp\/v2\/product\/42791","targetHints":{"allow":["GET"]}}],"collection":[{"href":"https:\/\/place-add.nl\/de\/wp-json\/wp\/v2\/product"}],"about":[{"href":"https:\/\/place-add.nl\/de\/wp-json\/wp\/v2\/types\/product"}],"wp:featuredmedia":[{"embeddable":true,"href":"https:\/\/place-add.nl\/de\/wp-json\/wp\/v2\/media\/38377"}],"wp:attachment":[{"href":"https:\/\/place-add.nl\/de\/wp-json\/wp\/v2\/media?parent=42791"}],"wp:term":[{"taxonomy":"product_brand","embeddable":true,"href":"https:\/\/place-add.nl\/de\/wp-json\/wp\/v2\/product_brand?post=42791"},{"taxonomy":"product_cat","embeddable":true,"href":"https:\/\/place-add.nl\/de\/wp-json\/wp\/v2\/product_cat?post=42791"},{"taxonomy":"product_tag","embeddable":true,"href":"https:\/\/place-add.nl\/de\/wp-json\/wp\/v2\/product_tag?post=42791"}],"curies":[{"name":"wp","href":"https:\/\/api.w.org\/{rel}","templated":true}]}}