{"id":42797,"date":"2024-06-25T13:20:01","date_gmt":"2024-06-25T13:20:01","guid":{"rendered":"https:\/\/place-add.nl\/product\/wet-naps\/"},"modified":"2025-07-02T12:58:13","modified_gmt":"2025-07-02T12:58:13","slug":"wet-naps","status":"publish","type":"product","link":"https:\/\/place-add.nl\/de\/produkt\/wet-naps\/","title":{"rendered":"Wet Naps"},"content":{"rendered":"<p>Entdecken Sie die Vielseitigkeit unserer <strong>Wet Naps<\/strong>! Unsere Kollektion erfrischender Feuchtt\u00fccher bietet f\u00fcr jeden Bedarf die perfekte Wahl, von Einweg-Feuchtt\u00fcchern bis hin zu wiederverwendbaren Optionen. Mit sieben einzigartigen Varianten, darunter das luxuri\u00f6se<strong> Wet Naps VIP<\/strong> Mikrofaserhandtuch und die extra hygienische Variante mit Alkohol, haben wir f\u00fcr jede Situation das ideale Tuch.<\/p>\n<p><strong>Sie k\u00f6nnen aus sieben Ausf\u00fchrungen w\u00e4hlen. F\u00fcr detaillierte Spezifikationen, Verpackungszahlen und Preise werfen Sie bitte einen Blick in das beigef\u00fcgte Dokument, indem Sie auf den untenstehenden Link klicken.<\/strong><\/p>\n<p><em>Bitte beachten: Diese T\u00fccher sind nur f\u00fcr die \u00e4u\u00dfere Anwendung geeignet. Vermeiden Sie den Kontakt mit Augen und Schleimh\u00e4uten. Sollte die L\u00f6sung in die Augen gelangen, sp\u00fclen Sie diese sofort gr\u00fcndlich mit Wasser aus. Hautirritationen sind ungew\u00f6hnlich, sollten jedoch auftreten, brechen Sie die Anwendung sofort ab.<\/em><\/p>\n<p><em>Besondere Vorsichtsma\u00dfnahmen: Isopropylalkohol kann bestimmte Kunststoffe, Gummi und Beschichtungen angreifen. Testen Sie daher vor der Verwendung einen kleinen Teil der Oberfl\u00e4che auf Farbver\u00e4nderungen und Reaktionen. Lassen Sie Werkzeuge und Oberfl\u00e4chen vor der Verwendung trocknen.<\/em><\/p>\n<p><strong>Verwendbarkeitsdauer und Lagerung:<\/strong> Dieses Produkt hat eine Haltbarkeit von 24 Monaten ab dem Produktionsdatum. Lagern Sie es an einem k\u00fchlen, trockenen, gut bel\u00fcfteten Ort, fern von offenen Flammen.<\/p>\n<p>Schauen Sie auch auf unserer zweiten Website, <strong><a href=\"https:\/\/www.craftontable.com\/collections\">Craftontable.com<\/a><\/strong>, vorbei, um noch mehr sch\u00f6ne Tischdekorationen zu entdecken!<\/p>\n<p><strong>Brauchen Sie pers\u00f6nliche Beratung bei Ihrer Auswahl? Z\u00f6gern Sie nicht, uns zu <a href=\"https:\/\/place-add.nl\/de\/kontakt\/\">kontaktieren<\/a>. Unser engagiertes Team steht Ihnen zur Verf\u00fcgung!<\/strong><\/p>\n<p><button id=\"knop-contact-opnemen-overige-producten-de\">Kontaktieren Sie uns unverbindlich<\/button><\/p>\n","protected":false},"excerpt":{"rendered":"<p>Entdecken Sie unsere vielseitigen <strong>Wet Naps<\/strong>! Unsere Kollektion erfrischender Feuchtt\u00fccher bietet die perfekte Wahl f\u00fcr jeden Bedarf, von Einwegoptionen bis hin zu wiederverwendbaren Varianten. Mit sieben einzigartigen Varianten, darunter das luxuri\u00f6se <strong>Wet-Nap VIP<\/strong> <strong>Mikrofaserhandtuch<\/strong> und das extra hygienische <strong>Wet Nap Alkohol<\/strong>, garantieren wir, dass f\u00fcr jede Situation das ideale Tuch verf\u00fcgbar ist.<\/p>\n<p>Jede Variante kommt in unterschiedlichen Verpackungseinheiten und Preiskategorien, sodass Sie immer die richtige Menge und den passenden Preis f\u00fcr Ihre Bed\u00fcrfnisse finden k\u00f6nnen. Sehen Sie sich das beigef\u00fcgte Dokument an, indem Sie auf den untenstehenden Link klicken, um detaillierte Spezifikationen, Mengen pro Verpackung und Preise zu erhalten.<\/p>\n<p>Hier alle Spezifikationen anzeigen<\/p>\n<p><a class=\"button-custom-product\" href=\"https:\/\/place-add.nl\/wp-content\/uploads\/2025\/06\/PA-prijslijst-Wetnap-duits.pdf\" target=\"_blank\" rel=\"noopener\">Hier alle Spezifikationen.<\/a> <button id=\"knop-contact-opnemen-overige-producten-de\">Kontaktieren Sie uns unverbindlich<\/button><\/p>\n","protected":false},"featured_media":38558,"template":"","meta":[],"product_brand":[],"product_cat":[857],"product_tag":[],"class_list":{"0":"post-42797","1":"product","2":"type-product","3":"status-publish","4":"has-post-thumbnail","6":"product_cat-erfrischungstuecher-de","8":"first","9":"instock","10":"taxable","11":"shipping-taxable","12":"purchasable","13":"product-type-variable"},"yoast_head":"<!-- This site is optimized with the Yoast SEO Premium plugin v27.2 (Yoast SEO v27.2) - https:\/\/yoast.com\/product\/yoast-seo-premium-wordpress\/ -->\n<title>Wet Naps | Place Add | F\u00fcr die Gastronomie<\/title>\n<meta name=\"description\" content=\"Wet Naps bietet Feuchtt\u00fccher f\u00fcr jeden Bedarf \u2013 von praktischen Einwegt\u00fcchern bis zu hochwertigen, wiederverwendbaren Varianten. Jetzt entdecken!\" \/>\n<meta name=\"robots\" content=\"index, follow, max-snippet:-1, max-image-preview:large, max-video-preview:-1\" \/>\n<link rel=\"canonical\" href=\"https:\/\/place-add.nl\/de\/produkt\/wet-naps\/\" \/>\n<meta property=\"og:locale\" content=\"de_DE\" \/>\n<meta property=\"og:type\" content=\"article\" \/>\n<meta property=\"og:title\" content=\"Wet Naps\" \/>\n<meta property=\"og:description\" content=\"Wet Naps bietet Feuchtt\u00fccher f\u00fcr jeden Bedarf \u2013 von praktischen Einwegt\u00fcchern bis zu hochwertigen, wiederverwendbaren Varianten. Jetzt entdecken!\" \/>\n<meta property=\"og:url\" content=\"https:\/\/place-add.nl\/de\/produkt\/wet-naps\/\" \/>\n<meta property=\"og:site_name\" content=\"Place Add\" \/>\n<meta property=\"article:publisher\" content=\"https:\/\/www.facebook.com\/PlaceAdd\/\" \/>\n<meta property=\"article:modified_time\" content=\"2025-07-02T12:58:13+00:00\" \/>\n<meta property=\"og:image\" content=\"https:\/\/place-add.nl\/wp-content\/uploads\/2024\/06\/wetnap-hoofd.webp\" \/>\n\t<meta property=\"og:image:width\" content=\"796\" \/>\n\t<meta property=\"og:image:height\" content=\"796\" \/>\n\t<meta property=\"og:image:type\" content=\"image\/webp\" \/>\n<meta name=\"twitter:card\" content=\"summary_large_image\" \/>\n<meta name=\"twitter:label1\" content=\"Gesch\u00e4tzte Lesezeit\" \/>\n\t<meta name=\"twitter:data1\" content=\"2\u00a0Minuten\" \/>\n<script type=\"application\/ld+json\" class=\"yoast-schema-graph\">{\"@context\":\"https:\/\/schema.org\",\"@graph\":[{\"@type\":\"WebPage\",\"@id\":\"https:\/\/place-add.nl\/de\/produkt\/wet-naps\/\",\"url\":\"https:\/\/place-add.nl\/de\/produkt\/wet-naps\/\",\"name\":\"Wet Naps | Place Add | F\u00fcr die Gastronomie\",\"isPartOf\":{\"@id\":\"https:\/\/place-add.nl\/de\/#website\"},\"primaryImageOfPage\":{\"@id\":\"https:\/\/place-add.nl\/de\/produkt\/wet-naps\/#primaryimage\"},\"image\":{\"@id\":\"https:\/\/place-add.nl\/de\/produkt\/wet-naps\/#primaryimage\"},\"thumbnailUrl\":\"https:\/\/place-add.nl\/wp-content\/uploads\/2024\/06\/wetnap-hoofd.webp\",\"datePublished\":\"2024-06-25T13:20:01+00:00\",\"dateModified\":\"2025-07-02T12:58:13+00:00\",\"description\":\"Wet Naps bietet Feuchtt\u00fccher f\u00fcr jeden Bedarf \u2013 von praktischen Einwegt\u00fcchern bis zu hochwertigen, wiederverwendbaren Varianten. Jetzt entdecken!\",\"breadcrumb\":{\"@id\":\"https:\/\/place-add.nl\/de\/produkt\/wet-naps\/#breadcrumb\"},\"inLanguage\":\"de\",\"potentialAction\":[{\"@type\":\"ReadAction\",\"target\":[\"https:\/\/place-add.nl\/de\/produkt\/wet-naps\/\"]}]},{\"@type\":\"ImageObject\",\"inLanguage\":\"de\",\"@id\":\"https:\/\/place-add.nl\/de\/produkt\/wet-naps\/#primaryimage\",\"url\":\"https:\/\/place-add.nl\/wp-content\/uploads\/2024\/06\/wetnap-hoofd.webp\",\"contentUrl\":\"https:\/\/place-add.nl\/wp-content\/uploads\/2024\/06\/wetnap-hoofd.webp\",\"width\":796,\"height\":796},{\"@type\":\"BreadcrumbList\",\"@id\":\"https:\/\/place-add.nl\/de\/produkt\/wet-naps\/#breadcrumb\",\"itemListElement\":[{\"@type\":\"ListItem\",\"position\":1,\"name\":\"Home\",\"item\":\"https:\/\/place-add.nl\/de\/home\/\"},{\"@type\":\"ListItem\",\"position\":2,\"name\":\"Shop\",\"item\":\"https:\/\/place-add.nl\/de\/shop\/\"},{\"@type\":\"ListItem\",\"position\":3,\"name\":\"Wet Naps\"}]},{\"@type\":\"WebSite\",\"@id\":\"https:\/\/place-add.nl\/de\/#website\",\"url\":\"https:\/\/place-add.nl\/de\/\",\"name\":\"Place Add\",\"description\":\"Tafelkleding voor de horeca\",\"publisher\":{\"@id\":\"https:\/\/place-add.nl\/de\/#organization\"},\"potentialAction\":[{\"@type\":\"SearchAction\",\"target\":{\"@type\":\"EntryPoint\",\"urlTemplate\":\"https:\/\/place-add.nl\/de\/?s={search_term_string}\"},\"query-input\":{\"@type\":\"PropertyValueSpecification\",\"valueRequired\":true,\"valueName\":\"search_term_string\"}}],\"inLanguage\":\"de\"},{\"@type\":\"Organization\",\"@id\":\"https:\/\/place-add.nl\/de\/#organization\",\"name\":\"Place Add\",\"url\":\"https:\/\/place-add.nl\/de\/\",\"logo\":{\"@type\":\"ImageObject\",\"inLanguage\":\"de\",\"@id\":\"https:\/\/place-add.nl\/de\/#\/schema\/logo\/image\/\",\"url\":\"https:\/\/place-add.nl\/wp-content\/uploads\/2023\/11\/logo-img-place-add.png\",\"contentUrl\":\"https:\/\/place-add.nl\/wp-content\/uploads\/2023\/11\/logo-img-place-add.png\",\"width\":404,\"height\":106,\"caption\":\"Place Add\"},\"image\":{\"@id\":\"https:\/\/place-add.nl\/de\/#\/schema\/logo\/image\/\"},\"sameAs\":[\"https:\/\/www.facebook.com\/PlaceAdd\/\",\"https:\/\/www.instagram.com\/place_add\/\",\"https:\/\/www.youtube.com\/@placeadd\"]}]}<\/script>\n<!-- \/ Yoast SEO Premium plugin. -->","yoast_head_json":{"title":"Wet Naps | Place Add | F\u00fcr die Gastronomie","description":"Wet Naps bietet Feuchtt\u00fccher f\u00fcr jeden Bedarf \u2013 von praktischen Einwegt\u00fcchern bis zu hochwertigen, wiederverwendbaren Varianten. Jetzt entdecken!","robots":{"index":"index","follow":"follow","max-snippet":"max-snippet:-1","max-image-preview":"max-image-preview:large","max-video-preview":"max-video-preview:-1"},"canonical":"https:\/\/place-add.nl\/de\/produkt\/wet-naps\/","og_locale":"de_DE","og_type":"article","og_title":"Wet Naps","og_description":"Wet Naps bietet Feuchtt\u00fccher f\u00fcr jeden Bedarf \u2013 von praktischen Einwegt\u00fcchern bis zu hochwertigen, wiederverwendbaren Varianten. Jetzt entdecken!","og_url":"https:\/\/place-add.nl\/de\/produkt\/wet-naps\/","og_site_name":"Place Add","article_publisher":"https:\/\/www.facebook.com\/PlaceAdd\/","article_modified_time":"2025-07-02T12:58:13+00:00","og_image":[{"width":796,"height":796,"url":"https:\/\/place-add.nl\/wp-content\/uploads\/2024\/06\/wetnap-hoofd.webp","type":"image\/webp"}],"twitter_card":"summary_large_image","twitter_misc":{"Gesch\u00e4tzte Lesezeit":"2\u00a0Minuten"},"schema":{"@context":"https:\/\/schema.org","@graph":[{"@type":"WebPage","@id":"https:\/\/place-add.nl\/de\/produkt\/wet-naps\/","url":"https:\/\/place-add.nl\/de\/produkt\/wet-naps\/","name":"Wet Naps | Place Add | F\u00fcr die Gastronomie","isPartOf":{"@id":"https:\/\/place-add.nl\/de\/#website"},"primaryImageOfPage":{"@id":"https:\/\/place-add.nl\/de\/produkt\/wet-naps\/#primaryimage"},"image":{"@id":"https:\/\/place-add.nl\/de\/produkt\/wet-naps\/#primaryimage"},"thumbnailUrl":"https:\/\/place-add.nl\/wp-content\/uploads\/2024\/06\/wetnap-hoofd.webp","datePublished":"2024-06-25T13:20:01+00:00","dateModified":"2025-07-02T12:58:13+00:00","description":"Wet Naps bietet Feuchtt\u00fccher f\u00fcr jeden Bedarf \u2013 von praktischen Einwegt\u00fcchern bis zu hochwertigen, wiederverwendbaren Varianten. Jetzt entdecken!","breadcrumb":{"@id":"https:\/\/place-add.nl\/de\/produkt\/wet-naps\/#breadcrumb"},"inLanguage":"de","potentialAction":[{"@type":"ReadAction","target":["https:\/\/place-add.nl\/de\/produkt\/wet-naps\/"]}]},{"@type":"ImageObject","inLanguage":"de","@id":"https:\/\/place-add.nl\/de\/produkt\/wet-naps\/#primaryimage","url":"https:\/\/place-add.nl\/wp-content\/uploads\/2024\/06\/wetnap-hoofd.webp","contentUrl":"https:\/\/place-add.nl\/wp-content\/uploads\/2024\/06\/wetnap-hoofd.webp","width":796,"height":796},{"@type":"BreadcrumbList","@id":"https:\/\/place-add.nl\/de\/produkt\/wet-naps\/#breadcrumb","itemListElement":[{"@type":"ListItem","position":1,"name":"Home","item":"https:\/\/place-add.nl\/de\/home\/"},{"@type":"ListItem","position":2,"name":"Shop","item":"https:\/\/place-add.nl\/de\/shop\/"},{"@type":"ListItem","position":3,"name":"Wet Naps"}]},{"@type":"WebSite","@id":"https:\/\/place-add.nl\/de\/#website","url":"https:\/\/place-add.nl\/de\/","name":"Place Add","description":"Tafelkleding voor de horeca","publisher":{"@id":"https:\/\/place-add.nl\/de\/#organization"},"potentialAction":[{"@type":"SearchAction","target":{"@type":"EntryPoint","urlTemplate":"https:\/\/place-add.nl\/de\/?s={search_term_string}"},"query-input":{"@type":"PropertyValueSpecification","valueRequired":true,"valueName":"search_term_string"}}],"inLanguage":"de"},{"@type":"Organization","@id":"https:\/\/place-add.nl\/de\/#organization","name":"Place Add","url":"https:\/\/place-add.nl\/de\/","logo":{"@type":"ImageObject","inLanguage":"de","@id":"https:\/\/place-add.nl\/de\/#\/schema\/logo\/image\/","url":"https:\/\/place-add.nl\/wp-content\/uploads\/2023\/11\/logo-img-place-add.png","contentUrl":"https:\/\/place-add.nl\/wp-content\/uploads\/2023\/11\/logo-img-place-add.png","width":404,"height":106,"caption":"Place Add"},"image":{"@id":"https:\/\/place-add.nl\/de\/#\/schema\/logo\/image\/"},"sameAs":["https:\/\/www.facebook.com\/PlaceAdd\/","https:\/\/www.instagram.com\/place_add\/","https:\/\/www.youtube.com\/@placeadd"]}]}},"_links":{"self":[{"href":"https:\/\/place-add.nl\/de\/wp-json\/wp\/v2\/product\/42797","targetHints":{"allow":["GET"]}}],"collection":[{"href":"https:\/\/place-add.nl\/de\/wp-json\/wp\/v2\/product"}],"about":[{"href":"https:\/\/place-add.nl\/de\/wp-json\/wp\/v2\/types\/product"}],"wp:featuredmedia":[{"embeddable":true,"href":"https:\/\/place-add.nl\/de\/wp-json\/wp\/v2\/media\/38558"}],"wp:attachment":[{"href":"https:\/\/place-add.nl\/de\/wp-json\/wp\/v2\/media?parent=42797"}],"wp:term":[{"taxonomy":"product_brand","embeddable":true,"href":"https:\/\/place-add.nl\/de\/wp-json\/wp\/v2\/product_brand?post=42797"},{"taxonomy":"product_cat","embeddable":true,"href":"https:\/\/place-add.nl\/de\/wp-json\/wp\/v2\/product_cat?post=42797"},{"taxonomy":"product_tag","embeddable":true,"href":"https:\/\/place-add.nl\/de\/wp-json\/wp\/v2\/product_tag?post=42797"}],"curies":[{"name":"wp","href":"https:\/\/api.w.org\/{rel}","templated":true}]}}