{"id":42805,"date":"2024-06-25T13:05:49","date_gmt":"2024-06-25T13:05:49","guid":{"rendered":"https:\/\/place-add.nl\/product\/placemat-kleurplaten\/"},"modified":"2025-07-02T11:28:48","modified_gmt":"2025-07-02T11:28:48","slug":"tischsets-malbilder","status":"publish","type":"product","link":"https:\/\/place-add.nl\/de\/produkt\/tischsets-malbilder\/","title":{"rendered":"Tischsets Malbilder"},"content":{"rendered":"<p><span data-mce-type=\"bookmark\" style=\"display: inline-block; width: 0px; overflow: hidden; line-height: 0;\" class=\"mce_SELRES_start\">\ufeff<\/span>Machen Sie das Warten auf die Mahlzeit f\u00fcr unsere kleinen G\u00e4ste mit unseren <strong>Papier Platzdeckchen Malvorlagen<\/strong>\u00a0lustiger! Diese verspielten Kinderplatzdeckchen sind so gestaltet, dass sie Kinder unterhalten und anregen, was zu einem angenehmen Esserlebnis f\u00fcr die ganze Familie f\u00fchrt. Mit verschiedenen unterhaltsamen Aktivit\u00e4ten besch\u00e4ftigen sie die Kinder und f\u00f6rdern ihre Kreativit\u00e4t.<\/p>\n<p>Unsere Platzdeckchen Malvorlagen sind in zwei fr\u00f6hlichen Varianten erh\u00e4ltlich:<\/p>\n<ol>\n<li><strong>Papier Malvorlage &#8211; Herr B\u00e4r<\/strong> : Dieses Platzdeckchen bietet eine Vielzahl von Aktivit\u00e4ten rund um das Thema Herr B\u00e4r:<\/li>\n<\/ol>\n<ul>\n<li><strong>Malvorlage:<\/strong> Versch\u00f6nern Sie Herrn B\u00e4r mit Buntstiften oder Filzstiften.<\/li>\n<li><strong>Labyrinth:<\/strong> Helfen Sie Herrn B\u00e4r, den Weg zu seinem Auto zu finden.<\/li>\n<li><strong>Reiseabenteuer:<\/strong> Malen Sie Herrn B\u00e4r und seine Freunde w\u00e4hrend ihrer Reise aus.<\/li>\n<li><strong>Wortsuche:<\/strong> Suchen Sie die versteckten W\u00f6rter im Koffer von Herrn B\u00e4r.<\/li>\n<li><strong>Finde die Unterschiede:<\/strong> Finden Sie die Unterschiede zwischen zwei Bildern von Herrn B\u00e4r und seinen Freunden.<\/li>\n<\/ul>\n<p>2. \u00a0<strong>Papier Malvorlage &#8211; Malen und Spielen:<\/strong> Dieses Platzdeckchen bietet eine Vielzahl von spielerischen Aktivit\u00e4ten:<\/p>\n<ul>\n<li><strong>Labyrinth:<\/strong> Helfen Sie dem Koch, seine Torte zu finden.<\/li>\n<li><strong>Malvorlage:<\/strong> Malen Sie eine sonnige Zeichnung f\u00fcr jemanden Besonderen aus.<\/li>\n<li><strong>\u00a0Vergleich:<\/strong> \u00dcberpr\u00fcfen Sie, ob die Figuren wirklich genau gleich sind.<\/li>\n<li><strong>Malvorlage:<\/strong> Kreieren Sie sch\u00f6ne, bunte Kleider f\u00fcr zwei M\u00e4dchen.<\/li>\n<\/ul>\n<p><strong>Verpackung:<\/strong> 1 St\u00fcck = 1 Box mit 1.000 St\u00fcck. Lassen Sie die Mahlzeit mit Spa\u00df und Kreativit\u00e4t beginnen!<\/p>\n<p>Lieber ein Platzdeckchen mit eigenem Design? Entdecken Sie die M\u00f6glichkeiten unserer <strong><a href=\"https:\/\/place-add.nl\/de\/produkt\/bedruckte-papier-tischsets\/\">Papier Bedruckten Platzdeckchen<\/a><\/strong>\u00a0oder <strong><a href=\"https:\/\/place-add.nl\/de\/tischaccessoires-co\/platzset\/\">luxuri\u00f6se wiederverwendbare Platzdeckchen<\/a><\/strong>.<\/p>\n<p>Schauen Sie auch auf unserer zweiten Website <strong><a href=\"https:\/\/www.craftontable.com\/collections\">Craftontable.com<\/a><\/strong>\u00a0vorbei, um noch mehr sch\u00f6ne Tischdekorationen zu entdecken!<\/p>\n<p><strong>Ben\u00f6tigen Sie pers\u00f6nliche Beratung bei Ihrer Auswahl? Z\u00f6gern Sie nicht, uns zu <a href=\"https:\/\/place-add.nl\/de\/kontakt\/\">kontaktieren<\/a>. Unser engagiertes Team steht Ihnen zur Verf\u00fcgung, um Sie bei der Auswahl der perfekten Men\u00fckarte f\u00fcr Ihr Unternehmen zu unterst\u00fctzen!<\/strong><\/p>\n<p><button id=\"knop-contact-opnemen-overige-producten-de\">Kontaktieren Sie uns unverbindlich<\/button><\/p>\n","protected":false},"excerpt":{"rendered":"<p>F\u00fcr unsere kleinen G\u00e4ste haben wir spielerische Kinderplatzdeckchen entworfen, die das Warten auf ihre Mahlzeit unterhaltsamer machen. Diese Papier-Platzdeckchen sind perfekt, um Kinder mit verschiedenen lustigen Aktivit\u00e4ten zu besch\u00e4ftigen. Sie bieten Unterhaltung und f\u00f6rdern die Kreativit\u00e4t der Kinder, was zu einem angenehmen Esserlebnis f\u00fcr die ganze Familie f\u00fchrt.<\/p>\n<p>Diese Platzdeckchen sind in zwei Varianten erh\u00e4ltlich: \u201eHerr B\u00e4r\u201c und \u201eF\u00e4rben und Spielen\u201c.<\/p>\n<p><strong>1 St\u00fcck = 1 Karton mit 1.000 St\u00fcck<\/strong><\/p>\n<p><button id=\"knop-contact-opnemen-overige-producten-de\">Kontaktieren Sie uns unverbindlich<\/button><\/p>\n","protected":false},"featured_media":40167,"template":"","meta":[],"product_brand":[],"product_cat":[993],"product_tag":[1314,1396,1324,1387],"class_list":{"0":"post-42805","1":"product","2":"type-product","3":"status-publish","4":"has-post-thumbnail","6":"product_cat-tischsets-disposable-webshop","7":"product_tag-ausmalbilder-tischsets","8":"product_tag-papiertischsets","9":"product_tag-unbedruckte-tischsets","10":"product_tag-weise-tischsets","12":"first","13":"instock","14":"taxable","15":"shipping-taxable","16":"purchasable","17":"product-type-variable"},"yoast_head":"<!-- This site is optimized with the Yoast SEO Premium plugin v27.2 (Yoast SEO v27.2) - https:\/\/yoast.com\/product\/yoast-seo-premium-wordpress\/ -->\n<title>Tischsets Malbilder | Place Add | F\u00fcr die Gastronomie<\/title>\n<meta name=\"description\" content=\"Tischsets Malbilders f\u00fcr Kinder, erh\u00e4ltlich in 2 Varianten. Ausmalseiten, Labyrinthe und mehr. Verpackt pro 1000 St\u00fcck, einfach online zu bestellen.\" \/>\n<meta name=\"robots\" content=\"index, follow, max-snippet:-1, max-image-preview:large, max-video-preview:-1\" \/>\n<link rel=\"canonical\" href=\"https:\/\/place-add.nl\/de\/produkt\/tischsets-malbilder\/\" \/>\n<meta property=\"og:locale\" content=\"de_DE\" \/>\n<meta property=\"og:type\" content=\"article\" \/>\n<meta property=\"og:title\" content=\"Tischsets Malbilder\" \/>\n<meta property=\"og:description\" content=\"Tischsets Malbilders f\u00fcr Kinder, erh\u00e4ltlich in 2 Varianten. Ausmalseiten, Labyrinthe und mehr. Verpackt pro 1000 St\u00fcck, einfach online zu bestellen.\" \/>\n<meta property=\"og:url\" content=\"https:\/\/place-add.nl\/de\/produkt\/tischsets-malbilder\/\" \/>\n<meta property=\"og:site_name\" content=\"Place Add\" \/>\n<meta property=\"article:publisher\" content=\"https:\/\/www.facebook.com\/PlaceAdd\/\" \/>\n<meta property=\"article:modified_time\" content=\"2025-07-02T11:28:48+00:00\" \/>\n<meta property=\"og:image\" content=\"https:\/\/place-add.nl\/wp-content\/uploads\/2024\/06\/Onbedrukt_Placemat_MrBeer_Place_Add_2_1.jpg\" \/>\n\t<meta property=\"og:image:width\" content=\"800\" \/>\n\t<meta property=\"og:image:height\" content=\"800\" \/>\n\t<meta property=\"og:image:type\" content=\"image\/jpeg\" \/>\n<meta name=\"twitter:card\" content=\"summary_large_image\" \/>\n<meta name=\"twitter:label1\" content=\"Gesch\u00e4tzte Lesezeit\" \/>\n\t<meta name=\"twitter:data1\" content=\"2\u00a0Minuten\" \/>\n<script type=\"application\/ld+json\" class=\"yoast-schema-graph\">{\"@context\":\"https:\/\/schema.org\",\"@graph\":[{\"@type\":\"WebPage\",\"@id\":\"https:\/\/place-add.nl\/de\/produkt\/tischsets-malbilder\/\",\"url\":\"https:\/\/place-add.nl\/de\/produkt\/tischsets-malbilder\/\",\"name\":\"Tischsets Malbilder | Place Add | F\u00fcr die Gastronomie\",\"isPartOf\":{\"@id\":\"https:\/\/place-add.nl\/de\/#website\"},\"primaryImageOfPage\":{\"@id\":\"https:\/\/place-add.nl\/de\/produkt\/tischsets-malbilder\/#primaryimage\"},\"image\":{\"@id\":\"https:\/\/place-add.nl\/de\/produkt\/tischsets-malbilder\/#primaryimage\"},\"thumbnailUrl\":\"https:\/\/place-add.nl\/wp-content\/uploads\/2024\/06\/Onbedrukt_Placemat_MrBeer_Place_Add_2_1.jpg\",\"datePublished\":\"2024-06-25T13:05:49+00:00\",\"dateModified\":\"2025-07-02T11:28:48+00:00\",\"description\":\"Tischsets Malbilders f\u00fcr Kinder, erh\u00e4ltlich in 2 Varianten. Ausmalseiten, Labyrinthe und mehr. Verpackt pro 1000 St\u00fcck, einfach online zu bestellen.\",\"breadcrumb\":{\"@id\":\"https:\/\/place-add.nl\/de\/produkt\/tischsets-malbilder\/#breadcrumb\"},\"inLanguage\":\"de\",\"potentialAction\":[{\"@type\":\"ReadAction\",\"target\":[\"https:\/\/place-add.nl\/de\/produkt\/tischsets-malbilder\/\"]}]},{\"@type\":\"ImageObject\",\"inLanguage\":\"de\",\"@id\":\"https:\/\/place-add.nl\/de\/produkt\/tischsets-malbilder\/#primaryimage\",\"url\":\"https:\/\/place-add.nl\/wp-content\/uploads\/2024\/06\/Onbedrukt_Placemat_MrBeer_Place_Add_2_1.jpg\",\"contentUrl\":\"https:\/\/place-add.nl\/wp-content\/uploads\/2024\/06\/Onbedrukt_Placemat_MrBeer_Place_Add_2_1.jpg\",\"width\":800,\"height\":800,\"caption\":\"Placemat Kleurplaten\"},{\"@type\":\"BreadcrumbList\",\"@id\":\"https:\/\/place-add.nl\/de\/produkt\/tischsets-malbilder\/#breadcrumb\",\"itemListElement\":[{\"@type\":\"ListItem\",\"position\":1,\"name\":\"Home\",\"item\":\"https:\/\/place-add.nl\/de\/home\/\"},{\"@type\":\"ListItem\",\"position\":2,\"name\":\"Shop\",\"item\":\"https:\/\/place-add.nl\/de\/shop\/\"},{\"@type\":\"ListItem\",\"position\":3,\"name\":\"Tischsets Malbilder\"}]},{\"@type\":\"WebSite\",\"@id\":\"https:\/\/place-add.nl\/de\/#website\",\"url\":\"https:\/\/place-add.nl\/de\/\",\"name\":\"Place Add\",\"description\":\"Tafelkleding voor de horeca\",\"publisher\":{\"@id\":\"https:\/\/place-add.nl\/de\/#organization\"},\"potentialAction\":[{\"@type\":\"SearchAction\",\"target\":{\"@type\":\"EntryPoint\",\"urlTemplate\":\"https:\/\/place-add.nl\/de\/?s={search_term_string}\"},\"query-input\":{\"@type\":\"PropertyValueSpecification\",\"valueRequired\":true,\"valueName\":\"search_term_string\"}}],\"inLanguage\":\"de\"},{\"@type\":\"Organization\",\"@id\":\"https:\/\/place-add.nl\/de\/#organization\",\"name\":\"Place Add\",\"url\":\"https:\/\/place-add.nl\/de\/\",\"logo\":{\"@type\":\"ImageObject\",\"inLanguage\":\"de\",\"@id\":\"https:\/\/place-add.nl\/de\/#\/schema\/logo\/image\/\",\"url\":\"https:\/\/place-add.nl\/wp-content\/uploads\/2023\/11\/logo-img-place-add.png\",\"contentUrl\":\"https:\/\/place-add.nl\/wp-content\/uploads\/2023\/11\/logo-img-place-add.png\",\"width\":404,\"height\":106,\"caption\":\"Place Add\"},\"image\":{\"@id\":\"https:\/\/place-add.nl\/de\/#\/schema\/logo\/image\/\"},\"sameAs\":[\"https:\/\/www.facebook.com\/PlaceAdd\/\",\"https:\/\/www.instagram.com\/place_add\/\",\"https:\/\/www.youtube.com\/@placeadd\"]}]}<\/script>\n<!-- \/ Yoast SEO Premium plugin. -->","yoast_head_json":{"title":"Tischsets Malbilder | Place Add | F\u00fcr die Gastronomie","description":"Tischsets Malbilders f\u00fcr Kinder, erh\u00e4ltlich in 2 Varianten. Ausmalseiten, Labyrinthe und mehr. Verpackt pro 1000 St\u00fcck, einfach online zu bestellen.","robots":{"index":"index","follow":"follow","max-snippet":"max-snippet:-1","max-image-preview":"max-image-preview:large","max-video-preview":"max-video-preview:-1"},"canonical":"https:\/\/place-add.nl\/de\/produkt\/tischsets-malbilder\/","og_locale":"de_DE","og_type":"article","og_title":"Tischsets Malbilder","og_description":"Tischsets Malbilders f\u00fcr Kinder, erh\u00e4ltlich in 2 Varianten. Ausmalseiten, Labyrinthe und mehr. Verpackt pro 1000 St\u00fcck, einfach online zu bestellen.","og_url":"https:\/\/place-add.nl\/de\/produkt\/tischsets-malbilder\/","og_site_name":"Place Add","article_publisher":"https:\/\/www.facebook.com\/PlaceAdd\/","article_modified_time":"2025-07-02T11:28:48+00:00","og_image":[{"width":800,"height":800,"url":"https:\/\/place-add.nl\/wp-content\/uploads\/2024\/06\/Onbedrukt_Placemat_MrBeer_Place_Add_2_1.jpg","type":"image\/jpeg"}],"twitter_card":"summary_large_image","twitter_misc":{"Gesch\u00e4tzte Lesezeit":"2\u00a0Minuten"},"schema":{"@context":"https:\/\/schema.org","@graph":[{"@type":"WebPage","@id":"https:\/\/place-add.nl\/de\/produkt\/tischsets-malbilder\/","url":"https:\/\/place-add.nl\/de\/produkt\/tischsets-malbilder\/","name":"Tischsets Malbilder | Place Add | F\u00fcr die Gastronomie","isPartOf":{"@id":"https:\/\/place-add.nl\/de\/#website"},"primaryImageOfPage":{"@id":"https:\/\/place-add.nl\/de\/produkt\/tischsets-malbilder\/#primaryimage"},"image":{"@id":"https:\/\/place-add.nl\/de\/produkt\/tischsets-malbilder\/#primaryimage"},"thumbnailUrl":"https:\/\/place-add.nl\/wp-content\/uploads\/2024\/06\/Onbedrukt_Placemat_MrBeer_Place_Add_2_1.jpg","datePublished":"2024-06-25T13:05:49+00:00","dateModified":"2025-07-02T11:28:48+00:00","description":"Tischsets Malbilders f\u00fcr Kinder, erh\u00e4ltlich in 2 Varianten. Ausmalseiten, Labyrinthe und mehr. Verpackt pro 1000 St\u00fcck, einfach online zu bestellen.","breadcrumb":{"@id":"https:\/\/place-add.nl\/de\/produkt\/tischsets-malbilder\/#breadcrumb"},"inLanguage":"de","potentialAction":[{"@type":"ReadAction","target":["https:\/\/place-add.nl\/de\/produkt\/tischsets-malbilder\/"]}]},{"@type":"ImageObject","inLanguage":"de","@id":"https:\/\/place-add.nl\/de\/produkt\/tischsets-malbilder\/#primaryimage","url":"https:\/\/place-add.nl\/wp-content\/uploads\/2024\/06\/Onbedrukt_Placemat_MrBeer_Place_Add_2_1.jpg","contentUrl":"https:\/\/place-add.nl\/wp-content\/uploads\/2024\/06\/Onbedrukt_Placemat_MrBeer_Place_Add_2_1.jpg","width":800,"height":800,"caption":"Placemat Kleurplaten"},{"@type":"BreadcrumbList","@id":"https:\/\/place-add.nl\/de\/produkt\/tischsets-malbilder\/#breadcrumb","itemListElement":[{"@type":"ListItem","position":1,"name":"Home","item":"https:\/\/place-add.nl\/de\/home\/"},{"@type":"ListItem","position":2,"name":"Shop","item":"https:\/\/place-add.nl\/de\/shop\/"},{"@type":"ListItem","position":3,"name":"Tischsets Malbilder"}]},{"@type":"WebSite","@id":"https:\/\/place-add.nl\/de\/#website","url":"https:\/\/place-add.nl\/de\/","name":"Place Add","description":"Tafelkleding voor de horeca","publisher":{"@id":"https:\/\/place-add.nl\/de\/#organization"},"potentialAction":[{"@type":"SearchAction","target":{"@type":"EntryPoint","urlTemplate":"https:\/\/place-add.nl\/de\/?s={search_term_string}"},"query-input":{"@type":"PropertyValueSpecification","valueRequired":true,"valueName":"search_term_string"}}],"inLanguage":"de"},{"@type":"Organization","@id":"https:\/\/place-add.nl\/de\/#organization","name":"Place Add","url":"https:\/\/place-add.nl\/de\/","logo":{"@type":"ImageObject","inLanguage":"de","@id":"https:\/\/place-add.nl\/de\/#\/schema\/logo\/image\/","url":"https:\/\/place-add.nl\/wp-content\/uploads\/2023\/11\/logo-img-place-add.png","contentUrl":"https:\/\/place-add.nl\/wp-content\/uploads\/2023\/11\/logo-img-place-add.png","width":404,"height":106,"caption":"Place Add"},"image":{"@id":"https:\/\/place-add.nl\/de\/#\/schema\/logo\/image\/"},"sameAs":["https:\/\/www.facebook.com\/PlaceAdd\/","https:\/\/www.instagram.com\/place_add\/","https:\/\/www.youtube.com\/@placeadd"]}]}},"_links":{"self":[{"href":"https:\/\/place-add.nl\/de\/wp-json\/wp\/v2\/product\/42805","targetHints":{"allow":["GET"]}}],"collection":[{"href":"https:\/\/place-add.nl\/de\/wp-json\/wp\/v2\/product"}],"about":[{"href":"https:\/\/place-add.nl\/de\/wp-json\/wp\/v2\/types\/product"}],"wp:featuredmedia":[{"embeddable":true,"href":"https:\/\/place-add.nl\/de\/wp-json\/wp\/v2\/media\/40167"}],"wp:attachment":[{"href":"https:\/\/place-add.nl\/de\/wp-json\/wp\/v2\/media?parent=42805"}],"wp:term":[{"taxonomy":"product_brand","embeddable":true,"href":"https:\/\/place-add.nl\/de\/wp-json\/wp\/v2\/product_brand?post=42805"},{"taxonomy":"product_cat","embeddable":true,"href":"https:\/\/place-add.nl\/de\/wp-json\/wp\/v2\/product_cat?post=42805"},{"taxonomy":"product_tag","embeddable":true,"href":"https:\/\/place-add.nl\/de\/wp-json\/wp\/v2\/product_tag?post=42805"}],"curies":[{"name":"wp","href":"https:\/\/api.w.org\/{rel}","templated":true}]}}