{"id":42809,"date":"2024-06-25T13:06:18","date_gmt":"2024-06-25T13:06:18","guid":{"rendered":"https:\/\/place-add.nl\/product\/placemats-eco-gekleurd\/"},"modified":"2025-06-10T06:51:31","modified_gmt":"2025-06-10T06:51:31","slug":"tischsets-eco-farbig","status":"publish","type":"product","link":"https:\/\/place-add.nl\/de\/produkt\/tischsets-eco-farbig\/","title":{"rendered":"Tischsets ECO farbig"},"content":{"rendered":"<p>Lernen Sie unsere <strong>ECO Farb-Platzdeckchen<\/strong>\u00a0kennen, die umweltfreundliche Wahl f\u00fcr Ihre Tischdekoration. Diese Platzdeckchen bestehen aus 100% nat\u00fcrlichen Materialien und kombinieren Stil mit Nachhaltigkeit, wodurch sie ideal f\u00fcr Restaurants, Caf\u00e9s, Veranstaltungen und den privaten Gebrauch sind. Hergestellt aus 100% nat\u00fcrlichen Materialien sind diese Platzdeckchen eine \u00f6kologische Option, die zu einer nachhaltigen Welt beitr\u00e4gt. Mit jedem Gebrauch unterst\u00fctzen Sie einen umweltfreundlichen Lebensstil.<\/p>\n<p>Unsere <strong>ECO Farb-Platzdeckchen<\/strong>\u00a0sind in vier stilvollen Farben erh\u00e4ltlich:<\/p>\n<p>\u2022 ECO Schwarz<\/p>\n<p>\u2022 ECO Braun<\/p>\n<p>\u2022 ECO Blau<\/p>\n<p>\u2022 ECO Bordeaux<\/p>\n<p>W\u00e4hlen Sie die Farbe, die am besten zu Ihrem Interieur oder dem Thema Ihrer Veranstaltung passt. Mit einem Preis von nur <strong>\u20ac 0,052 pro St\u00fcck <\/strong>bieten diese Platzdeckchen eine kosteneffektive L\u00f6sung, ohne Kompromisse bei der Qualit\u00e4t einzugehen. Ideal f\u00fcr jedes budgetbewusste Unternehmen oder Veranstaltung. Bestellen Sie Ihre Eco-Platzdeckchen bereits ab <strong>1.000 St\u00fcck <\/strong>, was sie perfekt f\u00fcr kleine und gro\u00dfe Veranstaltungen macht.<\/p>\n<p>W\u00e4hlen Sie unsere Eco-Platzdeckchen f\u00fcr eine stilvolle, praktische und umweltbewusste Erg\u00e4nzung Ihrer Tischdekoration. Perfekt f\u00fcr jede Gelegenheit und geeignet f\u00fcr den t\u00e4glichen Gebrauch. Machen Sie einen positiven Beitrag zur Umwelt, ohne Kompromisse bei Stil und Funktionalit\u00e4t einzugehen!<\/p>\n<p>Entdecken Sie auch mehr \u00fcber unsere bedruckten Platzdeckchen sehen Sie sich unsere <strong><a href=\"https:\/\/place-add.nl\/de\/tischaccessoires-co\/platzset\/\">Platzdeckchen aus anderen Materialien an<\/a><\/strong>! Schauen Sie auch auf unserer zweiten Website <strong><a href=\"https:\/\/www.craftontable.com\/collections\">Craftontable.com <\/a><\/strong>vorbei, f\u00fcr Men\u00fckarten mit weniger Personalisierungsoptionen, aber schnellerer Lieferzeit.<\/p>\n<p><strong>Ben\u00f6tigen Sie pers\u00f6nliche Beratung bei Ihrer Auswahl? Z\u00f6gern Sie nicht, uns zu <a href=\"https:\/\/place-add.nl\/de\/kontakt\/\">kontaktieren.<\/a> Unser engagiertes Team steht Ihnen zur Verf\u00fcgung, um Sie bei der Wahl der perfekten Men\u00fckarte f\u00fcr Ihr Unternehmen zu unterst\u00fctzen!<\/strong><\/p>\n<p><button id=\"knop-contact-opnemen-overige-producten-de\">Kontaktieren Sie uns unverbindlich<\/button><\/p>\n","protected":false},"excerpt":{"rendered":"<p>Lernen Sie unsere Eco-Platzdeck kennen, die umweltfreundliche Wahl f\u00fcr Ihre Tischdekoration. Diese Platzdeckchen bestehen aus 100% nat\u00fcrlichen Materialien und bieten sowohl Stil als auch Nachhaltigkeit. Ideal f\u00fcr Restaurants, Caf\u00e9s, Veranstaltungen und den Heimgebrauch.<\/p>\n<p><strong>Warum Sie sich f\u00fcr ECO-Platzdeck von Place Add entscheiden sollten:<\/strong><\/p>\n<p><strong>Nat\u00fcrliches Material:<\/strong> Hergestellt aus 100% nat\u00fcrlichen Materialien, sind diese Platzdeckchen eine umweltfreundliche Option, die zu einer nachhaltigen Welt beitr\u00e4gt.<\/p>\n<p><strong>Vielseitige Farben:<\/strong> Erh\u00e4ltlich in f\u00fcnf stilvollen Farben: Schwarz, Braun, Blau, Gr\u00fcn und Bordeaux. W\u00e4hlen Sie die Farbe, die am besten zu Ihrem Interieur oder Thema passt.<\/p>\n<p><strong>Erschwinglichkeit:<\/strong> Mit einem Preis von nur \u20ac 0,052 pro St\u00fcck bieten diese Platzdeckchen eine kosteneffiziente L\u00f6sung, ohne Kompromisse bei der Qualit\u00e4t einzugehen.<\/p>\n<p><strong>Minimale Bestellmenge:<\/strong> Bestellen Sie Ihre Eco-Platzdeck schon ab 1.000 St\u00fcck, perfekt f\u00fcr kleine und gro\u00dfe Veranstaltungen.<\/p>\n<p><strong>1 St\u00fcck = 1 Box mit 1000 St\u00fcck<\/strong><\/p>\n<p><button id=\"knop-contact-opnemen-overige-producten-de\">Kontaktieren Sie uns unverbindlich<\/button><\/p>\n","protected":false},"featured_media":40155,"template":"","meta":[],"product_brand":[],"product_cat":[993],"product_tag":[1282,1283,1331,1395,1324],"class_list":{"0":"post-42809","1":"product","2":"type-product","3":"status-publish","4":"has-post-thumbnail","6":"product_cat-tischsets-disposable-webshop","7":"product_tag-farbige-papiertischsets","8":"product_tag-farbige-tischsets","9":"product_tag-papieren-oko-placemats","10":"product_tag-tischsets-oko","11":"product_tag-unbedruckte-tischsets","13":"first","14":"instock","15":"taxable","16":"shipping-taxable","17":"purchasable","18":"product-type-variable"},"yoast_head":"<!-- This site is optimized with the Yoast SEO Premium plugin v27.2 (Yoast SEO v27.2) - https:\/\/yoast.com\/product\/yoast-seo-premium-wordpress\/ -->\n<title>Tischsets ECO farbig | Place Add | F\u00fcr die Gastronomie<\/title>\n<meta name=\"description\" content=\"Tischsets ECO farbig, 30 x 40 cm, ECO farbig aus 100% nat\u00fcrlichen Materialien, erh\u00e4ltlich in 5 Farben. Sie k\u00f6nnen bereits ab 1.000 St\u00fcck bestellen.\" \/>\n<meta name=\"robots\" content=\"index, follow, max-snippet:-1, max-image-preview:large, max-video-preview:-1\" \/>\n<link rel=\"canonical\" href=\"https:\/\/place-add.nl\/de\/produkt\/tischsets-eco-farbig\/\" \/>\n<meta property=\"og:locale\" content=\"de_DE\" \/>\n<meta property=\"og:type\" content=\"article\" \/>\n<meta property=\"og:title\" content=\"Tischsets ECO farbig\" \/>\n<meta property=\"og:description\" content=\"Tischsets ECO farbig, 30 x 40 cm, ECO farbig aus 100% nat\u00fcrlichen Materialien, erh\u00e4ltlich in 5 Farben. Sie k\u00f6nnen bereits ab 1.000 St\u00fcck bestellen.\" \/>\n<meta property=\"og:url\" content=\"https:\/\/place-add.nl\/de\/produkt\/tischsets-eco-farbig\/\" \/>\n<meta property=\"og:site_name\" content=\"Place Add\" \/>\n<meta property=\"article:publisher\" content=\"https:\/\/www.facebook.com\/PlaceAdd\/\" \/>\n<meta property=\"article:modified_time\" content=\"2025-06-10T06:51:31+00:00\" \/>\n<meta property=\"og:image\" content=\"https:\/\/place-add.nl\/wp-content\/uploads\/2024\/06\/Onbedrukt_Placemat_ECO_Place_Add_1-1.jpg\" \/>\n\t<meta property=\"og:image:width\" content=\"800\" \/>\n\t<meta property=\"og:image:height\" content=\"800\" \/>\n\t<meta property=\"og:image:type\" content=\"image\/jpeg\" \/>\n<meta name=\"twitter:card\" content=\"summary_large_image\" \/>\n<meta name=\"twitter:label1\" content=\"Gesch\u00e4tzte Lesezeit\" \/>\n\t<meta name=\"twitter:data1\" content=\"2\u00a0Minuten\" \/>\n<script type=\"application\/ld+json\" class=\"yoast-schema-graph\">{\"@context\":\"https:\/\/schema.org\",\"@graph\":[{\"@type\":\"WebPage\",\"@id\":\"https:\/\/place-add.nl\/de\/produkt\/tischsets-eco-farbig\/\",\"url\":\"https:\/\/place-add.nl\/de\/produkt\/tischsets-eco-farbig\/\",\"name\":\"Tischsets ECO farbig | Place Add | F\u00fcr die Gastronomie\",\"isPartOf\":{\"@id\":\"https:\/\/place-add.nl\/de\/#website\"},\"primaryImageOfPage\":{\"@id\":\"https:\/\/place-add.nl\/de\/produkt\/tischsets-eco-farbig\/#primaryimage\"},\"image\":{\"@id\":\"https:\/\/place-add.nl\/de\/produkt\/tischsets-eco-farbig\/#primaryimage\"},\"thumbnailUrl\":\"https:\/\/place-add.nl\/wp-content\/uploads\/2024\/06\/Onbedrukt_Placemat_ECO_Place_Add_1-1.jpg\",\"datePublished\":\"2024-06-25T13:06:18+00:00\",\"dateModified\":\"2025-06-10T06:51:31+00:00\",\"description\":\"Tischsets ECO farbig, 30 x 40 cm, ECO farbig aus 100% nat\u00fcrlichen Materialien, erh\u00e4ltlich in 5 Farben. Sie k\u00f6nnen bereits ab 1.000 St\u00fcck bestellen.\",\"breadcrumb\":{\"@id\":\"https:\/\/place-add.nl\/de\/produkt\/tischsets-eco-farbig\/#breadcrumb\"},\"inLanguage\":\"de\",\"potentialAction\":[{\"@type\":\"ReadAction\",\"target\":[\"https:\/\/place-add.nl\/de\/produkt\/tischsets-eco-farbig\/\"]}]},{\"@type\":\"ImageObject\",\"inLanguage\":\"de\",\"@id\":\"https:\/\/place-add.nl\/de\/produkt\/tischsets-eco-farbig\/#primaryimage\",\"url\":\"https:\/\/place-add.nl\/wp-content\/uploads\/2024\/06\/Onbedrukt_Placemat_ECO_Place_Add_1-1.jpg\",\"contentUrl\":\"https:\/\/place-add.nl\/wp-content\/uploads\/2024\/06\/Onbedrukt_Placemat_ECO_Place_Add_1-1.jpg\",\"width\":800,\"height\":800,\"caption\":\"Placemats ECO gekleurd\"},{\"@type\":\"BreadcrumbList\",\"@id\":\"https:\/\/place-add.nl\/de\/produkt\/tischsets-eco-farbig\/#breadcrumb\",\"itemListElement\":[{\"@type\":\"ListItem\",\"position\":1,\"name\":\"Home\",\"item\":\"https:\/\/place-add.nl\/de\/home\/\"},{\"@type\":\"ListItem\",\"position\":2,\"name\":\"Shop\",\"item\":\"https:\/\/place-add.nl\/de\/shop\/\"},{\"@type\":\"ListItem\",\"position\":3,\"name\":\"Tischsets ECO farbig\"}]},{\"@type\":\"WebSite\",\"@id\":\"https:\/\/place-add.nl\/de\/#website\",\"url\":\"https:\/\/place-add.nl\/de\/\",\"name\":\"Place Add\",\"description\":\"Tafelkleding voor de horeca\",\"publisher\":{\"@id\":\"https:\/\/place-add.nl\/de\/#organization\"},\"potentialAction\":[{\"@type\":\"SearchAction\",\"target\":{\"@type\":\"EntryPoint\",\"urlTemplate\":\"https:\/\/place-add.nl\/de\/?s={search_term_string}\"},\"query-input\":{\"@type\":\"PropertyValueSpecification\",\"valueRequired\":true,\"valueName\":\"search_term_string\"}}],\"inLanguage\":\"de\"},{\"@type\":\"Organization\",\"@id\":\"https:\/\/place-add.nl\/de\/#organization\",\"name\":\"Place Add\",\"url\":\"https:\/\/place-add.nl\/de\/\",\"logo\":{\"@type\":\"ImageObject\",\"inLanguage\":\"de\",\"@id\":\"https:\/\/place-add.nl\/de\/#\/schema\/logo\/image\/\",\"url\":\"https:\/\/place-add.nl\/wp-content\/uploads\/2023\/11\/logo-img-place-add.png\",\"contentUrl\":\"https:\/\/place-add.nl\/wp-content\/uploads\/2023\/11\/logo-img-place-add.png\",\"width\":404,\"height\":106,\"caption\":\"Place Add\"},\"image\":{\"@id\":\"https:\/\/place-add.nl\/de\/#\/schema\/logo\/image\/\"},\"sameAs\":[\"https:\/\/www.facebook.com\/PlaceAdd\/\",\"https:\/\/www.instagram.com\/place_add\/\",\"https:\/\/www.youtube.com\/@placeadd\"]}]}<\/script>\n<!-- \/ Yoast SEO Premium plugin. -->","yoast_head_json":{"title":"Tischsets ECO farbig | Place Add | F\u00fcr die Gastronomie","description":"Tischsets ECO farbig, 30 x 40 cm, ECO farbig aus 100% nat\u00fcrlichen Materialien, erh\u00e4ltlich in 5 Farben. Sie k\u00f6nnen bereits ab 1.000 St\u00fcck bestellen.","robots":{"index":"index","follow":"follow","max-snippet":"max-snippet:-1","max-image-preview":"max-image-preview:large","max-video-preview":"max-video-preview:-1"},"canonical":"https:\/\/place-add.nl\/de\/produkt\/tischsets-eco-farbig\/","og_locale":"de_DE","og_type":"article","og_title":"Tischsets ECO farbig","og_description":"Tischsets ECO farbig, 30 x 40 cm, ECO farbig aus 100% nat\u00fcrlichen Materialien, erh\u00e4ltlich in 5 Farben. Sie k\u00f6nnen bereits ab 1.000 St\u00fcck bestellen.","og_url":"https:\/\/place-add.nl\/de\/produkt\/tischsets-eco-farbig\/","og_site_name":"Place Add","article_publisher":"https:\/\/www.facebook.com\/PlaceAdd\/","article_modified_time":"2025-06-10T06:51:31+00:00","og_image":[{"width":800,"height":800,"url":"https:\/\/place-add.nl\/wp-content\/uploads\/2024\/06\/Onbedrukt_Placemat_ECO_Place_Add_1-1.jpg","type":"image\/jpeg"}],"twitter_card":"summary_large_image","twitter_misc":{"Gesch\u00e4tzte Lesezeit":"2\u00a0Minuten"},"schema":{"@context":"https:\/\/schema.org","@graph":[{"@type":"WebPage","@id":"https:\/\/place-add.nl\/de\/produkt\/tischsets-eco-farbig\/","url":"https:\/\/place-add.nl\/de\/produkt\/tischsets-eco-farbig\/","name":"Tischsets ECO farbig | Place Add | F\u00fcr die Gastronomie","isPartOf":{"@id":"https:\/\/place-add.nl\/de\/#website"},"primaryImageOfPage":{"@id":"https:\/\/place-add.nl\/de\/produkt\/tischsets-eco-farbig\/#primaryimage"},"image":{"@id":"https:\/\/place-add.nl\/de\/produkt\/tischsets-eco-farbig\/#primaryimage"},"thumbnailUrl":"https:\/\/place-add.nl\/wp-content\/uploads\/2024\/06\/Onbedrukt_Placemat_ECO_Place_Add_1-1.jpg","datePublished":"2024-06-25T13:06:18+00:00","dateModified":"2025-06-10T06:51:31+00:00","description":"Tischsets ECO farbig, 30 x 40 cm, ECO farbig aus 100% nat\u00fcrlichen Materialien, erh\u00e4ltlich in 5 Farben. Sie k\u00f6nnen bereits ab 1.000 St\u00fcck bestellen.","breadcrumb":{"@id":"https:\/\/place-add.nl\/de\/produkt\/tischsets-eco-farbig\/#breadcrumb"},"inLanguage":"de","potentialAction":[{"@type":"ReadAction","target":["https:\/\/place-add.nl\/de\/produkt\/tischsets-eco-farbig\/"]}]},{"@type":"ImageObject","inLanguage":"de","@id":"https:\/\/place-add.nl\/de\/produkt\/tischsets-eco-farbig\/#primaryimage","url":"https:\/\/place-add.nl\/wp-content\/uploads\/2024\/06\/Onbedrukt_Placemat_ECO_Place_Add_1-1.jpg","contentUrl":"https:\/\/place-add.nl\/wp-content\/uploads\/2024\/06\/Onbedrukt_Placemat_ECO_Place_Add_1-1.jpg","width":800,"height":800,"caption":"Placemats ECO gekleurd"},{"@type":"BreadcrumbList","@id":"https:\/\/place-add.nl\/de\/produkt\/tischsets-eco-farbig\/#breadcrumb","itemListElement":[{"@type":"ListItem","position":1,"name":"Home","item":"https:\/\/place-add.nl\/de\/home\/"},{"@type":"ListItem","position":2,"name":"Shop","item":"https:\/\/place-add.nl\/de\/shop\/"},{"@type":"ListItem","position":3,"name":"Tischsets ECO farbig"}]},{"@type":"WebSite","@id":"https:\/\/place-add.nl\/de\/#website","url":"https:\/\/place-add.nl\/de\/","name":"Place Add","description":"Tafelkleding voor de horeca","publisher":{"@id":"https:\/\/place-add.nl\/de\/#organization"},"potentialAction":[{"@type":"SearchAction","target":{"@type":"EntryPoint","urlTemplate":"https:\/\/place-add.nl\/de\/?s={search_term_string}"},"query-input":{"@type":"PropertyValueSpecification","valueRequired":true,"valueName":"search_term_string"}}],"inLanguage":"de"},{"@type":"Organization","@id":"https:\/\/place-add.nl\/de\/#organization","name":"Place Add","url":"https:\/\/place-add.nl\/de\/","logo":{"@type":"ImageObject","inLanguage":"de","@id":"https:\/\/place-add.nl\/de\/#\/schema\/logo\/image\/","url":"https:\/\/place-add.nl\/wp-content\/uploads\/2023\/11\/logo-img-place-add.png","contentUrl":"https:\/\/place-add.nl\/wp-content\/uploads\/2023\/11\/logo-img-place-add.png","width":404,"height":106,"caption":"Place Add"},"image":{"@id":"https:\/\/place-add.nl\/de\/#\/schema\/logo\/image\/"},"sameAs":["https:\/\/www.facebook.com\/PlaceAdd\/","https:\/\/www.instagram.com\/place_add\/","https:\/\/www.youtube.com\/@placeadd"]}]}},"_links":{"self":[{"href":"https:\/\/place-add.nl\/de\/wp-json\/wp\/v2\/product\/42809","targetHints":{"allow":["GET"]}}],"collection":[{"href":"https:\/\/place-add.nl\/de\/wp-json\/wp\/v2\/product"}],"about":[{"href":"https:\/\/place-add.nl\/de\/wp-json\/wp\/v2\/types\/product"}],"wp:featuredmedia":[{"embeddable":true,"href":"https:\/\/place-add.nl\/de\/wp-json\/wp\/v2\/media\/40155"}],"wp:attachment":[{"href":"https:\/\/place-add.nl\/de\/wp-json\/wp\/v2\/media?parent=42809"}],"wp:term":[{"taxonomy":"product_brand","embeddable":true,"href":"https:\/\/place-add.nl\/de\/wp-json\/wp\/v2\/product_brand?post=42809"},{"taxonomy":"product_cat","embeddable":true,"href":"https:\/\/place-add.nl\/de\/wp-json\/wp\/v2\/product_cat?post=42809"},{"taxonomy":"product_tag","embeddable":true,"href":"https:\/\/place-add.nl\/de\/wp-json\/wp\/v2\/product_tag?post=42809"}],"curies":[{"name":"wp","href":"https:\/\/api.w.org\/{rel}","templated":true}]}}