{"id":42816,"date":"2024-06-25T12:55:08","date_gmt":"2024-06-25T12:55:08","guid":{"rendered":"https:\/\/place-add.nl\/product\/bestekzakje-met-tekst-eco\/"},"modified":"2025-07-02T12:08:28","modified_gmt":"2025-07-02T12:08:28","slug":"eco-bestecktaschen-mit-text","status":"publish","type":"product","link":"https:\/\/place-add.nl\/de\/produkt\/eco-bestecktaschen-mit-text\/","title":{"rendered":"ECO-Bestecktaschen mit Text"},"content":{"rendered":"<p>Setzen Sie auf Nachhaltigkeit und Originalit\u00e4t mit unseren Bestecktaschen aus ungebleichtem ECO-Papier. Perfekt f\u00fcr jedes Restaurant, jede Veranstaltung und jedes Hotel!<\/p>\n<p><strong>Brauchen Sie eine pers\u00f6nliche Beratung bei der Auswahl der richtigen Servietten f\u00fcr Ihren Anlass? Dann z\u00f6gern Sie nicht, uns zu <a href=\"https:\/\/place-add.nl\/de\/kontakt\/\">kontaktieren.<\/a><\/strong> Unser engagiertes Team hilft Ihnen gerne, die perfekte Wahl f\u00fcr Ihre speziellen Bed\u00fcrfnisse zu treffen.<\/p>\n<p><button id=\"knop-contact-opnemen-overige-producten-de\">Kontaktieren Sie uns unverbindlich<\/button><\/p>\n","protected":false},"excerpt":{"rendered":"<p>Lernen Sie unsere nachhaltigen Bestecktaschen mit Text kennen, die aus ungebleichtem ECO-Papier bestehen. Diese umweltfreundlichen Bestecktaschen verbinden Funktionalit\u00e4t mit einem originellen Look und passen perfekt zu jedem gedeckten Tisch.<\/p>\n<p><strong>Warum w\u00e4hlen Sie ECO-Bestecktaschen mit Text:<\/strong><\/p>\n<ul>\n<li><strong>Nachhaltiges Material:<\/strong> Diese Bestecktaschen aus ungebleichtem ECO-Papier sind eine umweltfreundliche Wahl f\u00fcr Ihren gedeckten Tisch.<\/li>\n<li><strong>Originelle Texte:<\/strong> Jede Tasche enth\u00e4lt einen von 5 verschiedenen originellen Texten, die Ihre G\u00e4ste \u00fcberraschen und unterhalten werden. Siehe Fotos f\u00fcr die einzelnen Designs.<\/li>\n<li><strong>Gemischte Verpackung:<\/strong> Die 5 verschiedenen Drucke sind gemischt verpackt, was f\u00fcr Abwechslung und eine einzigartige Pr\u00e4sentation sorgt. Jede Schachtel enth\u00e4lt 500 St\u00fcck.<\/li>\n<li><strong>Farbe und Design:<\/strong> Die nat\u00fcrliche Farbe des ungebleichten Papiers verleiht einen rustikalen und charmanten Look. Die mitgelieferte Stoffserviette ist in frischem Wei\u00df gehalten und sorgt f\u00fcr ein sauberes und elegantes Aussehen.<\/li>\n<\/ul>\n<p><strong>1 St\u00fcck = 1 Karton mit 500 St\u00fcck<\/strong><\/p>\n<p><button id=\"knop-contact-opnemen-overige-producten-de\">Kontaktieren Sie uns unverbindlich<\/button><\/p>\n","protected":false},"featured_media":40514,"template":"","meta":[],"product_brand":[],"product_cat":[856],"product_tag":[1193,1148,1398],"class_list":{"0":"post-42816","1":"product","2":"type-product","3":"status-publish","4":"has-post-thumbnail","6":"product_cat-bestecktaschen-einwegartikel-webshop","7":"product_tag-bestecktaschen-mit-text","8":"product_tag-oko-bestecktaschen","9":"product_tag-unbedruckte-bestecktaschen","11":"first","12":"instock","13":"taxable","14":"shipping-taxable","15":"purchasable","16":"product-type-simple"},"yoast_head":"<!-- This site is optimized with the Yoast SEO Premium plugin v27.2 (Yoast SEO v27.2) - https:\/\/yoast.com\/product\/yoast-seo-premium-wordpress\/ -->\n<title>ECO-Bestecktaschen mit Text | Place Add | F\u00fcr die Gastronomie<\/title>\n<meta name=\"description\" content=\"Strapazierf\u00e4hige Bestecktaschen aus ungebleichtem ECO-Papier mit 5 Originaltexten. Ab Lager lieferbar, Umweltfreundlich und stilvoll.\" \/>\n<meta name=\"robots\" content=\"index, follow, max-snippet:-1, max-image-preview:large, max-video-preview:-1\" \/>\n<link rel=\"canonical\" href=\"https:\/\/place-add.nl\/de\/produkt\/eco-bestecktaschen-mit-text\/\" \/>\n<meta property=\"og:locale\" content=\"de_DE\" \/>\n<meta property=\"og:type\" content=\"article\" \/>\n<meta property=\"og:title\" content=\"ECO-Bestecktaschen mit Text\" \/>\n<meta property=\"og:description\" content=\"Strapazierf\u00e4hige Bestecktaschen aus ungebleichtem ECO-Papier mit 5 Originaltexten. Ab Lager lieferbar, Umweltfreundlich und stilvoll.\" \/>\n<meta property=\"og:url\" content=\"https:\/\/place-add.nl\/de\/produkt\/eco-bestecktaschen-mit-text\/\" \/>\n<meta property=\"og:site_name\" content=\"Place Add\" \/>\n<meta property=\"article:publisher\" content=\"https:\/\/www.facebook.com\/PlaceAdd\/\" \/>\n<meta property=\"article:modified_time\" content=\"2025-07-02T12:08:28+00:00\" \/>\n<meta property=\"og:image\" content=\"https:\/\/place-add.nl\/wp-content\/uploads\/2024\/06\/Onbedrukt_ECO_ASSORTI_Bestekzakje_Place_Add_2-scaled.jpg\" \/>\n\t<meta property=\"og:image:width\" content=\"1000\" \/>\n\t<meta property=\"og:image:height\" content=\"1000\" \/>\n\t<meta property=\"og:image:type\" content=\"image\/jpeg\" \/>\n<meta name=\"twitter:card\" content=\"summary_large_image\" \/>\n<meta name=\"twitter:label1\" content=\"Gesch\u00e4tzte Lesezeit\" \/>\n\t<meta name=\"twitter:data1\" content=\"1\u00a0Minute\" \/>\n<script type=\"application\/ld+json\" class=\"yoast-schema-graph\">{\"@context\":\"https:\/\/schema.org\",\"@graph\":[{\"@type\":\"WebPage\",\"@id\":\"https:\/\/place-add.nl\/de\/produkt\/eco-bestecktaschen-mit-text\/\",\"url\":\"https:\/\/place-add.nl\/de\/produkt\/eco-bestecktaschen-mit-text\/\",\"name\":\"ECO-Bestecktaschen mit Text | Place Add | F\u00fcr die Gastronomie\",\"isPartOf\":{\"@id\":\"https:\/\/place-add.nl\/de\/#website\"},\"primaryImageOfPage\":{\"@id\":\"https:\/\/place-add.nl\/de\/produkt\/eco-bestecktaschen-mit-text\/#primaryimage\"},\"image\":{\"@id\":\"https:\/\/place-add.nl\/de\/produkt\/eco-bestecktaschen-mit-text\/#primaryimage\"},\"thumbnailUrl\":\"https:\/\/place-add.nl\/wp-content\/uploads\/2024\/06\/Onbedrukt_ECO_ASSORTI_Bestekzakje_Place_Add_2-scaled.jpg\",\"datePublished\":\"2024-06-25T12:55:08+00:00\",\"dateModified\":\"2025-07-02T12:08:28+00:00\",\"description\":\"Strapazierf\u00e4hige Bestecktaschen aus ungebleichtem ECO-Papier mit 5 Originaltexten. Ab Lager lieferbar, Umweltfreundlich und stilvoll.\",\"breadcrumb\":{\"@id\":\"https:\/\/place-add.nl\/de\/produkt\/eco-bestecktaschen-mit-text\/#breadcrumb\"},\"inLanguage\":\"de\",\"potentialAction\":[{\"@type\":\"ReadAction\",\"target\":[\"https:\/\/place-add.nl\/de\/produkt\/eco-bestecktaschen-mit-text\/\"]}]},{\"@type\":\"ImageObject\",\"inLanguage\":\"de\",\"@id\":\"https:\/\/place-add.nl\/de\/produkt\/eco-bestecktaschen-mit-text\/#primaryimage\",\"url\":\"https:\/\/place-add.nl\/wp-content\/uploads\/2024\/06\/Onbedrukt_ECO_ASSORTI_Bestekzakje_Place_Add_2-scaled.jpg\",\"contentUrl\":\"https:\/\/place-add.nl\/wp-content\/uploads\/2024\/06\/Onbedrukt_ECO_ASSORTI_Bestekzakje_Place_Add_2-scaled.jpg\",\"width\":1000,\"height\":1000},{\"@type\":\"BreadcrumbList\",\"@id\":\"https:\/\/place-add.nl\/de\/produkt\/eco-bestecktaschen-mit-text\/#breadcrumb\",\"itemListElement\":[{\"@type\":\"ListItem\",\"position\":1,\"name\":\"Home\",\"item\":\"https:\/\/place-add.nl\/de\/home\/\"},{\"@type\":\"ListItem\",\"position\":2,\"name\":\"Shop\",\"item\":\"https:\/\/place-add.nl\/de\/shop\/\"},{\"@type\":\"ListItem\",\"position\":3,\"name\":\"ECO-Bestecktaschen mit Text\"}]},{\"@type\":\"WebSite\",\"@id\":\"https:\/\/place-add.nl\/de\/#website\",\"url\":\"https:\/\/place-add.nl\/de\/\",\"name\":\"Place Add\",\"description\":\"Tafelkleding voor de horeca\",\"publisher\":{\"@id\":\"https:\/\/place-add.nl\/de\/#organization\"},\"potentialAction\":[{\"@type\":\"SearchAction\",\"target\":{\"@type\":\"EntryPoint\",\"urlTemplate\":\"https:\/\/place-add.nl\/de\/?s={search_term_string}\"},\"query-input\":{\"@type\":\"PropertyValueSpecification\",\"valueRequired\":true,\"valueName\":\"search_term_string\"}}],\"inLanguage\":\"de\"},{\"@type\":\"Organization\",\"@id\":\"https:\/\/place-add.nl\/de\/#organization\",\"name\":\"Place Add\",\"url\":\"https:\/\/place-add.nl\/de\/\",\"logo\":{\"@type\":\"ImageObject\",\"inLanguage\":\"de\",\"@id\":\"https:\/\/place-add.nl\/de\/#\/schema\/logo\/image\/\",\"url\":\"https:\/\/place-add.nl\/wp-content\/uploads\/2023\/11\/logo-img-place-add.png\",\"contentUrl\":\"https:\/\/place-add.nl\/wp-content\/uploads\/2023\/11\/logo-img-place-add.png\",\"width\":404,\"height\":106,\"caption\":\"Place Add\"},\"image\":{\"@id\":\"https:\/\/place-add.nl\/de\/#\/schema\/logo\/image\/\"},\"sameAs\":[\"https:\/\/www.facebook.com\/PlaceAdd\/\",\"https:\/\/www.instagram.com\/place_add\/\",\"https:\/\/www.youtube.com\/@placeadd\"]}]}<\/script>\n<!-- \/ Yoast SEO Premium plugin. -->","yoast_head_json":{"title":"ECO-Bestecktaschen mit Text | Place Add | F\u00fcr die Gastronomie","description":"Strapazierf\u00e4hige Bestecktaschen aus ungebleichtem ECO-Papier mit 5 Originaltexten. Ab Lager lieferbar, Umweltfreundlich und stilvoll.","robots":{"index":"index","follow":"follow","max-snippet":"max-snippet:-1","max-image-preview":"max-image-preview:large","max-video-preview":"max-video-preview:-1"},"canonical":"https:\/\/place-add.nl\/de\/produkt\/eco-bestecktaschen-mit-text\/","og_locale":"de_DE","og_type":"article","og_title":"ECO-Bestecktaschen mit Text","og_description":"Strapazierf\u00e4hige Bestecktaschen aus ungebleichtem ECO-Papier mit 5 Originaltexten. Ab Lager lieferbar, Umweltfreundlich und stilvoll.","og_url":"https:\/\/place-add.nl\/de\/produkt\/eco-bestecktaschen-mit-text\/","og_site_name":"Place Add","article_publisher":"https:\/\/www.facebook.com\/PlaceAdd\/","article_modified_time":"2025-07-02T12:08:28+00:00","og_image":[{"width":1000,"height":1000,"url":"https:\/\/place-add.nl\/wp-content\/uploads\/2024\/06\/Onbedrukt_ECO_ASSORTI_Bestekzakje_Place_Add_2-scaled.jpg","type":"image\/jpeg"}],"twitter_card":"summary_large_image","twitter_misc":{"Gesch\u00e4tzte Lesezeit":"1\u00a0Minute"},"schema":{"@context":"https:\/\/schema.org","@graph":[{"@type":"WebPage","@id":"https:\/\/place-add.nl\/de\/produkt\/eco-bestecktaschen-mit-text\/","url":"https:\/\/place-add.nl\/de\/produkt\/eco-bestecktaschen-mit-text\/","name":"ECO-Bestecktaschen mit Text | Place Add | F\u00fcr die Gastronomie","isPartOf":{"@id":"https:\/\/place-add.nl\/de\/#website"},"primaryImageOfPage":{"@id":"https:\/\/place-add.nl\/de\/produkt\/eco-bestecktaschen-mit-text\/#primaryimage"},"image":{"@id":"https:\/\/place-add.nl\/de\/produkt\/eco-bestecktaschen-mit-text\/#primaryimage"},"thumbnailUrl":"https:\/\/place-add.nl\/wp-content\/uploads\/2024\/06\/Onbedrukt_ECO_ASSORTI_Bestekzakje_Place_Add_2-scaled.jpg","datePublished":"2024-06-25T12:55:08+00:00","dateModified":"2025-07-02T12:08:28+00:00","description":"Strapazierf\u00e4hige Bestecktaschen aus ungebleichtem ECO-Papier mit 5 Originaltexten. Ab Lager lieferbar, Umweltfreundlich und stilvoll.","breadcrumb":{"@id":"https:\/\/place-add.nl\/de\/produkt\/eco-bestecktaschen-mit-text\/#breadcrumb"},"inLanguage":"de","potentialAction":[{"@type":"ReadAction","target":["https:\/\/place-add.nl\/de\/produkt\/eco-bestecktaschen-mit-text\/"]}]},{"@type":"ImageObject","inLanguage":"de","@id":"https:\/\/place-add.nl\/de\/produkt\/eco-bestecktaschen-mit-text\/#primaryimage","url":"https:\/\/place-add.nl\/wp-content\/uploads\/2024\/06\/Onbedrukt_ECO_ASSORTI_Bestekzakje_Place_Add_2-scaled.jpg","contentUrl":"https:\/\/place-add.nl\/wp-content\/uploads\/2024\/06\/Onbedrukt_ECO_ASSORTI_Bestekzakje_Place_Add_2-scaled.jpg","width":1000,"height":1000},{"@type":"BreadcrumbList","@id":"https:\/\/place-add.nl\/de\/produkt\/eco-bestecktaschen-mit-text\/#breadcrumb","itemListElement":[{"@type":"ListItem","position":1,"name":"Home","item":"https:\/\/place-add.nl\/de\/home\/"},{"@type":"ListItem","position":2,"name":"Shop","item":"https:\/\/place-add.nl\/de\/shop\/"},{"@type":"ListItem","position":3,"name":"ECO-Bestecktaschen mit Text"}]},{"@type":"WebSite","@id":"https:\/\/place-add.nl\/de\/#website","url":"https:\/\/place-add.nl\/de\/","name":"Place Add","description":"Tafelkleding voor de horeca","publisher":{"@id":"https:\/\/place-add.nl\/de\/#organization"},"potentialAction":[{"@type":"SearchAction","target":{"@type":"EntryPoint","urlTemplate":"https:\/\/place-add.nl\/de\/?s={search_term_string}"},"query-input":{"@type":"PropertyValueSpecification","valueRequired":true,"valueName":"search_term_string"}}],"inLanguage":"de"},{"@type":"Organization","@id":"https:\/\/place-add.nl\/de\/#organization","name":"Place Add","url":"https:\/\/place-add.nl\/de\/","logo":{"@type":"ImageObject","inLanguage":"de","@id":"https:\/\/place-add.nl\/de\/#\/schema\/logo\/image\/","url":"https:\/\/place-add.nl\/wp-content\/uploads\/2023\/11\/logo-img-place-add.png","contentUrl":"https:\/\/place-add.nl\/wp-content\/uploads\/2023\/11\/logo-img-place-add.png","width":404,"height":106,"caption":"Place Add"},"image":{"@id":"https:\/\/place-add.nl\/de\/#\/schema\/logo\/image\/"},"sameAs":["https:\/\/www.facebook.com\/PlaceAdd\/","https:\/\/www.instagram.com\/place_add\/","https:\/\/www.youtube.com\/@placeadd"]}]}},"_links":{"self":[{"href":"https:\/\/place-add.nl\/de\/wp-json\/wp\/v2\/product\/42816","targetHints":{"allow":["GET"]}}],"collection":[{"href":"https:\/\/place-add.nl\/de\/wp-json\/wp\/v2\/product"}],"about":[{"href":"https:\/\/place-add.nl\/de\/wp-json\/wp\/v2\/types\/product"}],"wp:featuredmedia":[{"embeddable":true,"href":"https:\/\/place-add.nl\/de\/wp-json\/wp\/v2\/media\/40514"}],"wp:attachment":[{"href":"https:\/\/place-add.nl\/de\/wp-json\/wp\/v2\/media?parent=42816"}],"wp:term":[{"taxonomy":"product_brand","embeddable":true,"href":"https:\/\/place-add.nl\/de\/wp-json\/wp\/v2\/product_brand?post=42816"},{"taxonomy":"product_cat","embeddable":true,"href":"https:\/\/place-add.nl\/de\/wp-json\/wp\/v2\/product_cat?post=42816"},{"taxonomy":"product_tag","embeddable":true,"href":"https:\/\/place-add.nl\/de\/wp-json\/wp\/v2\/product_tag?post=42816"}],"curies":[{"name":"wp","href":"https:\/\/api.w.org\/{rel}","templated":true}]}}