{"id":42818,"date":"2024-06-25T12:55:49","date_gmt":"2024-06-25T12:55:49","guid":{"rendered":"https:\/\/place-add.nl\/product\/bestekzakje-met-tekst-classic\/"},"modified":"2025-07-02T12:14:46","modified_gmt":"2025-07-02T12:14:46","slug":"bestecktasche-mit-text-classic","status":"publish","type":"product","link":"https:\/\/place-add.nl\/de\/produkt\/bestecktasche-mit-text-classic\/","title":{"rendered":"Bestecktasche mit Text CLASSIC"},"content":{"rendered":"<ul>\n<li><strong>Ab Lager lieferbar:<\/strong> Unsere Bestecktaschen sind immer ab Lager verf\u00fcgbar, so dass sie nie ausgehen werden.<\/li>\n<li><strong>Schnelle Lieferzeit:<\/strong> Bestellungen, die an Werktagen aufgegeben werden, werden innerhalb von 24 Stunden versandt. So k\u00f6nnen Sie Ihre neuen Bestecktaschen schnell genie\u00dfe.<\/li>\n<\/ul>\n<p>Verleihen Sie Ihrem gedeckten Tisch einen luxuri\u00f6sen und originellen Look mit unseren Bestecktaschen mit Text. Perfekt f\u00fcr jedes Restaurant, jede Veranstaltung oder jedes Hotel!<\/p>\n<p><strong>Brauchen Sie eine pers\u00f6nliche Beratung bei der Auswahl der richtigen Servietten f\u00fcr Ihren Anlass? Dann z\u00f6gern Sie nicht, uns zu <a href=\"https:\/\/place-add.nl\/de\/kontakt\/\">kontaktieren.<\/a><\/strong> Unser engagiertes Team hilft Ihnen gerne, die perfekte Wahl f\u00fcr Ihre speziellen Bed\u00fcrfnisse zu treffen.<\/p>\n<p><button id=\"knop-contact-opnemen-overige-producten-de\">Kontaktieren Sie uns unverbindlich<\/button><\/p>\n","protected":false},"excerpt":{"rendered":"<p>Lernen Sie unsere stilvollen Bestecktaschen mit Text kennen, erh\u00e4ltlich in der ECO- oder Classic-Variante. Diese Bestecktaschen bieten nicht nur Funktionalit\u00e4t, sondern verleihen auch Ihrer Tischdekoration eine Prise Originalit\u00e4t.<\/p>\n<p><strong>Warum Sie sich f\u00fcr die Bestecktaschen mit Text entscheiden sollten:<\/strong><\/p>\n<ul>\n<li><strong>Originelle Texte:<\/strong> Jede Verpackung enth\u00e4lt 5 verschiedene originelle Texte, die Ihre G\u00e4ste \u00fcberraschen und unterhalten werden. Siehe Fotos f\u00fcr die spezifischen Designs.<\/li>\n<li><strong>Gemischte Verpackung:<\/strong> Die 5 verschiedenen Drucke werden gemischt verpackt, was f\u00fcr Abwechslung und eine einzigartige Pr\u00e4sentation sorgt. Jede Box enth\u00e4lt 500 St\u00fcck.<\/li>\n<li><strong>Farbe und Design:<\/strong> Die Grundfarbe der Bestecktasche ist ein neutraler Grauton, der perfekt zu jeder Tischdekoration passt. Das beiliegende Tissue-Serviette ist in einem frischen Wei\u00df gehalten und sorgt f\u00fcr ein sauberes und elegantes Erscheinungsbild.<\/li>\n<li><strong>Varianten:<\/strong> Erh\u00e4ltlich sowohl in der ECO- als auch in der Classic-Variante, sodass Sie w\u00e4hlen k\u00f6nnen, welche am besten zu Ihrem Stil und Ihren Umweltpr\u00e4ferenzen passt.<\/li>\n<\/ul>\n<p><strong>1 St\u00fcck = 1 Karton mit 500 St\u00fcck<\/strong><\/p>\n<p><button id=\"knop-contact-opnemen-overige-producten-de\">Kontaktieren Sie uns unverbindlich<\/button><\/p>\n","protected":false},"featured_media":49960,"template":"","meta":[],"product_brand":[],"product_cat":[856],"product_tag":[1193,1194],"class_list":{"0":"post-42818","1":"product","2":"type-product","3":"status-publish","4":"has-post-thumbnail","6":"product_cat-bestecktaschen-einwegartikel-webshop","7":"product_tag-bestecktaschen-mit-text","8":"product_tag-bestecktaschen-unbedruckt","10":"first","11":"instock","12":"taxable","13":"shipping-taxable","14":"purchasable","15":"product-type-simple"},"yoast_head":"<!-- This site is optimized with the Yoast SEO Premium plugin v27.2 (Yoast SEO v27.2) - https:\/\/yoast.com\/product\/yoast-seo-premium-wordpress\/ -->\n<title>Bestecktasche mit Text CLASSIC | Place Add | F\u00fcr die Gastronomie<\/title>\n<meta name=\"description\" content=\"Entdecken Sie unsere stilvollen Bestecktaschen mit 5 originellen Texten. Ab Lager verf\u00fcgbar, innerhalb von 24 Stunden versandt.\" \/>\n<meta name=\"robots\" content=\"index, follow, max-snippet:-1, max-image-preview:large, max-video-preview:-1\" \/>\n<link rel=\"canonical\" href=\"https:\/\/place-add.nl\/de\/produkt\/bestecktasche-mit-text-classic\/\" \/>\n<meta property=\"og:locale\" content=\"de_DE\" \/>\n<meta property=\"og:type\" content=\"article\" \/>\n<meta property=\"og:title\" content=\"Bestecktasche mit Text CLASSIC\" \/>\n<meta property=\"og:description\" content=\"Entdecken Sie unsere stilvollen Bestecktaschen mit 5 originellen Texten. Ab Lager verf\u00fcgbar, innerhalb von 24 Stunden versandt.\" \/>\n<meta property=\"og:url\" content=\"https:\/\/place-add.nl\/de\/produkt\/bestecktasche-mit-text-classic\/\" \/>\n<meta property=\"og:site_name\" content=\"Place Add\" \/>\n<meta property=\"article:publisher\" content=\"https:\/\/www.facebook.com\/PlaceAdd\/\" \/>\n<meta property=\"article:modified_time\" content=\"2025-07-02T12:14:46+00:00\" \/>\n<meta property=\"og:image\" content=\"https:\/\/place-add.nl\/wp-content\/uploads\/2024\/06\/Onbedrukt_bestekzakje_met_tekst_CLASSIC_Place_Add_6-scaled.jpg\" \/>\n\t<meta property=\"og:image:width\" content=\"1000\" \/>\n\t<meta property=\"og:image:height\" content=\"1000\" \/>\n\t<meta property=\"og:image:type\" content=\"image\/jpeg\" \/>\n<meta name=\"twitter:card\" content=\"summary_large_image\" \/>\n<meta name=\"twitter:label1\" content=\"Gesch\u00e4tzte Lesezeit\" \/>\n\t<meta name=\"twitter:data1\" content=\"1\u00a0Minute\" \/>\n<script type=\"application\/ld+json\" class=\"yoast-schema-graph\">{\"@context\":\"https:\/\/schema.org\",\"@graph\":[{\"@type\":\"WebPage\",\"@id\":\"https:\/\/place-add.nl\/de\/produkt\/bestecktasche-mit-text-classic\/\",\"url\":\"https:\/\/place-add.nl\/de\/produkt\/bestecktasche-mit-text-classic\/\",\"name\":\"Bestecktasche mit Text CLASSIC | Place Add | F\u00fcr die Gastronomie\",\"isPartOf\":{\"@id\":\"https:\/\/place-add.nl\/de\/#website\"},\"primaryImageOfPage\":{\"@id\":\"https:\/\/place-add.nl\/de\/produkt\/bestecktasche-mit-text-classic\/#primaryimage\"},\"image\":{\"@id\":\"https:\/\/place-add.nl\/de\/produkt\/bestecktasche-mit-text-classic\/#primaryimage\"},\"thumbnailUrl\":\"https:\/\/place-add.nl\/wp-content\/uploads\/2025\/11\/Onbedrukt_bestekzakje_met_tekst_CLASSIC_Place_Add_6-SALE-min.jpg\",\"datePublished\":\"2024-06-25T12:55:49+00:00\",\"dateModified\":\"2025-07-02T12:14:46+00:00\",\"description\":\"Entdecken Sie unsere stilvollen Bestecktaschen mit 5 originellen Texten. Ab Lager verf\u00fcgbar, innerhalb von 24 Stunden versandt.\",\"breadcrumb\":{\"@id\":\"https:\/\/place-add.nl\/de\/produkt\/bestecktasche-mit-text-classic\/#breadcrumb\"},\"inLanguage\":\"de\",\"potentialAction\":[{\"@type\":\"ReadAction\",\"target\":[\"https:\/\/place-add.nl\/de\/produkt\/bestecktasche-mit-text-classic\/\"]}]},{\"@type\":\"ImageObject\",\"inLanguage\":\"de\",\"@id\":\"https:\/\/place-add.nl\/de\/produkt\/bestecktasche-mit-text-classic\/#primaryimage\",\"url\":\"https:\/\/place-add.nl\/wp-content\/uploads\/2025\/11\/Onbedrukt_bestekzakje_met_tekst_CLASSIC_Place_Add_6-SALE-min.jpg\",\"contentUrl\":\"https:\/\/place-add.nl\/wp-content\/uploads\/2025\/11\/Onbedrukt_bestekzakje_met_tekst_CLASSIC_Place_Add_6-SALE-min.jpg\",\"width\":800,\"height\":800},{\"@type\":\"BreadcrumbList\",\"@id\":\"https:\/\/place-add.nl\/de\/produkt\/bestecktasche-mit-text-classic\/#breadcrumb\",\"itemListElement\":[{\"@type\":\"ListItem\",\"position\":1,\"name\":\"Home\",\"item\":\"https:\/\/place-add.nl\/de\/home\/\"},{\"@type\":\"ListItem\",\"position\":2,\"name\":\"Shop\",\"item\":\"https:\/\/place-add.nl\/de\/shop\/\"},{\"@type\":\"ListItem\",\"position\":3,\"name\":\"Bestecktasche mit Text CLASSIC\"}]},{\"@type\":\"WebSite\",\"@id\":\"https:\/\/place-add.nl\/de\/#website\",\"url\":\"https:\/\/place-add.nl\/de\/\",\"name\":\"Place Add\",\"description\":\"Tafelkleding voor de horeca\",\"publisher\":{\"@id\":\"https:\/\/place-add.nl\/de\/#organization\"},\"potentialAction\":[{\"@type\":\"SearchAction\",\"target\":{\"@type\":\"EntryPoint\",\"urlTemplate\":\"https:\/\/place-add.nl\/de\/?s={search_term_string}\"},\"query-input\":{\"@type\":\"PropertyValueSpecification\",\"valueRequired\":true,\"valueName\":\"search_term_string\"}}],\"inLanguage\":\"de\"},{\"@type\":\"Organization\",\"@id\":\"https:\/\/place-add.nl\/de\/#organization\",\"name\":\"Place Add\",\"url\":\"https:\/\/place-add.nl\/de\/\",\"logo\":{\"@type\":\"ImageObject\",\"inLanguage\":\"de\",\"@id\":\"https:\/\/place-add.nl\/de\/#\/schema\/logo\/image\/\",\"url\":\"https:\/\/place-add.nl\/wp-content\/uploads\/2023\/11\/logo-img-place-add.png\",\"contentUrl\":\"https:\/\/place-add.nl\/wp-content\/uploads\/2023\/11\/logo-img-place-add.png\",\"width\":404,\"height\":106,\"caption\":\"Place Add\"},\"image\":{\"@id\":\"https:\/\/place-add.nl\/de\/#\/schema\/logo\/image\/\"},\"sameAs\":[\"https:\/\/www.facebook.com\/PlaceAdd\/\",\"https:\/\/www.instagram.com\/place_add\/\",\"https:\/\/www.youtube.com\/@placeadd\"]}]}<\/script>\n<!-- \/ Yoast SEO Premium plugin. -->","yoast_head_json":{"title":"Bestecktasche mit Text CLASSIC | Place Add | F\u00fcr die Gastronomie","description":"Entdecken Sie unsere stilvollen Bestecktaschen mit 5 originellen Texten. Ab Lager verf\u00fcgbar, innerhalb von 24 Stunden versandt.","robots":{"index":"index","follow":"follow","max-snippet":"max-snippet:-1","max-image-preview":"max-image-preview:large","max-video-preview":"max-video-preview:-1"},"canonical":"https:\/\/place-add.nl\/de\/produkt\/bestecktasche-mit-text-classic\/","og_locale":"de_DE","og_type":"article","og_title":"Bestecktasche mit Text CLASSIC","og_description":"Entdecken Sie unsere stilvollen Bestecktaschen mit 5 originellen Texten. Ab Lager verf\u00fcgbar, innerhalb von 24 Stunden versandt.","og_url":"https:\/\/place-add.nl\/de\/produkt\/bestecktasche-mit-text-classic\/","og_site_name":"Place Add","article_publisher":"https:\/\/www.facebook.com\/PlaceAdd\/","article_modified_time":"2025-07-02T12:14:46+00:00","og_image":[{"width":1000,"height":1000,"url":"https:\/\/place-add.nl\/wp-content\/uploads\/2024\/06\/Onbedrukt_bestekzakje_met_tekst_CLASSIC_Place_Add_6-scaled.jpg","type":"image\/jpeg"}],"twitter_card":"summary_large_image","twitter_misc":{"Gesch\u00e4tzte Lesezeit":"1\u00a0Minute"},"schema":{"@context":"https:\/\/schema.org","@graph":[{"@type":"WebPage","@id":"https:\/\/place-add.nl\/de\/produkt\/bestecktasche-mit-text-classic\/","url":"https:\/\/place-add.nl\/de\/produkt\/bestecktasche-mit-text-classic\/","name":"Bestecktasche mit Text CLASSIC | Place Add | F\u00fcr die Gastronomie","isPartOf":{"@id":"https:\/\/place-add.nl\/de\/#website"},"primaryImageOfPage":{"@id":"https:\/\/place-add.nl\/de\/produkt\/bestecktasche-mit-text-classic\/#primaryimage"},"image":{"@id":"https:\/\/place-add.nl\/de\/produkt\/bestecktasche-mit-text-classic\/#primaryimage"},"thumbnailUrl":"https:\/\/place-add.nl\/wp-content\/uploads\/2025\/11\/Onbedrukt_bestekzakje_met_tekst_CLASSIC_Place_Add_6-SALE-min.jpg","datePublished":"2024-06-25T12:55:49+00:00","dateModified":"2025-07-02T12:14:46+00:00","description":"Entdecken Sie unsere stilvollen Bestecktaschen mit 5 originellen Texten. Ab Lager verf\u00fcgbar, innerhalb von 24 Stunden versandt.","breadcrumb":{"@id":"https:\/\/place-add.nl\/de\/produkt\/bestecktasche-mit-text-classic\/#breadcrumb"},"inLanguage":"de","potentialAction":[{"@type":"ReadAction","target":["https:\/\/place-add.nl\/de\/produkt\/bestecktasche-mit-text-classic\/"]}]},{"@type":"ImageObject","inLanguage":"de","@id":"https:\/\/place-add.nl\/de\/produkt\/bestecktasche-mit-text-classic\/#primaryimage","url":"https:\/\/place-add.nl\/wp-content\/uploads\/2025\/11\/Onbedrukt_bestekzakje_met_tekst_CLASSIC_Place_Add_6-SALE-min.jpg","contentUrl":"https:\/\/place-add.nl\/wp-content\/uploads\/2025\/11\/Onbedrukt_bestekzakje_met_tekst_CLASSIC_Place_Add_6-SALE-min.jpg","width":800,"height":800},{"@type":"BreadcrumbList","@id":"https:\/\/place-add.nl\/de\/produkt\/bestecktasche-mit-text-classic\/#breadcrumb","itemListElement":[{"@type":"ListItem","position":1,"name":"Home","item":"https:\/\/place-add.nl\/de\/home\/"},{"@type":"ListItem","position":2,"name":"Shop","item":"https:\/\/place-add.nl\/de\/shop\/"},{"@type":"ListItem","position":3,"name":"Bestecktasche mit Text CLASSIC"}]},{"@type":"WebSite","@id":"https:\/\/place-add.nl\/de\/#website","url":"https:\/\/place-add.nl\/de\/","name":"Place Add","description":"Tafelkleding voor de horeca","publisher":{"@id":"https:\/\/place-add.nl\/de\/#organization"},"potentialAction":[{"@type":"SearchAction","target":{"@type":"EntryPoint","urlTemplate":"https:\/\/place-add.nl\/de\/?s={search_term_string}"},"query-input":{"@type":"PropertyValueSpecification","valueRequired":true,"valueName":"search_term_string"}}],"inLanguage":"de"},{"@type":"Organization","@id":"https:\/\/place-add.nl\/de\/#organization","name":"Place Add","url":"https:\/\/place-add.nl\/de\/","logo":{"@type":"ImageObject","inLanguage":"de","@id":"https:\/\/place-add.nl\/de\/#\/schema\/logo\/image\/","url":"https:\/\/place-add.nl\/wp-content\/uploads\/2023\/11\/logo-img-place-add.png","contentUrl":"https:\/\/place-add.nl\/wp-content\/uploads\/2023\/11\/logo-img-place-add.png","width":404,"height":106,"caption":"Place Add"},"image":{"@id":"https:\/\/place-add.nl\/de\/#\/schema\/logo\/image\/"},"sameAs":["https:\/\/www.facebook.com\/PlaceAdd\/","https:\/\/www.instagram.com\/place_add\/","https:\/\/www.youtube.com\/@placeadd"]}]}},"_links":{"self":[{"href":"https:\/\/place-add.nl\/de\/wp-json\/wp\/v2\/product\/42818","targetHints":{"allow":["GET"]}}],"collection":[{"href":"https:\/\/place-add.nl\/de\/wp-json\/wp\/v2\/product"}],"about":[{"href":"https:\/\/place-add.nl\/de\/wp-json\/wp\/v2\/types\/product"}],"wp:featuredmedia":[{"embeddable":true,"href":"https:\/\/place-add.nl\/de\/wp-json\/wp\/v2\/media\/49960"}],"wp:attachment":[{"href":"https:\/\/place-add.nl\/de\/wp-json\/wp\/v2\/media?parent=42818"}],"wp:term":[{"taxonomy":"product_brand","embeddable":true,"href":"https:\/\/place-add.nl\/de\/wp-json\/wp\/v2\/product_brand?post=42818"},{"taxonomy":"product_cat","embeddable":true,"href":"https:\/\/place-add.nl\/de\/wp-json\/wp\/v2\/product_cat?post=42818"},{"taxonomy":"product_tag","embeddable":true,"href":"https:\/\/place-add.nl\/de\/wp-json\/wp\/v2\/product_tag?post=42818"}],"curies":[{"name":"wp","href":"https:\/\/api.w.org\/{rel}","templated":true}]}}