{"id":42827,"date":"2024-06-25T12:57:58","date_gmt":"2024-06-25T12:57:58","guid":{"rendered":"https:\/\/place-add.nl\/product\/classic-naperole-met-tekst\/"},"modified":"2025-07-02T12:13:20","modified_gmt":"2025-07-02T12:13:20","slug":"naperole-classic-mit-text","status":"publish","type":"product","link":"https:\/\/place-add.nl\/de\/produkt\/naperole-classic-mit-text\/","title":{"rendered":"Naperole Classic mit Text"},"content":{"rendered":"<p>Verleihen Sie Ihrem gedeckten Tisch einen stilvollen und hygienischen Look mit der Naperole Classic mit Text &#8211; der Luxusl\u00f6sung f\u00fcr die Pr\u00e4sentation von Besteck. Diese 33 x 40 cm gro\u00dfe Pochette mit Airlaid hat eine praktische Einschlagfalte und eine stabile H\u00fclle, die das Besteck ordentlich an seinem Platz h\u00e4lt und Ihren G\u00e4sten ein gepflegtes und luxuri\u00f6ses Erlebnis bietet.<\/p>\n<p>Die Naperole Classic ist mit vier originellen und einpr\u00e4gsamen Texten versehen, die Ihren G\u00e4sten ein L\u00e4cheln ins Gesicht zaubern werden. Erh\u00e4ltlich in einer Schachtel mit 2.000 St\u00fcck, immer einfach zu bestellen und direkt ab Lager lieferbar.<\/p>\n<p><strong>Warum sollten Sie sich f\u00fcr die Naperole Classic mit Text entscheiden?<\/strong><\/p>\n<ul>\n<li><strong>Luxuri\u00f6se Pr\u00e4sentation:<\/strong> Das Besteck bleibt dank der Wickel- und Einsteckfalte fest und elegant in der Serviette.<\/li>\n<li><strong>Hygienisch und stilvoll:<\/strong> Eine hygienische Pr\u00e4sentation mit luxuri\u00f6sem Aussehen, ideal f\u00fcr Gastronomiebetriebe, die Qualit\u00e4t ausstrahlen.<\/li>\n<li><strong>Originelle Texte:<\/strong> Vier einzigartige Drucke, die Ihrem gedeckten Tisch Atmosph\u00e4re verleihen und Ihre G\u00e4ste \u00fcberraschen.<\/li>\n<\/ul>\n<p><strong>Texte auf der Naperole Classic:<\/strong><\/p>\n<ul>\n<li><em>I\u2019m sorry for what I said I was hungry<\/em><\/li>\n<li><em>The secret ingredient is always Love<\/em><\/li>\n<li><em>Nothing brings people together like Good Food<\/em><\/li>\n<li><em>Good Food is Good Mood<\/em><\/li>\n<\/ul>\n<p><strong>Preis:<\/strong> 0,115 \u20ac pro St\u00fcck<\/p>\n<p><strong>Verpackung:<\/strong> 1 Karton mit 2.000 St\u00fcck (\u20ac 230 pro Karton)<\/p>\n<p>Kann auch \u00fcber unsere 2. Website <strong><a href=\"https:\/\/www.craftontable.com\/collections\">Craft On Table<\/a><\/strong> bestellt werden!<\/p>\n<p><strong>Brauchen Sie eine pers\u00f6nliche Beratung bei der Auswahl der richtigen Servietten f\u00fcr Ihren Anlass?<\/strong> Dann z\u00f6gern Sie nicht, uns zu <strong><a href=\"https:\/\/place-add.nl\/de\/kontakt\/\">kontaktieren<\/a><\/strong>. Unser engagiertes Team hilft Ihnen gerne, die perfekte Wahl f\u00fcr Ihre speziellen Bed\u00fcrfnisse zu treffen.<\/p>\n<p><button id=\"knop-contact-opnemen-overige-producten-de\">Kontaktieren Sie uns unverbindlich<\/button><\/p>\n","protected":false},"excerpt":{"rendered":"<p>Unsere<strong> Naperole Classic mit Text<\/strong>. Die<strong> luxuri\u00f6se Alternative<\/strong> zu den bekannten Bestecktaschen.<\/p>\n<p>Die Airlaid-Pochette von 33 x 40 cm hat eine <strong>sch\u00f6ne gerade Einstichfalte<\/strong> f\u00fcr das Besteck, sodass Sie das Besteck hygienisch und praktisch Ihren G\u00e4sten pr\u00e4sentieren.<\/p>\n<p>Die H\u00fclle sorgt daf\u00fcr, dass das Besteck sch\u00f6n im Servietten bleibt und erh\u00f6ht das luxuri\u00f6se Gef\u00fchl Ihres gedeckten Tisches.<\/p>\n<p>Preis pro St\u00fcck: \u20ac0,115<\/p>\n<p><strong>Die Naperole enthalten die folgenden Texte\/Designs:<\/strong><\/p>\n<ul>\n<li>I\u2019m sorry for what I said I was hungry<\/li>\n<li>The secret ingredient is always Love<\/li>\n<li>Nothing brings people together like Good Food<\/li>\n<li>Good Food is Good Mood<\/li>\n<\/ul>\n<p><strong>1 St\u00fcck = 1 Karton mit 2.000 St\u00fcck<\/strong><\/p>\n<p><button id=\"knop-contact-opnemen-overige-producten-de\">Kontaktieren Sie uns unverbindlich<\/button><\/p>\n","protected":false},"featured_media":38742,"template":"","meta":[],"product_brand":[],"product_cat":[856],"product_tag":[1178,1136,1367,1162],"class_list":{"0":"post-42827","1":"product","2":"type-product","3":"status-publish","4":"has-post-thumbnail","6":"product_cat-bestecktaschen-einwegartikel-webshop","7":"product_tag-airlaid-mit-umschlag","8":"product_tag-airlaid-serviette-mit-wickelung","9":"product_tag-naperole-classic-mit-text","10":"product_tag-naperole-mit-text","12":"first","13":"instock","14":"taxable","15":"shipping-taxable","16":"purchasable","17":"product-type-simple"},"yoast_head":"<!-- This site is optimized with the Yoast SEO Premium plugin v27.2 (Yoast SEO v27.2) - https:\/\/yoast.com\/product\/yoast-seo-premium-wordpress\/ -->\n<title>Naperole Classic mit Text | Place Add | F\u00fcr die Gastronomie<\/title>\n<meta name=\"description\" content=\"Entdecken Sie die Naperole Classic: Luxus-Besteckpochetten mit 4 originellen Texten, hygienisch und stilvoll. Einfach zu bestellen, schnelle Lieferung.\" \/>\n<meta name=\"robots\" content=\"index, follow, max-snippet:-1, max-image-preview:large, max-video-preview:-1\" \/>\n<link rel=\"canonical\" href=\"https:\/\/place-add.nl\/de\/produkt\/naperole-classic-mit-text\/\" \/>\n<meta property=\"og:locale\" content=\"de_DE\" \/>\n<meta property=\"og:type\" content=\"article\" \/>\n<meta property=\"og:title\" content=\"Naperole Classic mit Text\" \/>\n<meta property=\"og:description\" content=\"Entdecken Sie die Naperole Classic: Luxus-Besteckpochetten mit 4 originellen Texten, hygienisch und stilvoll. Einfach zu bestellen, schnelle Lieferung.\" \/>\n<meta property=\"og:url\" content=\"https:\/\/place-add.nl\/de\/produkt\/naperole-classic-mit-text\/\" \/>\n<meta property=\"og:site_name\" content=\"Place Add\" \/>\n<meta property=\"article:publisher\" content=\"https:\/\/www.facebook.com\/PlaceAdd\/\" \/>\n<meta property=\"article:modified_time\" content=\"2025-07-02T12:13:20+00:00\" \/>\n<meta property=\"og:image\" content=\"https:\/\/place-add.nl\/wp-content\/uploads\/2024\/06\/Onbedrukt_NAP_ASSORTI_Classic_Place_Add_2.jpg\" \/>\n\t<meta property=\"og:image:width\" content=\"800\" \/>\n\t<meta property=\"og:image:height\" content=\"800\" \/>\n\t<meta property=\"og:image:type\" content=\"image\/jpeg\" \/>\n<meta name=\"twitter:card\" content=\"summary_large_image\" \/>\n<meta name=\"twitter:label1\" content=\"Gesch\u00e4tzte Lesezeit\" \/>\n\t<meta name=\"twitter:data1\" content=\"2\u00a0Minuten\" \/>\n<script type=\"application\/ld+json\" class=\"yoast-schema-graph\">{\"@context\":\"https:\/\/schema.org\",\"@graph\":[{\"@type\":\"WebPage\",\"@id\":\"https:\/\/place-add.nl\/de\/produkt\/naperole-classic-mit-text\/\",\"url\":\"https:\/\/place-add.nl\/de\/produkt\/naperole-classic-mit-text\/\",\"name\":\"Naperole Classic mit Text | Place Add | F\u00fcr die Gastronomie\",\"isPartOf\":{\"@id\":\"https:\/\/place-add.nl\/de\/#website\"},\"primaryImageOfPage\":{\"@id\":\"https:\/\/place-add.nl\/de\/produkt\/naperole-classic-mit-text\/#primaryimage\"},\"image\":{\"@id\":\"https:\/\/place-add.nl\/de\/produkt\/naperole-classic-mit-text\/#primaryimage\"},\"thumbnailUrl\":\"https:\/\/place-add.nl\/wp-content\/uploads\/2024\/06\/Onbedrukt_NAP_ASSORTI_Classic_Place_Add_2.jpg\",\"datePublished\":\"2024-06-25T12:57:58+00:00\",\"dateModified\":\"2025-07-02T12:13:20+00:00\",\"description\":\"Entdecken Sie die Naperole Classic: Luxus-Besteckpochetten mit 4 originellen Texten, hygienisch und stilvoll. Einfach zu bestellen, schnelle Lieferung.\",\"breadcrumb\":{\"@id\":\"https:\/\/place-add.nl\/de\/produkt\/naperole-classic-mit-text\/#breadcrumb\"},\"inLanguage\":\"de\",\"potentialAction\":[{\"@type\":\"ReadAction\",\"target\":[\"https:\/\/place-add.nl\/de\/produkt\/naperole-classic-mit-text\/\"]}]},{\"@type\":\"ImageObject\",\"inLanguage\":\"de\",\"@id\":\"https:\/\/place-add.nl\/de\/produkt\/naperole-classic-mit-text\/#primaryimage\",\"url\":\"https:\/\/place-add.nl\/wp-content\/uploads\/2024\/06\/Onbedrukt_NAP_ASSORTI_Classic_Place_Add_2.jpg\",\"contentUrl\":\"https:\/\/place-add.nl\/wp-content\/uploads\/2024\/06\/Onbedrukt_NAP_ASSORTI_Classic_Place_Add_2.jpg\",\"width\":800,\"height\":800},{\"@type\":\"BreadcrumbList\",\"@id\":\"https:\/\/place-add.nl\/de\/produkt\/naperole-classic-mit-text\/#breadcrumb\",\"itemListElement\":[{\"@type\":\"ListItem\",\"position\":1,\"name\":\"Home\",\"item\":\"https:\/\/place-add.nl\/de\/home\/\"},{\"@type\":\"ListItem\",\"position\":2,\"name\":\"Shop\",\"item\":\"https:\/\/place-add.nl\/de\/shop\/\"},{\"@type\":\"ListItem\",\"position\":3,\"name\":\"Naperole Classic mit Text\"}]},{\"@type\":\"WebSite\",\"@id\":\"https:\/\/place-add.nl\/de\/#website\",\"url\":\"https:\/\/place-add.nl\/de\/\",\"name\":\"Place Add\",\"description\":\"Tafelkleding voor de horeca\",\"publisher\":{\"@id\":\"https:\/\/place-add.nl\/de\/#organization\"},\"potentialAction\":[{\"@type\":\"SearchAction\",\"target\":{\"@type\":\"EntryPoint\",\"urlTemplate\":\"https:\/\/place-add.nl\/de\/?s={search_term_string}\"},\"query-input\":{\"@type\":\"PropertyValueSpecification\",\"valueRequired\":true,\"valueName\":\"search_term_string\"}}],\"inLanguage\":\"de\"},{\"@type\":\"Organization\",\"@id\":\"https:\/\/place-add.nl\/de\/#organization\",\"name\":\"Place Add\",\"url\":\"https:\/\/place-add.nl\/de\/\",\"logo\":{\"@type\":\"ImageObject\",\"inLanguage\":\"de\",\"@id\":\"https:\/\/place-add.nl\/de\/#\/schema\/logo\/image\/\",\"url\":\"https:\/\/place-add.nl\/wp-content\/uploads\/2023\/11\/logo-img-place-add.png\",\"contentUrl\":\"https:\/\/place-add.nl\/wp-content\/uploads\/2023\/11\/logo-img-place-add.png\",\"width\":404,\"height\":106,\"caption\":\"Place Add\"},\"image\":{\"@id\":\"https:\/\/place-add.nl\/de\/#\/schema\/logo\/image\/\"},\"sameAs\":[\"https:\/\/www.facebook.com\/PlaceAdd\/\",\"https:\/\/www.instagram.com\/place_add\/\",\"https:\/\/www.youtube.com\/@placeadd\"]}]}<\/script>\n<!-- \/ Yoast SEO Premium plugin. -->","yoast_head_json":{"title":"Naperole Classic mit Text | Place Add | F\u00fcr die Gastronomie","description":"Entdecken Sie die Naperole Classic: Luxus-Besteckpochetten mit 4 originellen Texten, hygienisch und stilvoll. Einfach zu bestellen, schnelle Lieferung.","robots":{"index":"index","follow":"follow","max-snippet":"max-snippet:-1","max-image-preview":"max-image-preview:large","max-video-preview":"max-video-preview:-1"},"canonical":"https:\/\/place-add.nl\/de\/produkt\/naperole-classic-mit-text\/","og_locale":"de_DE","og_type":"article","og_title":"Naperole Classic mit Text","og_description":"Entdecken Sie die Naperole Classic: Luxus-Besteckpochetten mit 4 originellen Texten, hygienisch und stilvoll. Einfach zu bestellen, schnelle Lieferung.","og_url":"https:\/\/place-add.nl\/de\/produkt\/naperole-classic-mit-text\/","og_site_name":"Place Add","article_publisher":"https:\/\/www.facebook.com\/PlaceAdd\/","article_modified_time":"2025-07-02T12:13:20+00:00","og_image":[{"width":800,"height":800,"url":"https:\/\/place-add.nl\/wp-content\/uploads\/2024\/06\/Onbedrukt_NAP_ASSORTI_Classic_Place_Add_2.jpg","type":"image\/jpeg"}],"twitter_card":"summary_large_image","twitter_misc":{"Gesch\u00e4tzte Lesezeit":"2\u00a0Minuten"},"schema":{"@context":"https:\/\/schema.org","@graph":[{"@type":"WebPage","@id":"https:\/\/place-add.nl\/de\/produkt\/naperole-classic-mit-text\/","url":"https:\/\/place-add.nl\/de\/produkt\/naperole-classic-mit-text\/","name":"Naperole Classic mit Text | Place Add | F\u00fcr die Gastronomie","isPartOf":{"@id":"https:\/\/place-add.nl\/de\/#website"},"primaryImageOfPage":{"@id":"https:\/\/place-add.nl\/de\/produkt\/naperole-classic-mit-text\/#primaryimage"},"image":{"@id":"https:\/\/place-add.nl\/de\/produkt\/naperole-classic-mit-text\/#primaryimage"},"thumbnailUrl":"https:\/\/place-add.nl\/wp-content\/uploads\/2024\/06\/Onbedrukt_NAP_ASSORTI_Classic_Place_Add_2.jpg","datePublished":"2024-06-25T12:57:58+00:00","dateModified":"2025-07-02T12:13:20+00:00","description":"Entdecken Sie die Naperole Classic: Luxus-Besteckpochetten mit 4 originellen Texten, hygienisch und stilvoll. Einfach zu bestellen, schnelle Lieferung.","breadcrumb":{"@id":"https:\/\/place-add.nl\/de\/produkt\/naperole-classic-mit-text\/#breadcrumb"},"inLanguage":"de","potentialAction":[{"@type":"ReadAction","target":["https:\/\/place-add.nl\/de\/produkt\/naperole-classic-mit-text\/"]}]},{"@type":"ImageObject","inLanguage":"de","@id":"https:\/\/place-add.nl\/de\/produkt\/naperole-classic-mit-text\/#primaryimage","url":"https:\/\/place-add.nl\/wp-content\/uploads\/2024\/06\/Onbedrukt_NAP_ASSORTI_Classic_Place_Add_2.jpg","contentUrl":"https:\/\/place-add.nl\/wp-content\/uploads\/2024\/06\/Onbedrukt_NAP_ASSORTI_Classic_Place_Add_2.jpg","width":800,"height":800},{"@type":"BreadcrumbList","@id":"https:\/\/place-add.nl\/de\/produkt\/naperole-classic-mit-text\/#breadcrumb","itemListElement":[{"@type":"ListItem","position":1,"name":"Home","item":"https:\/\/place-add.nl\/de\/home\/"},{"@type":"ListItem","position":2,"name":"Shop","item":"https:\/\/place-add.nl\/de\/shop\/"},{"@type":"ListItem","position":3,"name":"Naperole Classic mit Text"}]},{"@type":"WebSite","@id":"https:\/\/place-add.nl\/de\/#website","url":"https:\/\/place-add.nl\/de\/","name":"Place Add","description":"Tafelkleding voor de horeca","publisher":{"@id":"https:\/\/place-add.nl\/de\/#organization"},"potentialAction":[{"@type":"SearchAction","target":{"@type":"EntryPoint","urlTemplate":"https:\/\/place-add.nl\/de\/?s={search_term_string}"},"query-input":{"@type":"PropertyValueSpecification","valueRequired":true,"valueName":"search_term_string"}}],"inLanguage":"de"},{"@type":"Organization","@id":"https:\/\/place-add.nl\/de\/#organization","name":"Place Add","url":"https:\/\/place-add.nl\/de\/","logo":{"@type":"ImageObject","inLanguage":"de","@id":"https:\/\/place-add.nl\/de\/#\/schema\/logo\/image\/","url":"https:\/\/place-add.nl\/wp-content\/uploads\/2023\/11\/logo-img-place-add.png","contentUrl":"https:\/\/place-add.nl\/wp-content\/uploads\/2023\/11\/logo-img-place-add.png","width":404,"height":106,"caption":"Place Add"},"image":{"@id":"https:\/\/place-add.nl\/de\/#\/schema\/logo\/image\/"},"sameAs":["https:\/\/www.facebook.com\/PlaceAdd\/","https:\/\/www.instagram.com\/place_add\/","https:\/\/www.youtube.com\/@placeadd"]}]}},"_links":{"self":[{"href":"https:\/\/place-add.nl\/de\/wp-json\/wp\/v2\/product\/42827","targetHints":{"allow":["GET"]}}],"collection":[{"href":"https:\/\/place-add.nl\/de\/wp-json\/wp\/v2\/product"}],"about":[{"href":"https:\/\/place-add.nl\/de\/wp-json\/wp\/v2\/types\/product"}],"wp:featuredmedia":[{"embeddable":true,"href":"https:\/\/place-add.nl\/de\/wp-json\/wp\/v2\/media\/38742"}],"wp:attachment":[{"href":"https:\/\/place-add.nl\/de\/wp-json\/wp\/v2\/media?parent=42827"}],"wp:term":[{"taxonomy":"product_brand","embeddable":true,"href":"https:\/\/place-add.nl\/de\/wp-json\/wp\/v2\/product_brand?post=42827"},{"taxonomy":"product_cat","embeddable":true,"href":"https:\/\/place-add.nl\/de\/wp-json\/wp\/v2\/product_cat?post=42827"},{"taxonomy":"product_tag","embeddable":true,"href":"https:\/\/place-add.nl\/de\/wp-json\/wp\/v2\/product_tag?post=42827"}],"curies":[{"name":"wp","href":"https:\/\/api.w.org\/{rel}","templated":true}]}}