{"id":42829,"date":"2024-06-25T12:58:23","date_gmt":"2024-06-25T12:58:23","guid":{"rendered":"https:\/\/place-add.nl\/product\/naperole-royal-met-tekst\/"},"modified":"2025-07-02T12:11:33","modified_gmt":"2025-07-02T12:11:33","slug":"naperole-royal-mit-text","status":"publish","type":"product","link":"https:\/\/place-add.nl\/de\/produkt\/naperole-royal-mit-text\/","title":{"rendered":"Naperole Royal mit Text"},"content":{"rendered":"<p>Unser Naperole Royal mit Text ist ein raffiniertes Upgrade des Naperole Classic, mit einem cleveren Design, das daf\u00fcr sorgt, dass das Besteck noch besser an seinem Platz bleibt. Dank eines zus\u00e4tzlichen Einschnitts im robusten Airlaid-Papier bietet dieses Einstecktuch eine schlanke und stabile Besteckhalterung, die sowohl praktisch als auch elegant ist. Mit einer Gr\u00f6\u00dfe von 33 x 40 cm und einer praktischen geraden Besteckfalte pr\u00e4sentieren Sie Ihr Besteck sichtbar, stilvoll und hygienisch Ihren G\u00e4sten.<\/p>\n<p><strong>Warum die Naperole Royal mit Text w\u00e4hlen?<\/strong><\/p>\n<ul>\n<li><strong>Perfekter Besteckhalter:<\/strong> Das Besteck bleibt fest und sicher an seinem Platz, f\u00fcr eine saubere Pr\u00e4sentation.<\/li>\n<li><strong>Abwechslungsreicher Text:<\/strong> Jede Box enth\u00e4lt vier verschiedene, einpr\u00e4gsame Texte, die f\u00fcr eine \u00fcberraschende und pers\u00f6nliche Note auf dem Tisch sorgen.<\/li>\n<li><strong>Luxuri\u00f6ser Look:<\/strong> Das Airlaid-Einstecktuch wird mit einer wei\u00dfen Serviette geliefert, die f\u00fcr einen stilvollen und gepflegten Look sorgt.<\/li>\n<\/ul>\n<p><strong>Die vier inspirierenden Texte auf dem Naperole Royal:<\/strong><\/p>\n<ul>\n<li><em>Enjoy Today<\/em><\/li>\n<li><em>Good Food, Good People, Good Times<\/em><\/li>\n<li><em>Wipe that smile on your face<\/em><\/li>\n<li><em>Enchant\u00e9, nice to meet you<\/em><\/li>\n<\/ul>\n<p><strong>Preis:<\/strong> 0,12 \u20ac pro St\u00fcck<\/p>\n<p><strong>Verpackung:<\/strong> 1 Karton mit 2.000 St\u00fcck<\/p>\n<p>Die Naperole Royal wird Ihre G\u00e4ste beeindrucken und f\u00fcr ein pers\u00f6nliches und stilvolles Tischerlebnis sorgen.<\/p>\n<p>Kann auch \u00fcber unsere 2. Website <strong><a href=\"https:\/\/www.craftontable.com\/collections\">Craft On Table<\/a><\/strong> bestellt werden!<\/p>\n<p><strong>Brauchen Sie eine pers\u00f6nliche Beratung bei der Auswahl der richtigen Servietten f\u00fcr Ihren Anlass?<\/strong> Dann z\u00f6gern Sie nicht, uns zu <strong><a href=\"https:\/\/place-add.nl\/de\/kontakt\/\">kontaktieren<\/a><\/strong>. Unser engagiertes Team hilft Ihnen gerne, die perfekte Wahl f\u00fcr Ihre speziellen Bed\u00fcrfnisse zu treffen.<\/p>\n<p><button id=\"knop-contact-opnemen-overige-producten-de\">Kontaktieren Sie uns unverbindlich<\/button><\/p>\n","protected":false},"excerpt":{"rendered":"<p>Unsere <strong>Naperole Royal<\/strong> ist die weiterentwickelte Version der Naperole Classic. Durch den zus\u00e4tzlichen <strong>Einschnitt im Papier<\/strong> bleibt das Besteck fester im Serviette. Die Airlaid-Pochette von 33 x 40 cm verf\u00fcgt \u00fcber eine praktische gerade Besteckfalte f\u00fcr das m\u00fchelose Einstecken des Bestecks. So pr\u00e4sentieren Sie das Besteck sichtbar, stilvoll, gepflegt und hygienisch. Die Naperole Royal Assorti wird mit einer wei\u00dfen Serviette geliefert.<\/p>\n<p><strong>Warum die Naperole Royal mit Text?<\/strong><\/p>\n<ul>\n<li><strong>Das Besteck bleibt sch\u00f6ner und besser an seinem Platz in der Serviette.<\/strong><\/li>\n<li><strong>Diese Ausf\u00fchrung wird mit 4 verschiedenen Standarddruckvarianten geliefert.<\/strong><\/li>\n<li><strong>Die 4 (Text-)Varianten sind gemischt in einer Box verpackt, so \u00fcberraschen Sie die G\u00e4ste immer mit einem (anderen) auff\u00e4lligen Text. (siehe Fotos)<\/strong><\/li>\n<\/ul>\n<p><strong>\u20ac0,12 pro St\u00fcck<\/strong><\/p>\n<p><strong>1 St\u00fcck = 1 Karton mit 2.000 St\u00fcck<\/strong><\/p>\n<p><button id=\"knop-contact-opnemen-overige-producten-de\">Kontaktieren Sie uns unverbindlich<\/button><\/p>\n","protected":false},"featured_media":40502,"template":"","meta":[],"product_brand":[],"product_cat":[856],"product_tag":[1178,1136,1368],"class_list":{"0":"post-42829","1":"product","2":"type-product","3":"status-publish","4":"has-post-thumbnail","6":"product_cat-bestecktaschen-einwegartikel-webshop","7":"product_tag-airlaid-mit-umschlag","8":"product_tag-airlaid-serviette-mit-wickelung","9":"product_tag-naperole-royal-mit-text","11":"first","12":"instock","13":"taxable","14":"shipping-taxable","15":"purchasable","16":"product-type-simple"},"yoast_head":"<!-- This site is optimized with the Yoast SEO Premium plugin v27.2 (Yoast SEO v27.2) - https:\/\/yoast.com\/product\/yoast-seo-premium-wordpress\/ -->\n<title>Naperole Royal mit Text | Place Add | F\u00fcr die Gastronomie<\/title>\n<meta name=\"description\" content=\"Entdecken Sie die Naperole Royal mit Text: stilvoll, hygienisch und mit einpr\u00e4gsamen Texten. 4 Varianten pro Schachtel, sofort verf\u00fcgbar.\" \/>\n<meta name=\"robots\" content=\"index, follow, max-snippet:-1, max-image-preview:large, max-video-preview:-1\" \/>\n<link rel=\"canonical\" href=\"https:\/\/place-add.nl\/de\/produkt\/naperole-royal-mit-text\/\" \/>\n<meta property=\"og:locale\" content=\"de_DE\" \/>\n<meta property=\"og:type\" content=\"article\" \/>\n<meta property=\"og:title\" content=\"Naperole Royal mit Text\" \/>\n<meta property=\"og:description\" content=\"Entdecken Sie die Naperole Royal mit Text: stilvoll, hygienisch und mit einpr\u00e4gsamen Texten. 4 Varianten pro Schachtel, sofort verf\u00fcgbar.\" \/>\n<meta property=\"og:url\" content=\"https:\/\/place-add.nl\/de\/produkt\/naperole-royal-mit-text\/\" \/>\n<meta property=\"og:site_name\" content=\"Place Add\" \/>\n<meta property=\"article:publisher\" content=\"https:\/\/www.facebook.com\/PlaceAdd\/\" \/>\n<meta property=\"article:modified_time\" content=\"2025-07-02T12:11:33+00:00\" \/>\n<meta property=\"og:image\" content=\"https:\/\/place-add.nl\/wp-content\/uploads\/2024\/06\/IMG_2080-min-scaled.jpg\" \/>\n\t<meta property=\"og:image:width\" content=\"1000\" \/>\n\t<meta property=\"og:image:height\" content=\"1000\" \/>\n\t<meta property=\"og:image:type\" content=\"image\/jpeg\" \/>\n<meta name=\"twitter:card\" content=\"summary_large_image\" \/>\n<meta name=\"twitter:label1\" content=\"Gesch\u00e4tzte Lesezeit\" \/>\n\t<meta name=\"twitter:data1\" content=\"2\u00a0Minuten\" \/>\n<script type=\"application\/ld+json\" class=\"yoast-schema-graph\">{\"@context\":\"https:\/\/schema.org\",\"@graph\":[{\"@type\":\"WebPage\",\"@id\":\"https:\/\/place-add.nl\/de\/produkt\/naperole-royal-mit-text\/\",\"url\":\"https:\/\/place-add.nl\/de\/produkt\/naperole-royal-mit-text\/\",\"name\":\"Naperole Royal mit Text | Place Add | F\u00fcr die Gastronomie\",\"isPartOf\":{\"@id\":\"https:\/\/place-add.nl\/de\/#website\"},\"primaryImageOfPage\":{\"@id\":\"https:\/\/place-add.nl\/de\/produkt\/naperole-royal-mit-text\/#primaryimage\"},\"image\":{\"@id\":\"https:\/\/place-add.nl\/de\/produkt\/naperole-royal-mit-text\/#primaryimage\"},\"thumbnailUrl\":\"https:\/\/place-add.nl\/wp-content\/uploads\/2024\/06\/IMG_2080-min-scaled.jpg\",\"datePublished\":\"2024-06-25T12:58:23+00:00\",\"dateModified\":\"2025-07-02T12:11:33+00:00\",\"description\":\"Entdecken Sie die Naperole Royal mit Text: stilvoll, hygienisch und mit einpr\u00e4gsamen Texten. 4 Varianten pro Schachtel, sofort verf\u00fcgbar.\",\"breadcrumb\":{\"@id\":\"https:\/\/place-add.nl\/de\/produkt\/naperole-royal-mit-text\/#breadcrumb\"},\"inLanguage\":\"de\",\"potentialAction\":[{\"@type\":\"ReadAction\",\"target\":[\"https:\/\/place-add.nl\/de\/produkt\/naperole-royal-mit-text\/\"]}]},{\"@type\":\"ImageObject\",\"inLanguage\":\"de\",\"@id\":\"https:\/\/place-add.nl\/de\/produkt\/naperole-royal-mit-text\/#primaryimage\",\"url\":\"https:\/\/place-add.nl\/wp-content\/uploads\/2024\/06\/IMG_2080-min-scaled.jpg\",\"contentUrl\":\"https:\/\/place-add.nl\/wp-content\/uploads\/2024\/06\/IMG_2080-min-scaled.jpg\",\"width\":1000,\"height\":1000,\"caption\":\"Naperole Royal met tekst\"},{\"@type\":\"BreadcrumbList\",\"@id\":\"https:\/\/place-add.nl\/de\/produkt\/naperole-royal-mit-text\/#breadcrumb\",\"itemListElement\":[{\"@type\":\"ListItem\",\"position\":1,\"name\":\"Home\",\"item\":\"https:\/\/place-add.nl\/de\/home\/\"},{\"@type\":\"ListItem\",\"position\":2,\"name\":\"Shop\",\"item\":\"https:\/\/place-add.nl\/de\/shop\/\"},{\"@type\":\"ListItem\",\"position\":3,\"name\":\"Naperole Royal mit Text\"}]},{\"@type\":\"WebSite\",\"@id\":\"https:\/\/place-add.nl\/de\/#website\",\"url\":\"https:\/\/place-add.nl\/de\/\",\"name\":\"Place Add\",\"description\":\"Tafelkleding voor de horeca\",\"publisher\":{\"@id\":\"https:\/\/place-add.nl\/de\/#organization\"},\"potentialAction\":[{\"@type\":\"SearchAction\",\"target\":{\"@type\":\"EntryPoint\",\"urlTemplate\":\"https:\/\/place-add.nl\/de\/?s={search_term_string}\"},\"query-input\":{\"@type\":\"PropertyValueSpecification\",\"valueRequired\":true,\"valueName\":\"search_term_string\"}}],\"inLanguage\":\"de\"},{\"@type\":\"Organization\",\"@id\":\"https:\/\/place-add.nl\/de\/#organization\",\"name\":\"Place Add\",\"url\":\"https:\/\/place-add.nl\/de\/\",\"logo\":{\"@type\":\"ImageObject\",\"inLanguage\":\"de\",\"@id\":\"https:\/\/place-add.nl\/de\/#\/schema\/logo\/image\/\",\"url\":\"https:\/\/place-add.nl\/wp-content\/uploads\/2023\/11\/logo-img-place-add.png\",\"contentUrl\":\"https:\/\/place-add.nl\/wp-content\/uploads\/2023\/11\/logo-img-place-add.png\",\"width\":404,\"height\":106,\"caption\":\"Place Add\"},\"image\":{\"@id\":\"https:\/\/place-add.nl\/de\/#\/schema\/logo\/image\/\"},\"sameAs\":[\"https:\/\/www.facebook.com\/PlaceAdd\/\",\"https:\/\/www.instagram.com\/place_add\/\",\"https:\/\/www.youtube.com\/@placeadd\"]}]}<\/script>\n<!-- \/ Yoast SEO Premium plugin. -->","yoast_head_json":{"title":"Naperole Royal mit Text | Place Add | F\u00fcr die Gastronomie","description":"Entdecken Sie die Naperole Royal mit Text: stilvoll, hygienisch und mit einpr\u00e4gsamen Texten. 4 Varianten pro Schachtel, sofort verf\u00fcgbar.","robots":{"index":"index","follow":"follow","max-snippet":"max-snippet:-1","max-image-preview":"max-image-preview:large","max-video-preview":"max-video-preview:-1"},"canonical":"https:\/\/place-add.nl\/de\/produkt\/naperole-royal-mit-text\/","og_locale":"de_DE","og_type":"article","og_title":"Naperole Royal mit Text","og_description":"Entdecken Sie die Naperole Royal mit Text: stilvoll, hygienisch und mit einpr\u00e4gsamen Texten. 4 Varianten pro Schachtel, sofort verf\u00fcgbar.","og_url":"https:\/\/place-add.nl\/de\/produkt\/naperole-royal-mit-text\/","og_site_name":"Place Add","article_publisher":"https:\/\/www.facebook.com\/PlaceAdd\/","article_modified_time":"2025-07-02T12:11:33+00:00","og_image":[{"width":1000,"height":1000,"url":"https:\/\/place-add.nl\/wp-content\/uploads\/2024\/06\/IMG_2080-min-scaled.jpg","type":"image\/jpeg"}],"twitter_card":"summary_large_image","twitter_misc":{"Gesch\u00e4tzte Lesezeit":"2\u00a0Minuten"},"schema":{"@context":"https:\/\/schema.org","@graph":[{"@type":"WebPage","@id":"https:\/\/place-add.nl\/de\/produkt\/naperole-royal-mit-text\/","url":"https:\/\/place-add.nl\/de\/produkt\/naperole-royal-mit-text\/","name":"Naperole Royal mit Text | Place Add | F\u00fcr die Gastronomie","isPartOf":{"@id":"https:\/\/place-add.nl\/de\/#website"},"primaryImageOfPage":{"@id":"https:\/\/place-add.nl\/de\/produkt\/naperole-royal-mit-text\/#primaryimage"},"image":{"@id":"https:\/\/place-add.nl\/de\/produkt\/naperole-royal-mit-text\/#primaryimage"},"thumbnailUrl":"https:\/\/place-add.nl\/wp-content\/uploads\/2024\/06\/IMG_2080-min-scaled.jpg","datePublished":"2024-06-25T12:58:23+00:00","dateModified":"2025-07-02T12:11:33+00:00","description":"Entdecken Sie die Naperole Royal mit Text: stilvoll, hygienisch und mit einpr\u00e4gsamen Texten. 4 Varianten pro Schachtel, sofort verf\u00fcgbar.","breadcrumb":{"@id":"https:\/\/place-add.nl\/de\/produkt\/naperole-royal-mit-text\/#breadcrumb"},"inLanguage":"de","potentialAction":[{"@type":"ReadAction","target":["https:\/\/place-add.nl\/de\/produkt\/naperole-royal-mit-text\/"]}]},{"@type":"ImageObject","inLanguage":"de","@id":"https:\/\/place-add.nl\/de\/produkt\/naperole-royal-mit-text\/#primaryimage","url":"https:\/\/place-add.nl\/wp-content\/uploads\/2024\/06\/IMG_2080-min-scaled.jpg","contentUrl":"https:\/\/place-add.nl\/wp-content\/uploads\/2024\/06\/IMG_2080-min-scaled.jpg","width":1000,"height":1000,"caption":"Naperole Royal met tekst"},{"@type":"BreadcrumbList","@id":"https:\/\/place-add.nl\/de\/produkt\/naperole-royal-mit-text\/#breadcrumb","itemListElement":[{"@type":"ListItem","position":1,"name":"Home","item":"https:\/\/place-add.nl\/de\/home\/"},{"@type":"ListItem","position":2,"name":"Shop","item":"https:\/\/place-add.nl\/de\/shop\/"},{"@type":"ListItem","position":3,"name":"Naperole Royal mit Text"}]},{"@type":"WebSite","@id":"https:\/\/place-add.nl\/de\/#website","url":"https:\/\/place-add.nl\/de\/","name":"Place Add","description":"Tafelkleding voor de horeca","publisher":{"@id":"https:\/\/place-add.nl\/de\/#organization"},"potentialAction":[{"@type":"SearchAction","target":{"@type":"EntryPoint","urlTemplate":"https:\/\/place-add.nl\/de\/?s={search_term_string}"},"query-input":{"@type":"PropertyValueSpecification","valueRequired":true,"valueName":"search_term_string"}}],"inLanguage":"de"},{"@type":"Organization","@id":"https:\/\/place-add.nl\/de\/#organization","name":"Place Add","url":"https:\/\/place-add.nl\/de\/","logo":{"@type":"ImageObject","inLanguage":"de","@id":"https:\/\/place-add.nl\/de\/#\/schema\/logo\/image\/","url":"https:\/\/place-add.nl\/wp-content\/uploads\/2023\/11\/logo-img-place-add.png","contentUrl":"https:\/\/place-add.nl\/wp-content\/uploads\/2023\/11\/logo-img-place-add.png","width":404,"height":106,"caption":"Place Add"},"image":{"@id":"https:\/\/place-add.nl\/de\/#\/schema\/logo\/image\/"},"sameAs":["https:\/\/www.facebook.com\/PlaceAdd\/","https:\/\/www.instagram.com\/place_add\/","https:\/\/www.youtube.com\/@placeadd"]}]}},"_links":{"self":[{"href":"https:\/\/place-add.nl\/de\/wp-json\/wp\/v2\/product\/42829","targetHints":{"allow":["GET"]}}],"collection":[{"href":"https:\/\/place-add.nl\/de\/wp-json\/wp\/v2\/product"}],"about":[{"href":"https:\/\/place-add.nl\/de\/wp-json\/wp\/v2\/types\/product"}],"wp:featuredmedia":[{"embeddable":true,"href":"https:\/\/place-add.nl\/de\/wp-json\/wp\/v2\/media\/40502"}],"wp:attachment":[{"href":"https:\/\/place-add.nl\/de\/wp-json\/wp\/v2\/media?parent=42829"}],"wp:term":[{"taxonomy":"product_brand","embeddable":true,"href":"https:\/\/place-add.nl\/de\/wp-json\/wp\/v2\/product_brand?post=42829"},{"taxonomy":"product_cat","embeddable":true,"href":"https:\/\/place-add.nl\/de\/wp-json\/wp\/v2\/product_cat?post=42829"},{"taxonomy":"product_tag","embeddable":true,"href":"https:\/\/place-add.nl\/de\/wp-json\/wp\/v2\/product_tag?post=42829"}],"curies":[{"name":"wp","href":"https:\/\/api.w.org\/{rel}","templated":true}]}}