{"id":42831,"date":"2024-06-18T11:30:34","date_gmt":"2024-06-18T11:30:34","guid":{"rendered":"https:\/\/place-add.nl\/product\/airlaid-pochette-40x33cm-onbedrukt\/"},"modified":"2025-07-02T12:42:02","modified_gmt":"2025-07-02T12:42:02","slug":"ungedruckte-airlaid-pochette","status":"publish","type":"product","link":"https:\/\/place-add.nl\/de\/produkt\/ungedruckte-airlaid-pochette\/","title":{"rendered":"Airlaid Besteckfaltung unbedruckt"},"content":{"rendered":"<p>Das <strong>ungedruckte Airlaid Besteckfaltung 40&#215;33 cm Serviette<\/strong>\u00a0kombiniert Eleganz und Funktionalit\u00e4t in einem stilvollen Produkt. Diese Serviette ist speziell in einer praktischen Bestecktasche gefaltet, sodass Sie das Besteck einfach einstecken k\u00f6nnen. Das macht die Serviette ideal f\u00fcr eine gepflegte und professionelle Tischgestaltung, bei der Komfort und Stil perfekt zusammenkommen.<\/p>\n<p>Die <strong>ungedruckte Airlaid Besteckfaltung<\/strong><strong>\u00a040&#215;33 cm Serviette<\/strong> ist in zwei Farben und Qualit\u00e4ten erh\u00e4ltlich:<\/p>\n<ul>\n<li>\u00a0<strong>Wei\u00df<\/strong> (50 g\/m\u00b2) \u2013 \u20ac 0,07 pro St\u00fcck <span class=\"Apple-converted-space\">\u00a0<\/span><\/li>\n<li><strong>\u00a0Schwarz<\/strong> (60 g\/m\u00b2) \u2013 \u20ac 0,134 pro St\u00fcck <span class=\"Apple-converted-space\">\u00a0<\/span><\/li>\n<\/ul>\n<p><strong>Verpackung<\/strong><\/p>\n<ul>\n<li><strong>1 St\u00fcck = 1 Karton mit 2.000 Servietten<\/strong><\/li>\n<\/ul>\n<p>Mit der unbedruckten Airlaid Pochette 40&#215;33 cm Serviette w\u00e4hlen Sie eine hochwertige L\u00f6sung, die sowohl praktisch als auch elegant ist \u2013 perfekt f\u00fcr informelle und formelle Anl\u00e4sse.<\/p>\n<p>Lieber eine bedruckte Variante? Entdecken Sie die M\u00f6glichkeiten der <strong>Airlaid Besteckfaltung BEDRUCKT<\/strong>\u00a0Serviette oder w\u00e4hlen Sie die noch luxuri\u00f6sere <strong>40&#215;48 cm Variante<\/strong>!<\/p>\n<p>Schauen Sie auch auf unserer zweiten Website <strong><a href=\"https:\/\/www.craftontable.com\/collections\">Craftontable.com<\/a><\/strong>\u00a0vorbei, f\u00fcr Men\u00fckarten mit weniger Personalisierungsoptionen, aber k\u00fcrzerer Lieferzeit.<\/p>\n<p>Ben\u00f6tigen Sie pers\u00f6nliche Beratung? Kontaktieren Sie uns gerne. Unser engagiertes Team steht bereit, um Ihnen bei der Wahl der perfekten L\u00f6sung f\u00fcr Ihre speziellen Bed\u00fcrfnisse zu helfen.<\/p>\n<p><button id=\"knop-contact-opnemen-overige-producten-de\">Kontaktieren Sie uns unverbindlich<\/button><\/p>\n","protected":false},"excerpt":{"rendered":"<p>Das <strong>Airlaid<\/strong> <strong>Besteckfaltung<\/strong> wird auf besondere Weise gefaltet, die Besteckfalt, sodass Ihr Besteck einfach eingesteckt werden kann.<\/p>\n<p>Entdecken Sie unser Airlaid Pochette: eine elegante Serviette mit einer praktischen Besteckpochette f\u00fcr eine m\u00fchelose Tischdekoration. Erh\u00e4ltlich in 33\u00d740 cm:<\/p>\n<ul>\n<li>wei\u00df (50g\/m\u00b2) Preis pro St\u00fcck \u20ac0,07 oder<\/li>\n<li>schwarz (60g\/m\u00b2) Preis pro St\u00fcck \u20ac0,134<\/li>\n<\/ul>\n<p><strong>1 St\u00fcck = 1 Karton mit 2.000 St\u00fcck<\/strong><\/p>\n<p><button id=\"knop-contact-opnemen-overige-producten-de\">Kontaktieren Sie uns unverbindlich<\/button><\/p>\n","protected":false},"featured_media":38745,"template":"","meta":[],"product_brand":[],"product_cat":[1409],"product_tag":[1231,1238,1179,1373,1325],"class_list":{"0":"post-42831","1":"product","2":"type-product","3":"status-publish","4":"has-post-thumbnail","6":"product_cat-airlaid-servietten-de","7":"product_tag-airlaid-40x33cm-de","8":"product_tag-airlaid-besteckfalte","9":"product_tag-airlaid-bestecktaschen-unbedruckt","10":"product_tag-unbedruckte-airlaid-servietten","11":"product_tag-unbedruckte-servietten","13":"first","14":"instock","15":"taxable","16":"shipping-taxable","17":"purchasable","18":"product-type-variable"},"yoast_head":"<!-- This site is optimized with the Yoast SEO Premium plugin v27.2 (Yoast SEO v27.2) - https:\/\/yoast.com\/product\/yoast-seo-premium-wordpress\/ -->\n<title>Airlaid Besteckfaltung unbedruckt | Place Add | F\u00fcr die Gastronomie<\/title>\n<meta name=\"description\" content=\"Airlaid Pochette 40x33cm unbedruckt: elegant und praktisch mit integrierter Bestecktasche. Erh\u00e4ltlich in wei\u00df (50g\/m\u00b2) oder schwarz (60g\/m\u00b2), 33x40cm.\" \/>\n<meta name=\"robots\" content=\"index, follow, max-snippet:-1, max-image-preview:large, max-video-preview:-1\" \/>\n<link rel=\"canonical\" href=\"https:\/\/place-add.nl\/de\/produkt\/ungedruckte-airlaid-pochette\/\" \/>\n<meta property=\"og:locale\" content=\"de_DE\" \/>\n<meta property=\"og:type\" content=\"article\" \/>\n<meta property=\"og:title\" content=\"Airlaid Besteckfaltung unbedruckt\" \/>\n<meta property=\"og:description\" content=\"Airlaid Pochette 40x33cm unbedruckt: elegant und praktisch mit integrierter Bestecktasche. Erh\u00e4ltlich in wei\u00df (50g\/m\u00b2) oder schwarz (60g\/m\u00b2), 33x40cm.\" \/>\n<meta property=\"og:url\" content=\"https:\/\/place-add.nl\/de\/produkt\/ungedruckte-airlaid-pochette\/\" \/>\n<meta property=\"og:site_name\" content=\"Place Add\" \/>\n<meta property=\"article:publisher\" content=\"https:\/\/www.facebook.com\/PlaceAdd\/\" \/>\n<meta property=\"article:modified_time\" content=\"2025-07-02T12:42:02+00:00\" \/>\n<meta property=\"og:image\" content=\"https:\/\/place-add.nl\/wp-content\/uploads\/2024\/06\/Onbedrukt_bestekzakje_airlaid_bestekvouw_wit_Place_Add_1.jpg\" \/>\n\t<meta property=\"og:image:width\" content=\"800\" \/>\n\t<meta property=\"og:image:height\" content=\"800\" \/>\n\t<meta property=\"og:image:type\" content=\"image\/jpeg\" \/>\n<meta name=\"twitter:card\" content=\"summary_large_image\" \/>\n<meta name=\"twitter:label1\" content=\"Gesch\u00e4tzte Lesezeit\" \/>\n\t<meta name=\"twitter:data1\" content=\"2\u00a0Minuten\" \/>\n<script type=\"application\/ld+json\" class=\"yoast-schema-graph\">{\"@context\":\"https:\/\/schema.org\",\"@graph\":[{\"@type\":\"WebPage\",\"@id\":\"https:\/\/place-add.nl\/de\/produkt\/ungedruckte-airlaid-pochette\/\",\"url\":\"https:\/\/place-add.nl\/de\/produkt\/ungedruckte-airlaid-pochette\/\",\"name\":\"Airlaid Besteckfaltung unbedruckt | Place Add | F\u00fcr die Gastronomie\",\"isPartOf\":{\"@id\":\"https:\/\/place-add.nl\/de\/#website\"},\"primaryImageOfPage\":{\"@id\":\"https:\/\/place-add.nl\/de\/produkt\/ungedruckte-airlaid-pochette\/#primaryimage\"},\"image\":{\"@id\":\"https:\/\/place-add.nl\/de\/produkt\/ungedruckte-airlaid-pochette\/#primaryimage\"},\"thumbnailUrl\":\"https:\/\/place-add.nl\/wp-content\/uploads\/2024\/06\/Onbedrukt_bestekzakje_airlaid_bestekvouw_wit_Place_Add_1.jpg\",\"datePublished\":\"2024-06-18T11:30:34+00:00\",\"dateModified\":\"2025-07-02T12:42:02+00:00\",\"description\":\"Airlaid Pochette 40x33cm unbedruckt: elegant und praktisch mit integrierter Bestecktasche. Erh\u00e4ltlich in wei\u00df (50g\/m\u00b2) oder schwarz (60g\/m\u00b2), 33x40cm.\",\"breadcrumb\":{\"@id\":\"https:\/\/place-add.nl\/de\/produkt\/ungedruckte-airlaid-pochette\/#breadcrumb\"},\"inLanguage\":\"de\",\"potentialAction\":[{\"@type\":\"ReadAction\",\"target\":[\"https:\/\/place-add.nl\/de\/produkt\/ungedruckte-airlaid-pochette\/\"]}]},{\"@type\":\"ImageObject\",\"inLanguage\":\"de\",\"@id\":\"https:\/\/place-add.nl\/de\/produkt\/ungedruckte-airlaid-pochette\/#primaryimage\",\"url\":\"https:\/\/place-add.nl\/wp-content\/uploads\/2024\/06\/Onbedrukt_bestekzakje_airlaid_bestekvouw_wit_Place_Add_1.jpg\",\"contentUrl\":\"https:\/\/place-add.nl\/wp-content\/uploads\/2024\/06\/Onbedrukt_bestekzakje_airlaid_bestekvouw_wit_Place_Add_1.jpg\",\"width\":800,\"height\":800,\"caption\":\"Airlaid Pochette 40x33cm onbedrukt\"},{\"@type\":\"BreadcrumbList\",\"@id\":\"https:\/\/place-add.nl\/de\/produkt\/ungedruckte-airlaid-pochette\/#breadcrumb\",\"itemListElement\":[{\"@type\":\"ListItem\",\"position\":1,\"name\":\"Home\",\"item\":\"https:\/\/place-add.nl\/de\/home\/\"},{\"@type\":\"ListItem\",\"position\":2,\"name\":\"Shop\",\"item\":\"https:\/\/place-add.nl\/de\/shop\/\"},{\"@type\":\"ListItem\",\"position\":3,\"name\":\"Airlaid Besteckfaltung unbedruckt\"}]},{\"@type\":\"WebSite\",\"@id\":\"https:\/\/place-add.nl\/de\/#website\",\"url\":\"https:\/\/place-add.nl\/de\/\",\"name\":\"Place Add\",\"description\":\"Tafelkleding voor de horeca\",\"publisher\":{\"@id\":\"https:\/\/place-add.nl\/de\/#organization\"},\"potentialAction\":[{\"@type\":\"SearchAction\",\"target\":{\"@type\":\"EntryPoint\",\"urlTemplate\":\"https:\/\/place-add.nl\/de\/?s={search_term_string}\"},\"query-input\":{\"@type\":\"PropertyValueSpecification\",\"valueRequired\":true,\"valueName\":\"search_term_string\"}}],\"inLanguage\":\"de\"},{\"@type\":\"Organization\",\"@id\":\"https:\/\/place-add.nl\/de\/#organization\",\"name\":\"Place Add\",\"url\":\"https:\/\/place-add.nl\/de\/\",\"logo\":{\"@type\":\"ImageObject\",\"inLanguage\":\"de\",\"@id\":\"https:\/\/place-add.nl\/de\/#\/schema\/logo\/image\/\",\"url\":\"https:\/\/place-add.nl\/wp-content\/uploads\/2023\/11\/logo-img-place-add.png\",\"contentUrl\":\"https:\/\/place-add.nl\/wp-content\/uploads\/2023\/11\/logo-img-place-add.png\",\"width\":404,\"height\":106,\"caption\":\"Place Add\"},\"image\":{\"@id\":\"https:\/\/place-add.nl\/de\/#\/schema\/logo\/image\/\"},\"sameAs\":[\"https:\/\/www.facebook.com\/PlaceAdd\/\",\"https:\/\/www.instagram.com\/place_add\/\",\"https:\/\/www.youtube.com\/@placeadd\"]}]}<\/script>\n<!-- \/ Yoast SEO Premium plugin. -->","yoast_head_json":{"title":"Airlaid Besteckfaltung unbedruckt | Place Add | F\u00fcr die Gastronomie","description":"Airlaid Pochette 40x33cm unbedruckt: elegant und praktisch mit integrierter Bestecktasche. Erh\u00e4ltlich in wei\u00df (50g\/m\u00b2) oder schwarz (60g\/m\u00b2), 33x40cm.","robots":{"index":"index","follow":"follow","max-snippet":"max-snippet:-1","max-image-preview":"max-image-preview:large","max-video-preview":"max-video-preview:-1"},"canonical":"https:\/\/place-add.nl\/de\/produkt\/ungedruckte-airlaid-pochette\/","og_locale":"de_DE","og_type":"article","og_title":"Airlaid Besteckfaltung unbedruckt","og_description":"Airlaid Pochette 40x33cm unbedruckt: elegant und praktisch mit integrierter Bestecktasche. Erh\u00e4ltlich in wei\u00df (50g\/m\u00b2) oder schwarz (60g\/m\u00b2), 33x40cm.","og_url":"https:\/\/place-add.nl\/de\/produkt\/ungedruckte-airlaid-pochette\/","og_site_name":"Place Add","article_publisher":"https:\/\/www.facebook.com\/PlaceAdd\/","article_modified_time":"2025-07-02T12:42:02+00:00","og_image":[{"width":800,"height":800,"url":"https:\/\/place-add.nl\/wp-content\/uploads\/2024\/06\/Onbedrukt_bestekzakje_airlaid_bestekvouw_wit_Place_Add_1.jpg","type":"image\/jpeg"}],"twitter_card":"summary_large_image","twitter_misc":{"Gesch\u00e4tzte Lesezeit":"2\u00a0Minuten"},"schema":{"@context":"https:\/\/schema.org","@graph":[{"@type":"WebPage","@id":"https:\/\/place-add.nl\/de\/produkt\/ungedruckte-airlaid-pochette\/","url":"https:\/\/place-add.nl\/de\/produkt\/ungedruckte-airlaid-pochette\/","name":"Airlaid Besteckfaltung unbedruckt | Place Add | F\u00fcr die Gastronomie","isPartOf":{"@id":"https:\/\/place-add.nl\/de\/#website"},"primaryImageOfPage":{"@id":"https:\/\/place-add.nl\/de\/produkt\/ungedruckte-airlaid-pochette\/#primaryimage"},"image":{"@id":"https:\/\/place-add.nl\/de\/produkt\/ungedruckte-airlaid-pochette\/#primaryimage"},"thumbnailUrl":"https:\/\/place-add.nl\/wp-content\/uploads\/2024\/06\/Onbedrukt_bestekzakje_airlaid_bestekvouw_wit_Place_Add_1.jpg","datePublished":"2024-06-18T11:30:34+00:00","dateModified":"2025-07-02T12:42:02+00:00","description":"Airlaid Pochette 40x33cm unbedruckt: elegant und praktisch mit integrierter Bestecktasche. Erh\u00e4ltlich in wei\u00df (50g\/m\u00b2) oder schwarz (60g\/m\u00b2), 33x40cm.","breadcrumb":{"@id":"https:\/\/place-add.nl\/de\/produkt\/ungedruckte-airlaid-pochette\/#breadcrumb"},"inLanguage":"de","potentialAction":[{"@type":"ReadAction","target":["https:\/\/place-add.nl\/de\/produkt\/ungedruckte-airlaid-pochette\/"]}]},{"@type":"ImageObject","inLanguage":"de","@id":"https:\/\/place-add.nl\/de\/produkt\/ungedruckte-airlaid-pochette\/#primaryimage","url":"https:\/\/place-add.nl\/wp-content\/uploads\/2024\/06\/Onbedrukt_bestekzakje_airlaid_bestekvouw_wit_Place_Add_1.jpg","contentUrl":"https:\/\/place-add.nl\/wp-content\/uploads\/2024\/06\/Onbedrukt_bestekzakje_airlaid_bestekvouw_wit_Place_Add_1.jpg","width":800,"height":800,"caption":"Airlaid Pochette 40x33cm onbedrukt"},{"@type":"BreadcrumbList","@id":"https:\/\/place-add.nl\/de\/produkt\/ungedruckte-airlaid-pochette\/#breadcrumb","itemListElement":[{"@type":"ListItem","position":1,"name":"Home","item":"https:\/\/place-add.nl\/de\/home\/"},{"@type":"ListItem","position":2,"name":"Shop","item":"https:\/\/place-add.nl\/de\/shop\/"},{"@type":"ListItem","position":3,"name":"Airlaid Besteckfaltung unbedruckt"}]},{"@type":"WebSite","@id":"https:\/\/place-add.nl\/de\/#website","url":"https:\/\/place-add.nl\/de\/","name":"Place Add","description":"Tafelkleding voor de horeca","publisher":{"@id":"https:\/\/place-add.nl\/de\/#organization"},"potentialAction":[{"@type":"SearchAction","target":{"@type":"EntryPoint","urlTemplate":"https:\/\/place-add.nl\/de\/?s={search_term_string}"},"query-input":{"@type":"PropertyValueSpecification","valueRequired":true,"valueName":"search_term_string"}}],"inLanguage":"de"},{"@type":"Organization","@id":"https:\/\/place-add.nl\/de\/#organization","name":"Place Add","url":"https:\/\/place-add.nl\/de\/","logo":{"@type":"ImageObject","inLanguage":"de","@id":"https:\/\/place-add.nl\/de\/#\/schema\/logo\/image\/","url":"https:\/\/place-add.nl\/wp-content\/uploads\/2023\/11\/logo-img-place-add.png","contentUrl":"https:\/\/place-add.nl\/wp-content\/uploads\/2023\/11\/logo-img-place-add.png","width":404,"height":106,"caption":"Place Add"},"image":{"@id":"https:\/\/place-add.nl\/de\/#\/schema\/logo\/image\/"},"sameAs":["https:\/\/www.facebook.com\/PlaceAdd\/","https:\/\/www.instagram.com\/place_add\/","https:\/\/www.youtube.com\/@placeadd"]}]}},"_links":{"self":[{"href":"https:\/\/place-add.nl\/de\/wp-json\/wp\/v2\/product\/42831","targetHints":{"allow":["GET"]}}],"collection":[{"href":"https:\/\/place-add.nl\/de\/wp-json\/wp\/v2\/product"}],"about":[{"href":"https:\/\/place-add.nl\/de\/wp-json\/wp\/v2\/types\/product"}],"wp:featuredmedia":[{"embeddable":true,"href":"https:\/\/place-add.nl\/de\/wp-json\/wp\/v2\/media\/38745"}],"wp:attachment":[{"href":"https:\/\/place-add.nl\/de\/wp-json\/wp\/v2\/media?parent=42831"}],"wp:term":[{"taxonomy":"product_brand","embeddable":true,"href":"https:\/\/place-add.nl\/de\/wp-json\/wp\/v2\/product_brand?post=42831"},{"taxonomy":"product_cat","embeddable":true,"href":"https:\/\/place-add.nl\/de\/wp-json\/wp\/v2\/product_cat?post=42831"},{"taxonomy":"product_tag","embeddable":true,"href":"https:\/\/place-add.nl\/de\/wp-json\/wp\/v2\/product_tag?post=42831"}],"curies":[{"name":"wp","href":"https:\/\/api.w.org\/{rel}","templated":true}]}}