{"id":42835,"date":"2024-06-18T11:31:25","date_gmt":"2024-06-18T11:31:25","guid":{"rendered":"https:\/\/place-add.nl\/product\/onbedrukte-airlaid-basic-55gram-servet-40x40cm\/"},"modified":"2025-07-02T12:47:42","modified_gmt":"2025-07-02T12:47:42","slug":"ungedruckte-airlaid-basic-serviette-40x40-cm","status":"publish","type":"product","link":"https:\/\/place-add.nl\/de\/produkt\/ungedruckte-airlaid-basic-serviette-40x40-cm\/","title":{"rendered":"Airlaid Basic Serviette 40&#215;40 cm unbedruckt"},"content":{"rendered":"<p>Das <strong>ungedruckte Airlaid Basic Serviette 55 Gramm, 40&#215;40 cm<\/strong> bietet hervorragende Qualit\u00e4t mit einem Gewicht von 55 Gramm pro m\u00b2 und eignet sich damit ideal f\u00fcr eine stilvolle Tischdekoration. Diese Serviette besteht aus hochwertigem Airlaid-Material, das f\u00fcr seine feste Struktur und seine luxuri\u00f6se Leinenoptik bekannt ist. Dadurch verleiht sie jeder Gelegenheit einen eleganten, professionellen Touch.<\/p>\n<p>Die Serviette ist in<strong> neun Farben<\/strong> erh\u00e4ltlich, passend zu jeder Atmosph\u00e4re und Einrichtung.<\/p>\n<p><strong>Gr\u00f6\u00dfe und Faltoptionen<\/strong><\/p>\n<ul>\n<li>Ma\u00dfe: 40 x 40 cm<\/li>\n<li>Faltm\u00f6glichkeiten:<\/li>\n<li><strong>1\/4-Faltung<\/strong> (20 x 20 cm)<\/li>\n<li><strong>1\/8-Faltung<\/strong> (20 x 10 cm)<\/li>\n<\/ul>\n<p><strong>Verpackung<\/strong><\/p>\n<p><strong>1 St\u00fcck = 1 Karton mit 600 Servietten<\/strong><\/p>\n<p>Die <strong>ungedruckte Airlaid Basic Serviette 55 Gramm, 40&#215;40 cm<\/strong> ist sowohl f\u00fcr informelle als auch formelle Anl\u00e4sse geeignet und bietet die perfekte Kombination aus Stil, Stabilit\u00e4t und Qualit\u00e4t.<\/p>\n<p>M\u00f6chten Sie eine bedruckte Variante? Entdecken Sie die M\u00f6glichkeiten der <strong><a href=\"https:\/\/place-add.nl\/de\/produkt\/airlaid-basic-bedruckte-servietten\/\">Airlaid BASIC bedruckten<\/a><\/strong> Serviette!<\/p>\n<p>Neben der ungedruckten Airlaid Basic Serviette 55 Gramm, 40&#215;40 cm bieten wir eine breite Auswahl an verschiedenen Serviettenqualit\u00e4ten und Bestecktaschen, sowohl bedruckt als auch unbedruckt. Bei Place Add sind Sie f\u00fcr all Ihre Servietten bestens aufgehoben!<\/p>\n<p>Werfen Sie auch einen Blick auf unsere zweite Website, <strong><a href=\"https:\/\/www.craftontable.com\/collections\">Craftontable.com<\/a><\/strong>, f\u00fcr Men\u00fckarten mit weniger Personalisierungsoptionen, jedoch schnellerer Lieferzeit.<\/p>\n<p>Ben\u00f6tigen Sie pers\u00f6nliche Beratung? Z\u00f6gern Sie nicht, uns zu <strong><a href=\"https:\/\/place-add.nl\/de\/kontakt\/\">kontaktieren<\/a><\/strong>. Unser engagiertes Team steht bereit, um Ihnen bei der Wahl der perfekten L\u00f6sung f\u00fcr Ihre speziellen Anforderungen zu helfen.<\/p>\n<p><button id=\"knop-contact-opnemen-overige-producten-de\">Kontaktieren Sie uns unverbindlich<\/button><\/p>\n","protected":false},"excerpt":{"rendered":"<p>Die Airlaid Basic Serviette 40x40cm ist von ausgezeichneter Airlaid-Qualit\u00e4t mit 55 Gramm pro m\u00b2.<\/p>\n<p>Das Airlaid-Material ist bekannt f\u00fcr seine robuste Struktur und das angenehme Linnengef\u00fchl, was f\u00fcr ein stilvolles Erscheinungsbild sorgt.<\/p>\n<p>Die Serviette von 40x40cm ist in 1\/4-Faltung erh\u00e4ltlich, gefaltet auf 20x20cm, oder als 1\/8-Faltung, gefaltet auf 20x10cm.<\/p>\n<p><strong>1 St\u00fcck = 1 Karton mit 600 St\u00fcck<\/strong><\/p>\n<p><button id=\"knop-contact-opnemen-overige-producten-de\">Kontaktieren Sie uns unverbindlich<\/button><\/p>\n","protected":false},"featured_media":40554,"template":"","meta":[],"product_brand":[],"product_cat":[1409],"product_tag":[1232,1237,1373,1325],"class_list":{"0":"post-42835","1":"product","2":"type-product","3":"status-publish","4":"has-post-thumbnail","6":"product_cat-airlaid-servietten-de","7":"product_tag-airlaid-40x40-de","8":"product_tag-airlaid-basic-de","9":"product_tag-unbedruckte-airlaid-servietten","10":"product_tag-unbedruckte-servietten","12":"first","13":"instock","14":"taxable","15":"shipping-taxable","16":"purchasable","17":"product-type-variable"},"yoast_head":"<!-- This site is optimized with the Yoast SEO Premium plugin v27.2 (Yoast SEO v27.2) - https:\/\/yoast.com\/product\/yoast-seo-premium-wordpress\/ -->\n<title>ungedruckte Airlaid Basic Serviette 40x40 cm | Place Add<\/title>\n<meta name=\"description\" content=\"Unbedruckte Airlaid Basic 55 Gramm Serviette 40x40cm: robust, mit luxuri\u00f6sem Leinengef\u00fchl. Erh\u00e4ltlich in wei\u00df oder farbig. Bestellen Sie sie jetzt.\" \/>\n<meta name=\"robots\" content=\"index, follow, max-snippet:-1, max-image-preview:large, max-video-preview:-1\" \/>\n<link rel=\"canonical\" href=\"https:\/\/place-add.nl\/de\/produkt\/ungedruckte-airlaid-basic-serviette-40x40-cm\/\" \/>\n<meta property=\"og:locale\" content=\"de_DE\" \/>\n<meta property=\"og:type\" content=\"article\" \/>\n<meta property=\"og:title\" content=\"Airlaid Basic Serviette 40x40 cm unbedruckt\" \/>\n<meta property=\"og:description\" content=\"Unbedruckte Airlaid Basic 55 Gramm Serviette 40x40cm: robust, mit luxuri\u00f6sem Leinengef\u00fchl. Erh\u00e4ltlich in wei\u00df oder farbig. Bestellen Sie sie jetzt.\" \/>\n<meta property=\"og:url\" content=\"https:\/\/place-add.nl\/de\/produkt\/ungedruckte-airlaid-basic-serviette-40x40-cm\/\" \/>\n<meta property=\"og:site_name\" content=\"Place Add\" \/>\n<meta property=\"article:publisher\" content=\"https:\/\/www.facebook.com\/PlaceAdd\/\" \/>\n<meta property=\"article:modified_time\" content=\"2025-07-02T12:47:42+00:00\" \/>\n<meta property=\"og:image\" content=\"https:\/\/place-add.nl\/wp-content\/uploads\/2024\/06\/Onbedrukt_Airlaidbasicservet40x40cm_5-scaled.jpg\" \/>\n\t<meta property=\"og:image:width\" content=\"1000\" \/>\n\t<meta property=\"og:image:height\" content=\"1000\" \/>\n\t<meta property=\"og:image:type\" content=\"image\/jpeg\" \/>\n<meta name=\"twitter:card\" content=\"summary_large_image\" \/>\n<meta name=\"twitter:label1\" content=\"Gesch\u00e4tzte Lesezeit\" \/>\n\t<meta name=\"twitter:data1\" content=\"2\u00a0Minuten\" \/>\n<script type=\"application\/ld+json\" class=\"yoast-schema-graph\">{\"@context\":\"https:\/\/schema.org\",\"@graph\":[{\"@type\":\"WebPage\",\"@id\":\"https:\/\/place-add.nl\/de\/produkt\/ungedruckte-airlaid-basic-serviette-40x40-cm\/\",\"url\":\"https:\/\/place-add.nl\/de\/produkt\/ungedruckte-airlaid-basic-serviette-40x40-cm\/\",\"name\":\"ungedruckte Airlaid Basic Serviette 40x40 cm | Place Add\",\"isPartOf\":{\"@id\":\"https:\/\/place-add.nl\/de\/#website\"},\"primaryImageOfPage\":{\"@id\":\"https:\/\/place-add.nl\/de\/produkt\/ungedruckte-airlaid-basic-serviette-40x40-cm\/#primaryimage\"},\"image\":{\"@id\":\"https:\/\/place-add.nl\/de\/produkt\/ungedruckte-airlaid-basic-serviette-40x40-cm\/#primaryimage\"},\"thumbnailUrl\":\"https:\/\/place-add.nl\/wp-content\/uploads\/2024\/06\/Onbedrukt_Airlaidbasicservet40x40cm_5-scaled.jpg\",\"datePublished\":\"2024-06-18T11:31:25+00:00\",\"dateModified\":\"2025-07-02T12:47:42+00:00\",\"description\":\"Unbedruckte Airlaid Basic 55 Gramm Serviette 40x40cm: robust, mit luxuri\u00f6sem Leinengef\u00fchl. Erh\u00e4ltlich in wei\u00df oder farbig. Bestellen Sie sie jetzt.\",\"breadcrumb\":{\"@id\":\"https:\/\/place-add.nl\/de\/produkt\/ungedruckte-airlaid-basic-serviette-40x40-cm\/#breadcrumb\"},\"inLanguage\":\"de\",\"potentialAction\":[{\"@type\":\"ReadAction\",\"target\":[\"https:\/\/place-add.nl\/de\/produkt\/ungedruckte-airlaid-basic-serviette-40x40-cm\/\"]}]},{\"@type\":\"ImageObject\",\"inLanguage\":\"de\",\"@id\":\"https:\/\/place-add.nl\/de\/produkt\/ungedruckte-airlaid-basic-serviette-40x40-cm\/#primaryimage\",\"url\":\"https:\/\/place-add.nl\/wp-content\/uploads\/2024\/06\/Onbedrukt_Airlaidbasicservet40x40cm_5-scaled.jpg\",\"contentUrl\":\"https:\/\/place-add.nl\/wp-content\/uploads\/2024\/06\/Onbedrukt_Airlaidbasicservet40x40cm_5-scaled.jpg\",\"width\":1000,\"height\":1000,\"caption\":\"Onbedrukte Airlaid Basic 55gram Servet 40x40cm\"},{\"@type\":\"BreadcrumbList\",\"@id\":\"https:\/\/place-add.nl\/de\/produkt\/ungedruckte-airlaid-basic-serviette-40x40-cm\/#breadcrumb\",\"itemListElement\":[{\"@type\":\"ListItem\",\"position\":1,\"name\":\"Home\",\"item\":\"https:\/\/place-add.nl\/de\/home\/\"},{\"@type\":\"ListItem\",\"position\":2,\"name\":\"Shop\",\"item\":\"https:\/\/place-add.nl\/de\/shop\/\"},{\"@type\":\"ListItem\",\"position\":3,\"name\":\"Airlaid Basic Serviette 40&#215;40 cm unbedruckt\"}]},{\"@type\":\"WebSite\",\"@id\":\"https:\/\/place-add.nl\/de\/#website\",\"url\":\"https:\/\/place-add.nl\/de\/\",\"name\":\"Place Add\",\"description\":\"Tafelkleding voor de horeca\",\"publisher\":{\"@id\":\"https:\/\/place-add.nl\/de\/#organization\"},\"potentialAction\":[{\"@type\":\"SearchAction\",\"target\":{\"@type\":\"EntryPoint\",\"urlTemplate\":\"https:\/\/place-add.nl\/de\/?s={search_term_string}\"},\"query-input\":{\"@type\":\"PropertyValueSpecification\",\"valueRequired\":true,\"valueName\":\"search_term_string\"}}],\"inLanguage\":\"de\"},{\"@type\":\"Organization\",\"@id\":\"https:\/\/place-add.nl\/de\/#organization\",\"name\":\"Place Add\",\"url\":\"https:\/\/place-add.nl\/de\/\",\"logo\":{\"@type\":\"ImageObject\",\"inLanguage\":\"de\",\"@id\":\"https:\/\/place-add.nl\/de\/#\/schema\/logo\/image\/\",\"url\":\"https:\/\/place-add.nl\/wp-content\/uploads\/2023\/11\/logo-img-place-add.png\",\"contentUrl\":\"https:\/\/place-add.nl\/wp-content\/uploads\/2023\/11\/logo-img-place-add.png\",\"width\":404,\"height\":106,\"caption\":\"Place Add\"},\"image\":{\"@id\":\"https:\/\/place-add.nl\/de\/#\/schema\/logo\/image\/\"},\"sameAs\":[\"https:\/\/www.facebook.com\/PlaceAdd\/\",\"https:\/\/www.instagram.com\/place_add\/\",\"https:\/\/www.youtube.com\/@placeadd\"]}]}<\/script>\n<!-- \/ Yoast SEO Premium plugin. -->","yoast_head_json":{"title":"ungedruckte Airlaid Basic Serviette 40x40 cm | Place Add","description":"Unbedruckte Airlaid Basic 55 Gramm Serviette 40x40cm: robust, mit luxuri\u00f6sem Leinengef\u00fchl. Erh\u00e4ltlich in wei\u00df oder farbig. Bestellen Sie sie jetzt.","robots":{"index":"index","follow":"follow","max-snippet":"max-snippet:-1","max-image-preview":"max-image-preview:large","max-video-preview":"max-video-preview:-1"},"canonical":"https:\/\/place-add.nl\/de\/produkt\/ungedruckte-airlaid-basic-serviette-40x40-cm\/","og_locale":"de_DE","og_type":"article","og_title":"Airlaid Basic Serviette 40x40 cm unbedruckt","og_description":"Unbedruckte Airlaid Basic 55 Gramm Serviette 40x40cm: robust, mit luxuri\u00f6sem Leinengef\u00fchl. Erh\u00e4ltlich in wei\u00df oder farbig. Bestellen Sie sie jetzt.","og_url":"https:\/\/place-add.nl\/de\/produkt\/ungedruckte-airlaid-basic-serviette-40x40-cm\/","og_site_name":"Place Add","article_publisher":"https:\/\/www.facebook.com\/PlaceAdd\/","article_modified_time":"2025-07-02T12:47:42+00:00","og_image":[{"width":1000,"height":1000,"url":"https:\/\/place-add.nl\/wp-content\/uploads\/2024\/06\/Onbedrukt_Airlaidbasicservet40x40cm_5-scaled.jpg","type":"image\/jpeg"}],"twitter_card":"summary_large_image","twitter_misc":{"Gesch\u00e4tzte Lesezeit":"2\u00a0Minuten"},"schema":{"@context":"https:\/\/schema.org","@graph":[{"@type":"WebPage","@id":"https:\/\/place-add.nl\/de\/produkt\/ungedruckte-airlaid-basic-serviette-40x40-cm\/","url":"https:\/\/place-add.nl\/de\/produkt\/ungedruckte-airlaid-basic-serviette-40x40-cm\/","name":"ungedruckte Airlaid Basic Serviette 40x40 cm | Place Add","isPartOf":{"@id":"https:\/\/place-add.nl\/de\/#website"},"primaryImageOfPage":{"@id":"https:\/\/place-add.nl\/de\/produkt\/ungedruckte-airlaid-basic-serviette-40x40-cm\/#primaryimage"},"image":{"@id":"https:\/\/place-add.nl\/de\/produkt\/ungedruckte-airlaid-basic-serviette-40x40-cm\/#primaryimage"},"thumbnailUrl":"https:\/\/place-add.nl\/wp-content\/uploads\/2024\/06\/Onbedrukt_Airlaidbasicservet40x40cm_5-scaled.jpg","datePublished":"2024-06-18T11:31:25+00:00","dateModified":"2025-07-02T12:47:42+00:00","description":"Unbedruckte Airlaid Basic 55 Gramm Serviette 40x40cm: robust, mit luxuri\u00f6sem Leinengef\u00fchl. Erh\u00e4ltlich in wei\u00df oder farbig. Bestellen Sie sie jetzt.","breadcrumb":{"@id":"https:\/\/place-add.nl\/de\/produkt\/ungedruckte-airlaid-basic-serviette-40x40-cm\/#breadcrumb"},"inLanguage":"de","potentialAction":[{"@type":"ReadAction","target":["https:\/\/place-add.nl\/de\/produkt\/ungedruckte-airlaid-basic-serviette-40x40-cm\/"]}]},{"@type":"ImageObject","inLanguage":"de","@id":"https:\/\/place-add.nl\/de\/produkt\/ungedruckte-airlaid-basic-serviette-40x40-cm\/#primaryimage","url":"https:\/\/place-add.nl\/wp-content\/uploads\/2024\/06\/Onbedrukt_Airlaidbasicservet40x40cm_5-scaled.jpg","contentUrl":"https:\/\/place-add.nl\/wp-content\/uploads\/2024\/06\/Onbedrukt_Airlaidbasicservet40x40cm_5-scaled.jpg","width":1000,"height":1000,"caption":"Onbedrukte Airlaid Basic 55gram Servet 40x40cm"},{"@type":"BreadcrumbList","@id":"https:\/\/place-add.nl\/de\/produkt\/ungedruckte-airlaid-basic-serviette-40x40-cm\/#breadcrumb","itemListElement":[{"@type":"ListItem","position":1,"name":"Home","item":"https:\/\/place-add.nl\/de\/home\/"},{"@type":"ListItem","position":2,"name":"Shop","item":"https:\/\/place-add.nl\/de\/shop\/"},{"@type":"ListItem","position":3,"name":"Airlaid Basic Serviette 40&#215;40 cm unbedruckt"}]},{"@type":"WebSite","@id":"https:\/\/place-add.nl\/de\/#website","url":"https:\/\/place-add.nl\/de\/","name":"Place Add","description":"Tafelkleding voor de horeca","publisher":{"@id":"https:\/\/place-add.nl\/de\/#organization"},"potentialAction":[{"@type":"SearchAction","target":{"@type":"EntryPoint","urlTemplate":"https:\/\/place-add.nl\/de\/?s={search_term_string}"},"query-input":{"@type":"PropertyValueSpecification","valueRequired":true,"valueName":"search_term_string"}}],"inLanguage":"de"},{"@type":"Organization","@id":"https:\/\/place-add.nl\/de\/#organization","name":"Place Add","url":"https:\/\/place-add.nl\/de\/","logo":{"@type":"ImageObject","inLanguage":"de","@id":"https:\/\/place-add.nl\/de\/#\/schema\/logo\/image\/","url":"https:\/\/place-add.nl\/wp-content\/uploads\/2023\/11\/logo-img-place-add.png","contentUrl":"https:\/\/place-add.nl\/wp-content\/uploads\/2023\/11\/logo-img-place-add.png","width":404,"height":106,"caption":"Place Add"},"image":{"@id":"https:\/\/place-add.nl\/de\/#\/schema\/logo\/image\/"},"sameAs":["https:\/\/www.facebook.com\/PlaceAdd\/","https:\/\/www.instagram.com\/place_add\/","https:\/\/www.youtube.com\/@placeadd"]}]}},"_links":{"self":[{"href":"https:\/\/place-add.nl\/de\/wp-json\/wp\/v2\/product\/42835","targetHints":{"allow":["GET"]}}],"collection":[{"href":"https:\/\/place-add.nl\/de\/wp-json\/wp\/v2\/product"}],"about":[{"href":"https:\/\/place-add.nl\/de\/wp-json\/wp\/v2\/types\/product"}],"wp:featuredmedia":[{"embeddable":true,"href":"https:\/\/place-add.nl\/de\/wp-json\/wp\/v2\/media\/40554"}],"wp:attachment":[{"href":"https:\/\/place-add.nl\/de\/wp-json\/wp\/v2\/media?parent=42835"}],"wp:term":[{"taxonomy":"product_brand","embeddable":true,"href":"https:\/\/place-add.nl\/de\/wp-json\/wp\/v2\/product_brand?post=42835"},{"taxonomy":"product_cat","embeddable":true,"href":"https:\/\/place-add.nl\/de\/wp-json\/wp\/v2\/product_cat?post=42835"},{"taxonomy":"product_tag","embeddable":true,"href":"https:\/\/place-add.nl\/de\/wp-json\/wp\/v2\/product_tag?post=42835"}],"curies":[{"name":"wp","href":"https:\/\/api.w.org\/{rel}","templated":true}]}}