{"id":42867,"date":"2024-06-18T11:21:08","date_gmt":"2024-06-18T11:21:08","guid":{"rendered":"https:\/\/place-add.nl\/product\/2-laags-gekleurd-servet-onbedrukt\/"},"modified":"2026-03-30T13:46:11","modified_gmt":"2026-03-30T13:46:11","slug":"2-lagigen-serviette-in-farbe","status":"publish","type":"product","link":"https:\/\/place-add.nl\/de\/produkt\/2-lagigen-serviette-in-farbe\/","title":{"rendered":"2-lagigen Serviette in Farbe"},"content":{"rendered":"<p>Bringen Sie Farbe und Qualit\u00e4t auf Ihre Tische mit unserer klassischen <strong>2-lagigen Serviette in Farbe, unbedruckt.<\/strong><\/p>\n<p>Diese vielseitigen Servietten, erh\u00e4ltlich in drei praktischen Formaten und in bis zu <strong>16 verschiedenen Farben<\/strong>, verleihen Ihrem Interieur m\u00fchelos einen Hauch von Stil. Ob f\u00fcr ein elegantes Abendessen, ein informelles Mittagessen oder eine gro\u00dfe Veranstaltung \u2013 diese Servietten bieten die Robustheit und das klassische Design, das Sie von einer hochwertigen Zellstoffserviette erwarten.<\/p>\n<p>W\u00e4hlen Sie die Gr\u00f6\u00dfe, die am besten zu Ihrem Anlass passt:<\/p>\n<ul>\n<li><strong>25 x 25 cm<\/strong> \u2013 Ideal f\u00fcr informelle Anl\u00e4sse oder Fingerfood. Gefaltet auf ein handliches Format von 12,5 x 12,5 cm. Verpackt in Kartons zu 600 St\u00fcck.<\/li>\n<li><strong>33 x 33 cm<\/strong> \u2013 Die perfekte Mittelgr\u00f6\u00dfe, ideal f\u00fcr die meisten Fr\u00fchst\u00fccks- und Mittagessen-Anl\u00e4sse. Gefaltet auf 16,5 x 16,5 cm, optional mit 1\/8-Faltung auf Anfrage. Verpackt in Kartons zu 600 St\u00fcck.<\/li>\n<li><strong>40 x 40 cm<\/strong> \u2013 Gro\u00dfes Format f\u00fcr formelle Abendessen und luxuri\u00f6se Pr\u00e4sentationen. Gefaltet auf 20 x 20 cm, optional mit 1\/8-Faltung auf Anfrage. Verpackt in Kartons zu 500 St\u00fcck.<\/li>\n<\/ul>\n<p>Dank der zweilagigen Struktur sind diese Zellstoffservietten robust genug f\u00fcr den intensiven Gebrauch und f\u00fchlen sich angenehm an. Mit der Auswahl aus 16 Farben k\u00f6nnen Sie Ihre Tischdekoration perfekt auf Ihr Interieur oder Ihr Eventthema abstimmen oder bei verschiedenen Anl\u00e4ssen variieren.<\/p>\n<p>Unsere <strong>2-lagigen, unbedruckten Farbt\u00f6ne-Servietten<\/strong> lassen sich einfach online bestellen, sodass Sie Ihren Vorrat schnell und effizient auff\u00fcllen k\u00f6nnen. Auch in <a href=\"https:\/\/place-add.nl\/de\/produkt\/2-lagige-unbedruckte-weisse-serviette\/\"><strong>Wei\u00df<\/strong><\/a> erh\u00e4ltlich. Suchen Sie nach einer luxuri\u00f6seren Serviette? Sehen Sie sich unsere <strong><a href=\"https:\/\/place-add.nl\/de\/einwegartikel-shop\/servietten-unbedruckt\/airlaid-servetten-unbedruckt\/\">Airlaid-Servietten<\/a><\/strong> an!<\/p>\n<p>Unsere Servietten sind auch auf unserer zweiten Website <strong><a href=\"https:\/\/www.craftontable.com\/collections\">Craftontable.com<\/a><\/strong> bestellbar!<\/p>\n<p><strong>Ben\u00f6tigen Sie Beratung?<\/strong><\/p>\n<p><strong>Unser Team steht Ihnen gerne zur Verf\u00fcgung, um Sie bei der Auswahl der perfekten Servietten zu unterst\u00fctzen und Ihre Tischpr\u00e4sentation optimal zu gestalten.<\/strong><\/p>\n<p><button id=\"knop-contact-opnemen-overige-producten-de\">Kontaktieren Sie uns unverbindlich<\/button><\/p>\n","protected":false},"excerpt":{"rendered":"<p>Die <strong>klassische 2-lagige Zellstoffserviette<\/strong> kann in jeder Einrichtung verwendet werden. Die 2 Lagen verleihen der Serviette die n\u00f6tige Robustheit, die Sie erwarten.<\/p>\n<ul>\n<li>25 x 25 cm, viertelgefaltet (gefaltet auf 12,5 x 12,5 cm)<\/li>\n<\/ul>\n<p><strong>1 St\u00fcck = 1 Karton mit 600 St\u00fcck<\/strong><\/p>\n<ul>\n<li>33 x 33 cm, viertelgefaltet (gefaltet auf 16,5 x 16,5 cm;<\/li>\n<\/ul>\n<p>1\/8-Falz auf Anfrage erh\u00e4ltlich)<\/p>\n<p><strong>1 St\u00fcck = 1 Karton mit 600 St\u00fcck<\/strong><\/p>\n<ul>\n<li>40 x 40 cm, Viertelfalz (gefaltet auf 20 x 20 cm;<\/li>\n<\/ul>\n<p>1\/8 Falz auf Anfrage erh\u00e4ltlich)<\/p>\n<p><strong>1 St\u00fcck = 1 Karton mit 500 St\u00fcck<\/strong><\/p>\n<p><button id=\"knop-contact-opnemen-overige-producten-de\">Kontaktieren Sie uns unverbindlich<\/button><\/p>\n","protected":false},"featured_media":38710,"template":"","meta":[],"product_brand":[],"product_cat":[1004],"product_tag":[1115,1114,1371,1325,1399],"class_list":{"0":"post-42867","1":"product","2":"type-product","3":"status-publish","4":"has-post-thumbnail","6":"product_cat-2-lagige-cellulose-serviette","7":"product_tag-2-lagige-servietten","8":"product_tag-2-lagige-zellstoff-servietten","9":"product_tag-unbedruckte-servietten-de","10":"product_tag-unbedruckte-servietten","11":"product_tag-unbedruckte-zellstoffservietten","13":"first","14":"instock","15":"taxable","16":"shipping-taxable","17":"purchasable","18":"product-type-variable"},"yoast_head":"<!-- This site is optimized with the Yoast SEO Premium plugin v27.2 (Yoast SEO v27.2) - https:\/\/yoast.com\/product\/yoast-seo-premium-wordpress\/ -->\n<title>2-lagigen Serviette in Farbe | Place Add | Gastronomie<\/title>\n<meta name=\"description\" content=\"die 2-lagige farbige Serviette unbedruckt! sofort online bestellen! F\u00fcr eine fachkundige Beratung wenden Sie sich bitte an unser engagiertes Team.\" \/>\n<meta name=\"robots\" content=\"index, follow, max-snippet:-1, max-image-preview:large, max-video-preview:-1\" \/>\n<link rel=\"canonical\" href=\"https:\/\/place-add.nl\/de\/produkt\/2-lagigen-serviette-in-farbe\/\" \/>\n<meta property=\"og:locale\" content=\"de_DE\" \/>\n<meta property=\"og:type\" content=\"article\" \/>\n<meta property=\"og:title\" content=\"2-lagigen Serviette in Farbe\" \/>\n<meta property=\"og:description\" content=\"die 2-lagige farbige Serviette unbedruckt! sofort online bestellen! F\u00fcr eine fachkundige Beratung wenden Sie sich bitte an unser engagiertes Team.\" \/>\n<meta property=\"og:url\" content=\"https:\/\/place-add.nl\/de\/produkt\/2-lagigen-serviette-in-farbe\/\" \/>\n<meta property=\"og:site_name\" content=\"Place Add\" \/>\n<meta property=\"article:publisher\" content=\"https:\/\/www.facebook.com\/PlaceAdd\/\" \/>\n<meta property=\"article:modified_time\" content=\"2026-03-30T13:46:11+00:00\" \/>\n<meta property=\"og:image\" content=\"https:\/\/place-add.nl\/wp-content\/uploads\/2024\/06\/Onbedrukt_2laags_4040_goldengrey4v_Place_Add_5.jpg\" \/>\n\t<meta property=\"og:image:width\" content=\"800\" \/>\n\t<meta property=\"og:image:height\" content=\"800\" \/>\n\t<meta property=\"og:image:type\" content=\"image\/jpeg\" \/>\n<meta name=\"twitter:card\" content=\"summary_large_image\" \/>\n<meta name=\"twitter:label1\" content=\"Gesch\u00e4tzte Lesezeit\" \/>\n\t<meta name=\"twitter:data1\" content=\"2\u00a0Minuten\" \/>\n<script type=\"application\/ld+json\" class=\"yoast-schema-graph\">{\"@context\":\"https:\/\/schema.org\",\"@graph\":[{\"@type\":\"WebPage\",\"@id\":\"https:\/\/place-add.nl\/de\/produkt\/2-lagigen-serviette-in-farbe\/\",\"url\":\"https:\/\/place-add.nl\/de\/produkt\/2-lagigen-serviette-in-farbe\/\",\"name\":\"2-lagigen Serviette in Farbe | Place Add | Gastronomie\",\"isPartOf\":{\"@id\":\"https:\/\/place-add.nl\/de\/#website\"},\"primaryImageOfPage\":{\"@id\":\"https:\/\/place-add.nl\/de\/produkt\/2-lagigen-serviette-in-farbe\/#primaryimage\"},\"image\":{\"@id\":\"https:\/\/place-add.nl\/de\/produkt\/2-lagigen-serviette-in-farbe\/#primaryimage\"},\"thumbnailUrl\":\"https:\/\/place-add.nl\/wp-content\/uploads\/2024\/06\/Onbedrukt_2laags_4040_goldengrey4v_Place_Add_5.jpg\",\"datePublished\":\"2024-06-18T11:21:08+00:00\",\"dateModified\":\"2026-03-30T13:46:11+00:00\",\"description\":\"die 2-lagige farbige Serviette unbedruckt! sofort online bestellen! F\u00fcr eine fachkundige Beratung wenden Sie sich bitte an unser engagiertes Team.\",\"breadcrumb\":{\"@id\":\"https:\/\/place-add.nl\/de\/produkt\/2-lagigen-serviette-in-farbe\/#breadcrumb\"},\"inLanguage\":\"de\",\"potentialAction\":[{\"@type\":\"ReadAction\",\"target\":[\"https:\/\/place-add.nl\/de\/produkt\/2-lagigen-serviette-in-farbe\/\"]}]},{\"@type\":\"ImageObject\",\"inLanguage\":\"de\",\"@id\":\"https:\/\/place-add.nl\/de\/produkt\/2-lagigen-serviette-in-farbe\/#primaryimage\",\"url\":\"https:\/\/place-add.nl\/wp-content\/uploads\/2024\/06\/Onbedrukt_2laags_4040_goldengrey4v_Place_Add_5.jpg\",\"contentUrl\":\"https:\/\/place-add.nl\/wp-content\/uploads\/2024\/06\/Onbedrukt_2laags_4040_goldengrey4v_Place_Add_5.jpg\",\"width\":800,\"height\":800,\"caption\":\"2-laags gekleurd servet onbedrukt\"},{\"@type\":\"BreadcrumbList\",\"@id\":\"https:\/\/place-add.nl\/de\/produkt\/2-lagigen-serviette-in-farbe\/#breadcrumb\",\"itemListElement\":[{\"@type\":\"ListItem\",\"position\":1,\"name\":\"Home\",\"item\":\"https:\/\/place-add.nl\/de\/home\/\"},{\"@type\":\"ListItem\",\"position\":2,\"name\":\"Shop\",\"item\":\"https:\/\/place-add.nl\/de\/shop\/\"},{\"@type\":\"ListItem\",\"position\":3,\"name\":\"2-lagigen Serviette in Farbe\"}]},{\"@type\":\"WebSite\",\"@id\":\"https:\/\/place-add.nl\/de\/#website\",\"url\":\"https:\/\/place-add.nl\/de\/\",\"name\":\"Place Add\",\"description\":\"Tafelkleding voor de horeca\",\"publisher\":{\"@id\":\"https:\/\/place-add.nl\/de\/#organization\"},\"potentialAction\":[{\"@type\":\"SearchAction\",\"target\":{\"@type\":\"EntryPoint\",\"urlTemplate\":\"https:\/\/place-add.nl\/de\/?s={search_term_string}\"},\"query-input\":{\"@type\":\"PropertyValueSpecification\",\"valueRequired\":true,\"valueName\":\"search_term_string\"}}],\"inLanguage\":\"de\"},{\"@type\":\"Organization\",\"@id\":\"https:\/\/place-add.nl\/de\/#organization\",\"name\":\"Place Add\",\"url\":\"https:\/\/place-add.nl\/de\/\",\"logo\":{\"@type\":\"ImageObject\",\"inLanguage\":\"de\",\"@id\":\"https:\/\/place-add.nl\/de\/#\/schema\/logo\/image\/\",\"url\":\"https:\/\/place-add.nl\/wp-content\/uploads\/2023\/11\/logo-img-place-add.png\",\"contentUrl\":\"https:\/\/place-add.nl\/wp-content\/uploads\/2023\/11\/logo-img-place-add.png\",\"width\":404,\"height\":106,\"caption\":\"Place Add\"},\"image\":{\"@id\":\"https:\/\/place-add.nl\/de\/#\/schema\/logo\/image\/\"},\"sameAs\":[\"https:\/\/www.facebook.com\/PlaceAdd\/\",\"https:\/\/www.instagram.com\/place_add\/\",\"https:\/\/www.youtube.com\/@placeadd\"]}]}<\/script>\n<!-- \/ Yoast SEO Premium plugin. -->","yoast_head_json":{"title":"2-lagigen Serviette in Farbe | Place Add | Gastronomie","description":"die 2-lagige farbige Serviette unbedruckt! sofort online bestellen! F\u00fcr eine fachkundige Beratung wenden Sie sich bitte an unser engagiertes Team.","robots":{"index":"index","follow":"follow","max-snippet":"max-snippet:-1","max-image-preview":"max-image-preview:large","max-video-preview":"max-video-preview:-1"},"canonical":"https:\/\/place-add.nl\/de\/produkt\/2-lagigen-serviette-in-farbe\/","og_locale":"de_DE","og_type":"article","og_title":"2-lagigen Serviette in Farbe","og_description":"die 2-lagige farbige Serviette unbedruckt! sofort online bestellen! F\u00fcr eine fachkundige Beratung wenden Sie sich bitte an unser engagiertes Team.","og_url":"https:\/\/place-add.nl\/de\/produkt\/2-lagigen-serviette-in-farbe\/","og_site_name":"Place Add","article_publisher":"https:\/\/www.facebook.com\/PlaceAdd\/","article_modified_time":"2026-03-30T13:46:11+00:00","og_image":[{"width":800,"height":800,"url":"https:\/\/place-add.nl\/wp-content\/uploads\/2024\/06\/Onbedrukt_2laags_4040_goldengrey4v_Place_Add_5.jpg","type":"image\/jpeg"}],"twitter_card":"summary_large_image","twitter_misc":{"Gesch\u00e4tzte Lesezeit":"2\u00a0Minuten"},"schema":{"@context":"https:\/\/schema.org","@graph":[{"@type":"WebPage","@id":"https:\/\/place-add.nl\/de\/produkt\/2-lagigen-serviette-in-farbe\/","url":"https:\/\/place-add.nl\/de\/produkt\/2-lagigen-serviette-in-farbe\/","name":"2-lagigen Serviette in Farbe | Place Add | Gastronomie","isPartOf":{"@id":"https:\/\/place-add.nl\/de\/#website"},"primaryImageOfPage":{"@id":"https:\/\/place-add.nl\/de\/produkt\/2-lagigen-serviette-in-farbe\/#primaryimage"},"image":{"@id":"https:\/\/place-add.nl\/de\/produkt\/2-lagigen-serviette-in-farbe\/#primaryimage"},"thumbnailUrl":"https:\/\/place-add.nl\/wp-content\/uploads\/2024\/06\/Onbedrukt_2laags_4040_goldengrey4v_Place_Add_5.jpg","datePublished":"2024-06-18T11:21:08+00:00","dateModified":"2026-03-30T13:46:11+00:00","description":"die 2-lagige farbige Serviette unbedruckt! sofort online bestellen! F\u00fcr eine fachkundige Beratung wenden Sie sich bitte an unser engagiertes Team.","breadcrumb":{"@id":"https:\/\/place-add.nl\/de\/produkt\/2-lagigen-serviette-in-farbe\/#breadcrumb"},"inLanguage":"de","potentialAction":[{"@type":"ReadAction","target":["https:\/\/place-add.nl\/de\/produkt\/2-lagigen-serviette-in-farbe\/"]}]},{"@type":"ImageObject","inLanguage":"de","@id":"https:\/\/place-add.nl\/de\/produkt\/2-lagigen-serviette-in-farbe\/#primaryimage","url":"https:\/\/place-add.nl\/wp-content\/uploads\/2024\/06\/Onbedrukt_2laags_4040_goldengrey4v_Place_Add_5.jpg","contentUrl":"https:\/\/place-add.nl\/wp-content\/uploads\/2024\/06\/Onbedrukt_2laags_4040_goldengrey4v_Place_Add_5.jpg","width":800,"height":800,"caption":"2-laags gekleurd servet onbedrukt"},{"@type":"BreadcrumbList","@id":"https:\/\/place-add.nl\/de\/produkt\/2-lagigen-serviette-in-farbe\/#breadcrumb","itemListElement":[{"@type":"ListItem","position":1,"name":"Home","item":"https:\/\/place-add.nl\/de\/home\/"},{"@type":"ListItem","position":2,"name":"Shop","item":"https:\/\/place-add.nl\/de\/shop\/"},{"@type":"ListItem","position":3,"name":"2-lagigen Serviette in Farbe"}]},{"@type":"WebSite","@id":"https:\/\/place-add.nl\/de\/#website","url":"https:\/\/place-add.nl\/de\/","name":"Place Add","description":"Tafelkleding voor de horeca","publisher":{"@id":"https:\/\/place-add.nl\/de\/#organization"},"potentialAction":[{"@type":"SearchAction","target":{"@type":"EntryPoint","urlTemplate":"https:\/\/place-add.nl\/de\/?s={search_term_string}"},"query-input":{"@type":"PropertyValueSpecification","valueRequired":true,"valueName":"search_term_string"}}],"inLanguage":"de"},{"@type":"Organization","@id":"https:\/\/place-add.nl\/de\/#organization","name":"Place Add","url":"https:\/\/place-add.nl\/de\/","logo":{"@type":"ImageObject","inLanguage":"de","@id":"https:\/\/place-add.nl\/de\/#\/schema\/logo\/image\/","url":"https:\/\/place-add.nl\/wp-content\/uploads\/2023\/11\/logo-img-place-add.png","contentUrl":"https:\/\/place-add.nl\/wp-content\/uploads\/2023\/11\/logo-img-place-add.png","width":404,"height":106,"caption":"Place Add"},"image":{"@id":"https:\/\/place-add.nl\/de\/#\/schema\/logo\/image\/"},"sameAs":["https:\/\/www.facebook.com\/PlaceAdd\/","https:\/\/www.instagram.com\/place_add\/","https:\/\/www.youtube.com\/@placeadd"]}]}},"_links":{"self":[{"href":"https:\/\/place-add.nl\/de\/wp-json\/wp\/v2\/product\/42867","targetHints":{"allow":["GET"]}}],"collection":[{"href":"https:\/\/place-add.nl\/de\/wp-json\/wp\/v2\/product"}],"about":[{"href":"https:\/\/place-add.nl\/de\/wp-json\/wp\/v2\/types\/product"}],"wp:featuredmedia":[{"embeddable":true,"href":"https:\/\/place-add.nl\/de\/wp-json\/wp\/v2\/media\/38710"}],"wp:attachment":[{"href":"https:\/\/place-add.nl\/de\/wp-json\/wp\/v2\/media?parent=42867"}],"wp:term":[{"taxonomy":"product_brand","embeddable":true,"href":"https:\/\/place-add.nl\/de\/wp-json\/wp\/v2\/product_brand?post=42867"},{"taxonomy":"product_cat","embeddable":true,"href":"https:\/\/place-add.nl\/de\/wp-json\/wp\/v2\/product_cat?post=42867"},{"taxonomy":"product_tag","embeddable":true,"href":"https:\/\/place-add.nl\/de\/wp-json\/wp\/v2\/product_tag?post=42867"}],"curies":[{"name":"wp","href":"https:\/\/api.w.org\/{rel}","templated":true}]}}