{"id":42952,"date":"2024-06-18T10:56:32","date_gmt":"2024-06-18T10:56:32","guid":{"rendered":"https:\/\/place-add.nl\/product\/eco-servet-25x25cm-onbedrukt\/"},"modified":"2025-07-02T12:21:31","modified_gmt":"2025-07-02T12:21:31","slug":"eco-serviette-25x25cm-unbedruckt-1-4","status":"publish","type":"product","link":"https:\/\/place-add.nl\/de\/produkt\/eco-serviette-25x25cm-unbedruckt-1-4\/","title":{"rendered":"ECO-Serviette 25x25cm unbedruckt 1\/4"},"content":{"rendered":"<p>Unsere ECO-Serviette 25x25cm unbedruckt, 1\/4-fach gefaltet, unbedruckt ist die ideale Wahl f\u00fcr eine umweltbewusste Tischgestaltung. Hergestellt aus 100 % recyceltem Material, tr\u00e4gt diese Serviette zu einer nachhaltigeren Umwelt bei, ohne dabei Kompromisse bei der Qualit\u00e4t einzugehen. Die doppelte Lage sorgt f\u00fcr eine hervorragende Saugf\u00e4higkeit, so dass die Serviette sowohl im Restaurant als auch zu Hause perfekt als Serviette verwendet werden kann.<\/p>\n<p>Die ECO-Serviette 25x25cm unbedruckt, 1\/4-Faltung, unbedruckt ist mit einer praktischen 1\/4-Faltung versehen und l\u00e4sst sich von 25x25cm auf 12,5&#215;12,5cm falten &#8211; ideal f\u00fcr eine elegante Pr\u00e4sentation auf dem Tisch.<\/p>\n<p><strong>Verpackung:<\/strong> 1 Karton enth\u00e4lt 600 St\u00fcck f\u00fcr nur 13,80 \u20ac.<\/p>\n<p>Entscheiden Sie sich f\u00fcr eine stilvolle und umweltfreundliche L\u00f6sung mit unserer ECO-Serviette, und zeigen Sie, dass Ihr Unternehmen oder Ihre Veranstaltung auf Nachhaltigkeit setzt.<\/p>\n<p>Kennen Sie schon unsere 2. Website? Werfen Sie einen Blick auf <strong><a href=\"https:\/\/www.craftontable.com\/collections\">Craft On Table<\/a><\/strong>!<\/p>\n<p><strong>Ben\u00f6tigen Sie eine pers\u00f6nliche Beratung bei der Auswahl der richtigen Servietten f\u00fcr Ihren Anlass?<\/strong> Dann z\u00f6gern Sie nicht, uns zu <a href=\"https:\/\/place-add.nl\/de\/kontakt\/\"><strong>kontaktieren<\/strong><\/a>. Unser engagiertes Team hilft Ihnen gerne, die perfekte Wahl f\u00fcr Ihre speziellen Bed\u00fcrfnisse zu treffen.<\/p>\n<p><button id=\"knop-contact-opnemen-overige-producten-de\">Kontaktieren Sie uns unverbindlich<\/button><\/p>\n","protected":false},"excerpt":{"rendered":"<p>Die 2-lagige ECO Serviette wird aus 100% recyceltem Material hergestellt und ist somit umweltfreundlicher.<\/p>\n<p>Die 2 Lagen der Serviette sorgen f\u00fcr eine besonders hohe Saugf\u00e4higkeit! Sie eignet sich unter anderem f\u00fcr kleine Gerichte oder als Untersetzer.<\/p>\n<p>Die Serviette ist in einer Viertelfaltung (von 25 x 25 cm auf 12,5 x 12,5 cm) gefaltet.<\/p>\n<p><strong>1 St\u00fcck = 1 Karton mit 600 St\u00fcck<\/strong><\/p>\n<p><button id=\"knop-contact-opnemen-overige-producten-de\">Kontaktieren Sie uns unverbindlich<\/button><\/p>\n","protected":false},"featured_media":40509,"template":"","meta":[],"product_brand":[],"product_cat":[1408],"product_tag":[1131,1370,1372,1325],"class_list":{"0":"post-42952","1":"product","2":"type-product","3":"status-publish","4":"has-post-thumbnail","6":"product_cat-100-oko-unbedruckt","7":"product_tag-100-oko-servietten","8":"product_tag-unbedruckte-2-lagige-oko-servietten","9":"product_tag-unbedruckte-oko-servietten","10":"product_tag-unbedruckte-servietten","12":"first","13":"instock","14":"taxable","15":"shipping-taxable","16":"purchasable","17":"product-type-simple"},"yoast_head":"<!-- This site is optimized with the Yoast SEO Premium plugin v27.2 (Yoast SEO v27.2) - https:\/\/yoast.com\/product\/yoast-seo-premium-wordpress\/ -->\n<title>ECO-Serviette-25x25cm-unbedruckt-1\/4 | Place Add | F\u00fcr die Gastronomie<\/title>\n<meta name=\"description\" content=\"100% ECO-Serviette 25x25cm unbedruckt f\u00fcr zus\u00e4tzliche Saugf\u00e4higkeit. Hergestellt aus recyceltem Material, ideal f\u00fcr kleine Gerichte oder als Untersetzer.\" \/>\n<meta name=\"robots\" content=\"index, follow, max-snippet:-1, max-image-preview:large, max-video-preview:-1\" \/>\n<link rel=\"canonical\" href=\"https:\/\/place-add.nl\/de\/produkt\/eco-serviette-25x25cm-unbedruckt-1-4\/\" \/>\n<meta property=\"og:locale\" content=\"de_DE\" \/>\n<meta property=\"og:type\" content=\"article\" \/>\n<meta property=\"og:title\" content=\"ECO-Serviette 25x25cm unbedruckt 1\/4\" \/>\n<meta property=\"og:description\" content=\"100% ECO-Serviette 25x25cm unbedruckt f\u00fcr zus\u00e4tzliche Saugf\u00e4higkeit. Hergestellt aus recyceltem Material, ideal f\u00fcr kleine Gerichte oder als Untersetzer.\" \/>\n<meta property=\"og:url\" content=\"https:\/\/place-add.nl\/de\/produkt\/eco-serviette-25x25cm-unbedruckt-1-4\/\" \/>\n<meta property=\"og:site_name\" content=\"Place Add\" \/>\n<meta property=\"article:publisher\" content=\"https:\/\/www.facebook.com\/PlaceAdd\/\" \/>\n<meta property=\"article:modified_time\" content=\"2025-07-02T12:21:31+00:00\" \/>\n<meta property=\"og:image\" content=\"https:\/\/place-add.nl\/wp-content\/uploads\/2024\/06\/Onbedrukt_ECO_servet_Place-Add.5-1-scaled.jpg\" \/>\n\t<meta property=\"og:image:width\" content=\"1000\" \/>\n\t<meta property=\"og:image:height\" content=\"1000\" \/>\n\t<meta property=\"og:image:type\" content=\"image\/jpeg\" \/>\n<meta name=\"twitter:card\" content=\"summary_large_image\" \/>\n<meta name=\"twitter:label1\" content=\"Gesch\u00e4tzte Lesezeit\" \/>\n\t<meta name=\"twitter:data1\" content=\"2\u00a0Minuten\" \/>\n<script type=\"application\/ld+json\" class=\"yoast-schema-graph\">{\"@context\":\"https:\/\/schema.org\",\"@graph\":[{\"@type\":\"WebPage\",\"@id\":\"https:\/\/place-add.nl\/de\/produkt\/eco-serviette-25x25cm-unbedruckt-1-4\/\",\"url\":\"https:\/\/place-add.nl\/de\/produkt\/eco-serviette-25x25cm-unbedruckt-1-4\/\",\"name\":\"ECO-Serviette-25x25cm-unbedruckt-1\/4 | Place Add | F\u00fcr die Gastronomie\",\"isPartOf\":{\"@id\":\"https:\/\/place-add.nl\/de\/#website\"},\"primaryImageOfPage\":{\"@id\":\"https:\/\/place-add.nl\/de\/produkt\/eco-serviette-25x25cm-unbedruckt-1-4\/#primaryimage\"},\"image\":{\"@id\":\"https:\/\/place-add.nl\/de\/produkt\/eco-serviette-25x25cm-unbedruckt-1-4\/#primaryimage\"},\"thumbnailUrl\":\"https:\/\/place-add.nl\/wp-content\/uploads\/2024\/06\/Onbedrukt_ECO_servet_Place-Add.5-1-scaled.jpg\",\"datePublished\":\"2024-06-18T10:56:32+00:00\",\"dateModified\":\"2025-07-02T12:21:31+00:00\",\"description\":\"100% ECO-Serviette 25x25cm unbedruckt f\u00fcr zus\u00e4tzliche Saugf\u00e4higkeit. Hergestellt aus recyceltem Material, ideal f\u00fcr kleine Gerichte oder als Untersetzer.\",\"breadcrumb\":{\"@id\":\"https:\/\/place-add.nl\/de\/produkt\/eco-serviette-25x25cm-unbedruckt-1-4\/#breadcrumb\"},\"inLanguage\":\"de\",\"potentialAction\":[{\"@type\":\"ReadAction\",\"target\":[\"https:\/\/place-add.nl\/de\/produkt\/eco-serviette-25x25cm-unbedruckt-1-4\/\"]}]},{\"@type\":\"ImageObject\",\"inLanguage\":\"de\",\"@id\":\"https:\/\/place-add.nl\/de\/produkt\/eco-serviette-25x25cm-unbedruckt-1-4\/#primaryimage\",\"url\":\"https:\/\/place-add.nl\/wp-content\/uploads\/2024\/06\/Onbedrukt_ECO_servet_Place-Add.5-1-scaled.jpg\",\"contentUrl\":\"https:\/\/place-add.nl\/wp-content\/uploads\/2024\/06\/Onbedrukt_ECO_servet_Place-Add.5-1-scaled.jpg\",\"width\":1000,\"height\":1000,\"caption\":\"ECO servet 25x25cm onbedrukt\"},{\"@type\":\"BreadcrumbList\",\"@id\":\"https:\/\/place-add.nl\/de\/produkt\/eco-serviette-25x25cm-unbedruckt-1-4\/#breadcrumb\",\"itemListElement\":[{\"@type\":\"ListItem\",\"position\":1,\"name\":\"Home\",\"item\":\"https:\/\/place-add.nl\/de\/home\/\"},{\"@type\":\"ListItem\",\"position\":2,\"name\":\"Shop\",\"item\":\"https:\/\/place-add.nl\/de\/shop\/\"},{\"@type\":\"ListItem\",\"position\":3,\"name\":\"ECO-Serviette 25x25cm unbedruckt 1\/4\"}]},{\"@type\":\"WebSite\",\"@id\":\"https:\/\/place-add.nl\/de\/#website\",\"url\":\"https:\/\/place-add.nl\/de\/\",\"name\":\"Place Add\",\"description\":\"Tafelkleding voor de horeca\",\"publisher\":{\"@id\":\"https:\/\/place-add.nl\/de\/#organization\"},\"potentialAction\":[{\"@type\":\"SearchAction\",\"target\":{\"@type\":\"EntryPoint\",\"urlTemplate\":\"https:\/\/place-add.nl\/de\/?s={search_term_string}\"},\"query-input\":{\"@type\":\"PropertyValueSpecification\",\"valueRequired\":true,\"valueName\":\"search_term_string\"}}],\"inLanguage\":\"de\"},{\"@type\":\"Organization\",\"@id\":\"https:\/\/place-add.nl\/de\/#organization\",\"name\":\"Place Add\",\"url\":\"https:\/\/place-add.nl\/de\/\",\"logo\":{\"@type\":\"ImageObject\",\"inLanguage\":\"de\",\"@id\":\"https:\/\/place-add.nl\/de\/#\/schema\/logo\/image\/\",\"url\":\"https:\/\/place-add.nl\/wp-content\/uploads\/2023\/11\/logo-img-place-add.png\",\"contentUrl\":\"https:\/\/place-add.nl\/wp-content\/uploads\/2023\/11\/logo-img-place-add.png\",\"width\":404,\"height\":106,\"caption\":\"Place Add\"},\"image\":{\"@id\":\"https:\/\/place-add.nl\/de\/#\/schema\/logo\/image\/\"},\"sameAs\":[\"https:\/\/www.facebook.com\/PlaceAdd\/\",\"https:\/\/www.instagram.com\/place_add\/\",\"https:\/\/www.youtube.com\/@placeadd\"]}]}<\/script>\n<!-- \/ Yoast SEO Premium plugin. -->","yoast_head_json":{"title":"ECO-Serviette-25x25cm-unbedruckt-1\/4 | Place Add | F\u00fcr die Gastronomie","description":"100% ECO-Serviette 25x25cm unbedruckt f\u00fcr zus\u00e4tzliche Saugf\u00e4higkeit. Hergestellt aus recyceltem Material, ideal f\u00fcr kleine Gerichte oder als Untersetzer.","robots":{"index":"index","follow":"follow","max-snippet":"max-snippet:-1","max-image-preview":"max-image-preview:large","max-video-preview":"max-video-preview:-1"},"canonical":"https:\/\/place-add.nl\/de\/produkt\/eco-serviette-25x25cm-unbedruckt-1-4\/","og_locale":"de_DE","og_type":"article","og_title":"ECO-Serviette 25x25cm unbedruckt 1\/4","og_description":"100% ECO-Serviette 25x25cm unbedruckt f\u00fcr zus\u00e4tzliche Saugf\u00e4higkeit. Hergestellt aus recyceltem Material, ideal f\u00fcr kleine Gerichte oder als Untersetzer.","og_url":"https:\/\/place-add.nl\/de\/produkt\/eco-serviette-25x25cm-unbedruckt-1-4\/","og_site_name":"Place Add","article_publisher":"https:\/\/www.facebook.com\/PlaceAdd\/","article_modified_time":"2025-07-02T12:21:31+00:00","og_image":[{"width":1000,"height":1000,"url":"https:\/\/place-add.nl\/wp-content\/uploads\/2024\/06\/Onbedrukt_ECO_servet_Place-Add.5-1-scaled.jpg","type":"image\/jpeg"}],"twitter_card":"summary_large_image","twitter_misc":{"Gesch\u00e4tzte Lesezeit":"2\u00a0Minuten"},"schema":{"@context":"https:\/\/schema.org","@graph":[{"@type":"WebPage","@id":"https:\/\/place-add.nl\/de\/produkt\/eco-serviette-25x25cm-unbedruckt-1-4\/","url":"https:\/\/place-add.nl\/de\/produkt\/eco-serviette-25x25cm-unbedruckt-1-4\/","name":"ECO-Serviette-25x25cm-unbedruckt-1\/4 | Place Add | F\u00fcr die Gastronomie","isPartOf":{"@id":"https:\/\/place-add.nl\/de\/#website"},"primaryImageOfPage":{"@id":"https:\/\/place-add.nl\/de\/produkt\/eco-serviette-25x25cm-unbedruckt-1-4\/#primaryimage"},"image":{"@id":"https:\/\/place-add.nl\/de\/produkt\/eco-serviette-25x25cm-unbedruckt-1-4\/#primaryimage"},"thumbnailUrl":"https:\/\/place-add.nl\/wp-content\/uploads\/2024\/06\/Onbedrukt_ECO_servet_Place-Add.5-1-scaled.jpg","datePublished":"2024-06-18T10:56:32+00:00","dateModified":"2025-07-02T12:21:31+00:00","description":"100% ECO-Serviette 25x25cm unbedruckt f\u00fcr zus\u00e4tzliche Saugf\u00e4higkeit. Hergestellt aus recyceltem Material, ideal f\u00fcr kleine Gerichte oder als Untersetzer.","breadcrumb":{"@id":"https:\/\/place-add.nl\/de\/produkt\/eco-serviette-25x25cm-unbedruckt-1-4\/#breadcrumb"},"inLanguage":"de","potentialAction":[{"@type":"ReadAction","target":["https:\/\/place-add.nl\/de\/produkt\/eco-serviette-25x25cm-unbedruckt-1-4\/"]}]},{"@type":"ImageObject","inLanguage":"de","@id":"https:\/\/place-add.nl\/de\/produkt\/eco-serviette-25x25cm-unbedruckt-1-4\/#primaryimage","url":"https:\/\/place-add.nl\/wp-content\/uploads\/2024\/06\/Onbedrukt_ECO_servet_Place-Add.5-1-scaled.jpg","contentUrl":"https:\/\/place-add.nl\/wp-content\/uploads\/2024\/06\/Onbedrukt_ECO_servet_Place-Add.5-1-scaled.jpg","width":1000,"height":1000,"caption":"ECO servet 25x25cm onbedrukt"},{"@type":"BreadcrumbList","@id":"https:\/\/place-add.nl\/de\/produkt\/eco-serviette-25x25cm-unbedruckt-1-4\/#breadcrumb","itemListElement":[{"@type":"ListItem","position":1,"name":"Home","item":"https:\/\/place-add.nl\/de\/home\/"},{"@type":"ListItem","position":2,"name":"Shop","item":"https:\/\/place-add.nl\/de\/shop\/"},{"@type":"ListItem","position":3,"name":"ECO-Serviette 25x25cm unbedruckt 1\/4"}]},{"@type":"WebSite","@id":"https:\/\/place-add.nl\/de\/#website","url":"https:\/\/place-add.nl\/de\/","name":"Place Add","description":"Tafelkleding voor de horeca","publisher":{"@id":"https:\/\/place-add.nl\/de\/#organization"},"potentialAction":[{"@type":"SearchAction","target":{"@type":"EntryPoint","urlTemplate":"https:\/\/place-add.nl\/de\/?s={search_term_string}"},"query-input":{"@type":"PropertyValueSpecification","valueRequired":true,"valueName":"search_term_string"}}],"inLanguage":"de"},{"@type":"Organization","@id":"https:\/\/place-add.nl\/de\/#organization","name":"Place Add","url":"https:\/\/place-add.nl\/de\/","logo":{"@type":"ImageObject","inLanguage":"de","@id":"https:\/\/place-add.nl\/de\/#\/schema\/logo\/image\/","url":"https:\/\/place-add.nl\/wp-content\/uploads\/2023\/11\/logo-img-place-add.png","contentUrl":"https:\/\/place-add.nl\/wp-content\/uploads\/2023\/11\/logo-img-place-add.png","width":404,"height":106,"caption":"Place Add"},"image":{"@id":"https:\/\/place-add.nl\/de\/#\/schema\/logo\/image\/"},"sameAs":["https:\/\/www.facebook.com\/PlaceAdd\/","https:\/\/www.instagram.com\/place_add\/","https:\/\/www.youtube.com\/@placeadd"]}]}},"_links":{"self":[{"href":"https:\/\/place-add.nl\/de\/wp-json\/wp\/v2\/product\/42952","targetHints":{"allow":["GET"]}}],"collection":[{"href":"https:\/\/place-add.nl\/de\/wp-json\/wp\/v2\/product"}],"about":[{"href":"https:\/\/place-add.nl\/de\/wp-json\/wp\/v2\/types\/product"}],"wp:featuredmedia":[{"embeddable":true,"href":"https:\/\/place-add.nl\/de\/wp-json\/wp\/v2\/media\/40509"}],"wp:attachment":[{"href":"https:\/\/place-add.nl\/de\/wp-json\/wp\/v2\/media?parent=42952"}],"wp:term":[{"taxonomy":"product_brand","embeddable":true,"href":"https:\/\/place-add.nl\/de\/wp-json\/wp\/v2\/product_brand?post=42952"},{"taxonomy":"product_cat","embeddable":true,"href":"https:\/\/place-add.nl\/de\/wp-json\/wp\/v2\/product_cat?post=42952"},{"taxonomy":"product_tag","embeddable":true,"href":"https:\/\/place-add.nl\/de\/wp-json\/wp\/v2\/product_tag?post=42952"}],"curies":[{"name":"wp","href":"https:\/\/api.w.org\/{rel}","templated":true}]}}