{"id":42960,"date":"2024-06-18T11:04:17","date_gmt":"2024-06-18T11:04:17","guid":{"rendered":"https:\/\/place-add.nl\/product\/eco-double-point-40x40cm-1-8\/"},"modified":"2025-07-02T12:19:37","modified_gmt":"2025-07-02T12:19:37","slug":"eco-double-point-40x40cm-1-8","status":"publish","type":"product","link":"https:\/\/place-add.nl\/de\/produkt\/eco-double-point-40x40cm-1-8\/","title":{"rendered":"ECO Double Point 40x40cm 1\/8"},"content":{"rendered":"<p>Entscheiden Sie sich f\u00fcr Nachhaltigkeit, ohne Kompromisse bei Stil und Qualit\u00e4t einzugehen, mit unseren ECO Double Point 40x40cm 1\/8 gefalteten Servietten. Diese unbedruckten Servietten bestehen zu 100 % aus recyceltem Material und sind eine verantwortungsvolle Wahl f\u00fcr Restaurants, Bars, Gastst\u00e4tten und Veranstaltungen, die einen Beitrag zu einer besseren Umwelt leisten wollen. Jede Verwendung dieser ECO Double Point-Servietten unterst\u00fctzt eine nachhaltigere Zukunft, ohne dabei auf Luxus oder Komfort zu verzichten.<\/p>\n<p>Die Double Point-Serviette bietet einen anspruchsvollen Look, der \u00fcber die klassische Zelluloseserviette hinausgeht. Mit ihrer dickeren Textur sind diese Servietten nicht nur stabiler, sondern f\u00fchlen sich f\u00fcr Ihre G\u00e4ste auch weicher und luftiger an. Damit sind die ECO Double Point-Servietten ideal f\u00fcr Gelegenheiten, bei denen Sie Ihren G\u00e4sten das gewisse Extra bieten m\u00f6chten.<\/p>\n<p><strong>Verf\u00fcgbare Farben:<\/strong><\/p>\n<ul>\n<li>\u00a0<strong>Wei\u00df<span class=\"Apple-converted-space\">\u00a0<\/span><\/strong><\/li>\n<li><strong>Ungebleicht<\/strong><\/li>\n<\/ul>\n<p>Unsere ECO Double Point-Servietten im Format 40&#215;40 cm mit 1\/8-Faltung sind in zwei Farben erh\u00e4ltlich: in klassischem Wei\u00df f\u00fcr einen frischen Look und in ungebleichtem Hellbraun f\u00fcr einen nat\u00fcrlichen, rustikalen Look. Beide Varianten verleihen Ihrer Tischpr\u00e4sentation ein hochwertiges Aussehen mit einem umweltfreundlichen Charakter, perfekt f\u00fcr moderne Gastgewerbebetriebe, die auf ihren \u00f6kologischen Fu\u00dfabdruck achten.<\/p>\n<p><strong>Jede Schachtel enth\u00e4lt 500 ECO Double Point-Servietten<\/strong>, so dass Sie immer einen ausreichenden Vorrat zur Hand haben. Ob f\u00fcr den t\u00e4glichen Gebrauch in Ihrem Gastronomiebetrieb oder f\u00fcr besondere Anl\u00e4sse, diese Servietten bieten eine praktische und dauerhafte L\u00f6sung f\u00fcr jede Art von Anlass.<\/p>\n<p>Neben der Double Point-Serviette bieten wir auch verschiedene <strong>andere Qualit\u00e4ten <a href=\"https:\/\/place-add.nl\/de\/einwegartikel-shop\/servietten-unbedruckt\/100-eco-servietten-unbedruckt\/\">von ECO-Servietten<\/a> <\/strong>und sogar <strong><a href=\"https:\/\/place-add.nl\/de\/produkt\/italia-eco-speisekarten\/\">ECO-Men\u00fckarten<\/a><\/strong> an!<span class=\"Apple-converted-space\">\u00a0<\/span><\/p>\n<p>Unsere Servietten k\u00f6nnen auch auf unserer 2. Website,<strong><a href=\"https:\/\/www.craftontable.com\/\"> Craftontable.com<\/a><\/strong>, bestellt werden!<\/p>\n<p><strong>Brauchen Sie Rat? Unser Team hilft Ihnen gerne bei der Auswahl und unterst\u00fctzt Sie bei der Verwirklichung Ihrer Men\u00fckarte.<\/strong><\/p>\n<p><button id=\"knop-contact-opnemen-overige-producten-de\">Kontaktieren Sie uns unverbindlich<\/button><\/p>\n","protected":false},"excerpt":{"rendered":"<p>Unsere 100% ECO Double Point-Servietten sind eine umweltfreundliche Wahl und bestehen zu 100% aus recyceltem Material. Diese Servietten tragen zu einer nachhaltigeren Umwelt bei und sind perfekt f\u00fcr jeden Anlass. Die Double Point-Serviette f\u00fchlt sich luxuri\u00f6ser an als die klassische Zellstoffserviette und ist weich und luftig.<\/p>\n<p>Die Double Point-Serviette ist in wei\u00df oder ungebleicht (hellbraun) erh\u00e4ltlich.<\/p>\n<p><strong>1 St\u00fcck = 1 Karton mit 500 Servietten<\/strong><\/p>\n<p><button id=\"knop-contact-opnemen-overige-producten-de\">Kontaktieren Sie uns unverbindlich<\/button><\/p>\n","protected":false},"featured_media":38718,"template":"","meta":[],"product_brand":[],"product_cat":[1408],"product_tag":[1131,1147,1323,1325],"class_list":{"0":"post-42960","1":"product","2":"type-product","3":"status-publish","4":"has-post-thumbnail","6":"product_cat-100-oko-unbedruckt","7":"product_tag-100-oko-servietten","8":"product_tag-oko-double-point-servietten","9":"product_tag-unbedruckte-double-point-servietten","10":"product_tag-unbedruckte-servietten","12":"first","13":"instock","14":"taxable","15":"shipping-taxable","16":"purchasable","17":"product-type-variable"},"yoast_head":"<!-- This site is optimized with the Yoast SEO Premium plugin v27.2 (Yoast SEO v27.2) - https:\/\/yoast.com\/product\/yoast-seo-premium-wordpress\/ -->\n<title>ECO Double Point 40x40cm 1\/8 | Place Add | F\u00fcr die Gastronomie<\/title>\n<meta name=\"description\" content=\"Umweltfreundliche 100% recycelte ECO-Servietten (40x40cm) in Double Point Qualit\u00e4t. Weich, strapazierf\u00e4hig und unbedruckt.\" \/>\n<meta name=\"robots\" content=\"index, follow, max-snippet:-1, max-image-preview:large, max-video-preview:-1\" \/>\n<link rel=\"canonical\" href=\"https:\/\/place-add.nl\/de\/produkt\/eco-double-point-40x40cm-1-8\/\" \/>\n<meta property=\"og:locale\" content=\"de_DE\" \/>\n<meta property=\"og:type\" content=\"article\" \/>\n<meta property=\"og:title\" content=\"ECO Double Point 40x40cm 1\/8\" \/>\n<meta property=\"og:description\" content=\"Umweltfreundliche 100% recycelte ECO-Servietten (40x40cm) in Double Point Qualit\u00e4t. Weich, strapazierf\u00e4hig und unbedruckt.\" \/>\n<meta property=\"og:url\" content=\"https:\/\/place-add.nl\/de\/produkt\/eco-double-point-40x40cm-1-8\/\" \/>\n<meta property=\"og:site_name\" content=\"Place Add\" \/>\n<meta property=\"article:publisher\" content=\"https:\/\/www.facebook.com\/PlaceAdd\/\" \/>\n<meta property=\"article:modified_time\" content=\"2025-07-02T12:19:37+00:00\" \/>\n<meta property=\"og:image\" content=\"https:\/\/place-add.nl\/wp-content\/uploads\/2024\/06\/Onbedrukt_ECO-Double_Point_40x40cm_8v_Place_Add_1.jpg\" \/>\n\t<meta property=\"og:image:width\" content=\"964\" \/>\n\t<meta property=\"og:image:height\" content=\"964\" \/>\n\t<meta property=\"og:image:type\" content=\"image\/jpeg\" \/>\n<meta name=\"twitter:card\" content=\"summary_large_image\" \/>\n<meta name=\"twitter:label1\" content=\"Gesch\u00e4tzte Lesezeit\" \/>\n\t<meta name=\"twitter:data1\" content=\"2\u00a0Minuten\" \/>\n<script type=\"application\/ld+json\" class=\"yoast-schema-graph\">{\"@context\":\"https:\/\/schema.org\",\"@graph\":[{\"@type\":\"WebPage\",\"@id\":\"https:\/\/place-add.nl\/de\/produkt\/eco-double-point-40x40cm-1-8\/\",\"url\":\"https:\/\/place-add.nl\/de\/produkt\/eco-double-point-40x40cm-1-8\/\",\"name\":\"ECO Double Point 40x40cm 1\/8 | Place Add | F\u00fcr die Gastronomie\",\"isPartOf\":{\"@id\":\"https:\/\/place-add.nl\/de\/#website\"},\"primaryImageOfPage\":{\"@id\":\"https:\/\/place-add.nl\/de\/produkt\/eco-double-point-40x40cm-1-8\/#primaryimage\"},\"image\":{\"@id\":\"https:\/\/place-add.nl\/de\/produkt\/eco-double-point-40x40cm-1-8\/#primaryimage\"},\"thumbnailUrl\":\"https:\/\/place-add.nl\/wp-content\/uploads\/2024\/06\/Onbedrukt_ECO-Double_Point_40x40cm_8v_Place_Add_1.jpg\",\"datePublished\":\"2024-06-18T11:04:17+00:00\",\"dateModified\":\"2025-07-02T12:19:37+00:00\",\"description\":\"Umweltfreundliche 100% recycelte ECO-Servietten (40x40cm) in Double Point Qualit\u00e4t. Weich, strapazierf\u00e4hig und unbedruckt.\",\"breadcrumb\":{\"@id\":\"https:\/\/place-add.nl\/de\/produkt\/eco-double-point-40x40cm-1-8\/#breadcrumb\"},\"inLanguage\":\"de\",\"potentialAction\":[{\"@type\":\"ReadAction\",\"target\":[\"https:\/\/place-add.nl\/de\/produkt\/eco-double-point-40x40cm-1-8\/\"]}]},{\"@type\":\"ImageObject\",\"inLanguage\":\"de\",\"@id\":\"https:\/\/place-add.nl\/de\/produkt\/eco-double-point-40x40cm-1-8\/#primaryimage\",\"url\":\"https:\/\/place-add.nl\/wp-content\/uploads\/2024\/06\/Onbedrukt_ECO-Double_Point_40x40cm_8v_Place_Add_1.jpg\",\"contentUrl\":\"https:\/\/place-add.nl\/wp-content\/uploads\/2024\/06\/Onbedrukt_ECO-Double_Point_40x40cm_8v_Place_Add_1.jpg\",\"width\":964,\"height\":964,\"caption\":\"ECO Double Point 40x40cm 1\/8\"},{\"@type\":\"BreadcrumbList\",\"@id\":\"https:\/\/place-add.nl\/de\/produkt\/eco-double-point-40x40cm-1-8\/#breadcrumb\",\"itemListElement\":[{\"@type\":\"ListItem\",\"position\":1,\"name\":\"Home\",\"item\":\"https:\/\/place-add.nl\/de\/home\/\"},{\"@type\":\"ListItem\",\"position\":2,\"name\":\"Shop\",\"item\":\"https:\/\/place-add.nl\/de\/shop\/\"},{\"@type\":\"ListItem\",\"position\":3,\"name\":\"ECO Double Point 40x40cm 1\/8\"}]},{\"@type\":\"WebSite\",\"@id\":\"https:\/\/place-add.nl\/de\/#website\",\"url\":\"https:\/\/place-add.nl\/de\/\",\"name\":\"Place Add\",\"description\":\"Tafelkleding voor de horeca\",\"publisher\":{\"@id\":\"https:\/\/place-add.nl\/de\/#organization\"},\"potentialAction\":[{\"@type\":\"SearchAction\",\"target\":{\"@type\":\"EntryPoint\",\"urlTemplate\":\"https:\/\/place-add.nl\/de\/?s={search_term_string}\"},\"query-input\":{\"@type\":\"PropertyValueSpecification\",\"valueRequired\":true,\"valueName\":\"search_term_string\"}}],\"inLanguage\":\"de\"},{\"@type\":\"Organization\",\"@id\":\"https:\/\/place-add.nl\/de\/#organization\",\"name\":\"Place Add\",\"url\":\"https:\/\/place-add.nl\/de\/\",\"logo\":{\"@type\":\"ImageObject\",\"inLanguage\":\"de\",\"@id\":\"https:\/\/place-add.nl\/de\/#\/schema\/logo\/image\/\",\"url\":\"https:\/\/place-add.nl\/wp-content\/uploads\/2023\/11\/logo-img-place-add.png\",\"contentUrl\":\"https:\/\/place-add.nl\/wp-content\/uploads\/2023\/11\/logo-img-place-add.png\",\"width\":404,\"height\":106,\"caption\":\"Place Add\"},\"image\":{\"@id\":\"https:\/\/place-add.nl\/de\/#\/schema\/logo\/image\/\"},\"sameAs\":[\"https:\/\/www.facebook.com\/PlaceAdd\/\",\"https:\/\/www.instagram.com\/place_add\/\",\"https:\/\/www.youtube.com\/@placeadd\"]}]}<\/script>\n<!-- \/ Yoast SEO Premium plugin. -->","yoast_head_json":{"title":"ECO Double Point 40x40cm 1\/8 | Place Add | F\u00fcr die Gastronomie","description":"Umweltfreundliche 100% recycelte ECO-Servietten (40x40cm) in Double Point Qualit\u00e4t. Weich, strapazierf\u00e4hig und unbedruckt.","robots":{"index":"index","follow":"follow","max-snippet":"max-snippet:-1","max-image-preview":"max-image-preview:large","max-video-preview":"max-video-preview:-1"},"canonical":"https:\/\/place-add.nl\/de\/produkt\/eco-double-point-40x40cm-1-8\/","og_locale":"de_DE","og_type":"article","og_title":"ECO Double Point 40x40cm 1\/8","og_description":"Umweltfreundliche 100% recycelte ECO-Servietten (40x40cm) in Double Point Qualit\u00e4t. Weich, strapazierf\u00e4hig und unbedruckt.","og_url":"https:\/\/place-add.nl\/de\/produkt\/eco-double-point-40x40cm-1-8\/","og_site_name":"Place Add","article_publisher":"https:\/\/www.facebook.com\/PlaceAdd\/","article_modified_time":"2025-07-02T12:19:37+00:00","og_image":[{"width":964,"height":964,"url":"https:\/\/place-add.nl\/wp-content\/uploads\/2024\/06\/Onbedrukt_ECO-Double_Point_40x40cm_8v_Place_Add_1.jpg","type":"image\/jpeg"}],"twitter_card":"summary_large_image","twitter_misc":{"Gesch\u00e4tzte Lesezeit":"2\u00a0Minuten"},"schema":{"@context":"https:\/\/schema.org","@graph":[{"@type":"WebPage","@id":"https:\/\/place-add.nl\/de\/produkt\/eco-double-point-40x40cm-1-8\/","url":"https:\/\/place-add.nl\/de\/produkt\/eco-double-point-40x40cm-1-8\/","name":"ECO Double Point 40x40cm 1\/8 | Place Add | F\u00fcr die Gastronomie","isPartOf":{"@id":"https:\/\/place-add.nl\/de\/#website"},"primaryImageOfPage":{"@id":"https:\/\/place-add.nl\/de\/produkt\/eco-double-point-40x40cm-1-8\/#primaryimage"},"image":{"@id":"https:\/\/place-add.nl\/de\/produkt\/eco-double-point-40x40cm-1-8\/#primaryimage"},"thumbnailUrl":"https:\/\/place-add.nl\/wp-content\/uploads\/2024\/06\/Onbedrukt_ECO-Double_Point_40x40cm_8v_Place_Add_1.jpg","datePublished":"2024-06-18T11:04:17+00:00","dateModified":"2025-07-02T12:19:37+00:00","description":"Umweltfreundliche 100% recycelte ECO-Servietten (40x40cm) in Double Point Qualit\u00e4t. Weich, strapazierf\u00e4hig und unbedruckt.","breadcrumb":{"@id":"https:\/\/place-add.nl\/de\/produkt\/eco-double-point-40x40cm-1-8\/#breadcrumb"},"inLanguage":"de","potentialAction":[{"@type":"ReadAction","target":["https:\/\/place-add.nl\/de\/produkt\/eco-double-point-40x40cm-1-8\/"]}]},{"@type":"ImageObject","inLanguage":"de","@id":"https:\/\/place-add.nl\/de\/produkt\/eco-double-point-40x40cm-1-8\/#primaryimage","url":"https:\/\/place-add.nl\/wp-content\/uploads\/2024\/06\/Onbedrukt_ECO-Double_Point_40x40cm_8v_Place_Add_1.jpg","contentUrl":"https:\/\/place-add.nl\/wp-content\/uploads\/2024\/06\/Onbedrukt_ECO-Double_Point_40x40cm_8v_Place_Add_1.jpg","width":964,"height":964,"caption":"ECO Double Point 40x40cm 1\/8"},{"@type":"BreadcrumbList","@id":"https:\/\/place-add.nl\/de\/produkt\/eco-double-point-40x40cm-1-8\/#breadcrumb","itemListElement":[{"@type":"ListItem","position":1,"name":"Home","item":"https:\/\/place-add.nl\/de\/home\/"},{"@type":"ListItem","position":2,"name":"Shop","item":"https:\/\/place-add.nl\/de\/shop\/"},{"@type":"ListItem","position":3,"name":"ECO Double Point 40x40cm 1\/8"}]},{"@type":"WebSite","@id":"https:\/\/place-add.nl\/de\/#website","url":"https:\/\/place-add.nl\/de\/","name":"Place Add","description":"Tafelkleding voor de horeca","publisher":{"@id":"https:\/\/place-add.nl\/de\/#organization"},"potentialAction":[{"@type":"SearchAction","target":{"@type":"EntryPoint","urlTemplate":"https:\/\/place-add.nl\/de\/?s={search_term_string}"},"query-input":{"@type":"PropertyValueSpecification","valueRequired":true,"valueName":"search_term_string"}}],"inLanguage":"de"},{"@type":"Organization","@id":"https:\/\/place-add.nl\/de\/#organization","name":"Place Add","url":"https:\/\/place-add.nl\/de\/","logo":{"@type":"ImageObject","inLanguage":"de","@id":"https:\/\/place-add.nl\/de\/#\/schema\/logo\/image\/","url":"https:\/\/place-add.nl\/wp-content\/uploads\/2023\/11\/logo-img-place-add.png","contentUrl":"https:\/\/place-add.nl\/wp-content\/uploads\/2023\/11\/logo-img-place-add.png","width":404,"height":106,"caption":"Place Add"},"image":{"@id":"https:\/\/place-add.nl\/de\/#\/schema\/logo\/image\/"},"sameAs":["https:\/\/www.facebook.com\/PlaceAdd\/","https:\/\/www.instagram.com\/place_add\/","https:\/\/www.youtube.com\/@placeadd"]}]}},"_links":{"self":[{"href":"https:\/\/place-add.nl\/de\/wp-json\/wp\/v2\/product\/42960","targetHints":{"allow":["GET"]}}],"collection":[{"href":"https:\/\/place-add.nl\/de\/wp-json\/wp\/v2\/product"}],"about":[{"href":"https:\/\/place-add.nl\/de\/wp-json\/wp\/v2\/types\/product"}],"wp:featuredmedia":[{"embeddable":true,"href":"https:\/\/place-add.nl\/de\/wp-json\/wp\/v2\/media\/38718"}],"wp:attachment":[{"href":"https:\/\/place-add.nl\/de\/wp-json\/wp\/v2\/media?parent=42960"}],"wp:term":[{"taxonomy":"product_brand","embeddable":true,"href":"https:\/\/place-add.nl\/de\/wp-json\/wp\/v2\/product_brand?post=42960"},{"taxonomy":"product_cat","embeddable":true,"href":"https:\/\/place-add.nl\/de\/wp-json\/wp\/v2\/product_cat?post=42960"},{"taxonomy":"product_tag","embeddable":true,"href":"https:\/\/place-add.nl\/de\/wp-json\/wp\/v2\/product_tag?post=42960"}],"curies":[{"name":"wp","href":"https:\/\/api.w.org\/{rel}","templated":true}]}}