{"id":42967,"date":"2024-06-18T10:33:11","date_gmt":"2024-06-18T10:33:11","guid":{"rendered":"https:\/\/place-add.nl\/product\/druppelvangers-met-meer-lagen\/"},"modified":"2025-06-08T09:49:11","modified_gmt":"2025-06-08T09:49:11","slug":"mehrlagige-tropfenfaenger","status":"publish","type":"product","link":"https:\/\/place-add.nl\/de\/produkt\/mehrlagige-tropfenfaenger\/","title":{"rendered":"mehrlagige Tropfenf\u00e4nger mit Aufdruck"},"content":{"rendered":"<p>Unsere hochwertigen mehrschichtigen Tropfenf\u00e4nger sind speziell f\u00fcr eine optimale Absorption und Haltbarkeit konzipiert und eignen sich f\u00fcr eine Vielzahl von Anwendungen in der Gastronomie und im Haushalt. Sie bestehen aus mehreren Zelluloseschichten und bieten eine au\u00dfergew\u00f6hnliche Feuchtigkeitsaufnahme und Festigkeit. Je nach Bedarf und Anforderungen k\u00f6nnen Sie zwischen 5, 7 oder 9 Schichten w\u00e4hlen, um die beste Absorption und Best\u00e4ndigkeit zu erreichen.<\/p>\n<p>Erh\u00e4ltlich in verschiedenen Formen &#8211; rund, rechteckig oder rund gewellt &#8211; und Farben (wei\u00df und farbig), finden Sie immer das perfekte Tuch f\u00fcr Ihre Dekoration oder Veranstaltung. Dar\u00fcber hinaus bieten wir Ihnen die M\u00f6glichkeit der Personalisierung durch Bedrucken mit 1 bis 4 PMS-Farben, ideal f\u00fcr Ihr Branding oder besondere Anl\u00e4sse.<\/p>\n<p><strong>Warum sollten Sie sich f\u00fcr unsere mehrlagigen Tropfs\u00e4cke entscheiden?<\/strong><\/p>\n<ul>\n<li><strong>Ausgezeichnete Absorptionsf\u00e4higkeit:<\/strong> Mehrere Zelluloseschichten halten die Oberfl\u00e4chen sauber und trocken.<\/li>\n<li><strong>Langlebigkeit:<\/strong> Stabile, hochwertige Materialien machen unsere Tropfenf\u00e4nger robust und langlebig.<\/li>\n<li><strong>Vielseitigkeit:<\/strong> Geeignet f\u00fcr eine Vielzahl von Anwendungen, von der Gastronomie bis zum Hausgebrauch.<\/li>\n<li><strong>M\u00f6glichkeit zur Personalisierung:<\/strong> Passen Sie die Tropfenf\u00e4nger mit einem Druck in bis zu 4 PMS-Farben an Ihre Marke oder Ihr Thema an.<\/li>\n<\/ul>\n<p><strong>Spezifikationen:<\/strong><\/p>\n<ul>\n<li><strong>Verf\u00fcgbare Schichten:<\/strong> 5, 7 oder 9 f\u00fcr optimale Absorption<\/li>\n<li><strong>Formen:<\/strong> Runde, rechteckige und runde, gewellte Modelle<\/li>\n<li><strong>Farben:<\/strong> Erh\u00e4ltlich in Wei\u00df und verschiedenen Farben<\/li>\n<li><strong>Personalisierung:<\/strong> Druck in 1 bis 4 PMS-Farben f\u00fcr Branding oder thematische Personalisierung<\/li>\n<\/ul>\n<p><strong>Lieferzeit:<\/strong> 25 bis 30 Arbeitstage &#8211; planen Sie Ihre Bestellung fr\u00fchzeitig, um eine garantierte Lieferung zu erhalten.<\/p>\n<p>Kennen Sie schon unsere 2. Website? Werfen Sie einen Blick auf<strong><a href=\"https:\/\/www.craftontable.com\/collections\"> Craft On Table<\/a><\/strong>!<\/p>\n<p><strong>Ben\u00f6tigen Sie eine pers\u00f6nliche Beratung bei der Auswahl der richtigen Servietten f\u00fcr Ihren Anlass? <\/strong>Dann z\u00f6gern Sie nicht, uns zu <strong><a href=\"https:\/\/place-add.nl\/de\/kontakt\/\">kontaktieren<\/a><\/strong>. Unser engagiertes Team hilft Ihnen gerne, die perfekte Wahl f\u00fcr Ihre speziellen Bed\u00fcrfnisse zu treffen.<\/p>\n<p><button id=\"knop-contact-opnemen-overige-producten-de\">Kontaktieren Sie uns unverbindlich<\/button><\/p>\n","protected":false},"excerpt":{"rendered":"<p>Unsere hochwertigen Tropfenf\u00e4nger sind in verschiedenen Ausf\u00fchrungen und Lagen erh\u00e4ltlich und perfekt f\u00fcr unterschiedlichste Anwendungen. Hergestellt aus mehreren Lagen Zellstoff bieten diese Tropfenf\u00e4nger au\u00dfergew\u00f6hnliche Absorption und Langlebigkeit, ideal f\u00fcr die Gastronomie sowie f\u00fcr den Heimgebrauch.<\/p>\n<p>W\u00e4hlen Sie zwischen 5, 7 oder 9 Lagen f\u00fcr optimale Absorption und Stabilit\u00e4t. Erh\u00e4ltlich in runden, rechteckigen oder gewellten Formen, um all Ihren Bed\u00fcrfnissen gerecht zu werden. In sowohl wei\u00df als auch farbig erh\u00e4ltlich, sodass Sie immer die perfekte \u00dcbereinstimmung f\u00fcr Ihre Einrichtung oder Ihr Event finden. Personalisieren Sie Ihre Tropfenf\u00e4nger mit einem Druck in 1 bis 4 PMS-Farben, perfekt f\u00fcr Branding oder besondere Anl\u00e4sse.<\/p>\n<p>Warum Tropfenf\u00e4nger von 5 bis 9 Lagen w\u00e4hlen?<\/p>\n<p>Hohes Absorptionsverm\u00f6gen: Die mehreren Lagen Zellstoff sorgen f\u00fcr hervorragende Feuchtigkeitsaufnahme, sodass Ihre Oberfl\u00e4chen sauber und trocken bleiben.<\/p>\n<p>Langlebig: Dank hochwertiger Materialien und mehreren Lagen sind unsere Tropfenf\u00e4nger robust und halten lange.<\/p>\n<p>Vielseitigkeit: Geeignet f\u00fcr verschiedene Anwendungen und Umgebungen, von der Gastronomie bis zum Heimgebrauch.<\/p>\n<p>Personalisierung: Mit der M\u00f6glichkeit der Bedruckung in mehreren PMS-Farben k\u00f6nnen Sie Ihre Tropfenf\u00e4nger vollst\u00e4ndig an Ihre Marke oder Ihr Thema anpassen.<\/p>\n<p><button id=\"knop-contact-opnemen-overige-producten-de\">Kontaktieren Sie uns unverbindlich<\/button><\/p>\n","protected":false},"featured_media":40522,"template":"","meta":[],"product_brand":[],"product_cat":[1412],"product_tag":[1128,1129,1130,1269,1366,1309],"class_list":{"0":"post-42967","1":"product","2":"type-product","3":"status-publish","4":"has-post-thumbnail","6":"product_cat-tropfenfanger","7":"product_tag-5-lagige-tropfenfanger","8":"product_tag-7-lagige-tropfenfanger","9":"product_tag-9-lagige-tropfenfanger","10":"product_tag-bedruckte-tropfenfanger","11":"product_tag-mehrschicht-tropffanger","12":"product_tag-tropfenfanger-zellstoff","14":"first","15":"instock","16":"taxable","17":"shipping-taxable","18":"product-type-simple"},"yoast_head":"<!-- This site is optimized with the Yoast SEO Premium plugin v27.2 (Yoast SEO v27.2) - https:\/\/yoast.com\/product\/yoast-seo-premium-wordpress\/ -->\n<title>mehrlagige Tropfenf\u00e4nger mit Aufdruck | Place Add<\/title>\n<meta name=\"description\" content=\"Entdecken Sie unsere mehrschichtigen Tropfenf\u00e4nger, die in verschiedenen Formen erh\u00e4ltlich sind. Personalisieren Sie Ihre Tropfenf\u00e4nger.\" \/>\n<meta name=\"robots\" content=\"index, follow, max-snippet:-1, max-image-preview:large, max-video-preview:-1\" \/>\n<link rel=\"canonical\" href=\"https:\/\/place-add.nl\/de\/produkt\/mehrlagige-tropfenfaenger\/\" \/>\n<meta property=\"og:locale\" content=\"de_DE\" \/>\n<meta property=\"og:type\" content=\"article\" \/>\n<meta property=\"og:title\" content=\"mehrlagige Tropfenf\u00e4nger mit Aufdruck\" \/>\n<meta property=\"og:description\" content=\"Entdecken Sie unsere mehrschichtigen Tropfenf\u00e4nger, die in verschiedenen Formen erh\u00e4ltlich sind. Personalisieren Sie Ihre Tropfenf\u00e4nger.\" \/>\n<meta property=\"og:url\" content=\"https:\/\/place-add.nl\/de\/produkt\/mehrlagige-tropfenfaenger\/\" \/>\n<meta property=\"og:site_name\" content=\"Place Add\" \/>\n<meta property=\"article:publisher\" content=\"https:\/\/www.facebook.com\/PlaceAdd\/\" \/>\n<meta property=\"article:modified_time\" content=\"2025-06-08T09:49:11+00:00\" \/>\n<meta property=\"og:image\" content=\"https:\/\/place-add.nl\/wp-content\/uploads\/2024\/06\/Bedrukt_Druppelvangers_meer_lagen_Place-Add_4-min-scaled.jpg\" \/>\n\t<meta property=\"og:image:width\" content=\"1000\" \/>\n\t<meta property=\"og:image:height\" content=\"1000\" \/>\n\t<meta property=\"og:image:type\" content=\"image\/jpeg\" \/>\n<meta name=\"twitter:card\" content=\"summary_large_image\" \/>\n<meta name=\"twitter:label1\" content=\"Gesch\u00e4tzte Lesezeit\" \/>\n\t<meta name=\"twitter:data1\" content=\"2\u00a0Minuten\" \/>\n<script type=\"application\/ld+json\" class=\"yoast-schema-graph\">{\"@context\":\"https:\/\/schema.org\",\"@graph\":[{\"@type\":\"WebPage\",\"@id\":\"https:\/\/place-add.nl\/de\/produkt\/mehrlagige-tropfenfaenger\/\",\"url\":\"https:\/\/place-add.nl\/de\/produkt\/mehrlagige-tropfenfaenger\/\",\"name\":\"mehrlagige Tropfenf\u00e4nger mit Aufdruck | Place Add\",\"isPartOf\":{\"@id\":\"https:\/\/place-add.nl\/de\/#website\"},\"primaryImageOfPage\":{\"@id\":\"https:\/\/place-add.nl\/de\/produkt\/mehrlagige-tropfenfaenger\/#primaryimage\"},\"image\":{\"@id\":\"https:\/\/place-add.nl\/de\/produkt\/mehrlagige-tropfenfaenger\/#primaryimage\"},\"thumbnailUrl\":\"https:\/\/place-add.nl\/wp-content\/uploads\/2024\/06\/Bedrukt_Druppelvangers_meer_lagen_Place-Add_4-min-scaled.jpg\",\"datePublished\":\"2024-06-18T10:33:11+00:00\",\"dateModified\":\"2025-06-08T09:49:11+00:00\",\"description\":\"Entdecken Sie unsere mehrschichtigen Tropfenf\u00e4nger, die in verschiedenen Formen erh\u00e4ltlich sind. Personalisieren Sie Ihre Tropfenf\u00e4nger.\",\"breadcrumb\":{\"@id\":\"https:\/\/place-add.nl\/de\/produkt\/mehrlagige-tropfenfaenger\/#breadcrumb\"},\"inLanguage\":\"de\",\"potentialAction\":[{\"@type\":\"ReadAction\",\"target\":[\"https:\/\/place-add.nl\/de\/produkt\/mehrlagige-tropfenfaenger\/\"]}]},{\"@type\":\"ImageObject\",\"inLanguage\":\"de\",\"@id\":\"https:\/\/place-add.nl\/de\/produkt\/mehrlagige-tropfenfaenger\/#primaryimage\",\"url\":\"https:\/\/place-add.nl\/wp-content\/uploads\/2024\/06\/Bedrukt_Druppelvangers_meer_lagen_Place-Add_4-min-scaled.jpg\",\"contentUrl\":\"https:\/\/place-add.nl\/wp-content\/uploads\/2024\/06\/Bedrukt_Druppelvangers_meer_lagen_Place-Add_4-min-scaled.jpg\",\"width\":1000,\"height\":1000,\"caption\":\"Druppelvangers met meer lagen\"},{\"@type\":\"BreadcrumbList\",\"@id\":\"https:\/\/place-add.nl\/de\/produkt\/mehrlagige-tropfenfaenger\/#breadcrumb\",\"itemListElement\":[{\"@type\":\"ListItem\",\"position\":1,\"name\":\"Home\",\"item\":\"https:\/\/place-add.nl\/de\/home\/\"},{\"@type\":\"ListItem\",\"position\":2,\"name\":\"Shop\",\"item\":\"https:\/\/place-add.nl\/de\/shop\/\"},{\"@type\":\"ListItem\",\"position\":3,\"name\":\"mehrlagige Tropfenf\u00e4nger mit Aufdruck\"}]},{\"@type\":\"WebSite\",\"@id\":\"https:\/\/place-add.nl\/de\/#website\",\"url\":\"https:\/\/place-add.nl\/de\/\",\"name\":\"Place Add\",\"description\":\"Tafelkleding voor de horeca\",\"publisher\":{\"@id\":\"https:\/\/place-add.nl\/de\/#organization\"},\"potentialAction\":[{\"@type\":\"SearchAction\",\"target\":{\"@type\":\"EntryPoint\",\"urlTemplate\":\"https:\/\/place-add.nl\/de\/?s={search_term_string}\"},\"query-input\":{\"@type\":\"PropertyValueSpecification\",\"valueRequired\":true,\"valueName\":\"search_term_string\"}}],\"inLanguage\":\"de\"},{\"@type\":\"Organization\",\"@id\":\"https:\/\/place-add.nl\/de\/#organization\",\"name\":\"Place Add\",\"url\":\"https:\/\/place-add.nl\/de\/\",\"logo\":{\"@type\":\"ImageObject\",\"inLanguage\":\"de\",\"@id\":\"https:\/\/place-add.nl\/de\/#\/schema\/logo\/image\/\",\"url\":\"https:\/\/place-add.nl\/wp-content\/uploads\/2023\/11\/logo-img-place-add.png\",\"contentUrl\":\"https:\/\/place-add.nl\/wp-content\/uploads\/2023\/11\/logo-img-place-add.png\",\"width\":404,\"height\":106,\"caption\":\"Place Add\"},\"image\":{\"@id\":\"https:\/\/place-add.nl\/de\/#\/schema\/logo\/image\/\"},\"sameAs\":[\"https:\/\/www.facebook.com\/PlaceAdd\/\",\"https:\/\/www.instagram.com\/place_add\/\",\"https:\/\/www.youtube.com\/@placeadd\"]}]}<\/script>\n<!-- \/ Yoast SEO Premium plugin. -->","yoast_head_json":{"title":"mehrlagige Tropfenf\u00e4nger mit Aufdruck | Place Add","description":"Entdecken Sie unsere mehrschichtigen Tropfenf\u00e4nger, die in verschiedenen Formen erh\u00e4ltlich sind. Personalisieren Sie Ihre Tropfenf\u00e4nger.","robots":{"index":"index","follow":"follow","max-snippet":"max-snippet:-1","max-image-preview":"max-image-preview:large","max-video-preview":"max-video-preview:-1"},"canonical":"https:\/\/place-add.nl\/de\/produkt\/mehrlagige-tropfenfaenger\/","og_locale":"de_DE","og_type":"article","og_title":"mehrlagige Tropfenf\u00e4nger mit Aufdruck","og_description":"Entdecken Sie unsere mehrschichtigen Tropfenf\u00e4nger, die in verschiedenen Formen erh\u00e4ltlich sind. Personalisieren Sie Ihre Tropfenf\u00e4nger.","og_url":"https:\/\/place-add.nl\/de\/produkt\/mehrlagige-tropfenfaenger\/","og_site_name":"Place Add","article_publisher":"https:\/\/www.facebook.com\/PlaceAdd\/","article_modified_time":"2025-06-08T09:49:11+00:00","og_image":[{"width":1000,"height":1000,"url":"https:\/\/place-add.nl\/wp-content\/uploads\/2024\/06\/Bedrukt_Druppelvangers_meer_lagen_Place-Add_4-min-scaled.jpg","type":"image\/jpeg"}],"twitter_card":"summary_large_image","twitter_misc":{"Gesch\u00e4tzte Lesezeit":"2\u00a0Minuten"},"schema":{"@context":"https:\/\/schema.org","@graph":[{"@type":"WebPage","@id":"https:\/\/place-add.nl\/de\/produkt\/mehrlagige-tropfenfaenger\/","url":"https:\/\/place-add.nl\/de\/produkt\/mehrlagige-tropfenfaenger\/","name":"mehrlagige Tropfenf\u00e4nger mit Aufdruck | Place Add","isPartOf":{"@id":"https:\/\/place-add.nl\/de\/#website"},"primaryImageOfPage":{"@id":"https:\/\/place-add.nl\/de\/produkt\/mehrlagige-tropfenfaenger\/#primaryimage"},"image":{"@id":"https:\/\/place-add.nl\/de\/produkt\/mehrlagige-tropfenfaenger\/#primaryimage"},"thumbnailUrl":"https:\/\/place-add.nl\/wp-content\/uploads\/2024\/06\/Bedrukt_Druppelvangers_meer_lagen_Place-Add_4-min-scaled.jpg","datePublished":"2024-06-18T10:33:11+00:00","dateModified":"2025-06-08T09:49:11+00:00","description":"Entdecken Sie unsere mehrschichtigen Tropfenf\u00e4nger, die in verschiedenen Formen erh\u00e4ltlich sind. Personalisieren Sie Ihre Tropfenf\u00e4nger.","breadcrumb":{"@id":"https:\/\/place-add.nl\/de\/produkt\/mehrlagige-tropfenfaenger\/#breadcrumb"},"inLanguage":"de","potentialAction":[{"@type":"ReadAction","target":["https:\/\/place-add.nl\/de\/produkt\/mehrlagige-tropfenfaenger\/"]}]},{"@type":"ImageObject","inLanguage":"de","@id":"https:\/\/place-add.nl\/de\/produkt\/mehrlagige-tropfenfaenger\/#primaryimage","url":"https:\/\/place-add.nl\/wp-content\/uploads\/2024\/06\/Bedrukt_Druppelvangers_meer_lagen_Place-Add_4-min-scaled.jpg","contentUrl":"https:\/\/place-add.nl\/wp-content\/uploads\/2024\/06\/Bedrukt_Druppelvangers_meer_lagen_Place-Add_4-min-scaled.jpg","width":1000,"height":1000,"caption":"Druppelvangers met meer lagen"},{"@type":"BreadcrumbList","@id":"https:\/\/place-add.nl\/de\/produkt\/mehrlagige-tropfenfaenger\/#breadcrumb","itemListElement":[{"@type":"ListItem","position":1,"name":"Home","item":"https:\/\/place-add.nl\/de\/home\/"},{"@type":"ListItem","position":2,"name":"Shop","item":"https:\/\/place-add.nl\/de\/shop\/"},{"@type":"ListItem","position":3,"name":"mehrlagige Tropfenf\u00e4nger mit Aufdruck"}]},{"@type":"WebSite","@id":"https:\/\/place-add.nl\/de\/#website","url":"https:\/\/place-add.nl\/de\/","name":"Place Add","description":"Tafelkleding voor de horeca","publisher":{"@id":"https:\/\/place-add.nl\/de\/#organization"},"potentialAction":[{"@type":"SearchAction","target":{"@type":"EntryPoint","urlTemplate":"https:\/\/place-add.nl\/de\/?s={search_term_string}"},"query-input":{"@type":"PropertyValueSpecification","valueRequired":true,"valueName":"search_term_string"}}],"inLanguage":"de"},{"@type":"Organization","@id":"https:\/\/place-add.nl\/de\/#organization","name":"Place Add","url":"https:\/\/place-add.nl\/de\/","logo":{"@type":"ImageObject","inLanguage":"de","@id":"https:\/\/place-add.nl\/de\/#\/schema\/logo\/image\/","url":"https:\/\/place-add.nl\/wp-content\/uploads\/2023\/11\/logo-img-place-add.png","contentUrl":"https:\/\/place-add.nl\/wp-content\/uploads\/2023\/11\/logo-img-place-add.png","width":404,"height":106,"caption":"Place Add"},"image":{"@id":"https:\/\/place-add.nl\/de\/#\/schema\/logo\/image\/"},"sameAs":["https:\/\/www.facebook.com\/PlaceAdd\/","https:\/\/www.instagram.com\/place_add\/","https:\/\/www.youtube.com\/@placeadd"]}]}},"_links":{"self":[{"href":"https:\/\/place-add.nl\/de\/wp-json\/wp\/v2\/product\/42967","targetHints":{"allow":["GET"]}}],"collection":[{"href":"https:\/\/place-add.nl\/de\/wp-json\/wp\/v2\/product"}],"about":[{"href":"https:\/\/place-add.nl\/de\/wp-json\/wp\/v2\/types\/product"}],"wp:featuredmedia":[{"embeddable":true,"href":"https:\/\/place-add.nl\/de\/wp-json\/wp\/v2\/media\/40522"}],"wp:attachment":[{"href":"https:\/\/place-add.nl\/de\/wp-json\/wp\/v2\/media?parent=42967"}],"wp:term":[{"taxonomy":"product_brand","embeddable":true,"href":"https:\/\/place-add.nl\/de\/wp-json\/wp\/v2\/product_brand?post=42967"},{"taxonomy":"product_cat","embeddable":true,"href":"https:\/\/place-add.nl\/de\/wp-json\/wp\/v2\/product_cat?post=42967"},{"taxonomy":"product_tag","embeddable":true,"href":"https:\/\/place-add.nl\/de\/wp-json\/wp\/v2\/product_tag?post=42967"}],"curies":[{"name":"wp","href":"https:\/\/api.w.org\/{rel}","templated":true}]}}