{"id":42969,"date":"2024-06-17T19:59:00","date_gmt":"2024-06-17T19:59:00","guid":{"rendered":"https:\/\/place-add.nl\/product\/bedrukt-vetvrij-papier-gebleekt\/"},"modified":"2025-06-08T08:19:12","modified_gmt":"2025-06-08T08:19:12","slug":"bedrucktes-gebleichtes-fettdichtes-papier","status":"publish","type":"product","link":"https:\/\/place-add.nl\/de\/produkt\/bedrucktes-gebleichtes-fettdichtes-papier\/","title":{"rendered":"Gebleichtes fettdichtes Papier mit Aufdruck"},"content":{"rendered":"<p>Unser bedrucktes, gebleichtes Pergamentpapier ist die ideale L\u00f6sung f\u00fcr die Pr\u00e4sentation verschiedener Lebensmittel wie Burger, gebratener Fisch, Sandwiches, Geb\u00e4ck und Hot Dogs. Die nat\u00fcrliche braune Farbe des Papiers sorgt f\u00fcr einen handwerklichen Look, der es Ihnen erm\u00f6glicht, Ihre Speisen stilvoll und umweltfreundlich zu pr\u00e4sentieren.<\/p>\n<p>Das bedruckte, ungebleichte fettdichte Papier eignet sich dank seiner hervorragenden Qualit\u00e4t, die Fett und Feuchtigkeit zur\u00fcckh\u00e4lt, perfekt f\u00fcr Gastronomiebetriebe und Imbisswagen. Au\u00dferdem lassen sich die Bl\u00e4tter leicht zuschneiden, so dass Sie immer die richtigen Ma\u00dfe f\u00fcr Ihre spezifischen Anforderungen haben. Mit der M\u00f6glichkeit, sie individuell zu bedrucken, geben Sie Ihrer Marke eine pers\u00f6nliche Note und verleihen Ihrem Geschirr einen noch professionelleren Look.<\/p>\n<p><strong>Hauptmerkmale:<\/strong><\/p>\n<ul>\n<li><strong>Vielseitig einsetzbar:<\/strong> Geeignet f\u00fcr eine Vielzahl von Lebensmitteln wie Burger, Fisch, Sandwiches, Geb\u00e4ck und mehr.<\/li>\n<li><strong>Handwerkliches Aussehen:<\/strong> Die nat\u00fcrliche braune Farbe strahlt Authentizit\u00e4t und Best\u00e4ndigkeit aus.<\/li>\n<li><strong>Individuell gestaltbar:<\/strong> Bestellen Sie ganz einfach die gew\u00fcnschten Ma\u00dfe f\u00fcr eine perfekte Passform.<\/li>\n<li><strong>Personalisierungsm\u00f6glichkeit:<\/strong> Bedruckung mit Ihrem eigenen Design m\u00f6glich f\u00fcr eine einzigartige und professionelle Pr\u00e4sentation.<\/li>\n<\/ul>\n<p>Kennen Sie schon unsere 2. Website? Werfen Sie einen Blick auf <strong><a href=\"https:\/\/www.craftontable.com\/collections\">Craft On Table<\/a><\/strong>!<\/p>\n<p><strong>Ben\u00f6tigen Sie eine pers\u00f6nliche Beratung bei der Auswahl der richtigen Servietten f\u00fcr Ihren Anlass?<\/strong> Dann z\u00f6gern Sie nicht, uns zu <strong><a href=\"https:\/\/place-add.nl\/de\/kontakt\/\">kontaktieren<\/a><\/strong>. Unser engagiertes Team hilft Ihnen gerne, die perfekte Wahl f\u00fcr Ihre speziellen Bed\u00fcrfnisse zu treffen.<\/p>\n<p><button id=\"knop-contact-opnemen-overige-producten-de\">Kontaktieren Sie uns unverbindlich<\/button><\/p>\n","protected":false},"excerpt":{"rendered":"<p>Unsere bedruckten <strong>wei\u00dfen fettfreien Vellen<\/strong> sind perfekt f\u00fcr die Verpackung und Pr\u00e4sentation verschiedener (fettiger) Lebensmittel wie Hamburger, gebratenen Fisch, belegte Br\u00f6tchen, Geb\u00e4ck, Hotdogs und mehr. Diese Vellen bieten nicht nur Funktionalit\u00e4t, sondern auch die M\u00f6glichkeit, Ihren Gerichten dank Ihres eigenen Drucks ein professionelles und ansprechendes Aussehen zu verleihen.<\/p>\n<p><strong>Vorteile unserer fettfreien Vellen:<\/strong><\/p>\n<ul>\n<li><strong>Vielseitige Verwendung:<\/strong> Geeignet f\u00fcr verschiedene Lebensmittel wie Hamburger, gebratenen Fisch, belegte Br\u00f6tchen, Geb\u00e4ck, Hotdogs usw.<\/li>\n<li><strong>Ma\u00dfgeschneidert:<\/strong> Sie k\u00f6nnen die Abmessungen der Vellen selbst bestimmen. Bestellen Sie einfach eine kleinere Gr\u00f6\u00dfe als angegeben und geben Sie die gew\u00fcnschten Ma\u00dfe in Zentimetern oder Millimetern in den Anmerkungen an.<\/li>\n<li><strong>Personalisierbar:<\/strong> F\u00fcgen Sie Ihren eigenen Druck hinzu, um die Pr\u00e4sentation Ihrer Gerichte zu verbessern und zu personalisieren.<\/li>\n<\/ul>\n<p><strong><a href=\"https:\/\/place-add.nl\/wp-content\/uploads\/2024\/09\/PA-Prijslijst-vetvrij-alle_aantallen.pdf\">KLICKEN SIE HIER F\u00dcR EINE \u00dcBERSICHT MIT ALLEN PREISEN UNSERES FETTFRIESE PAPERS<\/a><\/strong><\/p>\n<p><button id=\"knop-contact-opnemen-overige-producten-de\">Kontaktieren Sie uns unverbindlich<\/button><\/p>\n","protected":false},"featured_media":37892,"template":"","meta":[],"product_brand":[],"product_cat":[1441],"product_tag":[1271,1273,1185,1187],"class_list":{"0":"post-42969","1":"product","2":"type-product","3":"status-publish","4":"has-post-thumbnail","6":"product_cat-fettdichtes-papier-mit-aufdruck","7":"product_tag-bedruckte-pergamentpapiere-gebleicht","8":"product_tag-bedruckte-pergamentpapiere-weis","9":"product_tag-bedrucktes-pergamentpapier-gebleicht","10":"product_tag-bedrucktes-pergamentpapier-weis","12":"first","13":"instock","14":"taxable","15":"shipping-taxable","16":"product-type-simple"},"yoast_head":"<!-- This site is optimized with the Yoast SEO Premium plugin v27.2 (Yoast SEO v27.2) - https:\/\/yoast.com\/product\/yoast-seo-premium-wordpress\/ -->\n<title>Gebleichtes fettdichtes Papier mit Aufdruck | Place Add | F\u00fcr die Gastronomie<\/title>\n<meta name=\"description\" content=\"Bestellen Sie bedrucktes fettdichtes Papier gebleicht. Geeignet f\u00fcr fetthaltige Lebensmittel, zuschneidbar und personalisierbar. Fragen Sie nach Mustern!\" \/>\n<meta name=\"robots\" content=\"index, follow, max-snippet:-1, max-image-preview:large, max-video-preview:-1\" \/>\n<link rel=\"canonical\" href=\"https:\/\/place-add.nl\/de\/produkt\/bedrucktes-gebleichtes-fettdichtes-papier\/\" \/>\n<meta property=\"og:locale\" content=\"de_DE\" \/>\n<meta property=\"og:type\" content=\"article\" \/>\n<meta property=\"og:title\" content=\"Gebleichtes fettdichtes Papier mit Aufdruck\" \/>\n<meta property=\"og:description\" content=\"Bestellen Sie bedrucktes fettdichtes Papier gebleicht. Geeignet f\u00fcr fetthaltige Lebensmittel, zuschneidbar und personalisierbar. Fragen Sie nach Mustern!\" \/>\n<meta property=\"og:url\" content=\"https:\/\/place-add.nl\/de\/produkt\/bedrucktes-gebleichtes-fettdichtes-papier\/\" \/>\n<meta property=\"og:site_name\" content=\"Place Add\" \/>\n<meta property=\"article:publisher\" content=\"https:\/\/www.facebook.com\/PlaceAdd\/\" \/>\n<meta property=\"article:modified_time\" content=\"2025-06-08T08:19:12+00:00\" \/>\n<meta property=\"og:image\" content=\"https:\/\/place-add.nl\/wp-content\/uploads\/2024\/06\/servetbedrukt_vetvrij_wit_Place_Add_1.jpg\" \/>\n\t<meta property=\"og:image:width\" content=\"800\" \/>\n\t<meta property=\"og:image:height\" content=\"800\" \/>\n\t<meta property=\"og:image:type\" content=\"image\/jpeg\" \/>\n<meta name=\"twitter:card\" content=\"summary_large_image\" \/>\n<meta name=\"twitter:label1\" content=\"Gesch\u00e4tzte Lesezeit\" \/>\n\t<meta name=\"twitter:data1\" content=\"2\u00a0Minuten\" \/>\n<script type=\"application\/ld+json\" class=\"yoast-schema-graph\">{\"@context\":\"https:\/\/schema.org\",\"@graph\":[{\"@type\":\"WebPage\",\"@id\":\"https:\/\/place-add.nl\/de\/produkt\/bedrucktes-gebleichtes-fettdichtes-papier\/\",\"url\":\"https:\/\/place-add.nl\/de\/produkt\/bedrucktes-gebleichtes-fettdichtes-papier\/\",\"name\":\"Gebleichtes fettdichtes Papier mit Aufdruck | Place Add | F\u00fcr die Gastronomie\",\"isPartOf\":{\"@id\":\"https:\/\/place-add.nl\/de\/#website\"},\"primaryImageOfPage\":{\"@id\":\"https:\/\/place-add.nl\/de\/produkt\/bedrucktes-gebleichtes-fettdichtes-papier\/#primaryimage\"},\"image\":{\"@id\":\"https:\/\/place-add.nl\/de\/produkt\/bedrucktes-gebleichtes-fettdichtes-papier\/#primaryimage\"},\"thumbnailUrl\":\"https:\/\/place-add.nl\/wp-content\/uploads\/2024\/06\/servetbedrukt_vetvrij_wit_Place_Add_1.jpg\",\"datePublished\":\"2024-06-17T19:59:00+00:00\",\"dateModified\":\"2025-06-08T08:19:12+00:00\",\"description\":\"Bestellen Sie bedrucktes fettdichtes Papier gebleicht. Geeignet f\u00fcr fetthaltige Lebensmittel, zuschneidbar und personalisierbar. Fragen Sie nach Mustern!\",\"breadcrumb\":{\"@id\":\"https:\/\/place-add.nl\/de\/produkt\/bedrucktes-gebleichtes-fettdichtes-papier\/#breadcrumb\"},\"inLanguage\":\"de\",\"potentialAction\":[{\"@type\":\"ReadAction\",\"target\":[\"https:\/\/place-add.nl\/de\/produkt\/bedrucktes-gebleichtes-fettdichtes-papier\/\"]}]},{\"@type\":\"ImageObject\",\"inLanguage\":\"de\",\"@id\":\"https:\/\/place-add.nl\/de\/produkt\/bedrucktes-gebleichtes-fettdichtes-papier\/#primaryimage\",\"url\":\"https:\/\/place-add.nl\/wp-content\/uploads\/2024\/06\/servetbedrukt_vetvrij_wit_Place_Add_1.jpg\",\"contentUrl\":\"https:\/\/place-add.nl\/wp-content\/uploads\/2024\/06\/servetbedrukt_vetvrij_wit_Place_Add_1.jpg\",\"width\":800,\"height\":800,\"caption\":\"bedrukt vetvrij papier gebleekt\"},{\"@type\":\"BreadcrumbList\",\"@id\":\"https:\/\/place-add.nl\/de\/produkt\/bedrucktes-gebleichtes-fettdichtes-papier\/#breadcrumb\",\"itemListElement\":[{\"@type\":\"ListItem\",\"position\":1,\"name\":\"Home\",\"item\":\"https:\/\/place-add.nl\/de\/home\/\"},{\"@type\":\"ListItem\",\"position\":2,\"name\":\"Shop\",\"item\":\"https:\/\/place-add.nl\/de\/shop\/\"},{\"@type\":\"ListItem\",\"position\":3,\"name\":\"Gebleichtes fettdichtes Papier mit Aufdruck\"}]},{\"@type\":\"WebSite\",\"@id\":\"https:\/\/place-add.nl\/de\/#website\",\"url\":\"https:\/\/place-add.nl\/de\/\",\"name\":\"Place Add\",\"description\":\"Tafelkleding voor de horeca\",\"publisher\":{\"@id\":\"https:\/\/place-add.nl\/de\/#organization\"},\"potentialAction\":[{\"@type\":\"SearchAction\",\"target\":{\"@type\":\"EntryPoint\",\"urlTemplate\":\"https:\/\/place-add.nl\/de\/?s={search_term_string}\"},\"query-input\":{\"@type\":\"PropertyValueSpecification\",\"valueRequired\":true,\"valueName\":\"search_term_string\"}}],\"inLanguage\":\"de\"},{\"@type\":\"Organization\",\"@id\":\"https:\/\/place-add.nl\/de\/#organization\",\"name\":\"Place Add\",\"url\":\"https:\/\/place-add.nl\/de\/\",\"logo\":{\"@type\":\"ImageObject\",\"inLanguage\":\"de\",\"@id\":\"https:\/\/place-add.nl\/de\/#\/schema\/logo\/image\/\",\"url\":\"https:\/\/place-add.nl\/wp-content\/uploads\/2023\/11\/logo-img-place-add.png\",\"contentUrl\":\"https:\/\/place-add.nl\/wp-content\/uploads\/2023\/11\/logo-img-place-add.png\",\"width\":404,\"height\":106,\"caption\":\"Place Add\"},\"image\":{\"@id\":\"https:\/\/place-add.nl\/de\/#\/schema\/logo\/image\/\"},\"sameAs\":[\"https:\/\/www.facebook.com\/PlaceAdd\/\",\"https:\/\/www.instagram.com\/place_add\/\",\"https:\/\/www.youtube.com\/@placeadd\"]}]}<\/script>\n<!-- \/ Yoast SEO Premium plugin. -->","yoast_head_json":{"title":"Gebleichtes fettdichtes Papier mit Aufdruck | Place Add | F\u00fcr die Gastronomie","description":"Bestellen Sie bedrucktes fettdichtes Papier gebleicht. Geeignet f\u00fcr fetthaltige Lebensmittel, zuschneidbar und personalisierbar. Fragen Sie nach Mustern!","robots":{"index":"index","follow":"follow","max-snippet":"max-snippet:-1","max-image-preview":"max-image-preview:large","max-video-preview":"max-video-preview:-1"},"canonical":"https:\/\/place-add.nl\/de\/produkt\/bedrucktes-gebleichtes-fettdichtes-papier\/","og_locale":"de_DE","og_type":"article","og_title":"Gebleichtes fettdichtes Papier mit Aufdruck","og_description":"Bestellen Sie bedrucktes fettdichtes Papier gebleicht. Geeignet f\u00fcr fetthaltige Lebensmittel, zuschneidbar und personalisierbar. Fragen Sie nach Mustern!","og_url":"https:\/\/place-add.nl\/de\/produkt\/bedrucktes-gebleichtes-fettdichtes-papier\/","og_site_name":"Place Add","article_publisher":"https:\/\/www.facebook.com\/PlaceAdd\/","article_modified_time":"2025-06-08T08:19:12+00:00","og_image":[{"width":800,"height":800,"url":"https:\/\/place-add.nl\/wp-content\/uploads\/2024\/06\/servetbedrukt_vetvrij_wit_Place_Add_1.jpg","type":"image\/jpeg"}],"twitter_card":"summary_large_image","twitter_misc":{"Gesch\u00e4tzte Lesezeit":"2\u00a0Minuten"},"schema":{"@context":"https:\/\/schema.org","@graph":[{"@type":"WebPage","@id":"https:\/\/place-add.nl\/de\/produkt\/bedrucktes-gebleichtes-fettdichtes-papier\/","url":"https:\/\/place-add.nl\/de\/produkt\/bedrucktes-gebleichtes-fettdichtes-papier\/","name":"Gebleichtes fettdichtes Papier mit Aufdruck | Place Add | F\u00fcr die Gastronomie","isPartOf":{"@id":"https:\/\/place-add.nl\/de\/#website"},"primaryImageOfPage":{"@id":"https:\/\/place-add.nl\/de\/produkt\/bedrucktes-gebleichtes-fettdichtes-papier\/#primaryimage"},"image":{"@id":"https:\/\/place-add.nl\/de\/produkt\/bedrucktes-gebleichtes-fettdichtes-papier\/#primaryimage"},"thumbnailUrl":"https:\/\/place-add.nl\/wp-content\/uploads\/2024\/06\/servetbedrukt_vetvrij_wit_Place_Add_1.jpg","datePublished":"2024-06-17T19:59:00+00:00","dateModified":"2025-06-08T08:19:12+00:00","description":"Bestellen Sie bedrucktes fettdichtes Papier gebleicht. Geeignet f\u00fcr fetthaltige Lebensmittel, zuschneidbar und personalisierbar. Fragen Sie nach Mustern!","breadcrumb":{"@id":"https:\/\/place-add.nl\/de\/produkt\/bedrucktes-gebleichtes-fettdichtes-papier\/#breadcrumb"},"inLanguage":"de","potentialAction":[{"@type":"ReadAction","target":["https:\/\/place-add.nl\/de\/produkt\/bedrucktes-gebleichtes-fettdichtes-papier\/"]}]},{"@type":"ImageObject","inLanguage":"de","@id":"https:\/\/place-add.nl\/de\/produkt\/bedrucktes-gebleichtes-fettdichtes-papier\/#primaryimage","url":"https:\/\/place-add.nl\/wp-content\/uploads\/2024\/06\/servetbedrukt_vetvrij_wit_Place_Add_1.jpg","contentUrl":"https:\/\/place-add.nl\/wp-content\/uploads\/2024\/06\/servetbedrukt_vetvrij_wit_Place_Add_1.jpg","width":800,"height":800,"caption":"bedrukt vetvrij papier gebleekt"},{"@type":"BreadcrumbList","@id":"https:\/\/place-add.nl\/de\/produkt\/bedrucktes-gebleichtes-fettdichtes-papier\/#breadcrumb","itemListElement":[{"@type":"ListItem","position":1,"name":"Home","item":"https:\/\/place-add.nl\/de\/home\/"},{"@type":"ListItem","position":2,"name":"Shop","item":"https:\/\/place-add.nl\/de\/shop\/"},{"@type":"ListItem","position":3,"name":"Gebleichtes fettdichtes Papier mit Aufdruck"}]},{"@type":"WebSite","@id":"https:\/\/place-add.nl\/de\/#website","url":"https:\/\/place-add.nl\/de\/","name":"Place Add","description":"Tafelkleding voor de horeca","publisher":{"@id":"https:\/\/place-add.nl\/de\/#organization"},"potentialAction":[{"@type":"SearchAction","target":{"@type":"EntryPoint","urlTemplate":"https:\/\/place-add.nl\/de\/?s={search_term_string}"},"query-input":{"@type":"PropertyValueSpecification","valueRequired":true,"valueName":"search_term_string"}}],"inLanguage":"de"},{"@type":"Organization","@id":"https:\/\/place-add.nl\/de\/#organization","name":"Place Add","url":"https:\/\/place-add.nl\/de\/","logo":{"@type":"ImageObject","inLanguage":"de","@id":"https:\/\/place-add.nl\/de\/#\/schema\/logo\/image\/","url":"https:\/\/place-add.nl\/wp-content\/uploads\/2023\/11\/logo-img-place-add.png","contentUrl":"https:\/\/place-add.nl\/wp-content\/uploads\/2023\/11\/logo-img-place-add.png","width":404,"height":106,"caption":"Place Add"},"image":{"@id":"https:\/\/place-add.nl\/de\/#\/schema\/logo\/image\/"},"sameAs":["https:\/\/www.facebook.com\/PlaceAdd\/","https:\/\/www.instagram.com\/place_add\/","https:\/\/www.youtube.com\/@placeadd"]}]}},"_links":{"self":[{"href":"https:\/\/place-add.nl\/de\/wp-json\/wp\/v2\/product\/42969","targetHints":{"allow":["GET"]}}],"collection":[{"href":"https:\/\/place-add.nl\/de\/wp-json\/wp\/v2\/product"}],"about":[{"href":"https:\/\/place-add.nl\/de\/wp-json\/wp\/v2\/types\/product"}],"wp:featuredmedia":[{"embeddable":true,"href":"https:\/\/place-add.nl\/de\/wp-json\/wp\/v2\/media\/37892"}],"wp:attachment":[{"href":"https:\/\/place-add.nl\/de\/wp-json\/wp\/v2\/media?parent=42969"}],"wp:term":[{"taxonomy":"product_brand","embeddable":true,"href":"https:\/\/place-add.nl\/de\/wp-json\/wp\/v2\/product_brand?post=42969"},{"taxonomy":"product_cat","embeddable":true,"href":"https:\/\/place-add.nl\/de\/wp-json\/wp\/v2\/product_cat?post=42969"},{"taxonomy":"product_tag","embeddable":true,"href":"https:\/\/place-add.nl\/de\/wp-json\/wp\/v2\/product_tag?post=42969"}],"curies":[{"name":"wp","href":"https:\/\/api.w.org\/{rel}","templated":true}]}}