{"id":42971,"date":"2024-06-17T19:59:36","date_gmt":"2024-06-17T19:59:36","guid":{"rendered":"https:\/\/place-add.nl\/product\/bedrukt-vetvrij-papier-ongebleekt\/"},"modified":"2025-07-02T13:18:01","modified_gmt":"2025-07-02T13:18:01","slug":"bedrucktes-ungebleicht-fettfreies-papier","status":"publish","type":"product","link":"https:\/\/place-add.nl\/de\/produkt\/bedrucktes-ungebleicht-fettfreies-papier\/","title":{"rendered":"Ungebleicht Fettfreies Papier"},"content":{"rendered":"<p><span data-mce-type=\"bookmark\" style=\"display: inline-block; width: 0px; overflow: hidden; line-height: 0;\" class=\"mce_SELRES_start\">\ufeff<\/span>Unser bedrucktes, ungebleichtes Pergamentpapier ist die ideale L\u00f6sung f\u00fcr die Pr\u00e4sentation verschiedener Lebensmittel wie Burger, gebratener Fisch, Sandwiches, Geb\u00e4ck und Hot Dogs. Die nat\u00fcrliche braune Farbe des Papiers sorgt f\u00fcr einen handwerklichen Look, der es Ihnen erm\u00f6glicht, Ihre Speisen stilvoll und umweltfreundlich zu pr\u00e4sentieren.<\/p>\n<p>Das bedruckte, ungebleichte fettdichte Papier eignet sich dank seiner hervorragenden Qualit\u00e4t, die Fett und Feuchtigkeit zur\u00fcckh\u00e4lt, perfekt f\u00fcr Gastronomiebetriebe und Imbisswagen. Au\u00dferdem lassen sich die Bl\u00e4tter leicht zuschneiden, so dass Sie immer die richtigen Ma\u00dfe f\u00fcr Ihre spezifischen Anforderungen haben. Mit der M\u00f6glichkeit, sie individuell zu bedrucken, geben Sie Ihrer Marke eine pers\u00f6nliche Note und verleihen Ihrem Geschirr einen noch professionelleren Look.<\/p>\n<p><strong>Hauptmerkmale:<\/strong><\/p>\n<ul>\n<li><strong>Vielseitig einsetzbar:<\/strong> Geeignet f\u00fcr eine Vielzahl von Lebensmitteln wie Burger, Fisch, Sandwiches, Geb\u00e4ck und mehr.<\/li>\n<li><strong>Handwerkliches Aussehen:<\/strong> Die nat\u00fcrliche braune Farbe strahlt Authentizit\u00e4t und Best\u00e4ndigkeit aus.<\/li>\n<li><strong>Individuell gestaltbar:<\/strong> Bestellen Sie ganz einfach die gew\u00fcnschten Ma\u00dfe f\u00fcr eine perfekte Passform.<\/li>\n<li><strong>Personalisierungsm\u00f6glichkeit:<\/strong> Bedruckung mit Ihrem eigenen Design m\u00f6glich f\u00fcr eine einzigartige und professionelle Pr\u00e4sentation.<\/li>\n<\/ul>\n<p>Kennen Sie schon unsere 2. Website? Werfen Sie einen Blick auf <strong><a href=\"https:\/\/www.craftontable.com\/collections\">Craft On Table<\/a><\/strong>!<\/p>\n<p><strong>Ben\u00f6tigen Sie eine pers\u00f6nliche Beratung bei der Auswahl der richtigen Servietten f\u00fcr Ihren Anlass?<\/strong> Dann z\u00f6gern Sie nicht, uns zu <strong><a href=\"https:\/\/place-add.nl\/de\/kontakt\/\">kontaktieren<\/a><\/strong>. Unser engagiertes Team hilft Ihnen gerne, die perfekte Wahl f\u00fcr Ihre speziellen Bed\u00fcrfnisse zu treffen.<\/p>\n<p><button id=\"knop-contact-opnemen-overige-producten-de\">Kontaktieren Sie uns unverbindlich<\/button><\/p>\n","protected":false},"excerpt":{"rendered":"<p>Entdecken Sie die Vielseitigkeit unserer <strong>bedruckten fettfreien B\u00f6gen,<\/strong> perfekt zur Pr\u00e4sentation verschiedener (fetter) Lebensmittel wie Hamburger, gebratener Fisch, belegte Br\u00f6tchen, Geb\u00e4ck, Hotdogs und mehr. Unsere ungebleichten B\u00f6gen haben eine nat\u00fcrliche braune Farbe, die eine handwerkliche Ausstrahlung vermittelt und Ihre Gerichte stilvoll pr\u00e4sentiert.<\/p>\n<p>Vorteile unserer fettfreien B\u00f6gen:<\/p>\n<p>Vielseitige Verwendung: Geeignet f\u00fcr verschiedene Lebensmittel wie Hamburger, gebratener Fisch, belegte Br\u00f6tchen, Geb\u00e4ck, Hotdogs usw.<\/p>\n<p>Ma\u00dfgeschneidert: Sie k\u00f6nnen die Abmessungen der B\u00f6gen selbst bestimmen. Bestellen Sie einfach eine kleinere Gr\u00f6\u00dfe als angegeben und geben Sie die gew\u00fcnschten Ma\u00dfe in Zentimetern oder Millimetern in den Anmerkungen an.<\/p>\n<p>Personalisierbar: F\u00fcgen Sie Ihren eigenen Druck hinzu, um die Pr\u00e4sentation Ihrer Gerichte zu verbessern und zu personalisieren.<\/p>\n<p>Gehen Sie zu den Preisen<br \/>\n<button id=\"knop-contact-opnemen-overige-producten-de\">Kontaktieren Sie uns unverbindlich<\/button><\/p>\n","protected":false},"featured_media":37891,"template":"","meta":[],"product_brand":[],"product_cat":[1441],"product_tag":[1272,1186],"class_list":{"0":"post-42971","1":"product","2":"type-product","3":"status-publish","4":"has-post-thumbnail","6":"product_cat-fettdichtes-papier-mit-aufdruck","7":"product_tag-bedruckte-pergamentpapiere-ungebleicht","8":"product_tag-bedrucktes-pergamentpapier-ungebleicht","10":"first","11":"instock","12":"taxable","13":"shipping-taxable","14":"product-type-simple"},"yoast_head":"<!-- This site is optimized with the Yoast SEO Premium plugin v27.2 (Yoast SEO v27.2) - https:\/\/yoast.com\/product\/yoast-seo-premium-wordpress\/ -->\n<title>bedrucktes Ungebleicht Fettfreies Papier | Place Add<\/title>\n<meta name=\"description\" content=\"Entdecken Sie unser bedrucktes, ungebleichtes Pergamentpapier, perfekt f\u00fcr fettige Lebensmittel. Zugeschnitten und mit Ihrem eigenen Aufdruck.\" \/>\n<meta name=\"robots\" content=\"index, follow, max-snippet:-1, max-image-preview:large, max-video-preview:-1\" \/>\n<link rel=\"canonical\" href=\"https:\/\/place-add.nl\/de\/produkt\/bedrucktes-ungebleicht-fettfreies-papier\/\" \/>\n<meta property=\"og:locale\" content=\"de_DE\" \/>\n<meta property=\"og:type\" content=\"article\" \/>\n<meta property=\"og:title\" content=\"Ungebleicht Fettfreies Papier\" \/>\n<meta property=\"og:description\" content=\"Entdecken Sie unser bedrucktes, ungebleichtes Pergamentpapier, perfekt f\u00fcr fettige Lebensmittel. Zugeschnitten und mit Ihrem eigenen Aufdruck.\" \/>\n<meta property=\"og:url\" content=\"https:\/\/place-add.nl\/de\/produkt\/bedrucktes-ungebleicht-fettfreies-papier\/\" \/>\n<meta property=\"og:site_name\" content=\"Place Add\" \/>\n<meta property=\"article:publisher\" content=\"https:\/\/www.facebook.com\/PlaceAdd\/\" \/>\n<meta property=\"article:modified_time\" content=\"2025-07-02T13:18:01+00:00\" \/>\n<meta property=\"og:image\" content=\"https:\/\/place-add.nl\/wp-content\/uploads\/2024\/06\/servetbedrukt_vetvrij_ongebleekt_Place_Add_1.jpg\" \/>\n\t<meta property=\"og:image:width\" content=\"800\" \/>\n\t<meta property=\"og:image:height\" content=\"800\" \/>\n\t<meta property=\"og:image:type\" content=\"image\/jpeg\" \/>\n<meta name=\"twitter:card\" content=\"summary_large_image\" \/>\n<meta name=\"twitter:label1\" content=\"Gesch\u00e4tzte Lesezeit\" \/>\n\t<meta name=\"twitter:data1\" content=\"2\u00a0Minuten\" \/>\n<script type=\"application\/ld+json\" class=\"yoast-schema-graph\">{\"@context\":\"https:\/\/schema.org\",\"@graph\":[{\"@type\":\"WebPage\",\"@id\":\"https:\/\/place-add.nl\/de\/produkt\/bedrucktes-ungebleicht-fettfreies-papier\/\",\"url\":\"https:\/\/place-add.nl\/de\/produkt\/bedrucktes-ungebleicht-fettfreies-papier\/\",\"name\":\"bedrucktes Ungebleicht Fettfreies Papier | Place Add\",\"isPartOf\":{\"@id\":\"https:\/\/place-add.nl\/de\/#website\"},\"primaryImageOfPage\":{\"@id\":\"https:\/\/place-add.nl\/de\/produkt\/bedrucktes-ungebleicht-fettfreies-papier\/#primaryimage\"},\"image\":{\"@id\":\"https:\/\/place-add.nl\/de\/produkt\/bedrucktes-ungebleicht-fettfreies-papier\/#primaryimage\"},\"thumbnailUrl\":\"https:\/\/place-add.nl\/wp-content\/uploads\/2024\/06\/servetbedrukt_vetvrij_ongebleekt_Place_Add_1.jpg\",\"datePublished\":\"2024-06-17T19:59:36+00:00\",\"dateModified\":\"2025-07-02T13:18:01+00:00\",\"description\":\"Entdecken Sie unser bedrucktes, ungebleichtes Pergamentpapier, perfekt f\u00fcr fettige Lebensmittel. Zugeschnitten und mit Ihrem eigenen Aufdruck.\",\"breadcrumb\":{\"@id\":\"https:\/\/place-add.nl\/de\/produkt\/bedrucktes-ungebleicht-fettfreies-papier\/#breadcrumb\"},\"inLanguage\":\"de\",\"potentialAction\":[{\"@type\":\"ReadAction\",\"target\":[\"https:\/\/place-add.nl\/de\/produkt\/bedrucktes-ungebleicht-fettfreies-papier\/\"]}]},{\"@type\":\"ImageObject\",\"inLanguage\":\"de\",\"@id\":\"https:\/\/place-add.nl\/de\/produkt\/bedrucktes-ungebleicht-fettfreies-papier\/#primaryimage\",\"url\":\"https:\/\/place-add.nl\/wp-content\/uploads\/2024\/06\/servetbedrukt_vetvrij_ongebleekt_Place_Add_1.jpg\",\"contentUrl\":\"https:\/\/place-add.nl\/wp-content\/uploads\/2024\/06\/servetbedrukt_vetvrij_ongebleekt_Place_Add_1.jpg\",\"width\":800,\"height\":800},{\"@type\":\"BreadcrumbList\",\"@id\":\"https:\/\/place-add.nl\/de\/produkt\/bedrucktes-ungebleicht-fettfreies-papier\/#breadcrumb\",\"itemListElement\":[{\"@type\":\"ListItem\",\"position\":1,\"name\":\"Home\",\"item\":\"https:\/\/place-add.nl\/de\/home\/\"},{\"@type\":\"ListItem\",\"position\":2,\"name\":\"Shop\",\"item\":\"https:\/\/place-add.nl\/de\/shop\/\"},{\"@type\":\"ListItem\",\"position\":3,\"name\":\"Ungebleicht Fettfreies Papier\"}]},{\"@type\":\"WebSite\",\"@id\":\"https:\/\/place-add.nl\/de\/#website\",\"url\":\"https:\/\/place-add.nl\/de\/\",\"name\":\"Place Add\",\"description\":\"Tafelkleding voor de horeca\",\"publisher\":{\"@id\":\"https:\/\/place-add.nl\/de\/#organization\"},\"potentialAction\":[{\"@type\":\"SearchAction\",\"target\":{\"@type\":\"EntryPoint\",\"urlTemplate\":\"https:\/\/place-add.nl\/de\/?s={search_term_string}\"},\"query-input\":{\"@type\":\"PropertyValueSpecification\",\"valueRequired\":true,\"valueName\":\"search_term_string\"}}],\"inLanguage\":\"de\"},{\"@type\":\"Organization\",\"@id\":\"https:\/\/place-add.nl\/de\/#organization\",\"name\":\"Place Add\",\"url\":\"https:\/\/place-add.nl\/de\/\",\"logo\":{\"@type\":\"ImageObject\",\"inLanguage\":\"de\",\"@id\":\"https:\/\/place-add.nl\/de\/#\/schema\/logo\/image\/\",\"url\":\"https:\/\/place-add.nl\/wp-content\/uploads\/2023\/11\/logo-img-place-add.png\",\"contentUrl\":\"https:\/\/place-add.nl\/wp-content\/uploads\/2023\/11\/logo-img-place-add.png\",\"width\":404,\"height\":106,\"caption\":\"Place Add\"},\"image\":{\"@id\":\"https:\/\/place-add.nl\/de\/#\/schema\/logo\/image\/\"},\"sameAs\":[\"https:\/\/www.facebook.com\/PlaceAdd\/\",\"https:\/\/www.instagram.com\/place_add\/\",\"https:\/\/www.youtube.com\/@placeadd\"]}]}<\/script>\n<!-- \/ Yoast SEO Premium plugin. -->","yoast_head_json":{"title":"bedrucktes Ungebleicht Fettfreies Papier | Place Add","description":"Entdecken Sie unser bedrucktes, ungebleichtes Pergamentpapier, perfekt f\u00fcr fettige Lebensmittel. Zugeschnitten und mit Ihrem eigenen Aufdruck.","robots":{"index":"index","follow":"follow","max-snippet":"max-snippet:-1","max-image-preview":"max-image-preview:large","max-video-preview":"max-video-preview:-1"},"canonical":"https:\/\/place-add.nl\/de\/produkt\/bedrucktes-ungebleicht-fettfreies-papier\/","og_locale":"de_DE","og_type":"article","og_title":"Ungebleicht Fettfreies Papier","og_description":"Entdecken Sie unser bedrucktes, ungebleichtes Pergamentpapier, perfekt f\u00fcr fettige Lebensmittel. Zugeschnitten und mit Ihrem eigenen Aufdruck.","og_url":"https:\/\/place-add.nl\/de\/produkt\/bedrucktes-ungebleicht-fettfreies-papier\/","og_site_name":"Place Add","article_publisher":"https:\/\/www.facebook.com\/PlaceAdd\/","article_modified_time":"2025-07-02T13:18:01+00:00","og_image":[{"width":800,"height":800,"url":"https:\/\/place-add.nl\/wp-content\/uploads\/2024\/06\/servetbedrukt_vetvrij_ongebleekt_Place_Add_1.jpg","type":"image\/jpeg"}],"twitter_card":"summary_large_image","twitter_misc":{"Gesch\u00e4tzte Lesezeit":"2\u00a0Minuten"},"schema":{"@context":"https:\/\/schema.org","@graph":[{"@type":"WebPage","@id":"https:\/\/place-add.nl\/de\/produkt\/bedrucktes-ungebleicht-fettfreies-papier\/","url":"https:\/\/place-add.nl\/de\/produkt\/bedrucktes-ungebleicht-fettfreies-papier\/","name":"bedrucktes Ungebleicht Fettfreies Papier | Place Add","isPartOf":{"@id":"https:\/\/place-add.nl\/de\/#website"},"primaryImageOfPage":{"@id":"https:\/\/place-add.nl\/de\/produkt\/bedrucktes-ungebleicht-fettfreies-papier\/#primaryimage"},"image":{"@id":"https:\/\/place-add.nl\/de\/produkt\/bedrucktes-ungebleicht-fettfreies-papier\/#primaryimage"},"thumbnailUrl":"https:\/\/place-add.nl\/wp-content\/uploads\/2024\/06\/servetbedrukt_vetvrij_ongebleekt_Place_Add_1.jpg","datePublished":"2024-06-17T19:59:36+00:00","dateModified":"2025-07-02T13:18:01+00:00","description":"Entdecken Sie unser bedrucktes, ungebleichtes Pergamentpapier, perfekt f\u00fcr fettige Lebensmittel. Zugeschnitten und mit Ihrem eigenen Aufdruck.","breadcrumb":{"@id":"https:\/\/place-add.nl\/de\/produkt\/bedrucktes-ungebleicht-fettfreies-papier\/#breadcrumb"},"inLanguage":"de","potentialAction":[{"@type":"ReadAction","target":["https:\/\/place-add.nl\/de\/produkt\/bedrucktes-ungebleicht-fettfreies-papier\/"]}]},{"@type":"ImageObject","inLanguage":"de","@id":"https:\/\/place-add.nl\/de\/produkt\/bedrucktes-ungebleicht-fettfreies-papier\/#primaryimage","url":"https:\/\/place-add.nl\/wp-content\/uploads\/2024\/06\/servetbedrukt_vetvrij_ongebleekt_Place_Add_1.jpg","contentUrl":"https:\/\/place-add.nl\/wp-content\/uploads\/2024\/06\/servetbedrukt_vetvrij_ongebleekt_Place_Add_1.jpg","width":800,"height":800},{"@type":"BreadcrumbList","@id":"https:\/\/place-add.nl\/de\/produkt\/bedrucktes-ungebleicht-fettfreies-papier\/#breadcrumb","itemListElement":[{"@type":"ListItem","position":1,"name":"Home","item":"https:\/\/place-add.nl\/de\/home\/"},{"@type":"ListItem","position":2,"name":"Shop","item":"https:\/\/place-add.nl\/de\/shop\/"},{"@type":"ListItem","position":3,"name":"Ungebleicht Fettfreies Papier"}]},{"@type":"WebSite","@id":"https:\/\/place-add.nl\/de\/#website","url":"https:\/\/place-add.nl\/de\/","name":"Place Add","description":"Tafelkleding voor de horeca","publisher":{"@id":"https:\/\/place-add.nl\/de\/#organization"},"potentialAction":[{"@type":"SearchAction","target":{"@type":"EntryPoint","urlTemplate":"https:\/\/place-add.nl\/de\/?s={search_term_string}"},"query-input":{"@type":"PropertyValueSpecification","valueRequired":true,"valueName":"search_term_string"}}],"inLanguage":"de"},{"@type":"Organization","@id":"https:\/\/place-add.nl\/de\/#organization","name":"Place Add","url":"https:\/\/place-add.nl\/de\/","logo":{"@type":"ImageObject","inLanguage":"de","@id":"https:\/\/place-add.nl\/de\/#\/schema\/logo\/image\/","url":"https:\/\/place-add.nl\/wp-content\/uploads\/2023\/11\/logo-img-place-add.png","contentUrl":"https:\/\/place-add.nl\/wp-content\/uploads\/2023\/11\/logo-img-place-add.png","width":404,"height":106,"caption":"Place Add"},"image":{"@id":"https:\/\/place-add.nl\/de\/#\/schema\/logo\/image\/"},"sameAs":["https:\/\/www.facebook.com\/PlaceAdd\/","https:\/\/www.instagram.com\/place_add\/","https:\/\/www.youtube.com\/@placeadd"]}]}},"_links":{"self":[{"href":"https:\/\/place-add.nl\/de\/wp-json\/wp\/v2\/product\/42971","targetHints":{"allow":["GET"]}}],"collection":[{"href":"https:\/\/place-add.nl\/de\/wp-json\/wp\/v2\/product"}],"about":[{"href":"https:\/\/place-add.nl\/de\/wp-json\/wp\/v2\/types\/product"}],"wp:featuredmedia":[{"embeddable":true,"href":"https:\/\/place-add.nl\/de\/wp-json\/wp\/v2\/media\/37891"}],"wp:attachment":[{"href":"https:\/\/place-add.nl\/de\/wp-json\/wp\/v2\/media?parent=42971"}],"wp:term":[{"taxonomy":"product_brand","embeddable":true,"href":"https:\/\/place-add.nl\/de\/wp-json\/wp\/v2\/product_brand?post=42971"},{"taxonomy":"product_cat","embeddable":true,"href":"https:\/\/place-add.nl\/de\/wp-json\/wp\/v2\/product_cat?post=42971"},{"taxonomy":"product_tag","embeddable":true,"href":"https:\/\/place-add.nl\/de\/wp-json\/wp\/v2\/product_tag?post=42971"}],"curies":[{"name":"wp","href":"https:\/\/api.w.org\/{rel}","templated":true}]}}