{"id":42973,"date":"2024-06-26T11:14:04","date_gmt":"2024-06-26T11:14:04","guid":{"rendered":"https:\/\/place-add.nl\/product\/bedrukte-bamboe-servetten\/"},"modified":"2025-07-09T12:48:40","modified_gmt":"2025-07-09T12:48:40","slug":"bambus-weiss-bedruckt","status":"publish","type":"product","link":"https:\/\/place-add.nl\/de\/produkt\/bambus-weiss-bedruckt\/","title":{"rendered":"Bambus Wei\u00df Bedruckt"},"content":{"rendered":"<p style=\"text-align: left;\">Hinterlassen Sie bei Ihren G\u00e4sten einen bleibenden und stilvollen Eindruck mit unseren<strong> bedruckten Bambus-Servietten<\/strong>, bei denen Luxus, Funktionalit\u00e4t und Umweltfreundlichkeit zusammenkommen. Diese hochwertigen Servietten aus 100 % biologisch abbaubaren Bambusfasern bieten nicht nur eine luxuri\u00f6se, weiche Textur, sondern sind auch sehr saugf\u00e4hig. Eine perfekte umweltbewusste Wahl f\u00fcr einen anspruchsvoll gedeckten Tisch.<\/p>\n<p style=\"text-align: left;\"><strong>Die bedruckten Bambus-Servietten sind in den folgenden Abmessungen und Faltoptionen erh\u00e4ltlich:<\/strong><\/p>\n<p style=\"text-align: left;\"><strong>&#8211; 40 x 40 cm:<\/strong><\/p>\n<ul style=\"text-align: left;\">\n<li>1\/4-Faltung (gefaltet 20 x 20 cm, ungefaltet 40 x 40 cm)<\/li>\n<li>1\/8-Faltung (gefaltet auf 10 x 20 cm, ungefaltet 40 x 40 cm)<\/li>\n<\/ul>\n<p style=\"text-align: left;\"><strong>&#8211; 48 x 48 cm:<\/strong><\/p>\n<ul style=\"text-align: left;\">\n<li><strong>1\/4-<\/strong>Faltung\u00a0(gefaltet auf 24 x 24 cm, aufgefaltet 48 x 48 cm)<\/li>\n<li><strong>1\/8-<\/strong>Faltung (gefaltet 12 x 24 cm, ungefaltet 48 x 48 cm)<\/li>\n<\/ul>\n<p style=\"text-align: left;\">Die Lieferzeit f\u00fcr personalisierte Bambus-Servietten betr\u00e4gt im Durchschnitt 4 bis 7 Wochen.<\/p>\n<p style=\"text-align: left;\">Bambusservietten sind eine nachhaltige Alternative zu herk\u00f6mmlichen Servietten. Sie werden aus Bambusfasern hergestellt, die schnell und nat\u00fcrlich abbaubar sind. Hier finden Sie einige Merkmale und Vorteile von Bambusservietten:<\/p>\n<p style=\"text-align: left;\">Sie ben\u00f6tigen kurzfristig Servietten? Werfen Sie einen Blick in unseren <strong><a href=\"https:\/\/place-add.nl\/de\/einwegartikel-shop\/\">Einweg-Webshop<\/a><\/strong>, oder besuchen Sie unsere zweite Website, <strong><a href=\"https:\/\/www.craftontable.com\/collections\">Craftontable.com<\/a><\/strong>, f\u00fcr Servietten ohne Druck, aber mit k\u00fcrzeren Lieferzeiten.<\/p>\n<p style=\"text-align: left;\"><strong>Brauchen Sie pers\u00f6nliche Beratung bei der Auswahl der richtigen Einwegartikel f\u00fcr Ihre Veranstaltung?<\/strong> Z\u00f6gern Sie nicht, uns zu<strong><a href=\"https:\/\/place-add.nl\/de\/kontakt\/\"> kontaktieren<\/a><\/strong>. Unser engagiertes Team steht bereit, um Ihnen bei der Auswahl der perfekten Produkte f\u00fcr Ihre spezifischen Bed\u00fcrfnisse zu helfen.<\/p>\n<p style=\"text-align: left;\"><button id=\"knop-contact-opnemen-overige-producten-de\">Kontaktieren Sie uns unverbindlich<\/button><\/p>\n","protected":false},"excerpt":{"rendered":"<p>Beeindrucken Sie Ihre G\u00e4ste und tragen Sie zu einer nachhaltigeren Welt bei mit unseren <strong>Bambusservietten<\/strong>, einer perfekten Kombination aus Stil, Funktionalit\u00e4t und Umweltfreundlichkeit.<\/p>\n<p>Diese Servietten sind nicht nur luxuri\u00f6s weich, sondern auch \u00e4u\u00dferst saugf\u00e4hig.<\/p>\n<p>Hergestellt aus 100 % biologisch abbaubaren Bambusfasern bieten unsere Servietten eine umweltbewusste Wahl f\u00fcr Ihre Tischdekoration.<\/p>\n<p><strong>Unsere Bambusservietten sind in den folgenden Gr\u00f6\u00dfen erh\u00e4ltlich:<\/strong><\/p>\n<ul>\n<li><strong>\u00a040 x 40 cm:<\/strong><\/li>\n<li><strong> 1\/4-Falte<\/strong> (gefaltet auf 20 x 20 cm, ausgefaltet 40 x 40 cm)<\/li>\n<li><strong>1\/8-Falte<\/strong> (gefaltet auf 10 x 20 cm, ausgefaltet 40 x 40 cm)<\/li>\n<li><strong>48 x 48 cm:<\/strong><\/li>\n<li><strong> 1\/4-Falte<\/strong> (gefaltet auf 24 x 24 cm, ausgefaltet 48 x 48 cm)<\/li>\n<li><strong> 1\/8-Falte<\/strong> (gefaltet auf 12 x 24 cm, ausgefaltet 48 x 48 cm)<\/li>\n<\/ul>\n<p>Die Lieferzeit f\u00fcr personalisierte Servietten betr\u00e4gt in der Regel 4 bis 7 Wochen.<\/p>\n<p><strong>Preise ohne Versandkosten. Diese sind (noch) nicht in den Preisen enthalten.<\/strong><\/p>\n<p><a class=\"button-custom-product\" href=\"\/\/place-add.nl\/wp-content\/uploads\/2025\/06\/PA-prijslijst-Bamboo-duits.pdf\" target=\"_blank\" rel=\"noopener\">Gehen Sie zu den Preisen<\/a> \u00a0<button id=\"knop-contact-opnemen-overige-producten-de\">Kontaktieren Sie uns unverbindlich<\/button><\/p>\n","protected":false},"featured_media":40588,"template":"","meta":[],"product_brand":[],"product_cat":[1415],"product_tag":[1266,1265,1268,1267],"class_list":{"0":"post-42973","1":"product","2":"type-product","3":"status-publish","4":"has-post-thumbnail","6":"product_cat-100-eco-bedrukt-de","7":"product_tag-bamboo-servietten","8":"product_tag-bambus-servietten","9":"product_tag-bedruckte-bamboo-servietten","10":"product_tag-bedruckte-bambus-servietten","12":"first","13":"instock","14":"taxable","15":"shipping-taxable","16":"product-type-simple"},"yoast_head":"<!-- This site is optimized with the Yoast SEO Premium plugin v27.2 (Yoast SEO v27.2) - https:\/\/yoast.com\/product\/yoast-seo-premium-wordpress\/ -->\n<title>Bambus Wei\u00df Bedruckt | Place Add | F\u00fcr die Gastronomie<\/title>\n<meta name=\"description\" content=\"Erleben Sie unsere bedruckten Bambus-Servietten: weich, saugf\u00e4hig und umweltfreundlich. Personalisierung m\u00f6glich. Kontaktieren Sie uns f\u00fcr eine Beratung!\" \/>\n<meta name=\"robots\" content=\"index, follow, max-snippet:-1, max-image-preview:large, max-video-preview:-1\" \/>\n<link rel=\"canonical\" href=\"https:\/\/place-add.nl\/de\/produkt\/bambus-weiss-bedruckt\/\" \/>\n<meta property=\"og:locale\" content=\"de_DE\" \/>\n<meta property=\"og:type\" content=\"article\" \/>\n<meta property=\"og:title\" content=\"Bambus Wei\u00df Bedruckt\" \/>\n<meta property=\"og:description\" content=\"Erleben Sie unsere bedruckten Bambus-Servietten: weich, saugf\u00e4hig und umweltfreundlich. Personalisierung m\u00f6glich. Kontaktieren Sie uns f\u00fcr eine Beratung!\" \/>\n<meta property=\"og:url\" content=\"https:\/\/place-add.nl\/de\/produkt\/bambus-weiss-bedruckt\/\" \/>\n<meta property=\"og:site_name\" content=\"Place Add\" \/>\n<meta property=\"article:publisher\" content=\"https:\/\/www.facebook.com\/PlaceAdd\/\" \/>\n<meta property=\"article:modified_time\" content=\"2025-07-09T12:48:40+00:00\" \/>\n<meta property=\"og:image\" content=\"https:\/\/place-add.nl\/wp-content\/uploads\/2024\/06\/IMG_3122-min-scaled.jpg\" \/>\n\t<meta property=\"og:image:width\" content=\"1000\" \/>\n\t<meta property=\"og:image:height\" content=\"1000\" \/>\n\t<meta property=\"og:image:type\" content=\"image\/jpeg\" \/>\n<meta name=\"twitter:card\" content=\"summary_large_image\" \/>\n<meta name=\"twitter:label1\" content=\"Gesch\u00e4tzte Lesezeit\" \/>\n\t<meta name=\"twitter:data1\" content=\"2\u00a0Minuten\" \/>\n<script type=\"application\/ld+json\" class=\"yoast-schema-graph\">{\"@context\":\"https:\/\/schema.org\",\"@graph\":[{\"@type\":\"WebPage\",\"@id\":\"https:\/\/place-add.nl\/de\/produkt\/bambus-weiss-bedruckt\/\",\"url\":\"https:\/\/place-add.nl\/de\/produkt\/bambus-weiss-bedruckt\/\",\"name\":\"Bambus Wei\u00df Bedruckt | Place Add | F\u00fcr die Gastronomie\",\"isPartOf\":{\"@id\":\"https:\/\/place-add.nl\/de\/#website\"},\"primaryImageOfPage\":{\"@id\":\"https:\/\/place-add.nl\/de\/produkt\/bambus-weiss-bedruckt\/#primaryimage\"},\"image\":{\"@id\":\"https:\/\/place-add.nl\/de\/produkt\/bambus-weiss-bedruckt\/#primaryimage\"},\"thumbnailUrl\":\"https:\/\/place-add.nl\/wp-content\/uploads\/2024\/06\/IMG_3122-min-scaled.jpg\",\"datePublished\":\"2024-06-26T11:14:04+00:00\",\"dateModified\":\"2025-07-09T12:48:40+00:00\",\"description\":\"Erleben Sie unsere bedruckten Bambus-Servietten: weich, saugf\u00e4hig und umweltfreundlich. Personalisierung m\u00f6glich. Kontaktieren Sie uns f\u00fcr eine Beratung!\",\"breadcrumb\":{\"@id\":\"https:\/\/place-add.nl\/de\/produkt\/bambus-weiss-bedruckt\/#breadcrumb\"},\"inLanguage\":\"de\",\"potentialAction\":[{\"@type\":\"ReadAction\",\"target\":[\"https:\/\/place-add.nl\/de\/produkt\/bambus-weiss-bedruckt\/\"]}]},{\"@type\":\"ImageObject\",\"inLanguage\":\"de\",\"@id\":\"https:\/\/place-add.nl\/de\/produkt\/bambus-weiss-bedruckt\/#primaryimage\",\"url\":\"https:\/\/place-add.nl\/wp-content\/uploads\/2024\/06\/IMG_3122-min-scaled.jpg\",\"contentUrl\":\"https:\/\/place-add.nl\/wp-content\/uploads\/2024\/06\/IMG_3122-min-scaled.jpg\",\"width\":1000,\"height\":1000,\"caption\":\"bedrukte bamboe servetten\"},{\"@type\":\"BreadcrumbList\",\"@id\":\"https:\/\/place-add.nl\/de\/produkt\/bambus-weiss-bedruckt\/#breadcrumb\",\"itemListElement\":[{\"@type\":\"ListItem\",\"position\":1,\"name\":\"Home\",\"item\":\"https:\/\/place-add.nl\/de\/home\/\"},{\"@type\":\"ListItem\",\"position\":2,\"name\":\"Shop\",\"item\":\"https:\/\/place-add.nl\/de\/shop\/\"},{\"@type\":\"ListItem\",\"position\":3,\"name\":\"Bambus Wei\u00df Bedruckt\"}]},{\"@type\":\"WebSite\",\"@id\":\"https:\/\/place-add.nl\/de\/#website\",\"url\":\"https:\/\/place-add.nl\/de\/\",\"name\":\"Place Add\",\"description\":\"Tafelkleding voor de horeca\",\"publisher\":{\"@id\":\"https:\/\/place-add.nl\/de\/#organization\"},\"potentialAction\":[{\"@type\":\"SearchAction\",\"target\":{\"@type\":\"EntryPoint\",\"urlTemplate\":\"https:\/\/place-add.nl\/de\/?s={search_term_string}\"},\"query-input\":{\"@type\":\"PropertyValueSpecification\",\"valueRequired\":true,\"valueName\":\"search_term_string\"}}],\"inLanguage\":\"de\"},{\"@type\":\"Organization\",\"@id\":\"https:\/\/place-add.nl\/de\/#organization\",\"name\":\"Place Add\",\"url\":\"https:\/\/place-add.nl\/de\/\",\"logo\":{\"@type\":\"ImageObject\",\"inLanguage\":\"de\",\"@id\":\"https:\/\/place-add.nl\/de\/#\/schema\/logo\/image\/\",\"url\":\"https:\/\/place-add.nl\/wp-content\/uploads\/2023\/11\/logo-img-place-add.png\",\"contentUrl\":\"https:\/\/place-add.nl\/wp-content\/uploads\/2023\/11\/logo-img-place-add.png\",\"width\":404,\"height\":106,\"caption\":\"Place Add\"},\"image\":{\"@id\":\"https:\/\/place-add.nl\/de\/#\/schema\/logo\/image\/\"},\"sameAs\":[\"https:\/\/www.facebook.com\/PlaceAdd\/\",\"https:\/\/www.instagram.com\/place_add\/\",\"https:\/\/www.youtube.com\/@placeadd\"]}]}<\/script>\n<!-- \/ Yoast SEO Premium plugin. -->","yoast_head_json":{"title":"Bambus Wei\u00df Bedruckt | Place Add | F\u00fcr die Gastronomie","description":"Erleben Sie unsere bedruckten Bambus-Servietten: weich, saugf\u00e4hig und umweltfreundlich. Personalisierung m\u00f6glich. Kontaktieren Sie uns f\u00fcr eine Beratung!","robots":{"index":"index","follow":"follow","max-snippet":"max-snippet:-1","max-image-preview":"max-image-preview:large","max-video-preview":"max-video-preview:-1"},"canonical":"https:\/\/place-add.nl\/de\/produkt\/bambus-weiss-bedruckt\/","og_locale":"de_DE","og_type":"article","og_title":"Bambus Wei\u00df Bedruckt","og_description":"Erleben Sie unsere bedruckten Bambus-Servietten: weich, saugf\u00e4hig und umweltfreundlich. Personalisierung m\u00f6glich. Kontaktieren Sie uns f\u00fcr eine Beratung!","og_url":"https:\/\/place-add.nl\/de\/produkt\/bambus-weiss-bedruckt\/","og_site_name":"Place Add","article_publisher":"https:\/\/www.facebook.com\/PlaceAdd\/","article_modified_time":"2025-07-09T12:48:40+00:00","og_image":[{"width":1000,"height":1000,"url":"https:\/\/place-add.nl\/wp-content\/uploads\/2024\/06\/IMG_3122-min-scaled.jpg","type":"image\/jpeg"}],"twitter_card":"summary_large_image","twitter_misc":{"Gesch\u00e4tzte Lesezeit":"2\u00a0Minuten"},"schema":{"@context":"https:\/\/schema.org","@graph":[{"@type":"WebPage","@id":"https:\/\/place-add.nl\/de\/produkt\/bambus-weiss-bedruckt\/","url":"https:\/\/place-add.nl\/de\/produkt\/bambus-weiss-bedruckt\/","name":"Bambus Wei\u00df Bedruckt | Place Add | F\u00fcr die Gastronomie","isPartOf":{"@id":"https:\/\/place-add.nl\/de\/#website"},"primaryImageOfPage":{"@id":"https:\/\/place-add.nl\/de\/produkt\/bambus-weiss-bedruckt\/#primaryimage"},"image":{"@id":"https:\/\/place-add.nl\/de\/produkt\/bambus-weiss-bedruckt\/#primaryimage"},"thumbnailUrl":"https:\/\/place-add.nl\/wp-content\/uploads\/2024\/06\/IMG_3122-min-scaled.jpg","datePublished":"2024-06-26T11:14:04+00:00","dateModified":"2025-07-09T12:48:40+00:00","description":"Erleben Sie unsere bedruckten Bambus-Servietten: weich, saugf\u00e4hig und umweltfreundlich. Personalisierung m\u00f6glich. Kontaktieren Sie uns f\u00fcr eine Beratung!","breadcrumb":{"@id":"https:\/\/place-add.nl\/de\/produkt\/bambus-weiss-bedruckt\/#breadcrumb"},"inLanguage":"de","potentialAction":[{"@type":"ReadAction","target":["https:\/\/place-add.nl\/de\/produkt\/bambus-weiss-bedruckt\/"]}]},{"@type":"ImageObject","inLanguage":"de","@id":"https:\/\/place-add.nl\/de\/produkt\/bambus-weiss-bedruckt\/#primaryimage","url":"https:\/\/place-add.nl\/wp-content\/uploads\/2024\/06\/IMG_3122-min-scaled.jpg","contentUrl":"https:\/\/place-add.nl\/wp-content\/uploads\/2024\/06\/IMG_3122-min-scaled.jpg","width":1000,"height":1000,"caption":"bedrukte bamboe servetten"},{"@type":"BreadcrumbList","@id":"https:\/\/place-add.nl\/de\/produkt\/bambus-weiss-bedruckt\/#breadcrumb","itemListElement":[{"@type":"ListItem","position":1,"name":"Home","item":"https:\/\/place-add.nl\/de\/home\/"},{"@type":"ListItem","position":2,"name":"Shop","item":"https:\/\/place-add.nl\/de\/shop\/"},{"@type":"ListItem","position":3,"name":"Bambus Wei\u00df Bedruckt"}]},{"@type":"WebSite","@id":"https:\/\/place-add.nl\/de\/#website","url":"https:\/\/place-add.nl\/de\/","name":"Place Add","description":"Tafelkleding voor de horeca","publisher":{"@id":"https:\/\/place-add.nl\/de\/#organization"},"potentialAction":[{"@type":"SearchAction","target":{"@type":"EntryPoint","urlTemplate":"https:\/\/place-add.nl\/de\/?s={search_term_string}"},"query-input":{"@type":"PropertyValueSpecification","valueRequired":true,"valueName":"search_term_string"}}],"inLanguage":"de"},{"@type":"Organization","@id":"https:\/\/place-add.nl\/de\/#organization","name":"Place Add","url":"https:\/\/place-add.nl\/de\/","logo":{"@type":"ImageObject","inLanguage":"de","@id":"https:\/\/place-add.nl\/de\/#\/schema\/logo\/image\/","url":"https:\/\/place-add.nl\/wp-content\/uploads\/2023\/11\/logo-img-place-add.png","contentUrl":"https:\/\/place-add.nl\/wp-content\/uploads\/2023\/11\/logo-img-place-add.png","width":404,"height":106,"caption":"Place Add"},"image":{"@id":"https:\/\/place-add.nl\/de\/#\/schema\/logo\/image\/"},"sameAs":["https:\/\/www.facebook.com\/PlaceAdd\/","https:\/\/www.instagram.com\/place_add\/","https:\/\/www.youtube.com\/@placeadd"]}]}},"_links":{"self":[{"href":"https:\/\/place-add.nl\/de\/wp-json\/wp\/v2\/product\/42973","targetHints":{"allow":["GET"]}}],"collection":[{"href":"https:\/\/place-add.nl\/de\/wp-json\/wp\/v2\/product"}],"about":[{"href":"https:\/\/place-add.nl\/de\/wp-json\/wp\/v2\/types\/product"}],"wp:featuredmedia":[{"embeddable":true,"href":"https:\/\/place-add.nl\/de\/wp-json\/wp\/v2\/media\/40588"}],"wp:attachment":[{"href":"https:\/\/place-add.nl\/de\/wp-json\/wp\/v2\/media?parent=42973"}],"wp:term":[{"taxonomy":"product_brand","embeddable":true,"href":"https:\/\/place-add.nl\/de\/wp-json\/wp\/v2\/product_brand?post=42973"},{"taxonomy":"product_cat","embeddable":true,"href":"https:\/\/place-add.nl\/de\/wp-json\/wp\/v2\/product_cat?post=42973"},{"taxonomy":"product_tag","embeddable":true,"href":"https:\/\/place-add.nl\/de\/wp-json\/wp\/v2\/product_tag?post=42973"}],"curies":[{"name":"wp","href":"https:\/\/api.w.org\/{rel}","templated":true}]}}