{"id":42982,"date":"2024-06-17T18:12:53","date_gmt":"2024-06-17T18:12:53","guid":{"rendered":"https:\/\/place-add.nl\/product\/naperole-economy\/"},"modified":"2025-07-09T12:37:35","modified_gmt":"2025-07-09T12:37:35","slug":"naperole-economy","status":"publish","type":"product","link":"https:\/\/place-add.nl\/de\/produkt\/naperole-economy\/","title":{"rendered":"Naperole Economy"},"content":{"rendered":"<p>Die <strong>Naperole Economy mit Double Point Pochette im Format 33 x 40 cm<\/strong> bietet eine praktische und stilvolle L\u00f6sung f\u00fcr die Pr\u00e4sentation von Besteck. Dank des <strong>geraden Einsatzes<\/strong> bleibt das Besteck gut sichtbar und bleibt ordentlich in der Serviette. Die <strong>Umh\u00fcllung<\/strong> aus d\u00fcnnerem Papier sorgt daf\u00fcr, dass das Besteck fest an seinem Platz bleibt, w\u00e4hrend die leichtere Serviette in Verbindung mit dem <strong>automatisierten Produktionsprozess<\/strong> die Naperole Economy zu einem sehr attraktiven Preis macht.<\/p>\n<p>Hinweis: Da die <strong>Double Point-Serviette<\/strong> d\u00fcnner ist als die \u00fcbliche <strong>Airlaid-Serviette<\/strong>, empfehlen wir, das Besteck auf den Tisch zu legen oder zu stecken, anstatt es vorher in der Naperole Economy zu pr\u00e4sentieren. Dadurch wird verhindert, dass das Besteck durch die Serviette rei\u00dft.<\/p>\n<p>Die<strong> Naperole Economy mit Double Point-Serviette<\/strong> ist die preisg\u00fcnstigste Naperole in unserem Sortiment. Diese <strong>Double-Point-Qualit\u00e4t<\/strong> ist in den Niederlanden zwar weniger bekannt, aber in anderen europ\u00e4ischen L\u00e4ndern sehr beliebt. Die Serviette hat eine <strong>&#8216;verdickte&#8217;<\/strong> Struktur, die ihr ein weiches und luxuri\u00f6ses Aussehen verleiht, aber sie ist etwas weniger robust als die <strong>Airlaid-Qualit\u00e4t<\/strong>.<\/p>\n<p>Mit ihrem guten <strong>Preis-Leistungs-Verh\u00e4ltnis<\/strong> ist die <strong>Naperole Economy<\/strong> die ideale Wahl f\u00fcr Gastronomiebetriebe, die eine kosteng\u00fcnstige L\u00f6sung suchen, ohne auf Stil verzichten zu m\u00fcssen.<\/p>\n<p>Die Lieferzeit betr\u00e4gt<strong> 5 bis 6 Wochen<\/strong>.<\/p>\n<p>Die<strong> Naperole Economy<\/strong> passt perfekt in unseren<strong><a href=\"https:\/\/place-add.nl\/de\/produkt\/hoelzerner-serviettenhalter\/\"> h\u00f6lzernen Naperole-Halter<\/a><\/strong> f\u00fcr eine stilvolle und praktische Pr\u00e4sentation!<\/p>\n<p>Bestellen Sie Ihre bedruckte Version <strong><a href=\"https:\/\/place-add.nl\/de\/einwegartikel-shop\/bestecktaschen-webshop\/\">hier<\/a> <\/strong>oder \u00fcber unsere 2. Website <strong>Craft On Table<\/strong>.<\/p>\n<p><strong>Ben\u00f6tigen Sie eine pers\u00f6nliche Beratung bei der Auswahl der richtigen Servietten f\u00fcr Ihren Anlass?<\/strong> Dann z\u00f6gern Sie nicht, uns zu <strong><a href=\"https:\/\/place-add.nl\/de\/kontakt\/\">kontaktieren<\/a><\/strong>. Unser engagiertes Team hilft Ihnen gerne, die perfekte Wahl f\u00fcr Ihre speziellen Bed\u00fcrfnisse zu treffen.<\/p>\n<p><strong>Preise ohne Versandkosten. Diese sind (noch) nicht in den Preisen enthalten.<\/strong><\/p>\n<p>&nbsp;<\/p>\n","protected":false},"excerpt":{"rendered":"<p>Unsere <strong>Naperole Economy<\/strong> mit Doppelspitzserviette ist die preisg\u00fcnstigste Naperole in unserem Sortiment! Diese Qualit\u00e4t mit doppelter Spitze ist in den Niederlanden zwar weniger bekannt, aber in anderen europ\u00e4ischen L\u00e4ndern sehr beliebt. Es handelt sich um eine &#8216;verdickte&#8217; Serviette, die sehr weich ist, aber etwas weniger fest als die Airlaid-Qualit\u00e4t.<\/p>\n<p>Die Lieferzeit betr\u00e4gt 5 bis 6 Wochen.<\/p>\n<p><strong>Preise ohne Versandkosten. Diese sind (noch) nicht in den Preisen enthalten.<\/strong><\/p>\n<p><a class=\"button-custom-product\" href=\"https:\/\/place-add.nl\/wp-content\/uploads\/2025\/06\/PA-prijslijst-Naperole-economy-duits-1.pdf\" target=\"_blank\" rel=\"noopener\">Gehen Sie zu den Preisen <\/a><button id=\"knop-contact-opnemen-overige-producten-de\">Kontaktieren Sie uns unverbindlich<\/button><\/p>\n","protected":false},"featured_media":40642,"template":"","meta":[],"product_brand":[],"product_cat":[1418],"product_tag":[1188,1304,1264,1306,1305,1161],"class_list":{"0":"post-42982","1":"product","2":"type-product","3":"status-publish","4":"has-post-thumbnail","6":"product_cat-airlaid-mit-banderole-de","7":"product_tag-besteckfalz-servietten","8":"product_tag-double-point-besecktaschen","9":"product_tag-double-point-bestecktasche","10":"product_tag-double-point-serviette","11":"product_tag-double-point-serviette-mit-umschlag","12":"product_tag-naperole-economy-mit-airlaid-serviette","14":"first","15":"instock","16":"taxable","17":"shipping-taxable","18":"product-type-simple"},"yoast_head":"<!-- This site is optimized with the Yoast SEO Premium plugin v27.2 (Yoast SEO v27.2) - https:\/\/yoast.com\/product\/yoast-seo-premium-wordpress\/ -->\n<title>Naperole Economy | Place Add | F\u00fcr die Gastronomie<\/title>\n<meta name=\"description\" content=\"Unsere Naperole Economy mit Doppelspitzserviette bietet ein ausgezeichnetes Preis-Leistungs-Verh\u00e4ltnis. G\u00fcnstig, weicher als Airlaid und beliebt in Europa.\" \/>\n<meta name=\"robots\" content=\"index, follow, max-snippet:-1, max-image-preview:large, max-video-preview:-1\" \/>\n<link rel=\"canonical\" href=\"https:\/\/place-add.nl\/de\/produkt\/naperole-economy\/\" \/>\n<meta property=\"og:locale\" content=\"de_DE\" \/>\n<meta property=\"og:type\" content=\"article\" \/>\n<meta property=\"og:title\" content=\"Naperole Economy\" \/>\n<meta property=\"og:description\" content=\"Unsere Naperole Economy mit Doppelspitzserviette bietet ein ausgezeichnetes Preis-Leistungs-Verh\u00e4ltnis. G\u00fcnstig, weicher als Airlaid und beliebt in Europa.\" \/>\n<meta property=\"og:url\" content=\"https:\/\/place-add.nl\/de\/produkt\/naperole-economy\/\" \/>\n<meta property=\"og:site_name\" content=\"Place Add\" \/>\n<meta property=\"article:publisher\" content=\"https:\/\/www.facebook.com\/PlaceAdd\/\" \/>\n<meta property=\"article:modified_time\" content=\"2025-07-09T12:37:35+00:00\" \/>\n<meta property=\"og:image\" content=\"https:\/\/place-add.nl\/wp-content\/uploads\/2024\/06\/bedrukt_Economy_Naperole_4-scaled.jpg\" \/>\n\t<meta property=\"og:image:width\" content=\"1000\" \/>\n\t<meta property=\"og:image:height\" content=\"1000\" \/>\n\t<meta property=\"og:image:type\" content=\"image\/jpeg\" \/>\n<meta name=\"twitter:card\" content=\"summary_large_image\" \/>\n<meta name=\"twitter:label1\" content=\"Gesch\u00e4tzte Lesezeit\" \/>\n\t<meta name=\"twitter:data1\" content=\"2\u00a0Minuten\" \/>\n<script type=\"application\/ld+json\" class=\"yoast-schema-graph\">{\"@context\":\"https:\/\/schema.org\",\"@graph\":[{\"@type\":\"WebPage\",\"@id\":\"https:\/\/place-add.nl\/de\/produkt\/naperole-economy\/\",\"url\":\"https:\/\/place-add.nl\/de\/produkt\/naperole-economy\/\",\"name\":\"Naperole Economy | Place Add | F\u00fcr die Gastronomie\",\"isPartOf\":{\"@id\":\"https:\/\/place-add.nl\/de\/#website\"},\"primaryImageOfPage\":{\"@id\":\"https:\/\/place-add.nl\/de\/produkt\/naperole-economy\/#primaryimage\"},\"image\":{\"@id\":\"https:\/\/place-add.nl\/de\/produkt\/naperole-economy\/#primaryimage\"},\"thumbnailUrl\":\"https:\/\/place-add.nl\/wp-content\/uploads\/2024\/06\/bedrukt_Economy_Naperole_4-scaled.jpg\",\"datePublished\":\"2024-06-17T18:12:53+00:00\",\"dateModified\":\"2025-07-09T12:37:35+00:00\",\"description\":\"Unsere Naperole Economy mit Doppelspitzserviette bietet ein ausgezeichnetes Preis-Leistungs-Verh\u00e4ltnis. G\u00fcnstig, weicher als Airlaid und beliebt in Europa.\",\"breadcrumb\":{\"@id\":\"https:\/\/place-add.nl\/de\/produkt\/naperole-economy\/#breadcrumb\"},\"inLanguage\":\"de\",\"potentialAction\":[{\"@type\":\"ReadAction\",\"target\":[\"https:\/\/place-add.nl\/de\/produkt\/naperole-economy\/\"]}]},{\"@type\":\"ImageObject\",\"inLanguage\":\"de\",\"@id\":\"https:\/\/place-add.nl\/de\/produkt\/naperole-economy\/#primaryimage\",\"url\":\"https:\/\/place-add.nl\/wp-content\/uploads\/2024\/06\/bedrukt_Economy_Naperole_4-scaled.jpg\",\"contentUrl\":\"https:\/\/place-add.nl\/wp-content\/uploads\/2024\/06\/bedrukt_Economy_Naperole_4-scaled.jpg\",\"width\":1000,\"height\":1000},{\"@type\":\"BreadcrumbList\",\"@id\":\"https:\/\/place-add.nl\/de\/produkt\/naperole-economy\/#breadcrumb\",\"itemListElement\":[{\"@type\":\"ListItem\",\"position\":1,\"name\":\"Home\",\"item\":\"https:\/\/place-add.nl\/de\/home\/\"},{\"@type\":\"ListItem\",\"position\":2,\"name\":\"Shop\",\"item\":\"https:\/\/place-add.nl\/de\/shop\/\"},{\"@type\":\"ListItem\",\"position\":3,\"name\":\"Naperole Economy\"}]},{\"@type\":\"WebSite\",\"@id\":\"https:\/\/place-add.nl\/de\/#website\",\"url\":\"https:\/\/place-add.nl\/de\/\",\"name\":\"Place Add\",\"description\":\"Tafelkleding voor de horeca\",\"publisher\":{\"@id\":\"https:\/\/place-add.nl\/de\/#organization\"},\"potentialAction\":[{\"@type\":\"SearchAction\",\"target\":{\"@type\":\"EntryPoint\",\"urlTemplate\":\"https:\/\/place-add.nl\/de\/?s={search_term_string}\"},\"query-input\":{\"@type\":\"PropertyValueSpecification\",\"valueRequired\":true,\"valueName\":\"search_term_string\"}}],\"inLanguage\":\"de\"},{\"@type\":\"Organization\",\"@id\":\"https:\/\/place-add.nl\/de\/#organization\",\"name\":\"Place Add\",\"url\":\"https:\/\/place-add.nl\/de\/\",\"logo\":{\"@type\":\"ImageObject\",\"inLanguage\":\"de\",\"@id\":\"https:\/\/place-add.nl\/de\/#\/schema\/logo\/image\/\",\"url\":\"https:\/\/place-add.nl\/wp-content\/uploads\/2023\/11\/logo-img-place-add.png\",\"contentUrl\":\"https:\/\/place-add.nl\/wp-content\/uploads\/2023\/11\/logo-img-place-add.png\",\"width\":404,\"height\":106,\"caption\":\"Place Add\"},\"image\":{\"@id\":\"https:\/\/place-add.nl\/de\/#\/schema\/logo\/image\/\"},\"sameAs\":[\"https:\/\/www.facebook.com\/PlaceAdd\/\",\"https:\/\/www.instagram.com\/place_add\/\",\"https:\/\/www.youtube.com\/@placeadd\"]}]}<\/script>\n<!-- \/ Yoast SEO Premium plugin. -->","yoast_head_json":{"title":"Naperole Economy | Place Add | F\u00fcr die Gastronomie","description":"Unsere Naperole Economy mit Doppelspitzserviette bietet ein ausgezeichnetes Preis-Leistungs-Verh\u00e4ltnis. G\u00fcnstig, weicher als Airlaid und beliebt in Europa.","robots":{"index":"index","follow":"follow","max-snippet":"max-snippet:-1","max-image-preview":"max-image-preview:large","max-video-preview":"max-video-preview:-1"},"canonical":"https:\/\/place-add.nl\/de\/produkt\/naperole-economy\/","og_locale":"de_DE","og_type":"article","og_title":"Naperole Economy","og_description":"Unsere Naperole Economy mit Doppelspitzserviette bietet ein ausgezeichnetes Preis-Leistungs-Verh\u00e4ltnis. G\u00fcnstig, weicher als Airlaid und beliebt in Europa.","og_url":"https:\/\/place-add.nl\/de\/produkt\/naperole-economy\/","og_site_name":"Place Add","article_publisher":"https:\/\/www.facebook.com\/PlaceAdd\/","article_modified_time":"2025-07-09T12:37:35+00:00","og_image":[{"width":1000,"height":1000,"url":"https:\/\/place-add.nl\/wp-content\/uploads\/2024\/06\/bedrukt_Economy_Naperole_4-scaled.jpg","type":"image\/jpeg"}],"twitter_card":"summary_large_image","twitter_misc":{"Gesch\u00e4tzte Lesezeit":"2\u00a0Minuten"},"schema":{"@context":"https:\/\/schema.org","@graph":[{"@type":"WebPage","@id":"https:\/\/place-add.nl\/de\/produkt\/naperole-economy\/","url":"https:\/\/place-add.nl\/de\/produkt\/naperole-economy\/","name":"Naperole Economy | Place Add | F\u00fcr die Gastronomie","isPartOf":{"@id":"https:\/\/place-add.nl\/de\/#website"},"primaryImageOfPage":{"@id":"https:\/\/place-add.nl\/de\/produkt\/naperole-economy\/#primaryimage"},"image":{"@id":"https:\/\/place-add.nl\/de\/produkt\/naperole-economy\/#primaryimage"},"thumbnailUrl":"https:\/\/place-add.nl\/wp-content\/uploads\/2024\/06\/bedrukt_Economy_Naperole_4-scaled.jpg","datePublished":"2024-06-17T18:12:53+00:00","dateModified":"2025-07-09T12:37:35+00:00","description":"Unsere Naperole Economy mit Doppelspitzserviette bietet ein ausgezeichnetes Preis-Leistungs-Verh\u00e4ltnis. G\u00fcnstig, weicher als Airlaid und beliebt in Europa.","breadcrumb":{"@id":"https:\/\/place-add.nl\/de\/produkt\/naperole-economy\/#breadcrumb"},"inLanguage":"de","potentialAction":[{"@type":"ReadAction","target":["https:\/\/place-add.nl\/de\/produkt\/naperole-economy\/"]}]},{"@type":"ImageObject","inLanguage":"de","@id":"https:\/\/place-add.nl\/de\/produkt\/naperole-economy\/#primaryimage","url":"https:\/\/place-add.nl\/wp-content\/uploads\/2024\/06\/bedrukt_Economy_Naperole_4-scaled.jpg","contentUrl":"https:\/\/place-add.nl\/wp-content\/uploads\/2024\/06\/bedrukt_Economy_Naperole_4-scaled.jpg","width":1000,"height":1000},{"@type":"BreadcrumbList","@id":"https:\/\/place-add.nl\/de\/produkt\/naperole-economy\/#breadcrumb","itemListElement":[{"@type":"ListItem","position":1,"name":"Home","item":"https:\/\/place-add.nl\/de\/home\/"},{"@type":"ListItem","position":2,"name":"Shop","item":"https:\/\/place-add.nl\/de\/shop\/"},{"@type":"ListItem","position":3,"name":"Naperole Economy"}]},{"@type":"WebSite","@id":"https:\/\/place-add.nl\/de\/#website","url":"https:\/\/place-add.nl\/de\/","name":"Place Add","description":"Tafelkleding voor de horeca","publisher":{"@id":"https:\/\/place-add.nl\/de\/#organization"},"potentialAction":[{"@type":"SearchAction","target":{"@type":"EntryPoint","urlTemplate":"https:\/\/place-add.nl\/de\/?s={search_term_string}"},"query-input":{"@type":"PropertyValueSpecification","valueRequired":true,"valueName":"search_term_string"}}],"inLanguage":"de"},{"@type":"Organization","@id":"https:\/\/place-add.nl\/de\/#organization","name":"Place Add","url":"https:\/\/place-add.nl\/de\/","logo":{"@type":"ImageObject","inLanguage":"de","@id":"https:\/\/place-add.nl\/de\/#\/schema\/logo\/image\/","url":"https:\/\/place-add.nl\/wp-content\/uploads\/2023\/11\/logo-img-place-add.png","contentUrl":"https:\/\/place-add.nl\/wp-content\/uploads\/2023\/11\/logo-img-place-add.png","width":404,"height":106,"caption":"Place Add"},"image":{"@id":"https:\/\/place-add.nl\/de\/#\/schema\/logo\/image\/"},"sameAs":["https:\/\/www.facebook.com\/PlaceAdd\/","https:\/\/www.instagram.com\/place_add\/","https:\/\/www.youtube.com\/@placeadd"]}]}},"_links":{"self":[{"href":"https:\/\/place-add.nl\/de\/wp-json\/wp\/v2\/product\/42982","targetHints":{"allow":["GET"]}}],"collection":[{"href":"https:\/\/place-add.nl\/de\/wp-json\/wp\/v2\/product"}],"about":[{"href":"https:\/\/place-add.nl\/de\/wp-json\/wp\/v2\/types\/product"}],"wp:featuredmedia":[{"embeddable":true,"href":"https:\/\/place-add.nl\/de\/wp-json\/wp\/v2\/media\/40642"}],"wp:attachment":[{"href":"https:\/\/place-add.nl\/de\/wp-json\/wp\/v2\/media?parent=42982"}],"wp:term":[{"taxonomy":"product_brand","embeddable":true,"href":"https:\/\/place-add.nl\/de\/wp-json\/wp\/v2\/product_brand?post=42982"},{"taxonomy":"product_cat","embeddable":true,"href":"https:\/\/place-add.nl\/de\/wp-json\/wp\/v2\/product_cat?post=42982"},{"taxonomy":"product_tag","embeddable":true,"href":"https:\/\/place-add.nl\/de\/wp-json\/wp\/v2\/product_tag?post=42982"}],"curies":[{"name":"wp","href":"https:\/\/api.w.org\/{rel}","templated":true}]}}