{"id":42984,"date":"2024-06-17T18:11:47","date_gmt":"2024-06-17T18:11:47","guid":{"rendered":"https:\/\/place-add.nl\/product\/naperole-royal\/"},"modified":"2025-08-12T14:19:48","modified_gmt":"2025-08-12T14:19:48","slug":"naperole-royal","status":"publish","type":"product","link":"https:\/\/place-add.nl\/de\/produkt\/naperole-royal\/","title":{"rendered":"Naperole Royal"},"content":{"rendered":"<p>Als verfeinerte Version der Naperole Classic bietet unsere <strong>Naperole Royal<\/strong> eine innovative L\u00f6sung f\u00fcr die Pr\u00e4sentation von Besteck. Diese <strong>34 x 40 cm<\/strong> gro\u00dfe Serviette verf\u00fcgt \u00fcber eine zus\u00e4tzliche Einkerbung in der Papierh\u00fclle, die das Besteck noch besser sch\u00fctzt und f\u00fcr eine optimale Pr\u00e4sentation sorgt. Die Naperole Royal ist in den Farben <strong>Wei\u00df<\/strong> und <strong>Schwarz<\/strong> erh\u00e4ltlich und bietet sowohl Stil als auch Funktionalit\u00e4t, was sie zu einer eleganten Wahl f\u00fcr Ihren gedeckten Tisch macht.<\/p>\n<p>Die Papierumh\u00fcllung besteht aus<strong> leicht gl\u00e4nzendem 170gr. SILK MC oder 170gr. mattes HVO-Papier<\/strong>, das ein luxuri\u00f6ses Aussehen bietet und daf\u00fcr sorgt, dass das Besteck sch\u00f6n in der Serviette bleibt. Das hochwertige Papier kann sowohl auf der Vorder- als auch auf der R\u00fcckseite vollfarbig bedruckt werden, so dass Sie die Serviette vollst\u00e4ndig personalisieren k\u00f6nnen. Dies verleiht der Naperole Royal ein exklusives Aussehen.<\/p>\n<p><strong>Die Naperole Royal bietet mehrere Vorteile, die sie zu einer ausgezeichneten Wahl machen:<\/strong><\/p>\n<ul>\n<li><strong>Zus\u00e4tzliche Einkerbung:<\/strong> Die zus\u00e4tzliche Einkerbung in der Papierh\u00fclle sorgt daf\u00fcr, dass das Besteck noch fester an seinem Platz bleibt und so noch besser pr\u00e4sentiert werden kann.<\/li>\n<li><strong>Schnelle Lieferung:<\/strong> Die bedruckte Version mit Ihrem eigenen Aufdruck ist schnell verf\u00fcgbar, mit (Teil-)Lieferung innerhalb von 3 bis 4 Wochen m\u00f6glich.<\/li>\n<li><strong>Hochwertige Banderole:<\/strong> Die Banderole besteht aus 170 g hochwertigem Papier und kann sowohl auf der Vorder- als auch auf der R\u00fcckseite in Farbe bedruckt werden.<\/li>\n<li><strong>Luxuri\u00f6se Airlaid-Serviette:<\/strong> Die Airlaid-Serviette selbst ist von luxuri\u00f6ser Qualit\u00e4t und f\u00fchlt sich an wie Leinen, was sie sowohl elegant als auch funktional macht.<\/li>\n<\/ul>\n<p>Die <strong>Naperole Royal<\/strong> passt perfekt in unseren <strong><a href=\"https:\/\/place-add.nl\/de\/produkt\/hoelzerner-serviettenhalter\/\">h\u00f6lzernen Serviettenhalter<\/a><\/strong> f\u00fcr eine stilvolle und praktische Pr\u00e4sentation!<\/p>\n<p><strong>Bestellen Sie Ihre \u00f3nbedruckte Version hier oder \u00fcber unsere 2. Website <a href=\"https:\/\/www.craftontable.com\/collections\">Craft On Table<\/a>.<\/strong><\/p>\n<p><strong>Ben\u00f6tigen Sie eine pers\u00f6nliche Beratung bei der Auswahl der richtigen Servietten f\u00fcr Ihren Anlass?<\/strong> Dann z\u00f6gern Sie nicht, uns zu <strong><a href=\"https:\/\/place-add.nl\/de\/kontakt\/\">kontaktieren<\/a><\/strong>. Unser engagiertes Team hilft Ihnen gerne, die perfekte Wahl f\u00fcr Ihre speziellen Bed\u00fcrfnisse zu treffen.<\/p>\n<p><button id=\"knop-contact-opnemen-overige-producten-de\">Kontaktieren Sie uns unverbindlich<\/button><\/p>\n","protected":false},"excerpt":{"rendered":"<p>Als verfeinerte Version der Naperole Classic bietet unsere <strong>Naperole Royal<\/strong> eine innovative L\u00f6sung f\u00fcr die Pr\u00e4sentation von Besteck.<strong> Diese 34 x 40 cm<\/strong> gro\u00dfe Serviette verf\u00fcgt \u00fcber eine zus\u00e4tzliche Einkerbung in der Papierh\u00fclle, die das Besteck noch besser sch\u00fctzt. Erh\u00e4ltlich in Wei\u00df und Schwarz, bietet die Naperole Royal sowohl Stil als auch Funktionalit\u00e4t.<\/p>\n<p>Die<strong> Papierumh\u00fcllung besteht aus leicht gl\u00e4nzendem 170gr. SILK MC oder 170gr. mattem HVO-Papier<\/strong> sorgt daf\u00fcr, dass das Besteck sch\u00f6n in der Serviette bleibt. Das hochwertige Papier, das sowohl auf der Vorder- als auch auf der R\u00fcckseite vollfarbig bedruckt werden kann, tr\u00e4gt zum luxuri\u00f6sen Look bei.<\/p>\n<p>Die Lieferzeit betr\u00e4gt 4 bis 5 Wochen.<\/p>\n<p><strong>Preise ohne Versandkosten. Diese sind (noch) nicht in den Preisen enthalten.<\/strong><\/p>\n<p><a class=\"button-custom-product\" href=\"https:\/\/place-add.nl\/wp-content\/uploads\/2025\/06\/PA-prijslijst-Naperole-duits.pdf\" target=\"_blank\" rel=\"noopener\">Gehen Sie zu den Preisen<\/a><button id=\"knop-contact-opnemen-overige-producten-de\">Kontaktieren Sie uns unverbindlich<\/button><\/p>\n","protected":false},"featured_media":40739,"template":"","meta":[],"product_brand":[],"product_cat":[1418],"product_tag":[1239,1135,1134,1136,1188,1160,1356,1385],"class_list":{"0":"post-42984","1":"product","2":"type-product","3":"status-publish","4":"has-post-thumbnail","6":"product_cat-airlaid-mit-banderole-de","7":"product_tag-airlaid-bestecktasche","8":"product_tag-airlaid-bestecktaschen","9":"product_tag-airlaid-servietten","10":"product_tag-airlaid-serviette-mit-wickelung","11":"product_tag-besteckfalz-servietten","12":"product_tag-naperole-royal-mit-airlaid-serviette","13":"product_tag-schwarze-airlaid-servietten","14":"product_tag-weise-airlaid-servietten","16":"first","17":"instock","18":"taxable","19":"shipping-taxable","20":"product-type-simple"},"yoast_head":"<!-- This site is optimized with the Yoast SEO Premium plugin v27.2 (Yoast SEO v27.2) - https:\/\/yoast.com\/product\/yoast-seo-premium-wordpress\/ -->\n<title>Airlaid Naperole Royal | Place Add<\/title>\n<meta name=\"description\" content=\"Unsere Naperole Royal mit den Ma\u00dfen 34 x 40 cm in airlaid bietet eine raffinierte L\u00f6sung f\u00fcr die Pr\u00e4sentation von Besteck in Wei\u00df und Schwarz.\" \/>\n<meta name=\"robots\" content=\"index, follow, max-snippet:-1, max-image-preview:large, max-video-preview:-1\" \/>\n<link rel=\"canonical\" href=\"https:\/\/place-add.nl\/de\/produkt\/naperole-royal\/\" \/>\n<meta property=\"og:locale\" content=\"de_DE\" \/>\n<meta property=\"og:type\" content=\"article\" \/>\n<meta property=\"og:title\" content=\"Naperole Royal\" \/>\n<meta property=\"og:description\" content=\"Unsere Naperole Royal mit den Ma\u00dfen 34 x 40 cm in airlaid bietet eine raffinierte L\u00f6sung f\u00fcr die Pr\u00e4sentation von Besteck in Wei\u00df und Schwarz.\" \/>\n<meta property=\"og:url\" content=\"https:\/\/place-add.nl\/de\/produkt\/naperole-royal\/\" \/>\n<meta property=\"og:site_name\" content=\"Place Add\" \/>\n<meta property=\"article:publisher\" content=\"https:\/\/www.facebook.com\/PlaceAdd\/\" \/>\n<meta property=\"article:modified_time\" content=\"2025-08-12T14:19:48+00:00\" \/>\n<meta property=\"og:image\" content=\"https:\/\/place-add.nl\/wp-content\/uploads\/2024\/06\/Bedrukt_Royal_Naperol_place-add_2-scaled.jpg\" \/>\n\t<meta property=\"og:image:width\" content=\"1000\" \/>\n\t<meta property=\"og:image:height\" content=\"1000\" \/>\n\t<meta property=\"og:image:type\" content=\"image\/jpeg\" \/>\n<meta name=\"twitter:card\" content=\"summary_large_image\" \/>\n<meta name=\"twitter:label1\" content=\"Gesch\u00e4tzte Lesezeit\" \/>\n\t<meta name=\"twitter:data1\" content=\"2\u00a0Minuten\" \/>\n<script type=\"application\/ld+json\" class=\"yoast-schema-graph\">{\"@context\":\"https:\/\/schema.org\",\"@graph\":[{\"@type\":\"WebPage\",\"@id\":\"https:\/\/place-add.nl\/de\/produkt\/naperole-royal\/\",\"url\":\"https:\/\/place-add.nl\/de\/produkt\/naperole-royal\/\",\"name\":\"Airlaid Naperole Royal | Place Add\",\"isPartOf\":{\"@id\":\"https:\/\/place-add.nl\/de\/#website\"},\"primaryImageOfPage\":{\"@id\":\"https:\/\/place-add.nl\/de\/produkt\/naperole-royal\/#primaryimage\"},\"image\":{\"@id\":\"https:\/\/place-add.nl\/de\/produkt\/naperole-royal\/#primaryimage\"},\"thumbnailUrl\":\"https:\/\/place-add.nl\/wp-content\/uploads\/2024\/06\/Bedrukt_Royal_Naperol_place-add_2-scaled.jpg\",\"datePublished\":\"2024-06-17T18:11:47+00:00\",\"dateModified\":\"2025-08-12T14:19:48+00:00\",\"description\":\"Unsere Naperole Royal mit den Ma\u00dfen 34 x 40 cm in airlaid bietet eine raffinierte L\u00f6sung f\u00fcr die Pr\u00e4sentation von Besteck in Wei\u00df und Schwarz.\",\"breadcrumb\":{\"@id\":\"https:\/\/place-add.nl\/de\/produkt\/naperole-royal\/#breadcrumb\"},\"inLanguage\":\"de\",\"potentialAction\":[{\"@type\":\"ReadAction\",\"target\":[\"https:\/\/place-add.nl\/de\/produkt\/naperole-royal\/\"]}]},{\"@type\":\"ImageObject\",\"inLanguage\":\"de\",\"@id\":\"https:\/\/place-add.nl\/de\/produkt\/naperole-royal\/#primaryimage\",\"url\":\"https:\/\/place-add.nl\/wp-content\/uploads\/2024\/06\/Bedrukt_Royal_Naperol_place-add_2-scaled.jpg\",\"contentUrl\":\"https:\/\/place-add.nl\/wp-content\/uploads\/2024\/06\/Bedrukt_Royal_Naperol_place-add_2-scaled.jpg\",\"width\":1000,\"height\":1000,\"caption\":\"Naperole Royal\"},{\"@type\":\"BreadcrumbList\",\"@id\":\"https:\/\/place-add.nl\/de\/produkt\/naperole-royal\/#breadcrumb\",\"itemListElement\":[{\"@type\":\"ListItem\",\"position\":1,\"name\":\"Home\",\"item\":\"https:\/\/place-add.nl\/de\/home\/\"},{\"@type\":\"ListItem\",\"position\":2,\"name\":\"Shop\",\"item\":\"https:\/\/place-add.nl\/de\/shop\/\"},{\"@type\":\"ListItem\",\"position\":3,\"name\":\"Naperole Royal\"}]},{\"@type\":\"WebSite\",\"@id\":\"https:\/\/place-add.nl\/de\/#website\",\"url\":\"https:\/\/place-add.nl\/de\/\",\"name\":\"Place Add\",\"description\":\"Tafelkleding voor de horeca\",\"publisher\":{\"@id\":\"https:\/\/place-add.nl\/de\/#organization\"},\"potentialAction\":[{\"@type\":\"SearchAction\",\"target\":{\"@type\":\"EntryPoint\",\"urlTemplate\":\"https:\/\/place-add.nl\/de\/?s={search_term_string}\"},\"query-input\":{\"@type\":\"PropertyValueSpecification\",\"valueRequired\":true,\"valueName\":\"search_term_string\"}}],\"inLanguage\":\"de\"},{\"@type\":\"Organization\",\"@id\":\"https:\/\/place-add.nl\/de\/#organization\",\"name\":\"Place Add\",\"url\":\"https:\/\/place-add.nl\/de\/\",\"logo\":{\"@type\":\"ImageObject\",\"inLanguage\":\"de\",\"@id\":\"https:\/\/place-add.nl\/de\/#\/schema\/logo\/image\/\",\"url\":\"https:\/\/place-add.nl\/wp-content\/uploads\/2023\/11\/logo-img-place-add.png\",\"contentUrl\":\"https:\/\/place-add.nl\/wp-content\/uploads\/2023\/11\/logo-img-place-add.png\",\"width\":404,\"height\":106,\"caption\":\"Place Add\"},\"image\":{\"@id\":\"https:\/\/place-add.nl\/de\/#\/schema\/logo\/image\/\"},\"sameAs\":[\"https:\/\/www.facebook.com\/PlaceAdd\/\",\"https:\/\/www.instagram.com\/place_add\/\",\"https:\/\/www.youtube.com\/@placeadd\"]}]}<\/script>\n<!-- \/ Yoast SEO Premium plugin. -->","yoast_head_json":{"title":"Airlaid Naperole Royal | Place Add","description":"Unsere Naperole Royal mit den Ma\u00dfen 34 x 40 cm in airlaid bietet eine raffinierte L\u00f6sung f\u00fcr die Pr\u00e4sentation von Besteck in Wei\u00df und Schwarz.","robots":{"index":"index","follow":"follow","max-snippet":"max-snippet:-1","max-image-preview":"max-image-preview:large","max-video-preview":"max-video-preview:-1"},"canonical":"https:\/\/place-add.nl\/de\/produkt\/naperole-royal\/","og_locale":"de_DE","og_type":"article","og_title":"Naperole Royal","og_description":"Unsere Naperole Royal mit den Ma\u00dfen 34 x 40 cm in airlaid bietet eine raffinierte L\u00f6sung f\u00fcr die Pr\u00e4sentation von Besteck in Wei\u00df und Schwarz.","og_url":"https:\/\/place-add.nl\/de\/produkt\/naperole-royal\/","og_site_name":"Place Add","article_publisher":"https:\/\/www.facebook.com\/PlaceAdd\/","article_modified_time":"2025-08-12T14:19:48+00:00","og_image":[{"width":1000,"height":1000,"url":"https:\/\/place-add.nl\/wp-content\/uploads\/2024\/06\/Bedrukt_Royal_Naperol_place-add_2-scaled.jpg","type":"image\/jpeg"}],"twitter_card":"summary_large_image","twitter_misc":{"Gesch\u00e4tzte Lesezeit":"2\u00a0Minuten"},"schema":{"@context":"https:\/\/schema.org","@graph":[{"@type":"WebPage","@id":"https:\/\/place-add.nl\/de\/produkt\/naperole-royal\/","url":"https:\/\/place-add.nl\/de\/produkt\/naperole-royal\/","name":"Airlaid Naperole Royal | Place Add","isPartOf":{"@id":"https:\/\/place-add.nl\/de\/#website"},"primaryImageOfPage":{"@id":"https:\/\/place-add.nl\/de\/produkt\/naperole-royal\/#primaryimage"},"image":{"@id":"https:\/\/place-add.nl\/de\/produkt\/naperole-royal\/#primaryimage"},"thumbnailUrl":"https:\/\/place-add.nl\/wp-content\/uploads\/2024\/06\/Bedrukt_Royal_Naperol_place-add_2-scaled.jpg","datePublished":"2024-06-17T18:11:47+00:00","dateModified":"2025-08-12T14:19:48+00:00","description":"Unsere Naperole Royal mit den Ma\u00dfen 34 x 40 cm in airlaid bietet eine raffinierte L\u00f6sung f\u00fcr die Pr\u00e4sentation von Besteck in Wei\u00df und Schwarz.","breadcrumb":{"@id":"https:\/\/place-add.nl\/de\/produkt\/naperole-royal\/#breadcrumb"},"inLanguage":"de","potentialAction":[{"@type":"ReadAction","target":["https:\/\/place-add.nl\/de\/produkt\/naperole-royal\/"]}]},{"@type":"ImageObject","inLanguage":"de","@id":"https:\/\/place-add.nl\/de\/produkt\/naperole-royal\/#primaryimage","url":"https:\/\/place-add.nl\/wp-content\/uploads\/2024\/06\/Bedrukt_Royal_Naperol_place-add_2-scaled.jpg","contentUrl":"https:\/\/place-add.nl\/wp-content\/uploads\/2024\/06\/Bedrukt_Royal_Naperol_place-add_2-scaled.jpg","width":1000,"height":1000,"caption":"Naperole Royal"},{"@type":"BreadcrumbList","@id":"https:\/\/place-add.nl\/de\/produkt\/naperole-royal\/#breadcrumb","itemListElement":[{"@type":"ListItem","position":1,"name":"Home","item":"https:\/\/place-add.nl\/de\/home\/"},{"@type":"ListItem","position":2,"name":"Shop","item":"https:\/\/place-add.nl\/de\/shop\/"},{"@type":"ListItem","position":3,"name":"Naperole Royal"}]},{"@type":"WebSite","@id":"https:\/\/place-add.nl\/de\/#website","url":"https:\/\/place-add.nl\/de\/","name":"Place Add","description":"Tafelkleding voor de horeca","publisher":{"@id":"https:\/\/place-add.nl\/de\/#organization"},"potentialAction":[{"@type":"SearchAction","target":{"@type":"EntryPoint","urlTemplate":"https:\/\/place-add.nl\/de\/?s={search_term_string}"},"query-input":{"@type":"PropertyValueSpecification","valueRequired":true,"valueName":"search_term_string"}}],"inLanguage":"de"},{"@type":"Organization","@id":"https:\/\/place-add.nl\/de\/#organization","name":"Place Add","url":"https:\/\/place-add.nl\/de\/","logo":{"@type":"ImageObject","inLanguage":"de","@id":"https:\/\/place-add.nl\/de\/#\/schema\/logo\/image\/","url":"https:\/\/place-add.nl\/wp-content\/uploads\/2023\/11\/logo-img-place-add.png","contentUrl":"https:\/\/place-add.nl\/wp-content\/uploads\/2023\/11\/logo-img-place-add.png","width":404,"height":106,"caption":"Place Add"},"image":{"@id":"https:\/\/place-add.nl\/de\/#\/schema\/logo\/image\/"},"sameAs":["https:\/\/www.facebook.com\/PlaceAdd\/","https:\/\/www.instagram.com\/place_add\/","https:\/\/www.youtube.com\/@placeadd"]}]}},"_links":{"self":[{"href":"https:\/\/place-add.nl\/de\/wp-json\/wp\/v2\/product\/42984","targetHints":{"allow":["GET"]}}],"collection":[{"href":"https:\/\/place-add.nl\/de\/wp-json\/wp\/v2\/product"}],"about":[{"href":"https:\/\/place-add.nl\/de\/wp-json\/wp\/v2\/types\/product"}],"wp:featuredmedia":[{"embeddable":true,"href":"https:\/\/place-add.nl\/de\/wp-json\/wp\/v2\/media\/40739"}],"wp:attachment":[{"href":"https:\/\/place-add.nl\/de\/wp-json\/wp\/v2\/media?parent=42984"}],"wp:term":[{"taxonomy":"product_brand","embeddable":true,"href":"https:\/\/place-add.nl\/de\/wp-json\/wp\/v2\/product_brand?post=42984"},{"taxonomy":"product_cat","embeddable":true,"href":"https:\/\/place-add.nl\/de\/wp-json\/wp\/v2\/product_cat?post=42984"},{"taxonomy":"product_tag","embeddable":true,"href":"https:\/\/place-add.nl\/de\/wp-json\/wp\/v2\/product_tag?post=42984"}],"curies":[{"name":"wp","href":"https:\/\/api.w.org\/{rel}","templated":true}]}}