{"id":42992,"date":"2024-06-17T18:11:04","date_gmt":"2024-06-17T18:11:04","guid":{"rendered":"https:\/\/place-add.nl\/product\/naperole-classic\/"},"modified":"2025-06-30T11:55:56","modified_gmt":"2025-06-30T11:55:56","slug":"naperole-classic","status":"publish","type":"product","link":"https:\/\/place-add.nl\/de\/produkt\/naperole-classic\/","title":{"rendered":"Naperole Classic"},"content":{"rendered":"<p>Unsere <strong>Naperole Classic<\/strong>, fr\u00fcher bekannt als <strong>Airlaid Wrap<\/strong>, ist die perfekte Alternative zur traditionellen Bestecktasche. Mit einer Gr\u00f6\u00dfe von <strong>33 x 40 cm<\/strong> bietet diese Serviette einen eleganten und geradlinigen Einsatz f\u00fcr Besteck, der das Besteck gut sichtbar macht und eine saubere und professionelle Pr\u00e4sentation gew\u00e4hrleistet. Erh\u00e4ltlich in den klassischen Farben <strong>Wei\u00df<\/strong> und<strong> Schwarz<\/strong>, ist die Naperole Classic eine stilvolle und praktische Erg\u00e4nzung f\u00fcr jeden gedeckten Tisch, ideal f\u00fcr informelle und formelle Anl\u00e4sse.<\/p>\n<p>Die <strong>Papierumh\u00fcllung<\/strong> besteht aus <strong>leicht gl\u00e4nzendem 170gr. SILK MC<\/strong> <strong>oder 170gr. mattes HVO-Papier<\/strong>, das einen robusten und luxuri\u00f6sen Look bietet. Das hochwertige Papier h\u00e4lt das Besteck sicher an seinem Platz und sorgt f\u00fcr eine saubere Pr\u00e4sentation. Au\u00dferdem kann die Naperole Classic sowohl auf der Vorder- als auch auf der R\u00fcckseite vollfarbig bedruckt werden, so dass Sie die Serviette vollst\u00e4ndig personalisieren und Ihre Marke oder Botschaft hervorheben k\u00f6nnen.<\/p>\n<p><strong>Warum Sie sich f\u00fcr Naperole Classic entscheiden sollten:<\/strong><\/p>\n<ul>\n<li><strong>Schnelle Lieferung:<\/strong> Die bedruckte Version mit Ihrem eigenen Aufdruck ist superschnell verf\u00fcgbar und kann innerhalb von 3 bis 4 Wochen (teilweise) geliefert werden.<\/li>\n<li><strong>Hochwertiger Umschlag:<\/strong> Der Umschlag oder die Banderole besteht aus hochwertigem 170-Gramm-Papier und kann sowohl auf der Vorder- als auch auf der R\u00fcckseite vollfarbig bedruckt werden.<\/li>\n<li><strong>Luxuri\u00f6se Airlaid-Serviette:<\/strong> Die Airlaid-Serviette selbst ist von luxuri\u00f6ser Qualit\u00e4t und f\u00fchlt sich an wie Leinen, was sie sowohl elegant als auch funktional macht.<\/li>\n<\/ul>\n<p>Mit ihrem luxuri\u00f6sen Aussehen und ihrem praktischen Design ist die Naperole Classic die ideale Wahl f\u00fcr Gastronomiebetriebe, die sowohl Stil als auch Funktionalit\u00e4t f\u00fcr ihren gedeckten Tisch w\u00fcnschen.<\/p>\n<p>Die <strong>Naperole Classic<\/strong> passt perfekt in unseren <a href=\"https:\/\/place-add.nl\/de\/produkt\/hoelzerner-serviettenhalter\/\"><strong>h\u00f6lzernen Naperole-Halter<\/strong><\/a> f\u00fcr eine stilvolle und praktische Pr\u00e4sentation!<\/p>\n<p><strong>Bestellen Sie Ihre \u00f3nbedruckte Version hier oder \u00fcber unsere 2. Website <a href=\"https:\/\/www.craftontable.com\/collections\">Craft On Table<\/a>.<\/strong><\/p>\n<p><strong>Ben\u00f6tigen Sie eine pers\u00f6nliche Beratung bei der Auswahl der richtigen Servietten f\u00fcr Ihren Anlass?<\/strong> Dann z\u00f6gern Sie nicht, uns zu <strong><a href=\"https:\/\/place-add.nl\/de\/kontakt\/\">kontaktieren<\/a><\/strong>. Unser engagiertes Team hilft Ihnen gerne, die perfekte Wahl f\u00fcr Ihre speziellen Bed\u00fcrfnisse zu treffen.<\/p>\n<p><button id=\"knop-contact-opnemen-overige-producten-de\">Kontaktieren Sie uns unverbindlich<\/button><\/p>\n","protected":false},"excerpt":{"rendered":"<p>Unsere <strong>Naperole Classic<\/strong>, fr\u00fcher bekannt als Airlaid Wrap, ist die perfekte Alternative zur bekannten Besteckpochette. <strong>Mit einer Gr\u00f6\u00dfe von 33 x 40 cm<\/strong> bietet diese Serviette eine sch\u00f6ne, gerade Einsteckm\u00f6glichkeit f\u00fcr Besteck, so dass es gut sichtbar bleibt. Erh\u00e4ltlich in Wei\u00df und Schwarz, ist die Naperole Classic eine stilvolle und praktische Erg\u00e4nzung f\u00fcr jeden gedeckten Tisch.<\/p>\n<p>Die <strong>Papierumh\u00fcllung aus leicht gl\u00e4nzendem 170gr. SILK MC oder 170gr. mattes HVO-Papier<\/strong> sorgt daf\u00fcr, dass das Besteck sch\u00f6n in der Serviette bleibt. Das hochwertige Papier, das sowohl auf der Vorder- als auch auf der R\u00fcckseite mit einem vollfarbigen Druck versehen werden kann, verleiht der Serviette ein luxuri\u00f6ses Aussehen.<\/p>\n<p>Die Lieferzeit betr\u00e4gt 4 bis 5 Wochen.<\/p>\n<p><strong>Preise ohne Versandkosten. Diese sind (noch) nicht in den Preisen enthalten.<\/strong><\/p>\n<p><a class=\"button-custom-product\" href=\"https:\/\/place-add.nl\/wp-content\/uploads\/2025\/06\/PA-prijslijst-Naperole-duits.pdf\" target=\"_blank\" rel=\"noopener\">Gehen Sie zu den Preisen<\/a><button id=\"knop-contact-opnemen-overige-producten-de\">Kontaktieren Sie uns unverbindlich<\/button><\/p>\n<p>&nbsp;<\/p>\n","protected":false},"featured_media":40559,"template":"","meta":[],"product_brand":[],"product_cat":[1418],"product_tag":[1239,1135,1134,1136,1188,1159,1356,1385],"class_list":{"0":"post-42992","1":"product","2":"type-product","3":"status-publish","4":"has-post-thumbnail","6":"product_cat-airlaid-mit-banderole-de","7":"product_tag-airlaid-bestecktasche","8":"product_tag-airlaid-bestecktaschen","9":"product_tag-airlaid-servietten","10":"product_tag-airlaid-serviette-mit-wickelung","11":"product_tag-besteckfalz-servietten","12":"product_tag-naperole-classic-mit-airlaid-serviette","13":"product_tag-schwarze-airlaid-servietten","14":"product_tag-weise-airlaid-servietten","16":"first","17":"instock","18":"taxable","19":"shipping-taxable","20":"product-type-simple"},"yoast_head":"<!-- This site is optimized with the Yoast SEO Premium plugin v27.2 (Yoast SEO v27.2) - https:\/\/yoast.com\/product\/yoast-seo-premium-wordpress\/ -->\n<title>Naperole Classic | Place Add | F\u00fcr die Gastronomie<\/title>\n<meta name=\"description\" content=\"Airlais serviette met Banderole, unsere Naperole Classic eine stilvolle L\u00f6sung f\u00fcr die Pr\u00e4sentation von Besteck in Wei\u00df und Schwarz.\" \/>\n<meta name=\"robots\" content=\"index, follow, max-snippet:-1, max-image-preview:large, max-video-preview:-1\" \/>\n<link rel=\"canonical\" href=\"https:\/\/place-add.nl\/de\/produkt\/naperole-classic\/\" \/>\n<meta property=\"og:locale\" content=\"de_DE\" \/>\n<meta property=\"og:type\" content=\"article\" \/>\n<meta property=\"og:title\" content=\"Naperole Classic\" \/>\n<meta property=\"og:description\" content=\"Airlais serviette met Banderole, unsere Naperole Classic eine stilvolle L\u00f6sung f\u00fcr die Pr\u00e4sentation von Besteck in Wei\u00df und Schwarz.\" \/>\n<meta property=\"og:url\" content=\"https:\/\/place-add.nl\/de\/produkt\/naperole-classic\/\" \/>\n<meta property=\"og:site_name\" content=\"Place Add\" \/>\n<meta property=\"article:publisher\" content=\"https:\/\/www.facebook.com\/PlaceAdd\/\" \/>\n<meta property=\"article:modified_time\" content=\"2025-06-30T11:55:56+00:00\" \/>\n<meta property=\"og:image\" content=\"https:\/\/place-add.nl\/wp-content\/uploads\/2024\/06\/Bedrukt_Classic_Naperole_Place_add_2-scaled.jpg\" \/>\n\t<meta property=\"og:image:width\" content=\"1000\" \/>\n\t<meta property=\"og:image:height\" content=\"1000\" \/>\n\t<meta property=\"og:image:type\" content=\"image\/jpeg\" \/>\n<meta name=\"twitter:card\" content=\"summary_large_image\" \/>\n<meta name=\"twitter:label1\" content=\"Gesch\u00e4tzte Lesezeit\" \/>\n\t<meta name=\"twitter:data1\" content=\"2\u00a0Minuten\" \/>\n<script type=\"application\/ld+json\" class=\"yoast-schema-graph\">{\"@context\":\"https:\/\/schema.org\",\"@graph\":[{\"@type\":\"WebPage\",\"@id\":\"https:\/\/place-add.nl\/de\/produkt\/naperole-classic\/\",\"url\":\"https:\/\/place-add.nl\/de\/produkt\/naperole-classic\/\",\"name\":\"Naperole Classic | Place Add | F\u00fcr die Gastronomie\",\"isPartOf\":{\"@id\":\"https:\/\/place-add.nl\/de\/#website\"},\"primaryImageOfPage\":{\"@id\":\"https:\/\/place-add.nl\/de\/produkt\/naperole-classic\/#primaryimage\"},\"image\":{\"@id\":\"https:\/\/place-add.nl\/de\/produkt\/naperole-classic\/#primaryimage\"},\"thumbnailUrl\":\"https:\/\/place-add.nl\/wp-content\/uploads\/2024\/06\/Bedrukt_Classic_Naperole_Place_add_2-scaled.jpg\",\"datePublished\":\"2024-06-17T18:11:04+00:00\",\"dateModified\":\"2025-06-30T11:55:56+00:00\",\"description\":\"Airlais serviette met Banderole, unsere Naperole Classic eine stilvolle L\u00f6sung f\u00fcr die Pr\u00e4sentation von Besteck in Wei\u00df und Schwarz.\",\"breadcrumb\":{\"@id\":\"https:\/\/place-add.nl\/de\/produkt\/naperole-classic\/#breadcrumb\"},\"inLanguage\":\"de\",\"potentialAction\":[{\"@type\":\"ReadAction\",\"target\":[\"https:\/\/place-add.nl\/de\/produkt\/naperole-classic\/\"]}]},{\"@type\":\"ImageObject\",\"inLanguage\":\"de\",\"@id\":\"https:\/\/place-add.nl\/de\/produkt\/naperole-classic\/#primaryimage\",\"url\":\"https:\/\/place-add.nl\/wp-content\/uploads\/2024\/06\/Bedrukt_Classic_Naperole_Place_add_2-scaled.jpg\",\"contentUrl\":\"https:\/\/place-add.nl\/wp-content\/uploads\/2024\/06\/Bedrukt_Classic_Naperole_Place_add_2-scaled.jpg\",\"width\":1000,\"height\":1000,\"caption\":\"Naperole Classic\"},{\"@type\":\"BreadcrumbList\",\"@id\":\"https:\/\/place-add.nl\/de\/produkt\/naperole-classic\/#breadcrumb\",\"itemListElement\":[{\"@type\":\"ListItem\",\"position\":1,\"name\":\"Home\",\"item\":\"https:\/\/place-add.nl\/de\/home\/\"},{\"@type\":\"ListItem\",\"position\":2,\"name\":\"Shop\",\"item\":\"https:\/\/place-add.nl\/de\/shop\/\"},{\"@type\":\"ListItem\",\"position\":3,\"name\":\"Naperole Classic\"}]},{\"@type\":\"WebSite\",\"@id\":\"https:\/\/place-add.nl\/de\/#website\",\"url\":\"https:\/\/place-add.nl\/de\/\",\"name\":\"Place Add\",\"description\":\"Tafelkleding voor de horeca\",\"publisher\":{\"@id\":\"https:\/\/place-add.nl\/de\/#organization\"},\"potentialAction\":[{\"@type\":\"SearchAction\",\"target\":{\"@type\":\"EntryPoint\",\"urlTemplate\":\"https:\/\/place-add.nl\/de\/?s={search_term_string}\"},\"query-input\":{\"@type\":\"PropertyValueSpecification\",\"valueRequired\":true,\"valueName\":\"search_term_string\"}}],\"inLanguage\":\"de\"},{\"@type\":\"Organization\",\"@id\":\"https:\/\/place-add.nl\/de\/#organization\",\"name\":\"Place Add\",\"url\":\"https:\/\/place-add.nl\/de\/\",\"logo\":{\"@type\":\"ImageObject\",\"inLanguage\":\"de\",\"@id\":\"https:\/\/place-add.nl\/de\/#\/schema\/logo\/image\/\",\"url\":\"https:\/\/place-add.nl\/wp-content\/uploads\/2023\/11\/logo-img-place-add.png\",\"contentUrl\":\"https:\/\/place-add.nl\/wp-content\/uploads\/2023\/11\/logo-img-place-add.png\",\"width\":404,\"height\":106,\"caption\":\"Place Add\"},\"image\":{\"@id\":\"https:\/\/place-add.nl\/de\/#\/schema\/logo\/image\/\"},\"sameAs\":[\"https:\/\/www.facebook.com\/PlaceAdd\/\",\"https:\/\/www.instagram.com\/place_add\/\",\"https:\/\/www.youtube.com\/@placeadd\"]}]}<\/script>\n<!-- \/ Yoast SEO Premium plugin. -->","yoast_head_json":{"title":"Naperole Classic | Place Add | F\u00fcr die Gastronomie","description":"Airlais serviette met Banderole, unsere Naperole Classic eine stilvolle L\u00f6sung f\u00fcr die Pr\u00e4sentation von Besteck in Wei\u00df und Schwarz.","robots":{"index":"index","follow":"follow","max-snippet":"max-snippet:-1","max-image-preview":"max-image-preview:large","max-video-preview":"max-video-preview:-1"},"canonical":"https:\/\/place-add.nl\/de\/produkt\/naperole-classic\/","og_locale":"de_DE","og_type":"article","og_title":"Naperole Classic","og_description":"Airlais serviette met Banderole, unsere Naperole Classic eine stilvolle L\u00f6sung f\u00fcr die Pr\u00e4sentation von Besteck in Wei\u00df und Schwarz.","og_url":"https:\/\/place-add.nl\/de\/produkt\/naperole-classic\/","og_site_name":"Place Add","article_publisher":"https:\/\/www.facebook.com\/PlaceAdd\/","article_modified_time":"2025-06-30T11:55:56+00:00","og_image":[{"width":1000,"height":1000,"url":"https:\/\/place-add.nl\/wp-content\/uploads\/2024\/06\/Bedrukt_Classic_Naperole_Place_add_2-scaled.jpg","type":"image\/jpeg"}],"twitter_card":"summary_large_image","twitter_misc":{"Gesch\u00e4tzte Lesezeit":"2\u00a0Minuten"},"schema":{"@context":"https:\/\/schema.org","@graph":[{"@type":"WebPage","@id":"https:\/\/place-add.nl\/de\/produkt\/naperole-classic\/","url":"https:\/\/place-add.nl\/de\/produkt\/naperole-classic\/","name":"Naperole Classic | Place Add | F\u00fcr die Gastronomie","isPartOf":{"@id":"https:\/\/place-add.nl\/de\/#website"},"primaryImageOfPage":{"@id":"https:\/\/place-add.nl\/de\/produkt\/naperole-classic\/#primaryimage"},"image":{"@id":"https:\/\/place-add.nl\/de\/produkt\/naperole-classic\/#primaryimage"},"thumbnailUrl":"https:\/\/place-add.nl\/wp-content\/uploads\/2024\/06\/Bedrukt_Classic_Naperole_Place_add_2-scaled.jpg","datePublished":"2024-06-17T18:11:04+00:00","dateModified":"2025-06-30T11:55:56+00:00","description":"Airlais serviette met Banderole, unsere Naperole Classic eine stilvolle L\u00f6sung f\u00fcr die Pr\u00e4sentation von Besteck in Wei\u00df und Schwarz.","breadcrumb":{"@id":"https:\/\/place-add.nl\/de\/produkt\/naperole-classic\/#breadcrumb"},"inLanguage":"de","potentialAction":[{"@type":"ReadAction","target":["https:\/\/place-add.nl\/de\/produkt\/naperole-classic\/"]}]},{"@type":"ImageObject","inLanguage":"de","@id":"https:\/\/place-add.nl\/de\/produkt\/naperole-classic\/#primaryimage","url":"https:\/\/place-add.nl\/wp-content\/uploads\/2024\/06\/Bedrukt_Classic_Naperole_Place_add_2-scaled.jpg","contentUrl":"https:\/\/place-add.nl\/wp-content\/uploads\/2024\/06\/Bedrukt_Classic_Naperole_Place_add_2-scaled.jpg","width":1000,"height":1000,"caption":"Naperole Classic"},{"@type":"BreadcrumbList","@id":"https:\/\/place-add.nl\/de\/produkt\/naperole-classic\/#breadcrumb","itemListElement":[{"@type":"ListItem","position":1,"name":"Home","item":"https:\/\/place-add.nl\/de\/home\/"},{"@type":"ListItem","position":2,"name":"Shop","item":"https:\/\/place-add.nl\/de\/shop\/"},{"@type":"ListItem","position":3,"name":"Naperole Classic"}]},{"@type":"WebSite","@id":"https:\/\/place-add.nl\/de\/#website","url":"https:\/\/place-add.nl\/de\/","name":"Place Add","description":"Tafelkleding voor de horeca","publisher":{"@id":"https:\/\/place-add.nl\/de\/#organization"},"potentialAction":[{"@type":"SearchAction","target":{"@type":"EntryPoint","urlTemplate":"https:\/\/place-add.nl\/de\/?s={search_term_string}"},"query-input":{"@type":"PropertyValueSpecification","valueRequired":true,"valueName":"search_term_string"}}],"inLanguage":"de"},{"@type":"Organization","@id":"https:\/\/place-add.nl\/de\/#organization","name":"Place Add","url":"https:\/\/place-add.nl\/de\/","logo":{"@type":"ImageObject","inLanguage":"de","@id":"https:\/\/place-add.nl\/de\/#\/schema\/logo\/image\/","url":"https:\/\/place-add.nl\/wp-content\/uploads\/2023\/11\/logo-img-place-add.png","contentUrl":"https:\/\/place-add.nl\/wp-content\/uploads\/2023\/11\/logo-img-place-add.png","width":404,"height":106,"caption":"Place Add"},"image":{"@id":"https:\/\/place-add.nl\/de\/#\/schema\/logo\/image\/"},"sameAs":["https:\/\/www.facebook.com\/PlaceAdd\/","https:\/\/www.instagram.com\/place_add\/","https:\/\/www.youtube.com\/@placeadd"]}]}},"_links":{"self":[{"href":"https:\/\/place-add.nl\/de\/wp-json\/wp\/v2\/product\/42992","targetHints":{"allow":["GET"]}}],"collection":[{"href":"https:\/\/place-add.nl\/de\/wp-json\/wp\/v2\/product"}],"about":[{"href":"https:\/\/place-add.nl\/de\/wp-json\/wp\/v2\/types\/product"}],"wp:featuredmedia":[{"embeddable":true,"href":"https:\/\/place-add.nl\/de\/wp-json\/wp\/v2\/media\/40559"}],"wp:attachment":[{"href":"https:\/\/place-add.nl\/de\/wp-json\/wp\/v2\/media?parent=42992"}],"wp:term":[{"taxonomy":"product_brand","embeddable":true,"href":"https:\/\/place-add.nl\/de\/wp-json\/wp\/v2\/product_brand?post=42992"},{"taxonomy":"product_cat","embeddable":true,"href":"https:\/\/place-add.nl\/de\/wp-json\/wp\/v2\/product_cat?post=42992"},{"taxonomy":"product_tag","embeddable":true,"href":"https:\/\/place-add.nl\/de\/wp-json\/wp\/v2\/product_tag?post=42992"}],"curies":[{"name":"wp","href":"https:\/\/api.w.org\/{rel}","templated":true}]}}