{"id":42998,"date":"2024-06-17T17:34:07","date_gmt":"2024-06-17T17:34:07","guid":{"rendered":"https:\/\/place-add.nl\/product\/gekleurde-2-laags-celstof-servetten-bedrukt\/"},"modified":"2025-06-30T12:01:42","modified_gmt":"2025-06-30T12:01:42","slug":"farbe-2-lagig-bedruckt","status":"publish","type":"product","link":"https:\/\/place-add.nl\/de\/produkt\/farbe-2-lagig-bedruckt\/","title":{"rendered":"FARBE, 2-lagig Bedruckt"},"content":{"rendered":"<p><strong>Farbige 2-lagige bedruckte Zellstoffservietten<\/strong> sind eine vielseitige und preiswerte Wahl f\u00fcr jeden Anlass. Diese farbigen Servietten bieten eine einfache und stilvolle M\u00f6glichkeit, Ihr eigenes Logo oder Design hervorzuheben. Dank des farbigen Hintergrunds kommen die Druckfarben leuchtend und kr\u00e4ftig zur Geltung und sorgen f\u00fcr einen optisch ansprechenden Effekt auf dem Tisch. Die Servietten k\u00f6nnen in 1 bis 4 Pantone-Farben bedruckt werden, um Ihre Corporate Identity perfekt widerzuspiegeln.<\/p>\n<p>Unsere <strong>bedruckten farbigen 2-lagigen Zellstoffservietten<\/strong> sind in verschiedenen Gr\u00f6\u00dfen erh\u00e4ltlich, die f\u00fcr unterschiedliche Anwendungen und Anl\u00e4sse geeignet sind:<\/p>\n<ul>\n<li><strong>24\u00d724 cm:<\/strong> 1\/4-fache Faltung &#8211; Ideal f\u00fcr Getr\u00e4nke und kleine Snacks.<\/li>\n<li><strong>33\u00d733 cm:<\/strong> 1\/4tel- oder 1\/8tel-Faltung &#8211; Ein vielseitiges Format, geeignet f\u00fcr Mittagessen, Buffets und Empf\u00e4nge.<\/li>\n<li><strong> 40\u00d740 cm:<\/strong> 1\/4tel oder 1\/8tel gefaltet &#8211; Perfekt f\u00fcr Abendessen und formelle Anl\u00e4sse.<\/li>\n<\/ul>\n<p>Entwerfen Sie Ihr eigenes Design und bestellen Sie Ihre personalisierten Servietten ganz einfach \u00fcber unseren <strong><a href=\"https:\/\/place-add.nl\/airlaid-configurator\/\">Serviettenkonfigurator<\/a><\/strong>. Sehen Sie sich alle Staffelpreise an und bestellen Sie jetzt \u00fcber die Schaltfl\u00e4che unten.<\/p>\n<p>Sie ben\u00f6tigen kurzfristig Servietten? Bestellen Sie Ihre unbedruckten Servietten auf unserer 2. Website <strong><a href=\"https:\/\/www.craftontable.com\/collections\">Craft On Table<\/a><\/strong>!<\/p>\n<p><strong>Ben\u00f6tigen Sie eine pers\u00f6nliche Beratung bei der Auswahl der richtigen Servietten f\u00fcr Ihren Anlass?<\/strong> Dann z\u00f6gern Sie nicht, uns zu <strong><a href=\"https:\/\/place-add.nl\/de\/kontakt\/\">kontaktieren<\/a><\/strong>. Unser engagiertes Team hilft Ihnen gerne, die perfekte Wahl f\u00fcr Ihre speziellen Bed\u00fcrfnisse zu treffen.<\/p>\n<p><button id=\"knop-contact-opnemen-overige-producten-de\">Kontaktieren Sie uns unverbindlich<\/button><\/p>\n","protected":false},"excerpt":{"rendered":"<p>Das <strong>2-lagige Zellstoffserviette in verschiedenen Farben<\/strong> kann \u00fcberall serviert werden! Diese farbigen Zellstoffservietten sind eine sehr erschwingliche Option, um Ihr eigenes Logo auf Ihrem Serviette zu platzieren. Durch den farbigen Hintergrund kommen die Druckfarben kraftvoll zur Geltung. <strong>Das Serviette kann in 1 bis 4 Pantone-Farben bedruckt werden.<\/strong><\/p>\n<p><strong>Erh\u00e4ltlich in den folgenden Gr\u00f6\u00dfen:<\/strong><\/p>\n<ul>\n<li><strong>24 x 24 cm:<\/strong> 1\/4-Faltung<\/li>\n<li><strong>33 x 33 cm:<\/strong> 1\/4-Faltung oder 1\/8-Faltung<\/li>\n<li><strong>40 x 40 cm:<\/strong> 1\/4-Faltung oder 1\/8-Faltung<\/li>\n<\/ul>\n<p>Die Lieferzeit betr\u00e4gt 5 bis 7 Wochen.<\/p>\n<p><strong>Stellen Sie Ihr eigenes Design zusammen und bestellen Sie Ihre Servietten direkt \u00fcber unseren Servietten-Konfigurator, indem Sie auf die folgende Schaltfl\u00e4che klicken.<\/strong><\/p>\n<p><strong>Preise ohne Versandkosten. Diese sind (noch) nicht in den Preisen enthalten.<\/strong><\/p>\n<p><a class=\"button-custom-product\" href=\"https:\/\/place-add.nl\/wp-content\/uploads\/2025\/06\/PA-prijslijst-2-laags-kleur-duits.pdf\" target=\"_blank\" rel=\"noopener\">Gehen Sie zu den Preisen<\/a> <button id=\"knop-contact-opnemen-overige-producten-de\">Kontaktieren Sie uns unverbindlich<\/button><\/p>\n","protected":false},"featured_media":40720,"template":"","meta":[],"product_brand":[],"product_cat":[1419],"product_tag":[1115,1114,1359,1281,1258],"class_list":{"0":"post-42998","1":"product","2":"type-product","3":"status-publish","4":"has-post-thumbnail","6":"product_cat-zellstoff-bedruckt-de","7":"product_tag-2-lagige-servietten","8":"product_tag-2-lagige-zellstoff-servietten","9":"product_tag-farbige-servietten","10":"product_tag-farbige-zellstoffservietten","11":"product_tag-zellstoffservietten","13":"first","14":"instock","15":"taxable","16":"shipping-taxable","17":"product-type-simple"},"yoast_head":"<!-- This site is optimized with the Yoast SEO Premium plugin v27.2 (Yoast SEO v27.2) - https:\/\/yoast.com\/product\/yoast-seo-premium-wordpress\/ -->\n<title>FARBE 2-lagig Bedruckt| Place Add<\/title>\n<meta name=\"description\" content=\"Entdecken Sie unsere beliebten farbigen 2-lagigen Zellstoffservietten, bedruckt in 1-4 Pantone-Farben. Gr\u00f6\u00dfen: 24x24 cm, 33x33 cm, 40x40 cm.\" \/>\n<meta name=\"robots\" content=\"index, follow, max-snippet:-1, max-image-preview:large, max-video-preview:-1\" \/>\n<link rel=\"canonical\" href=\"https:\/\/place-add.nl\/de\/produkt\/farbe-2-lagig-bedruckt\/\" \/>\n<meta property=\"og:locale\" content=\"de_DE\" \/>\n<meta property=\"og:type\" content=\"article\" \/>\n<meta property=\"og:title\" content=\"FARBE, 2-lagig Bedruckt\" \/>\n<meta property=\"og:description\" content=\"Entdecken Sie unsere beliebten farbigen 2-lagigen Zellstoffservietten, bedruckt in 1-4 Pantone-Farben. Gr\u00f6\u00dfen: 24x24 cm, 33x33 cm, 40x40 cm.\" \/>\n<meta property=\"og:url\" content=\"https:\/\/place-add.nl\/de\/produkt\/farbe-2-lagig-bedruckt\/\" \/>\n<meta property=\"og:site_name\" content=\"Place Add\" \/>\n<meta property=\"article:publisher\" content=\"https:\/\/www.facebook.com\/PlaceAdd\/\" \/>\n<meta property=\"article:modified_time\" content=\"2025-06-30T12:01:42+00:00\" \/>\n<meta property=\"og:image\" content=\"https:\/\/place-add.nl\/wp-content\/uploads\/2024\/06\/Bedrukt_KLEUR_2_lagen_Place-add_6-scaled.jpg\" \/>\n\t<meta property=\"og:image:width\" content=\"1000\" \/>\n\t<meta property=\"og:image:height\" content=\"1000\" \/>\n\t<meta property=\"og:image:type\" content=\"image\/jpeg\" \/>\n<meta name=\"twitter:card\" content=\"summary_large_image\" \/>\n<meta name=\"twitter:label1\" content=\"Gesch\u00e4tzte Lesezeit\" \/>\n\t<meta name=\"twitter:data1\" content=\"2\u00a0Minuten\" \/>\n<script type=\"application\/ld+json\" class=\"yoast-schema-graph\">{\"@context\":\"https:\/\/schema.org\",\"@graph\":[{\"@type\":\"WebPage\",\"@id\":\"https:\/\/place-add.nl\/de\/produkt\/farbe-2-lagig-bedruckt\/\",\"url\":\"https:\/\/place-add.nl\/de\/produkt\/farbe-2-lagig-bedruckt\/\",\"name\":\"FARBE 2-lagig Bedruckt| Place Add\",\"isPartOf\":{\"@id\":\"https:\/\/place-add.nl\/de\/#website\"},\"primaryImageOfPage\":{\"@id\":\"https:\/\/place-add.nl\/de\/produkt\/farbe-2-lagig-bedruckt\/#primaryimage\"},\"image\":{\"@id\":\"https:\/\/place-add.nl\/de\/produkt\/farbe-2-lagig-bedruckt\/#primaryimage\"},\"thumbnailUrl\":\"https:\/\/place-add.nl\/wp-content\/uploads\/2024\/06\/Bedrukt_KLEUR_2_lagen_Place-add_6-scaled.jpg\",\"datePublished\":\"2024-06-17T17:34:07+00:00\",\"dateModified\":\"2025-06-30T12:01:42+00:00\",\"description\":\"Entdecken Sie unsere beliebten farbigen 2-lagigen Zellstoffservietten, bedruckt in 1-4 Pantone-Farben. Gr\u00f6\u00dfen: 24x24 cm, 33x33 cm, 40x40 cm.\",\"breadcrumb\":{\"@id\":\"https:\/\/place-add.nl\/de\/produkt\/farbe-2-lagig-bedruckt\/#breadcrumb\"},\"inLanguage\":\"de\",\"potentialAction\":[{\"@type\":\"ReadAction\",\"target\":[\"https:\/\/place-add.nl\/de\/produkt\/farbe-2-lagig-bedruckt\/\"]}]},{\"@type\":\"ImageObject\",\"inLanguage\":\"de\",\"@id\":\"https:\/\/place-add.nl\/de\/produkt\/farbe-2-lagig-bedruckt\/#primaryimage\",\"url\":\"https:\/\/place-add.nl\/wp-content\/uploads\/2024\/06\/Bedrukt_KLEUR_2_lagen_Place-add_6-scaled.jpg\",\"contentUrl\":\"https:\/\/place-add.nl\/wp-content\/uploads\/2024\/06\/Bedrukt_KLEUR_2_lagen_Place-add_6-scaled.jpg\",\"width\":1000,\"height\":1000,\"caption\":\"gekleurde 2-laags celstof servetten bedrukt\"},{\"@type\":\"BreadcrumbList\",\"@id\":\"https:\/\/place-add.nl\/de\/produkt\/farbe-2-lagig-bedruckt\/#breadcrumb\",\"itemListElement\":[{\"@type\":\"ListItem\",\"position\":1,\"name\":\"Home\",\"item\":\"https:\/\/place-add.nl\/de\/home\/\"},{\"@type\":\"ListItem\",\"position\":2,\"name\":\"Shop\",\"item\":\"https:\/\/place-add.nl\/de\/shop\/\"},{\"@type\":\"ListItem\",\"position\":3,\"name\":\"FARBE, 2-lagig Bedruckt\"}]},{\"@type\":\"WebSite\",\"@id\":\"https:\/\/place-add.nl\/de\/#website\",\"url\":\"https:\/\/place-add.nl\/de\/\",\"name\":\"Place Add\",\"description\":\"Tafelkleding voor de horeca\",\"publisher\":{\"@id\":\"https:\/\/place-add.nl\/de\/#organization\"},\"potentialAction\":[{\"@type\":\"SearchAction\",\"target\":{\"@type\":\"EntryPoint\",\"urlTemplate\":\"https:\/\/place-add.nl\/de\/?s={search_term_string}\"},\"query-input\":{\"@type\":\"PropertyValueSpecification\",\"valueRequired\":true,\"valueName\":\"search_term_string\"}}],\"inLanguage\":\"de\"},{\"@type\":\"Organization\",\"@id\":\"https:\/\/place-add.nl\/de\/#organization\",\"name\":\"Place Add\",\"url\":\"https:\/\/place-add.nl\/de\/\",\"logo\":{\"@type\":\"ImageObject\",\"inLanguage\":\"de\",\"@id\":\"https:\/\/place-add.nl\/de\/#\/schema\/logo\/image\/\",\"url\":\"https:\/\/place-add.nl\/wp-content\/uploads\/2023\/11\/logo-img-place-add.png\",\"contentUrl\":\"https:\/\/place-add.nl\/wp-content\/uploads\/2023\/11\/logo-img-place-add.png\",\"width\":404,\"height\":106,\"caption\":\"Place Add\"},\"image\":{\"@id\":\"https:\/\/place-add.nl\/de\/#\/schema\/logo\/image\/\"},\"sameAs\":[\"https:\/\/www.facebook.com\/PlaceAdd\/\",\"https:\/\/www.instagram.com\/place_add\/\",\"https:\/\/www.youtube.com\/@placeadd\"]}]}<\/script>\n<!-- \/ Yoast SEO Premium plugin. -->","yoast_head_json":{"title":"FARBE 2-lagig Bedruckt| Place Add","description":"Entdecken Sie unsere beliebten farbigen 2-lagigen Zellstoffservietten, bedruckt in 1-4 Pantone-Farben. Gr\u00f6\u00dfen: 24x24 cm, 33x33 cm, 40x40 cm.","robots":{"index":"index","follow":"follow","max-snippet":"max-snippet:-1","max-image-preview":"max-image-preview:large","max-video-preview":"max-video-preview:-1"},"canonical":"https:\/\/place-add.nl\/de\/produkt\/farbe-2-lagig-bedruckt\/","og_locale":"de_DE","og_type":"article","og_title":"FARBE, 2-lagig Bedruckt","og_description":"Entdecken Sie unsere beliebten farbigen 2-lagigen Zellstoffservietten, bedruckt in 1-4 Pantone-Farben. Gr\u00f6\u00dfen: 24x24 cm, 33x33 cm, 40x40 cm.","og_url":"https:\/\/place-add.nl\/de\/produkt\/farbe-2-lagig-bedruckt\/","og_site_name":"Place Add","article_publisher":"https:\/\/www.facebook.com\/PlaceAdd\/","article_modified_time":"2025-06-30T12:01:42+00:00","og_image":[{"width":1000,"height":1000,"url":"https:\/\/place-add.nl\/wp-content\/uploads\/2024\/06\/Bedrukt_KLEUR_2_lagen_Place-add_6-scaled.jpg","type":"image\/jpeg"}],"twitter_card":"summary_large_image","twitter_misc":{"Gesch\u00e4tzte Lesezeit":"2\u00a0Minuten"},"schema":{"@context":"https:\/\/schema.org","@graph":[{"@type":"WebPage","@id":"https:\/\/place-add.nl\/de\/produkt\/farbe-2-lagig-bedruckt\/","url":"https:\/\/place-add.nl\/de\/produkt\/farbe-2-lagig-bedruckt\/","name":"FARBE 2-lagig Bedruckt| Place Add","isPartOf":{"@id":"https:\/\/place-add.nl\/de\/#website"},"primaryImageOfPage":{"@id":"https:\/\/place-add.nl\/de\/produkt\/farbe-2-lagig-bedruckt\/#primaryimage"},"image":{"@id":"https:\/\/place-add.nl\/de\/produkt\/farbe-2-lagig-bedruckt\/#primaryimage"},"thumbnailUrl":"https:\/\/place-add.nl\/wp-content\/uploads\/2024\/06\/Bedrukt_KLEUR_2_lagen_Place-add_6-scaled.jpg","datePublished":"2024-06-17T17:34:07+00:00","dateModified":"2025-06-30T12:01:42+00:00","description":"Entdecken Sie unsere beliebten farbigen 2-lagigen Zellstoffservietten, bedruckt in 1-4 Pantone-Farben. Gr\u00f6\u00dfen: 24x24 cm, 33x33 cm, 40x40 cm.","breadcrumb":{"@id":"https:\/\/place-add.nl\/de\/produkt\/farbe-2-lagig-bedruckt\/#breadcrumb"},"inLanguage":"de","potentialAction":[{"@type":"ReadAction","target":["https:\/\/place-add.nl\/de\/produkt\/farbe-2-lagig-bedruckt\/"]}]},{"@type":"ImageObject","inLanguage":"de","@id":"https:\/\/place-add.nl\/de\/produkt\/farbe-2-lagig-bedruckt\/#primaryimage","url":"https:\/\/place-add.nl\/wp-content\/uploads\/2024\/06\/Bedrukt_KLEUR_2_lagen_Place-add_6-scaled.jpg","contentUrl":"https:\/\/place-add.nl\/wp-content\/uploads\/2024\/06\/Bedrukt_KLEUR_2_lagen_Place-add_6-scaled.jpg","width":1000,"height":1000,"caption":"gekleurde 2-laags celstof servetten bedrukt"},{"@type":"BreadcrumbList","@id":"https:\/\/place-add.nl\/de\/produkt\/farbe-2-lagig-bedruckt\/#breadcrumb","itemListElement":[{"@type":"ListItem","position":1,"name":"Home","item":"https:\/\/place-add.nl\/de\/home\/"},{"@type":"ListItem","position":2,"name":"Shop","item":"https:\/\/place-add.nl\/de\/shop\/"},{"@type":"ListItem","position":3,"name":"FARBE, 2-lagig Bedruckt"}]},{"@type":"WebSite","@id":"https:\/\/place-add.nl\/de\/#website","url":"https:\/\/place-add.nl\/de\/","name":"Place Add","description":"Tafelkleding voor de horeca","publisher":{"@id":"https:\/\/place-add.nl\/de\/#organization"},"potentialAction":[{"@type":"SearchAction","target":{"@type":"EntryPoint","urlTemplate":"https:\/\/place-add.nl\/de\/?s={search_term_string}"},"query-input":{"@type":"PropertyValueSpecification","valueRequired":true,"valueName":"search_term_string"}}],"inLanguage":"de"},{"@type":"Organization","@id":"https:\/\/place-add.nl\/de\/#organization","name":"Place Add","url":"https:\/\/place-add.nl\/de\/","logo":{"@type":"ImageObject","inLanguage":"de","@id":"https:\/\/place-add.nl\/de\/#\/schema\/logo\/image\/","url":"https:\/\/place-add.nl\/wp-content\/uploads\/2023\/11\/logo-img-place-add.png","contentUrl":"https:\/\/place-add.nl\/wp-content\/uploads\/2023\/11\/logo-img-place-add.png","width":404,"height":106,"caption":"Place Add"},"image":{"@id":"https:\/\/place-add.nl\/de\/#\/schema\/logo\/image\/"},"sameAs":["https:\/\/www.facebook.com\/PlaceAdd\/","https:\/\/www.instagram.com\/place_add\/","https:\/\/www.youtube.com\/@placeadd"]}]}},"_links":{"self":[{"href":"https:\/\/place-add.nl\/de\/wp-json\/wp\/v2\/product\/42998","targetHints":{"allow":["GET"]}}],"collection":[{"href":"https:\/\/place-add.nl\/de\/wp-json\/wp\/v2\/product"}],"about":[{"href":"https:\/\/place-add.nl\/de\/wp-json\/wp\/v2\/types\/product"}],"wp:featuredmedia":[{"embeddable":true,"href":"https:\/\/place-add.nl\/de\/wp-json\/wp\/v2\/media\/40720"}],"wp:attachment":[{"href":"https:\/\/place-add.nl\/de\/wp-json\/wp\/v2\/media?parent=42998"}],"wp:term":[{"taxonomy":"product_brand","embeddable":true,"href":"https:\/\/place-add.nl\/de\/wp-json\/wp\/v2\/product_brand?post=42998"},{"taxonomy":"product_cat","embeddable":true,"href":"https:\/\/place-add.nl\/de\/wp-json\/wp\/v2\/product_cat?post=42998"},{"taxonomy":"product_tag","embeddable":true,"href":"https:\/\/place-add.nl\/de\/wp-json\/wp\/v2\/product_tag?post=42998"}],"curies":[{"name":"wp","href":"https:\/\/api.w.org\/{rel}","templated":true}]}}