{"id":43000,"date":"2024-06-17T17:35:20","date_gmt":"2024-06-17T17:35:20","guid":{"rendered":"https:\/\/place-add.nl\/product\/100-eco-2-laags-celstof-servetten-bedrukt\/"},"modified":"2025-07-24T11:05:32","modified_gmt":"2025-07-24T11:05:32","slug":"100-eco-2-lagige-bedruckt-2","status":"publish","type":"product","link":"https:\/\/place-add.nl\/de\/produkt\/100-eco-2-lagige-bedruckt-2\/","title":{"rendered":"ECO, 2-lagig Bedruckt"},"content":{"rendered":"<p>Unsere 100% ECO 2-lagigen Zellstoffservietten mit Druck sind die perfekte umweltfreundliche Wahl f\u00fcr jede Gelegenheit! Diese Serviette besteht aus 100% umweltfreundlichem Zellstoff und bietet eine erschwingliche, nachhaltige M\u00f6glichkeit, Ihr eigenes Logo oder Design drucken zu lassen. Durch den nat\u00fcrlichen braunen Hintergrund kommen die Druckfarben kr\u00e4ftig und klar zur Geltung, wodurch die Serviette nicht nur praktisch, sondern auch ein sch\u00f6nes Werbemittel ist. Die Serviette kann in 1 bis 4 Pantone-Farben bedruckt werden, je nach Ihren W\u00fcnschen.<\/p>\n<p><strong>Die 100% ECO 2-lagigen Zellstoffservietten mit Druck sind in den folgenden Gr\u00f6\u00dfen erh\u00e4ltlich:<\/strong><\/p>\n<ul>\n<li><strong>24 x 24 cm:<\/strong> 1\/4 Falttechnik<\/li>\n<li><strong>33 x 33 cm:<\/strong> 1\/4 Falttechnik oder 1\/8 Falttechnik<\/li>\n<li><strong>40 x 40 cm:<\/strong> 1\/4 Falttechnik oder 1\/8 Falttechnik<\/li>\n<\/ul>\n<p>Die Lieferzeit f\u00fcr diese personalisierte Serviette betr\u00e4gt in der Regel 6 bis 7 Wochen.<\/p>\n<p>Ben\u00f6tigen Sie pers\u00f6nliche Beratung bei der Auswahl der richtigen Servietten f\u00fcr Ihre Veranstaltung? Z\u00f6gern Sie nicht, uns zu kontaktieren. Unser engagiertes Team steht Ihnen gerne zur Verf\u00fcgung, um Ihnen bei der Auswahl der perfekten L\u00f6sung f\u00fcr Ihre speziellen Bed\u00fcrfnisse zu helfen.<\/p>\n<p>Ben\u00f6tigen Sie kurzfristig Servietten? Werfen Sie einen Blick in unseren <strong><a href=\"https:\/\/place-add.nl\/de\/einwegartikel-shop\/\">Disposable Webshop<\/a><\/strong> oder besuchen Sie unsere zweite Website, <strong><a href=\"https:\/\/www.craftontable.com\/collections\">Craftontable.com<\/a><\/strong>, f\u00fcr Servietten ohne Druck, aber mit k\u00fcrzerer Lieferzeit.<\/p>\n<p><strong>Ben\u00f6tigen Sie pers\u00f6nliche Beratung? Z\u00f6gern Sie nicht, uns zu <a href=\"https:\/\/place-add.nl\/de\/kontakt\/\">kontaktieren<\/a>. Unser engagiertes Team steht bereit, um Ihnen bei der Auswahl der perfekten L\u00f6sung f\u00fcr Ihre speziellen Bed\u00fcrfnisse zu helfen.<\/strong><\/p>\n<p><button id=\"knop-contact-opnemen-overige-producten-de\">Kontaktieren Sie uns unverbindlich<\/button><\/p>\n","protected":false},"excerpt":{"rendered":"<p>Das <strong>ungebleichte 2-lagige Zellstoffserviette, 100% ECO<\/strong>, ist eine umweltfreundliche Wahl f\u00fcr jede Gelegenheit! Dieses 100% ECO Zellstoffserviette ist eine sehr erschwingliche und nachhaltige Option, um Ihr eigenes Logo auf Ihrem Serviette zu platzieren. Durch den nat\u00fcrlichen braunen Hintergrund kommen die Druckfarben kraftvoll zur Geltung.<strong> Das Serviette kann in 1 bis 4 Pantone-Farben bedruckt werden<\/strong>.<\/p>\n<p><strong>Erh\u00e4ltlich in den folgenden Gr\u00f6\u00dfen:<\/strong><\/p>\n<ul>\n<li><strong>24 x 24 cm:<\/strong> 1\/4-Faltung<\/li>\n<li><strong>33 x 33 cm:<\/strong> 1\/4-Faltung oder 1\/8-Faltung<\/li>\n<li><strong>40 x 40 cm:<\/strong> 1\/4-Faltung oder 1\/8-Faltung<\/li>\n<\/ul>\n<p>Die Lieferzeit betr\u00e4gt 4 bis 5 Wochen.<\/p>\n<p><strong>Stellen Sie Ihr eigenes Design zusammen und bestellen Sie Ihre Servietten direkt \u00fcber unseren Servietten-Konfigurator, indem Sie auf die folgende Schaltfl\u00e4che klicken.<\/strong><\/p>\n<p><strong>Preise ohne Versandkosten. Diese sind (noch) nicht in den Preisen enthalten.<\/strong><\/p>\n<p><a class=\"button-custom-product\" href=\"https:\/\/place-add.nl\/wp-content\/uploads\/2025\/06\/PA-prijslijst-Eco-bedrukt-duits.pdf\" target=\"_blank\" rel=\"noopener\">Gehen Sie zu den Preisen<\/a> <button id=\"knop-contact-opnemen-overige-producten-de\">Kontaktieren Sie uns unverbindlich<\/button><\/p>\n","protected":false},"featured_media":37883,"template":"","meta":[],"product_brand":[],"product_cat":[1419],"product_tag":[1131,1115,1145,1146,1149,1328,1326],"class_list":{"0":"post-43000","1":"product","2":"type-product","3":"status-publish","4":"has-post-thumbnail","6":"product_cat-zellstoff-bedruckt-de","7":"product_tag-100-oko-servietten","8":"product_tag-2-lagige-servietten","9":"product_tag-oko","10":"product_tag-oko-2-lagige-zellstoff-servietten","11":"product_tag-oko-zellstoff-servietten","12":"product_tag-ungebleichte-servietten","13":"product_tag-ungebleichte-servietten-aus-zellstoff","15":"first","16":"instock","17":"taxable","18":"shipping-taxable","19":"product-type-simple"},"yoast_head":"<!-- This site is optimized with the Yoast SEO Premium plugin v27.2 (Yoast SEO v27.2) - https:\/\/yoast.com\/product\/yoast-seo-premium-wordpress\/ -->\n<title>100% ECO 2-lagige Zellulose-Servietten bedruckt | Place Add<\/title>\n<meta name=\"description\" content=\"100% ECO 2-lagige Zellstoffservietten bedruckt, ideal f\u00fcr umweltfreundliche Servietten, bedruckt mit 1-4 PMS Farben. Gr\u00f6\u00dfen: 24x24 cm, 33x33 cm, 40x40 cm.\" \/>\n<meta name=\"robots\" content=\"index, follow, max-snippet:-1, max-image-preview:large, max-video-preview:-1\" \/>\n<link rel=\"canonical\" href=\"https:\/\/place-add.nl\/de\/produkt\/100-eco-2-lagige-bedruckt-2\/\" \/>\n<meta property=\"og:locale\" content=\"de_DE\" \/>\n<meta property=\"og:type\" content=\"article\" \/>\n<meta property=\"og:title\" content=\"ECO, 2-lagig Bedruckt\" \/>\n<meta property=\"og:description\" content=\"100% ECO 2-lagige Zellstoffservietten bedruckt, ideal f\u00fcr umweltfreundliche Servietten, bedruckt mit 1-4 PMS Farben. Gr\u00f6\u00dfen: 24x24 cm, 33x33 cm, 40x40 cm.\" \/>\n<meta property=\"og:url\" content=\"https:\/\/place-add.nl\/de\/produkt\/100-eco-2-lagige-bedruckt-2\/\" \/>\n<meta property=\"og:site_name\" content=\"Place Add\" \/>\n<meta property=\"article:publisher\" content=\"https:\/\/www.facebook.com\/PlaceAdd\/\" \/>\n<meta property=\"article:modified_time\" content=\"2025-07-24T11:05:32+00:00\" \/>\n<meta property=\"og:image\" content=\"https:\/\/place-add.nl\/wp-content\/uploads\/2024\/06\/servetbedrukt_ECO4040_8v_Place_Add_1.jpg\" \/>\n\t<meta property=\"og:image:width\" content=\"800\" \/>\n\t<meta property=\"og:image:height\" content=\"800\" \/>\n\t<meta property=\"og:image:type\" content=\"image\/jpeg\" \/>\n<meta name=\"twitter:card\" content=\"summary_large_image\" \/>\n<meta name=\"twitter:label1\" content=\"Gesch\u00e4tzte Lesezeit\" \/>\n\t<meta name=\"twitter:data1\" content=\"2\u00a0Minuten\" \/>\n<script type=\"application\/ld+json\" class=\"yoast-schema-graph\">{\"@context\":\"https:\/\/schema.org\",\"@graph\":[{\"@type\":\"WebPage\",\"@id\":\"https:\/\/place-add.nl\/de\/produkt\/100-eco-2-lagige-bedruckt-2\/\",\"url\":\"https:\/\/place-add.nl\/de\/produkt\/100-eco-2-lagige-bedruckt-2\/\",\"name\":\"100% ECO 2-lagige Zellulose-Servietten bedruckt | Place Add\",\"isPartOf\":{\"@id\":\"https:\/\/place-add.nl\/de\/#website\"},\"primaryImageOfPage\":{\"@id\":\"https:\/\/place-add.nl\/de\/produkt\/100-eco-2-lagige-bedruckt-2\/#primaryimage\"},\"image\":{\"@id\":\"https:\/\/place-add.nl\/de\/produkt\/100-eco-2-lagige-bedruckt-2\/#primaryimage\"},\"thumbnailUrl\":\"https:\/\/place-add.nl\/wp-content\/uploads\/2024\/06\/servetbedrukt_ECO4040_8v_Place_Add_1.jpg\",\"datePublished\":\"2024-06-17T17:35:20+00:00\",\"dateModified\":\"2025-07-24T11:05:32+00:00\",\"description\":\"100% ECO 2-lagige Zellstoffservietten bedruckt, ideal f\u00fcr umweltfreundliche Servietten, bedruckt mit 1-4 PMS Farben. Gr\u00f6\u00dfen: 24x24 cm, 33x33 cm, 40x40 cm.\",\"breadcrumb\":{\"@id\":\"https:\/\/place-add.nl\/de\/produkt\/100-eco-2-lagige-bedruckt-2\/#breadcrumb\"},\"inLanguage\":\"de\",\"potentialAction\":[{\"@type\":\"ReadAction\",\"target\":[\"https:\/\/place-add.nl\/de\/produkt\/100-eco-2-lagige-bedruckt-2\/\"]}]},{\"@type\":\"ImageObject\",\"inLanguage\":\"de\",\"@id\":\"https:\/\/place-add.nl\/de\/produkt\/100-eco-2-lagige-bedruckt-2\/#primaryimage\",\"url\":\"https:\/\/place-add.nl\/wp-content\/uploads\/2024\/06\/servetbedrukt_ECO4040_8v_Place_Add_1.jpg\",\"contentUrl\":\"https:\/\/place-add.nl\/wp-content\/uploads\/2024\/06\/servetbedrukt_ECO4040_8v_Place_Add_1.jpg\",\"width\":800,\"height\":800,\"caption\":\"100% ECO 2-laags celstof servetten bedrukt\"},{\"@type\":\"BreadcrumbList\",\"@id\":\"https:\/\/place-add.nl\/de\/produkt\/100-eco-2-lagige-bedruckt-2\/#breadcrumb\",\"itemListElement\":[{\"@type\":\"ListItem\",\"position\":1,\"name\":\"Home\",\"item\":\"https:\/\/place-add.nl\/de\/home\/\"},{\"@type\":\"ListItem\",\"position\":2,\"name\":\"Shop\",\"item\":\"https:\/\/place-add.nl\/de\/shop\/\"},{\"@type\":\"ListItem\",\"position\":3,\"name\":\"ECO, 2-lagig Bedruckt\"}]},{\"@type\":\"WebSite\",\"@id\":\"https:\/\/place-add.nl\/de\/#website\",\"url\":\"https:\/\/place-add.nl\/de\/\",\"name\":\"Place Add\",\"description\":\"Tafelkleding voor de horeca\",\"publisher\":{\"@id\":\"https:\/\/place-add.nl\/de\/#organization\"},\"potentialAction\":[{\"@type\":\"SearchAction\",\"target\":{\"@type\":\"EntryPoint\",\"urlTemplate\":\"https:\/\/place-add.nl\/de\/?s={search_term_string}\"},\"query-input\":{\"@type\":\"PropertyValueSpecification\",\"valueRequired\":true,\"valueName\":\"search_term_string\"}}],\"inLanguage\":\"de\"},{\"@type\":\"Organization\",\"@id\":\"https:\/\/place-add.nl\/de\/#organization\",\"name\":\"Place Add\",\"url\":\"https:\/\/place-add.nl\/de\/\",\"logo\":{\"@type\":\"ImageObject\",\"inLanguage\":\"de\",\"@id\":\"https:\/\/place-add.nl\/de\/#\/schema\/logo\/image\/\",\"url\":\"https:\/\/place-add.nl\/wp-content\/uploads\/2023\/11\/logo-img-place-add.png\",\"contentUrl\":\"https:\/\/place-add.nl\/wp-content\/uploads\/2023\/11\/logo-img-place-add.png\",\"width\":404,\"height\":106,\"caption\":\"Place Add\"},\"image\":{\"@id\":\"https:\/\/place-add.nl\/de\/#\/schema\/logo\/image\/\"},\"sameAs\":[\"https:\/\/www.facebook.com\/PlaceAdd\/\",\"https:\/\/www.instagram.com\/place_add\/\",\"https:\/\/www.youtube.com\/@placeadd\"]}]}<\/script>\n<!-- \/ Yoast SEO Premium plugin. -->","yoast_head_json":{"title":"100% ECO 2-lagige Zellulose-Servietten bedruckt | Place Add","description":"100% ECO 2-lagige Zellstoffservietten bedruckt, ideal f\u00fcr umweltfreundliche Servietten, bedruckt mit 1-4 PMS Farben. Gr\u00f6\u00dfen: 24x24 cm, 33x33 cm, 40x40 cm.","robots":{"index":"index","follow":"follow","max-snippet":"max-snippet:-1","max-image-preview":"max-image-preview:large","max-video-preview":"max-video-preview:-1"},"canonical":"https:\/\/place-add.nl\/de\/produkt\/100-eco-2-lagige-bedruckt-2\/","og_locale":"de_DE","og_type":"article","og_title":"ECO, 2-lagig Bedruckt","og_description":"100% ECO 2-lagige Zellstoffservietten bedruckt, ideal f\u00fcr umweltfreundliche Servietten, bedruckt mit 1-4 PMS Farben. Gr\u00f6\u00dfen: 24x24 cm, 33x33 cm, 40x40 cm.","og_url":"https:\/\/place-add.nl\/de\/produkt\/100-eco-2-lagige-bedruckt-2\/","og_site_name":"Place Add","article_publisher":"https:\/\/www.facebook.com\/PlaceAdd\/","article_modified_time":"2025-07-24T11:05:32+00:00","og_image":[{"width":800,"height":800,"url":"https:\/\/place-add.nl\/wp-content\/uploads\/2024\/06\/servetbedrukt_ECO4040_8v_Place_Add_1.jpg","type":"image\/jpeg"}],"twitter_card":"summary_large_image","twitter_misc":{"Gesch\u00e4tzte Lesezeit":"2\u00a0Minuten"},"schema":{"@context":"https:\/\/schema.org","@graph":[{"@type":"WebPage","@id":"https:\/\/place-add.nl\/de\/produkt\/100-eco-2-lagige-bedruckt-2\/","url":"https:\/\/place-add.nl\/de\/produkt\/100-eco-2-lagige-bedruckt-2\/","name":"100% ECO 2-lagige Zellulose-Servietten bedruckt | Place Add","isPartOf":{"@id":"https:\/\/place-add.nl\/de\/#website"},"primaryImageOfPage":{"@id":"https:\/\/place-add.nl\/de\/produkt\/100-eco-2-lagige-bedruckt-2\/#primaryimage"},"image":{"@id":"https:\/\/place-add.nl\/de\/produkt\/100-eco-2-lagige-bedruckt-2\/#primaryimage"},"thumbnailUrl":"https:\/\/place-add.nl\/wp-content\/uploads\/2024\/06\/servetbedrukt_ECO4040_8v_Place_Add_1.jpg","datePublished":"2024-06-17T17:35:20+00:00","dateModified":"2025-07-24T11:05:32+00:00","description":"100% ECO 2-lagige Zellstoffservietten bedruckt, ideal f\u00fcr umweltfreundliche Servietten, bedruckt mit 1-4 PMS Farben. Gr\u00f6\u00dfen: 24x24 cm, 33x33 cm, 40x40 cm.","breadcrumb":{"@id":"https:\/\/place-add.nl\/de\/produkt\/100-eco-2-lagige-bedruckt-2\/#breadcrumb"},"inLanguage":"de","potentialAction":[{"@type":"ReadAction","target":["https:\/\/place-add.nl\/de\/produkt\/100-eco-2-lagige-bedruckt-2\/"]}]},{"@type":"ImageObject","inLanguage":"de","@id":"https:\/\/place-add.nl\/de\/produkt\/100-eco-2-lagige-bedruckt-2\/#primaryimage","url":"https:\/\/place-add.nl\/wp-content\/uploads\/2024\/06\/servetbedrukt_ECO4040_8v_Place_Add_1.jpg","contentUrl":"https:\/\/place-add.nl\/wp-content\/uploads\/2024\/06\/servetbedrukt_ECO4040_8v_Place_Add_1.jpg","width":800,"height":800,"caption":"100% ECO 2-laags celstof servetten bedrukt"},{"@type":"BreadcrumbList","@id":"https:\/\/place-add.nl\/de\/produkt\/100-eco-2-lagige-bedruckt-2\/#breadcrumb","itemListElement":[{"@type":"ListItem","position":1,"name":"Home","item":"https:\/\/place-add.nl\/de\/home\/"},{"@type":"ListItem","position":2,"name":"Shop","item":"https:\/\/place-add.nl\/de\/shop\/"},{"@type":"ListItem","position":3,"name":"ECO, 2-lagig Bedruckt"}]},{"@type":"WebSite","@id":"https:\/\/place-add.nl\/de\/#website","url":"https:\/\/place-add.nl\/de\/","name":"Place Add","description":"Tafelkleding voor de horeca","publisher":{"@id":"https:\/\/place-add.nl\/de\/#organization"},"potentialAction":[{"@type":"SearchAction","target":{"@type":"EntryPoint","urlTemplate":"https:\/\/place-add.nl\/de\/?s={search_term_string}"},"query-input":{"@type":"PropertyValueSpecification","valueRequired":true,"valueName":"search_term_string"}}],"inLanguage":"de"},{"@type":"Organization","@id":"https:\/\/place-add.nl\/de\/#organization","name":"Place Add","url":"https:\/\/place-add.nl\/de\/","logo":{"@type":"ImageObject","inLanguage":"de","@id":"https:\/\/place-add.nl\/de\/#\/schema\/logo\/image\/","url":"https:\/\/place-add.nl\/wp-content\/uploads\/2023\/11\/logo-img-place-add.png","contentUrl":"https:\/\/place-add.nl\/wp-content\/uploads\/2023\/11\/logo-img-place-add.png","width":404,"height":106,"caption":"Place Add"},"image":{"@id":"https:\/\/place-add.nl\/de\/#\/schema\/logo\/image\/"},"sameAs":["https:\/\/www.facebook.com\/PlaceAdd\/","https:\/\/www.instagram.com\/place_add\/","https:\/\/www.youtube.com\/@placeadd"]}]}},"_links":{"self":[{"href":"https:\/\/place-add.nl\/de\/wp-json\/wp\/v2\/product\/43000","targetHints":{"allow":["GET"]}}],"collection":[{"href":"https:\/\/place-add.nl\/de\/wp-json\/wp\/v2\/product"}],"about":[{"href":"https:\/\/place-add.nl\/de\/wp-json\/wp\/v2\/types\/product"}],"wp:featuredmedia":[{"embeddable":true,"href":"https:\/\/place-add.nl\/de\/wp-json\/wp\/v2\/media\/37883"}],"wp:attachment":[{"href":"https:\/\/place-add.nl\/de\/wp-json\/wp\/v2\/media?parent=43000"}],"wp:term":[{"taxonomy":"product_brand","embeddable":true,"href":"https:\/\/place-add.nl\/de\/wp-json\/wp\/v2\/product_brand?post=43000"},{"taxonomy":"product_cat","embeddable":true,"href":"https:\/\/place-add.nl\/de\/wp-json\/wp\/v2\/product_cat?post=43000"},{"taxonomy":"product_tag","embeddable":true,"href":"https:\/\/place-add.nl\/de\/wp-json\/wp\/v2\/product_tag?post=43000"}],"curies":[{"name":"wp","href":"https:\/\/api.w.org\/{rel}","templated":true}]}}