{"id":43010,"date":"2024-06-17T17:21:08","date_gmt":"2024-06-17T17:21:08","guid":{"rendered":"https:\/\/place-add.nl\/product\/airlaid-luxury-servetten-bedrukt\/"},"modified":"2025-06-30T12:10:23","modified_gmt":"2025-06-30T12:10:23","slug":"airlaid-luxus-servietten-bedruckt","status":"publish","type":"product","link":"https:\/\/place-add.nl\/de\/produkt\/airlaid-luxus-servietten-bedruckt\/","title":{"rendered":"Airlaid Servietten LUXURY Bedruckt"},"content":{"rendered":"<p>Unsere <strong>bedruckten Airlaid-Servietten LUXURY<\/strong> vervollst\u00e4ndigen Ihre Tischdekoration und heben jeden Anlass auf die n\u00e4chste Stufe. Diese exklusiven Servietten strahlen puren Luxus aus, dank der Premium-Qualit\u00e4t des Airlaid-Materials mit einem Gewicht von 60 Gramm pro Quadratmeter.<span class=\"Apple-converted-space\">\u00a0<\/span><\/p>\n<p>Mit dem Aussehen und der Haptik von Leinen bieten die <strong>bedruckten Airlaid LUXURY Servietten<\/strong> den Komfort einer Stoffserviette und gleichzeitig die praktischen Vorteile einer Einwegserviette. Das weiche, anschmiegsame Material f\u00fchlt sich an wie echtes Leinen, bleibt aber fest und formstabil, so dass die Servietten ideal f\u00fcr eine anspruchsvolle und stilvolle Tischpr\u00e4sentation sind.<\/p>\n<p>Die <strong>bedruckten Airlaid LUXURY-Servietten<\/strong> sind f\u00fcr Gastronomen gedacht, die ihren G\u00e4sten ein besonderes Erlebnis bieten wollen. Die Leinenoptik und die hohe Saugf\u00e4higkeit sorgen f\u00fcr ein exzellentes Erlebnis und lassen jeden Tisch erstrahlen. Mit gro\u00dfz\u00fcgigen Gr\u00f6\u00dfen und verschiedenen Faltm\u00f6glichkeiten eignen sich diese Servietten besonders f\u00fcr eine elegante Tischpr\u00e4sentation in Restaurants, Hotels und bei exklusiven Veranstaltungen.<\/p>\n<p><strong>Spezifikationen:<\/strong><\/p>\n<ul>\n<li>\u00a0Gr\u00f6\u00dfe: 40 x 48 cm<\/li>\n<li>Erh\u00e4ltlich mit 1\/8-Faltung und Besteckfaltung<\/li>\n<li>Lieferzeit: 7 bis 9 Wochen<\/li>\n<\/ul>\n<p>Entwerfen Sie Ihr eigenes Design und bestellen Sie Ihre personalisierten Servietten ganz einfach \u00fcber unseren <strong><a href=\"https:\/\/place-add.nl\/airlaid-configurator\/\">Serviettenkonfigurator<\/a><\/strong>. Sehen Sie sich alle Staffelpreise an und bestellen Sie jetzt \u00fcber die Schaltfl\u00e4che unten.<\/p>\n<p>Sie ben\u00f6tigen kurzfristig Servietten? Bestellen Sie Ihre unbedruckten Servietten auf unserer 2. Website <strong><a href=\"https:\/\/www.craftontable.com\/collections\">Craft On Table<\/a><\/strong>!<\/p>\n<p><a href=\"https:\/\/www.craftontable.com\/collections\"><strong>Ben\u00f6tigen Sie eine pers\u00f6nliche Beratung bei der Auswahl der richtigen Servietten f\u00fcr Ihren Anlass?<\/strong><\/a> Dann z\u00f6gern Sie nicht, uns zu <strong><a href=\"https:\/\/place-add.nl\/de\/kontakt\/\">kontaktieren<\/a><\/strong>. Unser engagiertes Team hilft Ihnen gerne, die perfekte Wahl f\u00fcr Ihre speziellen Bed\u00fcrfnisse zu treffen.<\/p>\n<p><button id=\"knop-contact-opnemen-overige-producten-de\">Kontaktieren Sie uns unverbindlich<\/button><\/p>\n","protected":false},"excerpt":{"rendered":"<p>Vervollst\u00e4ndigen Sie Ihre Tischdekoration mit unseren exklusiven <strong>Airlaid LUXURY Servietten<\/strong>. Diese Servietten strahlen pure Luxus aus und bieten eine unvergleichliche Qualit\u00e4t mit einem Gewicht von <strong>60 Gramm pro Quadratmeter<\/strong>. Mit der Optik und Haptik eines Leinenservietten sind sie weich, geschmeidig und dennoch \u00e4u\u00dferst robust.<\/p>\n<p>Die Airlaid Luxury Servietten bieten den Komfort eines Leinenservietten mit den praktischen Vorteilen von Airlaid.<\/p>\n<p><strong>Erh\u00e4ltlich in der folgenden Gr\u00f6\u00dfe:<\/strong><\/p>\n<ul>\n<li><strong>40 x 48 cm:<\/strong> Ideal f\u00fcr eine beeindruckende Tischpr\u00e4sentation, erh\u00e4ltlich mit 1\/8-Faltung und Besteckfalte.<\/li>\n<\/ul>\n<p>Die Lieferzeit betr\u00e4gt 7 bis 9 Wochen.<\/p>\n<p><strong>Stellen Sie Ihr eigenes Design zusammen und bestellen Sie Ihre Servietten direkt \u00fcber unseren Servietten-Konfigurator, indem Sie auf die folgende Schaltfl\u00e4che klicken.<\/strong><\/p>\n<p><strong>Preise ohne Versandkosten. Diese sind (noch) nicht in den Preisen enthalten.<\/strong><\/p>\n<p><a class=\"button-custom-product\" href=\"https:\/\/place-add.nl\/wp-content\/uploads\/2025\/06\/PA-prijslijst-Airlaid-Luxury-duits.pdf\" target=\"_blank\" rel=\"noopener\">Gehen Sie zu den Preisen<\/a> <button id=\"knop-contact-opnemen-overige-producten-de\">Kontaktieren Sie uns unverbindlich<\/button><\/p>\n","protected":false},"featured_media":40680,"template":"","meta":[],"product_brand":[],"product_cat":[1417,1416],"product_tag":[1235,1176,1177,1134,1133,1279,1250,1251],"class_list":{"0":"post-43010","1":"product","2":"type-product","3":"status-publish","4":"has-post-thumbnail","6":"product_cat-airlaid-bedruckt-de","7":"product_cat-airlaid-besteckfaltung-de","8":"product_tag-airlaid-60gramm","9":"product_tag-airlaid-luxury-gefarbt","10":"product_tag-airlaid-luxury-servietten","11":"product_tag-airlaid-servietten","12":"product_tag-airlaid-drucken","13":"product_tag-farbige-airlaid-servietten","14":"product_tag-servietten","15":"product_tag-servietten-bedrucken","17":"first","18":"instock","19":"taxable","20":"shipping-taxable","21":"product-type-simple"},"yoast_head":"<!-- This site is optimized with the Yoast SEO Premium plugin v27.2 (Yoast SEO v27.2) - https:\/\/yoast.com\/product\/yoast-seo-premium-wordpress\/ -->\n<title>Airlaid LUXURY Servietten bedruckt | Place Add | F\u00fcr die Gastronomie<\/title>\n<meta name=\"description\" content=\"Entdecken Sie unsere exklusiven Airlaid-Servietten LUXURY Bedruckt: 60 g f\u00fcr puren Luxus und St\u00e4rke. Diese Serviette f\u00fchlt sich praktisch wie Leinen an!\" \/>\n<meta name=\"robots\" content=\"index, follow, max-snippet:-1, max-image-preview:large, max-video-preview:-1\" \/>\n<link rel=\"canonical\" href=\"https:\/\/place-add.nl\/de\/produkt\/airlaid-luxus-servietten-bedruckt\/\" \/>\n<meta property=\"og:locale\" content=\"de_DE\" \/>\n<meta property=\"og:type\" content=\"article\" \/>\n<meta property=\"og:title\" content=\"Airlaid Servietten LUXURY Bedruckt\" \/>\n<meta property=\"og:description\" content=\"Entdecken Sie unsere exklusiven Airlaid-Servietten LUXURY Bedruckt: 60 g f\u00fcr puren Luxus und St\u00e4rke. Diese Serviette f\u00fchlt sich praktisch wie Leinen an!\" \/>\n<meta property=\"og:url\" content=\"https:\/\/place-add.nl\/de\/produkt\/airlaid-luxus-servietten-bedruckt\/\" \/>\n<meta property=\"og:site_name\" content=\"Place Add\" \/>\n<meta property=\"article:publisher\" content=\"https:\/\/www.facebook.com\/PlaceAdd\/\" \/>\n<meta property=\"article:modified_time\" content=\"2025-06-30T12:10:23+00:00\" \/>\n<meta property=\"og:image\" content=\"https:\/\/place-add.nl\/wp-content\/uploads\/2024\/06\/servetbedrukt_airlaidLUXURY_kleur8v_Place_Add_1-1-scaled.jpg\" \/>\n\t<meta property=\"og:image:width\" content=\"1000\" \/>\n\t<meta property=\"og:image:height\" content=\"1000\" \/>\n\t<meta property=\"og:image:type\" content=\"image\/jpeg\" \/>\n<meta name=\"twitter:card\" content=\"summary_large_image\" \/>\n<meta name=\"twitter:label1\" content=\"Gesch\u00e4tzte Lesezeit\" \/>\n\t<meta name=\"twitter:data1\" content=\"2\u00a0Minuten\" \/>\n<script type=\"application\/ld+json\" class=\"yoast-schema-graph\">{\"@context\":\"https:\/\/schema.org\",\"@graph\":[{\"@type\":\"WebPage\",\"@id\":\"https:\/\/place-add.nl\/de\/produkt\/airlaid-luxus-servietten-bedruckt\/\",\"url\":\"https:\/\/place-add.nl\/de\/produkt\/airlaid-luxus-servietten-bedruckt\/\",\"name\":\"Airlaid LUXURY Servietten bedruckt | Place Add | F\u00fcr die Gastronomie\",\"isPartOf\":{\"@id\":\"https:\/\/place-add.nl\/de\/#website\"},\"primaryImageOfPage\":{\"@id\":\"https:\/\/place-add.nl\/de\/produkt\/airlaid-luxus-servietten-bedruckt\/#primaryimage\"},\"image\":{\"@id\":\"https:\/\/place-add.nl\/de\/produkt\/airlaid-luxus-servietten-bedruckt\/#primaryimage\"},\"thumbnailUrl\":\"https:\/\/place-add.nl\/wp-content\/uploads\/2024\/06\/servetbedrukt_airlaidLUXURY_kleur8v_Place_Add_1-1-scaled.jpg\",\"datePublished\":\"2024-06-17T17:21:08+00:00\",\"dateModified\":\"2025-06-30T12:10:23+00:00\",\"description\":\"Entdecken Sie unsere exklusiven Airlaid-Servietten LUXURY Bedruckt: 60 g f\u00fcr puren Luxus und St\u00e4rke. Diese Serviette f\u00fchlt sich praktisch wie Leinen an!\",\"breadcrumb\":{\"@id\":\"https:\/\/place-add.nl\/de\/produkt\/airlaid-luxus-servietten-bedruckt\/#breadcrumb\"},\"inLanguage\":\"de\",\"potentialAction\":[{\"@type\":\"ReadAction\",\"target\":[\"https:\/\/place-add.nl\/de\/produkt\/airlaid-luxus-servietten-bedruckt\/\"]}]},{\"@type\":\"ImageObject\",\"inLanguage\":\"de\",\"@id\":\"https:\/\/place-add.nl\/de\/produkt\/airlaid-luxus-servietten-bedruckt\/#primaryimage\",\"url\":\"https:\/\/place-add.nl\/wp-content\/uploads\/2024\/06\/servetbedrukt_airlaidLUXURY_kleur8v_Place_Add_1-1-scaled.jpg\",\"contentUrl\":\"https:\/\/place-add.nl\/wp-content\/uploads\/2024\/06\/servetbedrukt_airlaidLUXURY_kleur8v_Place_Add_1-1-scaled.jpg\",\"width\":1000,\"height\":1000,\"caption\":\"Airlaid LUXURY servetten bedrukt\"},{\"@type\":\"BreadcrumbList\",\"@id\":\"https:\/\/place-add.nl\/de\/produkt\/airlaid-luxus-servietten-bedruckt\/#breadcrumb\",\"itemListElement\":[{\"@type\":\"ListItem\",\"position\":1,\"name\":\"Home\",\"item\":\"https:\/\/place-add.nl\/de\/home\/\"},{\"@type\":\"ListItem\",\"position\":2,\"name\":\"Shop\",\"item\":\"https:\/\/place-add.nl\/de\/shop\/\"},{\"@type\":\"ListItem\",\"position\":3,\"name\":\"Airlaid Servietten LUXURY Bedruckt\"}]},{\"@type\":\"WebSite\",\"@id\":\"https:\/\/place-add.nl\/de\/#website\",\"url\":\"https:\/\/place-add.nl\/de\/\",\"name\":\"Place Add\",\"description\":\"Tafelkleding voor de horeca\",\"publisher\":{\"@id\":\"https:\/\/place-add.nl\/de\/#organization\"},\"potentialAction\":[{\"@type\":\"SearchAction\",\"target\":{\"@type\":\"EntryPoint\",\"urlTemplate\":\"https:\/\/place-add.nl\/de\/?s={search_term_string}\"},\"query-input\":{\"@type\":\"PropertyValueSpecification\",\"valueRequired\":true,\"valueName\":\"search_term_string\"}}],\"inLanguage\":\"de\"},{\"@type\":\"Organization\",\"@id\":\"https:\/\/place-add.nl\/de\/#organization\",\"name\":\"Place Add\",\"url\":\"https:\/\/place-add.nl\/de\/\",\"logo\":{\"@type\":\"ImageObject\",\"inLanguage\":\"de\",\"@id\":\"https:\/\/place-add.nl\/de\/#\/schema\/logo\/image\/\",\"url\":\"https:\/\/place-add.nl\/wp-content\/uploads\/2023\/11\/logo-img-place-add.png\",\"contentUrl\":\"https:\/\/place-add.nl\/wp-content\/uploads\/2023\/11\/logo-img-place-add.png\",\"width\":404,\"height\":106,\"caption\":\"Place Add\"},\"image\":{\"@id\":\"https:\/\/place-add.nl\/de\/#\/schema\/logo\/image\/\"},\"sameAs\":[\"https:\/\/www.facebook.com\/PlaceAdd\/\",\"https:\/\/www.instagram.com\/place_add\/\",\"https:\/\/www.youtube.com\/@placeadd\"]}]}<\/script>\n<!-- \/ Yoast SEO Premium plugin. -->","yoast_head_json":{"title":"Airlaid LUXURY Servietten bedruckt | Place Add | F\u00fcr die Gastronomie","description":"Entdecken Sie unsere exklusiven Airlaid-Servietten LUXURY Bedruckt: 60 g f\u00fcr puren Luxus und St\u00e4rke. Diese Serviette f\u00fchlt sich praktisch wie Leinen an!","robots":{"index":"index","follow":"follow","max-snippet":"max-snippet:-1","max-image-preview":"max-image-preview:large","max-video-preview":"max-video-preview:-1"},"canonical":"https:\/\/place-add.nl\/de\/produkt\/airlaid-luxus-servietten-bedruckt\/","og_locale":"de_DE","og_type":"article","og_title":"Airlaid Servietten LUXURY Bedruckt","og_description":"Entdecken Sie unsere exklusiven Airlaid-Servietten LUXURY Bedruckt: 60 g f\u00fcr puren Luxus und St\u00e4rke. Diese Serviette f\u00fchlt sich praktisch wie Leinen an!","og_url":"https:\/\/place-add.nl\/de\/produkt\/airlaid-luxus-servietten-bedruckt\/","og_site_name":"Place Add","article_publisher":"https:\/\/www.facebook.com\/PlaceAdd\/","article_modified_time":"2025-06-30T12:10:23+00:00","og_image":[{"width":1000,"height":1000,"url":"https:\/\/place-add.nl\/wp-content\/uploads\/2024\/06\/servetbedrukt_airlaidLUXURY_kleur8v_Place_Add_1-1-scaled.jpg","type":"image\/jpeg"}],"twitter_card":"summary_large_image","twitter_misc":{"Gesch\u00e4tzte Lesezeit":"2\u00a0Minuten"},"schema":{"@context":"https:\/\/schema.org","@graph":[{"@type":"WebPage","@id":"https:\/\/place-add.nl\/de\/produkt\/airlaid-luxus-servietten-bedruckt\/","url":"https:\/\/place-add.nl\/de\/produkt\/airlaid-luxus-servietten-bedruckt\/","name":"Airlaid LUXURY Servietten bedruckt | Place Add | F\u00fcr die Gastronomie","isPartOf":{"@id":"https:\/\/place-add.nl\/de\/#website"},"primaryImageOfPage":{"@id":"https:\/\/place-add.nl\/de\/produkt\/airlaid-luxus-servietten-bedruckt\/#primaryimage"},"image":{"@id":"https:\/\/place-add.nl\/de\/produkt\/airlaid-luxus-servietten-bedruckt\/#primaryimage"},"thumbnailUrl":"https:\/\/place-add.nl\/wp-content\/uploads\/2024\/06\/servetbedrukt_airlaidLUXURY_kleur8v_Place_Add_1-1-scaled.jpg","datePublished":"2024-06-17T17:21:08+00:00","dateModified":"2025-06-30T12:10:23+00:00","description":"Entdecken Sie unsere exklusiven Airlaid-Servietten LUXURY Bedruckt: 60 g f\u00fcr puren Luxus und St\u00e4rke. Diese Serviette f\u00fchlt sich praktisch wie Leinen an!","breadcrumb":{"@id":"https:\/\/place-add.nl\/de\/produkt\/airlaid-luxus-servietten-bedruckt\/#breadcrumb"},"inLanguage":"de","potentialAction":[{"@type":"ReadAction","target":["https:\/\/place-add.nl\/de\/produkt\/airlaid-luxus-servietten-bedruckt\/"]}]},{"@type":"ImageObject","inLanguage":"de","@id":"https:\/\/place-add.nl\/de\/produkt\/airlaid-luxus-servietten-bedruckt\/#primaryimage","url":"https:\/\/place-add.nl\/wp-content\/uploads\/2024\/06\/servetbedrukt_airlaidLUXURY_kleur8v_Place_Add_1-1-scaled.jpg","contentUrl":"https:\/\/place-add.nl\/wp-content\/uploads\/2024\/06\/servetbedrukt_airlaidLUXURY_kleur8v_Place_Add_1-1-scaled.jpg","width":1000,"height":1000,"caption":"Airlaid LUXURY servetten bedrukt"},{"@type":"BreadcrumbList","@id":"https:\/\/place-add.nl\/de\/produkt\/airlaid-luxus-servietten-bedruckt\/#breadcrumb","itemListElement":[{"@type":"ListItem","position":1,"name":"Home","item":"https:\/\/place-add.nl\/de\/home\/"},{"@type":"ListItem","position":2,"name":"Shop","item":"https:\/\/place-add.nl\/de\/shop\/"},{"@type":"ListItem","position":3,"name":"Airlaid Servietten LUXURY Bedruckt"}]},{"@type":"WebSite","@id":"https:\/\/place-add.nl\/de\/#website","url":"https:\/\/place-add.nl\/de\/","name":"Place Add","description":"Tafelkleding voor de horeca","publisher":{"@id":"https:\/\/place-add.nl\/de\/#organization"},"potentialAction":[{"@type":"SearchAction","target":{"@type":"EntryPoint","urlTemplate":"https:\/\/place-add.nl\/de\/?s={search_term_string}"},"query-input":{"@type":"PropertyValueSpecification","valueRequired":true,"valueName":"search_term_string"}}],"inLanguage":"de"},{"@type":"Organization","@id":"https:\/\/place-add.nl\/de\/#organization","name":"Place Add","url":"https:\/\/place-add.nl\/de\/","logo":{"@type":"ImageObject","inLanguage":"de","@id":"https:\/\/place-add.nl\/de\/#\/schema\/logo\/image\/","url":"https:\/\/place-add.nl\/wp-content\/uploads\/2023\/11\/logo-img-place-add.png","contentUrl":"https:\/\/place-add.nl\/wp-content\/uploads\/2023\/11\/logo-img-place-add.png","width":404,"height":106,"caption":"Place Add"},"image":{"@id":"https:\/\/place-add.nl\/de\/#\/schema\/logo\/image\/"},"sameAs":["https:\/\/www.facebook.com\/PlaceAdd\/","https:\/\/www.instagram.com\/place_add\/","https:\/\/www.youtube.com\/@placeadd"]}]}},"_links":{"self":[{"href":"https:\/\/place-add.nl\/de\/wp-json\/wp\/v2\/product\/43010","targetHints":{"allow":["GET"]}}],"collection":[{"href":"https:\/\/place-add.nl\/de\/wp-json\/wp\/v2\/product"}],"about":[{"href":"https:\/\/place-add.nl\/de\/wp-json\/wp\/v2\/types\/product"}],"wp:featuredmedia":[{"embeddable":true,"href":"https:\/\/place-add.nl\/de\/wp-json\/wp\/v2\/media\/40680"}],"wp:attachment":[{"href":"https:\/\/place-add.nl\/de\/wp-json\/wp\/v2\/media?parent=43010"}],"wp:term":[{"taxonomy":"product_brand","embeddable":true,"href":"https:\/\/place-add.nl\/de\/wp-json\/wp\/v2\/product_brand?post=43010"},{"taxonomy":"product_cat","embeddable":true,"href":"https:\/\/place-add.nl\/de\/wp-json\/wp\/v2\/product_cat?post=43010"},{"taxonomy":"product_tag","embeddable":true,"href":"https:\/\/place-add.nl\/de\/wp-json\/wp\/v2\/product_tag?post=43010"}],"curies":[{"name":"wp","href":"https:\/\/api.w.org\/{rel}","templated":true}]}}