{"id":43024,"date":"2024-06-07T12:26:45","date_gmt":"2024-06-07T12:26:45","guid":{"rendered":"https:\/\/place-add.nl\/product\/coated-leder-2\/"},"modified":"2025-06-26T14:17:53","modified_gmt":"2025-06-26T14:17:53","slug":"coated-leder-speisekarten","status":"publish","type":"product","link":"https:\/\/place-add.nl\/de\/produkt\/coated-leder-speisekarten\/","title":{"rendered":"Coated Leder"},"content":{"rendered":"<p><strong>Coated Leder Speisekarten<\/strong> werden aus hochwertigem Leder hergestellt, das mit einer speziell entwickelten Schutzschicht \u00fcberzogen ist. Diese Beschichtung macht das Leder nicht nur widerstandsf\u00e4hig gegen t\u00e4gliche Abnutzung, sondern auch gegen Flecken. Dar\u00fcber hinaus verleiht die glatte, gl\u00e4nzende Oberfl\u00e4che unseren Speisekarten ein luxuri\u00f6ses Aussehen, das sich perfekt f\u00fcr jeden Gastronomiebetrieb eignet.<\/p>\n<p>Diese Art von Leder ist in zwanzig verschiedenen Farben erh\u00e4ltlich, so dass Sie immer eine Option finden, die zu Ihrer Einrichtung passt. Wir f\u00fchren standardm\u00e4\u00dfig f\u00fcnf beliebte Farben:<\/p>\n<ul>\n<li>Schwarz<\/li>\n<li>Dunkelbraun<\/li>\n<li>Kastanienbraun<\/li>\n<li>Marineblau<\/li>\n<li>Rot<\/li>\n<\/ul>\n<p>Unsere <strong>Coated Lede Speisekarten<\/strong> aus beschichtetem Leder sind auch in verschiedenen Gr\u00f6\u00dfen erh\u00e4ltlich:<\/p>\n<ul>\n<li>A4<\/li>\n<li>A4 Quadratisch<\/li>\n<li>A4 Schmal<\/li>\n<li>A5<\/li>\n<\/ul>\n<p>Andere Farben und Formate sowie zus\u00e4tzliche Optionen sind auf Anfrage erh\u00e4ltlich. Dank unserer gro\u00dfen Auswahl k\u00f6nnen wir jeder Einrichtung eine stilvolle L\u00f6sung anbieten.<\/p>\n<p>Mit diesen Optionen finden Sie immer ein passendes Design, egal ob Sie eine aufwendige Karte oder eine kompakte Speisekarte pr\u00e4sentieren m\u00f6chten. So k\u00f6nnen Sie ganz einfach das Format w\u00e4hlen, das am besten zu Ihrer Pr\u00e4sentation passt.<\/p>\n<p>Neben Speisekarten bieten wir auch andere <strong><a href=\"https:\/\/place-add.nl\/de\/tischaccessoires-co\/leder-accessoires\/\">luxuri\u00f6se Tischprodukte<\/a><\/strong> aus Leder an. Dazu geh\u00f6ren Tischsets aus Leder, Serviettenringe, T\u00fcranh\u00e4nger, Untersetzer und verschiedene andere praktische Lederaccessoires.<\/p>\n<p>Auf diese Weise k\u00f6nnen Sie Ihre Tischdekoration im gleichen hochwertigen Stil wie die Speisekarten gestalten und Ihren G\u00e4sten ein einheitliches und edles Erscheinungsbild bieten.<\/p>\n<p>Alle unsere Produkte k\u00f6nnen Sie bequem online \u00fcber Place Add und unsere zweite Website <strong><a href=\"http:\/\/www.craftontable.com\/\">Craft on Table<\/a> bestellen.<\/strong><\/p>\n<p>Mit unseren hochwertigen Men\u00fckarten und Accessoires aus beschichtetem Leder erhalten Sie eine stilvolle, langlebige und praktische L\u00f6sung f\u00fcr die Ausstattung Ihrer Tische. Bestellen Sie noch heute und geben Sie Ihrem Unternehmen den Look, den es verdient!<\/p>\n<p><strong>Haben Sie Fragen oder ben\u00f6tigen Sie eine pers\u00f6nliche Beratung? Dann z\u00f6gern Sie nicht, uns zu <a href=\"https:\/\/place-add.nl\/de\/kontakt\/\">kontaktieren<\/a>. Unser Expertenteam hilft Ihnen gerne, die beste Wahl f\u00fcr Ihre spezifischen Bed\u00fcrfnisse zu treffen.<\/strong><\/p>\n","protected":false},"excerpt":{"rendered":"<p>Unsere Coated Leder Speisekarten aus beschichtetem Leder sind die perfekte Wahl f\u00fcr eine stilvolle und dauerhafte Pr\u00e4sentation Ihrer Speisekarte. Aus \u00b1 2,5 mm dickem Qualit\u00e4tsleder gefertigt, bieten diese Karten nicht nur ein robustes Aussehen, sondern dank der Beschichtung auch ein luxuri\u00f6ses Finish. Diese Men\u00fckarten sind au\u00dferdem sehr pflegeleicht. Mit ein wenig Aufmerksamkeit und Pflege bleiben sie lange Zeit in einem hervorragenden Zustand und behalten ihren Charme und ihre Funktionalit\u00e4t.<\/p>\n<p><strong>Warum Coated Leder Speisekartenw\u00e4hlen?<\/strong><\/p>\n<ul>\n<li><strong>Hochwertige Materialien:<\/strong> Hergestellt aus echtem Leder f\u00fcr eine l\u00e4ngere Lebensdauer und ein luxuri\u00f6ses Aussehen.<\/li>\n<li><strong>Schutzbeschichtung:<\/strong> Die Beschichtung bietet zus\u00e4tzlichen Schutz vor Flecken und Abnutzung, so dass die Speisekarten l\u00e4nger wie neu aussehen.<\/li>\n<li><strong>Einfache Pflege:<\/strong> Dank der Beschichtung lassen sich Flecken und Schmutz leicht abwischen, so dass die Speisekarten stets sauber und vorzeigbar bleiben.<\/li>\n<\/ul>\n<p><button id=\"knop-contact-opnemen-de\">Kontaktieren Sie uns unverbindlich<\/button><\/p>\n","protected":false},"featured_media":37941,"template":"","meta":[],"product_brand":[],"product_cat":[1196],"product_tag":[1198,1199,1200,1201,1202,1203,1143],"class_list":{"0":"post-43024","1":"product","2":"type-product","3":"status-publish","4":"has-post-thumbnail","6":"product_cat-leder-speisekarten-de","7":"product_tag-maatwerk-menukaarten-de","8":"product_tag-menukaarten-de","9":"product_tag-menukaarten-horeca-de","10":"product_tag-menukaarten-kopen-de","11":"product_tag-menukaarten-op-maat-de","12":"product_tag-restaurant-menukaarten-de","13":"product_tag-speisekarten-aus-coated-leder","15":"first","16":"instock","17":"taxable","18":"shipping-taxable","19":"product-type-simple"},"yoast_head":"<!-- This site is optimized with the Yoast SEO Premium plugin v27.2 (Yoast SEO v27.2) - https:\/\/yoast.com\/product\/yoast-seo-premium-wordpress\/ -->\n<title>Coated Leder Speisekarten| Place Add<\/title>\n<meta name=\"description\" content=\"Coated Leder Speisekarten, die beste Wahl f\u00fcr Stil und Haltbarkeit. Hergestellt aus hochwertigem Leder mit Schutzbeschichtung f\u00fcr lang anhaltenden Luxus.\" \/>\n<meta name=\"robots\" content=\"index, follow, max-snippet:-1, max-image-preview:large, max-video-preview:-1\" \/>\n<link rel=\"canonical\" href=\"https:\/\/place-add.nl\/de\/produkt\/coated-leder-speisekarten\/\" \/>\n<meta property=\"og:locale\" content=\"de_DE\" \/>\n<meta property=\"og:type\" content=\"article\" \/>\n<meta property=\"og:title\" content=\"Coated Leder\" \/>\n<meta property=\"og:description\" content=\"Coated Leder Speisekarten, die beste Wahl f\u00fcr Stil und Haltbarkeit. Hergestellt aus hochwertigem Leder mit Schutzbeschichtung f\u00fcr lang anhaltenden Luxus.\" \/>\n<meta property=\"og:url\" content=\"https:\/\/place-add.nl\/de\/produkt\/coated-leder-speisekarten\/\" \/>\n<meta property=\"og:site_name\" content=\"Place Add\" \/>\n<meta property=\"article:publisher\" content=\"https:\/\/www.facebook.com\/PlaceAdd\/\" \/>\n<meta property=\"article:modified_time\" content=\"2025-06-26T14:17:53+00:00\" \/>\n<meta property=\"og:image\" content=\"https:\/\/place-add.nl\/wp-content\/uploads\/2024\/06\/Menukaarten_Coated_Place_Add_1.jpg\" \/>\n\t<meta property=\"og:image:width\" content=\"800\" \/>\n\t<meta property=\"og:image:height\" content=\"800\" \/>\n\t<meta property=\"og:image:type\" content=\"image\/jpeg\" \/>\n<meta name=\"twitter:card\" content=\"summary_large_image\" \/>\n<meta name=\"twitter:label1\" content=\"Gesch\u00e4tzte Lesezeit\" \/>\n\t<meta name=\"twitter:data1\" content=\"2\u00a0Minuten\" \/>\n<script type=\"application\/ld+json\" class=\"yoast-schema-graph\">{\"@context\":\"https:\/\/schema.org\",\"@graph\":[{\"@type\":\"WebPage\",\"@id\":\"https:\/\/place-add.nl\/de\/produkt\/coated-leder-speisekarten\/\",\"url\":\"https:\/\/place-add.nl\/de\/produkt\/coated-leder-speisekarten\/\",\"name\":\"Coated Leder Speisekarten| Place Add\",\"isPartOf\":{\"@id\":\"https:\/\/place-add.nl\/de\/#website\"},\"primaryImageOfPage\":{\"@id\":\"https:\/\/place-add.nl\/de\/produkt\/coated-leder-speisekarten\/#primaryimage\"},\"image\":{\"@id\":\"https:\/\/place-add.nl\/de\/produkt\/coated-leder-speisekarten\/#primaryimage\"},\"thumbnailUrl\":\"https:\/\/place-add.nl\/wp-content\/uploads\/2024\/06\/Menukaarten_Coated_Place_Add_1.jpg\",\"datePublished\":\"2024-06-07T12:26:45+00:00\",\"dateModified\":\"2025-06-26T14:17:53+00:00\",\"description\":\"Coated Leder Speisekarten, die beste Wahl f\u00fcr Stil und Haltbarkeit. Hergestellt aus hochwertigem Leder mit Schutzbeschichtung f\u00fcr lang anhaltenden Luxus.\",\"breadcrumb\":{\"@id\":\"https:\/\/place-add.nl\/de\/produkt\/coated-leder-speisekarten\/#breadcrumb\"},\"inLanguage\":\"de\",\"potentialAction\":[{\"@type\":\"ReadAction\",\"target\":[\"https:\/\/place-add.nl\/de\/produkt\/coated-leder-speisekarten\/\"]}]},{\"@type\":\"ImageObject\",\"inLanguage\":\"de\",\"@id\":\"https:\/\/place-add.nl\/de\/produkt\/coated-leder-speisekarten\/#primaryimage\",\"url\":\"https:\/\/place-add.nl\/wp-content\/uploads\/2024\/06\/Menukaarten_Coated_Place_Add_1.jpg\",\"contentUrl\":\"https:\/\/place-add.nl\/wp-content\/uploads\/2024\/06\/Menukaarten_Coated_Place_Add_1.jpg\",\"width\":800,\"height\":800,\"caption\":\"Coated Leder Menukaarten\"},{\"@type\":\"BreadcrumbList\",\"@id\":\"https:\/\/place-add.nl\/de\/produkt\/coated-leder-speisekarten\/#breadcrumb\",\"itemListElement\":[{\"@type\":\"ListItem\",\"position\":1,\"name\":\"Home\",\"item\":\"https:\/\/place-add.nl\/de\/home\/\"},{\"@type\":\"ListItem\",\"position\":2,\"name\":\"Shop\",\"item\":\"https:\/\/place-add.nl\/de\/shop\/\"},{\"@type\":\"ListItem\",\"position\":3,\"name\":\"Coated Leder\"}]},{\"@type\":\"WebSite\",\"@id\":\"https:\/\/place-add.nl\/de\/#website\",\"url\":\"https:\/\/place-add.nl\/de\/\",\"name\":\"Place Add\",\"description\":\"Tafelkleding voor de horeca\",\"publisher\":{\"@id\":\"https:\/\/place-add.nl\/de\/#organization\"},\"potentialAction\":[{\"@type\":\"SearchAction\",\"target\":{\"@type\":\"EntryPoint\",\"urlTemplate\":\"https:\/\/place-add.nl\/de\/?s={search_term_string}\"},\"query-input\":{\"@type\":\"PropertyValueSpecification\",\"valueRequired\":true,\"valueName\":\"search_term_string\"}}],\"inLanguage\":\"de\"},{\"@type\":\"Organization\",\"@id\":\"https:\/\/place-add.nl\/de\/#organization\",\"name\":\"Place Add\",\"url\":\"https:\/\/place-add.nl\/de\/\",\"logo\":{\"@type\":\"ImageObject\",\"inLanguage\":\"de\",\"@id\":\"https:\/\/place-add.nl\/de\/#\/schema\/logo\/image\/\",\"url\":\"https:\/\/place-add.nl\/wp-content\/uploads\/2023\/11\/logo-img-place-add.png\",\"contentUrl\":\"https:\/\/place-add.nl\/wp-content\/uploads\/2023\/11\/logo-img-place-add.png\",\"width\":404,\"height\":106,\"caption\":\"Place Add\"},\"image\":{\"@id\":\"https:\/\/place-add.nl\/de\/#\/schema\/logo\/image\/\"},\"sameAs\":[\"https:\/\/www.facebook.com\/PlaceAdd\/\",\"https:\/\/www.instagram.com\/place_add\/\",\"https:\/\/www.youtube.com\/@placeadd\"]}]}<\/script>\n<!-- \/ Yoast SEO Premium plugin. -->","yoast_head_json":{"title":"Coated Leder Speisekarten| Place Add","description":"Coated Leder Speisekarten, die beste Wahl f\u00fcr Stil und Haltbarkeit. Hergestellt aus hochwertigem Leder mit Schutzbeschichtung f\u00fcr lang anhaltenden Luxus.","robots":{"index":"index","follow":"follow","max-snippet":"max-snippet:-1","max-image-preview":"max-image-preview:large","max-video-preview":"max-video-preview:-1"},"canonical":"https:\/\/place-add.nl\/de\/produkt\/coated-leder-speisekarten\/","og_locale":"de_DE","og_type":"article","og_title":"Coated Leder","og_description":"Coated Leder Speisekarten, die beste Wahl f\u00fcr Stil und Haltbarkeit. Hergestellt aus hochwertigem Leder mit Schutzbeschichtung f\u00fcr lang anhaltenden Luxus.","og_url":"https:\/\/place-add.nl\/de\/produkt\/coated-leder-speisekarten\/","og_site_name":"Place Add","article_publisher":"https:\/\/www.facebook.com\/PlaceAdd\/","article_modified_time":"2025-06-26T14:17:53+00:00","og_image":[{"width":800,"height":800,"url":"https:\/\/place-add.nl\/wp-content\/uploads\/2024\/06\/Menukaarten_Coated_Place_Add_1.jpg","type":"image\/jpeg"}],"twitter_card":"summary_large_image","twitter_misc":{"Gesch\u00e4tzte Lesezeit":"2\u00a0Minuten"},"schema":{"@context":"https:\/\/schema.org","@graph":[{"@type":"WebPage","@id":"https:\/\/place-add.nl\/de\/produkt\/coated-leder-speisekarten\/","url":"https:\/\/place-add.nl\/de\/produkt\/coated-leder-speisekarten\/","name":"Coated Leder Speisekarten| Place Add","isPartOf":{"@id":"https:\/\/place-add.nl\/de\/#website"},"primaryImageOfPage":{"@id":"https:\/\/place-add.nl\/de\/produkt\/coated-leder-speisekarten\/#primaryimage"},"image":{"@id":"https:\/\/place-add.nl\/de\/produkt\/coated-leder-speisekarten\/#primaryimage"},"thumbnailUrl":"https:\/\/place-add.nl\/wp-content\/uploads\/2024\/06\/Menukaarten_Coated_Place_Add_1.jpg","datePublished":"2024-06-07T12:26:45+00:00","dateModified":"2025-06-26T14:17:53+00:00","description":"Coated Leder Speisekarten, die beste Wahl f\u00fcr Stil und Haltbarkeit. Hergestellt aus hochwertigem Leder mit Schutzbeschichtung f\u00fcr lang anhaltenden Luxus.","breadcrumb":{"@id":"https:\/\/place-add.nl\/de\/produkt\/coated-leder-speisekarten\/#breadcrumb"},"inLanguage":"de","potentialAction":[{"@type":"ReadAction","target":["https:\/\/place-add.nl\/de\/produkt\/coated-leder-speisekarten\/"]}]},{"@type":"ImageObject","inLanguage":"de","@id":"https:\/\/place-add.nl\/de\/produkt\/coated-leder-speisekarten\/#primaryimage","url":"https:\/\/place-add.nl\/wp-content\/uploads\/2024\/06\/Menukaarten_Coated_Place_Add_1.jpg","contentUrl":"https:\/\/place-add.nl\/wp-content\/uploads\/2024\/06\/Menukaarten_Coated_Place_Add_1.jpg","width":800,"height":800,"caption":"Coated Leder Menukaarten"},{"@type":"BreadcrumbList","@id":"https:\/\/place-add.nl\/de\/produkt\/coated-leder-speisekarten\/#breadcrumb","itemListElement":[{"@type":"ListItem","position":1,"name":"Home","item":"https:\/\/place-add.nl\/de\/home\/"},{"@type":"ListItem","position":2,"name":"Shop","item":"https:\/\/place-add.nl\/de\/shop\/"},{"@type":"ListItem","position":3,"name":"Coated Leder"}]},{"@type":"WebSite","@id":"https:\/\/place-add.nl\/de\/#website","url":"https:\/\/place-add.nl\/de\/","name":"Place Add","description":"Tafelkleding voor de horeca","publisher":{"@id":"https:\/\/place-add.nl\/de\/#organization"},"potentialAction":[{"@type":"SearchAction","target":{"@type":"EntryPoint","urlTemplate":"https:\/\/place-add.nl\/de\/?s={search_term_string}"},"query-input":{"@type":"PropertyValueSpecification","valueRequired":true,"valueName":"search_term_string"}}],"inLanguage":"de"},{"@type":"Organization","@id":"https:\/\/place-add.nl\/de\/#organization","name":"Place Add","url":"https:\/\/place-add.nl\/de\/","logo":{"@type":"ImageObject","inLanguage":"de","@id":"https:\/\/place-add.nl\/de\/#\/schema\/logo\/image\/","url":"https:\/\/place-add.nl\/wp-content\/uploads\/2023\/11\/logo-img-place-add.png","contentUrl":"https:\/\/place-add.nl\/wp-content\/uploads\/2023\/11\/logo-img-place-add.png","width":404,"height":106,"caption":"Place Add"},"image":{"@id":"https:\/\/place-add.nl\/de\/#\/schema\/logo\/image\/"},"sameAs":["https:\/\/www.facebook.com\/PlaceAdd\/","https:\/\/www.instagram.com\/place_add\/","https:\/\/www.youtube.com\/@placeadd"]}]}},"_links":{"self":[{"href":"https:\/\/place-add.nl\/de\/wp-json\/wp\/v2\/product\/43024","targetHints":{"allow":["GET"]}}],"collection":[{"href":"https:\/\/place-add.nl\/de\/wp-json\/wp\/v2\/product"}],"about":[{"href":"https:\/\/place-add.nl\/de\/wp-json\/wp\/v2\/types\/product"}],"wp:featuredmedia":[{"embeddable":true,"href":"https:\/\/place-add.nl\/de\/wp-json\/wp\/v2\/media\/37941"}],"wp:attachment":[{"href":"https:\/\/place-add.nl\/de\/wp-json\/wp\/v2\/media?parent=43024"}],"wp:term":[{"taxonomy":"product_brand","embeddable":true,"href":"https:\/\/place-add.nl\/de\/wp-json\/wp\/v2\/product_brand?post=43024"},{"taxonomy":"product_cat","embeddable":true,"href":"https:\/\/place-add.nl\/de\/wp-json\/wp\/v2\/product_cat?post=43024"},{"taxonomy":"product_tag","embeddable":true,"href":"https:\/\/place-add.nl\/de\/wp-json\/wp\/v2\/product_tag?post=43024"}],"curies":[{"name":"wp","href":"https:\/\/api.w.org\/{rel}","templated":true}]}}