{"id":43040,"date":"2024-06-07T15:04:20","date_gmt":"2024-06-07T15:04:20","guid":{"rendered":"https:\/\/place-add.nl\/product\/buffalo-bill\/"},"modified":"2024-11-29T08:29:06","modified_gmt":"2024-11-29T08:29:06","slug":"buffalo-bill-speisekarten","status":"publish","type":"product","link":"https:\/\/place-add.nl\/de\/produkt\/buffalo-bill-speisekarten\/","title":{"rendered":"Buffalo"},"content":{"rendered":"<p><strong>Buffalo Bill Speisekarten<\/strong> bieten nicht nur eine haltbare und stilvolle Pr\u00e4sentation Ihrer Speisekarte, sondern auch die M\u00f6glichkeit, die Men\u00fcmappe vollst\u00e4ndig an das Erscheinungsbild Ihres Unternehmens anzupassen.<\/p>\n<p>Mit einer gro\u00dfen Auswahl an Farben und Gr\u00f6\u00dfen k\u00f6nnen Sie ganz einfach den perfekten Farbton w\u00e4hlen, der sich nahtlos in Ihre Einrichtung einf\u00fcgt. Verf\u00fcgbare Farben:<\/p>\n<ul>\n<li><strong>Graphit<\/strong><\/li>\n<li><strong>Braun<\/strong><\/li>\n<li><strong>Brandy<\/strong><\/li>\n<li><strong>Rot<\/strong><\/li>\n<li><strong>Braun<\/strong><\/li>\n<li><strong>Kiefer<\/strong><\/li>\n<li><strong>Marine<\/strong><\/li>\n<li><strong>Schwarz<\/strong><\/li>\n<\/ul>\n<p>Dies gibt Ihnen die Freiheit, eine Buffalo Bill Men\u00fckarte zu gestalten, die sowohl funktionell als auch optisch ansprechend ist.<\/p>\n<p>Machen Sie Ihre <strong>Buffalo Bill Speisekarten<\/strong> einzigartig, indem Sie ein Etikett in Braun oder Schwarz w\u00e4hlen, das mit Ihrem eigenen Logo bedruckt ist. Das Etikett verleiht Ihren <strong>Speisekarten<\/strong> ein dezentes, aber professionelles Aussehen.<\/p>\n<p>Dar\u00fcber hinaus k\u00f6nnen Sie auch den Einband selbst bedrucken lassen, um ein noch pers\u00f6nlicheres und individuelleres Aussehen zu erzielen. Ob Sie sich f\u00fcr ein minimalistisches Logo oder einen detaillierten Druck entscheiden, die M\u00f6glichkeiten sind endlos, um Ihrer Men\u00fckarte das gewisse Etwas zu verleihen.<\/p>\n<p>Unsere <strong>Speisekarten<\/strong> sind in verschiedenen Gr\u00f6\u00dfen erh\u00e4ltlich:<\/p>\n<ul>\n<li>A4<\/li>\n<li>A4 Quadratisch<\/li>\n<li>A4 Schmal<\/li>\n<li>A4 Halb<\/li>\n<li>A5<\/li>\n<\/ul>\n<p>Dank dieser gro\u00dfen Auswahl k\u00f6nnen Sie immer eine Farbe und ein Format finden, das Ihren Bed\u00fcrfnissen entspricht.<\/p>\n<p>Bevorzugen Sie eine andere Art von Leder? Dann schauen Sie sich unsere Speisekarten aus <strong><a href=\"https:\/\/place-add.nl\/menukaarten\/menukaarten-op-maat\/leren-menukaarten\/\">Pull-Up-Leder und Coated Leder<\/a><\/strong> an, die eine noch gr\u00f6\u00dfere Auswahl bieten.<\/p>\n<p>Einige Speisekarten aus Pull-up-Leder und Coated Leder sind auch auf unserer <a href=\"https:\/\/www.craftontable.com\/collections\">Craft on Table-Website<\/a> ab Lager erh\u00e4ltlich!<\/p>\n<p>Haben Sie Fragen oder ben\u00f6tigen Sie fachkundigen Rat? Unser engagiertes Team ist f\u00fcr Sie da und hilft Ihnen bei jedem Schritt. Wir denken gerne mit Ihnen \u00fcber die Auswahl von Farben, Formaten und Personalisierungsm\u00f6glichkeiten nach, damit Sie immer die beste Wahl treffen.<\/p>\n<p><strong>Kontaktieren Sie uns f\u00fcr eine pers\u00f6nliche Beratung oder um direkt zu bestellen. Wir sind gerne f\u00fcr Sie da!<\/strong><\/p>\n","protected":false},"excerpt":{"rendered":"<p>Verleihen Sie Ihrer Men\u00fckarte mit unserer Serie \u201e<strong>BUFFALO<\/strong>\u201c einen stilvollen, robusten Look. Diese aus 3 mm dickem Rindsleder gefertigte Men\u00fckarte bietet eine unvergleichliche Qualit\u00e4t und Haltbarkeit. Das echte Leder wird mit der Zeit immer sch\u00f6ner, denn die Gebrauchsspuren verleihen der Karte Charakter.<\/p>\n<p><strong>Warum die Speisekarten \u201eBUFFALO\u201c aus Leder w\u00e4hlen?<\/strong><\/p>\n<ul>\n<li><strong>Hochwertige Materialien<\/strong>: Hergestellt aus echtem Rindsleder f\u00fcr lange Haltbarkeit.<\/li>\n<li><strong>Stilvolles Aussehen<\/strong>: Das robuste Aussehen des Leders verleiht Ihrer Men\u00fckarte einen einzigartigen Charakter.<\/li>\n<li><strong>Perfekter Verschluss<\/strong>: Der Umschlag ist auf der Innenseite der R\u00fcckseite gefr\u00e4st und l\u00e4sst sich leicht \u00f6ffnen und schlie\u00dfen.<\/li>\n<\/ul>\n","protected":false},"featured_media":37843,"template":"","meta":[],"product_brand":[],"product_cat":[1196],"product_tag":[1141,1198,1199,1200,1201,1202,1203],"class_list":{"0":"post-43040","1":"product","2":"type-product","3":"status-publish","4":"has-post-thumbnail","6":"product_cat-leder-speisekarten-de","7":"product_tag-buffalo-bill-speisekarten","8":"product_tag-maatwerk-menukaarten-de","9":"product_tag-menukaarten-de","10":"product_tag-menukaarten-horeca-de","11":"product_tag-menukaarten-kopen-de","12":"product_tag-menukaarten-op-maat-de","13":"product_tag-restaurant-menukaarten-de","15":"first","16":"instock","17":"taxable","18":"shipping-taxable","19":"product-type-simple"},"yoast_head":"<!-- This site is optimized with the Yoast SEO Premium plugin v27.2 (Yoast SEO v27.2) - https:\/\/yoast.com\/product\/yoast-seo-premium-wordpress\/ -->\n<title>Buffalo Bill Speisekarten | Hergestellt aus hochwertigem Rindsleder | Place Add<\/title>\n<meta name=\"description\" content=\"Verleihen Sie Ihrer Men\u00fckarte Charakter mit unserer BUFFALO BILL-Serie. Hergestellt aus 3 mm dickem Rindsleder f\u00fcr lange Haltbarkeit.\" \/>\n<meta name=\"robots\" content=\"index, follow, max-snippet:-1, max-image-preview:large, max-video-preview:-1\" \/>\n<link rel=\"canonical\" href=\"https:\/\/place-add.nl\/de\/produkt\/buffalo-bill-speisekarten\/\" \/>\n<meta property=\"og:locale\" content=\"de_DE\" \/>\n<meta property=\"og:type\" content=\"article\" \/>\n<meta property=\"og:title\" content=\"Buffalo\" \/>\n<meta property=\"og:description\" content=\"Verleihen Sie Ihrer Men\u00fckarte Charakter mit unserer BUFFALO BILL-Serie. Hergestellt aus 3 mm dickem Rindsleder f\u00fcr lange Haltbarkeit.\" \/>\n<meta property=\"og:url\" content=\"https:\/\/place-add.nl\/de\/produkt\/buffalo-bill-speisekarten\/\" \/>\n<meta property=\"og:site_name\" content=\"Place Add\" \/>\n<meta property=\"article:publisher\" content=\"https:\/\/www.facebook.com\/PlaceAdd\/\" \/>\n<meta property=\"article:modified_time\" content=\"2024-11-29T08:29:06+00:00\" \/>\n<meta property=\"og:image\" content=\"https:\/\/place-add.nl\/wp-content\/uploads\/2024\/06\/Menukaarten_Buffalo_Leder_Place_Add_1.jpg\" \/>\n\t<meta property=\"og:image:width\" content=\"800\" \/>\n\t<meta property=\"og:image:height\" content=\"800\" \/>\n\t<meta property=\"og:image:type\" content=\"image\/jpeg\" \/>\n<meta name=\"twitter:card\" content=\"summary_large_image\" \/>\n<meta name=\"twitter:label1\" content=\"Gesch\u00e4tzte Lesezeit\" \/>\n\t<meta name=\"twitter:data1\" content=\"2\u00a0Minuten\" \/>\n<script type=\"application\/ld+json\" class=\"yoast-schema-graph\">{\"@context\":\"https:\/\/schema.org\",\"@graph\":[{\"@type\":\"WebPage\",\"@id\":\"https:\/\/place-add.nl\/de\/produkt\/buffalo-bill-speisekarten\/\",\"url\":\"https:\/\/place-add.nl\/de\/produkt\/buffalo-bill-speisekarten\/\",\"name\":\"Buffalo Bill Speisekarten | Hergestellt aus hochwertigem Rindsleder | Place Add\",\"isPartOf\":{\"@id\":\"https:\/\/place-add.nl\/de\/#website\"},\"primaryImageOfPage\":{\"@id\":\"https:\/\/place-add.nl\/de\/produkt\/buffalo-bill-speisekarten\/#primaryimage\"},\"image\":{\"@id\":\"https:\/\/place-add.nl\/de\/produkt\/buffalo-bill-speisekarten\/#primaryimage\"},\"thumbnailUrl\":\"https:\/\/place-add.nl\/wp-content\/uploads\/2024\/06\/Menukaarten_Buffalo_Leder_Place_Add_1.jpg\",\"datePublished\":\"2024-06-07T15:04:20+00:00\",\"dateModified\":\"2024-11-29T08:29:06+00:00\",\"description\":\"Verleihen Sie Ihrer Men\u00fckarte Charakter mit unserer BUFFALO BILL-Serie. Hergestellt aus 3 mm dickem Rindsleder f\u00fcr lange Haltbarkeit.\",\"breadcrumb\":{\"@id\":\"https:\/\/place-add.nl\/de\/produkt\/buffalo-bill-speisekarten\/#breadcrumb\"},\"inLanguage\":\"de\",\"potentialAction\":[{\"@type\":\"ReadAction\",\"target\":[\"https:\/\/place-add.nl\/de\/produkt\/buffalo-bill-speisekarten\/\"]}]},{\"@type\":\"ImageObject\",\"inLanguage\":\"de\",\"@id\":\"https:\/\/place-add.nl\/de\/produkt\/buffalo-bill-speisekarten\/#primaryimage\",\"url\":\"https:\/\/place-add.nl\/wp-content\/uploads\/2024\/06\/Menukaarten_Buffalo_Leder_Place_Add_1.jpg\",\"contentUrl\":\"https:\/\/place-add.nl\/wp-content\/uploads\/2024\/06\/Menukaarten_Buffalo_Leder_Place_Add_1.jpg\",\"width\":800,\"height\":800,\"caption\":\"Buffalo Bill Menukaarten\"},{\"@type\":\"BreadcrumbList\",\"@id\":\"https:\/\/place-add.nl\/de\/produkt\/buffalo-bill-speisekarten\/#breadcrumb\",\"itemListElement\":[{\"@type\":\"ListItem\",\"position\":1,\"name\":\"Home\",\"item\":\"https:\/\/place-add.nl\/de\/home\/\"},{\"@type\":\"ListItem\",\"position\":2,\"name\":\"Shop\",\"item\":\"https:\/\/place-add.nl\/de\/shop\/\"},{\"@type\":\"ListItem\",\"position\":3,\"name\":\"Buffalo\"}]},{\"@type\":\"WebSite\",\"@id\":\"https:\/\/place-add.nl\/de\/#website\",\"url\":\"https:\/\/place-add.nl\/de\/\",\"name\":\"Place Add\",\"description\":\"Tafelkleding voor de horeca\",\"publisher\":{\"@id\":\"https:\/\/place-add.nl\/de\/#organization\"},\"potentialAction\":[{\"@type\":\"SearchAction\",\"target\":{\"@type\":\"EntryPoint\",\"urlTemplate\":\"https:\/\/place-add.nl\/de\/?s={search_term_string}\"},\"query-input\":{\"@type\":\"PropertyValueSpecification\",\"valueRequired\":true,\"valueName\":\"search_term_string\"}}],\"inLanguage\":\"de\"},{\"@type\":\"Organization\",\"@id\":\"https:\/\/place-add.nl\/de\/#organization\",\"name\":\"Place Add\",\"url\":\"https:\/\/place-add.nl\/de\/\",\"logo\":{\"@type\":\"ImageObject\",\"inLanguage\":\"de\",\"@id\":\"https:\/\/place-add.nl\/de\/#\/schema\/logo\/image\/\",\"url\":\"https:\/\/place-add.nl\/wp-content\/uploads\/2023\/11\/logo-img-place-add.png\",\"contentUrl\":\"https:\/\/place-add.nl\/wp-content\/uploads\/2023\/11\/logo-img-place-add.png\",\"width\":404,\"height\":106,\"caption\":\"Place Add\"},\"image\":{\"@id\":\"https:\/\/place-add.nl\/de\/#\/schema\/logo\/image\/\"},\"sameAs\":[\"https:\/\/www.facebook.com\/PlaceAdd\/\",\"https:\/\/www.instagram.com\/place_add\/\",\"https:\/\/www.youtube.com\/@placeadd\"]}]}<\/script>\n<!-- \/ Yoast SEO Premium plugin. -->","yoast_head_json":{"title":"Buffalo Bill Speisekarten | Hergestellt aus hochwertigem Rindsleder | Place Add","description":"Verleihen Sie Ihrer Men\u00fckarte Charakter mit unserer BUFFALO BILL-Serie. Hergestellt aus 3 mm dickem Rindsleder f\u00fcr lange Haltbarkeit.","robots":{"index":"index","follow":"follow","max-snippet":"max-snippet:-1","max-image-preview":"max-image-preview:large","max-video-preview":"max-video-preview:-1"},"canonical":"https:\/\/place-add.nl\/de\/produkt\/buffalo-bill-speisekarten\/","og_locale":"de_DE","og_type":"article","og_title":"Buffalo","og_description":"Verleihen Sie Ihrer Men\u00fckarte Charakter mit unserer BUFFALO BILL-Serie. Hergestellt aus 3 mm dickem Rindsleder f\u00fcr lange Haltbarkeit.","og_url":"https:\/\/place-add.nl\/de\/produkt\/buffalo-bill-speisekarten\/","og_site_name":"Place Add","article_publisher":"https:\/\/www.facebook.com\/PlaceAdd\/","article_modified_time":"2024-11-29T08:29:06+00:00","og_image":[{"width":800,"height":800,"url":"https:\/\/place-add.nl\/wp-content\/uploads\/2024\/06\/Menukaarten_Buffalo_Leder_Place_Add_1.jpg","type":"image\/jpeg"}],"twitter_card":"summary_large_image","twitter_misc":{"Gesch\u00e4tzte Lesezeit":"2\u00a0Minuten"},"schema":{"@context":"https:\/\/schema.org","@graph":[{"@type":"WebPage","@id":"https:\/\/place-add.nl\/de\/produkt\/buffalo-bill-speisekarten\/","url":"https:\/\/place-add.nl\/de\/produkt\/buffalo-bill-speisekarten\/","name":"Buffalo Bill Speisekarten | Hergestellt aus hochwertigem Rindsleder | Place Add","isPartOf":{"@id":"https:\/\/place-add.nl\/de\/#website"},"primaryImageOfPage":{"@id":"https:\/\/place-add.nl\/de\/produkt\/buffalo-bill-speisekarten\/#primaryimage"},"image":{"@id":"https:\/\/place-add.nl\/de\/produkt\/buffalo-bill-speisekarten\/#primaryimage"},"thumbnailUrl":"https:\/\/place-add.nl\/wp-content\/uploads\/2024\/06\/Menukaarten_Buffalo_Leder_Place_Add_1.jpg","datePublished":"2024-06-07T15:04:20+00:00","dateModified":"2024-11-29T08:29:06+00:00","description":"Verleihen Sie Ihrer Men\u00fckarte Charakter mit unserer BUFFALO BILL-Serie. Hergestellt aus 3 mm dickem Rindsleder f\u00fcr lange Haltbarkeit.","breadcrumb":{"@id":"https:\/\/place-add.nl\/de\/produkt\/buffalo-bill-speisekarten\/#breadcrumb"},"inLanguage":"de","potentialAction":[{"@type":"ReadAction","target":["https:\/\/place-add.nl\/de\/produkt\/buffalo-bill-speisekarten\/"]}]},{"@type":"ImageObject","inLanguage":"de","@id":"https:\/\/place-add.nl\/de\/produkt\/buffalo-bill-speisekarten\/#primaryimage","url":"https:\/\/place-add.nl\/wp-content\/uploads\/2024\/06\/Menukaarten_Buffalo_Leder_Place_Add_1.jpg","contentUrl":"https:\/\/place-add.nl\/wp-content\/uploads\/2024\/06\/Menukaarten_Buffalo_Leder_Place_Add_1.jpg","width":800,"height":800,"caption":"Buffalo Bill Menukaarten"},{"@type":"BreadcrumbList","@id":"https:\/\/place-add.nl\/de\/produkt\/buffalo-bill-speisekarten\/#breadcrumb","itemListElement":[{"@type":"ListItem","position":1,"name":"Home","item":"https:\/\/place-add.nl\/de\/home\/"},{"@type":"ListItem","position":2,"name":"Shop","item":"https:\/\/place-add.nl\/de\/shop\/"},{"@type":"ListItem","position":3,"name":"Buffalo"}]},{"@type":"WebSite","@id":"https:\/\/place-add.nl\/de\/#website","url":"https:\/\/place-add.nl\/de\/","name":"Place Add","description":"Tafelkleding voor de horeca","publisher":{"@id":"https:\/\/place-add.nl\/de\/#organization"},"potentialAction":[{"@type":"SearchAction","target":{"@type":"EntryPoint","urlTemplate":"https:\/\/place-add.nl\/de\/?s={search_term_string}"},"query-input":{"@type":"PropertyValueSpecification","valueRequired":true,"valueName":"search_term_string"}}],"inLanguage":"de"},{"@type":"Organization","@id":"https:\/\/place-add.nl\/de\/#organization","name":"Place Add","url":"https:\/\/place-add.nl\/de\/","logo":{"@type":"ImageObject","inLanguage":"de","@id":"https:\/\/place-add.nl\/de\/#\/schema\/logo\/image\/","url":"https:\/\/place-add.nl\/wp-content\/uploads\/2023\/11\/logo-img-place-add.png","contentUrl":"https:\/\/place-add.nl\/wp-content\/uploads\/2023\/11\/logo-img-place-add.png","width":404,"height":106,"caption":"Place Add"},"image":{"@id":"https:\/\/place-add.nl\/de\/#\/schema\/logo\/image\/"},"sameAs":["https:\/\/www.facebook.com\/PlaceAdd\/","https:\/\/www.instagram.com\/place_add\/","https:\/\/www.youtube.com\/@placeadd"]}]}},"_links":{"self":[{"href":"https:\/\/place-add.nl\/de\/wp-json\/wp\/v2\/product\/43040","targetHints":{"allow":["GET"]}}],"collection":[{"href":"https:\/\/place-add.nl\/de\/wp-json\/wp\/v2\/product"}],"about":[{"href":"https:\/\/place-add.nl\/de\/wp-json\/wp\/v2\/types\/product"}],"wp:featuredmedia":[{"embeddable":true,"href":"https:\/\/place-add.nl\/de\/wp-json\/wp\/v2\/media\/37843"}],"wp:attachment":[{"href":"https:\/\/place-add.nl\/de\/wp-json\/wp\/v2\/media?parent=43040"}],"wp:term":[{"taxonomy":"product_brand","embeddable":true,"href":"https:\/\/place-add.nl\/de\/wp-json\/wp\/v2\/product_brand?post=43040"},{"taxonomy":"product_cat","embeddable":true,"href":"https:\/\/place-add.nl\/de\/wp-json\/wp\/v2\/product_cat?post=43040"},{"taxonomy":"product_tag","embeddable":true,"href":"https:\/\/place-add.nl\/de\/wp-json\/wp\/v2\/product_tag?post=43040"}],"curies":[{"name":"wp","href":"https:\/\/api.w.org\/{rel}","templated":true}]}}