{"id":43046,"date":"2024-06-10T12:13:26","date_gmt":"2024-06-10T12:13:26","guid":{"rendered":"https:\/\/place-add.nl\/product\/grain-menukaarten\/"},"modified":"2026-02-25T09:33:36","modified_gmt":"2026-02-25T09:33:36","slug":"kunstleder-grain","status":"publish","type":"product","link":"https:\/\/place-add.nl\/de\/produkt\/kunstleder-grain\/","title":{"rendered":"Kunstleder Grain"},"content":{"rendered":"<p><strong>Grain Speisekarten<\/strong> sind darauf ausgelegt, Ihrem Gastronomiebetrieb eine raffinierte und elegante Ausstrahlung zu verleihen. Aus strapazierf\u00e4higem Kunstleder gefertigt und sorgf\u00e4ltig mit doppelt umgeschlagenen Kanten verarbeitet, bieten diese Speisekarten nicht nur Langlebigkeit, sondern auch eine luxuri\u00f6se Optik. Die sorgf\u00e4ltig ausgew\u00e4hlten Farben und die ansprechende Struktur verleihen den Speisekarten einen Hauch von Klasse und Stil und machen sie zur idealen Wahl f\u00fcr Restaurants, Caf\u00e9s, Hotels oder andere Gastronomiebetriebe, die eine hochwertige Pr\u00e4sentation ihres Men\u00fcs anstreben.<\/p>\n<p>Die Grain Speisekarten wurden mit viel Liebe zum Detail entworfen und hinterlassen bei Ihren G\u00e4sten ab dem ersten Moment, in dem die Karte \u00fcberreicht wird, einen bleibenden Eindruck. Dank der Vielseitigkeit der verf\u00fcgbaren Formate k\u00f6nnen Sie stets die richtige Auswahl f\u00fcr Ihre spezifischen Bed\u00fcrfnisse treffen, egal ob Sie eine kompakte L\u00f6sung oder ein gr\u00f6\u00dferes Format f\u00fcr umfangreichere Men\u00fcs ben\u00f6tigen.<\/p>\n<p><strong>Unsere Grain-Speisekarten sind in den folgenden Formaten erh\u00e4ltlich:<\/strong><\/p>\n<ul>\n<li><strong>A4<\/strong><\/li>\n<li><strong>A4 XL<\/strong><\/li>\n<li><strong>A4 Quadrat<\/strong><\/li>\n<li><strong>A4 Schmal<\/strong><\/li>\n<li><strong>A4 Halb<\/strong><\/li>\n<li><strong>A5<\/strong><\/li>\n<\/ul>\n<p>Jedes Format ist sorgf\u00e4ltig auf die verschiedenen W\u00fcnsche unserer Kunden abgestimmt, sodass Sie immer eine passende L\u00f6sung finden k\u00f6nnen. Ob f\u00fcr ein kleines, intimes Restaurant oder eine gr\u00f6\u00dfere Einrichtung \u2013 es gibt immer das passende Format.<\/p>\n<p>Vervollst\u00e4ndigen Sie das Gesamtbild mit einer unserer <strong><a href=\"https:\/\/place-add.nl\/de\/speisekarten\/speisekarten-nach-mass\/rechnungsordner\/\">Kunstleder-Rechnungsmappen<\/a><\/strong> im gleichen Material oder w\u00e4hlen Sie ein passendes alternatives Material!<\/p>\n<p>Lieber eine andere Art von Kunstleder-Men\u00fckarte? Sehen Sie sich unbedingt unsere <strong><a href=\"https:\/\/place-add.nl\/de\/produkt\/kunstleder-soft-touch\/\">Soft Touch-Speisekarten<\/a> <\/strong>an!<\/p>\n<p>Ben\u00f6tigen Sie die Speisekarten kurzfristig? Besuchen Sie unsere zweite Website, <strong><a href=\"https:\/\/www.craftontable.com\/collections\">Craftontable.com<\/a><\/strong>, f\u00fcr schnelle Lieferoptionen.<\/p>\n<p><strong>Brauchen Sie pers\u00f6nliche Beratung bei Ihrer Auswahl? Z\u00f6gern Sie nicht, uns zu kontaktieren. Unser engagiertes Team steht bereit, um Ihnen zu helfen, die perfekte Men\u00fckarte zu finden, die sowohl zur Atmosph\u00e4re Ihres Betriebs als auch zu den Erwartungen Ihrer G\u00e4ste passt.<\/strong><\/p>\n","protected":false},"excerpt":{"rendered":"<p>Die Speisekarten &#8216;Grain&#8217; vereinen robustes Kunstleder mit raffinierten Farben und Texturen f\u00fcr einen unverwechselbaren, eleganten Look. Mit ihrer Doppelpr\u00e4gung f\u00fcr ein exklusives Finish sind diese Speisekarten die perfekte Wahl f\u00fcr alle, die eine hochwertige Pr\u00e4sentation ihrer Speisekarte w\u00fcnschen.<\/p>\n<p><strong>Warum sollten Sie sich f\u00fcr die Speisekarten aus Kunstleder &#8216;Grain&#8217; entscheiden?<\/strong><\/p>\n<ul>\n<li><strong>Strapazierf\u00e4higes Kunstleder:<\/strong> Langlebig und pflegeleicht, mit luxuri\u00f6sem Aussehen und Gef\u00fchl.<\/li>\n<li><strong>Verschiedene Farboptionen und Texturen<\/strong>: W\u00e4hlen Sie aus einer Reihe von Farben und Texturen f\u00fcr ein individuelles Erscheinungsbild.<\/li>\n<li><strong>Doppelt gewendetes Design<\/strong>: Das doppelt gewendete Design verleiht der Karte ein exklusives Aussehen.<\/li>\n<\/ul>\n<h6>Unser Konfigurator zeigt Ihnen die verschiedenen Optionen und Farben. F\u00fcr ein individuelles Angebot nehmen Sie bitte Kontakt mit uns auf.<\/h6>\n<h6><a class=\"button-custom-product\" style=\"font-size: 16px;\" href=\"https:\/\/place-add.nl\/de\/speisekarten\/speisekarten-nach-mass\/kunstleder-speisekarten\/konfigurator-kunstleder-grain\/\" target=\"_blank\" rel=\"noopener\">A4<\/a><span style=\"font-size: 16px;\">\u00a0<\/span><a class=\"button-custom-product\" style=\"font-size: 16px;\" href=\"https:\/\/place-add.nl\/de\/speisekarten\/konfigurator-kunstleder-grain-a4-schmal\/\" target=\"_blank\" rel=\"noopener\">A4S<\/a> <a class=\"button-custom-product\" style=\"font-size: 16px;\" href=\"https:\/\/place-add.nl\/de\/speisekarten\/speisekarten-nach-mass\/kunstleder-speisekarten\/menukaarten-op-maat-configurator-kunstleder-grain-a4v\/\" target=\"_blank\" rel=\"noopener\">A4Q<\/a> <a class=\"button-custom-product\" style=\"font-size: 16px;\" href=\"https:\/\/place-add.nl\/de\/speisekarten\/konfigurator-kunstleder-grain-a4-halb\/\" target=\"_blank\" rel=\"noopener\">A4H<\/a> <a class=\"button-custom-product\" style=\"font-size: 16px;\" href=\"https:\/\/place-add.nl\/de\/speisekarten\/speisekarten-nach-mass\/kunstleder-speisekarten\/menukaarten-op-maat-configurator-kunstleder-grain-a5\/\" target=\"_blank\" rel=\"noopener\">A5<\/a><\/h6>\n<div class=\"button-container\">\n<div style=\"float: left;\"><button id=\"knop-contact-opnemen-de\">Kontaktieren Sie uns unverbindlich<\/button><\/div>\n<\/div>\n","protected":false},"featured_media":37856,"template":"","meta":[],"product_brand":[],"product_cat":[1422],"product_tag":[1154,1198,1199,1200,1201,1202,1203],"class_list":{"0":"post-43046","1":"product","2":"type-product","3":"status-publish","4":"has-post-thumbnail","6":"product_cat-kunstleder-de","7":"product_tag-grain-speisekarten","8":"product_tag-maatwerk-menukaarten-de","9":"product_tag-menukaarten-de","10":"product_tag-menukaarten-horeca-de","11":"product_tag-menukaarten-kopen-de","12":"product_tag-menukaarten-op-maat-de","13":"product_tag-restaurant-menukaarten-de","15":"first","16":"instock","17":"taxable","18":"shipping-taxable","19":"product-type-simple"},"yoast_head":"<!-- This site is optimized with the Yoast SEO Premium plugin v27.2 (Yoast SEO v27.2) - https:\/\/yoast.com\/product\/yoast-seo-premium-wordpress\/ -->\n<title>Grain Speisekarten | Luxus-Kunstleder-Men\u00fcs von Place Add<\/title>\n<meta name=\"description\" content=\"Genarbte Speisekarten. Starke, doppelseitige Kunstleder-Men\u00fckarten mit verschiedenen Farboptionen und Druckm\u00f6glichkeiten f\u00fcr eine exklusive Pr\u00e4sentation.\" \/>\n<meta name=\"robots\" content=\"index, follow, max-snippet:-1, max-image-preview:large, max-video-preview:-1\" \/>\n<link rel=\"canonical\" href=\"https:\/\/place-add.nl\/de\/produkt\/kunstleder-grain\/\" \/>\n<meta property=\"og:locale\" content=\"de_DE\" \/>\n<meta property=\"og:type\" content=\"article\" \/>\n<meta property=\"og:title\" content=\"Kunstleder Grain\" \/>\n<meta property=\"og:description\" content=\"Genarbte Speisekarten. Starke, doppelseitige Kunstleder-Men\u00fckarten mit verschiedenen Farboptionen und Druckm\u00f6glichkeiten f\u00fcr eine exklusive Pr\u00e4sentation.\" \/>\n<meta property=\"og:url\" content=\"https:\/\/place-add.nl\/de\/produkt\/kunstleder-grain\/\" \/>\n<meta property=\"og:site_name\" content=\"Place Add\" \/>\n<meta property=\"article:publisher\" content=\"https:\/\/www.facebook.com\/PlaceAdd\/\" \/>\n<meta property=\"article:modified_time\" content=\"2026-02-25T09:33:36+00:00\" \/>\n<meta property=\"og:image\" content=\"https:\/\/place-add.nl\/wp-content\/uploads\/2024\/06\/menukaarten-kunstleder-grain.jpg\" \/>\n\t<meta property=\"og:image:width\" content=\"800\" \/>\n\t<meta property=\"og:image:height\" content=\"800\" \/>\n\t<meta property=\"og:image:type\" content=\"image\/jpeg\" \/>\n<meta name=\"twitter:card\" content=\"summary_large_image\" \/>\n<meta name=\"twitter:label1\" content=\"Gesch\u00e4tzte Lesezeit\" \/>\n\t<meta name=\"twitter:data1\" content=\"2\u00a0Minuten\" \/>\n<script type=\"application\/ld+json\" class=\"yoast-schema-graph\">{\"@context\":\"https:\/\/schema.org\",\"@graph\":[{\"@type\":\"WebPage\",\"@id\":\"https:\/\/place-add.nl\/de\/produkt\/kunstleder-grain\/\",\"url\":\"https:\/\/place-add.nl\/de\/produkt\/kunstleder-grain\/\",\"name\":\"Grain Speisekarten | Luxus-Kunstleder-Men\u00fcs von Place Add\",\"isPartOf\":{\"@id\":\"https:\/\/place-add.nl\/de\/#website\"},\"primaryImageOfPage\":{\"@id\":\"https:\/\/place-add.nl\/de\/produkt\/kunstleder-grain\/#primaryimage\"},\"image\":{\"@id\":\"https:\/\/place-add.nl\/de\/produkt\/kunstleder-grain\/#primaryimage\"},\"thumbnailUrl\":\"https:\/\/place-add.nl\/wp-content\/uploads\/2024\/06\/menukaarten-kunstleder-grain.jpg\",\"datePublished\":\"2024-06-10T12:13:26+00:00\",\"dateModified\":\"2026-02-25T09:33:36+00:00\",\"description\":\"Genarbte Speisekarten. Starke, doppelseitige Kunstleder-Men\u00fckarten mit verschiedenen Farboptionen und Druckm\u00f6glichkeiten f\u00fcr eine exklusive Pr\u00e4sentation.\",\"breadcrumb\":{\"@id\":\"https:\/\/place-add.nl\/de\/produkt\/kunstleder-grain\/#breadcrumb\"},\"inLanguage\":\"de\",\"potentialAction\":[{\"@type\":\"ReadAction\",\"target\":[\"https:\/\/place-add.nl\/de\/produkt\/kunstleder-grain\/\"]}]},{\"@type\":\"ImageObject\",\"inLanguage\":\"de\",\"@id\":\"https:\/\/place-add.nl\/de\/produkt\/kunstleder-grain\/#primaryimage\",\"url\":\"https:\/\/place-add.nl\/wp-content\/uploads\/2024\/06\/menukaarten-kunstleder-grain.jpg\",\"contentUrl\":\"https:\/\/place-add.nl\/wp-content\/uploads\/2024\/06\/menukaarten-kunstleder-grain.jpg\",\"width\":800,\"height\":800,\"caption\":\"Grain Menukaarten\"},{\"@type\":\"BreadcrumbList\",\"@id\":\"https:\/\/place-add.nl\/de\/produkt\/kunstleder-grain\/#breadcrumb\",\"itemListElement\":[{\"@type\":\"ListItem\",\"position\":1,\"name\":\"Home\",\"item\":\"https:\/\/place-add.nl\/de\/home\/\"},{\"@type\":\"ListItem\",\"position\":2,\"name\":\"Shop\",\"item\":\"https:\/\/place-add.nl\/de\/shop\/\"},{\"@type\":\"ListItem\",\"position\":3,\"name\":\"Kunstleder Grain\"}]},{\"@type\":\"WebSite\",\"@id\":\"https:\/\/place-add.nl\/de\/#website\",\"url\":\"https:\/\/place-add.nl\/de\/\",\"name\":\"Place Add\",\"description\":\"Tafelkleding voor de horeca\",\"publisher\":{\"@id\":\"https:\/\/place-add.nl\/de\/#organization\"},\"potentialAction\":[{\"@type\":\"SearchAction\",\"target\":{\"@type\":\"EntryPoint\",\"urlTemplate\":\"https:\/\/place-add.nl\/de\/?s={search_term_string}\"},\"query-input\":{\"@type\":\"PropertyValueSpecification\",\"valueRequired\":true,\"valueName\":\"search_term_string\"}}],\"inLanguage\":\"de\"},{\"@type\":\"Organization\",\"@id\":\"https:\/\/place-add.nl\/de\/#organization\",\"name\":\"Place Add\",\"url\":\"https:\/\/place-add.nl\/de\/\",\"logo\":{\"@type\":\"ImageObject\",\"inLanguage\":\"de\",\"@id\":\"https:\/\/place-add.nl\/de\/#\/schema\/logo\/image\/\",\"url\":\"https:\/\/place-add.nl\/wp-content\/uploads\/2023\/11\/logo-img-place-add.png\",\"contentUrl\":\"https:\/\/place-add.nl\/wp-content\/uploads\/2023\/11\/logo-img-place-add.png\",\"width\":404,\"height\":106,\"caption\":\"Place Add\"},\"image\":{\"@id\":\"https:\/\/place-add.nl\/de\/#\/schema\/logo\/image\/\"},\"sameAs\":[\"https:\/\/www.facebook.com\/PlaceAdd\/\",\"https:\/\/www.instagram.com\/place_add\/\",\"https:\/\/www.youtube.com\/@placeadd\"]}]}<\/script>\n<!-- \/ Yoast SEO Premium plugin. -->","yoast_head_json":{"title":"Grain Speisekarten | Luxus-Kunstleder-Men\u00fcs von Place Add","description":"Genarbte Speisekarten. Starke, doppelseitige Kunstleder-Men\u00fckarten mit verschiedenen Farboptionen und Druckm\u00f6glichkeiten f\u00fcr eine exklusive Pr\u00e4sentation.","robots":{"index":"index","follow":"follow","max-snippet":"max-snippet:-1","max-image-preview":"max-image-preview:large","max-video-preview":"max-video-preview:-1"},"canonical":"https:\/\/place-add.nl\/de\/produkt\/kunstleder-grain\/","og_locale":"de_DE","og_type":"article","og_title":"Kunstleder Grain","og_description":"Genarbte Speisekarten. Starke, doppelseitige Kunstleder-Men\u00fckarten mit verschiedenen Farboptionen und Druckm\u00f6glichkeiten f\u00fcr eine exklusive Pr\u00e4sentation.","og_url":"https:\/\/place-add.nl\/de\/produkt\/kunstleder-grain\/","og_site_name":"Place Add","article_publisher":"https:\/\/www.facebook.com\/PlaceAdd\/","article_modified_time":"2026-02-25T09:33:36+00:00","og_image":[{"width":800,"height":800,"url":"https:\/\/place-add.nl\/wp-content\/uploads\/2024\/06\/menukaarten-kunstleder-grain.jpg","type":"image\/jpeg"}],"twitter_card":"summary_large_image","twitter_misc":{"Gesch\u00e4tzte Lesezeit":"2\u00a0Minuten"},"schema":{"@context":"https:\/\/schema.org","@graph":[{"@type":"WebPage","@id":"https:\/\/place-add.nl\/de\/produkt\/kunstleder-grain\/","url":"https:\/\/place-add.nl\/de\/produkt\/kunstleder-grain\/","name":"Grain Speisekarten | Luxus-Kunstleder-Men\u00fcs von Place Add","isPartOf":{"@id":"https:\/\/place-add.nl\/de\/#website"},"primaryImageOfPage":{"@id":"https:\/\/place-add.nl\/de\/produkt\/kunstleder-grain\/#primaryimage"},"image":{"@id":"https:\/\/place-add.nl\/de\/produkt\/kunstleder-grain\/#primaryimage"},"thumbnailUrl":"https:\/\/place-add.nl\/wp-content\/uploads\/2024\/06\/menukaarten-kunstleder-grain.jpg","datePublished":"2024-06-10T12:13:26+00:00","dateModified":"2026-02-25T09:33:36+00:00","description":"Genarbte Speisekarten. Starke, doppelseitige Kunstleder-Men\u00fckarten mit verschiedenen Farboptionen und Druckm\u00f6glichkeiten f\u00fcr eine exklusive Pr\u00e4sentation.","breadcrumb":{"@id":"https:\/\/place-add.nl\/de\/produkt\/kunstleder-grain\/#breadcrumb"},"inLanguage":"de","potentialAction":[{"@type":"ReadAction","target":["https:\/\/place-add.nl\/de\/produkt\/kunstleder-grain\/"]}]},{"@type":"ImageObject","inLanguage":"de","@id":"https:\/\/place-add.nl\/de\/produkt\/kunstleder-grain\/#primaryimage","url":"https:\/\/place-add.nl\/wp-content\/uploads\/2024\/06\/menukaarten-kunstleder-grain.jpg","contentUrl":"https:\/\/place-add.nl\/wp-content\/uploads\/2024\/06\/menukaarten-kunstleder-grain.jpg","width":800,"height":800,"caption":"Grain Menukaarten"},{"@type":"BreadcrumbList","@id":"https:\/\/place-add.nl\/de\/produkt\/kunstleder-grain\/#breadcrumb","itemListElement":[{"@type":"ListItem","position":1,"name":"Home","item":"https:\/\/place-add.nl\/de\/home\/"},{"@type":"ListItem","position":2,"name":"Shop","item":"https:\/\/place-add.nl\/de\/shop\/"},{"@type":"ListItem","position":3,"name":"Kunstleder Grain"}]},{"@type":"WebSite","@id":"https:\/\/place-add.nl\/de\/#website","url":"https:\/\/place-add.nl\/de\/","name":"Place Add","description":"Tafelkleding voor de horeca","publisher":{"@id":"https:\/\/place-add.nl\/de\/#organization"},"potentialAction":[{"@type":"SearchAction","target":{"@type":"EntryPoint","urlTemplate":"https:\/\/place-add.nl\/de\/?s={search_term_string}"},"query-input":{"@type":"PropertyValueSpecification","valueRequired":true,"valueName":"search_term_string"}}],"inLanguage":"de"},{"@type":"Organization","@id":"https:\/\/place-add.nl\/de\/#organization","name":"Place Add","url":"https:\/\/place-add.nl\/de\/","logo":{"@type":"ImageObject","inLanguage":"de","@id":"https:\/\/place-add.nl\/de\/#\/schema\/logo\/image\/","url":"https:\/\/place-add.nl\/wp-content\/uploads\/2023\/11\/logo-img-place-add.png","contentUrl":"https:\/\/place-add.nl\/wp-content\/uploads\/2023\/11\/logo-img-place-add.png","width":404,"height":106,"caption":"Place Add"},"image":{"@id":"https:\/\/place-add.nl\/de\/#\/schema\/logo\/image\/"},"sameAs":["https:\/\/www.facebook.com\/PlaceAdd\/","https:\/\/www.instagram.com\/place_add\/","https:\/\/www.youtube.com\/@placeadd"]}]}},"_links":{"self":[{"href":"https:\/\/place-add.nl\/de\/wp-json\/wp\/v2\/product\/43046","targetHints":{"allow":["GET"]}}],"collection":[{"href":"https:\/\/place-add.nl\/de\/wp-json\/wp\/v2\/product"}],"about":[{"href":"https:\/\/place-add.nl\/de\/wp-json\/wp\/v2\/types\/product"}],"wp:featuredmedia":[{"embeddable":true,"href":"https:\/\/place-add.nl\/de\/wp-json\/wp\/v2\/media\/37856"}],"wp:attachment":[{"href":"https:\/\/place-add.nl\/de\/wp-json\/wp\/v2\/media?parent=43046"}],"wp:term":[{"taxonomy":"product_brand","embeddable":true,"href":"https:\/\/place-add.nl\/de\/wp-json\/wp\/v2\/product_brand?post=43046"},{"taxonomy":"product_cat","embeddable":true,"href":"https:\/\/place-add.nl\/de\/wp-json\/wp\/v2\/product_cat?post=43046"},{"taxonomy":"product_tag","embeddable":true,"href":"https:\/\/place-add.nl\/de\/wp-json\/wp\/v2\/product_tag?post=43046"}],"curies":[{"name":"wp","href":"https:\/\/api.w.org\/{rel}","templated":true}]}}