{"id":43054,"date":"2024-06-10T12:22:11","date_gmt":"2024-06-10T12:22:11","guid":{"rendered":"https:\/\/place-add.nl\/product\/metallic-linnen-menukaarten\/"},"modified":"2025-08-27T10:28:42","modified_gmt":"2025-08-27T10:28:42","slug":"metallic-leinen-speisekarten","status":"publish","type":"product","link":"https:\/\/place-add.nl\/de\/produkt\/metallic-leinen-speisekarten\/","title":{"rendered":"Metallic"},"content":{"rendered":"<p><strong>Metallic Leinen Speisekarten<\/strong> verbinden eine beeindruckende Glanzoptik mit der Haltbarkeit und Qualit\u00e4t, die Ihre Gastronomie verdient. Gefertigt aus <strong>hochwertigem Buchbinderleinen in bester \u201eChromo\u201c-Qualit\u00e4t<\/strong> bieten diese Speisekarten eine moderne und auffallende Pr\u00e4sentation, die zu einer Vielzahl von Einrichtungsstilen passt. Der Metallic-Look verleiht Ihrer Men\u00fcdarstellung einen Hauch von Luxus, w\u00e4hrend das robuste Material auch bei intensiver Nutzung einen langanhaltenden Schutz bietet.<\/p>\n<p>Mit unserem klaren Fokus auf erstklassige Qualit\u00e4t verwenden wir ausschlie\u00dflich Leinen h\u00f6chster Qualit\u00e4t. Diese Premium-Veredelung garantiert nicht nur einen sch\u00f6nen Glanz, sondern auch au\u00dfergew\u00f6hnliche Langlebigkeit. Ihre Metallic Linen-Speisekarten sehen Tag f\u00fcr Tag gut aus, selbst bei h\u00e4ufigem Gebrauch. Die besondere Kombination aus Glanz und Leinenstruktur verleiht Ihren Speisekarten ein einzigartiges, edles Erscheinungsbild, das die Aufmerksamkeit Ihrer G\u00e4ste sofort auf sich zieht.<\/p>\n<p>Metallic <strong>Leinen Speisekarten<\/strong> sind in verschiedenen Formaten erh\u00e4ltlich, sodass Sie stets das ideale Format f\u00fcr Ihre gew\u00fcnschte Pr\u00e4sentation finden:<\/p>\n<ul>\n<li><strong>A4<\/strong><\/li>\n<li><strong>A4 XL<\/strong><\/li>\n<li><strong>A4 Quadrat<\/strong><\/li>\n<li><strong>A4 Schmal<\/strong><\/li>\n<li><strong>A4 Halb<\/strong><\/li>\n<li><strong>A5<\/strong><\/li>\n<\/ul>\n<p>Dank dieser Vielfalt an Formaten k\u00f6nnen Sie Ihre Speisekarten perfekt an Ihr Men\u00fc anpassen, egal ob Sie eine kompakte oder eine umfangreichere Speisekarte bevorzugen.<\/p>\n<p>F\u00fcr eine zus\u00e4tzliche pers\u00f6nliche Note bieten wir auch die M\u00f6glichkeit der Individualisierung, etwa durch das Aufdrucken Ihres Logos. Damit stellen Sie sicher, dass Ihre Speisekarten die Identit\u00e4t und Atmosph\u00e4re Ihres Unternehmens widerspiegeln.<\/p>\n<p>Vervollst\u00e4ndigen Sie das Set mit einer passenden <strong><a href=\"https:\/\/place-add.nl\/de\/speisekarten\/speisekarten-nach-mass\/rechnungsordner\/\">Rechnungsmappe<\/a><\/strong>!<\/p>\n<p>Brauchen Sie kurzfristig Speisekarten? Besuchen Sie unsere zweite Website, <strong><a href=\"https:\/\/www.craftontable.com\/collections\">Craftontable.com<\/a><\/strong>, f\u00fcr Speisekarten mit etwas weniger Personalisierungsm\u00f6glichkeiten, jedoch schnellerer Lieferzeit.<\/p>\n<p><strong>Wenn Sie pers\u00f6nliche Beratung bei der Auswahl der richtigen Speisekarten w\u00fcnschen, steht Ihnen unser engagiertes Team jederzeit zur Verf\u00fcgung. Wir helfen Ihnen gerne dabei, die perfekte Wahl f\u00fcr Ihr Unternehmen zu treffen und Ihre Speisekarten zu einem integralen Bestandteil Ihrer Pr\u00e4sentation zu machen.<\/strong><\/p>\n","protected":false},"excerpt":{"rendered":"<p>Unsere <strong>Speisekarten aus Leinen<\/strong> mit modernem \u201eMetallic-Look\u201c bieten eine einzigartige Kombination aus Glanz, Stil und Haltbarkeit. Aus hochwertigem Buchbinderleinen gefertigt, sind diese Speisekarten perfekt f\u00fcr alle, die eine zeitgem\u00e4\u00dfe und auff\u00e4llige Men\u00fcpr\u00e4sentation suchen.<\/p>\n<p><strong>Warum sollten Sie sich f\u00fcr Speisekarten aus Leinen im Metallic-Look entscheiden?<\/strong><\/p>\n<ul>\n<li><strong>Modernes Erscheinungsbild<\/strong>: Der metallische und gl\u00e4nzende Effekt der \u201eMetallic-Look\u201c-Variante verleiht Ihren Speisekarten einen modernen und trendigen Look.<\/li>\n<li><strong>Hohe Qualit\u00e4t<\/strong>: Hergestellt aus feinstem Buchbinderleinen der Qualit\u00e4t Chromo\u201c, einer Mischung aus 50 % Baumwolle und 50 % Polyester, f\u00fcr einen robusten und langlebigen Einband.<\/li>\n<li><strong>Leicht sauber zu halten<\/strong>: Durch die Kombination von Baumwolle und Polyester ist das Material leicht zu reinigen.<\/li>\n<\/ul>\n<p><strong>Erstellen Sie Ihr eigenes Men\u00fc im Konfigurator und sehen Sie sofort, welche Farben m\u00f6glich sind<\/strong><\/p>\n<h6><a class=\"button-custom-product\" style=\"font-size: 16px;\" href=\"https:\/\/place-add.nl\/de\/speisekarten\/speisekarten-nach-mass\/leinen-speisekaarten\/konfigurator-leinen-metallic-a4\/\" target=\"_blank\" rel=\"noopener\">A4<\/a><span style=\"font-size: 16px;\">\u00a0<\/span><a class=\"button-custom-product\" style=\"font-size: 16px;\" href=\"https:\/\/place-add.nl\/de\/speisekarten\/speisekarten-nach-mass\/leinen-speisekaarten\/konfigurator-leinen-metallic-a4-schmal\/\" target=\"_blank\" rel=\"noopener\">A4S<\/a> <a class=\"button-custom-product\" style=\"font-size: 16px;\" href=\"https:\/\/place-add.nl\/de\/speisekarten\/speisekarten-nach-mass\/leinen-speisekaarten\/konfigurator-leinen-metallic-a4-quadrat\/\" target=\"_blank\" rel=\"noopener\">A4Q<\/a> <a class=\"button-custom-product\" style=\"font-size: 16px;\" href=\"https:\/\/place-add.nl\/de\/speisekarten\/speisekarten-nach-mass\/leinen-speisekaarten\/konfigurator-leinen-metallic-a4-halb\/\" target=\"_blank\" rel=\"noopener\">A4H<\/a> <a class=\"button-custom-product\" style=\"font-size: 16px;\" href=\"https:\/\/place-add.nl\/de\/speisekarten\/speisekarten-nach-mass\/leinen-speisekaarten\/konfigurator-leinen-metallic-a5\/\" target=\"_blank\" rel=\"noopener\">A5<\/a><\/h6>\n<div class=\"button-container\">\n<div style=\"float: left;\"><button id=\"knop-contact-opnemen-de\">Kontaktieren Sie uns unverbindlich<\/button><\/div>\n<\/div>\n","protected":false},"featured_media":37830,"template":"","meta":[],"product_brand":[],"product_cat":[1424],"product_tag":[1198,1199,1200,1201,1202,1203,1158],"class_list":{"0":"post-43054","1":"product","2":"type-product","3":"status-publish","4":"has-post-thumbnail","6":"product_cat-leinen","7":"product_tag-maatwerk-menukaarten-de","8":"product_tag-menukaarten-de","9":"product_tag-menukaarten-horeca-de","10":"product_tag-menukaarten-kopen-de","11":"product_tag-menukaarten-op-maat-de","12":"product_tag-restaurant-menukaarten-de","13":"product_tag-speisekarten-aus-metallic-leinen","15":"first","16":"instock","17":"taxable","18":"shipping-taxable","19":"product-type-simple"},"yoast_head":"<!-- This site is optimized with the Yoast SEO Premium plugin v27.2 (Yoast SEO v27.2) - https:\/\/yoast.com\/product\/yoast-seo-premium-wordpress\/ -->\n<title>Metallic Leinen Speisekarten | Bei Place Add erh\u00e4ltlich<\/title>\n<meta name=\"description\" content=\"Metallic Leinen Speisekarten gl\u00e4nzend, stilvoll und langlebig. Hergestellt aus hochwertigem buchbinderischem Leinen f\u00fcr eine zeitgem\u00e4\u00dfe Pr\u00e4sentation.\" \/>\n<meta name=\"robots\" content=\"index, follow, max-snippet:-1, max-image-preview:large, max-video-preview:-1\" \/>\n<link rel=\"canonical\" href=\"https:\/\/place-add.nl\/de\/produkt\/metallic-leinen-speisekarten\/\" \/>\n<meta property=\"og:locale\" content=\"de_DE\" \/>\n<meta property=\"og:type\" content=\"article\" \/>\n<meta property=\"og:title\" content=\"Metallic\" \/>\n<meta property=\"og:description\" content=\"Metallic Leinen Speisekarten gl\u00e4nzend, stilvoll und langlebig. Hergestellt aus hochwertigem buchbinderischem Leinen f\u00fcr eine zeitgem\u00e4\u00dfe Pr\u00e4sentation.\" \/>\n<meta property=\"og:url\" content=\"https:\/\/place-add.nl\/de\/produkt\/metallic-leinen-speisekarten\/\" \/>\n<meta property=\"og:site_name\" content=\"Place Add\" \/>\n<meta property=\"article:publisher\" content=\"https:\/\/www.facebook.com\/PlaceAdd\/\" \/>\n<meta property=\"article:modified_time\" content=\"2025-08-27T10:28:42+00:00\" \/>\n<meta property=\"og:image\" content=\"https:\/\/place-add.nl\/wp-content\/uploads\/2024\/06\/TN-LINNEN-METALLIC-MENUKAARTEN.jpg\" \/>\n\t<meta property=\"og:image:width\" content=\"800\" \/>\n\t<meta property=\"og:image:height\" content=\"800\" \/>\n\t<meta property=\"og:image:type\" content=\"image\/jpeg\" \/>\n<meta name=\"twitter:card\" content=\"summary_large_image\" \/>\n<meta name=\"twitter:label1\" content=\"Gesch\u00e4tzte Lesezeit\" \/>\n\t<meta name=\"twitter:data1\" content=\"2\u00a0Minuten\" \/>\n<script type=\"application\/ld+json\" class=\"yoast-schema-graph\">{\"@context\":\"https:\/\/schema.org\",\"@graph\":[{\"@type\":\"WebPage\",\"@id\":\"https:\/\/place-add.nl\/de\/produkt\/metallic-leinen-speisekarten\/\",\"url\":\"https:\/\/place-add.nl\/de\/produkt\/metallic-leinen-speisekarten\/\",\"name\":\"Metallic Leinen Speisekarten | Bei Place Add erh\u00e4ltlich\",\"isPartOf\":{\"@id\":\"https:\/\/place-add.nl\/de\/#website\"},\"primaryImageOfPage\":{\"@id\":\"https:\/\/place-add.nl\/de\/produkt\/metallic-leinen-speisekarten\/#primaryimage\"},\"image\":{\"@id\":\"https:\/\/place-add.nl\/de\/produkt\/metallic-leinen-speisekarten\/#primaryimage\"},\"thumbnailUrl\":\"https:\/\/place-add.nl\/wp-content\/uploads\/2024\/06\/TN-LINNEN-METALLIC-MENUKAARTEN.jpg\",\"datePublished\":\"2024-06-10T12:22:11+00:00\",\"dateModified\":\"2025-08-27T10:28:42+00:00\",\"description\":\"Metallic Leinen Speisekarten gl\u00e4nzend, stilvoll und langlebig. Hergestellt aus hochwertigem buchbinderischem Leinen f\u00fcr eine zeitgem\u00e4\u00dfe Pr\u00e4sentation.\",\"breadcrumb\":{\"@id\":\"https:\/\/place-add.nl\/de\/produkt\/metallic-leinen-speisekarten\/#breadcrumb\"},\"inLanguage\":\"de\",\"potentialAction\":[{\"@type\":\"ReadAction\",\"target\":[\"https:\/\/place-add.nl\/de\/produkt\/metallic-leinen-speisekarten\/\"]}]},{\"@type\":\"ImageObject\",\"inLanguage\":\"de\",\"@id\":\"https:\/\/place-add.nl\/de\/produkt\/metallic-leinen-speisekarten\/#primaryimage\",\"url\":\"https:\/\/place-add.nl\/wp-content\/uploads\/2024\/06\/TN-LINNEN-METALLIC-MENUKAARTEN.jpg\",\"contentUrl\":\"https:\/\/place-add.nl\/wp-content\/uploads\/2024\/06\/TN-LINNEN-METALLIC-MENUKAARTEN.jpg\",\"width\":800,\"height\":800,\"caption\":\"Metallic Linnen Menukaarten\"},{\"@type\":\"BreadcrumbList\",\"@id\":\"https:\/\/place-add.nl\/de\/produkt\/metallic-leinen-speisekarten\/#breadcrumb\",\"itemListElement\":[{\"@type\":\"ListItem\",\"position\":1,\"name\":\"Home\",\"item\":\"https:\/\/place-add.nl\/de\/home\/\"},{\"@type\":\"ListItem\",\"position\":2,\"name\":\"Shop\",\"item\":\"https:\/\/place-add.nl\/de\/shop\/\"},{\"@type\":\"ListItem\",\"position\":3,\"name\":\"Metallic\"}]},{\"@type\":\"WebSite\",\"@id\":\"https:\/\/place-add.nl\/de\/#website\",\"url\":\"https:\/\/place-add.nl\/de\/\",\"name\":\"Place Add\",\"description\":\"Tafelkleding voor de horeca\",\"publisher\":{\"@id\":\"https:\/\/place-add.nl\/de\/#organization\"},\"potentialAction\":[{\"@type\":\"SearchAction\",\"target\":{\"@type\":\"EntryPoint\",\"urlTemplate\":\"https:\/\/place-add.nl\/de\/?s={search_term_string}\"},\"query-input\":{\"@type\":\"PropertyValueSpecification\",\"valueRequired\":true,\"valueName\":\"search_term_string\"}}],\"inLanguage\":\"de\"},{\"@type\":\"Organization\",\"@id\":\"https:\/\/place-add.nl\/de\/#organization\",\"name\":\"Place Add\",\"url\":\"https:\/\/place-add.nl\/de\/\",\"logo\":{\"@type\":\"ImageObject\",\"inLanguage\":\"de\",\"@id\":\"https:\/\/place-add.nl\/de\/#\/schema\/logo\/image\/\",\"url\":\"https:\/\/place-add.nl\/wp-content\/uploads\/2023\/11\/logo-img-place-add.png\",\"contentUrl\":\"https:\/\/place-add.nl\/wp-content\/uploads\/2023\/11\/logo-img-place-add.png\",\"width\":404,\"height\":106,\"caption\":\"Place Add\"},\"image\":{\"@id\":\"https:\/\/place-add.nl\/de\/#\/schema\/logo\/image\/\"},\"sameAs\":[\"https:\/\/www.facebook.com\/PlaceAdd\/\",\"https:\/\/www.instagram.com\/place_add\/\",\"https:\/\/www.youtube.com\/@placeadd\"]}]}<\/script>\n<!-- \/ Yoast SEO Premium plugin. -->","yoast_head_json":{"title":"Metallic Leinen Speisekarten | Bei Place Add erh\u00e4ltlich","description":"Metallic Leinen Speisekarten gl\u00e4nzend, stilvoll und langlebig. Hergestellt aus hochwertigem buchbinderischem Leinen f\u00fcr eine zeitgem\u00e4\u00dfe Pr\u00e4sentation.","robots":{"index":"index","follow":"follow","max-snippet":"max-snippet:-1","max-image-preview":"max-image-preview:large","max-video-preview":"max-video-preview:-1"},"canonical":"https:\/\/place-add.nl\/de\/produkt\/metallic-leinen-speisekarten\/","og_locale":"de_DE","og_type":"article","og_title":"Metallic","og_description":"Metallic Leinen Speisekarten gl\u00e4nzend, stilvoll und langlebig. Hergestellt aus hochwertigem buchbinderischem Leinen f\u00fcr eine zeitgem\u00e4\u00dfe Pr\u00e4sentation.","og_url":"https:\/\/place-add.nl\/de\/produkt\/metallic-leinen-speisekarten\/","og_site_name":"Place Add","article_publisher":"https:\/\/www.facebook.com\/PlaceAdd\/","article_modified_time":"2025-08-27T10:28:42+00:00","og_image":[{"width":800,"height":800,"url":"https:\/\/place-add.nl\/wp-content\/uploads\/2024\/06\/TN-LINNEN-METALLIC-MENUKAARTEN.jpg","type":"image\/jpeg"}],"twitter_card":"summary_large_image","twitter_misc":{"Gesch\u00e4tzte Lesezeit":"2\u00a0Minuten"},"schema":{"@context":"https:\/\/schema.org","@graph":[{"@type":"WebPage","@id":"https:\/\/place-add.nl\/de\/produkt\/metallic-leinen-speisekarten\/","url":"https:\/\/place-add.nl\/de\/produkt\/metallic-leinen-speisekarten\/","name":"Metallic Leinen Speisekarten | Bei Place Add erh\u00e4ltlich","isPartOf":{"@id":"https:\/\/place-add.nl\/de\/#website"},"primaryImageOfPage":{"@id":"https:\/\/place-add.nl\/de\/produkt\/metallic-leinen-speisekarten\/#primaryimage"},"image":{"@id":"https:\/\/place-add.nl\/de\/produkt\/metallic-leinen-speisekarten\/#primaryimage"},"thumbnailUrl":"https:\/\/place-add.nl\/wp-content\/uploads\/2024\/06\/TN-LINNEN-METALLIC-MENUKAARTEN.jpg","datePublished":"2024-06-10T12:22:11+00:00","dateModified":"2025-08-27T10:28:42+00:00","description":"Metallic Leinen Speisekarten gl\u00e4nzend, stilvoll und langlebig. Hergestellt aus hochwertigem buchbinderischem Leinen f\u00fcr eine zeitgem\u00e4\u00dfe Pr\u00e4sentation.","breadcrumb":{"@id":"https:\/\/place-add.nl\/de\/produkt\/metallic-leinen-speisekarten\/#breadcrumb"},"inLanguage":"de","potentialAction":[{"@type":"ReadAction","target":["https:\/\/place-add.nl\/de\/produkt\/metallic-leinen-speisekarten\/"]}]},{"@type":"ImageObject","inLanguage":"de","@id":"https:\/\/place-add.nl\/de\/produkt\/metallic-leinen-speisekarten\/#primaryimage","url":"https:\/\/place-add.nl\/wp-content\/uploads\/2024\/06\/TN-LINNEN-METALLIC-MENUKAARTEN.jpg","contentUrl":"https:\/\/place-add.nl\/wp-content\/uploads\/2024\/06\/TN-LINNEN-METALLIC-MENUKAARTEN.jpg","width":800,"height":800,"caption":"Metallic Linnen Menukaarten"},{"@type":"BreadcrumbList","@id":"https:\/\/place-add.nl\/de\/produkt\/metallic-leinen-speisekarten\/#breadcrumb","itemListElement":[{"@type":"ListItem","position":1,"name":"Home","item":"https:\/\/place-add.nl\/de\/home\/"},{"@type":"ListItem","position":2,"name":"Shop","item":"https:\/\/place-add.nl\/de\/shop\/"},{"@type":"ListItem","position":3,"name":"Metallic"}]},{"@type":"WebSite","@id":"https:\/\/place-add.nl\/de\/#website","url":"https:\/\/place-add.nl\/de\/","name":"Place Add","description":"Tafelkleding voor de horeca","publisher":{"@id":"https:\/\/place-add.nl\/de\/#organization"},"potentialAction":[{"@type":"SearchAction","target":{"@type":"EntryPoint","urlTemplate":"https:\/\/place-add.nl\/de\/?s={search_term_string}"},"query-input":{"@type":"PropertyValueSpecification","valueRequired":true,"valueName":"search_term_string"}}],"inLanguage":"de"},{"@type":"Organization","@id":"https:\/\/place-add.nl\/de\/#organization","name":"Place Add","url":"https:\/\/place-add.nl\/de\/","logo":{"@type":"ImageObject","inLanguage":"de","@id":"https:\/\/place-add.nl\/de\/#\/schema\/logo\/image\/","url":"https:\/\/place-add.nl\/wp-content\/uploads\/2023\/11\/logo-img-place-add.png","contentUrl":"https:\/\/place-add.nl\/wp-content\/uploads\/2023\/11\/logo-img-place-add.png","width":404,"height":106,"caption":"Place Add"},"image":{"@id":"https:\/\/place-add.nl\/de\/#\/schema\/logo\/image\/"},"sameAs":["https:\/\/www.facebook.com\/PlaceAdd\/","https:\/\/www.instagram.com\/place_add\/","https:\/\/www.youtube.com\/@placeadd"]}]}},"_links":{"self":[{"href":"https:\/\/place-add.nl\/de\/wp-json\/wp\/v2\/product\/43054","targetHints":{"allow":["GET"]}}],"collection":[{"href":"https:\/\/place-add.nl\/de\/wp-json\/wp\/v2\/product"}],"about":[{"href":"https:\/\/place-add.nl\/de\/wp-json\/wp\/v2\/types\/product"}],"wp:featuredmedia":[{"embeddable":true,"href":"https:\/\/place-add.nl\/de\/wp-json\/wp\/v2\/media\/37830"}],"wp:attachment":[{"href":"https:\/\/place-add.nl\/de\/wp-json\/wp\/v2\/media?parent=43054"}],"wp:term":[{"taxonomy":"product_brand","embeddable":true,"href":"https:\/\/place-add.nl\/de\/wp-json\/wp\/v2\/product_brand?post=43054"},{"taxonomy":"product_cat","embeddable":true,"href":"https:\/\/place-add.nl\/de\/wp-json\/wp\/v2\/product_cat?post=43054"},{"taxonomy":"product_tag","embeddable":true,"href":"https:\/\/place-add.nl\/de\/wp-json\/wp\/v2\/product_tag?post=43054"}],"curies":[{"name":"wp","href":"https:\/\/api.w.org\/{rel}","templated":true}]}}